{"id":189,"date":"2024-03-19T09:33:55","date_gmt":"2024-03-19T12:33:55","guid":{"rendered":"https:\/\/medicina.udd.cl\/centro-estudios-clinicos\/?page_id=189"},"modified":"2025-06-04T17:20:56","modified_gmt":"2025-06-04T21:20:56","slug":"lgastroenterologia","status":"publish","type":"page","link":"https:\/\/medicina.udd.cl\/centro-estudios-clinicos\/lineas-de-investigacion\/lgastroenterologia\/","title":{"rendered":"Gastroenterolog\u00eda"},"content":{"rendered":"\n<h2 class=\"wp-block-heading\">DELIVER&nbsp;<\/h2>\n\n\n\n<figure class=\"wp-block-image size-full\"><a href=\"https:\/\/www.mdpi.com\/2227-9059\/11\/11\/2957\"><img loading=\"lazy\" decoding=\"async\" width=\"868\" height=\"482\" src=\"https:\/\/medicina.udd.cl\/centro-estudios-clinicos\/files\/2025\/06\/deliver_cec.png\" alt=\"\" class=\"wp-image-712\" srcset=\"https:\/\/medicina.udd.cl\/centro-estudios-clinicos\/files\/2025\/06\/deliver_cec.png 868w, https:\/\/medicina.udd.cl\/centro-estudios-clinicos\/files\/2025\/06\/deliver_cec-300x167.png 300w, https:\/\/medicina.udd.cl\/centro-estudios-clinicos\/files\/2025\/06\/deliver_cec-768x426.png 768w\" sizes=\"auto, (max-width: 868px) 100vw, 868px\" \/><\/a><\/figure>\n\n\n\n<p><strong>VER ENLACE DE LA PUBLICACI\u00d3N<\/strong><\/p>\n\n\n\n<ul class=\"wp-block-list\">\n<li><a href=\"https:\/\/www.mdpi.com\/2227-9059\/11\/11\/2957\"><strong>Exogenous Volatile Organic Compound (EVOC) Breath Testing Maximizes Classification Performance for<\/strong> <strong>Subjects with Cirrhosis and Reveals Signs of Portal Hypertension.<\/strong> <strong>Biomedicines. 2023 Nov 1;11(11):2957<\/strong><\/a><\/li>\n<\/ul>\n","protected":false},"excerpt":{"rendered":"<p>DELIVER&nbsp; VER ENLACE DE LA PUBLICACI\u00d3N<\/p>\n","protected":false},"author":9192254,"featured_media":0,"parent":534,"menu_order":0,"comment_status":"closed","ping_status":"closed","template":"","meta":{"footnotes":""},"class_list":["post-189","page","type-page","status-publish","hentry"],"yoast_head":"<!-- This site is optimized with the Yoast SEO plugin v26.9 - https:\/\/yoast.com\/product\/yoast-seo-wordpress\/ -->\n<title>Gastroenterolog\u00eda - Centro de Estudios Cl\u00ednicos<\/title>\n<meta name=\"robots\" content=\"index, follow, max-snippet:-1, max-image-preview:large, max-video-preview:-1\" \/>\n<link rel=\"canonical\" href=\"https:\/\/medicina.udd.cl\/centro-estudios-clinicos\/lineas-de-investigacion\/lgastroenterologia\/\" \/>\n<meta property=\"og:locale\" content=\"es_ES\" \/>\n<meta property=\"og:type\" content=\"article\" \/>\n<meta property=\"og:title\" content=\"Gastroenterolog\u00eda - Centro de Estudios Cl\u00ednicos\" \/>\n<meta property=\"og:description\" content=\"DELIVER&nbsp; VER ENLACE DE LA PUBLICACI\u00d3N\" \/>\n<meta property=\"og:url\" content=\"https:\/\/medicina.udd.cl\/centro-estudios-clinicos\/lineas-de-investigacion\/lgastroenterologia\/\" \/>\n<meta property=\"og:site_name\" content=\"Centro de Estudios Cl\u00ednicos\" \/>\n<meta property=\"article:modified_time\" content=\"2025-06-04T21:20:56+00:00\" \/>\n<meta property=\"og:image\" content=\"https:\/\/medicina.udd.cl\/centro-estudios-clinicos\/files\/2025\/06\/deliver_cec.png\" \/>\n<meta name=\"twitter:card\" content=\"summary_large_image\" \/>\n<meta name=\"twitter:label1\" content=\"Tiempo de lectura\" \/>\n\t<meta name=\"twitter:data1\" content=\"1 minuto\" \/>\n<script type=\"application\/ld+json\" class=\"yoast-schema-graph\">{\"@context\":\"https:\/\/schema.org\",\"@graph\":[{\"@type\":\"WebPage\",\"@id\":\"https:\/\/medicina.udd.cl\/centro-estudios-clinicos\/lineas-de-investigacion\/lgastroenterologia\/\",\"url\":\"https:\/\/medicina.udd.cl\/centro-estudios-clinicos\/lineas-de-investigacion\/lgastroenterologia\/\",\"name\":\"Gastroenterolog\u00eda - Centro de Estudios Cl\u00ednicos\",\"isPartOf\":{\"@id\":\"https:\/\/medicina.udd.cl\/centro-estudios-clinicos\/#website\"},\"primaryImageOfPage\":{\"@id\":\"https:\/\/medicina.udd.cl\/centro-estudios-clinicos\/lineas-de-investigacion\/lgastroenterologia\/#primaryimage\"},\"image\":{\"@id\":\"https:\/\/medicina.udd.cl\/centro-estudios-clinicos\/lineas-de-investigacion\/lgastroenterologia\/#primaryimage\"},\"thumbnailUrl\":\"https:\/\/medicina.udd.cl\/centro-estudios-clinicos\/files\/2025\/06\/deliver_cec.png\",\"datePublished\":\"2024-03-19T12:33:55+00:00\",\"dateModified\":\"2025-06-04T21:20:56+00:00\",\"breadcrumb\":{\"@id\":\"https:\/\/medicina.udd.cl\/centro-estudios-clinicos\/lineas-de-investigacion\/lgastroenterologia\/#breadcrumb\"},\"inLanguage\":\"es\",\"potentialAction\":[{\"@type\":\"ReadAction\",\"target\":[\"https:\/\/medicina.udd.cl\/centro-estudios-clinicos\/lineas-de-investigacion\/lgastroenterologia\/\"]}]},{\"@type\":\"ImageObject\",\"inLanguage\":\"es\",\"@id\":\"https:\/\/medicina.udd.cl\/centro-estudios-clinicos\/lineas-de-investigacion\/lgastroenterologia\/#primaryimage\",\"url\":\"https:\/\/medicina.udd.cl\/centro-estudios-clinicos\/files\/2025\/06\/deliver_cec.png\",\"contentUrl\":\"https:\/\/medicina.udd.cl\/centro-estudios-clinicos\/files\/2025\/06\/deliver_cec.png\",\"width\":868,\"height\":482},{\"@type\":\"BreadcrumbList\",\"@id\":\"https:\/\/medicina.udd.cl\/centro-estudios-clinicos\/lineas-de-investigacion\/lgastroenterologia\/#breadcrumb\",\"itemListElement\":[{\"@type\":\"ListItem\",\"position\":1,\"name\":\"Portada\",\"item\":\"https:\/\/medicina.udd.cl\/centro-estudios-clinicos\/\"},{\"@type\":\"ListItem\",\"position\":2,\"name\":\"L\u00edneas de Investigaci\u00f3n\",\"item\":\"https:\/\/medicina.udd.cl\/centro-estudios-clinicos\/lineas-de-investigacion\/\"},{\"@type\":\"ListItem\",\"position\":3,\"name\":\"Gastroenterolog\u00eda\"}]},{\"@type\":\"WebSite\",\"@id\":\"https:\/\/medicina.udd.cl\/centro-estudios-clinicos\/#website\",\"url\":\"https:\/\/medicina.udd.cl\/centro-estudios-clinicos\/\",\"name\":\"Centro de Estudios Cl\u00ednicos\",\"description\":\"Facultad de Medicina Cl\u00ednica Alemana Universidad del Desarrollo\",\"inLanguage\":\"es\"}]}<\/script>\n<!-- \/ Yoast SEO plugin. -->","yoast_head_json":{"title":"Gastroenterolog\u00eda - Centro de Estudios Cl\u00ednicos","robots":{"index":"index","follow":"follow","max-snippet":"max-snippet:-1","max-image-preview":"max-image-preview:large","max-video-preview":"max-video-preview:-1"},"canonical":"https:\/\/medicina.udd.cl\/centro-estudios-clinicos\/lineas-de-investigacion\/lgastroenterologia\/","og_locale":"es_ES","og_type":"article","og_title":"Gastroenterolog\u00eda - Centro de Estudios Cl\u00ednicos","og_description":"DELIVER&nbsp; VER ENLACE DE LA PUBLICACI\u00d3N","og_url":"https:\/\/medicina.udd.cl\/centro-estudios-clinicos\/lineas-de-investigacion\/lgastroenterologia\/","og_site_name":"Centro de Estudios Cl\u00ednicos","article_modified_time":"2025-06-04T21:20:56+00:00","og_image":[{"url":"https:\/\/medicina.udd.cl\/centro-estudios-clinicos\/files\/2025\/06\/deliver_cec.png","type":"","width":"","height":""}],"twitter_card":"summary_large_image","twitter_misc":{"Tiempo de lectura":"1 minuto"},"schema":{"@context":"https:\/\/schema.org","@graph":[{"@type":"WebPage","@id":"https:\/\/medicina.udd.cl\/centro-estudios-clinicos\/lineas-de-investigacion\/lgastroenterologia\/","url":"https:\/\/medicina.udd.cl\/centro-estudios-clinicos\/lineas-de-investigacion\/lgastroenterologia\/","name":"Gastroenterolog\u00eda - Centro de Estudios Cl\u00ednicos","isPartOf":{"@id":"https:\/\/medicina.udd.cl\/centro-estudios-clinicos\/#website"},"primaryImageOfPage":{"@id":"https:\/\/medicina.udd.cl\/centro-estudios-clinicos\/lineas-de-investigacion\/lgastroenterologia\/#primaryimage"},"image":{"@id":"https:\/\/medicina.udd.cl\/centro-estudios-clinicos\/lineas-de-investigacion\/lgastroenterologia\/#primaryimage"},"thumbnailUrl":"https:\/\/medicina.udd.cl\/centro-estudios-clinicos\/files\/2025\/06\/deliver_cec.png","datePublished":"2024-03-19T12:33:55+00:00","dateModified":"2025-06-04T21:20:56+00:00","breadcrumb":{"@id":"https:\/\/medicina.udd.cl\/centro-estudios-clinicos\/lineas-de-investigacion\/lgastroenterologia\/#breadcrumb"},"inLanguage":"es","potentialAction":[{"@type":"ReadAction","target":["https:\/\/medicina.udd.cl\/centro-estudios-clinicos\/lineas-de-investigacion\/lgastroenterologia\/"]}]},{"@type":"ImageObject","inLanguage":"es","@id":"https:\/\/medicina.udd.cl\/centro-estudios-clinicos\/lineas-de-investigacion\/lgastroenterologia\/#primaryimage","url":"https:\/\/medicina.udd.cl\/centro-estudios-clinicos\/files\/2025\/06\/deliver_cec.png","contentUrl":"https:\/\/medicina.udd.cl\/centro-estudios-clinicos\/files\/2025\/06\/deliver_cec.png","width":868,"height":482},{"@type":"BreadcrumbList","@id":"https:\/\/medicina.udd.cl\/centro-estudios-clinicos\/lineas-de-investigacion\/lgastroenterologia\/#breadcrumb","itemListElement":[{"@type":"ListItem","position":1,"name":"Portada","item":"https:\/\/medicina.udd.cl\/centro-estudios-clinicos\/"},{"@type":"ListItem","position":2,"name":"L\u00edneas de Investigaci\u00f3n","item":"https:\/\/medicina.udd.cl\/centro-estudios-clinicos\/lineas-de-investigacion\/"},{"@type":"ListItem","position":3,"name":"Gastroenterolog\u00eda"}]},{"@type":"WebSite","@id":"https:\/\/medicina.udd.cl\/centro-estudios-clinicos\/#website","url":"https:\/\/medicina.udd.cl\/centro-estudios-clinicos\/","name":"Centro de Estudios Cl\u00ednicos","description":"Facultad de Medicina Cl\u00ednica Alemana Universidad del Desarrollo","inLanguage":"es"}]}},"_links":{"self":[{"href":"https:\/\/medicina.udd.cl\/centro-estudios-clinicos\/wp-json\/wp\/v2\/pages\/189","targetHints":{"allow":["GET"]}}],"collection":[{"href":"https:\/\/medicina.udd.cl\/centro-estudios-clinicos\/wp-json\/wp\/v2\/pages"}],"about":[{"href":"https:\/\/medicina.udd.cl\/centro-estudios-clinicos\/wp-json\/wp\/v2\/types\/page"}],"author":[{"embeddable":true,"href":"https:\/\/medicina.udd.cl\/centro-estudios-clinicos\/wp-json\/wp\/v2\/users\/9192254"}],"replies":[{"embeddable":true,"href":"https:\/\/medicina.udd.cl\/centro-estudios-clinicos\/wp-json\/wp\/v2\/comments?post=189"}],"version-history":[{"count":6,"href":"https:\/\/medicina.udd.cl\/centro-estudios-clinicos\/wp-json\/wp\/v2\/pages\/189\/revisions"}],"predecessor-version":[{"id":763,"href":"https:\/\/medicina.udd.cl\/centro-estudios-clinicos\/wp-json\/wp\/v2\/pages\/189\/revisions\/763"}],"up":[{"embeddable":true,"href":"https:\/\/medicina.udd.cl\/centro-estudios-clinicos\/wp-json\/wp\/v2\/pages\/534"}],"wp:attachment":[{"href":"https:\/\/medicina.udd.cl\/centro-estudios-clinicos\/wp-json\/wp\/v2\/media?parent=189"}],"curies":[{"name":"wp","href":"https:\/\/api.w.org\/{rel}","templated":true}]}}