{"id":252,"date":"2024-03-19T11:24:19","date_gmt":"2024-03-19T14:24:19","guid":{"rendered":"https:\/\/medicina.udd.cl\/centro-estudios-clinicos\/?page_id=252"},"modified":"2025-06-02T17:16:08","modified_gmt":"2025-06-02T21:16:08","slug":"formacion-academica","status":"publish","type":"page","link":"https:\/\/medicina.udd.cl\/centro-estudios-clinicos\/formacion-academica\/","title":{"rendered":"Formaci\u00f3n acad\u00e9mica"},"content":{"rendered":"\n<figure class=\"wp-block-image size-full\"><a href=\"https:\/\/medicina.udd.cl\/ver-curso\/curso-de-buenas-practicas-clinicas-en-investigacion\/\"><img loading=\"lazy\" decoding=\"async\" width=\"845\" height=\"476\" src=\"http:\/\/medicina.udd.cl\/centro-estudios-clinicos\/files\/2025\/06\/buenaspracticasclinicas_cec.png\" alt=\"\" class=\"wp-image-730\" srcset=\"https:\/\/medicina.udd.cl\/centro-estudios-clinicos\/files\/2025\/06\/buenaspracticasclinicas_cec.png 845w, https:\/\/medicina.udd.cl\/centro-estudios-clinicos\/files\/2025\/06\/buenaspracticasclinicas_cec-300x169.png 300w, https:\/\/medicina.udd.cl\/centro-estudios-clinicos\/files\/2025\/06\/buenaspracticasclinicas_cec-768x433.png 768w, https:\/\/medicina.udd.cl\/centro-estudios-clinicos\/files\/2025\/06\/buenaspracticasclinicas_cec-680x382.png 680w\" sizes=\"auto, (max-width: 845px) 100vw, 845px\" \/><\/a><\/figure>\n\n\n\n<figure class=\"wp-block-image size-full is-resized\"><a href=\"https:\/\/medicina.udd.cl\/postgrado\/investigacion-clinica\/\"><img loading=\"lazy\" decoding=\"async\" width=\"805\" height=\"447\" src=\"http:\/\/medicina.udd.cl\/centro-estudios-clinicos\/files\/2025\/06\/postituloinvestigacionclinica_cec.png\" alt=\"\" class=\"wp-image-731\" style=\"width:855px;height:auto\" srcset=\"https:\/\/medicina.udd.cl\/centro-estudios-clinicos\/files\/2025\/06\/postituloinvestigacionclinica_cec.png 805w, https:\/\/medicina.udd.cl\/centro-estudios-clinicos\/files\/2025\/06\/postituloinvestigacionclinica_cec-300x167.png 300w, https:\/\/medicina.udd.cl\/centro-estudios-clinicos\/files\/2025\/06\/postituloinvestigacionclinica_cec-768x426.png 768w\" sizes=\"auto, (max-width: 805px) 100vw, 805px\" \/><\/a><\/figure>\n\n\n\n<figure class=\"wp-block-image size-full is-resized\"><a href=\"https:\/\/medicina.udd.cl\/ver-diplomado\/diplomado-investigacion-clinica\/\"><img loading=\"lazy\" decoding=\"async\" width=\"867\" height=\"435\" src=\"http:\/\/medicina.udd.cl\/centro-estudios-clinicos\/files\/2025\/06\/diplomadoinvestigacionclinica_cec.png\" alt=\"\" class=\"wp-image-732\" style=\"width:859px;height:auto\" srcset=\"https:\/\/medicina.udd.cl\/centro-estudios-clinicos\/files\/2025\/06\/diplomadoinvestigacionclinica_cec.png 867w, https:\/\/medicina.udd.cl\/centro-estudios-clinicos\/files\/2025\/06\/diplomadoinvestigacionclinica_cec-300x151.png 300w, https:\/\/medicina.udd.cl\/centro-estudios-clinicos\/files\/2025\/06\/diplomadoinvestigacionclinica_cec-768x385.png 768w\" sizes=\"auto, (max-width: 867px) 100vw, 867px\" \/><\/a><\/figure>\n\n\n\n<figure class=\"wp-block-image size-full is-resized\"><img loading=\"lazy\" decoding=\"async\" width=\"848\" height=\"447\" src=\"http:\/\/medicina.udd.cl\/centro-estudios-clinicos\/files\/2025\/06\/cursotrasversalintroduccioninvestigacion_cec.png\" alt=\"\" class=\"wp-image-733\" style=\"width:866px;height:auto\" srcset=\"https:\/\/medicina.udd.cl\/centro-estudios-clinicos\/files\/2025\/06\/cursotrasversalintroduccioninvestigacion_cec.png 848w, https:\/\/medicina.udd.cl\/centro-estudios-clinicos\/files\/2025\/06\/cursotrasversalintroduccioninvestigacion_cec-300x158.png 300w, https:\/\/medicina.udd.cl\/centro-estudios-clinicos\/files\/2025\/06\/cursotrasversalintroduccioninvestigacion_cec-768x405.png 768w\" sizes=\"auto, (max-width: 848px) 100vw, 848px\" \/><\/figure>\n\n\n\n<figure class=\"wp-block-image size-full is-resized\"><img loading=\"lazy\" decoding=\"async\" width=\"842\" height=\"445\" src=\"http:\/\/medicina.udd.cl\/centro-estudios-clinicos\/files\/2025\/06\/apoyodocenciaprepost_cec.png\" alt=\"\" class=\"wp-image-734\" style=\"width:869px;height:auto\" srcset=\"https:\/\/medicina.udd.cl\/centro-estudios-clinicos\/files\/2025\/06\/apoyodocenciaprepost_cec.png 842w, https:\/\/medicina.udd.cl\/centro-estudios-clinicos\/files\/2025\/06\/apoyodocenciaprepost_cec-300x159.png 300w, https:\/\/medicina.udd.cl\/centro-estudios-clinicos\/files\/2025\/06\/apoyodocenciaprepost_cec-768x406.png 768w\" sizes=\"auto, (max-width: 842px) 100vw, 842px\" \/><\/figure>\n","protected":false},"excerpt":{"rendered":"","protected":false},"author":9192254,"featured_media":0,"parent":0,"menu_order":0,"comment_status":"closed","ping_status":"closed","template":"","meta":{"footnotes":""},"class_list":["post-252","page","type-page","status-publish","hentry"],"yoast_head":"<!-- This site is optimized with the Yoast SEO plugin v26.9 - https:\/\/yoast.com\/product\/yoast-seo-wordpress\/ -->\n<title>Formaci\u00f3n acad\u00e9mica - Centro de Estudios Cl\u00ednicos<\/title>\n<meta name=\"robots\" content=\"index, follow, max-snippet:-1, max-image-preview:large, max-video-preview:-1\" \/>\n<link rel=\"canonical\" href=\"https:\/\/medicina.udd.cl\/centro-estudios-clinicos\/formacion-academica\/\" \/>\n<meta property=\"og:locale\" content=\"es_ES\" \/>\n<meta property=\"og:type\" content=\"article\" \/>\n<meta property=\"og:title\" content=\"Formaci\u00f3n acad\u00e9mica - Centro de Estudios Cl\u00ednicos\" \/>\n<meta property=\"og:url\" content=\"https:\/\/medicina.udd.cl\/centro-estudios-clinicos\/formacion-academica\/\" \/>\n<meta property=\"og:site_name\" content=\"Centro de Estudios Cl\u00ednicos\" \/>\n<meta property=\"article:modified_time\" content=\"2025-06-02T21:16:08+00:00\" \/>\n<meta property=\"og:image\" content=\"http:\/\/medicina.udd.cl\/centro-estudios-clinicos\/files\/2025\/06\/buenaspracticasclinicas_cec.png\" \/>\n<meta name=\"twitter:card\" content=\"summary_large_image\" \/>\n<meta name=\"twitter:label1\" content=\"Tiempo de lectura\" \/>\n\t<meta name=\"twitter:data1\" content=\"1 minuto\" \/>\n<script type=\"application\/ld+json\" class=\"yoast-schema-graph\">{\"@context\":\"https:\/\/schema.org\",\"@graph\":[{\"@type\":\"WebPage\",\"@id\":\"https:\/\/medicina.udd.cl\/centro-estudios-clinicos\/formacion-academica\/\",\"url\":\"https:\/\/medicina.udd.cl\/centro-estudios-clinicos\/formacion-academica\/\",\"name\":\"Formaci\u00f3n acad\u00e9mica - Centro de Estudios Cl\u00ednicos\",\"isPartOf\":{\"@id\":\"https:\/\/medicina.udd.cl\/centro-estudios-clinicos\/#website\"},\"primaryImageOfPage\":{\"@id\":\"https:\/\/medicina.udd.cl\/centro-estudios-clinicos\/formacion-academica\/#primaryimage\"},\"image\":{\"@id\":\"https:\/\/medicina.udd.cl\/centro-estudios-clinicos\/formacion-academica\/#primaryimage\"},\"thumbnailUrl\":\"http:\/\/medicina.udd.cl\/centro-estudios-clinicos\/files\/2025\/06\/buenaspracticasclinicas_cec.png\",\"datePublished\":\"2024-03-19T14:24:19+00:00\",\"dateModified\":\"2025-06-02T21:16:08+00:00\",\"breadcrumb\":{\"@id\":\"https:\/\/medicina.udd.cl\/centro-estudios-clinicos\/formacion-academica\/#breadcrumb\"},\"inLanguage\":\"es\",\"potentialAction\":[{\"@type\":\"ReadAction\",\"target\":[\"https:\/\/medicina.udd.cl\/centro-estudios-clinicos\/formacion-academica\/\"]}]},{\"@type\":\"ImageObject\",\"inLanguage\":\"es\",\"@id\":\"https:\/\/medicina.udd.cl\/centro-estudios-clinicos\/formacion-academica\/#primaryimage\",\"url\":\"https:\/\/medicina.udd.cl\/centro-estudios-clinicos\/files\/2025\/06\/buenaspracticasclinicas_cec.png\",\"contentUrl\":\"https:\/\/medicina.udd.cl\/centro-estudios-clinicos\/files\/2025\/06\/buenaspracticasclinicas_cec.png\",\"width\":845,\"height\":476},{\"@type\":\"BreadcrumbList\",\"@id\":\"https:\/\/medicina.udd.cl\/centro-estudios-clinicos\/formacion-academica\/#breadcrumb\",\"itemListElement\":[{\"@type\":\"ListItem\",\"position\":1,\"name\":\"Portada\",\"item\":\"https:\/\/medicina.udd.cl\/centro-estudios-clinicos\/\"},{\"@type\":\"ListItem\",\"position\":2,\"name\":\"Formaci\u00f3n acad\u00e9mica\"}]},{\"@type\":\"WebSite\",\"@id\":\"https:\/\/medicina.udd.cl\/centro-estudios-clinicos\/#website\",\"url\":\"https:\/\/medicina.udd.cl\/centro-estudios-clinicos\/\",\"name\":\"Centro de Estudios Cl\u00ednicos\",\"description\":\"Facultad de Medicina Cl\u00ednica Alemana Universidad del Desarrollo\",\"inLanguage\":\"es\"}]}<\/script>\n<!-- \/ Yoast SEO plugin. -->","yoast_head_json":{"title":"Formaci\u00f3n acad\u00e9mica - Centro de Estudios Cl\u00ednicos","robots":{"index":"index","follow":"follow","max-snippet":"max-snippet:-1","max-image-preview":"max-image-preview:large","max-video-preview":"max-video-preview:-1"},"canonical":"https:\/\/medicina.udd.cl\/centro-estudios-clinicos\/formacion-academica\/","og_locale":"es_ES","og_type":"article","og_title":"Formaci\u00f3n acad\u00e9mica - Centro de Estudios Cl\u00ednicos","og_url":"https:\/\/medicina.udd.cl\/centro-estudios-clinicos\/formacion-academica\/","og_site_name":"Centro de Estudios Cl\u00ednicos","article_modified_time":"2025-06-02T21:16:08+00:00","og_image":[{"url":"http:\/\/medicina.udd.cl\/centro-estudios-clinicos\/files\/2025\/06\/buenaspracticasclinicas_cec.png","type":"","width":"","height":""}],"twitter_card":"summary_large_image","twitter_misc":{"Tiempo de lectura":"1 minuto"},"schema":{"@context":"https:\/\/schema.org","@graph":[{"@type":"WebPage","@id":"https:\/\/medicina.udd.cl\/centro-estudios-clinicos\/formacion-academica\/","url":"https:\/\/medicina.udd.cl\/centro-estudios-clinicos\/formacion-academica\/","name":"Formaci\u00f3n acad\u00e9mica - Centro de Estudios Cl\u00ednicos","isPartOf":{"@id":"https:\/\/medicina.udd.cl\/centro-estudios-clinicos\/#website"},"primaryImageOfPage":{"@id":"https:\/\/medicina.udd.cl\/centro-estudios-clinicos\/formacion-academica\/#primaryimage"},"image":{"@id":"https:\/\/medicina.udd.cl\/centro-estudios-clinicos\/formacion-academica\/#primaryimage"},"thumbnailUrl":"http:\/\/medicina.udd.cl\/centro-estudios-clinicos\/files\/2025\/06\/buenaspracticasclinicas_cec.png","datePublished":"2024-03-19T14:24:19+00:00","dateModified":"2025-06-02T21:16:08+00:00","breadcrumb":{"@id":"https:\/\/medicina.udd.cl\/centro-estudios-clinicos\/formacion-academica\/#breadcrumb"},"inLanguage":"es","potentialAction":[{"@type":"ReadAction","target":["https:\/\/medicina.udd.cl\/centro-estudios-clinicos\/formacion-academica\/"]}]},{"@type":"ImageObject","inLanguage":"es","@id":"https:\/\/medicina.udd.cl\/centro-estudios-clinicos\/formacion-academica\/#primaryimage","url":"https:\/\/medicina.udd.cl\/centro-estudios-clinicos\/files\/2025\/06\/buenaspracticasclinicas_cec.png","contentUrl":"https:\/\/medicina.udd.cl\/centro-estudios-clinicos\/files\/2025\/06\/buenaspracticasclinicas_cec.png","width":845,"height":476},{"@type":"BreadcrumbList","@id":"https:\/\/medicina.udd.cl\/centro-estudios-clinicos\/formacion-academica\/#breadcrumb","itemListElement":[{"@type":"ListItem","position":1,"name":"Portada","item":"https:\/\/medicina.udd.cl\/centro-estudios-clinicos\/"},{"@type":"ListItem","position":2,"name":"Formaci\u00f3n acad\u00e9mica"}]},{"@type":"WebSite","@id":"https:\/\/medicina.udd.cl\/centro-estudios-clinicos\/#website","url":"https:\/\/medicina.udd.cl\/centro-estudios-clinicos\/","name":"Centro de Estudios Cl\u00ednicos","description":"Facultad de Medicina Cl\u00ednica Alemana Universidad del Desarrollo","inLanguage":"es"}]}},"_links":{"self":[{"href":"https:\/\/medicina.udd.cl\/centro-estudios-clinicos\/wp-json\/wp\/v2\/pages\/252","targetHints":{"allow":["GET"]}}],"collection":[{"href":"https:\/\/medicina.udd.cl\/centro-estudios-clinicos\/wp-json\/wp\/v2\/pages"}],"about":[{"href":"https:\/\/medicina.udd.cl\/centro-estudios-clinicos\/wp-json\/wp\/v2\/types\/page"}],"author":[{"embeddable":true,"href":"https:\/\/medicina.udd.cl\/centro-estudios-clinicos\/wp-json\/wp\/v2\/users\/9192254"}],"replies":[{"embeddable":true,"href":"https:\/\/medicina.udd.cl\/centro-estudios-clinicos\/wp-json\/wp\/v2\/comments?post=252"}],"version-history":[{"count":14,"href":"https:\/\/medicina.udd.cl\/centro-estudios-clinicos\/wp-json\/wp\/v2\/pages\/252\/revisions"}],"predecessor-version":[{"id":740,"href":"https:\/\/medicina.udd.cl\/centro-estudios-clinicos\/wp-json\/wp\/v2\/pages\/252\/revisions\/740"}],"wp:attachment":[{"href":"https:\/\/medicina.udd.cl\/centro-estudios-clinicos\/wp-json\/wp\/v2\/media?parent=252"}],"curies":[{"name":"wp","href":"https:\/\/api.w.org\/{rel}","templated":true}]}}