{"id":664,"date":"2025-04-24T15:29:58","date_gmt":"2025-04-24T19:29:58","guid":{"rendered":"https:\/\/medicina.udd.cl\/centro-estudios-clinicos\/?page_id=664"},"modified":"2025-04-24T15:29:58","modified_gmt":"2025-04-24T19:29:58","slug":"videos","status":"publish","type":"page","link":"https:\/\/medicina.udd.cl\/centro-estudios-clinicos\/videos\/","title":{"rendered":"VIDEOS"},"content":{"rendered":"\n<p><strong>\u00bfQu\u00e9 pasa cuando la ciencia, la innovaci\u00f3n y la colaboraci\u00f3n global se unen por la salud?<\/strong><br>En el coraz\u00f3n del Instituto de Ciencias e Innovaci\u00f3n en Medicina (ICIM), el Centro de Estudios Cl\u00ednicos (CEClin) trabaja d\u00eda a d\u00eda para transformar la investigaci\u00f3n en soluciones concretas para las personas.<\/p>\n\n\n\n<p>Nacido de una alianza estrat\u00e9gica entre la Facultad de Medicina Cl\u00ednica Alemana Universidad del Desarrollo y The George Institute for Global Health, el CEClin lidera y coordina ensayos cl\u00ednicos internacionales con un foco claro: <strong>mejorar la vida de las personas m\u00e1s vulnerables, en Chile y el mundo.<\/strong><\/p>\n\n\n\n<p>Desde el desarrollo de terapias innovadoras hasta la investigaci\u00f3n en vacunas, y desde la formaci\u00f3n de nuevos investigadores hasta la generaci\u00f3n de evidencia para la toma de decisiones, el CEClin es un motor de cambio basado en el rigor cient\u00edfico y la cooperaci\u00f3n global.<\/p>\n\n\n\n<p><strong>Este es el lugar donde la evidencia se convierte en impacto.<\/strong><br><strong>Este es el Centro de Estudios Cl\u00ednicos.<\/strong><\/p>\n\n\n\n<p>&#8212;&#8212;&#8212;&#8212;&#8212;&#8212;&#8212;&#8212;&#8212;&#8212;&#8212;&#8212;&#8212;&#8212;&#8212;&#8212;&#8212;&#8212;&#8212;&#8212;&#8212;&#8212;&#8212;&#8212;&#8212;&#8212;&#8212;&#8212;&#8212;&#8212;&#8212;&#8212;&#8212;&#8212;&#8212;&#8212;&#8212;&#8212;&#8212;&#8212;&#8212;&#8212;&#8212;&#8212;&#8212;&#8212;&#8212;&#8212;&#8212;&#8212;&#8212;&#8212;&#8212;&#8212;&#8212;&#8212;&#8212;&#8212;&#8212;&#8212;&#8212;&#8212;&#8212;&#8212;&#8212;&#8212;&#8212;&#8212;&#8212;<\/p>\n\n\n\n<p><strong>What happens when science, innovation, and global collaboration come together for health?<\/strong><br>At the heart of the Instituto de Ciencias e Innovaci\u00f3n en Medicina (ICIM), the Centro de Estudios Cl\u00ednicos (CEClin) works every day to transform research into real solutions for people.<\/p>\n\n\n\n<p>Born from a strategic alliance between the Facultad de Medicina Cl\u00ednica Alemana Universidad del Desarrollo and The George Institute for Global Health, the Center leads and coordinates international clinical trials with a clear focus: <strong>to improve the lives of the most vulnerable populations in Chile and around the world.<\/strong><\/p>\n\n\n\n<p>From the development of innovative therapies to vaccine research, and from training new investigators to generating evidence for decision-making, the CEClin is a driving force for change\u2014rooted in scientific rigor and global cooperation.<\/p>\n\n\n\n<p><strong>This is where evidence becomes impact.<br>This is the Centro de Estudios Cl\u00ednicos.<\/strong><\/p>\n\n\n\n<h2 class=\"wp-block-heading\">VIDEOS<\/h2>\n\n\n\n<figure class=\"wp-block-embed is-type-video is-provider-youtube wp-block-embed-youtube wp-embed-aspect-16-9 wp-has-aspect-ratio\"><div class=\"wp-block-embed__wrapper\">\n<iframe loading=\"lazy\" title=\"Centro de Estudios Cl\u00ednicos ICIM UDD - COVID\" width=\"500\" height=\"281\" src=\"https:\/\/www.youtube.com\/embed\/3Da9nM2L63s?feature=oembed\" frameborder=\"0\" allow=\"accelerometer; autoplay; clipboard-write; encrypted-media; gyroscope; picture-in-picture; web-share\" referrerpolicy=\"strict-origin-when-cross-origin\" allowfullscreen><\/iframe>\n<\/div><\/figure>\n\n\n\n<p>\ud83d\udd39 <em>El Centro de Estudios Cl\u00ednicos UDD en Cl\u00ednica Alemana, jug\u00f3 un papel clave en la respuesta al COVID-19.<\/em><br>\ud83d\udd39 <em>Participamos en los primeros estudios cl\u00ednicos de vacunas, permitiendo que muchos pacientes en Chile fueran inmunizados antes de la vacunaci\u00f3n masiva.<\/em><br>\ud83d\udd39 <em>Este esfuerzo ayud\u00f3 a generar evidencia clave sobre la seguridad y eficacia de las vacunas, acelerando su disponibilidad para todos.<\/em><br>\ud83d\udd39 <em>Fuimos parte de un esfuerzo global para proteger a nuestra comunidad en un momento cr\u00edtico.<\/em><strong><br>\ud83d\udd39 <\/strong><em><strong>\u00a1La ciencia salva vidas!<\/strong><\/em><strong>\u00a0\u00a0<\/strong><\/p>\n\n\n\n<figure class=\"wp-block-embed is-type-video is-provider-youtube wp-block-embed-youtube wp-embed-aspect-16-9 wp-has-aspect-ratio\"><div class=\"wp-block-embed__wrapper\">\n<iframe loading=\"lazy\" title=\"Centro de Estudios Cl\u00ednicos ICIM UDD - INTERACT3\" width=\"500\" height=\"281\" src=\"https:\/\/www.youtube.com\/embed\/VhzJWgBIZJw?feature=oembed\" frameborder=\"0\" allow=\"accelerometer; autoplay; clipboard-write; encrypted-media; gyroscope; picture-in-picture; web-share\" referrerpolicy=\"strict-origin-when-cross-origin\" allowfullscreen><\/iframe>\n<\/div><\/figure>\n\n\n\n<p>\ud83d\udd39 <em>El Centro de Estudios Cl\u00ednicos- ICIM particip\u00f3 coordinando en INTERACT 3 en Latinoam\u00e9rica, un estudio internacional con m\u00e1s de 7,000 pacientes.<\/em><br>\ud83d\udd39 <em>Su objetivo: evaluar un protocolo integral para tratar la hemorragia intracerebral aguda.<\/em><br>\ud83d\udd39 <em>Los resultados impactaron la pr\u00e1ctica cl\u00ednica global, mejorando la atenci\u00f3n de miles de pacientes.<\/em><br>\ud83d\udd39 <em>\u00a1La ciencia sigue transformando vidas! \ud83d\udca1\ud83d\udc99<\/em><br>\ud83d\udd39 <em>Comparte este avance que est\u00e1 salvando pacientes en todo el mundo.<\/em><\/p>\n\n\n\n<figure class=\"wp-block-embed is-type-video is-provider-youtube wp-block-embed-youtube wp-embed-aspect-16-9 wp-has-aspect-ratio\"><div class=\"wp-block-embed__wrapper\">\n<iframe loading=\"lazy\" title=\"Centro de Estudios Cl\u00ednicos ICIM UDD - Formaci\u00f3n\" width=\"500\" height=\"281\" src=\"https:\/\/www.youtube.com\/embed\/uKHwQUi6nso?feature=oembed\" frameborder=\"0\" allow=\"accelerometer; autoplay; clipboard-write; encrypted-media; gyroscope; picture-in-picture; web-share\" referrerpolicy=\"strict-origin-when-cross-origin\" allowfullscreen><\/iframe>\n<\/div><\/figure>\n\n\n\n<p>\ud83d\udd39 <em>Somos parte del Doctorado del ICIM-UDD y desarrollamos un curso transversal de investigaci\u00f3n para becados de Medicina UDD.<\/em><br>\ud83d\udd39 <em>Adem\u00e1s, dictamos un Diplomado en Investigaci\u00f3n Cl\u00ednica, formando expertos para los desaf\u00edos del siglo XXI<\/em><br>\ud83d\udd39 <em>Nuestro compromiso es fortalecer competencias en investigaci\u00f3n cl\u00ednica y metodolog\u00edas de investigaci\u00f3n avanzadas.<\/em><br>\ud83d\udd39 <em>\u00a1Impulsamos el conocimiento para transformar la medicina del futuro! \ud83d\ude80\ud83d\udd2c<\/em><\/p>\n\n\n\n<figure class=\"wp-block-embed is-type-video is-provider-youtube wp-block-embed-youtube wp-embed-aspect-16-9 wp-has-aspect-ratio\"><div class=\"wp-block-embed__wrapper\">\n<iframe loading=\"lazy\" title=\"Centro de Estudios Cl\u00ednicos ICIM UDD\" width=\"500\" height=\"281\" src=\"https:\/\/www.youtube.com\/embed\/99e4gLgR1ug?feature=oembed\" frameborder=\"0\" allow=\"accelerometer; autoplay; clipboard-write; encrypted-media; gyroscope; picture-in-picture; web-share\" referrerpolicy=\"strict-origin-when-cross-origin\" allowfullscreen><\/iframe>\n<\/div><\/figure>\n\n\n\n<p>\ud83d\udd39 <em>En la UDD instalamos el Centro de Estudios Cl\u00ednicos con infraestructura de alto nivel.<\/em><br>\ud83d\udd39 <em>Cumplimos con los est\u00e1ndares para estudios cl\u00ednicos y obtuvimos autorizaci\u00f3n para salas de procedimientos y toma de muestras.<\/em><br>\ud83d\udd39 <em>Esto permitir\u00e1 realizar ensayos cl\u00ednicos, colaborar con instituciones nacionales e internacionales y avanzar en la investigaci\u00f3n m\u00e9dica.<\/em><br>\ud83d\udd39 <em>\u00a1Un paso m\u00e1s hacia la innovaci\u00f3n en salud! \ud83d\ude80\ud83d\udd2c<\/em><\/p>\n\n\n\n<figure class=\"wp-block-embed is-type-video is-provider-youtube wp-block-embed-youtube wp-embed-aspect-16-9 wp-has-aspect-ratio\"><div class=\"wp-block-embed__wrapper\">\n<iframe loading=\"lazy\" title=\"Centro de Estudios Cl\u00ednicos ICIM UDD - Investigaci\u00f3n\" width=\"500\" height=\"281\" src=\"https:\/\/www.youtube.com\/embed\/UcnEkRDnanY?feature=oembed\" frameborder=\"0\" allow=\"accelerometer; autoplay; clipboard-write; encrypted-media; gyroscope; picture-in-picture; web-share\" referrerpolicy=\"strict-origin-when-cross-origin\" allowfullscreen><\/iframe>\n<\/div><\/figure>\n\n\n\n<p>\ud83d\udd39 <em>La investigaci\u00f3n cl\u00ednica no solo busca respuestas\u2026 \u00a1crea soluciones reales!<\/em><br>\ud83d\udd39 <em>Cada ensayo, cada estudio, cada dato recopilado puede transformar la medicina.<\/em><br>\ud83d\udd39 <em>Si eres profesional de la salud o instituci\u00f3n interesada en desarrollar estudios cl\u00ednicos, podemos ayudarte.<\/em><br>\ud83d\udd39 <em>\u00a1La pr\u00f3xima innovaci\u00f3n m\u00e9dica puede depender de ti! \ud83d\ude80\ud83d\udd2c<\/em><br>\ud83d\udd39 <em>Cont\u00e1ctanos en el <\/em><strong>Centro de Estudios Cl\u00ednicos<\/strong><em> y descubre c\u00f3mo podemos colaborar.<\/em><br>\ud83d\udce9 <em>Escr\u00edbenos para m\u00e1s informaci\u00f3n: <a href=\"mailto:docenciaceclin@udd.cl\">docenciaceclin@udd.cl<\/a><\/em><\/p>\n","protected":false},"excerpt":{"rendered":"<p>\u00bfQu\u00e9 pasa cuando la ciencia, la innovaci\u00f3n y la colaboraci\u00f3n global se unen por la salud?En el coraz\u00f3n del Instituto de Ciencias e Innovaci\u00f3n en Medicina (ICIM), el Centro de Estudios Cl\u00ednicos (CEClin) trabaja d\u00eda a d\u00eda para transformar la investigaci\u00f3n en soluciones concretas para las personas. Nacido de una alianza estrat\u00e9gica entre la Facultad [&hellip;]<\/p>\n","protected":false},"author":9192219,"featured_media":0,"parent":0,"menu_order":0,"comment_status":"closed","ping_status":"closed","template":"","meta":{"footnotes":""},"class_list":["post-664","page","type-page","status-publish","hentry"],"yoast_head":"<!-- This site is optimized with the Yoast SEO plugin v26.9 - https:\/\/yoast.com\/product\/yoast-seo-wordpress\/ -->\n<title>VIDEOS - Centro de Estudios Cl\u00ednicos<\/title>\n<meta name=\"robots\" content=\"index, follow, max-snippet:-1, max-image-preview:large, max-video-preview:-1\" \/>\n<link rel=\"canonical\" href=\"https:\/\/medicina.udd.cl\/centro-estudios-clinicos\/videos\/\" \/>\n<meta property=\"og:locale\" content=\"es_ES\" \/>\n<meta property=\"og:type\" content=\"article\" \/>\n<meta property=\"og:title\" content=\"VIDEOS - Centro de Estudios Cl\u00ednicos\" \/>\n<meta property=\"og:description\" content=\"\u00bfQu\u00e9 pasa cuando la ciencia, la innovaci\u00f3n y la colaboraci\u00f3n global se unen por la salud?En el coraz\u00f3n del Instituto de Ciencias e Innovaci\u00f3n en Medicina (ICIM), el Centro de Estudios Cl\u00ednicos (CEClin) trabaja d\u00eda a d\u00eda para transformar la investigaci\u00f3n en soluciones concretas para las personas. Nacido de una alianza estrat\u00e9gica entre la Facultad [&hellip;]\" \/>\n<meta property=\"og:url\" content=\"https:\/\/medicina.udd.cl\/centro-estudios-clinicos\/videos\/\" \/>\n<meta property=\"og:site_name\" content=\"Centro de Estudios Cl\u00ednicos\" \/>\n<meta name=\"twitter:card\" content=\"summary_large_image\" \/>\n<meta name=\"twitter:label1\" content=\"Tiempo de lectura\" \/>\n\t<meta name=\"twitter:data1\" content=\"3 minutos\" \/>\n<script type=\"application\/ld+json\" class=\"yoast-schema-graph\">{\"@context\":\"https:\/\/schema.org\",\"@graph\":[{\"@type\":\"WebPage\",\"@id\":\"https:\/\/medicina.udd.cl\/centro-estudios-clinicos\/videos\/\",\"url\":\"https:\/\/medicina.udd.cl\/centro-estudios-clinicos\/videos\/\",\"name\":\"VIDEOS - Centro de Estudios Cl\u00ednicos\",\"isPartOf\":{\"@id\":\"https:\/\/medicina.udd.cl\/centro-estudios-clinicos\/#website\"},\"datePublished\":\"2025-04-24T19:29:58+00:00\",\"breadcrumb\":{\"@id\":\"https:\/\/medicina.udd.cl\/centro-estudios-clinicos\/videos\/#breadcrumb\"},\"inLanguage\":\"es\",\"potentialAction\":[{\"@type\":\"ReadAction\",\"target\":[\"https:\/\/medicina.udd.cl\/centro-estudios-clinicos\/videos\/\"]}]},{\"@type\":\"BreadcrumbList\",\"@id\":\"https:\/\/medicina.udd.cl\/centro-estudios-clinicos\/videos\/#breadcrumb\",\"itemListElement\":[{\"@type\":\"ListItem\",\"position\":1,\"name\":\"Portada\",\"item\":\"https:\/\/medicina.udd.cl\/centro-estudios-clinicos\/\"},{\"@type\":\"ListItem\",\"position\":2,\"name\":\"VIDEOS\"}]},{\"@type\":\"WebSite\",\"@id\":\"https:\/\/medicina.udd.cl\/centro-estudios-clinicos\/#website\",\"url\":\"https:\/\/medicina.udd.cl\/centro-estudios-clinicos\/\",\"name\":\"Centro de Estudios Cl\u00ednicos\",\"description\":\"Facultad de Medicina Cl\u00ednica Alemana Universidad del Desarrollo\",\"inLanguage\":\"es\"}]}<\/script>\n<!-- \/ Yoast SEO plugin. -->","yoast_head_json":{"title":"VIDEOS - Centro de Estudios Cl\u00ednicos","robots":{"index":"index","follow":"follow","max-snippet":"max-snippet:-1","max-image-preview":"max-image-preview:large","max-video-preview":"max-video-preview:-1"},"canonical":"https:\/\/medicina.udd.cl\/centro-estudios-clinicos\/videos\/","og_locale":"es_ES","og_type":"article","og_title":"VIDEOS - Centro de Estudios Cl\u00ednicos","og_description":"\u00bfQu\u00e9 pasa cuando la ciencia, la innovaci\u00f3n y la colaboraci\u00f3n global se unen por la salud?En el coraz\u00f3n del Instituto de Ciencias e Innovaci\u00f3n en Medicina (ICIM), el Centro de Estudios Cl\u00ednicos (CEClin) trabaja d\u00eda a d\u00eda para transformar la investigaci\u00f3n en soluciones concretas para las personas. Nacido de una alianza estrat\u00e9gica entre la Facultad [&hellip;]","og_url":"https:\/\/medicina.udd.cl\/centro-estudios-clinicos\/videos\/","og_site_name":"Centro de Estudios Cl\u00ednicos","twitter_card":"summary_large_image","twitter_misc":{"Tiempo de lectura":"3 minutos"},"schema":{"@context":"https:\/\/schema.org","@graph":[{"@type":"WebPage","@id":"https:\/\/medicina.udd.cl\/centro-estudios-clinicos\/videos\/","url":"https:\/\/medicina.udd.cl\/centro-estudios-clinicos\/videos\/","name":"VIDEOS - Centro de Estudios Cl\u00ednicos","isPartOf":{"@id":"https:\/\/medicina.udd.cl\/centro-estudios-clinicos\/#website"},"datePublished":"2025-04-24T19:29:58+00:00","breadcrumb":{"@id":"https:\/\/medicina.udd.cl\/centro-estudios-clinicos\/videos\/#breadcrumb"},"inLanguage":"es","potentialAction":[{"@type":"ReadAction","target":["https:\/\/medicina.udd.cl\/centro-estudios-clinicos\/videos\/"]}]},{"@type":"BreadcrumbList","@id":"https:\/\/medicina.udd.cl\/centro-estudios-clinicos\/videos\/#breadcrumb","itemListElement":[{"@type":"ListItem","position":1,"name":"Portada","item":"https:\/\/medicina.udd.cl\/centro-estudios-clinicos\/"},{"@type":"ListItem","position":2,"name":"VIDEOS"}]},{"@type":"WebSite","@id":"https:\/\/medicina.udd.cl\/centro-estudios-clinicos\/#website","url":"https:\/\/medicina.udd.cl\/centro-estudios-clinicos\/","name":"Centro de Estudios Cl\u00ednicos","description":"Facultad de Medicina Cl\u00ednica Alemana Universidad del Desarrollo","inLanguage":"es"}]}},"_links":{"self":[{"href":"https:\/\/medicina.udd.cl\/centro-estudios-clinicos\/wp-json\/wp\/v2\/pages\/664","targetHints":{"allow":["GET"]}}],"collection":[{"href":"https:\/\/medicina.udd.cl\/centro-estudios-clinicos\/wp-json\/wp\/v2\/pages"}],"about":[{"href":"https:\/\/medicina.udd.cl\/centro-estudios-clinicos\/wp-json\/wp\/v2\/types\/page"}],"author":[{"embeddable":true,"href":"https:\/\/medicina.udd.cl\/centro-estudios-clinicos\/wp-json\/wp\/v2\/users\/9192219"}],"replies":[{"embeddable":true,"href":"https:\/\/medicina.udd.cl\/centro-estudios-clinicos\/wp-json\/wp\/v2\/comments?post=664"}],"version-history":[{"count":1,"href":"https:\/\/medicina.udd.cl\/centro-estudios-clinicos\/wp-json\/wp\/v2\/pages\/664\/revisions"}],"predecessor-version":[{"id":665,"href":"https:\/\/medicina.udd.cl\/centro-estudios-clinicos\/wp-json\/wp\/v2\/pages\/664\/revisions\/665"}],"wp:attachment":[{"href":"https:\/\/medicina.udd.cl\/centro-estudios-clinicos\/wp-json\/wp\/v2\/media?parent=664"}],"curies":[{"name":"wp","href":"https:\/\/api.w.org\/{rel}","templated":true}]}}