{"id":825,"date":"2026-04-28T12:13:41","date_gmt":"2026-04-28T16:13:41","guid":{"rendered":"https:\/\/medicina.udd.cl\/centro-estudios-clinicos\/?page_id=825"},"modified":"2026-04-28T12:53:59","modified_gmt":"2026-04-28T16:53:59","slug":"estimulacion-transcraneal","status":"publish","type":"page","link":"https:\/\/medicina.udd.cl\/centro-estudios-clinicos\/estimulacion-transcraneal\/","title":{"rendered":"Estimulaci\u00f3n Transcraneal"},"content":{"rendered":"\n<figure class=\"wp-block-image aligncenter size-large\"><img loading=\"lazy\" decoding=\"async\" width=\"1024\" height=\"683\" src=\"https:\/\/medicina.udd.cl\/centro-estudios-clinicos\/files\/2026\/04\/final-1024x683.png\" alt=\"\" class=\"wp-image-826\" srcset=\"https:\/\/medicina.udd.cl\/centro-estudios-clinicos\/files\/2026\/04\/final-1024x683.png 1024w, https:\/\/medicina.udd.cl\/centro-estudios-clinicos\/files\/2026\/04\/final-300x200.png 300w, https:\/\/medicina.udd.cl\/centro-estudios-clinicos\/files\/2026\/04\/final-768x512.png 768w, https:\/\/medicina.udd.cl\/centro-estudios-clinicos\/files\/2026\/04\/final.png 1536w\" sizes=\"auto, (max-width: 1024px) 100vw, 1024px\" \/><\/figure>\n\n\n\n<p><strong><em>*Investigaci\u00f3n realizada en colaboraci\u00f3n con el <a href=\"https:\/\/complejidadsocial.udd.cl\/\" id=\"https:\/\/complejidadsocial.udd.cl\/\">Centro de Investigaci\u00f3n en Complejidad Social&nbsp;UDD<\/a><\/em><\/strong><\/p>\n\n\n\n<ul class=\"wp-block-list\">\n<li>Figueroa-Vargas A, G\u00f3ngora B, Alonso MF, Ortega A, Soto-Fern\u00e1ndez P, Z-Rivera L, Ram\u00edrez S, Gonz\u00e1lez F, Mu\u00f1oz Venturelli P, Billeke P. The effect of a cognitive training therapy based on stimulation of brain oscillations in patients with mild cognitive impairment in a Chilean sample: study protocol for a phase IIb, 2\u2009\u00d7\u20093 mixed factorial, double-blind randomised controlled trial. Trials. 2024 Feb 23;25(1):144. doi: 10.1186\/s13063-024-07972-7. PMID: 38395980; PMCID: PMC10885461.\u00a0<a href=\"https:\/\/pubmed.ncbi.nlm.nih.gov\/38395980\/\" target=\"_blank\" rel=\"noreferrer noopener\">https:\/\/pubmed.ncbi.nlm.nih.gov\/38395980\/<\/a><\/li>\n<\/ul>\n\n\n\n<ul class=\"wp-block-list\">\n<li>Figueroa-Vargas A, Kausel L, Stecher X, Zamorano F, Asp\u00e9-S\u00e1nchez M, Carvajal-Paredes P, Iriarte-Carter M, M\u00e1rquez-Rodr\u00edguez V, Mart\u00ednez-Molina MP, Rom\u00e1n C, Soto-Fern\u00e1ndez P, Valdebenito-Oyarzo G, Z-Rivera L, Manterola C, Uribe-San-Mart\u00edn R, Silva C, Henr\u00edquez-Ch R, Aboitiz F, Polania R, Guevara P, Mu\u00f1oz-Venturelli P, Soto-Icaza P, Billeke P. Coupling between neural oscillations and white matter integrity reveals cognitive computational profiles following COVID-19. Sci Rep. 2025 Dec 27;16(1):3031. doi: 10.1038\/s41598-025-33030-6. PMID: 41455796; PMCID: PMC12827252.\u00a0<a href=\"https:\/\/pubmed.ncbi.nlm.nih.gov\/41455796\/\" target=\"_blank\" rel=\"noreferrer noopener\">https:\/\/pubmed.ncbi.nlm.nih.gov\/41455796\/<\/a><\/li>\n<\/ul>\n","protected":false},"excerpt":{"rendered":"<p>*Investigaci\u00f3n realizada en colaboraci\u00f3n con el Centro de Investigaci\u00f3n en Complejidad Social&nbsp;UDD<\/p>\n","protected":false},"author":9192219,"featured_media":0,"parent":0,"menu_order":0,"comment_status":"closed","ping_status":"closed","template":"","meta":{"footnotes":""},"class_list":["post-825","page","type-page","status-publish","hentry"],"yoast_head":"<!-- This site is optimized with the Yoast SEO plugin v26.9 - https:\/\/yoast.com\/product\/yoast-seo-wordpress\/ -->\n<title>Estimulaci\u00f3n Transcraneal - Centro de Estudios Cl\u00ednicos<\/title>\n<meta name=\"robots\" content=\"index, follow, max-snippet:-1, max-image-preview:large, max-video-preview:-1\" \/>\n<link rel=\"canonical\" href=\"https:\/\/medicina.udd.cl\/centro-estudios-clinicos\/estimulacion-transcraneal\/\" \/>\n<meta property=\"og:locale\" content=\"es_ES\" \/>\n<meta property=\"og:type\" content=\"article\" \/>\n<meta property=\"og:title\" content=\"Estimulaci\u00f3n Transcraneal - Centro de Estudios Cl\u00ednicos\" \/>\n<meta property=\"og:description\" content=\"*Investigaci\u00f3n realizada en colaboraci\u00f3n con el Centro de Investigaci\u00f3n en Complejidad Social&nbsp;UDD\" \/>\n<meta property=\"og:url\" content=\"https:\/\/medicina.udd.cl\/centro-estudios-clinicos\/estimulacion-transcraneal\/\" \/>\n<meta property=\"og:site_name\" content=\"Centro de Estudios Cl\u00ednicos\" \/>\n<meta property=\"article:modified_time\" content=\"2026-04-28T16:53:59+00:00\" \/>\n<meta property=\"og:image\" content=\"https:\/\/medicina.udd.cl\/centro-estudios-clinicos\/files\/2026\/04\/final.png\" \/>\n\t<meta property=\"og:image:width\" content=\"1536\" \/>\n\t<meta property=\"og:image:height\" content=\"1024\" \/>\n\t<meta property=\"og:image:type\" content=\"image\/png\" \/>\n<meta name=\"twitter:card\" content=\"summary_large_image\" \/>\n<meta name=\"twitter:label1\" content=\"Tiempo de lectura\" \/>\n\t<meta name=\"twitter:data1\" content=\"1 minuto\" \/>\n<script type=\"application\/ld+json\" class=\"yoast-schema-graph\">{\"@context\":\"https:\/\/schema.org\",\"@graph\":[{\"@type\":\"WebPage\",\"@id\":\"https:\/\/medicina.udd.cl\/centro-estudios-clinicos\/estimulacion-transcraneal\/\",\"url\":\"https:\/\/medicina.udd.cl\/centro-estudios-clinicos\/estimulacion-transcraneal\/\",\"name\":\"Estimulaci\u00f3n Transcraneal - Centro de Estudios Cl\u00ednicos\",\"isPartOf\":{\"@id\":\"https:\/\/medicina.udd.cl\/centro-estudios-clinicos\/#website\"},\"primaryImageOfPage\":{\"@id\":\"https:\/\/medicina.udd.cl\/centro-estudios-clinicos\/estimulacion-transcraneal\/#primaryimage\"},\"image\":{\"@id\":\"https:\/\/medicina.udd.cl\/centro-estudios-clinicos\/estimulacion-transcraneal\/#primaryimage\"},\"thumbnailUrl\":\"https:\/\/medicina.udd.cl\/centro-estudios-clinicos\/files\/2026\/04\/final-1024x683.png\",\"datePublished\":\"2026-04-28T16:13:41+00:00\",\"dateModified\":\"2026-04-28T16:53:59+00:00\",\"breadcrumb\":{\"@id\":\"https:\/\/medicina.udd.cl\/centro-estudios-clinicos\/estimulacion-transcraneal\/#breadcrumb\"},\"inLanguage\":\"es\",\"potentialAction\":[{\"@type\":\"ReadAction\",\"target\":[\"https:\/\/medicina.udd.cl\/centro-estudios-clinicos\/estimulacion-transcraneal\/\"]}]},{\"@type\":\"ImageObject\",\"inLanguage\":\"es\",\"@id\":\"https:\/\/medicina.udd.cl\/centro-estudios-clinicos\/estimulacion-transcraneal\/#primaryimage\",\"url\":\"https:\/\/medicina.udd.cl\/centro-estudios-clinicos\/files\/2026\/04\/final.png\",\"contentUrl\":\"https:\/\/medicina.udd.cl\/centro-estudios-clinicos\/files\/2026\/04\/final.png\",\"width\":1536,\"height\":1024},{\"@type\":\"BreadcrumbList\",\"@id\":\"https:\/\/medicina.udd.cl\/centro-estudios-clinicos\/estimulacion-transcraneal\/#breadcrumb\",\"itemListElement\":[{\"@type\":\"ListItem\",\"position\":1,\"name\":\"Portada\",\"item\":\"https:\/\/medicina.udd.cl\/centro-estudios-clinicos\/\"},{\"@type\":\"ListItem\",\"position\":2,\"name\":\"Estimulaci\u00f3n Transcraneal\"}]},{\"@type\":\"WebSite\",\"@id\":\"https:\/\/medicina.udd.cl\/centro-estudios-clinicos\/#website\",\"url\":\"https:\/\/medicina.udd.cl\/centro-estudios-clinicos\/\",\"name\":\"Centro de Estudios Cl\u00ednicos\",\"description\":\"Facultad de Medicina Cl\u00ednica Alemana Universidad del Desarrollo\",\"inLanguage\":\"es\"}]}<\/script>\n<!-- \/ Yoast SEO plugin. -->","yoast_head_json":{"title":"Estimulaci\u00f3n Transcraneal - Centro de Estudios Cl\u00ednicos","robots":{"index":"index","follow":"follow","max-snippet":"max-snippet:-1","max-image-preview":"max-image-preview:large","max-video-preview":"max-video-preview:-1"},"canonical":"https:\/\/medicina.udd.cl\/centro-estudios-clinicos\/estimulacion-transcraneal\/","og_locale":"es_ES","og_type":"article","og_title":"Estimulaci\u00f3n Transcraneal - Centro de Estudios Cl\u00ednicos","og_description":"*Investigaci\u00f3n realizada en colaboraci\u00f3n con el Centro de Investigaci\u00f3n en Complejidad Social&nbsp;UDD","og_url":"https:\/\/medicina.udd.cl\/centro-estudios-clinicos\/estimulacion-transcraneal\/","og_site_name":"Centro de Estudios Cl\u00ednicos","article_modified_time":"2026-04-28T16:53:59+00:00","og_image":[{"width":1536,"height":1024,"url":"https:\/\/medicina.udd.cl\/centro-estudios-clinicos\/files\/2026\/04\/final.png","type":"image\/png"}],"twitter_card":"summary_large_image","twitter_misc":{"Tiempo de lectura":"1 minuto"},"schema":{"@context":"https:\/\/schema.org","@graph":[{"@type":"WebPage","@id":"https:\/\/medicina.udd.cl\/centro-estudios-clinicos\/estimulacion-transcraneal\/","url":"https:\/\/medicina.udd.cl\/centro-estudios-clinicos\/estimulacion-transcraneal\/","name":"Estimulaci\u00f3n Transcraneal - Centro de Estudios Cl\u00ednicos","isPartOf":{"@id":"https:\/\/medicina.udd.cl\/centro-estudios-clinicos\/#website"},"primaryImageOfPage":{"@id":"https:\/\/medicina.udd.cl\/centro-estudios-clinicos\/estimulacion-transcraneal\/#primaryimage"},"image":{"@id":"https:\/\/medicina.udd.cl\/centro-estudios-clinicos\/estimulacion-transcraneal\/#primaryimage"},"thumbnailUrl":"https:\/\/medicina.udd.cl\/centro-estudios-clinicos\/files\/2026\/04\/final-1024x683.png","datePublished":"2026-04-28T16:13:41+00:00","dateModified":"2026-04-28T16:53:59+00:00","breadcrumb":{"@id":"https:\/\/medicina.udd.cl\/centro-estudios-clinicos\/estimulacion-transcraneal\/#breadcrumb"},"inLanguage":"es","potentialAction":[{"@type":"ReadAction","target":["https:\/\/medicina.udd.cl\/centro-estudios-clinicos\/estimulacion-transcraneal\/"]}]},{"@type":"ImageObject","inLanguage":"es","@id":"https:\/\/medicina.udd.cl\/centro-estudios-clinicos\/estimulacion-transcraneal\/#primaryimage","url":"https:\/\/medicina.udd.cl\/centro-estudios-clinicos\/files\/2026\/04\/final.png","contentUrl":"https:\/\/medicina.udd.cl\/centro-estudios-clinicos\/files\/2026\/04\/final.png","width":1536,"height":1024},{"@type":"BreadcrumbList","@id":"https:\/\/medicina.udd.cl\/centro-estudios-clinicos\/estimulacion-transcraneal\/#breadcrumb","itemListElement":[{"@type":"ListItem","position":1,"name":"Portada","item":"https:\/\/medicina.udd.cl\/centro-estudios-clinicos\/"},{"@type":"ListItem","position":2,"name":"Estimulaci\u00f3n Transcraneal"}]},{"@type":"WebSite","@id":"https:\/\/medicina.udd.cl\/centro-estudios-clinicos\/#website","url":"https:\/\/medicina.udd.cl\/centro-estudios-clinicos\/","name":"Centro de Estudios Cl\u00ednicos","description":"Facultad de Medicina Cl\u00ednica Alemana Universidad del Desarrollo","inLanguage":"es"}]}},"_links":{"self":[{"href":"https:\/\/medicina.udd.cl\/centro-estudios-clinicos\/wp-json\/wp\/v2\/pages\/825","targetHints":{"allow":["GET"]}}],"collection":[{"href":"https:\/\/medicina.udd.cl\/centro-estudios-clinicos\/wp-json\/wp\/v2\/pages"}],"about":[{"href":"https:\/\/medicina.udd.cl\/centro-estudios-clinicos\/wp-json\/wp\/v2\/types\/page"}],"author":[{"embeddable":true,"href":"https:\/\/medicina.udd.cl\/centro-estudios-clinicos\/wp-json\/wp\/v2\/users\/9192219"}],"replies":[{"embeddable":true,"href":"https:\/\/medicina.udd.cl\/centro-estudios-clinicos\/wp-json\/wp\/v2\/comments?post=825"}],"version-history":[{"count":3,"href":"https:\/\/medicina.udd.cl\/centro-estudios-clinicos\/wp-json\/wp\/v2\/pages\/825\/revisions"}],"predecessor-version":[{"id":833,"href":"https:\/\/medicina.udd.cl\/centro-estudios-clinicos\/wp-json\/wp\/v2\/pages\/825\/revisions\/833"}],"wp:attachment":[{"href":"https:\/\/medicina.udd.cl\/centro-estudios-clinicos\/wp-json\/wp\/v2\/media?parent=825"}],"curies":[{"name":"wp","href":"https:\/\/api.w.org\/{rel}","templated":true}]}}