{"id":11,"date":"2014-01-16T19:23:34","date_gmt":"2014-01-16T19:23:34","guid":{"rendered":"http:\/\/medicina.udd.cl\/centro-fisiologia-celular-integrativa\/donde-estamos\/"},"modified":"2014-01-17T12:57:07","modified_gmt":"2014-01-17T12:57:07","slug":"donde-estamos","status":"publish","type":"page","link":"https:\/\/medicina.udd.cl\/centro-fisiologia-celular-integrativa\/donde-estamos\/","title":{"rendered":"\u00bfD\u00f3nde estamos?"},"content":{"rendered":"","protected":false},"excerpt":{"rendered":"<p>El Centro de Fisiolog\u00eda Celular e Integrativa de la Facultad de Medicina Cl\u00ednica Alemana Universidad del Desarrollo se ubica en el<br \/>\nedificio de Avenida Las Condes 12.438, en la comuna de Lo Barnechea.<\/p>\n","protected":false},"author":1,"featured_media":0,"parent":0,"menu_order":0,"comment_status":"open","ping_status":"open","template":"template-donde-estamos.php","meta":{"footnotes":""},"class_list":["post-11","page","type-page","status-publish","hentry"],"yoast_head":"<!-- This site is optimized with the Yoast SEO plugin v26.9 - https:\/\/yoast.com\/product\/yoast-seo-wordpress\/ -->\n<title>\u00bfD\u00f3nde estamos? - Centro de Fisiolog\u00eda Celular e Integrativa<\/title>\n<meta name=\"robots\" content=\"index, follow, max-snippet:-1, max-image-preview:large, max-video-preview:-1\" \/>\n<link rel=\"canonical\" href=\"https:\/\/medicina.udd.cl\/centro-fisiologia-celular-integrativa\/donde-estamos\/\" \/>\n<script type=\"application\/ld+json\" class=\"yoast-schema-graph\">{\"@context\":\"https:\/\/schema.org\",\"@graph\":[{\"@type\":\"WebPage\",\"@id\":\"https:\/\/medicina.udd.cl\/centro-fisiologia-celular-integrativa\/donde-estamos\/\",\"url\":\"https:\/\/medicina.udd.cl\/centro-fisiologia-celular-integrativa\/donde-estamos\/\",\"name\":\"\u00bfD\u00f3nde estamos? - Centro de Fisiolog\u00eda Celular e Integrativa\",\"isPartOf\":{\"@id\":\"https:\/\/medicina.udd.cl\/centro-fisiologia-celular-integrativa\/#website\"},\"datePublished\":\"2014-01-16T19:23:34+00:00\",\"dateModified\":\"2014-01-17T12:57:07+00:00\",\"breadcrumb\":{\"@id\":\"https:\/\/medicina.udd.cl\/centro-fisiologia-celular-integrativa\/donde-estamos\/#breadcrumb\"},\"inLanguage\":\"es\",\"potentialAction\":[{\"@type\":\"ReadAction\",\"target\":[\"https:\/\/medicina.udd.cl\/centro-fisiologia-celular-integrativa\/donde-estamos\/\"]}]},{\"@type\":\"BreadcrumbList\",\"@id\":\"https:\/\/medicina.udd.cl\/centro-fisiologia-celular-integrativa\/donde-estamos\/#breadcrumb\",\"itemListElement\":[{\"@type\":\"ListItem\",\"position\":1,\"name\":\"Inicio\",\"item\":\"https:\/\/medicina.udd.cl\/centro-fisiologia-celular-integrativa\/\"},{\"@type\":\"ListItem\",\"position\":2,\"name\":\"\u00bfD\u00f3nde estamos?\"}]},{\"@type\":\"WebSite\",\"@id\":\"https:\/\/medicina.udd.cl\/centro-fisiologia-celular-integrativa\/#website\",\"url\":\"https:\/\/medicina.udd.cl\/centro-fisiologia-celular-integrativa\/\",\"name\":\"Centro de Fisiolog\u00eda Celular e Integrativa\",\"description\":\"Otro sitio m\u00e1s de Medicina\",\"inLanguage\":\"es\"}]}<\/script>\n<!-- \/ Yoast SEO plugin. -->","yoast_head_json":{"title":"\u00bfD\u00f3nde estamos? - Centro de Fisiolog\u00eda Celular e Integrativa","robots":{"index":"index","follow":"follow","max-snippet":"max-snippet:-1","max-image-preview":"max-image-preview:large","max-video-preview":"max-video-preview:-1"},"canonical":"https:\/\/medicina.udd.cl\/centro-fisiologia-celular-integrativa\/donde-estamos\/","schema":{"@context":"https:\/\/schema.org","@graph":[{"@type":"WebPage","@id":"https:\/\/medicina.udd.cl\/centro-fisiologia-celular-integrativa\/donde-estamos\/","url":"https:\/\/medicina.udd.cl\/centro-fisiologia-celular-integrativa\/donde-estamos\/","name":"\u00bfD\u00f3nde estamos? - Centro de Fisiolog\u00eda Celular e Integrativa","isPartOf":{"@id":"https:\/\/medicina.udd.cl\/centro-fisiologia-celular-integrativa\/#website"},"datePublished":"2014-01-16T19:23:34+00:00","dateModified":"2014-01-17T12:57:07+00:00","breadcrumb":{"@id":"https:\/\/medicina.udd.cl\/centro-fisiologia-celular-integrativa\/donde-estamos\/#breadcrumb"},"inLanguage":"es","potentialAction":[{"@type":"ReadAction","target":["https:\/\/medicina.udd.cl\/centro-fisiologia-celular-integrativa\/donde-estamos\/"]}]},{"@type":"BreadcrumbList","@id":"https:\/\/medicina.udd.cl\/centro-fisiologia-celular-integrativa\/donde-estamos\/#breadcrumb","itemListElement":[{"@type":"ListItem","position":1,"name":"Inicio","item":"https:\/\/medicina.udd.cl\/centro-fisiologia-celular-integrativa\/"},{"@type":"ListItem","position":2,"name":"\u00bfD\u00f3nde estamos?"}]},{"@type":"WebSite","@id":"https:\/\/medicina.udd.cl\/centro-fisiologia-celular-integrativa\/#website","url":"https:\/\/medicina.udd.cl\/centro-fisiologia-celular-integrativa\/","name":"Centro de Fisiolog\u00eda Celular e Integrativa","description":"Otro sitio m\u00e1s de Medicina","inLanguage":"es"}]}},"_links":{"self":[{"href":"https:\/\/medicina.udd.cl\/centro-fisiologia-celular-integrativa\/wp-json\/wp\/v2\/pages\/11","targetHints":{"allow":["GET"]}}],"collection":[{"href":"https:\/\/medicina.udd.cl\/centro-fisiologia-celular-integrativa\/wp-json\/wp\/v2\/pages"}],"about":[{"href":"https:\/\/medicina.udd.cl\/centro-fisiologia-celular-integrativa\/wp-json\/wp\/v2\/types\/page"}],"author":[{"embeddable":true,"href":"https:\/\/medicina.udd.cl\/centro-fisiologia-celular-integrativa\/wp-json\/wp\/v2\/users\/1"}],"replies":[{"embeddable":true,"href":"https:\/\/medicina.udd.cl\/centro-fisiologia-celular-integrativa\/wp-json\/wp\/v2\/comments?post=11"}],"version-history":[{"count":5,"href":"https:\/\/medicina.udd.cl\/centro-fisiologia-celular-integrativa\/wp-json\/wp\/v2\/pages\/11\/revisions"}],"predecessor-version":[{"id":33,"href":"https:\/\/medicina.udd.cl\/centro-fisiologia-celular-integrativa\/wp-json\/wp\/v2\/pages\/11\/revisions\/33"}],"wp:attachment":[{"href":"https:\/\/medicina.udd.cl\/centro-fisiologia-celular-integrativa\/wp-json\/wp\/v2\/media?parent=11"}],"curies":[{"name":"wp","href":"https:\/\/api.w.org\/{rel}","templated":true}]}}