{"id":2,"date":"2014-01-16T19:23:31","date_gmt":"2014-01-16T19:23:31","guid":{"rendered":"http:\/\/medicina.udd.cl\/centro-fisiologia-celular-integrativa\/proyectos\/"},"modified":"2021-04-20T22:25:43","modified_gmt":"2021-04-20T22:25:43","slug":"proyectos","status":"publish","type":"page","link":"https:\/\/medicina.udd.cl\/centro-fisiologia-celular-integrativa\/proyectos\/","title":{"rendered":"Proyectos de Investigaci\u00f3n"},"content":{"rendered":"\n<h2 class=\"wp-block-heading\">2016 &#8211; 2019<\/h2>\n\n\n\n<p>Carbon monoxide inhibits Cx46 HCs through a lidip peroxidation-dependent process which increases Cx46-Ca2 + sensitivity<\/p>\n\n\n\n<ul class=\"wp-block-list\"><li><strong>Investigador responsable: <\/strong>Mauricio Retamal<\/li><li><strong>Fuente de financiamiento: <\/strong>FONDECYT Regular 2016<\/li><\/ul>\n\n\n\n<h2 class=\"wp-block-heading\">2018<\/h2>\n\n\n\n<p>Evaluaci\u00f3n de Cx46 en tumores y sangre de pacientes con c\u00e1ncer de mama<\/p>\n\n\n\n<ul class=\"wp-block-list\"><li><strong>Investigador responsable:<\/strong> Mauricio Retamal\/Rodrigo Acu\u00f1a<\/li><li><strong>Fuente de financiamiento:<\/strong>\u00a0UDD<\/li><\/ul>\n\n\n\n<p>Efecto de las conexinas\u00a040 y 46 sobre la viabilidad, migraci\u00f3n e invasi\u00f3n celular del trofoblasto extra velloso<\/p>\n\n\n\n<ul class=\"wp-block-list\"><li><strong>Investigador responsable:<\/strong>\u00a0Mar\u00eda Fernanda Rozas<\/li><li><strong>Fuente de financiamiento:<\/strong>\u00a0UDD<\/li><\/ul>\n\n\n\n<p>Exosomes released from Breast Cancer Cells promote aggressive tumor phenotype in normal cells via connexin 46 gap junctions channels<\/p>\n\n\n\n<ul class=\"wp-block-list\"><li>Investigador responsable:\u00a0Rodrigo Acu\u00f1a<\/li><li><strong>Fuente de financiamiento:<\/strong>\u00a0UDD<\/li><\/ul>\n\n\n\n<p>Desarrollo de producto para el tratamiento del c\u00e1ncer de mamas basada en la modulaci\u00f3n de la prote\u00edna Conexina 46<\/p>\n\n\n\n<ul class=\"wp-block-list\"><li><strong>Investigador responsable:<\/strong> Mauricio Retamal\/Ignacio Bravo<\/li><li><strong>Fuente de financiamiento:<\/strong> PMI<\/li><\/ul>\n\n\n\n<h2 class=\"wp-block-heading\">2014<\/h2>\n\n\n\n<p>Evaluaci\u00f3n de un modulador de Conexina 43 como herramienta terap\u00e9utica para prevenir la calcificaci\u00f3n articular en la artrosis<\/p>\n\n\n\n<ul class=\"wp-block-list\"><li><strong>Investigador responsable:<\/strong> Mauricio Retamal\/Ignacio Bravo<\/li><li><strong>Fuente de financiamiento:<\/strong> PMI<\/li><\/ul>\n\n\n\n<h2 class=\"wp-block-heading\">2014 &#8211; 2018<\/h2>\n\n\n\n<p>Cardiorespiratory imbalance in hight-output heart failure: distinct roles for the central pre-sympathetic neurons and the peripheral carotid chemoreceptors in the progression of the disease<\/p>\n\n\n\n<ul class=\"wp-block-list\"><li><strong>Investigador responsable:\u00a0<\/strong>Rodrigo del R\u00edo \/ Mauricio Retamal (co)<\/li><li><strong>Fuente de financiamiento:<\/strong>\u00a0Fondecyt Regular<\/li><\/ul>\n\n\n\n<h2 class=\"wp-block-heading\">2013 &#8211; 2015<\/h2>\n\n\n\n<p>Estudio de v\u00edas de se\u00f1alizaci\u00f3n intracelulares activadas por \u00e1cidos grasos omega-3 y sus efectos en el estado funcional de Hemicanales formados por Cxs del Cristalino<\/p>\n\n\n\n<ul class=\"wp-block-list\"><li><strong>Investigador responsable:<\/strong> Mauricio Retamal<\/li><li><strong>Fuente de financiamiento:<\/strong> Postdoctorado 2013<\/li><\/ul>\n\n\n\n<h2 class=\"wp-block-heading\">2012 &#8211; 2015<\/h2>\n\n\n\n<p>Unsaturated fatty acids change CX43, CX46, and CX50 hemichannels properties inducing lens cells damage<\/p>\n\n\n\n<ul class=\"wp-block-list\"><li><strong>Investigador responsable: <\/strong>Mauricio Retamal<\/li><li><strong>Fuente de financiamiento:<\/strong> FONDECYT regular<\/li><\/ul>\n\n\n\n<p>Sensor de Voltaje de canales de iones: desde la estructura a la funci\u00f3n<\/p>\n\n\n\n<ul class=\"wp-block-list\"><li><strong>Investigador responsable:<\/strong> Mauricio Retamal<\/li><li><strong>Fuente de financiamiento: <\/strong>Proyecto Anillo FONDEF\/ U. de Valpara\u00edso<\/li><\/ul>\n\n\n\n<p>Sensor de Voltaje de canales de Iones: desde la estructura a la funci\u00f3n<\/p>\n\n\n\n<ul class=\"wp-block-list\"><li><strong>Investigador responsable:<\/strong> Carlos Gonz\u00e1lez \/ U. de Valpara\u00edso<\/li><li><strong>Fuente de financiamiento:<\/strong> ANILLOS 2012<\/li><\/ul>\n","protected":false},"excerpt":{"rendered":"<p>2016 &#8211; 2019 Carbon monoxide inhibits Cx46 HCs through a lidip peroxidation-dependent process which increases Cx46-Ca2 + sensitivity Investigador responsable: Mauricio Retamal Fuente de financiamiento: FONDECYT Regular 2016 2018 Evaluaci\u00f3n de Cx46 en tumores y sangre de pacientes con c\u00e1ncer de mama Investigador responsable: Mauricio Retamal\/Rodrigo Acu\u00f1a Fuente de financiamiento:\u00a0UDD Efecto de las conexinas\u00a040 y [&hellip;]<\/p>\n","protected":false},"author":1,"featured_media":0,"parent":0,"menu_order":0,"comment_status":"open","ping_status":"open","template":"","meta":{"footnotes":""},"class_list":["post-2","page","type-page","status-publish","hentry"],"yoast_head":"<!-- This site is optimized with the Yoast SEO plugin v26.9 - https:\/\/yoast.com\/product\/yoast-seo-wordpress\/ -->\n<title>Proyectos de Investigaci\u00f3n - Centro de Fisiolog\u00eda Celular e Integrativa<\/title>\n<meta name=\"robots\" content=\"index, follow, max-snippet:-1, max-image-preview:large, max-video-preview:-1\" \/>\n<link rel=\"canonical\" href=\"https:\/\/medicina.udd.cl\/centro-fisiologia-celular-integrativa\/proyectos\/\" \/>\n<meta name=\"twitter:label1\" content=\"Tiempo de lectura\" \/>\n\t<meta name=\"twitter:data1\" content=\"2 minutos\" \/>\n<script type=\"application\/ld+json\" class=\"yoast-schema-graph\">{\"@context\":\"https:\/\/schema.org\",\"@graph\":[{\"@type\":\"WebPage\",\"@id\":\"https:\/\/medicina.udd.cl\/centro-fisiologia-celular-integrativa\/proyectos\/\",\"url\":\"https:\/\/medicina.udd.cl\/centro-fisiologia-celular-integrativa\/proyectos\/\",\"name\":\"Proyectos de Investigaci\u00f3n - Centro de Fisiolog\u00eda Celular e Integrativa\",\"isPartOf\":{\"@id\":\"https:\/\/medicina.udd.cl\/centro-fisiologia-celular-integrativa\/#website\"},\"datePublished\":\"2014-01-16T19:23:31+00:00\",\"dateModified\":\"2021-04-20T22:25:43+00:00\",\"breadcrumb\":{\"@id\":\"https:\/\/medicina.udd.cl\/centro-fisiologia-celular-integrativa\/proyectos\/#breadcrumb\"},\"inLanguage\":\"es\",\"potentialAction\":[{\"@type\":\"ReadAction\",\"target\":[\"https:\/\/medicina.udd.cl\/centro-fisiologia-celular-integrativa\/proyectos\/\"]}]},{\"@type\":\"BreadcrumbList\",\"@id\":\"https:\/\/medicina.udd.cl\/centro-fisiologia-celular-integrativa\/proyectos\/#breadcrumb\",\"itemListElement\":[{\"@type\":\"ListItem\",\"position\":1,\"name\":\"Inicio\",\"item\":\"https:\/\/medicina.udd.cl\/centro-fisiologia-celular-integrativa\/\"},{\"@type\":\"ListItem\",\"position\":2,\"name\":\"Proyectos de Investigaci\u00f3n\"}]},{\"@type\":\"WebSite\",\"@id\":\"https:\/\/medicina.udd.cl\/centro-fisiologia-celular-integrativa\/#website\",\"url\":\"https:\/\/medicina.udd.cl\/centro-fisiologia-celular-integrativa\/\",\"name\":\"Centro de Fisiolog\u00eda Celular e Integrativa\",\"description\":\"Otro sitio m\u00e1s de Medicina\",\"inLanguage\":\"es\"}]}<\/script>\n<!-- \/ Yoast SEO plugin. -->","yoast_head_json":{"title":"Proyectos de Investigaci\u00f3n - Centro de Fisiolog\u00eda Celular e Integrativa","robots":{"index":"index","follow":"follow","max-snippet":"max-snippet:-1","max-image-preview":"max-image-preview:large","max-video-preview":"max-video-preview:-1"},"canonical":"https:\/\/medicina.udd.cl\/centro-fisiologia-celular-integrativa\/proyectos\/","twitter_misc":{"Tiempo de lectura":"2 minutos"},"schema":{"@context":"https:\/\/schema.org","@graph":[{"@type":"WebPage","@id":"https:\/\/medicina.udd.cl\/centro-fisiologia-celular-integrativa\/proyectos\/","url":"https:\/\/medicina.udd.cl\/centro-fisiologia-celular-integrativa\/proyectos\/","name":"Proyectos de Investigaci\u00f3n - Centro de Fisiolog\u00eda Celular e Integrativa","isPartOf":{"@id":"https:\/\/medicina.udd.cl\/centro-fisiologia-celular-integrativa\/#website"},"datePublished":"2014-01-16T19:23:31+00:00","dateModified":"2021-04-20T22:25:43+00:00","breadcrumb":{"@id":"https:\/\/medicina.udd.cl\/centro-fisiologia-celular-integrativa\/proyectos\/#breadcrumb"},"inLanguage":"es","potentialAction":[{"@type":"ReadAction","target":["https:\/\/medicina.udd.cl\/centro-fisiologia-celular-integrativa\/proyectos\/"]}]},{"@type":"BreadcrumbList","@id":"https:\/\/medicina.udd.cl\/centro-fisiologia-celular-integrativa\/proyectos\/#breadcrumb","itemListElement":[{"@type":"ListItem","position":1,"name":"Inicio","item":"https:\/\/medicina.udd.cl\/centro-fisiologia-celular-integrativa\/"},{"@type":"ListItem","position":2,"name":"Proyectos de Investigaci\u00f3n"}]},{"@type":"WebSite","@id":"https:\/\/medicina.udd.cl\/centro-fisiologia-celular-integrativa\/#website","url":"https:\/\/medicina.udd.cl\/centro-fisiologia-celular-integrativa\/","name":"Centro de Fisiolog\u00eda Celular e Integrativa","description":"Otro sitio m\u00e1s de Medicina","inLanguage":"es"}]}},"_links":{"self":[{"href":"https:\/\/medicina.udd.cl\/centro-fisiologia-celular-integrativa\/wp-json\/wp\/v2\/pages\/2","targetHints":{"allow":["GET"]}}],"collection":[{"href":"https:\/\/medicina.udd.cl\/centro-fisiologia-celular-integrativa\/wp-json\/wp\/v2\/pages"}],"about":[{"href":"https:\/\/medicina.udd.cl\/centro-fisiologia-celular-integrativa\/wp-json\/wp\/v2\/types\/page"}],"author":[{"embeddable":true,"href":"https:\/\/medicina.udd.cl\/centro-fisiologia-celular-integrativa\/wp-json\/wp\/v2\/users\/1"}],"replies":[{"embeddable":true,"href":"https:\/\/medicina.udd.cl\/centro-fisiologia-celular-integrativa\/wp-json\/wp\/v2\/comments?post=2"}],"version-history":[{"count":10,"href":"https:\/\/medicina.udd.cl\/centro-fisiologia-celular-integrativa\/wp-json\/wp\/v2\/pages\/2\/revisions"}],"predecessor-version":[{"id":537,"href":"https:\/\/medicina.udd.cl\/centro-fisiologia-celular-integrativa\/wp-json\/wp\/v2\/pages\/2\/revisions\/537"}],"wp:attachment":[{"href":"https:\/\/medicina.udd.cl\/centro-fisiologia-celular-integrativa\/wp-json\/wp\/v2\/media?parent=2"}],"curies":[{"name":"wp","href":"https:\/\/api.w.org\/{rel}","templated":true}]}}