{"id":34,"date":"2014-01-17T12:59:46","date_gmt":"2014-01-17T12:59:46","guid":{"rendered":"http:\/\/medicina.udd.cl\/centro-fisiologia-celular-integrativa\/?page_id=34"},"modified":"2016-07-21T13:09:46","modified_gmt":"2016-07-21T13:09:46","slug":"que-es-la-fisiologia","status":"publish","type":"page","link":"https:\/\/medicina.udd.cl\/centro-fisiologia-celular-integrativa\/inicio\/el-centro\/que-es-la-fisiologia\/","title":{"rendered":"Fisiolog\u00eda"},"content":{"rendered":"<p style=\"text-align: justify;\">La <strong>Fisiolog\u00eda<\/strong> se define en el pasado remoto y hoy d\u00eda como el \u00abestudio de la l\u00f3gica de la vida\u00bb. No est\u00e1 restringida por el uso de t\u00e9cnicas, ni por el de instrumentos. En un extremo, estudia el flujo de iones por un canal proteico, lo que requiere el manejo de t\u00e9cnicas electrofisiol\u00f3gicas cuantitativas y de biolog\u00eda molecular. En el otro extremo, estudia el comportamiento de un individuo en un ambiente cambiante o ante circunstancias adversas, lo que requiere integrar el funcionamiento de los diversos \u00f3rganos en modelos de regulaci\u00f3n homeost\u00e1tica o heterost\u00e1tica, utilizando los m\u00e9todos de an\u00e1lisis e integraci\u00f3n de sistemas complejos.<\/p>\n","protected":false},"excerpt":{"rendered":"<p>Revisa el concepto de Fisiolog\u00eda.<\/p>\n","protected":false},"author":9192194,"featured_media":0,"parent":6,"menu_order":0,"comment_status":"open","ping_status":"open","template":"","meta":{"footnotes":""},"class_list":["post-34","page","type-page","status-publish","hentry"],"yoast_head":"<!-- This site is optimized with the Yoast SEO plugin v26.9 - https:\/\/yoast.com\/product\/yoast-seo-wordpress\/ -->\n<title>Fisiolog\u00eda - Centro de Fisiolog\u00eda Celular e Integrativa<\/title>\n<meta name=\"robots\" content=\"index, follow, max-snippet:-1, max-image-preview:large, max-video-preview:-1\" \/>\n<link rel=\"canonical\" href=\"https:\/\/medicina.udd.cl\/centro-fisiologia-celular-integrativa\/inicio\/el-centro\/que-es-la-fisiologia\/\" \/>\n<meta name=\"twitter:label1\" content=\"Tiempo de lectura\" \/>\n\t<meta name=\"twitter:data1\" content=\"1 minuto\" \/>\n<script type=\"application\/ld+json\" class=\"yoast-schema-graph\">{\"@context\":\"https:\/\/schema.org\",\"@graph\":[{\"@type\":\"WebPage\",\"@id\":\"https:\/\/medicina.udd.cl\/centro-fisiologia-celular-integrativa\/inicio\/el-centro\/que-es-la-fisiologia\/\",\"url\":\"https:\/\/medicina.udd.cl\/centro-fisiologia-celular-integrativa\/inicio\/el-centro\/que-es-la-fisiologia\/\",\"name\":\"Fisiolog\u00eda - Centro de Fisiolog\u00eda Celular e Integrativa\",\"isPartOf\":{\"@id\":\"https:\/\/medicina.udd.cl\/centro-fisiologia-celular-integrativa\/#website\"},\"datePublished\":\"2014-01-17T12:59:46+00:00\",\"dateModified\":\"2016-07-21T13:09:46+00:00\",\"breadcrumb\":{\"@id\":\"https:\/\/medicina.udd.cl\/centro-fisiologia-celular-integrativa\/inicio\/el-centro\/que-es-la-fisiologia\/#breadcrumb\"},\"inLanguage\":\"es\",\"potentialAction\":[{\"@type\":\"ReadAction\",\"target\":[\"https:\/\/medicina.udd.cl\/centro-fisiologia-celular-integrativa\/inicio\/el-centro\/que-es-la-fisiologia\/\"]}]},{\"@type\":\"BreadcrumbList\",\"@id\":\"https:\/\/medicina.udd.cl\/centro-fisiologia-celular-integrativa\/inicio\/el-centro\/que-es-la-fisiologia\/#breadcrumb\",\"itemListElement\":[{\"@type\":\"ListItem\",\"position\":1,\"name\":\"Inicio\",\"item\":\"https:\/\/medicina.udd.cl\/centro-fisiologia-celular-integrativa\/\"},{\"@type\":\"ListItem\",\"position\":2,\"name\":\"Inicio\",\"item\":\"https:\/\/medicina.udd.cl\/centro-fisiologia-celular-integrativa\/\"},{\"@type\":\"ListItem\",\"position\":3,\"name\":\"El Centro\",\"item\":\"https:\/\/medicina.udd.cl\/centro-fisiologia-celular-integrativa\/inicio\/el-centro\/\"},{\"@type\":\"ListItem\",\"position\":4,\"name\":\"Fisiolog\u00eda\"}]},{\"@type\":\"WebSite\",\"@id\":\"https:\/\/medicina.udd.cl\/centro-fisiologia-celular-integrativa\/#website\",\"url\":\"https:\/\/medicina.udd.cl\/centro-fisiologia-celular-integrativa\/\",\"name\":\"Centro de Fisiolog\u00eda Celular e Integrativa\",\"description\":\"Otro sitio m\u00e1s de Medicina\",\"inLanguage\":\"es\"}]}<\/script>\n<!-- \/ Yoast SEO plugin. -->","yoast_head_json":{"title":"Fisiolog\u00eda - Centro de Fisiolog\u00eda Celular e Integrativa","robots":{"index":"index","follow":"follow","max-snippet":"max-snippet:-1","max-image-preview":"max-image-preview:large","max-video-preview":"max-video-preview:-1"},"canonical":"https:\/\/medicina.udd.cl\/centro-fisiologia-celular-integrativa\/inicio\/el-centro\/que-es-la-fisiologia\/","twitter_misc":{"Tiempo de lectura":"1 minuto"},"schema":{"@context":"https:\/\/schema.org","@graph":[{"@type":"WebPage","@id":"https:\/\/medicina.udd.cl\/centro-fisiologia-celular-integrativa\/inicio\/el-centro\/que-es-la-fisiologia\/","url":"https:\/\/medicina.udd.cl\/centro-fisiologia-celular-integrativa\/inicio\/el-centro\/que-es-la-fisiologia\/","name":"Fisiolog\u00eda - Centro de Fisiolog\u00eda Celular e Integrativa","isPartOf":{"@id":"https:\/\/medicina.udd.cl\/centro-fisiologia-celular-integrativa\/#website"},"datePublished":"2014-01-17T12:59:46+00:00","dateModified":"2016-07-21T13:09:46+00:00","breadcrumb":{"@id":"https:\/\/medicina.udd.cl\/centro-fisiologia-celular-integrativa\/inicio\/el-centro\/que-es-la-fisiologia\/#breadcrumb"},"inLanguage":"es","potentialAction":[{"@type":"ReadAction","target":["https:\/\/medicina.udd.cl\/centro-fisiologia-celular-integrativa\/inicio\/el-centro\/que-es-la-fisiologia\/"]}]},{"@type":"BreadcrumbList","@id":"https:\/\/medicina.udd.cl\/centro-fisiologia-celular-integrativa\/inicio\/el-centro\/que-es-la-fisiologia\/#breadcrumb","itemListElement":[{"@type":"ListItem","position":1,"name":"Inicio","item":"https:\/\/medicina.udd.cl\/centro-fisiologia-celular-integrativa\/"},{"@type":"ListItem","position":2,"name":"Inicio","item":"https:\/\/medicina.udd.cl\/centro-fisiologia-celular-integrativa\/"},{"@type":"ListItem","position":3,"name":"El Centro","item":"https:\/\/medicina.udd.cl\/centro-fisiologia-celular-integrativa\/inicio\/el-centro\/"},{"@type":"ListItem","position":4,"name":"Fisiolog\u00eda"}]},{"@type":"WebSite","@id":"https:\/\/medicina.udd.cl\/centro-fisiologia-celular-integrativa\/#website","url":"https:\/\/medicina.udd.cl\/centro-fisiologia-celular-integrativa\/","name":"Centro de Fisiolog\u00eda Celular e Integrativa","description":"Otro sitio m\u00e1s de Medicina","inLanguage":"es"}]}},"_links":{"self":[{"href":"https:\/\/medicina.udd.cl\/centro-fisiologia-celular-integrativa\/wp-json\/wp\/v2\/pages\/34","targetHints":{"allow":["GET"]}}],"collection":[{"href":"https:\/\/medicina.udd.cl\/centro-fisiologia-celular-integrativa\/wp-json\/wp\/v2\/pages"}],"about":[{"href":"https:\/\/medicina.udd.cl\/centro-fisiologia-celular-integrativa\/wp-json\/wp\/v2\/types\/page"}],"author":[{"embeddable":true,"href":"https:\/\/medicina.udd.cl\/centro-fisiologia-celular-integrativa\/wp-json\/wp\/v2\/users\/9192194"}],"replies":[{"embeddable":true,"href":"https:\/\/medicina.udd.cl\/centro-fisiologia-celular-integrativa\/wp-json\/wp\/v2\/comments?post=34"}],"version-history":[{"count":7,"href":"https:\/\/medicina.udd.cl\/centro-fisiologia-celular-integrativa\/wp-json\/wp\/v2\/pages\/34\/revisions"}],"predecessor-version":[{"id":484,"href":"https:\/\/medicina.udd.cl\/centro-fisiologia-celular-integrativa\/wp-json\/wp\/v2\/pages\/34\/revisions\/484"}],"up":[{"embeddable":true,"href":"https:\/\/medicina.udd.cl\/centro-fisiologia-celular-integrativa\/wp-json\/wp\/v2\/pages\/6"}],"wp:attachment":[{"href":"https:\/\/medicina.udd.cl\/centro-fisiologia-celular-integrativa\/wp-json\/wp\/v2\/media?parent=34"}],"curies":[{"name":"wp","href":"https:\/\/api.w.org\/{rel}","templated":true}]}}