{"id":372,"date":"2017-11-07T19:28:47","date_gmt":"2017-11-07T19:28:47","guid":{"rendered":"http:\/\/medicina.udd.cl\/centro-fisiologia-celular-integrativa\/?page_id=372"},"modified":"2021-04-20T22:38:39","modified_gmt":"2021-04-20T22:38:39","slug":"pregrado","status":"publish","type":"page","link":"https:\/\/medicina.udd.cl\/centro-fisiologia-celular-integrativa\/inicio\/docencia\/pregrado\/","title":{"rendered":"Pregrado"},"content":{"rendered":"\n<h2 class=\"wp-block-heading\">Medicina<\/h2>\n\n\n\n<h3 class=\"wp-block-heading\">Curso de Fisiolog\u00eda<\/h3>\n\n\n\n<p>Anual, con 24 horas semanales disponibles para:<\/p>\n\n\n\n<ul class=\"wp-block-list\"><li>Trabajos pr\u00e1cticos de laboratorio en grupos de 4-5 alumnos<\/li><li> Demostraciones experimentales<\/li><li> Seminarios en secciones de hasta 25 alumnos<\/li><li> Clases <\/li><\/ul>\n\n\n\n<h2 class=\"wp-block-heading\">Odontolog\u00eda<\/h2>\n\n\n\n<h3 class=\"wp-block-heading\">Curso de Fisiolog\u00eda<\/h3>\n\n\n\n<p>Anual, con 6 horas semanales disponibles para:<\/p>\n\n\n\n<ul class=\"wp-block-list\"><li>Pasos pr\u00e1cticos en grupos de 4-5 alumnos<\/li><li> Seminarios en secciones de hasta 25 alumnos<\/li><li> Clases <\/li><\/ul>\n\n\n\n<h2 class=\"wp-block-heading\">Enfermer\u00eda, kinesiolog\u00eda, Fonoaudiolog\u00eda, Nutrici\u00f3n y diet\u00e9tica, Tecnolog\u00eda M\u00e9dica<\/h2>\n\n\n\n<h3 class=\"wp-block-heading\">Curso de Fisiolog\u00eda b\u00e1sica<\/h3>\n\n\n\n<p>Semestral, en 3 secciones en cada semetre, con 6 horas semanales disponibles para:<\/p>\n\n\n\n<ul class=\"wp-block-list\"><li>Pasos pr\u00e1cticos en grupos de 5-6 alumnos<\/li><li>Seminarios en secciones de hasta 30 alumnos<\/li><li>Clases<\/li><\/ul>\n","protected":false},"excerpt":{"rendered":"<p>Docencia en Medicina, Odontolog\u00eda, Enfermer\u00eda, Kinesiolog\u00eda, Fonoaudiolog\u00eda, Nutrici\u00f3n-Diet\u00e9tica y Tecnolog\u00eda M\u00e9dica<\/p>\n","protected":false},"author":9192194,"featured_media":0,"parent":383,"menu_order":0,"comment_status":"closed","ping_status":"closed","template":"","meta":{"footnotes":""},"class_list":["post-372","page","type-page","status-publish","hentry"],"yoast_head":"<!-- This site is optimized with the Yoast SEO plugin v26.9 - https:\/\/yoast.com\/product\/yoast-seo-wordpress\/ -->\n<title>Pregrado - Centro de Fisiolog\u00eda Celular e Integrativa<\/title>\n<meta name=\"robots\" content=\"index, follow, max-snippet:-1, max-image-preview:large, max-video-preview:-1\" \/>\n<link rel=\"canonical\" href=\"https:\/\/medicina.udd.cl\/centro-fisiologia-celular-integrativa\/inicio\/docencia\/pregrado\/\" \/>\n<meta name=\"twitter:label1\" content=\"Tiempo de lectura\" \/>\n\t<meta name=\"twitter:data1\" content=\"1 minuto\" \/>\n<script type=\"application\/ld+json\" class=\"yoast-schema-graph\">{\"@context\":\"https:\/\/schema.org\",\"@graph\":[{\"@type\":\"WebPage\",\"@id\":\"https:\/\/medicina.udd.cl\/centro-fisiologia-celular-integrativa\/inicio\/docencia\/pregrado\/\",\"url\":\"https:\/\/medicina.udd.cl\/centro-fisiologia-celular-integrativa\/inicio\/docencia\/pregrado\/\",\"name\":\"Pregrado - Centro de Fisiolog\u00eda Celular e Integrativa\",\"isPartOf\":{\"@id\":\"https:\/\/medicina.udd.cl\/centro-fisiologia-celular-integrativa\/#website\"},\"datePublished\":\"2017-11-07T19:28:47+00:00\",\"dateModified\":\"2021-04-20T22:38:39+00:00\",\"breadcrumb\":{\"@id\":\"https:\/\/medicina.udd.cl\/centro-fisiologia-celular-integrativa\/inicio\/docencia\/pregrado\/#breadcrumb\"},\"inLanguage\":\"es\",\"potentialAction\":[{\"@type\":\"ReadAction\",\"target\":[\"https:\/\/medicina.udd.cl\/centro-fisiologia-celular-integrativa\/inicio\/docencia\/pregrado\/\"]}]},{\"@type\":\"BreadcrumbList\",\"@id\":\"https:\/\/medicina.udd.cl\/centro-fisiologia-celular-integrativa\/inicio\/docencia\/pregrado\/#breadcrumb\",\"itemListElement\":[{\"@type\":\"ListItem\",\"position\":1,\"name\":\"Inicio\",\"item\":\"https:\/\/medicina.udd.cl\/centro-fisiologia-celular-integrativa\/\"},{\"@type\":\"ListItem\",\"position\":2,\"name\":\"Inicio\",\"item\":\"https:\/\/medicina.udd.cl\/centro-fisiologia-celular-integrativa\/\"},{\"@type\":\"ListItem\",\"position\":3,\"name\":\"Docencia\",\"item\":\"https:\/\/medicina.udd.cl\/centro-fisiologia-celular-integrativa\/inicio\/docencia\/\"},{\"@type\":\"ListItem\",\"position\":4,\"name\":\"Pregrado\"}]},{\"@type\":\"WebSite\",\"@id\":\"https:\/\/medicina.udd.cl\/centro-fisiologia-celular-integrativa\/#website\",\"url\":\"https:\/\/medicina.udd.cl\/centro-fisiologia-celular-integrativa\/\",\"name\":\"Centro de Fisiolog\u00eda Celular e Integrativa\",\"description\":\"Otro sitio m\u00e1s de Medicina\",\"inLanguage\":\"es\"}]}<\/script>\n<!-- \/ Yoast SEO plugin. -->","yoast_head_json":{"title":"Pregrado - Centro de Fisiolog\u00eda Celular e Integrativa","robots":{"index":"index","follow":"follow","max-snippet":"max-snippet:-1","max-image-preview":"max-image-preview:large","max-video-preview":"max-video-preview:-1"},"canonical":"https:\/\/medicina.udd.cl\/centro-fisiologia-celular-integrativa\/inicio\/docencia\/pregrado\/","twitter_misc":{"Tiempo de lectura":"1 minuto"},"schema":{"@context":"https:\/\/schema.org","@graph":[{"@type":"WebPage","@id":"https:\/\/medicina.udd.cl\/centro-fisiologia-celular-integrativa\/inicio\/docencia\/pregrado\/","url":"https:\/\/medicina.udd.cl\/centro-fisiologia-celular-integrativa\/inicio\/docencia\/pregrado\/","name":"Pregrado - Centro de Fisiolog\u00eda Celular e Integrativa","isPartOf":{"@id":"https:\/\/medicina.udd.cl\/centro-fisiologia-celular-integrativa\/#website"},"datePublished":"2017-11-07T19:28:47+00:00","dateModified":"2021-04-20T22:38:39+00:00","breadcrumb":{"@id":"https:\/\/medicina.udd.cl\/centro-fisiologia-celular-integrativa\/inicio\/docencia\/pregrado\/#breadcrumb"},"inLanguage":"es","potentialAction":[{"@type":"ReadAction","target":["https:\/\/medicina.udd.cl\/centro-fisiologia-celular-integrativa\/inicio\/docencia\/pregrado\/"]}]},{"@type":"BreadcrumbList","@id":"https:\/\/medicina.udd.cl\/centro-fisiologia-celular-integrativa\/inicio\/docencia\/pregrado\/#breadcrumb","itemListElement":[{"@type":"ListItem","position":1,"name":"Inicio","item":"https:\/\/medicina.udd.cl\/centro-fisiologia-celular-integrativa\/"},{"@type":"ListItem","position":2,"name":"Inicio","item":"https:\/\/medicina.udd.cl\/centro-fisiologia-celular-integrativa\/"},{"@type":"ListItem","position":3,"name":"Docencia","item":"https:\/\/medicina.udd.cl\/centro-fisiologia-celular-integrativa\/inicio\/docencia\/"},{"@type":"ListItem","position":4,"name":"Pregrado"}]},{"@type":"WebSite","@id":"https:\/\/medicina.udd.cl\/centro-fisiologia-celular-integrativa\/#website","url":"https:\/\/medicina.udd.cl\/centro-fisiologia-celular-integrativa\/","name":"Centro de Fisiolog\u00eda Celular e Integrativa","description":"Otro sitio m\u00e1s de Medicina","inLanguage":"es"}]}},"_links":{"self":[{"href":"https:\/\/medicina.udd.cl\/centro-fisiologia-celular-integrativa\/wp-json\/wp\/v2\/pages\/372","targetHints":{"allow":["GET"]}}],"collection":[{"href":"https:\/\/medicina.udd.cl\/centro-fisiologia-celular-integrativa\/wp-json\/wp\/v2\/pages"}],"about":[{"href":"https:\/\/medicina.udd.cl\/centro-fisiologia-celular-integrativa\/wp-json\/wp\/v2\/types\/page"}],"author":[{"embeddable":true,"href":"https:\/\/medicina.udd.cl\/centro-fisiologia-celular-integrativa\/wp-json\/wp\/v2\/users\/9192194"}],"replies":[{"embeddable":true,"href":"https:\/\/medicina.udd.cl\/centro-fisiologia-celular-integrativa\/wp-json\/wp\/v2\/comments?post=372"}],"version-history":[{"count":11,"href":"https:\/\/medicina.udd.cl\/centro-fisiologia-celular-integrativa\/wp-json\/wp\/v2\/pages\/372\/revisions"}],"predecessor-version":[{"id":543,"href":"https:\/\/medicina.udd.cl\/centro-fisiologia-celular-integrativa\/wp-json\/wp\/v2\/pages\/372\/revisions\/543"}],"up":[{"embeddable":true,"href":"https:\/\/medicina.udd.cl\/centro-fisiologia-celular-integrativa\/wp-json\/wp\/v2\/pages\/383"}],"wp:attachment":[{"href":"https:\/\/medicina.udd.cl\/centro-fisiologia-celular-integrativa\/wp-json\/wp\/v2\/media?parent=372"}],"curies":[{"name":"wp","href":"https:\/\/api.w.org\/{rel}","templated":true}]}}