{"id":6,"date":"2014-01-16T19:23:32","date_gmt":"2014-01-16T19:23:32","guid":{"rendered":"http:\/\/medicina.udd.cl\/centro-fisiologia-celular-integrativa\/sobre-el-centro\/"},"modified":"2021-04-20T21:24:46","modified_gmt":"2021-04-20T21:24:46","slug":"el-centro","status":"publish","type":"page","link":"https:\/\/medicina.udd.cl\/centro-fisiologia-celular-integrativa\/inicio\/el-centro\/","title":{"rendered":"El Centro"},"content":{"rendered":"<section class=\"wp-block-udd-text-row\">\n\t<div class=\"text-row\">\n\t\t<div class=\"text-row__content\">\n\t\t\t<div class=\"text-row__content-inner text\">\n\t\t\t\t\t\t\t\t<h2>\u00bfQu\u00e9 es fisiolog\u00eda?<\/h2>\n\t\t\t\t\t\t\t\t\n<p>La <strong>Fisiolog\u00eda<\/strong> se define en el pasado remoto y hoy d\u00eda como el \u201cestudio de la l\u00f3gica de la vida\u201d. No est\u00e1 restringida por el uso de t\u00e9cnicas, ni por el de instrumentos. En un extremo, estudia el flujo de iones por un canal proteico, lo que requiere el manejo de t\u00e9cnicas electrofisiol\u00f3gicas cuantitativas y de biolog\u00eda molecular. En el otro extremo, estudia el comportamiento de un individuo en un ambiente cambiante o ante circunstancias adversas, lo que requiere integrar el funcionamiento de los diversos \u00f3rganos en modelos de regulaci\u00f3n homeost\u00e1tica o heterost\u00e1tica, utilizando los m\u00e9todos de an\u00e1lisis e integraci\u00f3n de sistemas complejos.<\/p>\n\n<p><\/p>\n\t\t\t<\/div>\n\t\t<\/div>\n\t\t<div class=\"text-row__media\">\n\t\t\t<img loading=\"lazy\" decoding=\"async\" width=\"801\" height=\"534\" src=\"https:\/\/medicina.udd.cl\/centro-fisiologia-celular-integrativa\/files\/2017\/11\/IMG_3286-800x450.jpg\" class=\"text-row__media-image lazyload\" alt=\"\" sizes=\"auto, (max-width: 801px) 100vw, 801px\" data-src=\"https:\/\/medicina.udd.cl\/centro-fisiologia-celular-integrativa\/files\/2017\/11\/IMG_3286.jpg\" data-srcset=\"https:\/\/medicina.udd.cl\/centro-fisiologia-celular-integrativa\/files\/2017\/11\/IMG_3286.jpg 2895w, https:\/\/medicina.udd.cl\/centro-fisiologia-celular-integrativa\/files\/2017\/11\/IMG_3286-300x200.jpg 300w, https:\/\/medicina.udd.cl\/centro-fisiologia-celular-integrativa\/files\/2017\/11\/IMG_3286-768x512.jpg 768w, https:\/\/medicina.udd.cl\/centro-fisiologia-celular-integrativa\/files\/2017\/11\/IMG_3286-1024x683.jpg 1024w, https:\/\/medicina.udd.cl\/centro-fisiologia-celular-integrativa\/files\/2017\/11\/IMG_3286-960x640.jpg 960w\" \/>\t\t<\/div>\n\t<\/div>\n<\/section>\n\n\n\n<h2 class=\"wp-block-heading\">Capacidades<\/h2>\n\n\n\n<p>El Centro de Fisiolog\u00eda Celular e Integrativa investiga las conexiones intercelulares, humorales y neurales entre distintas c\u00e9lulas de un mismo \u00f3rgano, como entre distintos \u00f3rganos y sistemas. Entre sus capacidades destacan:<\/p>\n\n\n\n<ul class=\"wp-block-list\"><li>Exploraci\u00f3n y registros electrofisiol\u00f3gicos de las membranas de las c\u00e9lulas.<\/li><li>Exploraci\u00f3n y registros electrofisiol\u00f3gicos de las conexiones neurales entre receptores, sistema nervioso central y efectores musculares.<\/li><li>T\u00e9cnicas de exploraci\u00f3n de actividades biol\u00f3gicas en animales despiertos o anestesiados.Exploraci\u00f3n y registros electrofisiol\u00f3gicos de las membranas de las c\u00e9lulas.<\/li><li>Exploraci\u00f3n y registros electrofisiol\u00f3gicos de las conexiones neurales entre receptores, sistema nervioso central y efectores musculares.<\/li><li>Exploraci\u00f3n farmacol\u00f3gica de reg\u00edmenes estacionarios y actividades biol\u00f3gicas.<\/li><li>Montaje y manejo de preparaciones de \u00f3rganos perfundidos, superfundidos o ba\u00f1ados en soluciones fisiol\u00f3gicas, in situ o in vitro.<\/li><li>Montaje y mantenci\u00f3n de cultivos de tejidos.<\/li><li>T\u00e9cnicas microsc\u00f3picas e histoqu\u00edmicas para el estudio de tejidos y c\u00e9lulas.<\/li><li>Recolecci\u00f3n (grabaci\u00f3n), recuperaci\u00f3n y an\u00e1lisis computacional de series largas de informaci\u00f3n sobre actividades biol\u00f3gicas.<\/li><li>Experiencia en redacci\u00f3n y revisi\u00f3n de art\u00edculos cient\u00edficos en ingl\u00e9s.<\/li><li>Docencia en Fisiolog\u00eda a nivel universitario.<\/li><\/ul>\n","protected":false},"excerpt":{"rendered":"<p>Capacidades El Centro de Fisiolog\u00eda Celular e Integrativa investiga las conexiones intercelulares, humorales y neurales entre distintas c\u00e9lulas de un mismo \u00f3rgano, como entre distintos \u00f3rganos y sistemas. Entre sus capacidades destacan: Exploraci\u00f3n y registros electrofisiol\u00f3gicos de las membranas de las c\u00e9lulas. Exploraci\u00f3n y registros electrofisiol\u00f3gicos de las conexiones neurales entre receptores, sistema nervioso central [&hellip;]<\/p>\n","protected":false},"author":1,"featured_media":0,"parent":475,"menu_order":40,"comment_status":"open","ping_status":"open","template":"","meta":{"footnotes":""},"class_list":["post-6","page","type-page","status-publish","hentry"],"yoast_head":"<!-- This site is optimized with the Yoast SEO plugin v26.9 - https:\/\/yoast.com\/product\/yoast-seo-wordpress\/ -->\n<title>El Centro - Centro de Fisiolog\u00eda Celular e Integrativa<\/title>\n<meta name=\"robots\" content=\"index, follow, max-snippet:-1, max-image-preview:large, max-video-preview:-1\" \/>\n<link rel=\"canonical\" href=\"https:\/\/medicina.udd.cl\/centro-fisiologia-celular-integrativa\/inicio\/el-centro\/\" \/>\n<meta name=\"twitter:label1\" content=\"Tiempo de lectura\" \/>\n\t<meta name=\"twitter:data1\" content=\"2 minutos\" \/>\n<script type=\"application\/ld+json\" class=\"yoast-schema-graph\">{\"@context\":\"https:\/\/schema.org\",\"@graph\":[{\"@type\":\"WebPage\",\"@id\":\"https:\/\/medicina.udd.cl\/centro-fisiologia-celular-integrativa\/inicio\/el-centro\/\",\"url\":\"https:\/\/medicina.udd.cl\/centro-fisiologia-celular-integrativa\/inicio\/el-centro\/\",\"name\":\"El Centro - Centro de Fisiolog\u00eda Celular e Integrativa\",\"isPartOf\":{\"@id\":\"https:\/\/medicina.udd.cl\/centro-fisiologia-celular-integrativa\/#website\"},\"primaryImageOfPage\":{\"@id\":\"https:\/\/medicina.udd.cl\/centro-fisiologia-celular-integrativa\/inicio\/el-centro\/#primaryimage\"},\"image\":{\"@id\":\"https:\/\/medicina.udd.cl\/centro-fisiologia-celular-integrativa\/inicio\/el-centro\/#primaryimage\"},\"thumbnailUrl\":\"https:\/\/medicina.udd.cl\/centro-fisiologia-celular-integrativa\/files\/2017\/11\/IMG_3286.jpg\",\"datePublished\":\"2014-01-16T19:23:32+00:00\",\"dateModified\":\"2021-04-20T21:24:46+00:00\",\"breadcrumb\":{\"@id\":\"https:\/\/medicina.udd.cl\/centro-fisiologia-celular-integrativa\/inicio\/el-centro\/#breadcrumb\"},\"inLanguage\":\"es\",\"potentialAction\":[{\"@type\":\"ReadAction\",\"target\":[\"https:\/\/medicina.udd.cl\/centro-fisiologia-celular-integrativa\/inicio\/el-centro\/\"]}]},{\"@type\":\"ImageObject\",\"inLanguage\":\"es\",\"@id\":\"https:\/\/medicina.udd.cl\/centro-fisiologia-celular-integrativa\/inicio\/el-centro\/#primaryimage\",\"url\":\"https:\/\/medicina.udd.cl\/centro-fisiologia-celular-integrativa\/files\/2017\/11\/IMG_3286.jpg\",\"contentUrl\":\"https:\/\/medicina.udd.cl\/centro-fisiologia-celular-integrativa\/files\/2017\/11\/IMG_3286.jpg\",\"width\":2895,\"height\":1930},{\"@type\":\"BreadcrumbList\",\"@id\":\"https:\/\/medicina.udd.cl\/centro-fisiologia-celular-integrativa\/inicio\/el-centro\/#breadcrumb\",\"itemListElement\":[{\"@type\":\"ListItem\",\"position\":1,\"name\":\"Inicio\",\"item\":\"https:\/\/medicina.udd.cl\/centro-fisiologia-celular-integrativa\/\"},{\"@type\":\"ListItem\",\"position\":2,\"name\":\"Inicio\",\"item\":\"https:\/\/medicina.udd.cl\/centro-fisiologia-celular-integrativa\/\"},{\"@type\":\"ListItem\",\"position\":3,\"name\":\"El Centro\"}]},{\"@type\":\"WebSite\",\"@id\":\"https:\/\/medicina.udd.cl\/centro-fisiologia-celular-integrativa\/#website\",\"url\":\"https:\/\/medicina.udd.cl\/centro-fisiologia-celular-integrativa\/\",\"name\":\"Centro de Fisiolog\u00eda Celular e Integrativa\",\"description\":\"Otro sitio m\u00e1s de Medicina\",\"inLanguage\":\"es\"}]}<\/script>\n<!-- \/ Yoast SEO plugin. -->","yoast_head_json":{"title":"El Centro - Centro de Fisiolog\u00eda Celular e Integrativa","robots":{"index":"index","follow":"follow","max-snippet":"max-snippet:-1","max-image-preview":"max-image-preview:large","max-video-preview":"max-video-preview:-1"},"canonical":"https:\/\/medicina.udd.cl\/centro-fisiologia-celular-integrativa\/inicio\/el-centro\/","twitter_misc":{"Tiempo de lectura":"2 minutos"},"schema":{"@context":"https:\/\/schema.org","@graph":[{"@type":"WebPage","@id":"https:\/\/medicina.udd.cl\/centro-fisiologia-celular-integrativa\/inicio\/el-centro\/","url":"https:\/\/medicina.udd.cl\/centro-fisiologia-celular-integrativa\/inicio\/el-centro\/","name":"El Centro - Centro de Fisiolog\u00eda Celular e Integrativa","isPartOf":{"@id":"https:\/\/medicina.udd.cl\/centro-fisiologia-celular-integrativa\/#website"},"primaryImageOfPage":{"@id":"https:\/\/medicina.udd.cl\/centro-fisiologia-celular-integrativa\/inicio\/el-centro\/#primaryimage"},"image":{"@id":"https:\/\/medicina.udd.cl\/centro-fisiologia-celular-integrativa\/inicio\/el-centro\/#primaryimage"},"thumbnailUrl":"https:\/\/medicina.udd.cl\/centro-fisiologia-celular-integrativa\/files\/2017\/11\/IMG_3286.jpg","datePublished":"2014-01-16T19:23:32+00:00","dateModified":"2021-04-20T21:24:46+00:00","breadcrumb":{"@id":"https:\/\/medicina.udd.cl\/centro-fisiologia-celular-integrativa\/inicio\/el-centro\/#breadcrumb"},"inLanguage":"es","potentialAction":[{"@type":"ReadAction","target":["https:\/\/medicina.udd.cl\/centro-fisiologia-celular-integrativa\/inicio\/el-centro\/"]}]},{"@type":"ImageObject","inLanguage":"es","@id":"https:\/\/medicina.udd.cl\/centro-fisiologia-celular-integrativa\/inicio\/el-centro\/#primaryimage","url":"https:\/\/medicina.udd.cl\/centro-fisiologia-celular-integrativa\/files\/2017\/11\/IMG_3286.jpg","contentUrl":"https:\/\/medicina.udd.cl\/centro-fisiologia-celular-integrativa\/files\/2017\/11\/IMG_3286.jpg","width":2895,"height":1930},{"@type":"BreadcrumbList","@id":"https:\/\/medicina.udd.cl\/centro-fisiologia-celular-integrativa\/inicio\/el-centro\/#breadcrumb","itemListElement":[{"@type":"ListItem","position":1,"name":"Inicio","item":"https:\/\/medicina.udd.cl\/centro-fisiologia-celular-integrativa\/"},{"@type":"ListItem","position":2,"name":"Inicio","item":"https:\/\/medicina.udd.cl\/centro-fisiologia-celular-integrativa\/"},{"@type":"ListItem","position":3,"name":"El Centro"}]},{"@type":"WebSite","@id":"https:\/\/medicina.udd.cl\/centro-fisiologia-celular-integrativa\/#website","url":"https:\/\/medicina.udd.cl\/centro-fisiologia-celular-integrativa\/","name":"Centro de Fisiolog\u00eda Celular e Integrativa","description":"Otro sitio m\u00e1s de Medicina","inLanguage":"es"}]}},"_links":{"self":[{"href":"https:\/\/medicina.udd.cl\/centro-fisiologia-celular-integrativa\/wp-json\/wp\/v2\/pages\/6","targetHints":{"allow":["GET"]}}],"collection":[{"href":"https:\/\/medicina.udd.cl\/centro-fisiologia-celular-integrativa\/wp-json\/wp\/v2\/pages"}],"about":[{"href":"https:\/\/medicina.udd.cl\/centro-fisiologia-celular-integrativa\/wp-json\/wp\/v2\/types\/page"}],"author":[{"embeddable":true,"href":"https:\/\/medicina.udd.cl\/centro-fisiologia-celular-integrativa\/wp-json\/wp\/v2\/users\/1"}],"replies":[{"embeddable":true,"href":"https:\/\/medicina.udd.cl\/centro-fisiologia-celular-integrativa\/wp-json\/wp\/v2\/comments?post=6"}],"version-history":[{"count":7,"href":"https:\/\/medicina.udd.cl\/centro-fisiologia-celular-integrativa\/wp-json\/wp\/v2\/pages\/6\/revisions"}],"predecessor-version":[{"id":520,"href":"https:\/\/medicina.udd.cl\/centro-fisiologia-celular-integrativa\/wp-json\/wp\/v2\/pages\/6\/revisions\/520"}],"up":[{"embeddable":true,"href":"https:\/\/medicina.udd.cl\/centro-fisiologia-celular-integrativa\/wp-json\/wp\/v2\/pages\/475"}],"wp:attachment":[{"href":"https:\/\/medicina.udd.cl\/centro-fisiologia-celular-integrativa\/wp-json\/wp\/v2\/media?parent=6"}],"curies":[{"name":"wp","href":"https:\/\/api.w.org\/{rel}","templated":true}]}}