{"id":1484,"date":"2015-04-09T15:10:08","date_gmt":"2015-04-09T18:10:08","guid":{"rendered":"http:\/\/medicina.udd.cl\/centro-genetica-genomica\/?page_id=1484"},"modified":"2017-07-24T08:49:51","modified_gmt":"2017-07-24T12:49:51","slug":"docencia-de-pre-y-postgrado","status":"publish","type":"page","link":"https:\/\/medicina.udd.cl\/centro-genetica-genomica\/docencia-2\/docencia-de-pre-y-postgrado\/","title":{"rendered":"Docencia de pre y postgrado"},"content":{"rendered":"<p style=\"text-align: justify;\">El Centro de Gen\u00e9tica y Gen\u00f3mica realiza docencia en todas las carreras de la Facultad de Medicina CAS-UDD y tambi\u00e9n en algunos de sus programas de postgrado. Anualmente, m\u00e1s de 500 estudiantes del \u00e1rea de la salud reciben formaci\u00f3n en gen\u00e9tica y gen\u00f3mica humana y m\u00e9dica.<\/p>\n<h5 style=\"text-align: justify;\"><strong>PREGRADO<\/strong><\/h5>\n<p style=\"text-align: justify;\">Nuestra docencia de pregrado est\u00e1 organizada en un curr\u00edculum longitudinal que abarca e integra aspectos b\u00e1sicos y cl\u00ednicos. Esperamos que nuestros estudiantes de las carreras de la salud sean capaces de comprender e identificar el rol de los factores gen\u00e9ticos en la salud y enfermedad, y sus implicancias preventivas, diagn\u00f3sticas y terap\u00e9uticas.<\/p>\n<h5 style=\"text-align: justify;\"><strong>POSTGRADO<\/strong><\/h5>\n<p style=\"text-align: justify;\">El objetivo de la docencia en el Doctorado en Ciencia M\u00e9dicas es desarrollar el pensamiento cr\u00edtico e independencia intelectual en sus estudiantes a trav\u00e9s de la presentaci\u00f3n de conceptos te\u00f3ricos y pr\u00e1cticos en la resoluci\u00f3n de problemas t\u00edpicos de la investigaci\u00f3n biom\u00e9dica b\u00e1sica y aplicada.<\/p>\n<h5 style=\"text-align: justify;\"><strong>Cursos impartidos<\/strong><\/h5>\n<p><a href=\"http:\/\/medicina.udd.cl\/centro-genetica-genomica\/files\/2015\/04\/Cuadro-cursos.png\" rel=\"attachment wp-att-1981\"><img loading=\"lazy\" decoding=\"async\" class=\"alignnone wp-image-1981\" src=\"http:\/\/medicina.udd.cl\/centro-genetica-genomica\/files\/2015\/04\/Cuadro-cursos-300x171.png\" alt=\"Cuadro cursos\" width=\"500\" height=\"284\" srcset=\"https:\/\/medicina.udd.cl\/centro-genetica-genomica\/files\/2015\/04\/Cuadro-cursos-300x171.png 300w, https:\/\/medicina.udd.cl\/centro-genetica-genomica\/files\/2015\/04\/Cuadro-cursos-768x437.png 768w, https:\/\/medicina.udd.cl\/centro-genetica-genomica\/files\/2015\/04\/Cuadro-cursos.png 863w\" sizes=\"auto, (max-width: 500px) 100vw, 500px\" \/><\/a><\/p>\n<p>&nbsp;<\/p>\n<p>&nbsp;<\/p>\n<p>&nbsp;<\/p>\n<p>&nbsp;<\/p>\n<p>&nbsp;<\/p>\n<p>&nbsp;<\/p>\n<p>&nbsp;<\/p>\n<p>&nbsp;<\/p>\n<p>&nbsp;<\/p>\n<p>&nbsp;<\/p>\n<p>&nbsp;<\/p>\n","protected":false},"excerpt":{"rendered":"<p>El Centro de Gen\u00e9tica y Gen\u00f3mica realiza docencia en todas las carreras de la Facultad de Medicina CAS-UDD y tambi\u00e9n en algunos de sus programas de postgrado. Anualmente, m\u00e1s de 500 estudiantes del \u00e1rea de la salud reciben formaci\u00f3n en gen\u00e9tica y gen\u00f3mica humana y m\u00e9dica. PREGRADO Nuestra docencia de pregrado est\u00e1 organizada en un [&hellip;]<\/p>\n","protected":false},"author":42,"featured_media":0,"parent":1220,"menu_order":0,"comment_status":"open","ping_status":"open","template":"template-wide-content.php","meta":{"footnotes":""},"class_list":["post-1484","page","type-page","status-publish","hentry"],"yoast_head":"<!-- This site is optimized with the Yoast SEO plugin v26.9 - https:\/\/yoast.com\/product\/yoast-seo-wordpress\/ -->\n<title>Docencia de pre y postgrado - Centro de Gen\u00e9tica y Gen\u00f3mica<\/title>\n<meta name=\"robots\" content=\"index, follow, max-snippet:-1, max-image-preview:large, max-video-preview:-1\" \/>\n<link rel=\"canonical\" href=\"https:\/\/medicina.udd.cl\/centro-genetica-genomica\/docencia-2\/docencia-de-pre-y-postgrado\/\" \/>\n<meta property=\"og:locale\" content=\"es_ES\" \/>\n<meta property=\"og:type\" content=\"article\" \/>\n<meta property=\"og:title\" content=\"Docencia de pre y postgrado - Centro de Gen\u00e9tica y Gen\u00f3mica\" \/>\n<meta property=\"og:description\" content=\"El Centro de Gen\u00e9tica y Gen\u00f3mica realiza docencia en todas las carreras de la Facultad de Medicina CAS-UDD y tambi\u00e9n en algunos de sus programas de postgrado. Anualmente, m\u00e1s de 500 estudiantes del \u00e1rea de la salud reciben formaci\u00f3n en gen\u00e9tica y gen\u00f3mica humana y m\u00e9dica. PREGRADO Nuestra docencia de pregrado est\u00e1 organizada en un [&hellip;]\" \/>\n<meta property=\"og:url\" content=\"https:\/\/medicina.udd.cl\/centro-genetica-genomica\/docencia-2\/docencia-de-pre-y-postgrado\/\" \/>\n<meta property=\"og:site_name\" content=\"Centro de Gen\u00e9tica y Gen\u00f3mica\" \/>\n<meta property=\"article:modified_time\" content=\"2017-07-24T12:49:51+00:00\" \/>\n<meta property=\"og:image\" content=\"http:\/\/medicina.udd.cl\/centro-genetica-genomica\/files\/2015\/04\/Cuadro-cursos-300x171.png\" \/>\n<meta name=\"twitter:label1\" content=\"Tiempo de lectura\" \/>\n\t<meta name=\"twitter:data1\" content=\"1 minuto\" \/>\n<script type=\"application\/ld+json\" class=\"yoast-schema-graph\">{\"@context\":\"https:\/\/schema.org\",\"@graph\":[{\"@type\":\"WebPage\",\"@id\":\"https:\/\/medicina.udd.cl\/centro-genetica-genomica\/docencia-2\/docencia-de-pre-y-postgrado\/\",\"url\":\"https:\/\/medicina.udd.cl\/centro-genetica-genomica\/docencia-2\/docencia-de-pre-y-postgrado\/\",\"name\":\"Docencia de pre y postgrado - Centro de Gen\u00e9tica y Gen\u00f3mica\",\"isPartOf\":{\"@id\":\"https:\/\/medicina.udd.cl\/centro-genetica-genomica\/#website\"},\"primaryImageOfPage\":{\"@id\":\"https:\/\/medicina.udd.cl\/centro-genetica-genomica\/docencia-2\/docencia-de-pre-y-postgrado\/#primaryimage\"},\"image\":{\"@id\":\"https:\/\/medicina.udd.cl\/centro-genetica-genomica\/docencia-2\/docencia-de-pre-y-postgrado\/#primaryimage\"},\"thumbnailUrl\":\"http:\/\/medicina.udd.cl\/centro-genetica-genomica\/files\/2015\/04\/Cuadro-cursos-300x171.png\",\"datePublished\":\"2015-04-09T18:10:08+00:00\",\"dateModified\":\"2017-07-24T12:49:51+00:00\",\"breadcrumb\":{\"@id\":\"https:\/\/medicina.udd.cl\/centro-genetica-genomica\/docencia-2\/docencia-de-pre-y-postgrado\/#breadcrumb\"},\"inLanguage\":\"es\",\"potentialAction\":[{\"@type\":\"ReadAction\",\"target\":[\"https:\/\/medicina.udd.cl\/centro-genetica-genomica\/docencia-2\/docencia-de-pre-y-postgrado\/\"]}]},{\"@type\":\"ImageObject\",\"inLanguage\":\"es\",\"@id\":\"https:\/\/medicina.udd.cl\/centro-genetica-genomica\/docencia-2\/docencia-de-pre-y-postgrado\/#primaryimage\",\"url\":\"http:\/\/medicina.udd.cl\/centro-genetica-genomica\/files\/2015\/04\/Cuadro-cursos-300x171.png\",\"contentUrl\":\"http:\/\/medicina.udd.cl\/centro-genetica-genomica\/files\/2015\/04\/Cuadro-cursos-300x171.png\"},{\"@type\":\"BreadcrumbList\",\"@id\":\"https:\/\/medicina.udd.cl\/centro-genetica-genomica\/docencia-2\/docencia-de-pre-y-postgrado\/#breadcrumb\",\"itemListElement\":[{\"@type\":\"ListItem\",\"position\":1,\"name\":\"Inicio\",\"item\":\"https:\/\/medicina.udd.cl\/centro-genetica-genomica\/\"},{\"@type\":\"ListItem\",\"position\":2,\"name\":\"Docencia\",\"item\":\"https:\/\/medicina.udd.cl\/centro-genetica-genomica\/docencia-2\/\"},{\"@type\":\"ListItem\",\"position\":3,\"name\":\"Docencia de pre y postgrado\"}]},{\"@type\":\"WebSite\",\"@id\":\"https:\/\/medicina.udd.cl\/centro-genetica-genomica\/#website\",\"url\":\"https:\/\/medicina.udd.cl\/centro-genetica-genomica\/\",\"name\":\"Centro de Gen\u00e9tica y Gen\u00f3mica\",\"description\":\"\",\"inLanguage\":\"es\"}]}<\/script>\n<!-- \/ Yoast SEO plugin. -->","yoast_head_json":{"title":"Docencia de pre y postgrado - Centro de Gen\u00e9tica y Gen\u00f3mica","robots":{"index":"index","follow":"follow","max-snippet":"max-snippet:-1","max-image-preview":"max-image-preview:large","max-video-preview":"max-video-preview:-1"},"canonical":"https:\/\/medicina.udd.cl\/centro-genetica-genomica\/docencia-2\/docencia-de-pre-y-postgrado\/","og_locale":"es_ES","og_type":"article","og_title":"Docencia de pre y postgrado - Centro de Gen\u00e9tica y Gen\u00f3mica","og_description":"El Centro de Gen\u00e9tica y Gen\u00f3mica realiza docencia en todas las carreras de la Facultad de Medicina CAS-UDD y tambi\u00e9n en algunos de sus programas de postgrado. Anualmente, m\u00e1s de 500 estudiantes del \u00e1rea de la salud reciben formaci\u00f3n en gen\u00e9tica y gen\u00f3mica humana y m\u00e9dica. PREGRADO Nuestra docencia de pregrado est\u00e1 organizada en un [&hellip;]","og_url":"https:\/\/medicina.udd.cl\/centro-genetica-genomica\/docencia-2\/docencia-de-pre-y-postgrado\/","og_site_name":"Centro de Gen\u00e9tica y Gen\u00f3mica","article_modified_time":"2017-07-24T12:49:51+00:00","og_image":[{"url":"http:\/\/medicina.udd.cl\/centro-genetica-genomica\/files\/2015\/04\/Cuadro-cursos-300x171.png","type":"","width":"","height":""}],"twitter_misc":{"Tiempo de lectura":"1 minuto"},"schema":{"@context":"https:\/\/schema.org","@graph":[{"@type":"WebPage","@id":"https:\/\/medicina.udd.cl\/centro-genetica-genomica\/docencia-2\/docencia-de-pre-y-postgrado\/","url":"https:\/\/medicina.udd.cl\/centro-genetica-genomica\/docencia-2\/docencia-de-pre-y-postgrado\/","name":"Docencia de pre y postgrado - Centro de Gen\u00e9tica y Gen\u00f3mica","isPartOf":{"@id":"https:\/\/medicina.udd.cl\/centro-genetica-genomica\/#website"},"primaryImageOfPage":{"@id":"https:\/\/medicina.udd.cl\/centro-genetica-genomica\/docencia-2\/docencia-de-pre-y-postgrado\/#primaryimage"},"image":{"@id":"https:\/\/medicina.udd.cl\/centro-genetica-genomica\/docencia-2\/docencia-de-pre-y-postgrado\/#primaryimage"},"thumbnailUrl":"http:\/\/medicina.udd.cl\/centro-genetica-genomica\/files\/2015\/04\/Cuadro-cursos-300x171.png","datePublished":"2015-04-09T18:10:08+00:00","dateModified":"2017-07-24T12:49:51+00:00","breadcrumb":{"@id":"https:\/\/medicina.udd.cl\/centro-genetica-genomica\/docencia-2\/docencia-de-pre-y-postgrado\/#breadcrumb"},"inLanguage":"es","potentialAction":[{"@type":"ReadAction","target":["https:\/\/medicina.udd.cl\/centro-genetica-genomica\/docencia-2\/docencia-de-pre-y-postgrado\/"]}]},{"@type":"ImageObject","inLanguage":"es","@id":"https:\/\/medicina.udd.cl\/centro-genetica-genomica\/docencia-2\/docencia-de-pre-y-postgrado\/#primaryimage","url":"http:\/\/medicina.udd.cl\/centro-genetica-genomica\/files\/2015\/04\/Cuadro-cursos-300x171.png","contentUrl":"http:\/\/medicina.udd.cl\/centro-genetica-genomica\/files\/2015\/04\/Cuadro-cursos-300x171.png"},{"@type":"BreadcrumbList","@id":"https:\/\/medicina.udd.cl\/centro-genetica-genomica\/docencia-2\/docencia-de-pre-y-postgrado\/#breadcrumb","itemListElement":[{"@type":"ListItem","position":1,"name":"Inicio","item":"https:\/\/medicina.udd.cl\/centro-genetica-genomica\/"},{"@type":"ListItem","position":2,"name":"Docencia","item":"https:\/\/medicina.udd.cl\/centro-genetica-genomica\/docencia-2\/"},{"@type":"ListItem","position":3,"name":"Docencia de pre y postgrado"}]},{"@type":"WebSite","@id":"https:\/\/medicina.udd.cl\/centro-genetica-genomica\/#website","url":"https:\/\/medicina.udd.cl\/centro-genetica-genomica\/","name":"Centro de Gen\u00e9tica y Gen\u00f3mica","description":"","inLanguage":"es"}]}},"_links":{"self":[{"href":"https:\/\/medicina.udd.cl\/centro-genetica-genomica\/wp-json\/wp\/v2\/pages\/1484","targetHints":{"allow":["GET"]}}],"collection":[{"href":"https:\/\/medicina.udd.cl\/centro-genetica-genomica\/wp-json\/wp\/v2\/pages"}],"about":[{"href":"https:\/\/medicina.udd.cl\/centro-genetica-genomica\/wp-json\/wp\/v2\/types\/page"}],"author":[{"embeddable":true,"href":"https:\/\/medicina.udd.cl\/centro-genetica-genomica\/wp-json\/wp\/v2\/users\/42"}],"replies":[{"embeddable":true,"href":"https:\/\/medicina.udd.cl\/centro-genetica-genomica\/wp-json\/wp\/v2\/comments?post=1484"}],"version-history":[{"count":16,"href":"https:\/\/medicina.udd.cl\/centro-genetica-genomica\/wp-json\/wp\/v2\/pages\/1484\/revisions"}],"predecessor-version":[{"id":1987,"href":"https:\/\/medicina.udd.cl\/centro-genetica-genomica\/wp-json\/wp\/v2\/pages\/1484\/revisions\/1987"}],"up":[{"embeddable":true,"href":"https:\/\/medicina.udd.cl\/centro-genetica-genomica\/wp-json\/wp\/v2\/pages\/1220"}],"wp:attachment":[{"href":"https:\/\/medicina.udd.cl\/centro-genetica-genomica\/wp-json\/wp\/v2\/media?parent=1484"}],"curies":[{"name":"wp","href":"https:\/\/api.w.org\/{rel}","templated":true}]}}