{"id":153,"date":"2010-06-11T10:40:07","date_gmt":"2010-06-11T14:40:07","guid":{"rendered":"http:\/\/medicina.udd.cl\/centro-genetica-humana\/docencia\/postgrado\/alumnos\/"},"modified":"2010-06-11T12:02:49","modified_gmt":"2010-06-11T16:02:49","slug":"alumnos","status":"publish","type":"page","link":"https:\/\/medicina.udd.cl\/centro-genetica-genomica\/postgrado\/alumnos\/","title":{"rendered":"Alumnos"},"content":{"rendered":"<p>Mayo-Junio, 2010: Jessica Ord\u00f3\u00f1ez Pazmi\u00f1o (Genetic Counseling Program, Department of Human Genetics, University of Michigan, Ann Harbor, MI, EEUU).<\/p>\n<p>Junio-Agosto, 2008: Kayla Sheets (Graduate Program in Genetic Counseling, School of Medicine, University of Utah, Salt Lake City, UT, EEUU).<\/p>\n","protected":false},"excerpt":{"rendered":"<p>Mayo-Junio, 2010: Jessica Ord\u00f3\u00f1ez Pazmi\u00f1o (Genetic Counseling Program, Department of Human Genetics, University of Michigan, Ann Harbor, MI, EEUU). Junio-Agosto, 2008: Kayla Sheets (Graduate Program in Genetic Counseling, School of Medicine, University of Utah, Salt Lake City, UT, EEUU).<\/p>\n","protected":false},"author":1,"featured_media":0,"parent":121,"menu_order":0,"comment_status":"open","ping_status":"open","template":"","meta":{"footnotes":""},"class_list":["post-153","page","type-page","status-publish","hentry"],"yoast_head":"<!-- This site is optimized with the Yoast SEO plugin v26.9 - https:\/\/yoast.com\/product\/yoast-seo-wordpress\/ -->\n<title>Alumnos - Centro de Gen\u00e9tica y Gen\u00f3mica<\/title>\n<meta name=\"robots\" content=\"index, follow, max-snippet:-1, max-image-preview:large, max-video-preview:-1\" \/>\n<link rel=\"canonical\" href=\"https:\/\/medicina.udd.cl\/centro-genetica-genomica\/postgrado\/alumnos\/\" \/>\n<meta property=\"og:locale\" content=\"es_ES\" \/>\n<meta property=\"og:type\" content=\"article\" \/>\n<meta property=\"og:title\" content=\"Alumnos - Centro de Gen\u00e9tica y Gen\u00f3mica\" \/>\n<meta property=\"og:description\" content=\"Mayo-Junio, 2010: Jessica Ord\u00f3\u00f1ez Pazmi\u00f1o (Genetic Counseling Program, Department of Human Genetics, University of Michigan, Ann Harbor, MI, EEUU). Junio-Agosto, 2008: Kayla Sheets (Graduate Program in Genetic Counseling, School of Medicine, University of Utah, Salt Lake City, UT, EEUU).\" \/>\n<meta property=\"og:url\" content=\"https:\/\/medicina.udd.cl\/centro-genetica-genomica\/postgrado\/alumnos\/\" \/>\n<meta property=\"og:site_name\" content=\"Centro de Gen\u00e9tica y Gen\u00f3mica\" \/>\n<meta property=\"article:modified_time\" content=\"2010-06-11T16:02:49+00:00\" \/>\n<script type=\"application\/ld+json\" class=\"yoast-schema-graph\">{\"@context\":\"https:\/\/schema.org\",\"@graph\":[{\"@type\":\"WebPage\",\"@id\":\"https:\/\/medicina.udd.cl\/centro-genetica-genomica\/postgrado\/alumnos\/\",\"url\":\"https:\/\/medicina.udd.cl\/centro-genetica-genomica\/postgrado\/alumnos\/\",\"name\":\"Alumnos - Centro de Gen\u00e9tica y Gen\u00f3mica\",\"isPartOf\":{\"@id\":\"https:\/\/medicina.udd.cl\/centro-genetica-genomica\/#website\"},\"datePublished\":\"2010-06-11T14:40:07+00:00\",\"dateModified\":\"2010-06-11T16:02:49+00:00\",\"breadcrumb\":{\"@id\":\"https:\/\/medicina.udd.cl\/centro-genetica-genomica\/postgrado\/alumnos\/#breadcrumb\"},\"inLanguage\":\"es\",\"potentialAction\":[{\"@type\":\"ReadAction\",\"target\":[\"https:\/\/medicina.udd.cl\/centro-genetica-genomica\/postgrado\/alumnos\/\"]}]},{\"@type\":\"BreadcrumbList\",\"@id\":\"https:\/\/medicina.udd.cl\/centro-genetica-genomica\/postgrado\/alumnos\/#breadcrumb\",\"itemListElement\":[{\"@type\":\"ListItem\",\"position\":1,\"name\":\"Inicio\",\"item\":\"https:\/\/medicina.udd.cl\/centro-genetica-genomica\/\"},{\"@type\":\"ListItem\",\"position\":2,\"name\":\"Post-t\u00edtulo y Post-grado\",\"item\":\"https:\/\/medicina.udd.cl\/centro-genetica-genomica\/postgrado\/\"},{\"@type\":\"ListItem\",\"position\":3,\"name\":\"Alumnos\"}]},{\"@type\":\"WebSite\",\"@id\":\"https:\/\/medicina.udd.cl\/centro-genetica-genomica\/#website\",\"url\":\"https:\/\/medicina.udd.cl\/centro-genetica-genomica\/\",\"name\":\"Centro de Gen\u00e9tica y Gen\u00f3mica\",\"description\":\"\",\"inLanguage\":\"es\"}]}<\/script>\n<!-- \/ Yoast SEO plugin. -->","yoast_head_json":{"title":"Alumnos - Centro de Gen\u00e9tica y Gen\u00f3mica","robots":{"index":"index","follow":"follow","max-snippet":"max-snippet:-1","max-image-preview":"max-image-preview:large","max-video-preview":"max-video-preview:-1"},"canonical":"https:\/\/medicina.udd.cl\/centro-genetica-genomica\/postgrado\/alumnos\/","og_locale":"es_ES","og_type":"article","og_title":"Alumnos - Centro de Gen\u00e9tica y Gen\u00f3mica","og_description":"Mayo-Junio, 2010: Jessica Ord\u00f3\u00f1ez Pazmi\u00f1o (Genetic Counseling Program, Department of Human Genetics, University of Michigan, Ann Harbor, MI, EEUU). Junio-Agosto, 2008: Kayla Sheets (Graduate Program in Genetic Counseling, School of Medicine, University of Utah, Salt Lake City, UT, EEUU).","og_url":"https:\/\/medicina.udd.cl\/centro-genetica-genomica\/postgrado\/alumnos\/","og_site_name":"Centro de Gen\u00e9tica y Gen\u00f3mica","article_modified_time":"2010-06-11T16:02:49+00:00","schema":{"@context":"https:\/\/schema.org","@graph":[{"@type":"WebPage","@id":"https:\/\/medicina.udd.cl\/centro-genetica-genomica\/postgrado\/alumnos\/","url":"https:\/\/medicina.udd.cl\/centro-genetica-genomica\/postgrado\/alumnos\/","name":"Alumnos - Centro de Gen\u00e9tica y Gen\u00f3mica","isPartOf":{"@id":"https:\/\/medicina.udd.cl\/centro-genetica-genomica\/#website"},"datePublished":"2010-06-11T14:40:07+00:00","dateModified":"2010-06-11T16:02:49+00:00","breadcrumb":{"@id":"https:\/\/medicina.udd.cl\/centro-genetica-genomica\/postgrado\/alumnos\/#breadcrumb"},"inLanguage":"es","potentialAction":[{"@type":"ReadAction","target":["https:\/\/medicina.udd.cl\/centro-genetica-genomica\/postgrado\/alumnos\/"]}]},{"@type":"BreadcrumbList","@id":"https:\/\/medicina.udd.cl\/centro-genetica-genomica\/postgrado\/alumnos\/#breadcrumb","itemListElement":[{"@type":"ListItem","position":1,"name":"Inicio","item":"https:\/\/medicina.udd.cl\/centro-genetica-genomica\/"},{"@type":"ListItem","position":2,"name":"Post-t\u00edtulo y Post-grado","item":"https:\/\/medicina.udd.cl\/centro-genetica-genomica\/postgrado\/"},{"@type":"ListItem","position":3,"name":"Alumnos"}]},{"@type":"WebSite","@id":"https:\/\/medicina.udd.cl\/centro-genetica-genomica\/#website","url":"https:\/\/medicina.udd.cl\/centro-genetica-genomica\/","name":"Centro de Gen\u00e9tica y Gen\u00f3mica","description":"","inLanguage":"es"}]}},"_links":{"self":[{"href":"https:\/\/medicina.udd.cl\/centro-genetica-genomica\/wp-json\/wp\/v2\/pages\/153","targetHints":{"allow":["GET"]}}],"collection":[{"href":"https:\/\/medicina.udd.cl\/centro-genetica-genomica\/wp-json\/wp\/v2\/pages"}],"about":[{"href":"https:\/\/medicina.udd.cl\/centro-genetica-genomica\/wp-json\/wp\/v2\/types\/page"}],"author":[{"embeddable":true,"href":"https:\/\/medicina.udd.cl\/centro-genetica-genomica\/wp-json\/wp\/v2\/users\/1"}],"replies":[{"embeddable":true,"href":"https:\/\/medicina.udd.cl\/centro-genetica-genomica\/wp-json\/wp\/v2\/comments?post=153"}],"version-history":[{"count":1,"href":"https:\/\/medicina.udd.cl\/centro-genetica-genomica\/wp-json\/wp\/v2\/pages\/153\/revisions"}],"predecessor-version":[{"id":189,"href":"https:\/\/medicina.udd.cl\/centro-genetica-genomica\/wp-json\/wp\/v2\/pages\/153\/revisions\/189"}],"up":[{"embeddable":true,"href":"https:\/\/medicina.udd.cl\/centro-genetica-genomica\/wp-json\/wp\/v2\/pages\/121"}],"wp:attachment":[{"href":"https:\/\/medicina.udd.cl\/centro-genetica-genomica\/wp-json\/wp\/v2\/media?parent=153"}],"curies":[{"name":"wp","href":"https:\/\/api.w.org\/{rel}","templated":true}]}}