{"id":1961,"date":"2017-07-21T16:16:59","date_gmt":"2017-07-21T20:16:59","guid":{"rendered":"http:\/\/medicina.udd.cl\/centro-genetica-genomica\/?page_id=1961"},"modified":"2017-07-24T17:18:40","modified_gmt":"2017-07-24T21:18:40","slug":"informacion-clinica","status":"publish","type":"page","link":"https:\/\/medicina.udd.cl\/centro-genetica-genomica\/informacion-clinica\/","title":{"rendered":"Informaci\u00f3n cl\u00ednica"},"content":{"rendered":"<table style=\"height: 196px;\">\n<tbody>\n<tr>\n<td><a href=\"http:\/\/medicina.udd.cl\/centro-genetica-genomica\/files\/2017\/07\/informaci\u00f3n-cl\u00ednica-1.jpg\" rel=\"attachment wp-att-1964\"><img loading=\"lazy\" decoding=\"async\" class=\"alignnone size-full wp-image-1964\" src=\"http:\/\/medicina.udd.cl\/centro-genetica-genomica\/files\/2017\/07\/informaci\u00f3n-cl\u00ednica-1.jpg\" alt=\"informaci\u00f3n cl\u00ednica 1\" width=\"255\" height=\"188\" \/><\/a><\/td>\n<td><\/td>\n<td><a href=\"http:\/\/medicina.udd.cl\/centro-genetica-genomica\/files\/2017\/07\/informaci\u00f3n-cl\u00ednica-2.jpg\" rel=\"attachment wp-att-1965\"><img loading=\"lazy\" decoding=\"async\" class=\"alignnone wp-image-1965\" src=\"http:\/\/medicina.udd.cl\/centro-genetica-genomica\/files\/2017\/07\/informaci\u00f3n-cl\u00ednica-2-300x217.jpg\" alt=\"informaci\u00f3n cl\u00ednica 2\" width=\"259\" height=\"188\" srcset=\"https:\/\/medicina.udd.cl\/centro-genetica-genomica\/files\/2017\/07\/informaci\u00f3n-cl\u00ednica-2-300x217.jpg 300w, https:\/\/medicina.udd.cl\/centro-genetica-genomica\/files\/2017\/07\/informaci\u00f3n-cl\u00ednica-2-87x62.jpg 87w, https:\/\/medicina.udd.cl\/centro-genetica-genomica\/files\/2017\/07\/informaci\u00f3n-cl\u00ednica-2.jpg 356w\" sizes=\"auto, (max-width: 259px) 100vw, 259px\" \/><\/a><\/td>\n<\/tr>\n<\/tbody>\n<\/table>\n<p style=\"text-align: justify;\">Profesionales de la salud miembros de nuestro equipo atienden pacientes en la Cl\u00ednica Alemana y el Hospital Padre Hurtado. Adem\u00e1s ofrecemos servicios de laboratorio y diagn\u00f3stico molecular a trav\u00e9s de nuestro spin-off Biosoluciones.<\/p>\n<ul>\n<li style=\"text-align: justify;\">\n<h5><strong><a href=\"https:\/\/portal.alemana.cl\/wps\/wcm\/connect\/Internet\/Home\/medicos-y-especialidades\/Pediatria\/genetica-clinica\">Cl\u00ednica Alemana<\/a><\/strong><\/h5>\n<\/li>\n<li style=\"text-align: justify;\">\n<h5><strong><a href=\"http:\/\/www.hph.cl\/\">Hospital Padre Hurtado<\/a><\/strong><\/h5>\n<\/li>\n<\/ul>\n","protected":false},"excerpt":{"rendered":"<p>Profesionales de la salud miembros de nuestro equipo atienden pacientes en la Cl\u00ednica Alemana y el Hospital Padre Hurtado. Adem\u00e1s ofrecemos servicios de laboratorio y diagn\u00f3stico molecular a trav\u00e9s de nuestro spin-off Biosoluciones. Cl\u00ednica Alemana Hospital Padre Hurtado<\/p>\n","protected":false},"author":42,"featured_media":0,"parent":0,"menu_order":0,"comment_status":"closed","ping_status":"closed","template":"template-wide-content.php","meta":{"footnotes":""},"class_list":["post-1961","page","type-page","status-publish","hentry"],"yoast_head":"<!-- This site is optimized with the Yoast SEO plugin v26.9 - https:\/\/yoast.com\/product\/yoast-seo-wordpress\/ -->\n<title>Informaci\u00f3n cl\u00ednica - Centro de Gen\u00e9tica y Gen\u00f3mica<\/title>\n<meta name=\"robots\" content=\"index, follow, max-snippet:-1, max-image-preview:large, max-video-preview:-1\" \/>\n<link rel=\"canonical\" href=\"https:\/\/medicina.udd.cl\/centro-genetica-genomica\/informacion-clinica\/\" \/>\n<meta property=\"og:locale\" content=\"es_ES\" \/>\n<meta property=\"og:type\" content=\"article\" \/>\n<meta property=\"og:title\" content=\"Informaci\u00f3n cl\u00ednica - Centro de Gen\u00e9tica y Gen\u00f3mica\" \/>\n<meta property=\"og:description\" content=\"Profesionales de la salud miembros de nuestro equipo atienden pacientes en la Cl\u00ednica Alemana y el Hospital Padre Hurtado. Adem\u00e1s ofrecemos servicios de laboratorio y diagn\u00f3stico molecular a trav\u00e9s de nuestro spin-off Biosoluciones. Cl\u00ednica Alemana Hospital Padre Hurtado\" \/>\n<meta property=\"og:url\" content=\"https:\/\/medicina.udd.cl\/centro-genetica-genomica\/informacion-clinica\/\" \/>\n<meta property=\"og:site_name\" content=\"Centro de Gen\u00e9tica y Gen\u00f3mica\" \/>\n<meta property=\"article:modified_time\" content=\"2017-07-24T21:18:40+00:00\" \/>\n<script type=\"application\/ld+json\" class=\"yoast-schema-graph\">{\"@context\":\"https:\/\/schema.org\",\"@graph\":[{\"@type\":\"WebPage\",\"@id\":\"https:\/\/medicina.udd.cl\/centro-genetica-genomica\/informacion-clinica\/\",\"url\":\"https:\/\/medicina.udd.cl\/centro-genetica-genomica\/informacion-clinica\/\",\"name\":\"Informaci\u00f3n cl\u00ednica - Centro de Gen\u00e9tica y Gen\u00f3mica\",\"isPartOf\":{\"@id\":\"https:\/\/medicina.udd.cl\/centro-genetica-genomica\/#website\"},\"datePublished\":\"2017-07-21T20:16:59+00:00\",\"dateModified\":\"2017-07-24T21:18:40+00:00\",\"breadcrumb\":{\"@id\":\"https:\/\/medicina.udd.cl\/centro-genetica-genomica\/informacion-clinica\/#breadcrumb\"},\"inLanguage\":\"es\",\"potentialAction\":[{\"@type\":\"ReadAction\",\"target\":[\"https:\/\/medicina.udd.cl\/centro-genetica-genomica\/informacion-clinica\/\"]}]},{\"@type\":\"BreadcrumbList\",\"@id\":\"https:\/\/medicina.udd.cl\/centro-genetica-genomica\/informacion-clinica\/#breadcrumb\",\"itemListElement\":[{\"@type\":\"ListItem\",\"position\":1,\"name\":\"Inicio\",\"item\":\"https:\/\/medicina.udd.cl\/centro-genetica-genomica\/\"},{\"@type\":\"ListItem\",\"position\":2,\"name\":\"Informaci\u00f3n cl\u00ednica\"}]},{\"@type\":\"WebSite\",\"@id\":\"https:\/\/medicina.udd.cl\/centro-genetica-genomica\/#website\",\"url\":\"https:\/\/medicina.udd.cl\/centro-genetica-genomica\/\",\"name\":\"Centro de Gen\u00e9tica y Gen\u00f3mica\",\"description\":\"\",\"inLanguage\":\"es\"}]}<\/script>\n<!-- \/ Yoast SEO plugin. -->","yoast_head_json":{"title":"Informaci\u00f3n cl\u00ednica - Centro de Gen\u00e9tica y Gen\u00f3mica","robots":{"index":"index","follow":"follow","max-snippet":"max-snippet:-1","max-image-preview":"max-image-preview:large","max-video-preview":"max-video-preview:-1"},"canonical":"https:\/\/medicina.udd.cl\/centro-genetica-genomica\/informacion-clinica\/","og_locale":"es_ES","og_type":"article","og_title":"Informaci\u00f3n cl\u00ednica - Centro de Gen\u00e9tica y Gen\u00f3mica","og_description":"Profesionales de la salud miembros de nuestro equipo atienden pacientes en la Cl\u00ednica Alemana y el Hospital Padre Hurtado. Adem\u00e1s ofrecemos servicios de laboratorio y diagn\u00f3stico molecular a trav\u00e9s de nuestro spin-off Biosoluciones. Cl\u00ednica Alemana Hospital Padre Hurtado","og_url":"https:\/\/medicina.udd.cl\/centro-genetica-genomica\/informacion-clinica\/","og_site_name":"Centro de Gen\u00e9tica y Gen\u00f3mica","article_modified_time":"2017-07-24T21:18:40+00:00","schema":{"@context":"https:\/\/schema.org","@graph":[{"@type":"WebPage","@id":"https:\/\/medicina.udd.cl\/centro-genetica-genomica\/informacion-clinica\/","url":"https:\/\/medicina.udd.cl\/centro-genetica-genomica\/informacion-clinica\/","name":"Informaci\u00f3n cl\u00ednica - Centro de Gen\u00e9tica y Gen\u00f3mica","isPartOf":{"@id":"https:\/\/medicina.udd.cl\/centro-genetica-genomica\/#website"},"datePublished":"2017-07-21T20:16:59+00:00","dateModified":"2017-07-24T21:18:40+00:00","breadcrumb":{"@id":"https:\/\/medicina.udd.cl\/centro-genetica-genomica\/informacion-clinica\/#breadcrumb"},"inLanguage":"es","potentialAction":[{"@type":"ReadAction","target":["https:\/\/medicina.udd.cl\/centro-genetica-genomica\/informacion-clinica\/"]}]},{"@type":"BreadcrumbList","@id":"https:\/\/medicina.udd.cl\/centro-genetica-genomica\/informacion-clinica\/#breadcrumb","itemListElement":[{"@type":"ListItem","position":1,"name":"Inicio","item":"https:\/\/medicina.udd.cl\/centro-genetica-genomica\/"},{"@type":"ListItem","position":2,"name":"Informaci\u00f3n cl\u00ednica"}]},{"@type":"WebSite","@id":"https:\/\/medicina.udd.cl\/centro-genetica-genomica\/#website","url":"https:\/\/medicina.udd.cl\/centro-genetica-genomica\/","name":"Centro de Gen\u00e9tica y Gen\u00f3mica","description":"","inLanguage":"es"}]}},"_links":{"self":[{"href":"https:\/\/medicina.udd.cl\/centro-genetica-genomica\/wp-json\/wp\/v2\/pages\/1961","targetHints":{"allow":["GET"]}}],"collection":[{"href":"https:\/\/medicina.udd.cl\/centro-genetica-genomica\/wp-json\/wp\/v2\/pages"}],"about":[{"href":"https:\/\/medicina.udd.cl\/centro-genetica-genomica\/wp-json\/wp\/v2\/types\/page"}],"author":[{"embeddable":true,"href":"https:\/\/medicina.udd.cl\/centro-genetica-genomica\/wp-json\/wp\/v2\/users\/42"}],"replies":[{"embeddable":true,"href":"https:\/\/medicina.udd.cl\/centro-genetica-genomica\/wp-json\/wp\/v2\/comments?post=1961"}],"version-history":[{"count":17,"href":"https:\/\/medicina.udd.cl\/centro-genetica-genomica\/wp-json\/wp\/v2\/pages\/1961\/revisions"}],"predecessor-version":[{"id":2048,"href":"https:\/\/medicina.udd.cl\/centro-genetica-genomica\/wp-json\/wp\/v2\/pages\/1961\/revisions\/2048"}],"wp:attachment":[{"href":"https:\/\/medicina.udd.cl\/centro-genetica-genomica\/wp-json\/wp\/v2\/media?parent=1961"}],"curies":[{"name":"wp","href":"https:\/\/api.w.org\/{rel}","templated":true}]}}