{"id":1970,"date":"2017-07-21T16:27:10","date_gmt":"2017-07-21T20:27:10","guid":{"rendered":"http:\/\/medicina.udd.cl\/centro-genetica-genomica\/?page_id=1970"},"modified":"2017-07-21T16:27:10","modified_gmt":"2017-07-21T20:27:10","slug":"preguntas-frecuentes","status":"publish","type":"page","link":"https:\/\/medicina.udd.cl\/centro-genetica-genomica\/informacion-clinica\/preguntas-frecuentes\/","title":{"rendered":"Preguntas frecuentes"},"content":{"rendered":"<p style=\"text-align: justify;\"><b>\u00bfQu\u00e9 es asesoramiento gen\u00e9tico?<\/b><\/p>\n<p style=\"text-align: justify;\"><span style=\"font-weight: 400;\">El asesoramiento gen\u00e9tico es el proceso de ayudar a las personas a comprender y adaptarse a las implicaciones m\u00e9dicas, psicol\u00f3gicas y familiares de las contribuciones gen\u00e9ticas a la enfermedad.\u00a0<\/span><span style=\"font-weight: 400;\">Por ejemplo:<\/span><\/p>\n<ul style=\"text-align: justify;\">\n<li><span style=\"font-weight: 400;\">C\u00f3mo las condiciones hereditarias pueden afectar a los pacientes y \u00a0sus familias.<\/span><\/li>\n<li><span style=\"font-weight: 400;\">C\u00f3mo los antecedentes cl\u00ednicos personales y familiares pueden afectar la probabilidad de que ocurra o se repita una condici\u00f3n hereditaria.<\/span><\/li>\n<li><span style=\"font-weight: 400;\">Qu\u00e9 estudios gen\u00e9ticos pueden ser adecuadas, y qu\u00e9 consisten esos estudios. C\u00f3mo tomar las decisiones m\u00e1s informadas sobre las condiciones de salud.<\/span><\/li>\n<\/ul>\n<p style=\"text-align: justify;\"><b>\u00bfQui\u00e9nes son asesores o consejeros gen\u00e9ticos? <\/b><\/p>\n<p style=\"text-align: justify;\"><span style=\"font-weight: 400;\">Los asesores gen\u00e9ticos son profesionales de la salud con capacitaci\u00f3n y experiencia en gen\u00e9tica m\u00e9dica y asesoramiento. Los asesores trabajan en equipo de salud multidisciplinarios proporcionando evaluaci\u00f3n de riesgo, educaci\u00f3n y apoyo psicoemocional a pacientes y familias en riesgo o con diagn\u00f3stico de una variedad de condiciones hereditarias. <\/span><\/p>\n<p style=\"text-align: justify;\"><b>\u00bfPor qu\u00e9 se indica una consulta de asesoramiento gen\u00e9tico?<\/b><\/p>\n<p style=\"text-align: justify;\"><span style=\"font-weight: 400;\">El consejo gen\u00e9tico es una subespecialidad dentro de la gen\u00e9tica y puede ofrecerse por distintas razones. <\/span><\/p>\n<ul style=\"text-align: justify;\">\n<li><span style=\"font-weight: 400;\">Puede ser que usted presente antecedentes personales y\/o familiares de c\u00e1ncer u otras enfermedades comunes del adulto con diagn\u00f3stico precoz. \u00a0\u00a0\u00a0<\/span><\/li>\n<li><span style=\"font-weight: 400;\">Que su hijo\/a \u00a0posea un determinado s\u00edndrome hereditario \u00a0y desee \u00a0m\u00e1s informaci\u00f3n sobre el s\u00edndrome o recursos de apoyo. <\/span><\/li>\n<li><span style=\"font-weight: 400;\">Parejas o mujeres embarazadas que quisieran saber sus riesgos de tener un hijo con una condici\u00f3n gen\u00e9tica en base a los antecedentes personales o \u00a0familiares. <\/span><\/li>\n<\/ul>\n<p style=\"text-align: justify;\"><b>\u00bfQu\u00e9 beneficios aporta una consulta de asesoramiento gen\u00e9tico?<\/b><\/p>\n<p style=\"text-align: justify;\"><span style=\"font-weight: 400;\">Durante la entrevista de asesoramiento gen\u00e9tico la asesora gen\u00e9tica puede ayudar de varias maneras que incluyen:<\/span><\/p>\n<ul style=\"text-align: justify;\">\n<li style=\"font-weight: 400;\"><span style=\"font-weight: 400;\">Proporcionando informaci\u00f3n sobre la enfermedad y c\u00f3mo se hereda. <\/span><\/li>\n<li style=\"font-weight: 400;\"><span style=\"font-weight: 400;\">Discutiendo informaci\u00f3n sobre los riesgos de padecer la enfermedad en un futuro. <\/span><\/li>\n<li style=\"font-weight: 400;\"><span style=\"font-weight: 400;\">Explicando informaci\u00f3n sobre los distintos tipos de estudios gen\u00e9ticos disponibles, los beneficios, limitaciones y riesgos para confirmar un diagn\u00f3stico. <\/span><\/li>\n<li style=\"font-weight: 400;\"><span style=\"font-weight: 400;\">Discutiendo las implicancias que pueden tener los resultados de los estudios gen\u00e9ticos para usted y otros familiares.<\/span><\/li>\n<li style=\"font-weight: 400;\"><span style=\"font-weight: 400;\">Discutiendo el riesgo que \u00a0tienen sus hijos de heredar la enfermedad. <\/span><\/li>\n<li style=\"font-weight: 400;\"><span style=\"font-weight: 400;\">Proporcionando \u00a0informaci\u00f3n sobre medidas de prevenci\u00f3n y opciones de tratamiento.<\/span><\/li>\n<li style=\"font-weight: 400;\"><span style=\"font-weight: 400;\">Respondiendo a las dudas que tenga sobre la enfermedad diagnosticada y entregando informaci\u00f3n sobre asociaciones de apoyo. <\/span><\/li>\n<li style=\"font-weight: 400;\"><span style=\"font-weight: 400;\">Discutiendo \u00a0de c\u00f3mo se puede vivir con la enfermedad y que ayudas tanto m\u00e9dicas como sociales est\u00e1n disponibles<\/span><\/li>\n<\/ul>\n<p style=\"text-align: justify;\"><b>Si se obtiene asesoramiento gen\u00e9tico \u00bfes necesario realizar un estudio gen\u00e9tico?<\/b><\/p>\n<p style=\"text-align: justify;\"><span style=\"font-weight: 400;\">No, el rol de la asesora gen\u00e9tica es proveer informaci\u00f3n para que se tome una decisi\u00f3n informada de acuerdo a las circunstancias. No todos los pacientes que obtienen asesoramiento deciden realizarse un estudio gen\u00e9tico, cada paciente decide si desea realizarse el estudio o no. <\/span><\/p>\n<p style=\"text-align: justify;\"><b>Si s\u00f3lo deseo realizarme un estudio gen\u00e9tico, \u00bfpor qu\u00e9 necesito asesoramiento gen\u00e9tico? <\/b><\/p>\n<p style=\"text-align: justify;\"><span style=\"font-weight: 400;\">No se recomiendan estudios gen\u00e9ticos para cualquier persona. Durante la evaluaci\u00f3n de los antecedentes y del riesgo hereditario, la asesora gen\u00e9tica le ayudar\u00e1 a determinar si el estudio es \u00fatil para usted. \u00a0Cuando se realiza un estudio gen\u00e9tico se empieza \u00a0por un familiar afectado con la condici\u00f3n que se sospecha hereditaria. Los pacientes deben considerar con mucha precauci\u00f3n si deber\u00edan o no realizarse el estudio. Durante la consulta de asesoramiento antes de realizar un estudio gen\u00e9tico, se discute cualquier preocupaci\u00f3n o duda que tenga sobre un estudio gen\u00e9tico determinado, as\u00ed \u00a0como los posibles resultados. Se discutir\u00e1 los costos, y temas relacionados a la confidencialidad y discriminaci\u00f3n. <\/span><\/p>\n<p style=\"text-align: justify;\"><b>\u00bfQu\u00e9 informaci\u00f3n es importante para a la consulta de asesoramiento gen\u00e9tico? <\/b><\/p>\n<p style=\"text-align: justify;\"><span style=\"font-weight: 400;\">Por lo general, se aconseja traer sus antecedentes m\u00e9dicos personales, \u00a0resultados de ex\u00e1menes, r\u00e9cords de cualquier cirug\u00eda o procedimientos m\u00e9dicos que se haya realizado. \u00a0Adem\u00e1s es de suma importancia \u00a0el \u00a0obtener \u00a0informaci\u00f3n sobre las enfermedades de los familiares, como ser: confirmaci\u00f3n de diagn\u00f3stico, edades de diagn\u00f3stico y fallecimiento, causa de fallecimiento, relaci\u00f3n de parentesco y etnicidad. \u00a0<\/span><\/p>\n<p style=\"text-align: justify;\"><span style=\"font-weight: 400;\">Toda informaci\u00f3n acerca de \u00a0los familiares afectados con una determinada condici\u00f3n que se transmita en la familia, asiste en el diagn\u00f3stico de la condici\u00f3n hereditaria. Toda informaci\u00f3n obtenida ser\u00e1 manejada con extrema confidencialidad. <\/span><\/p>\n<p style=\"text-align: justify;\"><b>\u00bfA qui\u00e9n puedo traer a la consulta?<\/b><\/p>\n<p style=\"text-align: justify;\"><span style=\"font-weight: 400;\">Si a usted le gustar\u00eda contar con el \u00a0apoyo de su pareja, alg\u00fan familiar o un amigo cercano deber\u00eda traerlo a la consulta. \u00a0\u00a0En el caso de que otros familiares est\u00e9n afectados con la misma enfermedad o poseen \u00a0tambi\u00e9n riesgos de desarrollarla, pueden tambi\u00e9n acompa\u00f1arlo a la consulta. Sin embargo, si alguno desea una evaluaci\u00f3n personalizada, deben realizar una consulta individual. <\/span><\/p>\n<p style=\"text-align: justify;\"><strong>\u00bfCu\u00e1nto dura la consulta de consejo gen\u00e9tico?<\/strong><\/p>\n<p style=\"text-align: justify;\"><span style=\"font-weight: 400;\">Si es la primera vez que viene a consejer\u00eda gen\u00e9tica la consulta dura aproximadamente una hora. \u00a0Para controles de seguimiento las consultas demoran aproximadamente media hora. \u00a0<\/span><\/p>\n<p style=\"text-align: justify;\"><b>\u00bfExiste cobertura de seguro de salud?<\/b><\/p>\n<p style=\"text-align: justify;\"><span style=\"font-weight: 400;\">No para la gran mayor\u00eda de estudios gen\u00e9ticos moleculares. En Chile, el asesoramiento gen\u00e9tico y la gran mayor\u00eda de los estudios gen\u00e9ticos moleculares no est\u00e1n cubiertos por seguros de salud. \u00a0Tampoco contamos con medidas protectoras que proh\u00edban la discriminaci\u00f3n. <\/span><\/p>\n","protected":false},"excerpt":{"rendered":"<p>\u00bfQu\u00e9 es asesoramiento gen\u00e9tico? El asesoramiento gen\u00e9tico es el proceso de ayudar a las personas a comprender y adaptarse a las implicaciones m\u00e9dicas, psicol\u00f3gicas y familiares de las contribuciones gen\u00e9ticas a la enfermedad.\u00a0Por ejemplo: C\u00f3mo las condiciones hereditarias pueden afectar a los pacientes y \u00a0sus familias. C\u00f3mo los antecedentes cl\u00ednicos personales y familiares pueden afectar [&hellip;]<\/p>\n","protected":false},"author":42,"featured_media":0,"parent":1961,"menu_order":0,"comment_status":"closed","ping_status":"closed","template":"","meta":{"footnotes":""},"class_list":["post-1970","page","type-page","status-publish","hentry"],"yoast_head":"<!-- This site is optimized with the Yoast SEO plugin v26.9 - https:\/\/yoast.com\/product\/yoast-seo-wordpress\/ -->\n<title>Preguntas frecuentes - Centro de Gen\u00e9tica y Gen\u00f3mica<\/title>\n<meta name=\"robots\" content=\"index, follow, max-snippet:-1, max-image-preview:large, max-video-preview:-1\" \/>\n<link rel=\"canonical\" href=\"https:\/\/medicina.udd.cl\/centro-genetica-genomica\/informacion-clinica\/preguntas-frecuentes\/\" \/>\n<meta property=\"og:locale\" content=\"es_ES\" \/>\n<meta property=\"og:type\" content=\"article\" \/>\n<meta property=\"og:title\" content=\"Preguntas frecuentes - Centro de Gen\u00e9tica y Gen\u00f3mica\" \/>\n<meta property=\"og:description\" content=\"\u00bfQu\u00e9 es asesoramiento gen\u00e9tico? El asesoramiento gen\u00e9tico es el proceso de ayudar a las personas a comprender y adaptarse a las implicaciones m\u00e9dicas, psicol\u00f3gicas y familiares de las contribuciones gen\u00e9ticas a la enfermedad.\u00a0Por ejemplo: C\u00f3mo las condiciones hereditarias pueden afectar a los pacientes y \u00a0sus familias. C\u00f3mo los antecedentes cl\u00ednicos personales y familiares pueden afectar [&hellip;]\" \/>\n<meta property=\"og:url\" content=\"https:\/\/medicina.udd.cl\/centro-genetica-genomica\/informacion-clinica\/preguntas-frecuentes\/\" \/>\n<meta property=\"og:site_name\" content=\"Centro de Gen\u00e9tica y Gen\u00f3mica\" \/>\n<meta name=\"twitter:label1\" content=\"Tiempo de lectura\" \/>\n\t<meta name=\"twitter:data1\" content=\"4 minutos\" \/>\n<script type=\"application\/ld+json\" class=\"yoast-schema-graph\">{\"@context\":\"https:\/\/schema.org\",\"@graph\":[{\"@type\":\"WebPage\",\"@id\":\"https:\/\/medicina.udd.cl\/centro-genetica-genomica\/informacion-clinica\/preguntas-frecuentes\/\",\"url\":\"https:\/\/medicina.udd.cl\/centro-genetica-genomica\/informacion-clinica\/preguntas-frecuentes\/\",\"name\":\"Preguntas frecuentes - Centro de Gen\u00e9tica y Gen\u00f3mica\",\"isPartOf\":{\"@id\":\"https:\/\/medicina.udd.cl\/centro-genetica-genomica\/#website\"},\"datePublished\":\"2017-07-21T20:27:10+00:00\",\"breadcrumb\":{\"@id\":\"https:\/\/medicina.udd.cl\/centro-genetica-genomica\/informacion-clinica\/preguntas-frecuentes\/#breadcrumb\"},\"inLanguage\":\"es\",\"potentialAction\":[{\"@type\":\"ReadAction\",\"target\":[\"https:\/\/medicina.udd.cl\/centro-genetica-genomica\/informacion-clinica\/preguntas-frecuentes\/\"]}]},{\"@type\":\"BreadcrumbList\",\"@id\":\"https:\/\/medicina.udd.cl\/centro-genetica-genomica\/informacion-clinica\/preguntas-frecuentes\/#breadcrumb\",\"itemListElement\":[{\"@type\":\"ListItem\",\"position\":1,\"name\":\"Inicio\",\"item\":\"https:\/\/medicina.udd.cl\/centro-genetica-genomica\/\"},{\"@type\":\"ListItem\",\"position\":2,\"name\":\"Informaci\u00f3n cl\u00ednica\",\"item\":\"https:\/\/medicina.udd.cl\/centro-genetica-genomica\/informacion-clinica\/\"},{\"@type\":\"ListItem\",\"position\":3,\"name\":\"Preguntas frecuentes\"}]},{\"@type\":\"WebSite\",\"@id\":\"https:\/\/medicina.udd.cl\/centro-genetica-genomica\/#website\",\"url\":\"https:\/\/medicina.udd.cl\/centro-genetica-genomica\/\",\"name\":\"Centro de Gen\u00e9tica y Gen\u00f3mica\",\"description\":\"\",\"inLanguage\":\"es\"}]}<\/script>\n<!-- \/ Yoast SEO plugin. -->","yoast_head_json":{"title":"Preguntas frecuentes - Centro de Gen\u00e9tica y Gen\u00f3mica","robots":{"index":"index","follow":"follow","max-snippet":"max-snippet:-1","max-image-preview":"max-image-preview:large","max-video-preview":"max-video-preview:-1"},"canonical":"https:\/\/medicina.udd.cl\/centro-genetica-genomica\/informacion-clinica\/preguntas-frecuentes\/","og_locale":"es_ES","og_type":"article","og_title":"Preguntas frecuentes - Centro de Gen\u00e9tica y Gen\u00f3mica","og_description":"\u00bfQu\u00e9 es asesoramiento gen\u00e9tico? El asesoramiento gen\u00e9tico es el proceso de ayudar a las personas a comprender y adaptarse a las implicaciones m\u00e9dicas, psicol\u00f3gicas y familiares de las contribuciones gen\u00e9ticas a la enfermedad.\u00a0Por ejemplo: C\u00f3mo las condiciones hereditarias pueden afectar a los pacientes y \u00a0sus familias. C\u00f3mo los antecedentes cl\u00ednicos personales y familiares pueden afectar [&hellip;]","og_url":"https:\/\/medicina.udd.cl\/centro-genetica-genomica\/informacion-clinica\/preguntas-frecuentes\/","og_site_name":"Centro de Gen\u00e9tica y Gen\u00f3mica","twitter_misc":{"Tiempo de lectura":"4 minutos"},"schema":{"@context":"https:\/\/schema.org","@graph":[{"@type":"WebPage","@id":"https:\/\/medicina.udd.cl\/centro-genetica-genomica\/informacion-clinica\/preguntas-frecuentes\/","url":"https:\/\/medicina.udd.cl\/centro-genetica-genomica\/informacion-clinica\/preguntas-frecuentes\/","name":"Preguntas frecuentes - Centro de Gen\u00e9tica y Gen\u00f3mica","isPartOf":{"@id":"https:\/\/medicina.udd.cl\/centro-genetica-genomica\/#website"},"datePublished":"2017-07-21T20:27:10+00:00","breadcrumb":{"@id":"https:\/\/medicina.udd.cl\/centro-genetica-genomica\/informacion-clinica\/preguntas-frecuentes\/#breadcrumb"},"inLanguage":"es","potentialAction":[{"@type":"ReadAction","target":["https:\/\/medicina.udd.cl\/centro-genetica-genomica\/informacion-clinica\/preguntas-frecuentes\/"]}]},{"@type":"BreadcrumbList","@id":"https:\/\/medicina.udd.cl\/centro-genetica-genomica\/informacion-clinica\/preguntas-frecuentes\/#breadcrumb","itemListElement":[{"@type":"ListItem","position":1,"name":"Inicio","item":"https:\/\/medicina.udd.cl\/centro-genetica-genomica\/"},{"@type":"ListItem","position":2,"name":"Informaci\u00f3n cl\u00ednica","item":"https:\/\/medicina.udd.cl\/centro-genetica-genomica\/informacion-clinica\/"},{"@type":"ListItem","position":3,"name":"Preguntas frecuentes"}]},{"@type":"WebSite","@id":"https:\/\/medicina.udd.cl\/centro-genetica-genomica\/#website","url":"https:\/\/medicina.udd.cl\/centro-genetica-genomica\/","name":"Centro de Gen\u00e9tica y Gen\u00f3mica","description":"","inLanguage":"es"}]}},"_links":{"self":[{"href":"https:\/\/medicina.udd.cl\/centro-genetica-genomica\/wp-json\/wp\/v2\/pages\/1970","targetHints":{"allow":["GET"]}}],"collection":[{"href":"https:\/\/medicina.udd.cl\/centro-genetica-genomica\/wp-json\/wp\/v2\/pages"}],"about":[{"href":"https:\/\/medicina.udd.cl\/centro-genetica-genomica\/wp-json\/wp\/v2\/types\/page"}],"author":[{"embeddable":true,"href":"https:\/\/medicina.udd.cl\/centro-genetica-genomica\/wp-json\/wp\/v2\/users\/42"}],"replies":[{"embeddable":true,"href":"https:\/\/medicina.udd.cl\/centro-genetica-genomica\/wp-json\/wp\/v2\/comments?post=1970"}],"version-history":[{"count":1,"href":"https:\/\/medicina.udd.cl\/centro-genetica-genomica\/wp-json\/wp\/v2\/pages\/1970\/revisions"}],"predecessor-version":[{"id":1971,"href":"https:\/\/medicina.udd.cl\/centro-genetica-genomica\/wp-json\/wp\/v2\/pages\/1970\/revisions\/1971"}],"up":[{"embeddable":true,"href":"https:\/\/medicina.udd.cl\/centro-genetica-genomica\/wp-json\/wp\/v2\/pages\/1961"}],"wp:attachment":[{"href":"https:\/\/medicina.udd.cl\/centro-genetica-genomica\/wp-json\/wp\/v2\/media?parent=1970"}],"curies":[{"name":"wp","href":"https:\/\/api.w.org\/{rel}","templated":true}]}}