{"id":2125,"date":"2017-08-28T17:03:55","date_gmt":"2017-08-28T20:03:55","guid":{"rendered":"http:\/\/medicina.udd.cl\/centro-genetica-genomica\/?page_id=2125"},"modified":"2020-07-31T18:27:20","modified_gmt":"2020-07-31T22:27:20","slug":"servicio-de-analisis-bioinformatico-sabio","status":"publish","type":"page","link":"https:\/\/medicina.udd.cl\/centro-genetica-genomica\/investigacion\/servicio-de-analisis-bioinformatico-sabio\/","title":{"rendered":"Servicio de An\u00e1lisis Bioinform\u00e1tico (SABio)"},"content":{"rendered":"<p style=\"text-align: justify;\"><a href=\"http:\/\/medicina.udd.cl\/centro-genetica-genomica\/files\/2017\/08\/BIOINFO-ICIM.014.png\" rel=\"attachment wp-att-2166\"><img loading=\"lazy\" decoding=\"async\" class=\"wp-image-2166 aligncenter\" src=\"http:\/\/medicina.udd.cl\/centro-genetica-genomica\/files\/2017\/08\/BIOINFO-ICIM.014.png\" alt=\"BIOINFO-ICIM.014\" width=\"550\" height=\"413\" srcset=\"https:\/\/medicina.udd.cl\/centro-genetica-genomica\/files\/2017\/08\/BIOINFO-ICIM.014.png 1024w, https:\/\/medicina.udd.cl\/centro-genetica-genomica\/files\/2017\/08\/BIOINFO-ICIM.014-300x225.png 300w, https:\/\/medicina.udd.cl\/centro-genetica-genomica\/files\/2017\/08\/BIOINFO-ICIM.014-768x576.png 768w, https:\/\/medicina.udd.cl\/centro-genetica-genomica\/files\/2017\/08\/BIOINFO-ICIM.014-960x720.png 960w\" sizes=\"auto, (max-width: 550px) 100vw, 550px\" \/><\/a>El <strong>Servicio de An\u00e1lisis Bioinform\u00e1tico (SABio)<\/strong> se constituye a partir del quehacer del Centro de Gen\u00e9tica y Gen\u00f3mica del Instituto de Ciencia e Innovaci\u00f3n en Medicina (ICIM) como un servicio a la comunidad de investigadores de la Facultad de Medicina Cl\u00ednica Alemana.<\/p>\n<p style=\"text-align: justify;\">La misi\u00f3n de <strong>SABio<\/strong> es coordinar los aspectos bioinform\u00e1ticos de la investigaci\u00f3n del ICIM, desde el dise\u00f1o experimental hasta la ejecuci\u00f3n de rutinas de an\u00e1lisis. Tenemos la experiencia para coordinar an\u00e1lisis estad\u00edsticos y \u00f3micos complejos, como el control de calidad de datos de secuenciaci\u00f3n masiva, llamado de variantes, transcript\u00f3mica y metagen\u00f3mica.<\/p>\n<h5><strong>Equipo:<\/strong><\/h5>\n<p><strong>Boris Rebolledo (coordinador)<\/strong><br \/>Ph.D. Bioinform\u00e1tica y Gen\u00f3mica<br \/>brebolledo@udd.cl<\/p>\n<p><strong>Marcelo Rojas (sys admin)<\/strong><br \/>Ingeniero en Bioinform\u00e1tica<br \/>marcelorojas@udd.cl<\/p>\n<h5><strong>Equipamiento:<\/strong><\/h5>\n<p>Contamos con un datacenter construido especialmente para albergar al cl\u00faster computacional \u201cSof\u00eda\u201d (del Griego \u201csabidur\u00eda\u201d, FONDEQUIP EQM150093), y un servidor HPE tipo torre (PMI UDD1204).<\/p>\n<p><a href=\"http:\/\/medicina.udd.cl\/centro-genetica-genomica\/files\/2017\/08\/servers.png\" rel=\"attachment wp-att-2128\"><img loading=\"lazy\" decoding=\"async\" class=\"aligncenter wp-image-2128\" src=\"http:\/\/medicina.udd.cl\/centro-genetica-genomica\/files\/2017\/08\/servers-300x176.png\" alt=\"servers\" width=\"500\" height=\"294\" srcset=\"https:\/\/medicina.udd.cl\/centro-genetica-genomica\/files\/2017\/08\/servers-300x176.png 300w, https:\/\/medicina.udd.cl\/centro-genetica-genomica\/files\/2017\/08\/servers-768x451.png 768w, https:\/\/medicina.udd.cl\/centro-genetica-genomica\/files\/2017\/08\/servers-1024x601.png 1024w, https:\/\/medicina.udd.cl\/centro-genetica-genomica\/files\/2017\/08\/servers-960x564.png 960w\" sizes=\"auto, (max-width: 500px) 100vw, 500px\" \/><\/a><\/p>\n<p style=\"text-align: center;\">Para hacer uso del poder computacional de \u201cSof\u00eda,\u201d es necesario solicitar acceso:<\/p>\n<h4 style=\"text-align: center;\"><span style=\"font-size: 12pt;\"><strong>Formulario de inscripci\u00f3n para el uso del cluster (temporalmente suspendido)<\/strong><\/span><\/h4>\n<p>\u00a0<\/p>\n<p>\u00a0<\/p>\n<p>\u00a0<\/p>\n<p>\u00a0<\/p>\n<p>\u00a0<\/p>\n<p>\u00a0<\/p>\n<p>\u00a0<\/p>\n<p>\u00a0<\/p>\n<p>\u00a0<\/p>\n<p>\u00a0<\/p>\n<p>\u00a0<\/p>\n<p>\u00a0<\/p>\n<p>\u00a0<\/p>\n<p>\u00a0<\/p>\n\n\n<p><\/p>\n","protected":false},"excerpt":{"rendered":"<p>El Servicio de An\u00e1lisis Bioinform\u00e1tico (SABio) se constituye a partir del quehacer del Centro de Gen\u00e9tica y Gen\u00f3mica del Instituto de Ciencia e Innovaci\u00f3n en Medicina (ICIM) como un servicio a la comunidad de investigadores de la Facultad de Medicina Cl\u00ednica Alemana. La misi\u00f3n de SABio es coordinar los aspectos bioinform\u00e1ticos de la investigaci\u00f3n del [&hellip;]<\/p>\n","protected":false},"author":42,"featured_media":0,"parent":27,"menu_order":0,"comment_status":"closed","ping_status":"closed","template":"template-wide-content.php","meta":{"footnotes":""},"class_list":["post-2125","page","type-page","status-publish","hentry"],"yoast_head":"<!-- This site is optimized with the Yoast SEO plugin v26.9 - https:\/\/yoast.com\/product\/yoast-seo-wordpress\/ -->\n<title>Servicio de An\u00e1lisis Bioinform\u00e1tico (SABio) - Centro de Gen\u00e9tica y Gen\u00f3mica<\/title>\n<meta name=\"robots\" content=\"index, follow, max-snippet:-1, max-image-preview:large, max-video-preview:-1\" \/>\n<link rel=\"canonical\" href=\"https:\/\/medicina.udd.cl\/centro-genetica-genomica\/investigacion\/servicio-de-analisis-bioinformatico-sabio\/\" \/>\n<meta property=\"og:locale\" content=\"es_ES\" \/>\n<meta property=\"og:type\" content=\"article\" \/>\n<meta property=\"og:title\" content=\"Servicio de An\u00e1lisis Bioinform\u00e1tico (SABio) - Centro de Gen\u00e9tica y Gen\u00f3mica\" \/>\n<meta property=\"og:description\" content=\"El Servicio de An\u00e1lisis Bioinform\u00e1tico (SABio) se constituye a partir del quehacer del Centro de Gen\u00e9tica y Gen\u00f3mica del Instituto de Ciencia e Innovaci\u00f3n en Medicina (ICIM) como un servicio a la comunidad de investigadores de la Facultad de Medicina Cl\u00ednica Alemana. La misi\u00f3n de SABio es coordinar los aspectos bioinform\u00e1ticos de la investigaci\u00f3n del [&hellip;]\" \/>\n<meta property=\"og:url\" content=\"https:\/\/medicina.udd.cl\/centro-genetica-genomica\/investigacion\/servicio-de-analisis-bioinformatico-sabio\/\" \/>\n<meta property=\"og:site_name\" content=\"Centro de Gen\u00e9tica y Gen\u00f3mica\" \/>\n<meta property=\"article:modified_time\" content=\"2020-07-31T22:27:20+00:00\" \/>\n<meta property=\"og:image\" content=\"http:\/\/medicina.udd.cl\/centro-genetica-genomica\/files\/2017\/08\/BIOINFO-ICIM.014.png\" \/>\n<meta name=\"twitter:label1\" content=\"Tiempo de lectura\" \/>\n\t<meta name=\"twitter:data1\" content=\"1 minuto\" \/>\n<script type=\"application\/ld+json\" class=\"yoast-schema-graph\">{\"@context\":\"https:\/\/schema.org\",\"@graph\":[{\"@type\":\"WebPage\",\"@id\":\"https:\/\/medicina.udd.cl\/centro-genetica-genomica\/investigacion\/servicio-de-analisis-bioinformatico-sabio\/\",\"url\":\"https:\/\/medicina.udd.cl\/centro-genetica-genomica\/investigacion\/servicio-de-analisis-bioinformatico-sabio\/\",\"name\":\"Servicio de An\u00e1lisis Bioinform\u00e1tico (SABio) - Centro de Gen\u00e9tica y Gen\u00f3mica\",\"isPartOf\":{\"@id\":\"https:\/\/medicina.udd.cl\/centro-genetica-genomica\/#website\"},\"primaryImageOfPage\":{\"@id\":\"https:\/\/medicina.udd.cl\/centro-genetica-genomica\/investigacion\/servicio-de-analisis-bioinformatico-sabio\/#primaryimage\"},\"image\":{\"@id\":\"https:\/\/medicina.udd.cl\/centro-genetica-genomica\/investigacion\/servicio-de-analisis-bioinformatico-sabio\/#primaryimage\"},\"thumbnailUrl\":\"http:\/\/medicina.udd.cl\/centro-genetica-genomica\/files\/2017\/08\/BIOINFO-ICIM.014.png\",\"datePublished\":\"2017-08-28T20:03:55+00:00\",\"dateModified\":\"2020-07-31T22:27:20+00:00\",\"breadcrumb\":{\"@id\":\"https:\/\/medicina.udd.cl\/centro-genetica-genomica\/investigacion\/servicio-de-analisis-bioinformatico-sabio\/#breadcrumb\"},\"inLanguage\":\"es\",\"potentialAction\":[{\"@type\":\"ReadAction\",\"target\":[\"https:\/\/medicina.udd.cl\/centro-genetica-genomica\/investigacion\/servicio-de-analisis-bioinformatico-sabio\/\"]}]},{\"@type\":\"ImageObject\",\"inLanguage\":\"es\",\"@id\":\"https:\/\/medicina.udd.cl\/centro-genetica-genomica\/investigacion\/servicio-de-analisis-bioinformatico-sabio\/#primaryimage\",\"url\":\"http:\/\/medicina.udd.cl\/centro-genetica-genomica\/files\/2017\/08\/BIOINFO-ICIM.014.png\",\"contentUrl\":\"http:\/\/medicina.udd.cl\/centro-genetica-genomica\/files\/2017\/08\/BIOINFO-ICIM.014.png\"},{\"@type\":\"BreadcrumbList\",\"@id\":\"https:\/\/medicina.udd.cl\/centro-genetica-genomica\/investigacion\/servicio-de-analisis-bioinformatico-sabio\/#breadcrumb\",\"itemListElement\":[{\"@type\":\"ListItem\",\"position\":1,\"name\":\"Inicio\",\"item\":\"https:\/\/medicina.udd.cl\/centro-genetica-genomica\/\"},{\"@type\":\"ListItem\",\"position\":2,\"name\":\"Investigaci\u00f3n\",\"item\":\"https:\/\/medicina.udd.cl\/centro-genetica-genomica\/investigacion\/\"},{\"@type\":\"ListItem\",\"position\":3,\"name\":\"Servicio de An\u00e1lisis Bioinform\u00e1tico (SABio)\"}]},{\"@type\":\"WebSite\",\"@id\":\"https:\/\/medicina.udd.cl\/centro-genetica-genomica\/#website\",\"url\":\"https:\/\/medicina.udd.cl\/centro-genetica-genomica\/\",\"name\":\"Centro de Gen\u00e9tica y Gen\u00f3mica\",\"description\":\"\",\"inLanguage\":\"es\"}]}<\/script>\n<!-- \/ Yoast SEO plugin. -->","yoast_head_json":{"title":"Servicio de An\u00e1lisis Bioinform\u00e1tico (SABio) - Centro de Gen\u00e9tica y Gen\u00f3mica","robots":{"index":"index","follow":"follow","max-snippet":"max-snippet:-1","max-image-preview":"max-image-preview:large","max-video-preview":"max-video-preview:-1"},"canonical":"https:\/\/medicina.udd.cl\/centro-genetica-genomica\/investigacion\/servicio-de-analisis-bioinformatico-sabio\/","og_locale":"es_ES","og_type":"article","og_title":"Servicio de An\u00e1lisis Bioinform\u00e1tico (SABio) - Centro de Gen\u00e9tica y Gen\u00f3mica","og_description":"El Servicio de An\u00e1lisis Bioinform\u00e1tico (SABio) se constituye a partir del quehacer del Centro de Gen\u00e9tica y Gen\u00f3mica del Instituto de Ciencia e Innovaci\u00f3n en Medicina (ICIM) como un servicio a la comunidad de investigadores de la Facultad de Medicina Cl\u00ednica Alemana. La misi\u00f3n de SABio es coordinar los aspectos bioinform\u00e1ticos de la investigaci\u00f3n del [&hellip;]","og_url":"https:\/\/medicina.udd.cl\/centro-genetica-genomica\/investigacion\/servicio-de-analisis-bioinformatico-sabio\/","og_site_name":"Centro de Gen\u00e9tica y Gen\u00f3mica","article_modified_time":"2020-07-31T22:27:20+00:00","og_image":[{"url":"http:\/\/medicina.udd.cl\/centro-genetica-genomica\/files\/2017\/08\/BIOINFO-ICIM.014.png","type":"","width":"","height":""}],"twitter_misc":{"Tiempo de lectura":"1 minuto"},"schema":{"@context":"https:\/\/schema.org","@graph":[{"@type":"WebPage","@id":"https:\/\/medicina.udd.cl\/centro-genetica-genomica\/investigacion\/servicio-de-analisis-bioinformatico-sabio\/","url":"https:\/\/medicina.udd.cl\/centro-genetica-genomica\/investigacion\/servicio-de-analisis-bioinformatico-sabio\/","name":"Servicio de An\u00e1lisis Bioinform\u00e1tico (SABio) - Centro de Gen\u00e9tica y Gen\u00f3mica","isPartOf":{"@id":"https:\/\/medicina.udd.cl\/centro-genetica-genomica\/#website"},"primaryImageOfPage":{"@id":"https:\/\/medicina.udd.cl\/centro-genetica-genomica\/investigacion\/servicio-de-analisis-bioinformatico-sabio\/#primaryimage"},"image":{"@id":"https:\/\/medicina.udd.cl\/centro-genetica-genomica\/investigacion\/servicio-de-analisis-bioinformatico-sabio\/#primaryimage"},"thumbnailUrl":"http:\/\/medicina.udd.cl\/centro-genetica-genomica\/files\/2017\/08\/BIOINFO-ICIM.014.png","datePublished":"2017-08-28T20:03:55+00:00","dateModified":"2020-07-31T22:27:20+00:00","breadcrumb":{"@id":"https:\/\/medicina.udd.cl\/centro-genetica-genomica\/investigacion\/servicio-de-analisis-bioinformatico-sabio\/#breadcrumb"},"inLanguage":"es","potentialAction":[{"@type":"ReadAction","target":["https:\/\/medicina.udd.cl\/centro-genetica-genomica\/investigacion\/servicio-de-analisis-bioinformatico-sabio\/"]}]},{"@type":"ImageObject","inLanguage":"es","@id":"https:\/\/medicina.udd.cl\/centro-genetica-genomica\/investigacion\/servicio-de-analisis-bioinformatico-sabio\/#primaryimage","url":"http:\/\/medicina.udd.cl\/centro-genetica-genomica\/files\/2017\/08\/BIOINFO-ICIM.014.png","contentUrl":"http:\/\/medicina.udd.cl\/centro-genetica-genomica\/files\/2017\/08\/BIOINFO-ICIM.014.png"},{"@type":"BreadcrumbList","@id":"https:\/\/medicina.udd.cl\/centro-genetica-genomica\/investigacion\/servicio-de-analisis-bioinformatico-sabio\/#breadcrumb","itemListElement":[{"@type":"ListItem","position":1,"name":"Inicio","item":"https:\/\/medicina.udd.cl\/centro-genetica-genomica\/"},{"@type":"ListItem","position":2,"name":"Investigaci\u00f3n","item":"https:\/\/medicina.udd.cl\/centro-genetica-genomica\/investigacion\/"},{"@type":"ListItem","position":3,"name":"Servicio de An\u00e1lisis Bioinform\u00e1tico (SABio)"}]},{"@type":"WebSite","@id":"https:\/\/medicina.udd.cl\/centro-genetica-genomica\/#website","url":"https:\/\/medicina.udd.cl\/centro-genetica-genomica\/","name":"Centro de Gen\u00e9tica y Gen\u00f3mica","description":"","inLanguage":"es"}]}},"_links":{"self":[{"href":"https:\/\/medicina.udd.cl\/centro-genetica-genomica\/wp-json\/wp\/v2\/pages\/2125","targetHints":{"allow":["GET"]}}],"collection":[{"href":"https:\/\/medicina.udd.cl\/centro-genetica-genomica\/wp-json\/wp\/v2\/pages"}],"about":[{"href":"https:\/\/medicina.udd.cl\/centro-genetica-genomica\/wp-json\/wp\/v2\/types\/page"}],"author":[{"embeddable":true,"href":"https:\/\/medicina.udd.cl\/centro-genetica-genomica\/wp-json\/wp\/v2\/users\/42"}],"replies":[{"embeddable":true,"href":"https:\/\/medicina.udd.cl\/centro-genetica-genomica\/wp-json\/wp\/v2\/comments?post=2125"}],"version-history":[{"count":12,"href":"https:\/\/medicina.udd.cl\/centro-genetica-genomica\/wp-json\/wp\/v2\/pages\/2125\/revisions"}],"predecessor-version":[{"id":2482,"href":"https:\/\/medicina.udd.cl\/centro-genetica-genomica\/wp-json\/wp\/v2\/pages\/2125\/revisions\/2482"}],"up":[{"embeddable":true,"href":"https:\/\/medicina.udd.cl\/centro-genetica-genomica\/wp-json\/wp\/v2\/pages\/27"}],"wp:attachment":[{"href":"https:\/\/medicina.udd.cl\/centro-genetica-genomica\/wp-json\/wp\/v2\/media?parent=2125"}],"curies":[{"name":"wp","href":"https:\/\/api.w.org\/{rel}","templated":true}]}}