{"id":2484,"date":"2020-08-27T07:40:48","date_gmt":"2020-08-27T11:40:48","guid":{"rendered":"http:\/\/medicina.udd.cl\/centro-genetica-genomica\/?page_id=2484"},"modified":"2022-03-09T12:17:50","modified_gmt":"2022-03-09T15:17:50","slug":"inicio","status":"publish","type":"page","link":"https:\/\/medicina.udd.cl\/centro-genetica-genomica\/","title":{"rendered":"Centro Gen\u00e9tica y Gen\u00f3mica (CGG)"},"content":{"rendered":"<!-- WP Block: UDD - Access Image -->\n<section class=\"wp-block-udd-access-image\n has-even-elements\">\n\t<div class=\"container\">\n\t\t\t\t<div class=\"block__content\">\n\t\t\t<div class=\"access-images\">\n\t\t\t\t\t\t\t<div class=\"access-image-wrapper\">\n\t\t\t\t\t<a href=\"https:\/\/medicina.udd.cl\/centro-genetica-genomica\/sobre-el-centro-2\/\" data-url=\"https:\/\/medicina.udd.cl\/centro-genetica-genomica\/sobre-el-centro-2\/\" class=\"access-image\">\n\t\t\t\t\t<img loading=\"lazy\" decoding=\"async\" width=\"573\" height=\"382\" src=\"https:\/\/medicina.udd.cl\/centro-genetica-genomica\/files\/2011\/10\/Laboratorio-Gen\u00e9tica-5.jpg\" class=\"access-image__image\" alt=\"\" srcset=\"https:\/\/medicina.udd.cl\/centro-genetica-genomica\/files\/2011\/10\/Laboratorio-Gen\u00e9tica-5.jpg 5616w, https:\/\/medicina.udd.cl\/centro-genetica-genomica\/files\/2011\/10\/Laboratorio-Gen\u00e9tica-5-300x200.jpg 300w, https:\/\/medicina.udd.cl\/centro-genetica-genomica\/files\/2011\/10\/Laboratorio-Gen\u00e9tica-5-768x512.jpg 768w, https:\/\/medicina.udd.cl\/centro-genetica-genomica\/files\/2011\/10\/Laboratorio-Gen\u00e9tica-5-1024x683.jpg 1024w, https:\/\/medicina.udd.cl\/centro-genetica-genomica\/files\/2011\/10\/Laboratorio-Gen\u00e9tica-5-960x640.jpg 960w\" sizes=\"auto, (max-width: 573px) 100vw, 573px\" \/>\t\t\t\t\t\t<div class=\"access-image__content\">\n\t\t\t\t\t\t\t<h3 class=\"access-image__title\">Sobre el centro<\/h3>\n\t\t\t\t\t\t\t<span class=\"access-image__action\">Conocer m\u00e1s<\/span>\n\t\t\t\t\t\t<\/div>\n\t\t\t\t\t<\/a>\n\t\t\t\t<\/div>\n\t\t\t\t\t\t\t<div class=\"access-image-wrapper\">\n\t\t\t\t\t<a href=\"https:\/\/medicina.udd.cl\/centro-genetica-genomica\/capacidades-y-productos\/\" data-url=\"https:\/\/medicina.udd.cl\/centro-genetica-genomica\/capacidades-y-productos\/\" class=\"access-image\">\n\t\t\t\t\t<img loading=\"lazy\" decoding=\"async\" width=\"644\" height=\"382\" src=\"https:\/\/medicina.udd.cl\/centro-genetica-genomica\/files\/2017\/07\/imagen-portada.jpg\" class=\"access-image__image\" alt=\"\" srcset=\"https:\/\/medicina.udd.cl\/centro-genetica-genomica\/files\/2017\/07\/imagen-portada.jpg 1260w, https:\/\/medicina.udd.cl\/centro-genetica-genomica\/files\/2017\/07\/imagen-portada-300x178.jpg 300w, https:\/\/medicina.udd.cl\/centro-genetica-genomica\/files\/2017\/07\/imagen-portada-768x455.jpg 768w, https:\/\/medicina.udd.cl\/centro-genetica-genomica\/files\/2017\/07\/imagen-portada-1024x607.jpg 1024w, https:\/\/medicina.udd.cl\/centro-genetica-genomica\/files\/2017\/07\/imagen-portada-960x569.jpg 960w\" sizes=\"auto, (max-width: 644px) 100vw, 644px\" \/>\t\t\t\t\t\t<div class=\"access-image__content\">\n\t\t\t\t\t\t\t<h3 class=\"access-image__title\">Capacidades y productos<\/h3>\n\t\t\t\t\t\t\t<span class=\"access-image__action\">Conocer m\u00e1s<\/span>\n\t\t\t\t\t\t<\/div>\n\t\t\t\t\t<\/a>\n\t\t\t\t<\/div>\n\t\t\t\t\t\t\t<div class=\"access-image-wrapper\">\n\t\t\t\t\t<a href=\"https:\/\/medicina.udd.cl\/centro-genetica-genomica\/nuestro-equipo\/\" data-url=\"https:\/\/medicina.udd.cl\/centro-genetica-genomica\/nuestro-equipo\/\" class=\"access-image\">\n\t\t\t\t\t<img loading=\"lazy\" decoding=\"async\" width=\"680\" height=\"382\" src=\"https:\/\/medicina.udd.cl\/centro-genetica-genomica\/files\/2020\/08\/equipo-gen\u00e9tica-680x382.jpg\" class=\"access-image__image\" alt=\"\" srcset=\"https:\/\/medicina.udd.cl\/centro-genetica-genomica\/files\/2020\/08\/equipo-gen\u00e9tica-680x382.jpg 680w, https:\/\/medicina.udd.cl\/centro-genetica-genomica\/files\/2020\/08\/equipo-gen\u00e9tica-300x169.jpg 300w, https:\/\/medicina.udd.cl\/centro-genetica-genomica\/files\/2020\/08\/equipo-gen\u00e9tica-768x433.jpg 768w, https:\/\/medicina.udd.cl\/centro-genetica-genomica\/files\/2020\/08\/equipo-gen\u00e9tica.jpg 852w\" sizes=\"auto, (max-width: 680px) 100vw, 680px\" \/>\t\t\t\t\t\t<div class=\"access-image__content\">\n\t\t\t\t\t\t\t<h3 class=\"access-image__title\">Equipo<\/h3>\n\t\t\t\t\t\t\t<span class=\"access-image__action\">Conocer m\u00e1s<\/span>\n\t\t\t\t\t\t<\/div>\n\t\t\t\t\t<\/a>\n\t\t\t\t<\/div>\n\t\t\t\t\t\t\t<div class=\"access-image-wrapper\">\n\t\t\t\t\t<a href=\"https:\/\/medicina.udd.cl\/centro-genetica-genomica\/investigacion-2\/\" data-url=\"https:\/\/medicina.udd.cl\/centro-genetica-genomica\/investigacion-2\/\" class=\"access-image\">\n\t\t\t\t\t<img loading=\"lazy\" decoding=\"async\" width=\"573\" height=\"382\" src=\"https:\/\/medicina.udd.cl\/centro-genetica-genomica\/files\/2018\/10\/IMG_3178.jpg\" class=\"access-image__image\" alt=\"\" srcset=\"https:\/\/medicina.udd.cl\/centro-genetica-genomica\/files\/2018\/10\/IMG_3178.jpg 4096w, https:\/\/medicina.udd.cl\/centro-genetica-genomica\/files\/2018\/10\/IMG_3178-300x200.jpg 300w, https:\/\/medicina.udd.cl\/centro-genetica-genomica\/files\/2018\/10\/IMG_3178-768x512.jpg 768w, https:\/\/medicina.udd.cl\/centro-genetica-genomica\/files\/2018\/10\/IMG_3178-1024x683.jpg 1024w, https:\/\/medicina.udd.cl\/centro-genetica-genomica\/files\/2018\/10\/IMG_3178-960x640.jpg 960w\" sizes=\"auto, (max-width: 573px) 100vw, 573px\" \/>\t\t\t\t\t\t<div class=\"access-image__content\">\n\t\t\t\t\t\t\t<h3 class=\"access-image__title\">Investigaci\u00f3n<\/h3>\n\t\t\t\t\t\t\t<span class=\"access-image__action\">Conocer m\u00e1s<\/span>\n\t\t\t\t\t\t<\/div>\n\t\t\t\t\t<\/a>\n\t\t\t\t<\/div>\n\t\t\t\t\t<\/div>\n\t<\/div>\n<\/section>\n\n\n<!-- WP Block: UDD - Fullwidth Cards -->\n<section class=\"wp-block-udd-fullwidth-cards \">\n\t<div class=\"container\">\n\t\t<header class=\"block__header\">\n\t\t\t<h2 class=\"block__title\">Noticias<\/h2>\n\t\t\t\t\t\t<a href=\"https:\/\/medicina.udd.cl\/centro-genetica-genomica\/noticias\/category\/noticias\/\" class=\"block__view-more\">\n\t\t\t\tVer m\u00e1s noticias\t\t\t<\/a>\n\t\t\t\t\t<\/header>\n\t\t<div class=\"block__content\">\n\t\t\t<div class=\"fullwidth-cards\">\n\t\t\t<div class=\"fullwidth-card-wrapper \">\n\t<a href=\"https:\/\/medicina.udd.cl\/centro-genetica-genomica\/noticias\/2024\/09\/10\/estudio-udd-busca-prevenir-el-desarrollo-de-parkinson-causado-por-la-exposicion-a-pesticidas\/\" class=\"fullwidth-card fullwidth-card--linkable\">\n\t\t\t\t<img loading=\"lazy\" decoding=\"async\" width=\"256\" height=\"171\" src=\"https:\/\/medicina.udd.cl\/centro-genetica-genomica\/files\/2024\/09\/como-prevenir-el-mal-de-parkinson-256x171-1.png\" class=\"fullwidth-card__image wp-post-image\" alt=\"\" \/>\t\t\t\t<div class=\"fullwidth-card__content\">\n\t\t\t<span class=\"fullwidth-card__date\">\n\t\t\t\t10 de septiembre 2024\t\t\t<\/span>\n\t\t\t<h3 class=\"fullwidth-card__title\">Estudio UDD busca prevenir el desarrollo de Parkinson causado por la exposici\u00f3n a pesticidas<\/h3>\n\t\t\t<span class=\"fullwidth-card__link\">\n\t\t\t\tConocer m\u00e1s\t\t\t<\/span>\n\t\t<\/div>\n\t<\/a>\n<\/div>\n<div class=\"fullwidth-card-wrapper \">\n\t<a href=\"https:\/\/medicina.udd.cl\/centro-genetica-genomica\/noticias\/2022\/12\/09\/investigadores-icim-participan-en-proyecto-anillo-oncologia-de-precision-en-chile\/\" class=\"fullwidth-card fullwidth-card--linkable\">\n\t\t\t\t<img loading=\"lazy\" decoding=\"async\" width=\"500\" height=\"500\" src=\"https:\/\/medicina.udd.cl\/centro-genetica-genomica\/files\/2022\/12\/proyectoanillooncologiaprecisionchile-500x500.jpg\" class=\"fullwidth-card__image wp-post-image\" alt=\"\" srcset=\"https:\/\/medicina.udd.cl\/centro-genetica-genomica\/files\/2022\/12\/proyectoanillooncologiaprecisionchile-500x500.jpg 500w, https:\/\/medicina.udd.cl\/centro-genetica-genomica\/files\/2022\/12\/proyectoanillooncologiaprecisionchile-150x150.jpg 150w, https:\/\/medicina.udd.cl\/centro-genetica-genomica\/files\/2022\/12\/proyectoanillooncologiaprecisionchile-62x62.jpg 62w, https:\/\/medicina.udd.cl\/centro-genetica-genomica\/files\/2022\/12\/proyectoanillooncologiaprecisionchile-250x250.jpg 250w, https:\/\/medicina.udd.cl\/centro-genetica-genomica\/files\/2022\/12\/proyectoanillooncologiaprecisionchile-126x126.jpg 126w\" sizes=\"auto, (max-width: 500px) 100vw, 500px\" \/>\t\t\t\t<div class=\"fullwidth-card__content\">\n\t\t\t<span class=\"fullwidth-card__date\">\n\t\t\t\t9 de diciembre 2022\t\t\t<\/span>\n\t\t\t<h3 class=\"fullwidth-card__title\">Investigadores ICIM participan en Proyecto Anillo \u201cOncolog\u00eda de Precisi\u00f3n en Chile\u201d<\/h3>\n\t\t\t<span class=\"fullwidth-card__link\">\n\t\t\t\tConocer m\u00e1s\t\t\t<\/span>\n\t\t<\/div>\n\t<\/a>\n<\/div>\n<div class=\"fullwidth-card-wrapper \">\n\t<a href=\"https:\/\/medicina.udd.cl\/centro-genetica-genomica\/noticias\/2022\/03\/31\/consejera-genetica-udd-participo-en-la-creacion-de-la-sociedad-profesional-latinoamericana-de-asesoramiento-genetico\/\" class=\"fullwidth-card fullwidth-card--linkable\">\n\t\t\t\t<img loading=\"lazy\" decoding=\"async\" width=\"500\" height=\"500\" src=\"https:\/\/medicina.udd.cl\/centro-genetica-genomica\/files\/2020\/08\/Sonia-Margarit-1-500x500.jpg\" class=\"fullwidth-card__image wp-post-image\" alt=\"\" srcset=\"https:\/\/medicina.udd.cl\/centro-genetica-genomica\/files\/2020\/08\/Sonia-Margarit-1-500x500.jpg 500w, https:\/\/medicina.udd.cl\/centro-genetica-genomica\/files\/2020\/08\/Sonia-Margarit-1-150x150.jpg 150w, https:\/\/medicina.udd.cl\/centro-genetica-genomica\/files\/2020\/08\/Sonia-Margarit-1-62x62.jpg 62w, https:\/\/medicina.udd.cl\/centro-genetica-genomica\/files\/2020\/08\/Sonia-Margarit-1-750x750.jpg 750w, https:\/\/medicina.udd.cl\/centro-genetica-genomica\/files\/2020\/08\/Sonia-Margarit-1-250x250.jpg 250w, https:\/\/medicina.udd.cl\/centro-genetica-genomica\/files\/2020\/08\/Sonia-Margarit-1-126x126.jpg 126w\" sizes=\"auto, (max-width: 500px) 100vw, 500px\" \/>\t\t\t\t<div class=\"fullwidth-card__content\">\n\t\t\t<span class=\"fullwidth-card__date\">\n\t\t\t\t31 de marzo 2022\t\t\t<\/span>\n\t\t\t<h3 class=\"fullwidth-card__title\">Consejera gen\u00e9tica UDD particip\u00f3 en la creaci\u00f3n de la Sociedad Profesional Latinoamericana de Asesoramiento Gen\u00e9tico<\/h3>\n\t\t\t<span class=\"fullwidth-card__link\">\n\t\t\t\tConocer m\u00e1s\t\t\t<\/span>\n\t\t<\/div>\n\t<\/a>\n<\/div>\n<div class=\"fullwidth-card-wrapper \">\n\t<a href=\"https:\/\/medicina.udd.cl\/centro-genetica-genomica\/noticias\/2022\/03\/09\/investigador-del-cgg-participo-en-desarrollo-y-validacion-de-un-modelo-predictivo-para-el-diagnostico-precoz-de-un-tipo-de-epilepsia\/\" class=\"fullwidth-card fullwidth-card--linkable\">\n\t\t\t\t<img loading=\"lazy\" decoding=\"async\" width=\"400\" height=\"400\" src=\"https:\/\/medicina.udd.cl\/centro-genetica-genomica\/files\/2020\/12\/Foto-Eduardo-P\u00e9rez.png\" class=\"fullwidth-card__image wp-post-image\" alt=\"\" srcset=\"https:\/\/medicina.udd.cl\/centro-genetica-genomica\/files\/2020\/12\/Foto-Eduardo-P\u00e9rez.png 400w, https:\/\/medicina.udd.cl\/centro-genetica-genomica\/files\/2020\/12\/Foto-Eduardo-P\u00e9rez-300x300.png 300w, https:\/\/medicina.udd.cl\/centro-genetica-genomica\/files\/2020\/12\/Foto-Eduardo-P\u00e9rez-150x150.png 150w, https:\/\/medicina.udd.cl\/centro-genetica-genomica\/files\/2020\/12\/Foto-Eduardo-P\u00e9rez-62x62.png 62w, https:\/\/medicina.udd.cl\/centro-genetica-genomica\/files\/2020\/12\/Foto-Eduardo-P\u00e9rez-250x250.png 250w, https:\/\/medicina.udd.cl\/centro-genetica-genomica\/files\/2020\/12\/Foto-Eduardo-P\u00e9rez-126x126.png 126w\" sizes=\"auto, (max-width: 400px) 100vw, 400px\" \/>\t\t\t\t<div class=\"fullwidth-card__content\">\n\t\t\t<span class=\"fullwidth-card__date\">\n\t\t\t\t9 de marzo 2022\t\t\t<\/span>\n\t\t\t<h3 class=\"fullwidth-card__title\">Investigador del CGG colider\u00f3 desarrollo y validaci\u00f3n de un modelo predictivo para el diagn\u00f3stico precoz de un tipo severo de epilepsia<\/h3>\n\t\t\t<span class=\"fullwidth-card__link\">\n\t\t\t\tConocer m\u00e1s\t\t\t<\/span>\n\t\t<\/div>\n\t<\/a>\n<\/div>\n<div class=\"fullwidth-card-wrapper \">\n\t<a href=\"https:\/\/medicina.udd.cl\/centro-genetica-genomica\/noticias\/2022\/02\/28\/dra-gabriela-repetto-expuso-en-foro-latinoamericano-realizado-en-el-marco-del-dia-mundial-de-las-enfermedades-raras\/\" class=\"fullwidth-card fullwidth-card--linkable\">\n\t\t\t\t<img loading=\"lazy\" decoding=\"async\" width=\"500\" height=\"500\" src=\"https:\/\/medicina.udd.cl\/centro-genetica-genomica\/files\/2022\/03\/Captura-de-pantalla-2022-02-28-a-las-16.11.03-500x500.png\" class=\"fullwidth-card__image wp-post-image\" alt=\"\" srcset=\"https:\/\/medicina.udd.cl\/centro-genetica-genomica\/files\/2022\/03\/Captura-de-pantalla-2022-02-28-a-las-16.11.03-500x500.png 500w, https:\/\/medicina.udd.cl\/centro-genetica-genomica\/files\/2022\/03\/Captura-de-pantalla-2022-02-28-a-las-16.11.03-150x150.png 150w, https:\/\/medicina.udd.cl\/centro-genetica-genomica\/files\/2022\/03\/Captura-de-pantalla-2022-02-28-a-las-16.11.03-62x62.png 62w, https:\/\/medicina.udd.cl\/centro-genetica-genomica\/files\/2022\/03\/Captura-de-pantalla-2022-02-28-a-las-16.11.03-750x750.png 750w, https:\/\/medicina.udd.cl\/centro-genetica-genomica\/files\/2022\/03\/Captura-de-pantalla-2022-02-28-a-las-16.11.03-250x250.png 250w, https:\/\/medicina.udd.cl\/centro-genetica-genomica\/files\/2022\/03\/Captura-de-pantalla-2022-02-28-a-las-16.11.03-126x126.png 126w\" sizes=\"auto, (max-width: 500px) 100vw, 500px\" \/>\t\t\t\t<div class=\"fullwidth-card__content\">\n\t\t\t<span class=\"fullwidth-card__date\">\n\t\t\t\t28 de febrero 2022\t\t\t<\/span>\n\t\t\t<h3 class=\"fullwidth-card__title\">Dra. Gabriela Repetto expuso en foro latinoamericano realizado en el marco del D\u00eda Mundial de las Enfermedades Raras<\/h3>\n\t\t\t<span class=\"fullwidth-card__link\">\n\t\t\t\tConocer m\u00e1s\t\t\t<\/span>\n\t\t<\/div>\n\t<\/a>\n<\/div>\n\t\t\t<\/div>\n\t\t<\/div>\n\t<\/div>\n<\/section>\n","protected":false},"excerpt":{"rendered":"","protected":false},"author":1,"featured_media":0,"parent":0,"menu_order":0,"comment_status":"closed","ping_status":"closed","template":"","meta":{"footnotes":""},"class_list":["post-2484","page","type-page","status-publish","hentry"],"yoast_head":"<!-- This site is optimized with the Yoast SEO plugin v26.9 - https:\/\/yoast.com\/product\/yoast-seo-wordpress\/ -->\n<title>Centro Gen\u00e9tica y Gen\u00f3mica (CGG) - Centro de Gen\u00e9tica y Gen\u00f3mica<\/title>\n<meta name=\"robots\" content=\"index, follow, max-snippet:-1, max-image-preview:large, max-video-preview:-1\" \/>\n<link rel=\"canonical\" href=\"https:\/\/medicina.udd.cl\/centro-genetica-genomica\/\" \/>\n<meta property=\"og:locale\" content=\"es_ES\" \/>\n<meta property=\"og:type\" content=\"article\" \/>\n<meta property=\"og:title\" content=\"Centro Gen\u00e9tica y Gen\u00f3mica (CGG) - Centro de Gen\u00e9tica y Gen\u00f3mica\" \/>\n<meta property=\"og:url\" content=\"https:\/\/medicina.udd.cl\/centro-genetica-genomica\/\" \/>\n<meta property=\"og:site_name\" content=\"Centro de Gen\u00e9tica y Gen\u00f3mica\" \/>\n<meta property=\"article:modified_time\" content=\"2022-03-09T15:17:50+00:00\" \/>\n<script type=\"application\/ld+json\" class=\"yoast-schema-graph\">{\"@context\":\"https:\/\/schema.org\",\"@graph\":[{\"@type\":\"WebPage\",\"@id\":\"https:\/\/medicina.udd.cl\/centro-genetica-genomica\/\",\"url\":\"https:\/\/medicina.udd.cl\/centro-genetica-genomica\/\",\"name\":\"Centro Gen\u00e9tica y Gen\u00f3mica (CGG) - Centro de Gen\u00e9tica y Gen\u00f3mica\",\"isPartOf\":{\"@id\":\"https:\/\/medicina.udd.cl\/centro-genetica-genomica\/#website\"},\"datePublished\":\"2020-08-27T11:40:48+00:00\",\"dateModified\":\"2022-03-09T15:17:50+00:00\",\"breadcrumb\":{\"@id\":\"https:\/\/medicina.udd.cl\/centro-genetica-genomica\/#breadcrumb\"},\"inLanguage\":\"es\",\"potentialAction\":[{\"@type\":\"ReadAction\",\"target\":[\"https:\/\/medicina.udd.cl\/centro-genetica-genomica\/\"]}]},{\"@type\":\"BreadcrumbList\",\"@id\":\"https:\/\/medicina.udd.cl\/centro-genetica-genomica\/#breadcrumb\",\"itemListElement\":[{\"@type\":\"ListItem\",\"position\":1,\"name\":\"Inicio\",\"item\":\"https:\/\/medicina.udd.cl\/centro-genetica-genomica\/\"},{\"@type\":\"ListItem\",\"position\":2,\"name\":\"Centro Gen\u00e9tica y Gen\u00f3mica (CGG)\"}]},{\"@type\":\"WebSite\",\"@id\":\"https:\/\/medicina.udd.cl\/centro-genetica-genomica\/#website\",\"url\":\"https:\/\/medicina.udd.cl\/centro-genetica-genomica\/\",\"name\":\"Centro de Gen\u00e9tica y Gen\u00f3mica\",\"description\":\"\",\"inLanguage\":\"es\"}]}<\/script>\n<!-- \/ Yoast SEO plugin. -->","yoast_head_json":{"title":"Centro Gen\u00e9tica y Gen\u00f3mica (CGG) - Centro de Gen\u00e9tica y Gen\u00f3mica","robots":{"index":"index","follow":"follow","max-snippet":"max-snippet:-1","max-image-preview":"max-image-preview:large","max-video-preview":"max-video-preview:-1"},"canonical":"https:\/\/medicina.udd.cl\/centro-genetica-genomica\/","og_locale":"es_ES","og_type":"article","og_title":"Centro Gen\u00e9tica y Gen\u00f3mica (CGG) - Centro de Gen\u00e9tica y Gen\u00f3mica","og_url":"https:\/\/medicina.udd.cl\/centro-genetica-genomica\/","og_site_name":"Centro de Gen\u00e9tica y Gen\u00f3mica","article_modified_time":"2022-03-09T15:17:50+00:00","schema":{"@context":"https:\/\/schema.org","@graph":[{"@type":"WebPage","@id":"https:\/\/medicina.udd.cl\/centro-genetica-genomica\/","url":"https:\/\/medicina.udd.cl\/centro-genetica-genomica\/","name":"Centro Gen\u00e9tica y Gen\u00f3mica (CGG) - Centro de Gen\u00e9tica y Gen\u00f3mica","isPartOf":{"@id":"https:\/\/medicina.udd.cl\/centro-genetica-genomica\/#website"},"datePublished":"2020-08-27T11:40:48+00:00","dateModified":"2022-03-09T15:17:50+00:00","breadcrumb":{"@id":"https:\/\/medicina.udd.cl\/centro-genetica-genomica\/#breadcrumb"},"inLanguage":"es","potentialAction":[{"@type":"ReadAction","target":["https:\/\/medicina.udd.cl\/centro-genetica-genomica\/"]}]},{"@type":"BreadcrumbList","@id":"https:\/\/medicina.udd.cl\/centro-genetica-genomica\/#breadcrumb","itemListElement":[{"@type":"ListItem","position":1,"name":"Inicio","item":"https:\/\/medicina.udd.cl\/centro-genetica-genomica\/"},{"@type":"ListItem","position":2,"name":"Centro Gen\u00e9tica y Gen\u00f3mica (CGG)"}]},{"@type":"WebSite","@id":"https:\/\/medicina.udd.cl\/centro-genetica-genomica\/#website","url":"https:\/\/medicina.udd.cl\/centro-genetica-genomica\/","name":"Centro de Gen\u00e9tica y Gen\u00f3mica","description":"","inLanguage":"es"}]}},"_links":{"self":[{"href":"https:\/\/medicina.udd.cl\/centro-genetica-genomica\/wp-json\/wp\/v2\/pages\/2484","targetHints":{"allow":["GET"]}}],"collection":[{"href":"https:\/\/medicina.udd.cl\/centro-genetica-genomica\/wp-json\/wp\/v2\/pages"}],"about":[{"href":"https:\/\/medicina.udd.cl\/centro-genetica-genomica\/wp-json\/wp\/v2\/types\/page"}],"author":[{"embeddable":true,"href":"https:\/\/medicina.udd.cl\/centro-genetica-genomica\/wp-json\/wp\/v2\/users\/1"}],"replies":[{"embeddable":true,"href":"https:\/\/medicina.udd.cl\/centro-genetica-genomica\/wp-json\/wp\/v2\/comments?post=2484"}],"version-history":[{"count":22,"href":"https:\/\/medicina.udd.cl\/centro-genetica-genomica\/wp-json\/wp\/v2\/pages\/2484\/revisions"}],"predecessor-version":[{"id":2875,"href":"https:\/\/medicina.udd.cl\/centro-genetica-genomica\/wp-json\/wp\/v2\/pages\/2484\/revisions\/2875"}],"wp:attachment":[{"href":"https:\/\/medicina.udd.cl\/centro-genetica-genomica\/wp-json\/wp\/v2\/media?parent=2484"}],"curies":[{"name":"wp","href":"https:\/\/api.w.org\/{rel}","templated":true}]}}