{"id":2537,"date":"2020-08-28T10:25:11","date_gmt":"2020-08-28T14:25:11","guid":{"rendered":"http:\/\/medicina.udd.cl\/centro-genetica-genomica\/?page_id=2537"},"modified":"2022-03-09T12:19:05","modified_gmt":"2022-03-09T15:19:05","slug":"investigacion-2","status":"publish","type":"page","link":"https:\/\/medicina.udd.cl\/centro-genetica-genomica\/investigacion-2\/","title":{"rendered":"Investigaci\u00f3n"},"content":{"rendered":"<section class=\"wp-block-udd-text-row\">\n\t<div class=\"text-row\">\n\t\t<div class=\"text-row__content\">\n\t\t\t<div class=\"text-row__content-inner text\">\n\t\t\t\t\t\t\t\t\n<p>Los proyectos de investigaci\u00f3n del Centro de Gen\u00e9tica y Gen\u00f3mica est\u00e1n centrados en las bases gen\u00e9ticas de la variabilidad fenot\u00edpica, tanto en salud como en enfermedad. Estamos interesados en la gen\u00e9tica local, enfermedades comunes y raras, respuestas personalizadas a las enfermedades infecciosas, farmacogen\u00e9tica, entre otras.<\/p>\n\n<p>Buscamos mejorar el diagn\u00f3stico, identificaci\u00f3n de biomarcadores gen\u00f3micos, desarrollar nuevas terapias y contribuir a las pol\u00edticas p\u00fablicas en salud. Colaboramos con otros centros de la Facultad de Medicina, Cl\u00ednica Alemana de Santiago, grupos nacionales e internacionales.<\/p>\n\n<p>Algunas de nuestras l\u00edneas de investigaci\u00f3n incluyen:&nbsp; <\/p>\n\n<ul class=\"wp-block-list\"><li>Entendimiento del genoma chileno<\/li><li>S\u00edndrome de microdeleci\u00f3n del cromosoma 22q11<\/li><li>Epiderm\u00f3lisis bulosa (piel de cristal)<\/li><li>Enfermedades monog\u00e9nicas del tejido conectivo (s\u00edndromes de Marfan, Loeys-Dietz, Ehlers Danlos) <\/li><li>Enfermedades lisosomales (Gaucher, Niemann-Pick, Fabry, etc). <\/li><\/ul>\n\n<p>Adem\u00e1s, estudiamos diversos tipos de C\u00e1ncer (pulm\u00f3n, vejiga, etc), gen\u00f3mica mitocondrial, Parkinson, variaci\u00f3n en la respuesta a la infecci\u00f3n por Hantavirus, entre otras.<\/p>\n\t\t\t<\/div>\n\t\t<\/div>\n\t\t<div class=\"text-row__media\">\n\t\t\t<img loading=\"lazy\" decoding=\"async\" width=\"801\" height=\"534\" src=\"https:\/\/medicina.udd.cl\/centro-genetica-genomica\/files\/2018\/10\/IMG_3178.jpg\" class=\"text-row__media-image\" alt=\"\" srcset=\"https:\/\/medicina.udd.cl\/centro-genetica-genomica\/files\/2018\/10\/IMG_3178.jpg 4096w, https:\/\/medicina.udd.cl\/centro-genetica-genomica\/files\/2018\/10\/IMG_3178-300x200.jpg 300w, https:\/\/medicina.udd.cl\/centro-genetica-genomica\/files\/2018\/10\/IMG_3178-768x512.jpg 768w, https:\/\/medicina.udd.cl\/centro-genetica-genomica\/files\/2018\/10\/IMG_3178-1024x683.jpg 1024w, https:\/\/medicina.udd.cl\/centro-genetica-genomica\/files\/2018\/10\/IMG_3178-960x640.jpg 960w\" sizes=\"auto, (max-width: 801px) 100vw, 801px\" \/>\t\t<\/div>\n\t<\/div>\n<\/section>\n","protected":false},"excerpt":{"rendered":"","protected":false},"author":42,"featured_media":0,"parent":0,"menu_order":0,"comment_status":"closed","ping_status":"closed","template":"","meta":{"footnotes":""},"class_list":["post-2537","page","type-page","status-publish","hentry"],"yoast_head":"<!-- This site is optimized with the Yoast SEO plugin v26.9 - https:\/\/yoast.com\/product\/yoast-seo-wordpress\/ -->\n<title>Investigaci\u00f3n - Centro de Gen\u00e9tica y Gen\u00f3mica<\/title>\n<meta name=\"robots\" content=\"index, follow, max-snippet:-1, max-image-preview:large, max-video-preview:-1\" \/>\n<link rel=\"canonical\" href=\"https:\/\/medicina.udd.cl\/centro-genetica-genomica\/investigacion-2\/\" \/>\n<meta property=\"og:locale\" content=\"es_ES\" \/>\n<meta property=\"og:type\" content=\"article\" \/>\n<meta property=\"og:title\" content=\"Investigaci\u00f3n - Centro de Gen\u00e9tica y Gen\u00f3mica\" \/>\n<meta property=\"og:url\" content=\"https:\/\/medicina.udd.cl\/centro-genetica-genomica\/investigacion-2\/\" \/>\n<meta property=\"og:site_name\" content=\"Centro de Gen\u00e9tica y Gen\u00f3mica\" \/>\n<meta property=\"article:modified_time\" content=\"2022-03-09T15:19:05+00:00\" \/>\n<meta property=\"og:image\" content=\"https:\/\/medicina.udd.cl\/centro-genetica-genomica\/files\/2018\/10\/IMG_3178.jpg\" \/>\n<meta name=\"twitter:label1\" content=\"Tiempo de lectura\" \/>\n\t<meta name=\"twitter:data1\" content=\"1 minuto\" \/>\n<script type=\"application\/ld+json\" class=\"yoast-schema-graph\">{\"@context\":\"https:\/\/schema.org\",\"@graph\":[{\"@type\":\"WebPage\",\"@id\":\"https:\/\/medicina.udd.cl\/centro-genetica-genomica\/investigacion-2\/\",\"url\":\"https:\/\/medicina.udd.cl\/centro-genetica-genomica\/investigacion-2\/\",\"name\":\"Investigaci\u00f3n - Centro de Gen\u00e9tica y Gen\u00f3mica\",\"isPartOf\":{\"@id\":\"https:\/\/medicina.udd.cl\/centro-genetica-genomica\/#website\"},\"primaryImageOfPage\":{\"@id\":\"https:\/\/medicina.udd.cl\/centro-genetica-genomica\/investigacion-2\/#primaryimage\"},\"image\":{\"@id\":\"https:\/\/medicina.udd.cl\/centro-genetica-genomica\/investigacion-2\/#primaryimage\"},\"thumbnailUrl\":\"https:\/\/medicina.udd.cl\/centro-genetica-genomica\/files\/2018\/10\/IMG_3178.jpg\",\"datePublished\":\"2020-08-28T14:25:11+00:00\",\"dateModified\":\"2022-03-09T15:19:05+00:00\",\"breadcrumb\":{\"@id\":\"https:\/\/medicina.udd.cl\/centro-genetica-genomica\/investigacion-2\/#breadcrumb\"},\"inLanguage\":\"es\",\"potentialAction\":[{\"@type\":\"ReadAction\",\"target\":[\"https:\/\/medicina.udd.cl\/centro-genetica-genomica\/investigacion-2\/\"]}]},{\"@type\":\"ImageObject\",\"inLanguage\":\"es\",\"@id\":\"https:\/\/medicina.udd.cl\/centro-genetica-genomica\/investigacion-2\/#primaryimage\",\"url\":\"https:\/\/medicina.udd.cl\/centro-genetica-genomica\/files\/2018\/10\/IMG_3178.jpg\",\"contentUrl\":\"https:\/\/medicina.udd.cl\/centro-genetica-genomica\/files\/2018\/10\/IMG_3178.jpg\",\"width\":4096,\"height\":2731},{\"@type\":\"BreadcrumbList\",\"@id\":\"https:\/\/medicina.udd.cl\/centro-genetica-genomica\/investigacion-2\/#breadcrumb\",\"itemListElement\":[{\"@type\":\"ListItem\",\"position\":1,\"name\":\"Inicio\",\"item\":\"https:\/\/medicina.udd.cl\/centro-genetica-genomica\/\"},{\"@type\":\"ListItem\",\"position\":2,\"name\":\"Investigaci\u00f3n\"}]},{\"@type\":\"WebSite\",\"@id\":\"https:\/\/medicina.udd.cl\/centro-genetica-genomica\/#website\",\"url\":\"https:\/\/medicina.udd.cl\/centro-genetica-genomica\/\",\"name\":\"Centro de Gen\u00e9tica y Gen\u00f3mica\",\"description\":\"\",\"inLanguage\":\"es\"}]}<\/script>\n<!-- \/ Yoast SEO plugin. -->","yoast_head_json":{"title":"Investigaci\u00f3n - Centro de Gen\u00e9tica y Gen\u00f3mica","robots":{"index":"index","follow":"follow","max-snippet":"max-snippet:-1","max-image-preview":"max-image-preview:large","max-video-preview":"max-video-preview:-1"},"canonical":"https:\/\/medicina.udd.cl\/centro-genetica-genomica\/investigacion-2\/","og_locale":"es_ES","og_type":"article","og_title":"Investigaci\u00f3n - Centro de Gen\u00e9tica y Gen\u00f3mica","og_url":"https:\/\/medicina.udd.cl\/centro-genetica-genomica\/investigacion-2\/","og_site_name":"Centro de Gen\u00e9tica y Gen\u00f3mica","article_modified_time":"2022-03-09T15:19:05+00:00","og_image":[{"url":"https:\/\/medicina.udd.cl\/centro-genetica-genomica\/files\/2018\/10\/IMG_3178.jpg","type":"","width":"","height":""}],"twitter_misc":{"Tiempo de lectura":"1 minuto"},"schema":{"@context":"https:\/\/schema.org","@graph":[{"@type":"WebPage","@id":"https:\/\/medicina.udd.cl\/centro-genetica-genomica\/investigacion-2\/","url":"https:\/\/medicina.udd.cl\/centro-genetica-genomica\/investigacion-2\/","name":"Investigaci\u00f3n - Centro de Gen\u00e9tica y Gen\u00f3mica","isPartOf":{"@id":"https:\/\/medicina.udd.cl\/centro-genetica-genomica\/#website"},"primaryImageOfPage":{"@id":"https:\/\/medicina.udd.cl\/centro-genetica-genomica\/investigacion-2\/#primaryimage"},"image":{"@id":"https:\/\/medicina.udd.cl\/centro-genetica-genomica\/investigacion-2\/#primaryimage"},"thumbnailUrl":"https:\/\/medicina.udd.cl\/centro-genetica-genomica\/files\/2018\/10\/IMG_3178.jpg","datePublished":"2020-08-28T14:25:11+00:00","dateModified":"2022-03-09T15:19:05+00:00","breadcrumb":{"@id":"https:\/\/medicina.udd.cl\/centro-genetica-genomica\/investigacion-2\/#breadcrumb"},"inLanguage":"es","potentialAction":[{"@type":"ReadAction","target":["https:\/\/medicina.udd.cl\/centro-genetica-genomica\/investigacion-2\/"]}]},{"@type":"ImageObject","inLanguage":"es","@id":"https:\/\/medicina.udd.cl\/centro-genetica-genomica\/investigacion-2\/#primaryimage","url":"https:\/\/medicina.udd.cl\/centro-genetica-genomica\/files\/2018\/10\/IMG_3178.jpg","contentUrl":"https:\/\/medicina.udd.cl\/centro-genetica-genomica\/files\/2018\/10\/IMG_3178.jpg","width":4096,"height":2731},{"@type":"BreadcrumbList","@id":"https:\/\/medicina.udd.cl\/centro-genetica-genomica\/investigacion-2\/#breadcrumb","itemListElement":[{"@type":"ListItem","position":1,"name":"Inicio","item":"https:\/\/medicina.udd.cl\/centro-genetica-genomica\/"},{"@type":"ListItem","position":2,"name":"Investigaci\u00f3n"}]},{"@type":"WebSite","@id":"https:\/\/medicina.udd.cl\/centro-genetica-genomica\/#website","url":"https:\/\/medicina.udd.cl\/centro-genetica-genomica\/","name":"Centro de Gen\u00e9tica y Gen\u00f3mica","description":"","inLanguage":"es"}]}},"_links":{"self":[{"href":"https:\/\/medicina.udd.cl\/centro-genetica-genomica\/wp-json\/wp\/v2\/pages\/2537","targetHints":{"allow":["GET"]}}],"collection":[{"href":"https:\/\/medicina.udd.cl\/centro-genetica-genomica\/wp-json\/wp\/v2\/pages"}],"about":[{"href":"https:\/\/medicina.udd.cl\/centro-genetica-genomica\/wp-json\/wp\/v2\/types\/page"}],"author":[{"embeddable":true,"href":"https:\/\/medicina.udd.cl\/centro-genetica-genomica\/wp-json\/wp\/v2\/users\/42"}],"replies":[{"embeddable":true,"href":"https:\/\/medicina.udd.cl\/centro-genetica-genomica\/wp-json\/wp\/v2\/comments?post=2537"}],"version-history":[{"count":4,"href":"https:\/\/medicina.udd.cl\/centro-genetica-genomica\/wp-json\/wp\/v2\/pages\/2537\/revisions"}],"predecessor-version":[{"id":2877,"href":"https:\/\/medicina.udd.cl\/centro-genetica-genomica\/wp-json\/wp\/v2\/pages\/2537\/revisions\/2877"}],"wp:attachment":[{"href":"https:\/\/medicina.udd.cl\/centro-genetica-genomica\/wp-json\/wp\/v2\/media?parent=2537"}],"curies":[{"name":"wp","href":"https:\/\/api.w.org\/{rel}","templated":true}]}}