{"id":2580,"date":"2020-08-28T12:04:12","date_gmt":"2020-08-28T16:04:12","guid":{"rendered":"http:\/\/medicina.udd.cl\/centro-genetica-genomica\/?page_id=2580"},"modified":"2022-03-09T12:20:57","modified_gmt":"2022-03-09T15:20:57","slug":"juan-francisco-calderon","status":"publish","type":"page","link":"https:\/\/medicina.udd.cl\/centro-genetica-genomica\/juan-francisco-calderon\/","title":{"rendered":"Juan Francisco Calder\u00f3n"},"content":{"rendered":"<section class=\"wp-block-udd-featured-link\">\n\t<div class=\"container\">\n\t\t<div class=\"featured-link\">\n\t\t\t\t\t\t<div class=\"featured-link__media\">\n\t\t\t<a href=\"\" data-url=\"\">\n\t\t\t\t\t<img loading=\"lazy\" decoding=\"async\" width=\"680\" height=\"382\" src=\"https:\/\/medicina.udd.cl\/centro-genetica-genomica\/files\/2020\/08\/Juan-Francisco-Calder\u00f3n-2-680x382.jpg\" class=\"featured-link__media-image\" alt=\"\" srcset=\"https:\/\/medicina.udd.cl\/centro-genetica-genomica\/files\/2020\/08\/Juan-Francisco-Calder\u00f3n-2-680x382.jpg 680w, https:\/\/medicina.udd.cl\/centro-genetica-genomica\/files\/2020\/08\/Juan-Francisco-Calder\u00f3n-2-1920x1080.jpg 1920w, https:\/\/medicina.udd.cl\/centro-genetica-genomica\/files\/2020\/08\/Juan-Francisco-Calder\u00f3n-2-1366x768.jpg 1366w, https:\/\/medicina.udd.cl\/centro-genetica-genomica\/files\/2020\/08\/Juan-Francisco-Calder\u00f3n-2-952x534.jpg 952w\" sizes=\"auto, (max-width: 680px) 100vw, 680px\" \/>\t\t\t\t<\/a>\n\t\t\t<\/div>\n\t\t\t\t\t\t<div class=\"featured-link__content\">\n\t\t\t\t\t\t\t\t\t\t\t\t\t<h3 class=\"featured-link__title\">\n\t\t\t\t\t\t<a data-url=\"\" href=\"\">\n\t\t\t\t\t\t\tJuan Francisco Calder\u00f3n, PhD.\t\t\t\t\t\t<\/a>\n\t\t\t\t\t<\/h3>\n\t\t\t\t\t\t\t\t\t\t\t\t<div class=\"featured-link__description\">\n\t\t\t\t\t \u2013 Ingenier\u00eda en Biotecnolog\u00eda Molecular, Universidad de Chile.<br>\u2013 Ph.D en Gen\u00e9tica Humana y Biolog\u00eda Molecular, The Johns Hopkins University. <br> <a href=\"mailto:juancalderon@udd.cl\">juancalderon@udd.cl<\/a> \t\t\t\t<\/div>\n\t\t\t\t\t\t\t\t\t\t\t\t\t\t\t<\/div>\n\t\t<\/div>\n\t<\/div>\n<\/section>\n\n\n<!-- WP Block: UDD - Access Cards -->\n<section\n\tid=\"udd-access-cards--1\"\n\tclass=\"wp-block-udd-access-cards\n\t\t\"\n\t\tstyle=\"\n\t\t--udd-blocks-has-columns-number: 3\t\t\"\n\t>\n\t<div class=\"container\">\n\t\t\t\t<div class=\"block__content\">\n\t\t\t<div\n\t\t\t\tclass=\"udd-access-cards\"\n\t\t\t\t\t\t\t>\n\t\t\t<div\n\tdata-index=\"1\"\n\tclass=\"udd-access-card-wrapper\"\n\t>\n\t<a href=\"https:\/\/medicina.udd.cl\/centro-genetica-genomica\/lineas-de-investigacion-jf-calderon\/\" class=\"access-card access-card--profile\" data-url=\"https:\/\/medicina.udd.cl\/centro-genetica-genomica\/lineas-de-investigacion-jf-calderon\/\">\n\t\t\t\t\t\t<h3\n\t\t\tdata-index=\"1\"\n\t\t\tclass=\"access-card__title\"\n\t\t>\n\t\t\tL\u00edneas de investigaci\u00f3n\t\t<\/h3>\n\t\t\t\t<div class=\"access-card__link\">\n\t\t\t<span class=\"access-card__link-text\">Conocer m\u00e1s<\/span>\n\t\t<\/div>\n\t<\/a>\n<\/div>\n<div\n\tdata-index=\"2\"\n\tclass=\"udd-access-card-wrapper\"\n\t>\n\t<a href=\"https:\/\/medicina.udd.cl\/centro-genetica-genomica\/publicaciones-jf-calderon\/\" class=\"access-card access-card--profile\" data-url=\"https:\/\/medicina.udd.cl\/centro-genetica-genomica\/publicaciones-jf-calderon\/\">\n\t\t\t\t\t\t<h3\n\t\t\tdata-index=\"2\"\n\t\t\tclass=\"access-card__title\"\n\t\t>\n\t\t\tPublicaciones\t\t<\/h3>\n\t\t\t\t<div class=\"access-card__link\">\n\t\t\t<span class=\"access-card__link-text\">Papers seleccionados<\/span>\n\t\t<\/div>\n\t<\/a>\n<\/div>\n<div\n\tdata-index=\"3\"\n\tclass=\"udd-access-card-wrapper\"\n\t>\n\t<a href=\"https:\/\/medicina.udd.cl\/centro-genetica-genomica\/proyectos-de-investigacion-jf-calderon\/\" class=\"access-card access-card--profile\" data-url=\"https:\/\/medicina.udd.cl\/centro-genetica-genomica\/proyectos-de-investigacion-jf-calderon\/\">\n\t\t\t\t\t\t<h3\n\t\t\tdata-index=\"3\"\n\t\t\tclass=\"access-card__title\"\n\t\t>\n\t\t\tFinanciamiento\t\t<\/h3>\n\t\t\t\t<div class=\"access-card__link\">\n\t\t\t<span class=\"access-card__link-text\">Proyectos de investigaci\u00f3n<\/span>\n\t\t<\/div>\n\t<\/a>\n<\/div>\n\t\t\t<\/div>\n\t\t<\/div>\n\t<\/div>\n<\/section>\n\n\n\n<p><strong>Intereses:<\/strong><\/p>\n\n\n\n<ul class=\"wp-block-list\"><li>Mi inter\u00e9s primario de investigaci\u00f3n es la utilizaci\u00f3n de modelos animales para entender el papel de la variaci\u00f3n gen\u00e9tica en la modulaci\u00f3n de fenotipos, principalmente del sistema cardiovascular.&nbsp;En el pasado, enfoqu\u00e9 mis estudios en la biolog\u00eda del desarrollo de cardiopat\u00edas cong\u00e9nitas en modelos murinos para mutaciones en genes que codifican para elementos de la v\u00eda de se\u00f1alizaci\u00f3n de TGF\u03b2 y que causan enfermedades mendelianas como S\u00edndrome Loeys-Dietz (LDS), entre otros. La identificaci\u00f3n de genes que interact\u00faen con esta v\u00eda de se\u00f1alizaci\u00f3n entrega nuevas posibilidades de manejo terap\u00e9utico que potencialmente podr\u00edan ser utilizados en pacientes con estas enfermedades.&nbsp;Mis intereses tambi\u00e9n incluyen la utilizaci\u00f3n de t\u00e9cnicas de manipulaci\u00f3n del genoma (genome engineering) tanto en l\u00edneas celulares como para la generaci\u00f3n de modelos animales que reflejen variaciones gen\u00e9ticas con posible efecto modificador de fenotipos de inter\u00e9s, de manera de poder entender su efecto en el contexto \u201cnativo\u201d del genoma del hu\u00e9sped.<\/li><\/ul>\n\n\n\n<p><strong>Interests:<\/strong><\/p>\n\n\n\n<ul class=\"wp-block-list\"><li>My main research interest is to understand the role of Genetic variation in the modulation of phenotypes, mainly of the cardiovascular system, using animal models.&nbsp;In the past, I focused on studying the biology of congenital heart defects in murine models of mutations in genes that code for key elements of the TGF\u03b2 pathway and that cause mendelian disorders such as Loeys-Dietz Syndrome (LDS), among others. The identification of novel elements that interact with this signaling pathway provides new potential therapeutic targets to treat patients with these diseases.&nbsp;Another topic of interest is the utilization of genome engineering techniques both in cell culture and in the generation of mouse models that reflect elements of genetic variation involved in modification of the phenotype of interest, so that we can better understand the effect of this variation in the \u201cnative\u201d genetic context of the host.<\/li><\/ul>\n\n\n\n<p><strong>Reconocimientos<\/strong><\/p>\n\n\n\n<ul class=\"wp-block-list\"><li>2013. ASHG\/Charles J. Epstein Trainee Award for Excellence in Human Genetics Research. &nbsp;Winner, 63rd Annual Meeting of the American Society of Human Genetics, Boston MA.<\/li><li>2008. Fulbright \u2013 CONICYT Predoctoral Training Scholarship. &nbsp;Santiago, Chile<\/li><\/ul>\n","protected":false},"excerpt":{"rendered":"<p>Intereses: Mi inter\u00e9s primario de investigaci\u00f3n es la utilizaci\u00f3n de modelos animales para entender el papel de la variaci\u00f3n gen\u00e9tica en la modulaci\u00f3n de fenotipos, principalmente del sistema cardiovascular.&nbsp;En el pasado, enfoqu\u00e9 mis estudios en la biolog\u00eda del desarrollo de cardiopat\u00edas cong\u00e9nitas en modelos murinos para mutaciones en genes que codifican para elementos de la [&hellip;]<\/p>\n","protected":false},"author":42,"featured_media":0,"parent":0,"menu_order":0,"comment_status":"closed","ping_status":"closed","template":"","meta":{"footnotes":""},"class_list":["post-2580","page","type-page","status-publish","hentry"],"yoast_head":"<!-- This site is optimized with the Yoast SEO plugin v26.9 - https:\/\/yoast.com\/product\/yoast-seo-wordpress\/ -->\n<title>Juan Francisco Calder\u00f3n - Centro de Gen\u00e9tica y Gen\u00f3mica<\/title>\n<meta name=\"robots\" content=\"index, follow, max-snippet:-1, max-image-preview:large, max-video-preview:-1\" \/>\n<link rel=\"canonical\" href=\"https:\/\/medicina.udd.cl\/centro-genetica-genomica\/juan-francisco-calderon\/\" \/>\n<meta property=\"og:locale\" content=\"es_ES\" \/>\n<meta property=\"og:type\" content=\"article\" \/>\n<meta property=\"og:title\" content=\"Juan Francisco Calder\u00f3n - Centro de Gen\u00e9tica y Gen\u00f3mica\" \/>\n<meta property=\"og:description\" content=\"Intereses: Mi inter\u00e9s primario de investigaci\u00f3n es la utilizaci\u00f3n de modelos animales para entender el papel de la variaci\u00f3n gen\u00e9tica en la modulaci\u00f3n de fenotipos, principalmente del sistema cardiovascular.&nbsp;En el pasado, enfoqu\u00e9 mis estudios en la biolog\u00eda del desarrollo de cardiopat\u00edas cong\u00e9nitas en modelos murinos para mutaciones en genes que codifican para elementos de la [&hellip;]\" \/>\n<meta property=\"og:url\" content=\"https:\/\/medicina.udd.cl\/centro-genetica-genomica\/juan-francisco-calderon\/\" \/>\n<meta property=\"og:site_name\" content=\"Centro de Gen\u00e9tica y Gen\u00f3mica\" \/>\n<meta property=\"article:modified_time\" content=\"2022-03-09T15:20:57+00:00\" \/>\n<meta name=\"twitter:label1\" content=\"Tiempo de lectura\" \/>\n\t<meta name=\"twitter:data1\" content=\"2 minutos\" \/>\n<script type=\"application\/ld+json\" class=\"yoast-schema-graph\">{\"@context\":\"https:\/\/schema.org\",\"@graph\":[{\"@type\":\"WebPage\",\"@id\":\"https:\/\/medicina.udd.cl\/centro-genetica-genomica\/juan-francisco-calderon\/\",\"url\":\"https:\/\/medicina.udd.cl\/centro-genetica-genomica\/juan-francisco-calderon\/\",\"name\":\"Juan Francisco Calder\u00f3n - Centro de Gen\u00e9tica y Gen\u00f3mica\",\"isPartOf\":{\"@id\":\"https:\/\/medicina.udd.cl\/centro-genetica-genomica\/#website\"},\"datePublished\":\"2020-08-28T16:04:12+00:00\",\"dateModified\":\"2022-03-09T15:20:57+00:00\",\"breadcrumb\":{\"@id\":\"https:\/\/medicina.udd.cl\/centro-genetica-genomica\/juan-francisco-calderon\/#breadcrumb\"},\"inLanguage\":\"es\",\"potentialAction\":[{\"@type\":\"ReadAction\",\"target\":[\"https:\/\/medicina.udd.cl\/centro-genetica-genomica\/juan-francisco-calderon\/\"]}]},{\"@type\":\"BreadcrumbList\",\"@id\":\"https:\/\/medicina.udd.cl\/centro-genetica-genomica\/juan-francisco-calderon\/#breadcrumb\",\"itemListElement\":[{\"@type\":\"ListItem\",\"position\":1,\"name\":\"Inicio\",\"item\":\"https:\/\/medicina.udd.cl\/centro-genetica-genomica\/\"},{\"@type\":\"ListItem\",\"position\":2,\"name\":\"Juan Francisco Calder\u00f3n\"}]},{\"@type\":\"WebSite\",\"@id\":\"https:\/\/medicina.udd.cl\/centro-genetica-genomica\/#website\",\"url\":\"https:\/\/medicina.udd.cl\/centro-genetica-genomica\/\",\"name\":\"Centro de Gen\u00e9tica y Gen\u00f3mica\",\"description\":\"\",\"inLanguage\":\"es\"}]}<\/script>\n<!-- \/ Yoast SEO plugin. -->","yoast_head_json":{"title":"Juan Francisco Calder\u00f3n - Centro de Gen\u00e9tica y Gen\u00f3mica","robots":{"index":"index","follow":"follow","max-snippet":"max-snippet:-1","max-image-preview":"max-image-preview:large","max-video-preview":"max-video-preview:-1"},"canonical":"https:\/\/medicina.udd.cl\/centro-genetica-genomica\/juan-francisco-calderon\/","og_locale":"es_ES","og_type":"article","og_title":"Juan Francisco Calder\u00f3n - Centro de Gen\u00e9tica y Gen\u00f3mica","og_description":"Intereses: Mi inter\u00e9s primario de investigaci\u00f3n es la utilizaci\u00f3n de modelos animales para entender el papel de la variaci\u00f3n gen\u00e9tica en la modulaci\u00f3n de fenotipos, principalmente del sistema cardiovascular.&nbsp;En el pasado, enfoqu\u00e9 mis estudios en la biolog\u00eda del desarrollo de cardiopat\u00edas cong\u00e9nitas en modelos murinos para mutaciones en genes que codifican para elementos de la [&hellip;]","og_url":"https:\/\/medicina.udd.cl\/centro-genetica-genomica\/juan-francisco-calderon\/","og_site_name":"Centro de Gen\u00e9tica y Gen\u00f3mica","article_modified_time":"2022-03-09T15:20:57+00:00","twitter_misc":{"Tiempo de lectura":"2 minutos"},"schema":{"@context":"https:\/\/schema.org","@graph":[{"@type":"WebPage","@id":"https:\/\/medicina.udd.cl\/centro-genetica-genomica\/juan-francisco-calderon\/","url":"https:\/\/medicina.udd.cl\/centro-genetica-genomica\/juan-francisco-calderon\/","name":"Juan Francisco Calder\u00f3n - Centro de Gen\u00e9tica y Gen\u00f3mica","isPartOf":{"@id":"https:\/\/medicina.udd.cl\/centro-genetica-genomica\/#website"},"datePublished":"2020-08-28T16:04:12+00:00","dateModified":"2022-03-09T15:20:57+00:00","breadcrumb":{"@id":"https:\/\/medicina.udd.cl\/centro-genetica-genomica\/juan-francisco-calderon\/#breadcrumb"},"inLanguage":"es","potentialAction":[{"@type":"ReadAction","target":["https:\/\/medicina.udd.cl\/centro-genetica-genomica\/juan-francisco-calderon\/"]}]},{"@type":"BreadcrumbList","@id":"https:\/\/medicina.udd.cl\/centro-genetica-genomica\/juan-francisco-calderon\/#breadcrumb","itemListElement":[{"@type":"ListItem","position":1,"name":"Inicio","item":"https:\/\/medicina.udd.cl\/centro-genetica-genomica\/"},{"@type":"ListItem","position":2,"name":"Juan Francisco Calder\u00f3n"}]},{"@type":"WebSite","@id":"https:\/\/medicina.udd.cl\/centro-genetica-genomica\/#website","url":"https:\/\/medicina.udd.cl\/centro-genetica-genomica\/","name":"Centro de Gen\u00e9tica y Gen\u00f3mica","description":"","inLanguage":"es"}]}},"_links":{"self":[{"href":"https:\/\/medicina.udd.cl\/centro-genetica-genomica\/wp-json\/wp\/v2\/pages\/2580","targetHints":{"allow":["GET"]}}],"collection":[{"href":"https:\/\/medicina.udd.cl\/centro-genetica-genomica\/wp-json\/wp\/v2\/pages"}],"about":[{"href":"https:\/\/medicina.udd.cl\/centro-genetica-genomica\/wp-json\/wp\/v2\/types\/page"}],"author":[{"embeddable":true,"href":"https:\/\/medicina.udd.cl\/centro-genetica-genomica\/wp-json\/wp\/v2\/users\/42"}],"replies":[{"embeddable":true,"href":"https:\/\/medicina.udd.cl\/centro-genetica-genomica\/wp-json\/wp\/v2\/comments?post=2580"}],"version-history":[{"count":19,"href":"https:\/\/medicina.udd.cl\/centro-genetica-genomica\/wp-json\/wp\/v2\/pages\/2580\/revisions"}],"predecessor-version":[{"id":2880,"href":"https:\/\/medicina.udd.cl\/centro-genetica-genomica\/wp-json\/wp\/v2\/pages\/2580\/revisions\/2880"}],"wp:attachment":[{"href":"https:\/\/medicina.udd.cl\/centro-genetica-genomica\/wp-json\/wp\/v2\/media?parent=2580"}],"curies":[{"name":"wp","href":"https:\/\/api.w.org\/{rel}","templated":true}]}}