{"id":2597,"date":"2020-08-28T12:13:55","date_gmt":"2020-08-28T16:13:55","guid":{"rendered":"http:\/\/medicina.udd.cl\/centro-genetica-genomica\/?page_id=2597"},"modified":"2022-03-09T12:21:22","modified_gmt":"2022-03-09T15:21:22","slug":"gabriela-repetto","status":"publish","type":"page","link":"https:\/\/medicina.udd.cl\/centro-genetica-genomica\/gabriela-repetto\/","title":{"rendered":"Gabriela Repetto"},"content":{"rendered":"<section class=\"wp-block-udd-featured-link\">\n\t<div class=\"container\">\n\t\t<div class=\"featured-link\">\n\t\t\t\t\t\t<div class=\"featured-link__media\">\n\t\t\t<a href=\"\" data-url=\"\">\n\t\t\t\t\t<img loading=\"lazy\" decoding=\"async\" width=\"680\" height=\"382\" src=\"https:\/\/medicina.udd.cl\/centro-genetica-genomica\/files\/2020\/08\/Gabriela-Repetto-680x382.jpg\" class=\"featured-link__media-image\" alt=\"\" srcset=\"https:\/\/medicina.udd.cl\/centro-genetica-genomica\/files\/2020\/08\/Gabriela-Repetto-680x382.jpg 680w, https:\/\/medicina.udd.cl\/centro-genetica-genomica\/files\/2020\/08\/Gabriela-Repetto-1920x1080.jpg 1920w, https:\/\/medicina.udd.cl\/centro-genetica-genomica\/files\/2020\/08\/Gabriela-Repetto-1366x768.jpg 1366w, https:\/\/medicina.udd.cl\/centro-genetica-genomica\/files\/2020\/08\/Gabriela-Repetto-952x534.jpg 952w\" sizes=\"auto, (max-width: 680px) 100vw, 680px\" \/>\t\t\t\t<\/a>\n\t\t\t<\/div>\n\t\t\t\t\t\t<div class=\"featured-link__content\">\n\t\t\t\t\t\t\t\t\t\t\t\t\t<h3 class=\"featured-link__title\">\n\t\t\t\t\t\t<a data-url=\"\" href=\"\">\n\t\t\t\t\t\t\tGabriela Repetto, MD.\t\t\t\t\t\t<\/a>\n\t\t\t\t\t<\/h3>\n\t\t\t\t\t\t\t\t\t\t\t\t<div class=\"featured-link__description\">\n\t\t\t\t\t \u2013 M\u00e9dico Cirujano, P. U. Cat\u00f3lica de Chile.<br>\u2013 Pediatra, University of Wisconsin-Madison (EEUU).<br>\u2013 Genetista y subespecialista en enfermedades Metab\u00f3licas, Children\u2019s Hospital Boston (EEUU), certificada por American Board of Medical Genetics. <br> <a href=\"mailto:grepetto@udd.cl\">grepetto@udd.cl<\/a> \t\t\t\t<\/div>\n\t\t\t\t\t\t\t\t\t\t\t\t\t\t\t<\/div>\n\t\t<\/div>\n\t<\/div>\n<\/section>\n\n\n<!-- WP Block: UDD - Cards Alternate -->\n<section class=\"wp-block-udd-access-cards\">\n\t<div class=\"container\">\n\t\t\t\t<div class=\"block__content\">\n\t\t\t<div class=\"access-cards\">\n\t\t\t\t\t\t\t<div class=\"access-card-wrapper\">\n\t\t\t\t\t\t\t\t\t\t<div class=\"access-card\">\n\t\t\t\t\t\t<h3 class=\"access-card__title\">L\u00edneas de investigaci\u00f3n<\/h3>\n\t\t\t\t\t\t<p class=\"access-card__description\">\n\t\t\t\t\t\t\t\t\t\t\t\t\t<\/p>\n\t\t\t\t\t\t\t\t\t\t\t\t\t\t\t\t\t\t<div class=\"access-card__link\">\n\t\t\t\t\t\t\t\t<a href=\"https:\/\/medicina.udd.cl\/centro-genetica-genomica\/lineas-de-investigacion-gabriela-repetto\/\" class=\"access-card__link-text\" data-url=\"https:\/\/medicina.udd.cl\/centro-genetica-genomica\/lineas-de-investigacion-gabriela-repetto\/\">Conocer m\u00e1s<\/a>\n\t\t\t\t\t\t\t<\/div>\n\t\t\t\t\t\t\t\t\t\t\t<\/div>\n\t\t\t\t<\/div>\n\t\t\t\t\t\t\t<div class=\"access-card-wrapper\">\n\t\t\t\t\t\t\t\t\t\t<div class=\"access-card\">\n\t\t\t\t\t\t<h3 class=\"access-card__title\">Publicaciones<\/h3>\n\t\t\t\t\t\t<p class=\"access-card__description\">\n\t\t\t\t\t\t\t\t\t\t\t\t\t<\/p>\n\t\t\t\t\t\t\t\t\t\t\t\t\t\t\t\t\t\t<div class=\"access-card__link\">\n\t\t\t\t\t\t\t\t<a href=\"https:\/\/medicina.udd.cl\/centro-genetica-genomica\/publicaciones-gabriela-repetto\/\" class=\"access-card__link-text\" data-url=\"https:\/\/medicina.udd.cl\/centro-genetica-genomica\/publicaciones-gabriela-repetto\/\">Art\u00edculos destacados<\/a>\n\t\t\t\t\t\t\t<\/div>\n\t\t\t\t\t\t\t\t\t\t\t<\/div>\n\t\t\t\t<\/div>\n\t\t\t\t\t\t<\/div>\n\t\t<\/div>\n\t<\/div>\n<\/section>\n\n\n\n<p><strong>Intereses:<\/strong><\/p>\n\n\n\n<ul class=\"wp-block-list\"><li>Soy acad\u00e9mica del Centro de Gen\u00e9tica y Gen\u00f3mica de la Facultad de Medicina, que realiza actividades de docencia, investigaci\u00f3n, atenci\u00f3n cl\u00ednica (en Cl\u00ednica Alemana y Hospital Padre Hurtado) y extensi\u00f3n. Trabajo en la integraci\u00f3n de la gen\u00e9tica y gen\u00f3mica a la docencia de la Medicina, como un eje transversal a lo largo de pre y post grado. Investigo sobre&nbsp;<a href=\"http:\/\/medicina.udd.cl\/icim\/centros-investigacion\/programa-enfermedades-poco-frecuentes\/\">enfermedades poco frecuentes<\/a>, que son en su mayor\u00eda de causa gen\u00e9tica y causan discapacidad y muerte precoz, sobre todo en ni\u00f1os.&nbsp; Participo en el desarrollo e implementaci\u00f3n de ex\u00e1menes gen\u00e9ticos relevantes para la poblaci\u00f3n chilena, y en la educaci\u00f3n de los profesionales de la salud y la comunidad sobre su uso e interpretaci\u00f3n. Soy miembro del comit\u00e9 directivo de Global Genomic Medicine Collaborative (<a href=\"https:\/\/g2mc.org\/\">https:\/\/g2mc.org\/<\/a>) que fomenta la implementaci\u00f3n de iniciativas de Medicina Gen\u00f3mica<\/li><\/ul>\n\n\n\n<p><strong>Interests:<\/strong><\/p>\n\n\n\n<ul class=\"wp-block-list\"><li>I am a Faculty member at Center of Genetics and Genomics at the School of Medicine, which carries out teaching, research and clinical care (at Cl\u00ednica Alemana and Hospital Padre Hurtado) and community outreach. I work in the integration of genetics and genomics in medical curriculum, as a transversal thread along pre and post graduate education. My research focus is on&nbsp;<a href=\"http:\/\/medicina.udd.cl\/icim\/centros-investigacion\/programa-enfermedades-poco-frecuentes\/\">rare disorders<\/a>, that are mostly of genetic origin and causa disability and early deaths, specially in children. I participate in the development and implementation of genetic testing relevant for the Chilean population, and education of health professionals and the community about their use and interpretation. I am a member of the steering committee of the Global Genomic Medicine Collaborative (<a href=\"https:\/\/g2mc.org\/\">https:\/\/g2mc.org\/<\/a>), that promotes the implementation of Genomic Medicine initiatives<\/li><\/ul>\n\n\n\n<p><strong>Docencia:<\/strong><\/p>\n\n\n\n<ul class=\"wp-block-list\"><li>Coordinadora Curso de Gen\u00e9tica Humana (2\u00b0 a\u00f1o Medicina)<\/li><li>Participante en cursos de Farmacolog\u00eda, Pediatr\u00eda, Internados de Pediatr\u00eda y Ginecoobstetricia<\/li><\/ul>\n\n\n\n<p><strong>Reconocimientos:<\/strong><\/p>\n\n\n\n<ul class=\"wp-block-list\"><li>100 Mujeres L\u00edderes 2011. (Otorgado por El Mercurio y Mujeres Empresarias)<\/li><li>Profesor de Excelencia 2010 y 2012 Carrera de Medicina, Universidad del Desarrollo<\/li><\/ul>\n\n\n\n<p><strong>Afiliaciones:<\/strong><\/p>\n\n\n\n<ul class=\"wp-block-list\"><li>American Society of Human Genetics<\/li><li>American College of Medical Genetics<\/li><li>Global Alliance for Genomes and Health<\/li><li>Global Genomic Medicine Collaborative<\/li><li>Sociedad de Gen\u00e9tica de Chile<\/li><\/ul>\n","protected":false},"excerpt":{"rendered":"<p>Intereses: Soy acad\u00e9mica del Centro de Gen\u00e9tica y Gen\u00f3mica de la Facultad de Medicina, que realiza actividades de docencia, investigaci\u00f3n, atenci\u00f3n cl\u00ednica (en Cl\u00ednica Alemana y Hospital Padre Hurtado) y extensi\u00f3n. Trabajo en la integraci\u00f3n de la gen\u00e9tica y gen\u00f3mica a la docencia de la Medicina, como un eje transversal a lo largo de pre [&hellip;]<\/p>\n","protected":false},"author":42,"featured_media":0,"parent":0,"menu_order":0,"comment_status":"closed","ping_status":"closed","template":"","meta":{"footnotes":""},"class_list":["post-2597","page","type-page","status-publish","hentry"],"yoast_head":"<!-- This site is optimized with the Yoast SEO plugin v26.9 - https:\/\/yoast.com\/product\/yoast-seo-wordpress\/ -->\n<title>Gabriela Repetto - Centro de Gen\u00e9tica y Gen\u00f3mica<\/title>\n<meta name=\"robots\" content=\"index, follow, max-snippet:-1, max-image-preview:large, max-video-preview:-1\" \/>\n<link rel=\"canonical\" href=\"https:\/\/medicina.udd.cl\/centro-genetica-genomica\/gabriela-repetto\/\" \/>\n<meta property=\"og:locale\" content=\"es_ES\" \/>\n<meta property=\"og:type\" content=\"article\" \/>\n<meta property=\"og:title\" content=\"Gabriela Repetto - Centro de Gen\u00e9tica y Gen\u00f3mica\" \/>\n<meta property=\"og:description\" content=\"Intereses: Soy acad\u00e9mica del Centro de Gen\u00e9tica y Gen\u00f3mica de la Facultad de Medicina, que realiza actividades de docencia, investigaci\u00f3n, atenci\u00f3n cl\u00ednica (en Cl\u00ednica Alemana y Hospital Padre Hurtado) y extensi\u00f3n. Trabajo en la integraci\u00f3n de la gen\u00e9tica y gen\u00f3mica a la docencia de la Medicina, como un eje transversal a lo largo de pre [&hellip;]\" \/>\n<meta property=\"og:url\" content=\"https:\/\/medicina.udd.cl\/centro-genetica-genomica\/gabriela-repetto\/\" \/>\n<meta property=\"og:site_name\" content=\"Centro de Gen\u00e9tica y Gen\u00f3mica\" \/>\n<meta property=\"article:modified_time\" content=\"2022-03-09T15:21:22+00:00\" \/>\n<meta name=\"twitter:label1\" content=\"Tiempo de lectura\" \/>\n\t<meta name=\"twitter:data1\" content=\"2 minutos\" \/>\n<script type=\"application\/ld+json\" class=\"yoast-schema-graph\">{\"@context\":\"https:\/\/schema.org\",\"@graph\":[{\"@type\":\"WebPage\",\"@id\":\"https:\/\/medicina.udd.cl\/centro-genetica-genomica\/gabriela-repetto\/\",\"url\":\"https:\/\/medicina.udd.cl\/centro-genetica-genomica\/gabriela-repetto\/\",\"name\":\"Gabriela Repetto - Centro de Gen\u00e9tica y Gen\u00f3mica\",\"isPartOf\":{\"@id\":\"https:\/\/medicina.udd.cl\/centro-genetica-genomica\/#website\"},\"datePublished\":\"2020-08-28T16:13:55+00:00\",\"dateModified\":\"2022-03-09T15:21:22+00:00\",\"breadcrumb\":{\"@id\":\"https:\/\/medicina.udd.cl\/centro-genetica-genomica\/gabriela-repetto\/#breadcrumb\"},\"inLanguage\":\"es\",\"potentialAction\":[{\"@type\":\"ReadAction\",\"target\":[\"https:\/\/medicina.udd.cl\/centro-genetica-genomica\/gabriela-repetto\/\"]}]},{\"@type\":\"BreadcrumbList\",\"@id\":\"https:\/\/medicina.udd.cl\/centro-genetica-genomica\/gabriela-repetto\/#breadcrumb\",\"itemListElement\":[{\"@type\":\"ListItem\",\"position\":1,\"name\":\"Inicio\",\"item\":\"https:\/\/medicina.udd.cl\/centro-genetica-genomica\/\"},{\"@type\":\"ListItem\",\"position\":2,\"name\":\"Gabriela Repetto\"}]},{\"@type\":\"WebSite\",\"@id\":\"https:\/\/medicina.udd.cl\/centro-genetica-genomica\/#website\",\"url\":\"https:\/\/medicina.udd.cl\/centro-genetica-genomica\/\",\"name\":\"Centro de Gen\u00e9tica y Gen\u00f3mica\",\"description\":\"\",\"inLanguage\":\"es\"}]}<\/script>\n<!-- \/ Yoast SEO plugin. -->","yoast_head_json":{"title":"Gabriela Repetto - Centro de Gen\u00e9tica y Gen\u00f3mica","robots":{"index":"index","follow":"follow","max-snippet":"max-snippet:-1","max-image-preview":"max-image-preview:large","max-video-preview":"max-video-preview:-1"},"canonical":"https:\/\/medicina.udd.cl\/centro-genetica-genomica\/gabriela-repetto\/","og_locale":"es_ES","og_type":"article","og_title":"Gabriela Repetto - Centro de Gen\u00e9tica y Gen\u00f3mica","og_description":"Intereses: Soy acad\u00e9mica del Centro de Gen\u00e9tica y Gen\u00f3mica de la Facultad de Medicina, que realiza actividades de docencia, investigaci\u00f3n, atenci\u00f3n cl\u00ednica (en Cl\u00ednica Alemana y Hospital Padre Hurtado) y extensi\u00f3n. Trabajo en la integraci\u00f3n de la gen\u00e9tica y gen\u00f3mica a la docencia de la Medicina, como un eje transversal a lo largo de pre [&hellip;]","og_url":"https:\/\/medicina.udd.cl\/centro-genetica-genomica\/gabriela-repetto\/","og_site_name":"Centro de Gen\u00e9tica y Gen\u00f3mica","article_modified_time":"2022-03-09T15:21:22+00:00","twitter_misc":{"Tiempo de lectura":"2 minutos"},"schema":{"@context":"https:\/\/schema.org","@graph":[{"@type":"WebPage","@id":"https:\/\/medicina.udd.cl\/centro-genetica-genomica\/gabriela-repetto\/","url":"https:\/\/medicina.udd.cl\/centro-genetica-genomica\/gabriela-repetto\/","name":"Gabriela Repetto - Centro de Gen\u00e9tica y Gen\u00f3mica","isPartOf":{"@id":"https:\/\/medicina.udd.cl\/centro-genetica-genomica\/#website"},"datePublished":"2020-08-28T16:13:55+00:00","dateModified":"2022-03-09T15:21:22+00:00","breadcrumb":{"@id":"https:\/\/medicina.udd.cl\/centro-genetica-genomica\/gabriela-repetto\/#breadcrumb"},"inLanguage":"es","potentialAction":[{"@type":"ReadAction","target":["https:\/\/medicina.udd.cl\/centro-genetica-genomica\/gabriela-repetto\/"]}]},{"@type":"BreadcrumbList","@id":"https:\/\/medicina.udd.cl\/centro-genetica-genomica\/gabriela-repetto\/#breadcrumb","itemListElement":[{"@type":"ListItem","position":1,"name":"Inicio","item":"https:\/\/medicina.udd.cl\/centro-genetica-genomica\/"},{"@type":"ListItem","position":2,"name":"Gabriela Repetto"}]},{"@type":"WebSite","@id":"https:\/\/medicina.udd.cl\/centro-genetica-genomica\/#website","url":"https:\/\/medicina.udd.cl\/centro-genetica-genomica\/","name":"Centro de Gen\u00e9tica y Gen\u00f3mica","description":"","inLanguage":"es"}]}},"_links":{"self":[{"href":"https:\/\/medicina.udd.cl\/centro-genetica-genomica\/wp-json\/wp\/v2\/pages\/2597","targetHints":{"allow":["GET"]}}],"collection":[{"href":"https:\/\/medicina.udd.cl\/centro-genetica-genomica\/wp-json\/wp\/v2\/pages"}],"about":[{"href":"https:\/\/medicina.udd.cl\/centro-genetica-genomica\/wp-json\/wp\/v2\/types\/page"}],"author":[{"embeddable":true,"href":"https:\/\/medicina.udd.cl\/centro-genetica-genomica\/wp-json\/wp\/v2\/users\/42"}],"replies":[{"embeddable":true,"href":"https:\/\/medicina.udd.cl\/centro-genetica-genomica\/wp-json\/wp\/v2\/comments?post=2597"}],"version-history":[{"count":10,"href":"https:\/\/medicina.udd.cl\/centro-genetica-genomica\/wp-json\/wp\/v2\/pages\/2597\/revisions"}],"predecessor-version":[{"id":2881,"href":"https:\/\/medicina.udd.cl\/centro-genetica-genomica\/wp-json\/wp\/v2\/pages\/2597\/revisions\/2881"}],"wp:attachment":[{"href":"https:\/\/medicina.udd.cl\/centro-genetica-genomica\/wp-json\/wp\/v2\/media?parent=2597"}],"curies":[{"name":"wp","href":"https:\/\/api.w.org\/{rel}","templated":true}]}}