{"id":2619,"date":"2020-08-28T12:32:42","date_gmt":"2020-08-28T16:32:42","guid":{"rendered":"http:\/\/medicina.udd.cl\/centro-genetica-genomica\/?page_id=2619"},"modified":"2022-03-09T12:22:49","modified_gmt":"2022-03-09T15:22:49","slug":"cecilia-vial","status":"publish","type":"page","link":"https:\/\/medicina.udd.cl\/centro-genetica-genomica\/cecilia-vial\/","title":{"rendered":"Cecilia Vial"},"content":{"rendered":"<section class=\"wp-block-udd-featured-link\">\n\t<div class=\"container\">\n\t\t<div class=\"featured-link\">\n\t\t\t\t\t\t<div class=\"featured-link__media\">\n\t\t\t<a href=\"\" data-url=\"\">\n\t\t\t\t\t<img loading=\"lazy\" decoding=\"async\" width=\"680\" height=\"382\" src=\"https:\/\/medicina.udd.cl\/centro-genetica-genomica\/files\/2020\/08\/Cecilia-Vial-680x382.jpg\" class=\"featured-link__media-image\" alt=\"\" srcset=\"https:\/\/medicina.udd.cl\/centro-genetica-genomica\/files\/2020\/08\/Cecilia-Vial-680x382.jpg 680w, https:\/\/medicina.udd.cl\/centro-genetica-genomica\/files\/2020\/08\/Cecilia-Vial-1920x1080.jpg 1920w, https:\/\/medicina.udd.cl\/centro-genetica-genomica\/files\/2020\/08\/Cecilia-Vial-1366x768.jpg 1366w, https:\/\/medicina.udd.cl\/centro-genetica-genomica\/files\/2020\/08\/Cecilia-Vial-952x534.jpg 952w\" sizes=\"auto, (max-width: 680px) 100vw, 680px\" \/>\t\t\t\t<\/a>\n\t\t\t<\/div>\n\t\t\t\t\t\t<div class=\"featured-link__content\">\n\t\t\t\t\t\t\t\t\t\t\t\t\t<h3 class=\"featured-link__title\">\n\t\t\t\t\t\t<a data-url=\"\" href=\"\">\n\t\t\t\t\t\t\tCecilia Vial, PhD.\t\t\t\t\t\t<\/a>\n\t\t\t\t\t<\/h3>\n\t\t\t\t\t\t\t\t\t\t\t\t<div class=\"featured-link__description\">\n\t\t\t\t\t \u2013 Doctor en Ciencias Biol\u00f3gicas con menci\u00f3n en Biolog\u00eda Celular y Molecular, P. U. Cat\u00f3lica de Chile.<br>\u2013 Licenciado en Biolog\u00eda, P. U. Cat\u00f3lica de Chile. <br> <a href=\"mailto:mcvial@udd.cl\">mcvial@udd.cl<\/a> \t\t\t\t<\/div>\n\t\t\t\t\t\t\t\t\t\t\t\t\t\t\t<\/div>\n\t\t<\/div>\n\t<\/div>\n<\/section>\n\n\n<!-- WP Block: UDD - Cards Alternate -->\n<section class=\"wp-block-udd-access-cards\">\n\t<div class=\"container\">\n\t\t\t\t<div class=\"block__content\">\n\t\t\t<div class=\"access-cards\">\n\t\t\t\t\t\t\t<div class=\"access-card-wrapper\">\n\t\t\t\t\t\t\t\t\t\t<div class=\"access-card\">\n\t\t\t\t\t\t<h3 class=\"access-card__title\">Publicaciones<\/h3>\n\t\t\t\t\t\t<p class=\"access-card__description\">\n\t\t\t\t\t\t\t\t\t\t\t\t\t<\/p>\n\t\t\t\t\t\t\t\t\t\t\t\t\t\t\t\t\t\t<div class=\"access-card__link\">\n\t\t\t\t\t\t\t\t<a href=\"https:\/\/medicina.udd.cl\/centro-genetica-genomica\/publicaciones-cecilia-vial\/\" class=\"access-card__link-text\" data-url=\"https:\/\/medicina.udd.cl\/centro-genetica-genomica\/publicaciones-cecilia-vial\/\">Art\u00edculos destacados<\/a>\n\t\t\t\t\t\t\t<\/div>\n\t\t\t\t\t\t\t\t\t\t\t<\/div>\n\t\t\t\t<\/div>\n\t\t\t\t\t\t\t<div class=\"access-card-wrapper\">\n\t\t\t\t\t\t\t\t\t\t<div class=\"access-card\">\n\t\t\t\t\t\t<h3 class=\"access-card__title\">Financiamiento<\/h3>\n\t\t\t\t\t\t<p class=\"access-card__description\">\n\t\t\t\t\t\t\t\t\t\t\t\t\t<\/p>\n\t\t\t\t\t\t\t\t\t\t\t\t\t\t\t\t\t\t<div class=\"access-card__link\">\n\t\t\t\t\t\t\t\t<a href=\"https:\/\/medicina.udd.cl\/centro-genetica-genomica\/financiamiento-cecilia-vial\" class=\"access-card__link-text\" data-url=\"https:\/\/medicina.udd.cl\/centro-genetica-genomica\/financiamiento-cecilia-vial\">Proyectos de investigaci\u00f3n<\/a>\n\t\t\t\t\t\t\t<\/div>\n\t\t\t\t\t\t\t\t\t\t\t<\/div>\n\t\t\t\t<\/div>\n\t\t\t\t\t\t<\/div>\n\t\t<\/div>\n\t<\/div>\n<\/section>\n\n\n\n<p><strong>Research Interest:&nbsp;<\/strong><\/p>\n\n\n\n<ul class=\"wp-block-list\"><li>My research interest is in host response to viral infection, and how host and pathogens interact.&nbsp; We have use hantavirus infection as a model for studying inter-individual differences that terminate in a different clinical course when infected. Andes orthohantavirus (ANDV) causes hantavirus cardiopulmonary syndrome (HCPS) which is a disease with no cure or vaccine and with a case fatality rate of 30%. Although the Chilean strain of ANDV is the same throughout the country, the clinical spectrum differs depending on individual response, requiring individual treatment. These clinical courses varies from an asymptomatic illness to death for cardiopulmonary shock The unique landscape of having an admixed population in Chile enables us to use genetic and genomic tools that are helping us understand this neglected disease pathophysiology. We are also using immunological approaches to understand host response to ANDV along with studying the virus. Our ultimate goal is to propose novel therapeutic targets and biomarkers of disease severity for HCPS.<\/li><li>Mi inter\u00e9s en la investigaci\u00f3n es la respuesta del hospedero a las infecciones virales, y c\u00f3mo interact\u00faan el hu\u00e9sped y estos pat\u00f3genos. Hemos utilizado la infecci\u00f3n por hantavirus como un modelo para estudiar las diferencias entre individuos que terminan en un curso cl\u00ednico diferente cuando se infectan. El ortohantavirus Andes (ANDV) causa el s\u00edndrome cardiopulmonar del hantavirus (HCPS), que es una enfermedadsin cura ni vacuna y que tiene una letalidad de 30%. Aunque la cepa chilena de ANDV es la misma en todo el pa\u00eds, el espectro cl\u00ednico difiere seg\u00fan la respuesta individual, lo que requiere un tratamiento individual. Estos cursos cl\u00ednicos var\u00edan desde una enfermedad asintom\u00e1tica hasta la muerte por shock cardiopulmonar. El paisaje \u00fanico de tener una poblaci\u00f3n mestiza en Chile nos permite utilizar herramientas gen\u00e9ticas y gen\u00f3micas que nos ayudan a comprender la patofisiolog\u00eda de esta enfermedad. Tambi\u00e9n estamos utilizando enfoques inmunol\u00f3gicos para comprender la respuesta de los pacientes al ANDV junto con el estudiar al virus y su roedor portador. Nuestro objetivo final es proponer nuevos blancos terap\u00e9uticos y biomarcadores de gravedad de la enfermedad para HCPS.<\/li><\/ul>\n\n\n\n<p>L\u00edneas de investigaci\u00f3n<\/p>\n\n\n\n<ul class=\"wp-block-list\"><li> Hantavirus y Gen\u00f3mica Humana <\/li><\/ul>\n\n\n\n<p><strong>Afiliaciones:<\/strong><\/p>\n\n\n\n<ul class=\"wp-block-list\"><li>Miembro de la Sociedad Americana de Gen\u00e9tica Humana (ASHG)<\/li><li>Miembro de la Sociedad de &nbsp;Gen\u00e9tica de Chile (SOCHIGEN)<\/li><\/ul>\n","protected":false},"excerpt":{"rendered":"<p>Research Interest:&nbsp; My research interest is in host response to viral infection, and how host and pathogens interact.&nbsp; We have use hantavirus infection as a model for studying inter-individual differences that terminate in a different clinical course when infected. Andes orthohantavirus (ANDV) causes hantavirus cardiopulmonary syndrome (HCPS) which is a disease with no cure or [&hellip;]<\/p>\n","protected":false},"author":42,"featured_media":0,"parent":0,"menu_order":0,"comment_status":"closed","ping_status":"closed","template":"","meta":{"footnotes":""},"class_list":["post-2619","page","type-page","status-publish","hentry"],"yoast_head":"<!-- This site is optimized with the Yoast SEO plugin v26.9 - https:\/\/yoast.com\/product\/yoast-seo-wordpress\/ -->\n<title>Cecilia Vial - Centro de Gen\u00e9tica y Gen\u00f3mica<\/title>\n<meta name=\"robots\" content=\"index, follow, max-snippet:-1, max-image-preview:large, max-video-preview:-1\" \/>\n<link rel=\"canonical\" href=\"https:\/\/medicina.udd.cl\/centro-genetica-genomica\/cecilia-vial\/\" \/>\n<meta property=\"og:locale\" content=\"es_ES\" \/>\n<meta property=\"og:type\" content=\"article\" \/>\n<meta property=\"og:title\" content=\"Cecilia Vial - Centro de Gen\u00e9tica y Gen\u00f3mica\" \/>\n<meta property=\"og:description\" content=\"Research Interest:&nbsp; My research interest is in host response to viral infection, and how host and pathogens interact.&nbsp; We have use hantavirus infection as a model for studying inter-individual differences that terminate in a different clinical course when infected. Andes orthohantavirus (ANDV) causes hantavirus cardiopulmonary syndrome (HCPS) which is a disease with no cure or [&hellip;]\" \/>\n<meta property=\"og:url\" content=\"https:\/\/medicina.udd.cl\/centro-genetica-genomica\/cecilia-vial\/\" \/>\n<meta property=\"og:site_name\" content=\"Centro de Gen\u00e9tica y Gen\u00f3mica\" \/>\n<meta property=\"article:modified_time\" content=\"2022-03-09T15:22:49+00:00\" \/>\n<meta name=\"twitter:label1\" content=\"Tiempo de lectura\" \/>\n\t<meta name=\"twitter:data1\" content=\"2 minutos\" \/>\n<script type=\"application\/ld+json\" class=\"yoast-schema-graph\">{\"@context\":\"https:\/\/schema.org\",\"@graph\":[{\"@type\":\"WebPage\",\"@id\":\"https:\/\/medicina.udd.cl\/centro-genetica-genomica\/cecilia-vial\/\",\"url\":\"https:\/\/medicina.udd.cl\/centro-genetica-genomica\/cecilia-vial\/\",\"name\":\"Cecilia Vial - Centro de Gen\u00e9tica y Gen\u00f3mica\",\"isPartOf\":{\"@id\":\"https:\/\/medicina.udd.cl\/centro-genetica-genomica\/#website\"},\"datePublished\":\"2020-08-28T16:32:42+00:00\",\"dateModified\":\"2022-03-09T15:22:49+00:00\",\"breadcrumb\":{\"@id\":\"https:\/\/medicina.udd.cl\/centro-genetica-genomica\/cecilia-vial\/#breadcrumb\"},\"inLanguage\":\"es\",\"potentialAction\":[{\"@type\":\"ReadAction\",\"target\":[\"https:\/\/medicina.udd.cl\/centro-genetica-genomica\/cecilia-vial\/\"]}]},{\"@type\":\"BreadcrumbList\",\"@id\":\"https:\/\/medicina.udd.cl\/centro-genetica-genomica\/cecilia-vial\/#breadcrumb\",\"itemListElement\":[{\"@type\":\"ListItem\",\"position\":1,\"name\":\"Inicio\",\"item\":\"https:\/\/medicina.udd.cl\/centro-genetica-genomica\/\"},{\"@type\":\"ListItem\",\"position\":2,\"name\":\"Cecilia Vial\"}]},{\"@type\":\"WebSite\",\"@id\":\"https:\/\/medicina.udd.cl\/centro-genetica-genomica\/#website\",\"url\":\"https:\/\/medicina.udd.cl\/centro-genetica-genomica\/\",\"name\":\"Centro de Gen\u00e9tica y Gen\u00f3mica\",\"description\":\"\",\"inLanguage\":\"es\"}]}<\/script>\n<!-- \/ Yoast SEO plugin. -->","yoast_head_json":{"title":"Cecilia Vial - Centro de Gen\u00e9tica y Gen\u00f3mica","robots":{"index":"index","follow":"follow","max-snippet":"max-snippet:-1","max-image-preview":"max-image-preview:large","max-video-preview":"max-video-preview:-1"},"canonical":"https:\/\/medicina.udd.cl\/centro-genetica-genomica\/cecilia-vial\/","og_locale":"es_ES","og_type":"article","og_title":"Cecilia Vial - Centro de Gen\u00e9tica y Gen\u00f3mica","og_description":"Research Interest:&nbsp; My research interest is in host response to viral infection, and how host and pathogens interact.&nbsp; We have use hantavirus infection as a model for studying inter-individual differences that terminate in a different clinical course when infected. Andes orthohantavirus (ANDV) causes hantavirus cardiopulmonary syndrome (HCPS) which is a disease with no cure or [&hellip;]","og_url":"https:\/\/medicina.udd.cl\/centro-genetica-genomica\/cecilia-vial\/","og_site_name":"Centro de Gen\u00e9tica y Gen\u00f3mica","article_modified_time":"2022-03-09T15:22:49+00:00","twitter_misc":{"Tiempo de lectura":"2 minutos"},"schema":{"@context":"https:\/\/schema.org","@graph":[{"@type":"WebPage","@id":"https:\/\/medicina.udd.cl\/centro-genetica-genomica\/cecilia-vial\/","url":"https:\/\/medicina.udd.cl\/centro-genetica-genomica\/cecilia-vial\/","name":"Cecilia Vial - Centro de Gen\u00e9tica y Gen\u00f3mica","isPartOf":{"@id":"https:\/\/medicina.udd.cl\/centro-genetica-genomica\/#website"},"datePublished":"2020-08-28T16:32:42+00:00","dateModified":"2022-03-09T15:22:49+00:00","breadcrumb":{"@id":"https:\/\/medicina.udd.cl\/centro-genetica-genomica\/cecilia-vial\/#breadcrumb"},"inLanguage":"es","potentialAction":[{"@type":"ReadAction","target":["https:\/\/medicina.udd.cl\/centro-genetica-genomica\/cecilia-vial\/"]}]},{"@type":"BreadcrumbList","@id":"https:\/\/medicina.udd.cl\/centro-genetica-genomica\/cecilia-vial\/#breadcrumb","itemListElement":[{"@type":"ListItem","position":1,"name":"Inicio","item":"https:\/\/medicina.udd.cl\/centro-genetica-genomica\/"},{"@type":"ListItem","position":2,"name":"Cecilia Vial"}]},{"@type":"WebSite","@id":"https:\/\/medicina.udd.cl\/centro-genetica-genomica\/#website","url":"https:\/\/medicina.udd.cl\/centro-genetica-genomica\/","name":"Centro de Gen\u00e9tica y Gen\u00f3mica","description":"","inLanguage":"es"}]}},"_links":{"self":[{"href":"https:\/\/medicina.udd.cl\/centro-genetica-genomica\/wp-json\/wp\/v2\/pages\/2619","targetHints":{"allow":["GET"]}}],"collection":[{"href":"https:\/\/medicina.udd.cl\/centro-genetica-genomica\/wp-json\/wp\/v2\/pages"}],"about":[{"href":"https:\/\/medicina.udd.cl\/centro-genetica-genomica\/wp-json\/wp\/v2\/types\/page"}],"author":[{"embeddable":true,"href":"https:\/\/medicina.udd.cl\/centro-genetica-genomica\/wp-json\/wp\/v2\/users\/42"}],"replies":[{"embeddable":true,"href":"https:\/\/medicina.udd.cl\/centro-genetica-genomica\/wp-json\/wp\/v2\/comments?post=2619"}],"version-history":[{"count":6,"href":"https:\/\/medicina.udd.cl\/centro-genetica-genomica\/wp-json\/wp\/v2\/pages\/2619\/revisions"}],"predecessor-version":[{"id":2883,"href":"https:\/\/medicina.udd.cl\/centro-genetica-genomica\/wp-json\/wp\/v2\/pages\/2619\/revisions\/2883"}],"wp:attachment":[{"href":"https:\/\/medicina.udd.cl\/centro-genetica-genomica\/wp-json\/wp\/v2\/media?parent=2619"}],"curies":[{"name":"wp","href":"https:\/\/api.w.org\/{rel}","templated":true}]}}