{"id":2629,"date":"2020-08-28T12:37:09","date_gmt":"2020-08-28T16:37:09","guid":{"rendered":"http:\/\/medicina.udd.cl\/centro-genetica-genomica\/?page_id=2629"},"modified":"2022-03-09T12:23:20","modified_gmt":"2022-03-09T15:23:20","slug":"boris-rebolledo","status":"publish","type":"page","link":"https:\/\/medicina.udd.cl\/centro-genetica-genomica\/boris-rebolledo\/","title":{"rendered":"Boris Rebolledo"},"content":{"rendered":"<section class=\"wp-block-udd-featured-link\">\n\t<div class=\"container\">\n\t\t<div class=\"featured-link\">\n\t\t\t\t\t\t<div class=\"featured-link__media\">\n\t\t\t<a href=\"\" data-url=\"\">\n\t\t\t\t\t<img loading=\"lazy\" decoding=\"async\" width=\"680\" height=\"382\" src=\"https:\/\/medicina.udd.cl\/centro-genetica-genomica\/files\/2020\/08\/Boris-Rebolledo-680x382.jpg\" class=\"featured-link__media-image\" alt=\"\" srcset=\"https:\/\/medicina.udd.cl\/centro-genetica-genomica\/files\/2020\/08\/Boris-Rebolledo-680x382.jpg 680w, https:\/\/medicina.udd.cl\/centro-genetica-genomica\/files\/2020\/08\/Boris-Rebolledo-1920x1080.jpg 1920w, https:\/\/medicina.udd.cl\/centro-genetica-genomica\/files\/2020\/08\/Boris-Rebolledo-1366x768.jpg 1366w, https:\/\/medicina.udd.cl\/centro-genetica-genomica\/files\/2020\/08\/Boris-Rebolledo-952x534.jpg 952w\" sizes=\"auto, (max-width: 680px) 100vw, 680px\" \/>\t\t\t\t<\/a>\n\t\t\t<\/div>\n\t\t\t\t\t\t<div class=\"featured-link__content\">\n\t\t\t\t\t\t\t\t\t\t\t\t\t<h3 class=\"featured-link__title\">\n\t\t\t\t\t\t<a data-url=\"\" href=\"\">\n\t\t\t\t\t\t\tBoris Rebolledo, PhD.\t\t\t\t\t\t<\/a>\n\t\t\t\t\t<\/h3>\n\t\t\t\t\t\t\t\t\t\t\t\t<div class=\"featured-link__description\">\n\t\t\t\t\t \u2013 Ph.D. en Bioinform\u00e1tica y Gen\u00f3mica, Penn State University (USA).<br>\u2013 Mag\u00edster en Bioqu\u00edmica y Bioinform\u00e1tica, Universidad de Concepci\u00f3n.<br>\u2013 Bioingenier\u00eda, Universidad de Concepci\u00f3n <br> <a href=\"mailto:brebolledo@udd.cl\">brebolledo@udd.cl<\/a> \t\t\t\t<\/div>\n\t\t\t\t\t\t\t\t\t\t\t\t\t\t\t<\/div>\n\t\t<\/div>\n\t<\/div>\n<\/section>\n\n\n<!-- WP Block: UDD - Access Cards -->\n<section\n\tid=\"udd-access-cards--1\"\n\tclass=\"wp-block-udd-access-cards\n\t\t\"\n\t\tstyle=\"\n\t\t--udd-blocks-has-columns-number: 2\t\t\"\n\t>\n\t<div class=\"container\">\n\t\t\t\t<div class=\"block__content\">\n\t\t\t<div\n\t\t\t\tclass=\"udd-access-cards\"\n\t\t\t\t\t\t\t>\n\t\t\t<div\n\tdata-index=\"1\"\n\tclass=\"udd-access-card-wrapper\"\n\t>\n\t<a href=\"https:\/\/medicina.udd.cl\/centro-genetica-genomica\/lineas-de-investigacion-boris-rebolledo\/\" class=\"access-card access-card--profile\" data-url=\"https:\/\/medicina.udd.cl\/centro-genetica-genomica\/lineas-de-investigacion-boris-rebolledo\/\">\n\t\t\t\t\t\t<h3\n\t\t\tdata-index=\"1\"\n\t\t\tclass=\"access-card__title\"\n\t\t>\n\t\t\tL\u00edneas de investigaci\u00f3n\t\t<\/h3>\n\t\t\t\t<div class=\"access-card__link\">\n\t\t\t<span class=\"access-card__link-text\">Conocer m\u00e1s<\/span>\n\t\t<\/div>\n\t<\/a>\n<\/div>\n<div\n\tdata-index=\"2\"\n\tclass=\"udd-access-card-wrapper\"\n\t>\n\t<a href=\"https:\/\/medicina.udd.cl\/centro-genetica-genomica\/publicaciones-boris-rebolledo\" class=\"access-card access-card--profile\" data-url=\"https:\/\/medicina.udd.cl\/centro-genetica-genomica\/publicaciones-boris-rebolledo\">\n\t\t\t\t\t\t<h3\n\t\t\tdata-index=\"2\"\n\t\t\tclass=\"access-card__title\"\n\t\t>\n\t\t\tPublicaciones\t\t<\/h3>\n\t\t\t\t<div class=\"access-card__link\">\n\t\t\t<span class=\"access-card__link-text\">Papers seleccionados<\/span>\n\t\t<\/div>\n\t<\/a>\n<\/div>\n\t\t\t<\/div>\n\t\t<\/div>\n\t<\/div>\n<\/section>\n\n\n\n<p><strong>Intereses<\/strong><\/p>\n\n\n\n<p>Mi interesa el desarrollo e integraci\u00f3n de herramientas bioinform\u00e1ticas para el an\u00e1lisis de datos de gen\u00f3mica m\u00e9dica.&nbsp;Me he enfocado en investigar aspectos b\u00e1sicos del ADN mitocondrial: heteroplasmia, din\u00e1mica de transmisi\u00f3n y evoluci\u00f3n. Actualmente, me interesa entender la coordinaci\u00f3n gen\u00e9tica entre los genomas nuclear y mitocondrial, y c\u00f3mo variantes gen\u00e9ticas que afectan esta interacci\u00f3n contribuyen al desarrollo de enfermedades.<\/p>\n\n\n\n<p><strong>Interests<\/strong><\/p>\n\n\n\n<p>I am interested in the development and integration of computational tools for the analysis of medical genomics data.&nbsp;I have been focused on basic aspects of mitochondrial DNA biology: heteroplasmy, dynamics of transmission, and evolution. I am currently interested in the genetic coordination between the nuclear and mitochondrial genomes, and how genetic variability affecting the mito-nuclear interaction contributes to diseases.<\/p>\n\n\n\n<p><\/p>\n","protected":false},"excerpt":{"rendered":"<p>Intereses Mi interesa el desarrollo e integraci\u00f3n de herramientas bioinform\u00e1ticas para el an\u00e1lisis de datos de gen\u00f3mica m\u00e9dica.&nbsp;Me he enfocado en investigar aspectos b\u00e1sicos del ADN mitocondrial: heteroplasmia, din\u00e1mica de transmisi\u00f3n y evoluci\u00f3n. Actualmente, me interesa entender la coordinaci\u00f3n gen\u00e9tica entre los genomas nuclear y mitocondrial, y c\u00f3mo variantes gen\u00e9ticas que afectan esta interacci\u00f3n contribuyen [&hellip;]<\/p>\n","protected":false},"author":42,"featured_media":0,"parent":0,"menu_order":0,"comment_status":"closed","ping_status":"closed","template":"","meta":{"footnotes":""},"class_list":["post-2629","page","type-page","status-publish","hentry"],"yoast_head":"<!-- This site is optimized with the Yoast SEO plugin v26.9 - https:\/\/yoast.com\/product\/yoast-seo-wordpress\/ -->\n<title>Boris Rebolledo - Centro de Gen\u00e9tica y Gen\u00f3mica<\/title>\n<meta name=\"robots\" content=\"index, follow, max-snippet:-1, max-image-preview:large, max-video-preview:-1\" \/>\n<link rel=\"canonical\" href=\"https:\/\/medicina.udd.cl\/centro-genetica-genomica\/boris-rebolledo\/\" \/>\n<meta property=\"og:locale\" content=\"es_ES\" \/>\n<meta property=\"og:type\" content=\"article\" \/>\n<meta property=\"og:title\" content=\"Boris Rebolledo - Centro de Gen\u00e9tica y Gen\u00f3mica\" \/>\n<meta property=\"og:description\" content=\"Intereses Mi interesa el desarrollo e integraci\u00f3n de herramientas bioinform\u00e1ticas para el an\u00e1lisis de datos de gen\u00f3mica m\u00e9dica.&nbsp;Me he enfocado en investigar aspectos b\u00e1sicos del ADN mitocondrial: heteroplasmia, din\u00e1mica de transmisi\u00f3n y evoluci\u00f3n. Actualmente, me interesa entender la coordinaci\u00f3n gen\u00e9tica entre los genomas nuclear y mitocondrial, y c\u00f3mo variantes gen\u00e9ticas que afectan esta interacci\u00f3n contribuyen [&hellip;]\" \/>\n<meta property=\"og:url\" content=\"https:\/\/medicina.udd.cl\/centro-genetica-genomica\/boris-rebolledo\/\" \/>\n<meta property=\"og:site_name\" content=\"Centro de Gen\u00e9tica y Gen\u00f3mica\" \/>\n<meta property=\"article:modified_time\" content=\"2022-03-09T15:23:20+00:00\" \/>\n<meta name=\"twitter:label1\" content=\"Tiempo de lectura\" \/>\n\t<meta name=\"twitter:data1\" content=\"1 minuto\" \/>\n<script type=\"application\/ld+json\" class=\"yoast-schema-graph\">{\"@context\":\"https:\/\/schema.org\",\"@graph\":[{\"@type\":\"WebPage\",\"@id\":\"https:\/\/medicina.udd.cl\/centro-genetica-genomica\/boris-rebolledo\/\",\"url\":\"https:\/\/medicina.udd.cl\/centro-genetica-genomica\/boris-rebolledo\/\",\"name\":\"Boris Rebolledo - Centro de Gen\u00e9tica y Gen\u00f3mica\",\"isPartOf\":{\"@id\":\"https:\/\/medicina.udd.cl\/centro-genetica-genomica\/#website\"},\"datePublished\":\"2020-08-28T16:37:09+00:00\",\"dateModified\":\"2022-03-09T15:23:20+00:00\",\"breadcrumb\":{\"@id\":\"https:\/\/medicina.udd.cl\/centro-genetica-genomica\/boris-rebolledo\/#breadcrumb\"},\"inLanguage\":\"es\",\"potentialAction\":[{\"@type\":\"ReadAction\",\"target\":[\"https:\/\/medicina.udd.cl\/centro-genetica-genomica\/boris-rebolledo\/\"]}]},{\"@type\":\"BreadcrumbList\",\"@id\":\"https:\/\/medicina.udd.cl\/centro-genetica-genomica\/boris-rebolledo\/#breadcrumb\",\"itemListElement\":[{\"@type\":\"ListItem\",\"position\":1,\"name\":\"Inicio\",\"item\":\"https:\/\/medicina.udd.cl\/centro-genetica-genomica\/\"},{\"@type\":\"ListItem\",\"position\":2,\"name\":\"Boris Rebolledo\"}]},{\"@type\":\"WebSite\",\"@id\":\"https:\/\/medicina.udd.cl\/centro-genetica-genomica\/#website\",\"url\":\"https:\/\/medicina.udd.cl\/centro-genetica-genomica\/\",\"name\":\"Centro de Gen\u00e9tica y Gen\u00f3mica\",\"description\":\"\",\"inLanguage\":\"es\"}]}<\/script>\n<!-- \/ Yoast SEO plugin. -->","yoast_head_json":{"title":"Boris Rebolledo - Centro de Gen\u00e9tica y Gen\u00f3mica","robots":{"index":"index","follow":"follow","max-snippet":"max-snippet:-1","max-image-preview":"max-image-preview:large","max-video-preview":"max-video-preview:-1"},"canonical":"https:\/\/medicina.udd.cl\/centro-genetica-genomica\/boris-rebolledo\/","og_locale":"es_ES","og_type":"article","og_title":"Boris Rebolledo - Centro de Gen\u00e9tica y Gen\u00f3mica","og_description":"Intereses Mi interesa el desarrollo e integraci\u00f3n de herramientas bioinform\u00e1ticas para el an\u00e1lisis de datos de gen\u00f3mica m\u00e9dica.&nbsp;Me he enfocado en investigar aspectos b\u00e1sicos del ADN mitocondrial: heteroplasmia, din\u00e1mica de transmisi\u00f3n y evoluci\u00f3n. Actualmente, me interesa entender la coordinaci\u00f3n gen\u00e9tica entre los genomas nuclear y mitocondrial, y c\u00f3mo variantes gen\u00e9ticas que afectan esta interacci\u00f3n contribuyen [&hellip;]","og_url":"https:\/\/medicina.udd.cl\/centro-genetica-genomica\/boris-rebolledo\/","og_site_name":"Centro de Gen\u00e9tica y Gen\u00f3mica","article_modified_time":"2022-03-09T15:23:20+00:00","twitter_misc":{"Tiempo de lectura":"1 minuto"},"schema":{"@context":"https:\/\/schema.org","@graph":[{"@type":"WebPage","@id":"https:\/\/medicina.udd.cl\/centro-genetica-genomica\/boris-rebolledo\/","url":"https:\/\/medicina.udd.cl\/centro-genetica-genomica\/boris-rebolledo\/","name":"Boris Rebolledo - Centro de Gen\u00e9tica y Gen\u00f3mica","isPartOf":{"@id":"https:\/\/medicina.udd.cl\/centro-genetica-genomica\/#website"},"datePublished":"2020-08-28T16:37:09+00:00","dateModified":"2022-03-09T15:23:20+00:00","breadcrumb":{"@id":"https:\/\/medicina.udd.cl\/centro-genetica-genomica\/boris-rebolledo\/#breadcrumb"},"inLanguage":"es","potentialAction":[{"@type":"ReadAction","target":["https:\/\/medicina.udd.cl\/centro-genetica-genomica\/boris-rebolledo\/"]}]},{"@type":"BreadcrumbList","@id":"https:\/\/medicina.udd.cl\/centro-genetica-genomica\/boris-rebolledo\/#breadcrumb","itemListElement":[{"@type":"ListItem","position":1,"name":"Inicio","item":"https:\/\/medicina.udd.cl\/centro-genetica-genomica\/"},{"@type":"ListItem","position":2,"name":"Boris Rebolledo"}]},{"@type":"WebSite","@id":"https:\/\/medicina.udd.cl\/centro-genetica-genomica\/#website","url":"https:\/\/medicina.udd.cl\/centro-genetica-genomica\/","name":"Centro de Gen\u00e9tica y Gen\u00f3mica","description":"","inLanguage":"es"}]}},"_links":{"self":[{"href":"https:\/\/medicina.udd.cl\/centro-genetica-genomica\/wp-json\/wp\/v2\/pages\/2629","targetHints":{"allow":["GET"]}}],"collection":[{"href":"https:\/\/medicina.udd.cl\/centro-genetica-genomica\/wp-json\/wp\/v2\/pages"}],"about":[{"href":"https:\/\/medicina.udd.cl\/centro-genetica-genomica\/wp-json\/wp\/v2\/types\/page"}],"author":[{"embeddable":true,"href":"https:\/\/medicina.udd.cl\/centro-genetica-genomica\/wp-json\/wp\/v2\/users\/42"}],"replies":[{"embeddable":true,"href":"https:\/\/medicina.udd.cl\/centro-genetica-genomica\/wp-json\/wp\/v2\/comments?post=2629"}],"version-history":[{"count":5,"href":"https:\/\/medicina.udd.cl\/centro-genetica-genomica\/wp-json\/wp\/v2\/pages\/2629\/revisions"}],"predecessor-version":[{"id":2884,"href":"https:\/\/medicina.udd.cl\/centro-genetica-genomica\/wp-json\/wp\/v2\/pages\/2629\/revisions\/2884"}],"wp:attachment":[{"href":"https:\/\/medicina.udd.cl\/centro-genetica-genomica\/wp-json\/wp\/v2\/media?parent=2629"}],"curies":[{"name":"wp","href":"https:\/\/api.w.org\/{rel}","templated":true}]}}