{"id":2636,"date":"2020-08-28T12:42:37","date_gmt":"2020-08-28T16:42:37","guid":{"rendered":"http:\/\/medicina.udd.cl\/centro-genetica-genomica\/?page_id=2636"},"modified":"2022-11-29T15:04:30","modified_gmt":"2022-11-29T18:04:30","slug":"gonzalo-encina","status":"publish","type":"page","link":"https:\/\/medicina.udd.cl\/centro-genetica-genomica\/gonzalo-encina\/","title":{"rendered":"Gonzalo Encina"},"content":{"rendered":"<section class=\"wp-block-udd-featured-link\">\n\t<div class=\"container\">\n\t\t<div class=\"featured-link\">\n\t\t\t\t\t\t<div class=\"featured-link__media\">\n\t\t\t<a href=\"\" data-url=\"\">\n\t\t\t\t\t<img loading=\"lazy\" decoding=\"async\" width=\"680\" height=\"382\" src=\"https:\/\/medicina.udd.cl\/centro-genetica-genomica\/files\/2020\/08\/Gonzalo-Encina-680x382.jpg\" class=\"featured-link__media-image\" alt=\"\" srcset=\"https:\/\/medicina.udd.cl\/centro-genetica-genomica\/files\/2020\/08\/Gonzalo-Encina-680x382.jpg 680w, https:\/\/medicina.udd.cl\/centro-genetica-genomica\/files\/2020\/08\/Gonzalo-Encina-1920x1080.jpg 1920w, https:\/\/medicina.udd.cl\/centro-genetica-genomica\/files\/2020\/08\/Gonzalo-Encina-1366x768.jpg 1366w, https:\/\/medicina.udd.cl\/centro-genetica-genomica\/files\/2020\/08\/Gonzalo-Encina-952x534.jpg 952w\" sizes=\"auto, (max-width: 680px) 100vw, 680px\" \/>\t\t\t\t<\/a>\n\t\t\t<\/div>\n\t\t\t\t\t\t<div class=\"featured-link__content\">\n\t\t\t\t\t\t\t\t\t\t\t\t\t<h3 class=\"featured-link__title\">\n\t\t\t\t\t\t<a data-url=\"\" href=\"\">\n\t\t\t\t\t\t\tGonzalo Encina, PhD.\t\t\t\t\t\t<\/a>\n\t\t\t\t\t<\/h3>\n\t\t\t\t\t\t\t\t\t\t\t\t<div class=\"featured-link__description\">\n\t\t\t\t\t \u2013 Ph.D. Ciencias Biom\u00e9dicas, Universidad de Chile.<br>\u2013 Bioqu\u00edmico, Universidad de Chile. \t\t\t\t<\/div>\n\t\t\t\t\t\t\t\t\t\t\t\t\t\t\t<\/div>\n\t\t<\/div>\n\t<\/div>\n<\/section>\n\n\n<!-- WP Block: UDD - Access Cards -->\n<section\n\tid=\"udd-access-cards--1\"\n\tclass=\"wp-block-udd-access-cards\n\t\t\"\n\t\tstyle=\"\n\t\t--udd-blocks-has-columns-number: 1\t\t\"\n\t>\n\t<div class=\"container\">\n\t\t\t\t<div class=\"block__content\">\n\t\t\t<div\n\t\t\t\tclass=\"udd-access-cards\"\n\t\t\t\t\t\t\t>\n\t\t\t<div\n\tdata-index=\"1\"\n\tclass=\"udd-access-card-wrapper\"\n\t>\n\t<a href=\"https:\/\/medicina.udd.cl\/centro-genetica-genomica\/publicaciones-gonzalo-encina\/\" class=\"access-card access-card--profile\" data-url=\"https:\/\/medicina.udd.cl\/centro-genetica-genomica\/publicaciones-gonzalo-encina\/\">\n\t\t\t\t\t\t<h3\n\t\t\tdata-index=\"1\"\n\t\t\tclass=\"access-card__title\"\n\t\t>\n\t\t\tPublicaciones\t\t<\/h3>\n\t\t\t\t<div class=\"access-card__link\">\n\t\t\t<span class=\"access-card__link-text\">Papers seleccionados<\/span>\n\t\t<\/div>\n\t<\/a>\n<\/div>\n\t\t\t<\/div>\n\t\t<\/div>\n\t<\/div>\n<\/section>\n\n\n\n<p><strong>Intereses.<\/strong><\/p>\n\n\n\n<p>Mi inter\u00e9s cient\u00edfico y profesional es descubrir nuevos genes y variantes gen\u00e9ticas asociadas a enfermedades poco frecuentes (EPoF) en pacientes chilenos con diagn\u00f3stico desconocido, mediante secuenciaci\u00f3n de nueva generaci\u00f3n de exomas. El an\u00e1lisis bioinform\u00e1tico e interpretaci\u00f3n cl\u00ednica de las variantes gen\u00e9ticas ayudar\u00e1n a descubrir y clasificar nuevas EPoF en Chile, e identificar genes y variantes gen\u00e9ticas asociadas a cada condici\u00f3n. Buscamos contribuir a comprender mejor los mecanismos patog\u00e9nicos, a crear herramientas que mejoren la tasa diagn\u00f3stica y disminuyan tiempos y costos de diagn\u00f3stico, y a&nbsp; generar conocimiento cient\u00edfico y cl\u00ednico sobre el perfil gen\u00e9tico de pacientes chilenos con EPoF, generando descubrimientos de impacto nacional e internacional.<\/p>\n\n\n\n<p><strong>Interests.<\/strong><\/p>\n\n\n\n<p>My scientific and professional interest is to discover new genes and genetic variants associated with rare diseases in Chilean patients with unknown diagnosis, by New Generation Sequencing (NGS) of exomes. The bioinformatic analysis and clinical interpretation of the genetic variants will help us to discover and classify new rare diseases in Chile, and identify genes and genetic variants associated with each condition. We aim to contribute to a better understanding of the underlying pathogenic mechanisms, to create tools that improve the diagnostic rate and reduce diagnosis times and costs, and to generate scientific and clinical knowledge about the genetic profile of Chilean patients with rare diseases, generating knowledge of national and international impact.<\/p>\n\n\n\n<p><\/p>\n","protected":false},"excerpt":{"rendered":"<p>Intereses. Mi inter\u00e9s cient\u00edfico y profesional es descubrir nuevos genes y variantes gen\u00e9ticas asociadas a enfermedades poco frecuentes (EPoF) en pacientes chilenos con diagn\u00f3stico desconocido, mediante secuenciaci\u00f3n de nueva generaci\u00f3n de exomas. El an\u00e1lisis bioinform\u00e1tico e interpretaci\u00f3n cl\u00ednica de las variantes gen\u00e9ticas ayudar\u00e1n a descubrir y clasificar nuevas EPoF en Chile, e identificar genes y [&hellip;]<\/p>\n","protected":false},"author":42,"featured_media":0,"parent":0,"menu_order":0,"comment_status":"closed","ping_status":"closed","template":"","meta":{"footnotes":""},"class_list":["post-2636","page","type-page","status-publish","hentry"],"yoast_head":"<!-- This site is optimized with the Yoast SEO plugin v26.9 - https:\/\/yoast.com\/product\/yoast-seo-wordpress\/ -->\n<title>Gonzalo Encina - Centro de Gen\u00e9tica y Gen\u00f3mica<\/title>\n<meta name=\"robots\" content=\"index, follow, max-snippet:-1, max-image-preview:large, max-video-preview:-1\" \/>\n<link rel=\"canonical\" href=\"https:\/\/medicina.udd.cl\/centro-genetica-genomica\/gonzalo-encina\/\" \/>\n<meta property=\"og:locale\" content=\"es_ES\" \/>\n<meta property=\"og:type\" content=\"article\" \/>\n<meta property=\"og:title\" content=\"Gonzalo Encina - Centro de Gen\u00e9tica y Gen\u00f3mica\" \/>\n<meta property=\"og:description\" content=\"Intereses. Mi inter\u00e9s cient\u00edfico y profesional es descubrir nuevos genes y variantes gen\u00e9ticas asociadas a enfermedades poco frecuentes (EPoF) en pacientes chilenos con diagn\u00f3stico desconocido, mediante secuenciaci\u00f3n de nueva generaci\u00f3n de exomas. El an\u00e1lisis bioinform\u00e1tico e interpretaci\u00f3n cl\u00ednica de las variantes gen\u00e9ticas ayudar\u00e1n a descubrir y clasificar nuevas EPoF en Chile, e identificar genes y [&hellip;]\" \/>\n<meta property=\"og:url\" content=\"https:\/\/medicina.udd.cl\/centro-genetica-genomica\/gonzalo-encina\/\" \/>\n<meta property=\"og:site_name\" content=\"Centro de Gen\u00e9tica y Gen\u00f3mica\" \/>\n<meta property=\"article:modified_time\" content=\"2022-11-29T18:04:30+00:00\" \/>\n<meta name=\"twitter:label1\" content=\"Tiempo de lectura\" \/>\n\t<meta name=\"twitter:data1\" content=\"2 minutos\" \/>\n<script type=\"application\/ld+json\" class=\"yoast-schema-graph\">{\"@context\":\"https:\/\/schema.org\",\"@graph\":[{\"@type\":\"WebPage\",\"@id\":\"https:\/\/medicina.udd.cl\/centro-genetica-genomica\/gonzalo-encina\/\",\"url\":\"https:\/\/medicina.udd.cl\/centro-genetica-genomica\/gonzalo-encina\/\",\"name\":\"Gonzalo Encina - Centro de Gen\u00e9tica y Gen\u00f3mica\",\"isPartOf\":{\"@id\":\"https:\/\/medicina.udd.cl\/centro-genetica-genomica\/#website\"},\"datePublished\":\"2020-08-28T16:42:37+00:00\",\"dateModified\":\"2022-11-29T18:04:30+00:00\",\"breadcrumb\":{\"@id\":\"https:\/\/medicina.udd.cl\/centro-genetica-genomica\/gonzalo-encina\/#breadcrumb\"},\"inLanguage\":\"es\",\"potentialAction\":[{\"@type\":\"ReadAction\",\"target\":[\"https:\/\/medicina.udd.cl\/centro-genetica-genomica\/gonzalo-encina\/\"]}]},{\"@type\":\"BreadcrumbList\",\"@id\":\"https:\/\/medicina.udd.cl\/centro-genetica-genomica\/gonzalo-encina\/#breadcrumb\",\"itemListElement\":[{\"@type\":\"ListItem\",\"position\":1,\"name\":\"Inicio\",\"item\":\"https:\/\/medicina.udd.cl\/centro-genetica-genomica\/\"},{\"@type\":\"ListItem\",\"position\":2,\"name\":\"Gonzalo Encina\"}]},{\"@type\":\"WebSite\",\"@id\":\"https:\/\/medicina.udd.cl\/centro-genetica-genomica\/#website\",\"url\":\"https:\/\/medicina.udd.cl\/centro-genetica-genomica\/\",\"name\":\"Centro de Gen\u00e9tica y Gen\u00f3mica\",\"description\":\"\",\"inLanguage\":\"es\"}]}<\/script>\n<!-- \/ Yoast SEO plugin. -->","yoast_head_json":{"title":"Gonzalo Encina - Centro de Gen\u00e9tica y Gen\u00f3mica","robots":{"index":"index","follow":"follow","max-snippet":"max-snippet:-1","max-image-preview":"max-image-preview:large","max-video-preview":"max-video-preview:-1"},"canonical":"https:\/\/medicina.udd.cl\/centro-genetica-genomica\/gonzalo-encina\/","og_locale":"es_ES","og_type":"article","og_title":"Gonzalo Encina - Centro de Gen\u00e9tica y Gen\u00f3mica","og_description":"Intereses. Mi inter\u00e9s cient\u00edfico y profesional es descubrir nuevos genes y variantes gen\u00e9ticas asociadas a enfermedades poco frecuentes (EPoF) en pacientes chilenos con diagn\u00f3stico desconocido, mediante secuenciaci\u00f3n de nueva generaci\u00f3n de exomas. El an\u00e1lisis bioinform\u00e1tico e interpretaci\u00f3n cl\u00ednica de las variantes gen\u00e9ticas ayudar\u00e1n a descubrir y clasificar nuevas EPoF en Chile, e identificar genes y [&hellip;]","og_url":"https:\/\/medicina.udd.cl\/centro-genetica-genomica\/gonzalo-encina\/","og_site_name":"Centro de Gen\u00e9tica y Gen\u00f3mica","article_modified_time":"2022-11-29T18:04:30+00:00","twitter_misc":{"Tiempo de lectura":"2 minutos"},"schema":{"@context":"https:\/\/schema.org","@graph":[{"@type":"WebPage","@id":"https:\/\/medicina.udd.cl\/centro-genetica-genomica\/gonzalo-encina\/","url":"https:\/\/medicina.udd.cl\/centro-genetica-genomica\/gonzalo-encina\/","name":"Gonzalo Encina - Centro de Gen\u00e9tica y Gen\u00f3mica","isPartOf":{"@id":"https:\/\/medicina.udd.cl\/centro-genetica-genomica\/#website"},"datePublished":"2020-08-28T16:42:37+00:00","dateModified":"2022-11-29T18:04:30+00:00","breadcrumb":{"@id":"https:\/\/medicina.udd.cl\/centro-genetica-genomica\/gonzalo-encina\/#breadcrumb"},"inLanguage":"es","potentialAction":[{"@type":"ReadAction","target":["https:\/\/medicina.udd.cl\/centro-genetica-genomica\/gonzalo-encina\/"]}]},{"@type":"BreadcrumbList","@id":"https:\/\/medicina.udd.cl\/centro-genetica-genomica\/gonzalo-encina\/#breadcrumb","itemListElement":[{"@type":"ListItem","position":1,"name":"Inicio","item":"https:\/\/medicina.udd.cl\/centro-genetica-genomica\/"},{"@type":"ListItem","position":2,"name":"Gonzalo Encina"}]},{"@type":"WebSite","@id":"https:\/\/medicina.udd.cl\/centro-genetica-genomica\/#website","url":"https:\/\/medicina.udd.cl\/centro-genetica-genomica\/","name":"Centro de Gen\u00e9tica y Gen\u00f3mica","description":"","inLanguage":"es"}]}},"_links":{"self":[{"href":"https:\/\/medicina.udd.cl\/centro-genetica-genomica\/wp-json\/wp\/v2\/pages\/2636","targetHints":{"allow":["GET"]}}],"collection":[{"href":"https:\/\/medicina.udd.cl\/centro-genetica-genomica\/wp-json\/wp\/v2\/pages"}],"about":[{"href":"https:\/\/medicina.udd.cl\/centro-genetica-genomica\/wp-json\/wp\/v2\/types\/page"}],"author":[{"embeddable":true,"href":"https:\/\/medicina.udd.cl\/centro-genetica-genomica\/wp-json\/wp\/v2\/users\/42"}],"replies":[{"embeddable":true,"href":"https:\/\/medicina.udd.cl\/centro-genetica-genomica\/wp-json\/wp\/v2\/comments?post=2636"}],"version-history":[{"count":6,"href":"https:\/\/medicina.udd.cl\/centro-genetica-genomica\/wp-json\/wp\/v2\/pages\/2636\/revisions"}],"predecessor-version":[{"id":2900,"href":"https:\/\/medicina.udd.cl\/centro-genetica-genomica\/wp-json\/wp\/v2\/pages\/2636\/revisions\/2900"}],"wp:attachment":[{"href":"https:\/\/medicina.udd.cl\/centro-genetica-genomica\/wp-json\/wp\/v2\/media?parent=2636"}],"curies":[{"name":"wp","href":"https:\/\/api.w.org\/{rel}","templated":true}]}}