{"id":2639,"date":"2020-08-28T12:45:53","date_gmt":"2020-08-28T16:45:53","guid":{"rendered":"http:\/\/medicina.udd.cl\/centro-genetica-genomica\/?page_id=2639"},"modified":"2022-03-09T12:24:45","modified_gmt":"2022-03-09T15:24:45","slug":"ignacia-fuentes","status":"publish","type":"page","link":"https:\/\/medicina.udd.cl\/centro-genetica-genomica\/ignacia-fuentes\/","title":{"rendered":"Ignacia Fuentes"},"content":{"rendered":"<section class=\"wp-block-udd-featured-link\">\n\t<div class=\"container\">\n\t\t<div class=\"featured-link\">\n\t\t\t\t\t\t<div class=\"featured-link__media\">\n\t\t\t<a href=\"\" data-url=\"\">\n\t\t\t\t\t<img loading=\"lazy\" decoding=\"async\" width=\"680\" height=\"382\" src=\"https:\/\/medicina.udd.cl\/centro-genetica-genomica\/files\/2020\/08\/Ignacia-Fuentes-680x382.jpg\" class=\"featured-link__media-image\" alt=\"\" srcset=\"https:\/\/medicina.udd.cl\/centro-genetica-genomica\/files\/2020\/08\/Ignacia-Fuentes-680x382.jpg 680w, https:\/\/medicina.udd.cl\/centro-genetica-genomica\/files\/2020\/08\/Ignacia-Fuentes-1920x1080.jpg 1920w, https:\/\/medicina.udd.cl\/centro-genetica-genomica\/files\/2020\/08\/Ignacia-Fuentes-1366x768.jpg 1366w, https:\/\/medicina.udd.cl\/centro-genetica-genomica\/files\/2020\/08\/Ignacia-Fuentes-952x534.jpg 952w\" sizes=\"auto, (max-width: 680px) 100vw, 680px\" \/>\t\t\t\t<\/a>\n\t\t\t<\/div>\n\t\t\t\t\t\t<div class=\"featured-link__content\">\n\t\t\t\t\t\t\t\t\t\t\t\t\t<h3 class=\"featured-link__title\">\n\t\t\t\t\t\t<a data-url=\"\" href=\"\">\n\t\t\t\t\t\t\tIgnacia Fuentes, PhD.\t\t\t\t\t\t<\/a>\n\t\t\t\t\t<\/h3>\n\t\t\t\t\t\t\t\t\t\t\t\t<div class=\"featured-link__description\">\n\t\t\t\t\t \u2013 Ph.D. en Biolog\u00eda Molecular, Instituto Max Planck y Universidad de Potsdam, Alemania;<br>\u2013 Bioqu\u00edmica, P. Universidad Cat\u00f3lica de Chile. <br> <a href=\"mailto:mifuentes@udd.cl\">mifuentes@udd.cl<\/a> \t\t\t\t<\/div>\n\t\t\t\t\t\t\t\t\t\t\t\t\t\t\t<\/div>\n\t\t<\/div>\n\t<\/div>\n<\/section>\n\n\n<!-- WP Block: UDD - Cards Alternate -->\n<section class=\"wp-block-udd-access-cards\">\n\t<div class=\"container\">\n\t\t\t\t<div class=\"block__content\">\n\t\t\t<div class=\"access-cards\">\n\t\t\t\t\t\t\t<div class=\"access-card-wrapper\">\n\t\t\t\t\t\t\t\t\t\t<div class=\"access-card\">\n\t\t\t\t\t\t<h3 class=\"access-card__title\">L\u00edneas de investigaci\u00f3n<\/h3>\n\t\t\t\t\t\t<p class=\"access-card__description\">\n\t\t\t\t\t\t\t\t\t\t\t\t\t<\/p>\n\t\t\t\t\t\t\t\t\t\t\t\t\t\t\t\t\t\t<div class=\"access-card__link\">\n\t\t\t\t\t\t\t\t<a href=\"https:\/\/medicina.udd.cl\/centro-genetica-genomica\/lineas-de-investigacion-ignacia-fuentes\/\" class=\"access-card__link-text\" data-url=\"https:\/\/medicina.udd.cl\/centro-genetica-genomica\/lineas-de-investigacion-ignacia-fuentes\/\">Ver m\u00e1s<\/a>\n\t\t\t\t\t\t\t<\/div>\n\t\t\t\t\t\t\t\t\t\t\t<\/div>\n\t\t\t\t<\/div>\n\t\t\t\t\t\t\t<div class=\"access-card-wrapper\">\n\t\t\t\t\t\t\t\t\t\t<div class=\"access-card\">\n\t\t\t\t\t\t<h3 class=\"access-card__title\">Publicaciones<\/h3>\n\t\t\t\t\t\t<p class=\"access-card__description\">\n\t\t\t\t\t\t\t\t\t\t\t\t\t<\/p>\n\t\t\t\t\t\t\t\t\t\t\t\t\t\t\t\t\t\t<div class=\"access-card__link\">\n\t\t\t\t\t\t\t\t<a href=\"https:\/\/medicina.udd.cl\/centro-genetica-genomica\/publicaciones-ignacia-fuentes\/\" class=\"access-card__link-text\" data-url=\"https:\/\/medicina.udd.cl\/centro-genetica-genomica\/publicaciones-ignacia-fuentes\/\">Art\u00edculos seleccionados<\/a>\n\t\t\t\t\t\t\t<\/div>\n\t\t\t\t\t\t\t\t\t\t\t<\/div>\n\t\t\t\t<\/div>\n\t\t\t\t\t\t\t<div class=\"access-card-wrapper\">\n\t\t\t\t\t\t\t\t\t\t<div class=\"access-card\">\n\t\t\t\t\t\t<h3 class=\"access-card__title\">Financiamiento<\/h3>\n\t\t\t\t\t\t<p class=\"access-card__description\">\n\t\t\t\t\t\t\t\t\t\t\t\t\t<\/p>\n\t\t\t\t\t\t\t\t\t\t\t\t\t\t\t\t\t\t<div class=\"access-card__link\">\n\t\t\t\t\t\t\t\t<a href=\"https:\/\/medicina.udd.cl\/centro-genetica-genomica\/financiamiento-ignacia-fuentes\/\" class=\"access-card__link-text\" data-url=\"https:\/\/medicina.udd.cl\/centro-genetica-genomica\/financiamiento-ignacia-fuentes\/\">Proyectos de investigaci\u00f3n<\/a>\n\t\t\t\t\t\t\t<\/div>\n\t\t\t\t\t\t\t\t\t\t\t<\/div>\n\t\t\t\t<\/div>\n\t\t\t\t\t\t<\/div>\n\t\t<\/div>\n\t<\/div>\n<\/section>\n\n\n\n<p><strong>Intereses:<\/strong><\/p>\n\n\n\n<p>Mi principal inter\u00e9s en investigaci\u00f3n es entender los mecanismos moleculares de las enfermedades gen\u00e9ticas. Actualmente estoy trabajando en Epidermolisis Bulosa (EB), tambi\u00e9n conocida en Sudam\u00e9rica como \u201cpiel de cristal\u201d, una enfermedad monog\u00e9nica y altamente heterog\u00e9nea, tanto en su gen\u00e9tica como en su sintomatolog\u00eda. Mis objetivos son: (1) entender como el genotipo influencia el fenotipo en EB y (2) obtener un diagn\u00f3stico molecular preciso, r\u00e1pido y eficiente para los pacientes chilenos con EB. Para lograr esto ocupo una combinaci\u00f3n entre t\u00e9cnicas cl\u00e1sicas de biolog\u00eda molecular, secuenciaci\u00f3n masiva (NGS) y bioinform\u00e1tica. La investigaci\u00f3n que estoy efectuando se hace en conjunto con DEBRA-Chile, una fundaci\u00f3n compuesta por profesionales de la salud especializados en entregarles diagn\u00f3stico cl\u00ednico y tratamiento a los pacientes con EB.<\/p>\n\n\n\n<p><strong>Interests:<\/strong><\/p>\n\n\n\n<p>My main research interest is to understand the underlying molecular mechanisms of genetic diseases. Currently I am working on Epidermolysis bullosa (EB), also known as \u201cbutterfly children\u201d, a monogenic disease with high genetic and clinical heterogeneity. My goals are to (1) decipher how the genotype influences the phenotype in EB and (2) to obtain an accurate, fast and efficient molecular diagnosis for Chilean patients. To do so, I am using a combination of classic molecular biology, next generation sequencing technologies (NGS) and bioinformatic tools. The research I carry out is done in tight collaboration with DEBRA-Chile, a foundation consisting of a group of health care professionals specialized in giving clinical diagnoses and treatment to EB patients.<\/p>\n\n\n\n<p><strong>Reconocimientos:<\/strong><\/p>\n\n\n\n<ul class=\"wp-block-list\"><li>2013 Jeff Schell prize otorgado al mejor estudiante de doctorado del Instituto Max Planck (MPIMP), Alemania.<\/li><li>2012 Summa cum laude en la tesis de doctorado.<\/li><li>2008 Beca de doctorado IMPRS (International Max Planck Research School).<\/li><li>2007 Premio al mejor estudiante de la generaci\u00f3n, Bioqu\u00edmica 2007.<\/li><\/ul>\n\n\n\n<p><strong>L\u00edneas de investigaci\u00f3n<\/strong><\/p>\n\n\n\n<ul class=\"wp-block-list\"><li><\/li><\/ul>\n\n\n\n<p><strong>Afiliaciones<\/strong><\/p>\n\n\n\n<ul class=\"wp-block-list\"><li>Miembro y Director de la Sociedad de Gen\u00e9tica de Chile (SOCHIGEN)<\/li><li>Miembro de la Sociedad de Bioqu\u00edmica y Biolog\u00eda Molecular de Chile (SBBMCH)<\/li><li>Miembro de la \u201cSociety of Investigative Dermatology\u201d, USA (SID)<\/li><\/ul>\n","protected":false},"excerpt":{"rendered":"<p>Intereses: Mi principal inter\u00e9s en investigaci\u00f3n es entender los mecanismos moleculares de las enfermedades gen\u00e9ticas. Actualmente estoy trabajando en Epidermolisis Bulosa (EB), tambi\u00e9n conocida en Sudam\u00e9rica como \u201cpiel de cristal\u201d, una enfermedad monog\u00e9nica y altamente heterog\u00e9nea, tanto en su gen\u00e9tica como en su sintomatolog\u00eda. Mis objetivos son: (1) entender como el genotipo influencia el fenotipo [&hellip;]<\/p>\n","protected":false},"author":42,"featured_media":0,"parent":0,"menu_order":0,"comment_status":"closed","ping_status":"closed","template":"","meta":{"footnotes":""},"class_list":["post-2639","page","type-page","status-publish","hentry"],"yoast_head":"<!-- This site is optimized with the Yoast SEO plugin v26.9 - https:\/\/yoast.com\/product\/yoast-seo-wordpress\/ -->\n<title>Ignacia Fuentes - Centro de Gen\u00e9tica y Gen\u00f3mica<\/title>\n<meta name=\"robots\" content=\"index, follow, max-snippet:-1, max-image-preview:large, max-video-preview:-1\" \/>\n<link rel=\"canonical\" href=\"https:\/\/medicina.udd.cl\/centro-genetica-genomica\/ignacia-fuentes\/\" \/>\n<meta property=\"og:locale\" content=\"es_ES\" \/>\n<meta property=\"og:type\" content=\"article\" \/>\n<meta property=\"og:title\" content=\"Ignacia Fuentes - Centro de Gen\u00e9tica y Gen\u00f3mica\" \/>\n<meta property=\"og:description\" content=\"Intereses: Mi principal inter\u00e9s en investigaci\u00f3n es entender los mecanismos moleculares de las enfermedades gen\u00e9ticas. Actualmente estoy trabajando en Epidermolisis Bulosa (EB), tambi\u00e9n conocida en Sudam\u00e9rica como \u201cpiel de cristal\u201d, una enfermedad monog\u00e9nica y altamente heterog\u00e9nea, tanto en su gen\u00e9tica como en su sintomatolog\u00eda. Mis objetivos son: (1) entender como el genotipo influencia el fenotipo [&hellip;]\" \/>\n<meta property=\"og:url\" content=\"https:\/\/medicina.udd.cl\/centro-genetica-genomica\/ignacia-fuentes\/\" \/>\n<meta property=\"og:site_name\" content=\"Centro de Gen\u00e9tica y Gen\u00f3mica\" \/>\n<meta property=\"article:modified_time\" content=\"2022-03-09T15:24:45+00:00\" \/>\n<meta name=\"twitter:label1\" content=\"Tiempo de lectura\" \/>\n\t<meta name=\"twitter:data1\" content=\"2 minutos\" \/>\n<script type=\"application\/ld+json\" class=\"yoast-schema-graph\">{\"@context\":\"https:\/\/schema.org\",\"@graph\":[{\"@type\":\"WebPage\",\"@id\":\"https:\/\/medicina.udd.cl\/centro-genetica-genomica\/ignacia-fuentes\/\",\"url\":\"https:\/\/medicina.udd.cl\/centro-genetica-genomica\/ignacia-fuentes\/\",\"name\":\"Ignacia Fuentes - Centro de Gen\u00e9tica y Gen\u00f3mica\",\"isPartOf\":{\"@id\":\"https:\/\/medicina.udd.cl\/centro-genetica-genomica\/#website\"},\"datePublished\":\"2020-08-28T16:45:53+00:00\",\"dateModified\":\"2022-03-09T15:24:45+00:00\",\"breadcrumb\":{\"@id\":\"https:\/\/medicina.udd.cl\/centro-genetica-genomica\/ignacia-fuentes\/#breadcrumb\"},\"inLanguage\":\"es\",\"potentialAction\":[{\"@type\":\"ReadAction\",\"target\":[\"https:\/\/medicina.udd.cl\/centro-genetica-genomica\/ignacia-fuentes\/\"]}]},{\"@type\":\"BreadcrumbList\",\"@id\":\"https:\/\/medicina.udd.cl\/centro-genetica-genomica\/ignacia-fuentes\/#breadcrumb\",\"itemListElement\":[{\"@type\":\"ListItem\",\"position\":1,\"name\":\"Inicio\",\"item\":\"https:\/\/medicina.udd.cl\/centro-genetica-genomica\/\"},{\"@type\":\"ListItem\",\"position\":2,\"name\":\"Ignacia Fuentes\"}]},{\"@type\":\"WebSite\",\"@id\":\"https:\/\/medicina.udd.cl\/centro-genetica-genomica\/#website\",\"url\":\"https:\/\/medicina.udd.cl\/centro-genetica-genomica\/\",\"name\":\"Centro de Gen\u00e9tica y Gen\u00f3mica\",\"description\":\"\",\"inLanguage\":\"es\"}]}<\/script>\n<!-- \/ Yoast SEO plugin. -->","yoast_head_json":{"title":"Ignacia Fuentes - Centro de Gen\u00e9tica y Gen\u00f3mica","robots":{"index":"index","follow":"follow","max-snippet":"max-snippet:-1","max-image-preview":"max-image-preview:large","max-video-preview":"max-video-preview:-1"},"canonical":"https:\/\/medicina.udd.cl\/centro-genetica-genomica\/ignacia-fuentes\/","og_locale":"es_ES","og_type":"article","og_title":"Ignacia Fuentes - Centro de Gen\u00e9tica y Gen\u00f3mica","og_description":"Intereses: Mi principal inter\u00e9s en investigaci\u00f3n es entender los mecanismos moleculares de las enfermedades gen\u00e9ticas. Actualmente estoy trabajando en Epidermolisis Bulosa (EB), tambi\u00e9n conocida en Sudam\u00e9rica como \u201cpiel de cristal\u201d, una enfermedad monog\u00e9nica y altamente heterog\u00e9nea, tanto en su gen\u00e9tica como en su sintomatolog\u00eda. Mis objetivos son: (1) entender como el genotipo influencia el fenotipo [&hellip;]","og_url":"https:\/\/medicina.udd.cl\/centro-genetica-genomica\/ignacia-fuentes\/","og_site_name":"Centro de Gen\u00e9tica y Gen\u00f3mica","article_modified_time":"2022-03-09T15:24:45+00:00","twitter_misc":{"Tiempo de lectura":"2 minutos"},"schema":{"@context":"https:\/\/schema.org","@graph":[{"@type":"WebPage","@id":"https:\/\/medicina.udd.cl\/centro-genetica-genomica\/ignacia-fuentes\/","url":"https:\/\/medicina.udd.cl\/centro-genetica-genomica\/ignacia-fuentes\/","name":"Ignacia Fuentes - Centro de Gen\u00e9tica y Gen\u00f3mica","isPartOf":{"@id":"https:\/\/medicina.udd.cl\/centro-genetica-genomica\/#website"},"datePublished":"2020-08-28T16:45:53+00:00","dateModified":"2022-03-09T15:24:45+00:00","breadcrumb":{"@id":"https:\/\/medicina.udd.cl\/centro-genetica-genomica\/ignacia-fuentes\/#breadcrumb"},"inLanguage":"es","potentialAction":[{"@type":"ReadAction","target":["https:\/\/medicina.udd.cl\/centro-genetica-genomica\/ignacia-fuentes\/"]}]},{"@type":"BreadcrumbList","@id":"https:\/\/medicina.udd.cl\/centro-genetica-genomica\/ignacia-fuentes\/#breadcrumb","itemListElement":[{"@type":"ListItem","position":1,"name":"Inicio","item":"https:\/\/medicina.udd.cl\/centro-genetica-genomica\/"},{"@type":"ListItem","position":2,"name":"Ignacia Fuentes"}]},{"@type":"WebSite","@id":"https:\/\/medicina.udd.cl\/centro-genetica-genomica\/#website","url":"https:\/\/medicina.udd.cl\/centro-genetica-genomica\/","name":"Centro de Gen\u00e9tica y Gen\u00f3mica","description":"","inLanguage":"es"}]}},"_links":{"self":[{"href":"https:\/\/medicina.udd.cl\/centro-genetica-genomica\/wp-json\/wp\/v2\/pages\/2639","targetHints":{"allow":["GET"]}}],"collection":[{"href":"https:\/\/medicina.udd.cl\/centro-genetica-genomica\/wp-json\/wp\/v2\/pages"}],"about":[{"href":"https:\/\/medicina.udd.cl\/centro-genetica-genomica\/wp-json\/wp\/v2\/types\/page"}],"author":[{"embeddable":true,"href":"https:\/\/medicina.udd.cl\/centro-genetica-genomica\/wp-json\/wp\/v2\/users\/42"}],"replies":[{"embeddable":true,"href":"https:\/\/medicina.udd.cl\/centro-genetica-genomica\/wp-json\/wp\/v2\/comments?post=2639"}],"version-history":[{"count":11,"href":"https:\/\/medicina.udd.cl\/centro-genetica-genomica\/wp-json\/wp\/v2\/pages\/2639\/revisions"}],"predecessor-version":[{"id":2886,"href":"https:\/\/medicina.udd.cl\/centro-genetica-genomica\/wp-json\/wp\/v2\/pages\/2639\/revisions\/2886"}],"wp:attachment":[{"href":"https:\/\/medicina.udd.cl\/centro-genetica-genomica\/wp-json\/wp\/v2\/media?parent=2639"}],"curies":[{"name":"wp","href":"https:\/\/api.w.org\/{rel}","templated":true}]}}