{"id":2642,"date":"2020-08-28T12:50:19","date_gmt":"2020-08-28T16:50:19","guid":{"rendered":"http:\/\/medicina.udd.cl\/centro-genetica-genomica\/?page_id=2642"},"modified":"2020-08-28T12:50:20","modified_gmt":"2020-08-28T16:50:20","slug":"publicaciones-ignacia-fuentes","status":"publish","type":"page","link":"https:\/\/medicina.udd.cl\/centro-genetica-genomica\/publicaciones-ignacia-fuentes\/","title":{"rendered":"Publicaciones"},"content":{"rendered":"\n<ul class=\"wp-block-list\"><li>Von Bischoffshausen S, Ivulic D, \u00c1lvarez P, Schuffeneger V, Idiaquez J, Fuentes C, Morand\u00e9 P, Fuentes I, Palisson F, Benett D, &amp; Calvo M. (2017) Recessive Dystrophic Epidermolysis Bullosa results in<a href=\"https:\/\/www.ncbi.nlm.nih.gov\/pmc\/articles\/PMC5405236\/\">https:\/\/www.ncbi.nlm.nih.gov\/pmc\/articles\/PMC5405236\/<\/a>&nbsp;painful small fibre neuropathy, Brian 140 (5) 1238-1251<\/li><li>Fuentes I., Campos M., Repetto G., Morand\u00e9 P., Yubero J, Gonzalez S., Klausegger A., Schnitzhofer P., Pohla-Gubo G., Bauer J. and Palisson F. (2017).&nbsp;<a href=\"http:\/\/onlinelibrary.wiley.com\/doi\/10.1111\/bjd.14920\/abstract\">Molecular epidemiology of Junctional Epidermolysis bullosa: discovery of novel and frequent LAMB3 mutations in Chilean patients with diagnostic significance<\/a>. Br J Dermatol. 176 (4): 1090-1092.<\/li><li>Fuentes I., Stegemann S., Golczyk H., Karcher D. and Bock R. (2014)&nbsp;<a href=\"http:\/\/www.nature.com\/nature\/journal\/v511\/n7508\/abs\/nature13291.html\">Horizontal gene transfer of nuclear genomes in plant grafts. Horizontal genome transfer as an asexual path to the formation of new species<\/a>. Nature 51:232-235.<\/li><li>Fuentes I., Karcher D. and Bock R. (2012)&nbsp;<a href=\"http:\/\/www.ncbi.nlm.nih.gov\/pubmed\/?term=Experimental+reconstruction+of+the+functional+transfer+of+intron-containing+plastid+genes+to+the+nucleus\">Experimental reconstruction of the functional transfer of intron-containing plastid genes to the nucleus.<\/a>&nbsp;Current Biology 22(9): 763-771.<\/li><li>Roschzttardtz H., Fuentes I., V\u00e1squez M., Corval\u00e1n C., Le\u00f3n G., G\u00f3mez I., Araya A., Holuigue L., Vicente-Carbajosa J. and Jordana X. (2009)&nbsp;<a href=\"http:\/\/www.ncbi.nlm.nih.gov\/pubmed\/?term=A+nuclear+gene+encoding+the+iron-sulfur+subunit+of+mitochondrial+complex+II+is+regulated+by+B3+domain+transcription+factors+during+seed+development+in+Arabidopsis\">A nuclear gene encoding the iron-sulfur subunit of mitochondrial complex II is regulated by B3 domain transcription factors during seed development in Arabidopsis<\/a>. Plant Physiology 150(1): 84-95.<\/li><\/ul>\n","protected":false},"excerpt":{"rendered":"<p>Von Bischoffshausen S, Ivulic D, \u00c1lvarez P, Schuffeneger V, Idiaquez J, Fuentes C, Morand\u00e9 P, Fuentes I, Palisson F, Benett D, &amp; Calvo M. (2017) Recessive Dystrophic Epidermolysis Bullosa results inhttps:\/\/www.ncbi.nlm.nih.gov\/pmc\/articles\/PMC5405236\/&nbsp;painful small fibre neuropathy, Brian 140 (5) 1238-1251 Fuentes I., Campos M., Repetto G., Morand\u00e9 P., Yubero J, Gonzalez S., Klausegger A., Schnitzhofer P., Pohla-Gubo [&hellip;]<\/p>\n","protected":false},"author":42,"featured_media":0,"parent":0,"menu_order":0,"comment_status":"closed","ping_status":"closed","template":"","meta":{"footnotes":""},"class_list":["post-2642","page","type-page","status-publish","hentry"],"yoast_head":"<!-- This site is optimized with the Yoast SEO plugin v26.9 - https:\/\/yoast.com\/product\/yoast-seo-wordpress\/ -->\n<title>Publicaciones - Centro de Gen\u00e9tica y Gen\u00f3mica<\/title>\n<meta name=\"robots\" content=\"index, follow, max-snippet:-1, max-image-preview:large, max-video-preview:-1\" \/>\n<link rel=\"canonical\" href=\"https:\/\/medicina.udd.cl\/centro-genetica-genomica\/publicaciones-ignacia-fuentes\/\" \/>\n<meta property=\"og:locale\" content=\"es_ES\" \/>\n<meta property=\"og:type\" content=\"article\" \/>\n<meta property=\"og:title\" content=\"Publicaciones - Centro de Gen\u00e9tica y Gen\u00f3mica\" \/>\n<meta property=\"og:description\" content=\"Von Bischoffshausen S, Ivulic D, \u00c1lvarez P, Schuffeneger V, Idiaquez J, Fuentes C, Morand\u00e9 P, Fuentes I, Palisson F, Benett D, &amp; Calvo M. (2017) Recessive Dystrophic Epidermolysis Bullosa results inhttps:\/\/www.ncbi.nlm.nih.gov\/pmc\/articles\/PMC5405236\/&nbsp;painful small fibre neuropathy, Brian 140 (5) 1238-1251 Fuentes I., Campos M., Repetto G., Morand\u00e9 P., Yubero J, Gonzalez S., Klausegger A., Schnitzhofer P., Pohla-Gubo [&hellip;]\" \/>\n<meta property=\"og:url\" content=\"https:\/\/medicina.udd.cl\/centro-genetica-genomica\/publicaciones-ignacia-fuentes\/\" \/>\n<meta property=\"og:site_name\" content=\"Centro de Gen\u00e9tica y Gen\u00f3mica\" \/>\n<meta property=\"article:modified_time\" content=\"2020-08-28T16:50:20+00:00\" \/>\n<meta name=\"twitter:label1\" content=\"Tiempo de lectura\" \/>\n\t<meta name=\"twitter:data1\" content=\"1 minuto\" \/>\n<script type=\"application\/ld+json\" class=\"yoast-schema-graph\">{\"@context\":\"https:\/\/schema.org\",\"@graph\":[{\"@type\":\"WebPage\",\"@id\":\"https:\/\/medicina.udd.cl\/centro-genetica-genomica\/publicaciones-ignacia-fuentes\/\",\"url\":\"https:\/\/medicina.udd.cl\/centro-genetica-genomica\/publicaciones-ignacia-fuentes\/\",\"name\":\"Publicaciones - Centro de Gen\u00e9tica y Gen\u00f3mica\",\"isPartOf\":{\"@id\":\"https:\/\/medicina.udd.cl\/centro-genetica-genomica\/#website\"},\"datePublished\":\"2020-08-28T16:50:19+00:00\",\"dateModified\":\"2020-08-28T16:50:20+00:00\",\"breadcrumb\":{\"@id\":\"https:\/\/medicina.udd.cl\/centro-genetica-genomica\/publicaciones-ignacia-fuentes\/#breadcrumb\"},\"inLanguage\":\"es\",\"potentialAction\":[{\"@type\":\"ReadAction\",\"target\":[\"https:\/\/medicina.udd.cl\/centro-genetica-genomica\/publicaciones-ignacia-fuentes\/\"]}]},{\"@type\":\"BreadcrumbList\",\"@id\":\"https:\/\/medicina.udd.cl\/centro-genetica-genomica\/publicaciones-ignacia-fuentes\/#breadcrumb\",\"itemListElement\":[{\"@type\":\"ListItem\",\"position\":1,\"name\":\"Inicio\",\"item\":\"https:\/\/medicina.udd.cl\/centro-genetica-genomica\/\"},{\"@type\":\"ListItem\",\"position\":2,\"name\":\"Publicaciones\"}]},{\"@type\":\"WebSite\",\"@id\":\"https:\/\/medicina.udd.cl\/centro-genetica-genomica\/#website\",\"url\":\"https:\/\/medicina.udd.cl\/centro-genetica-genomica\/\",\"name\":\"Centro de Gen\u00e9tica y Gen\u00f3mica\",\"description\":\"\",\"inLanguage\":\"es\"}]}<\/script>\n<!-- \/ Yoast SEO plugin. -->","yoast_head_json":{"title":"Publicaciones - Centro de Gen\u00e9tica y Gen\u00f3mica","robots":{"index":"index","follow":"follow","max-snippet":"max-snippet:-1","max-image-preview":"max-image-preview:large","max-video-preview":"max-video-preview:-1"},"canonical":"https:\/\/medicina.udd.cl\/centro-genetica-genomica\/publicaciones-ignacia-fuentes\/","og_locale":"es_ES","og_type":"article","og_title":"Publicaciones - Centro de Gen\u00e9tica y Gen\u00f3mica","og_description":"Von Bischoffshausen S, Ivulic D, \u00c1lvarez P, Schuffeneger V, Idiaquez J, Fuentes C, Morand\u00e9 P, Fuentes I, Palisson F, Benett D, &amp; Calvo M. (2017) Recessive Dystrophic Epidermolysis Bullosa results inhttps:\/\/www.ncbi.nlm.nih.gov\/pmc\/articles\/PMC5405236\/&nbsp;painful small fibre neuropathy, Brian 140 (5) 1238-1251 Fuentes I., Campos M., Repetto G., Morand\u00e9 P., Yubero J, Gonzalez S., Klausegger A., Schnitzhofer P., Pohla-Gubo [&hellip;]","og_url":"https:\/\/medicina.udd.cl\/centro-genetica-genomica\/publicaciones-ignacia-fuentes\/","og_site_name":"Centro de Gen\u00e9tica y Gen\u00f3mica","article_modified_time":"2020-08-28T16:50:20+00:00","twitter_misc":{"Tiempo de lectura":"1 minuto"},"schema":{"@context":"https:\/\/schema.org","@graph":[{"@type":"WebPage","@id":"https:\/\/medicina.udd.cl\/centro-genetica-genomica\/publicaciones-ignacia-fuentes\/","url":"https:\/\/medicina.udd.cl\/centro-genetica-genomica\/publicaciones-ignacia-fuentes\/","name":"Publicaciones - Centro de Gen\u00e9tica y Gen\u00f3mica","isPartOf":{"@id":"https:\/\/medicina.udd.cl\/centro-genetica-genomica\/#website"},"datePublished":"2020-08-28T16:50:19+00:00","dateModified":"2020-08-28T16:50:20+00:00","breadcrumb":{"@id":"https:\/\/medicina.udd.cl\/centro-genetica-genomica\/publicaciones-ignacia-fuentes\/#breadcrumb"},"inLanguage":"es","potentialAction":[{"@type":"ReadAction","target":["https:\/\/medicina.udd.cl\/centro-genetica-genomica\/publicaciones-ignacia-fuentes\/"]}]},{"@type":"BreadcrumbList","@id":"https:\/\/medicina.udd.cl\/centro-genetica-genomica\/publicaciones-ignacia-fuentes\/#breadcrumb","itemListElement":[{"@type":"ListItem","position":1,"name":"Inicio","item":"https:\/\/medicina.udd.cl\/centro-genetica-genomica\/"},{"@type":"ListItem","position":2,"name":"Publicaciones"}]},{"@type":"WebSite","@id":"https:\/\/medicina.udd.cl\/centro-genetica-genomica\/#website","url":"https:\/\/medicina.udd.cl\/centro-genetica-genomica\/","name":"Centro de Gen\u00e9tica y Gen\u00f3mica","description":"","inLanguage":"es"}]}},"_links":{"self":[{"href":"https:\/\/medicina.udd.cl\/centro-genetica-genomica\/wp-json\/wp\/v2\/pages\/2642","targetHints":{"allow":["GET"]}}],"collection":[{"href":"https:\/\/medicina.udd.cl\/centro-genetica-genomica\/wp-json\/wp\/v2\/pages"}],"about":[{"href":"https:\/\/medicina.udd.cl\/centro-genetica-genomica\/wp-json\/wp\/v2\/types\/page"}],"author":[{"embeddable":true,"href":"https:\/\/medicina.udd.cl\/centro-genetica-genomica\/wp-json\/wp\/v2\/users\/42"}],"replies":[{"embeddable":true,"href":"https:\/\/medicina.udd.cl\/centro-genetica-genomica\/wp-json\/wp\/v2\/comments?post=2642"}],"version-history":[{"count":2,"href":"https:\/\/medicina.udd.cl\/centro-genetica-genomica\/wp-json\/wp\/v2\/pages\/2642\/revisions"}],"predecessor-version":[{"id":2644,"href":"https:\/\/medicina.udd.cl\/centro-genetica-genomica\/wp-json\/wp\/v2\/pages\/2642\/revisions\/2644"}],"wp:attachment":[{"href":"https:\/\/medicina.udd.cl\/centro-genetica-genomica\/wp-json\/wp\/v2\/media?parent=2642"}],"curies":[{"name":"wp","href":"https:\/\/api.w.org\/{rel}","templated":true}]}}