{"id":2650,"date":"2020-08-28T12:56:32","date_gmt":"2020-08-28T16:56:32","guid":{"rendered":"http:\/\/medicina.udd.cl\/centro-genetica-genomica\/?page_id=2650"},"modified":"2022-03-09T12:26:25","modified_gmt":"2022-03-09T15:26:25","slug":"sonia-margarit","status":"publish","type":"page","link":"https:\/\/medicina.udd.cl\/centro-genetica-genomica\/sonia-margarit\/","title":{"rendered":"Sonia Margarit"},"content":{"rendered":"<section class=\"wp-block-udd-featured-link\">\n\t<div class=\"container\">\n\t\t<div class=\"featured-link\">\n\t\t\t\t\t\t<div class=\"featured-link__media\">\n\t\t\t<a href=\"\" data-url=\"\">\n\t\t\t\t\t<img loading=\"lazy\" decoding=\"async\" width=\"680\" height=\"382\" src=\"https:\/\/medicina.udd.cl\/centro-genetica-genomica\/files\/2020\/08\/Sonia-Margarit-1-680x382.jpg\" class=\"featured-link__media-image\" alt=\"\" srcset=\"https:\/\/medicina.udd.cl\/centro-genetica-genomica\/files\/2020\/08\/Sonia-Margarit-1-680x382.jpg 680w, https:\/\/medicina.udd.cl\/centro-genetica-genomica\/files\/2020\/08\/Sonia-Margarit-1-1920x1080.jpg 1920w, https:\/\/medicina.udd.cl\/centro-genetica-genomica\/files\/2020\/08\/Sonia-Margarit-1-1366x768.jpg 1366w, https:\/\/medicina.udd.cl\/centro-genetica-genomica\/files\/2020\/08\/Sonia-Margarit-1-952x534.jpg 952w\" sizes=\"auto, (max-width: 680px) 100vw, 680px\" \/>\t\t\t\t<\/a>\n\t\t\t<\/div>\n\t\t\t\t\t\t<div class=\"featured-link__content\">\n\t\t\t\t\t\t\t\t\t\t\t\t\t<h3 class=\"featured-link__title\">\n\t\t\t\t\t\t<a data-url=\"\" href=\"\">\n\t\t\t\t\t\t\tSonia Margarit\t\t\t\t\t\t<\/a>\n\t\t\t\t\t<\/h3>\n\t\t\t\t\t\t\t\t\t\t\t\t<div class=\"featured-link__description\">\n\t\t\t\t\t \u2013 Profesorado de Ciencias Naturales, Escuela Superior Nacional del Profesorado Sarmiento, Argentina. Mag\u00edster en Psicolog\u00eda de la Salud, P. U. Cat\u00f3lica de Chile.<br>\u2013 Mag\u00edster en Gen\u00e9tica Humana, Consejera Gen\u00e9tica, Sarah Lawrence College, Bronxville (USA). <br> <a href=\"mailto:smargarit@udd.cl\">smargarit@udd.cl<\/a> \t\t\t\t<\/div>\n\t\t\t\t\t\t\t\t\t\t\t\t\t\t\t<\/div>\n\t\t<\/div>\n\t<\/div>\n<\/section>\n\n\n<!-- WP Block: UDD - Cards Alternate -->\n<section class=\"wp-block-udd-access-cards\">\n\t<div class=\"container\">\n\t\t\t\t<div class=\"block__content\">\n\t\t\t<div class=\"access-cards\">\n\t\t\t\t\t\t\t<div class=\"access-card-wrapper\">\n\t\t\t\t\t\t\t\t\t\t<div class=\"access-card\">\n\t\t\t\t\t\t<h3 class=\"access-card__title\">L\u00edneas de investigaci\u00f3n<\/h3>\n\t\t\t\t\t\t<p class=\"access-card__description\">\n\t\t\t\t\t\t\t\t\t\t\t\t\t<\/p>\n\t\t\t\t\t\t\t\t\t\t\t\t\t\t\t\t\t\t<div class=\"access-card__link\">\n\t\t\t\t\t\t\t\t<a href=\"https:\/\/medicina.udd.cl\/centro-genetica-genomica\/lineas-de-investigacion-sonia-margarit\/\" class=\"access-card__link-text\" data-url=\"https:\/\/medicina.udd.cl\/centro-genetica-genomica\/lineas-de-investigacion-sonia-margarit\/\">Conocer m\u00e1s<\/a>\n\t\t\t\t\t\t\t<\/div>\n\t\t\t\t\t\t\t\t\t\t\t<\/div>\n\t\t\t\t<\/div>\n\t\t\t\t\t\t\t<div class=\"access-card-wrapper\">\n\t\t\t\t\t\t\t\t\t\t<div class=\"access-card\">\n\t\t\t\t\t\t<h3 class=\"access-card__title\">Publicaciones<\/h3>\n\t\t\t\t\t\t<p class=\"access-card__description\">\n\t\t\t\t\t\t\t\t\t\t\t\t\t<\/p>\n\t\t\t\t\t\t\t\t\t\t\t\t\t\t\t\t\t\t<div class=\"access-card__link\">\n\t\t\t\t\t\t\t\t<a href=\"https:\/\/medicina.udd.cl\/centro-genetica-genomica\/publicaciones-sonia-margarit\/\" class=\"access-card__link-text\" data-url=\"https:\/\/medicina.udd.cl\/centro-genetica-genomica\/publicaciones-sonia-margarit\/\">Papers destacados<\/a>\n\t\t\t\t\t\t\t<\/div>\n\t\t\t\t\t\t\t\t\t\t\t<\/div>\n\t\t\t\t<\/div>\n\t\t\t\t\t\t<\/div>\n\t\t<\/div>\n\t<\/div>\n<\/section>\n\n\n\n<p><strong>Intereses:<\/strong><\/p>\n\n\n\n<ul class=\"wp-block-list\"><li>Mis intereses se enfocan primordialmente en proveer asesoramiento gen\u00e9tico a pacientes afectados y a los familiares facilitando la comprensi\u00f3n de la enfermedad, manejo m\u00e9dico e implicancias de los resultados de estudios gen\u00e9ticos para una mejor adaptaci\u00f3n a la situaci\u00f3n particular de cada familia. &nbsp;A su vez, &nbsp;me interesa promocionar la capacitaci\u00f3n a profesionales de diversas disciplinas de la salud en consejo gen\u00e9tico para satisfacer las necesidades emergentes de la falta de profesionales con capacitaci\u00f3n en esta \u00e1rea.<\/li><\/ul>\n\n\n\n<p><strong>Interests:&nbsp;<\/strong><\/p>\n\n\n\n<ul class=\"wp-block-list\"><li>My interests are primarily focused on providing genetic counselling to affected patients and family members, facilitating the understanding of the disease, medical management, and implications of the results of genetic testing towards better adaptation to the specific situation of each family. &nbsp;At the same time, I am interested in promoting training of professionals from various health-ralted &nbsp;disciplines in genetic counselling to meet the emerging needs of the lack of professionals with training in this area.<\/li><\/ul>\n\n\n\n<p><strong>Docencia:<\/strong><\/p>\n\n\n\n<ul class=\"wp-block-list\"><li>Biolog\u00eda Molecular y Gen\u00e9tica, Segundo a\u00f1o de Bachillerato de Carreras de la Salud<\/li><li>Anamnesis Familiar, Curso de Semiolog\u00eda, Tercer a\u00f1o de Medicina<\/li><\/ul>\n\n\n\n<p><strong>Afiliaciones:<\/strong><\/p>\n\n\n\n<ul class=\"wp-block-list\"><li>Miembro titular de la Sociedad Nacional de Consejeros Gen\u00e9ticos de EEUU (NSGC) desde 1997.<\/li><li>Miembro de la Alianza Transnacional de Consejeros Gen\u00e9ticos (TAGC) desde 2012.<\/li><\/ul>\n\n\n\n<p><\/p>\n","protected":false},"excerpt":{"rendered":"<p>Intereses: Mis intereses se enfocan primordialmente en proveer asesoramiento gen\u00e9tico a pacientes afectados y a los familiares facilitando la comprensi\u00f3n de la enfermedad, manejo m\u00e9dico e implicancias de los resultados de estudios gen\u00e9ticos para una mejor adaptaci\u00f3n a la situaci\u00f3n particular de cada familia. &nbsp;A su vez, &nbsp;me interesa promocionar la capacitaci\u00f3n a profesionales de [&hellip;]<\/p>\n","protected":false},"author":42,"featured_media":0,"parent":0,"menu_order":0,"comment_status":"closed","ping_status":"closed","template":"","meta":{"footnotes":""},"class_list":["post-2650","page","type-page","status-publish","hentry"],"yoast_head":"<!-- This site is optimized with the Yoast SEO plugin v26.9 - https:\/\/yoast.com\/product\/yoast-seo-wordpress\/ -->\n<title>Sonia Margarit - Centro de Gen\u00e9tica y Gen\u00f3mica<\/title>\n<meta name=\"robots\" content=\"index, follow, max-snippet:-1, max-image-preview:large, max-video-preview:-1\" \/>\n<link rel=\"canonical\" href=\"https:\/\/medicina.udd.cl\/centro-genetica-genomica\/sonia-margarit\/\" \/>\n<meta property=\"og:locale\" content=\"es_ES\" \/>\n<meta property=\"og:type\" content=\"article\" \/>\n<meta property=\"og:title\" content=\"Sonia Margarit - Centro de Gen\u00e9tica y Gen\u00f3mica\" \/>\n<meta property=\"og:description\" content=\"Intereses: Mis intereses se enfocan primordialmente en proveer asesoramiento gen\u00e9tico a pacientes afectados y a los familiares facilitando la comprensi\u00f3n de la enfermedad, manejo m\u00e9dico e implicancias de los resultados de estudios gen\u00e9ticos para una mejor adaptaci\u00f3n a la situaci\u00f3n particular de cada familia. &nbsp;A su vez, &nbsp;me interesa promocionar la capacitaci\u00f3n a profesionales de [&hellip;]\" \/>\n<meta property=\"og:url\" content=\"https:\/\/medicina.udd.cl\/centro-genetica-genomica\/sonia-margarit\/\" \/>\n<meta property=\"og:site_name\" content=\"Centro de Gen\u00e9tica y Gen\u00f3mica\" \/>\n<meta property=\"article:modified_time\" content=\"2022-03-09T15:26:25+00:00\" \/>\n<meta name=\"twitter:label1\" content=\"Tiempo de lectura\" \/>\n\t<meta name=\"twitter:data1\" content=\"1 minuto\" \/>\n<script type=\"application\/ld+json\" class=\"yoast-schema-graph\">{\"@context\":\"https:\/\/schema.org\",\"@graph\":[{\"@type\":\"WebPage\",\"@id\":\"https:\/\/medicina.udd.cl\/centro-genetica-genomica\/sonia-margarit\/\",\"url\":\"https:\/\/medicina.udd.cl\/centro-genetica-genomica\/sonia-margarit\/\",\"name\":\"Sonia Margarit - Centro de Gen\u00e9tica y Gen\u00f3mica\",\"isPartOf\":{\"@id\":\"https:\/\/medicina.udd.cl\/centro-genetica-genomica\/#website\"},\"datePublished\":\"2020-08-28T16:56:32+00:00\",\"dateModified\":\"2022-03-09T15:26:25+00:00\",\"breadcrumb\":{\"@id\":\"https:\/\/medicina.udd.cl\/centro-genetica-genomica\/sonia-margarit\/#breadcrumb\"},\"inLanguage\":\"es\",\"potentialAction\":[{\"@type\":\"ReadAction\",\"target\":[\"https:\/\/medicina.udd.cl\/centro-genetica-genomica\/sonia-margarit\/\"]}]},{\"@type\":\"BreadcrumbList\",\"@id\":\"https:\/\/medicina.udd.cl\/centro-genetica-genomica\/sonia-margarit\/#breadcrumb\",\"itemListElement\":[{\"@type\":\"ListItem\",\"position\":1,\"name\":\"Inicio\",\"item\":\"https:\/\/medicina.udd.cl\/centro-genetica-genomica\/\"},{\"@type\":\"ListItem\",\"position\":2,\"name\":\"Sonia Margarit\"}]},{\"@type\":\"WebSite\",\"@id\":\"https:\/\/medicina.udd.cl\/centro-genetica-genomica\/#website\",\"url\":\"https:\/\/medicina.udd.cl\/centro-genetica-genomica\/\",\"name\":\"Centro de Gen\u00e9tica y Gen\u00f3mica\",\"description\":\"\",\"inLanguage\":\"es\"}]}<\/script>\n<!-- \/ Yoast SEO plugin. -->","yoast_head_json":{"title":"Sonia Margarit - Centro de Gen\u00e9tica y Gen\u00f3mica","robots":{"index":"index","follow":"follow","max-snippet":"max-snippet:-1","max-image-preview":"max-image-preview:large","max-video-preview":"max-video-preview:-1"},"canonical":"https:\/\/medicina.udd.cl\/centro-genetica-genomica\/sonia-margarit\/","og_locale":"es_ES","og_type":"article","og_title":"Sonia Margarit - Centro de Gen\u00e9tica y Gen\u00f3mica","og_description":"Intereses: Mis intereses se enfocan primordialmente en proveer asesoramiento gen\u00e9tico a pacientes afectados y a los familiares facilitando la comprensi\u00f3n de la enfermedad, manejo m\u00e9dico e implicancias de los resultados de estudios gen\u00e9ticos para una mejor adaptaci\u00f3n a la situaci\u00f3n particular de cada familia. &nbsp;A su vez, &nbsp;me interesa promocionar la capacitaci\u00f3n a profesionales de [&hellip;]","og_url":"https:\/\/medicina.udd.cl\/centro-genetica-genomica\/sonia-margarit\/","og_site_name":"Centro de Gen\u00e9tica y Gen\u00f3mica","article_modified_time":"2022-03-09T15:26:25+00:00","twitter_misc":{"Tiempo de lectura":"1 minuto"},"schema":{"@context":"https:\/\/schema.org","@graph":[{"@type":"WebPage","@id":"https:\/\/medicina.udd.cl\/centro-genetica-genomica\/sonia-margarit\/","url":"https:\/\/medicina.udd.cl\/centro-genetica-genomica\/sonia-margarit\/","name":"Sonia Margarit - Centro de Gen\u00e9tica y Gen\u00f3mica","isPartOf":{"@id":"https:\/\/medicina.udd.cl\/centro-genetica-genomica\/#website"},"datePublished":"2020-08-28T16:56:32+00:00","dateModified":"2022-03-09T15:26:25+00:00","breadcrumb":{"@id":"https:\/\/medicina.udd.cl\/centro-genetica-genomica\/sonia-margarit\/#breadcrumb"},"inLanguage":"es","potentialAction":[{"@type":"ReadAction","target":["https:\/\/medicina.udd.cl\/centro-genetica-genomica\/sonia-margarit\/"]}]},{"@type":"BreadcrumbList","@id":"https:\/\/medicina.udd.cl\/centro-genetica-genomica\/sonia-margarit\/#breadcrumb","itemListElement":[{"@type":"ListItem","position":1,"name":"Inicio","item":"https:\/\/medicina.udd.cl\/centro-genetica-genomica\/"},{"@type":"ListItem","position":2,"name":"Sonia Margarit"}]},{"@type":"WebSite","@id":"https:\/\/medicina.udd.cl\/centro-genetica-genomica\/#website","url":"https:\/\/medicina.udd.cl\/centro-genetica-genomica\/","name":"Centro de Gen\u00e9tica y Gen\u00f3mica","description":"","inLanguage":"es"}]}},"_links":{"self":[{"href":"https:\/\/medicina.udd.cl\/centro-genetica-genomica\/wp-json\/wp\/v2\/pages\/2650","targetHints":{"allow":["GET"]}}],"collection":[{"href":"https:\/\/medicina.udd.cl\/centro-genetica-genomica\/wp-json\/wp\/v2\/pages"}],"about":[{"href":"https:\/\/medicina.udd.cl\/centro-genetica-genomica\/wp-json\/wp\/v2\/types\/page"}],"author":[{"embeddable":true,"href":"https:\/\/medicina.udd.cl\/centro-genetica-genomica\/wp-json\/wp\/v2\/users\/42"}],"replies":[{"embeddable":true,"href":"https:\/\/medicina.udd.cl\/centro-genetica-genomica\/wp-json\/wp\/v2\/comments?post=2650"}],"version-history":[{"count":5,"href":"https:\/\/medicina.udd.cl\/centro-genetica-genomica\/wp-json\/wp\/v2\/pages\/2650\/revisions"}],"predecessor-version":[{"id":2888,"href":"https:\/\/medicina.udd.cl\/centro-genetica-genomica\/wp-json\/wp\/v2\/pages\/2650\/revisions\/2888"}],"wp:attachment":[{"href":"https:\/\/medicina.udd.cl\/centro-genetica-genomica\/wp-json\/wp\/v2\/media?parent=2650"}],"curies":[{"name":"wp","href":"https:\/\/api.w.org\/{rel}","templated":true}]}}