{"id":2662,"date":"2020-08-28T13:10:34","date_gmt":"2020-08-28T17:10:34","guid":{"rendered":"http:\/\/medicina.udd.cl\/centro-genetica-genomica\/?page_id=2662"},"modified":"2020-08-28T13:13:30","modified_gmt":"2020-08-28T17:13:30","slug":"publicaciones-mario-fernandez","status":"publish","type":"page","link":"https:\/\/medicina.udd.cl\/centro-genetica-genomica\/publicaciones-mario-fernandez\/","title":{"rendered":"Publicaciones"},"content":{"rendered":"\n<p>\u2013&nbsp;Fern\u00e1ndez MI, Valdebenito P, Delgado I et al.&nbsp;Impact of Arsenic Exposure on Clinicopathological Characteristics of Bladder Cancer: A Comparative Study between Patients from an Arsenic-Exposed Region and Non-Exposed Reference Sites.&nbsp;Urol Oncol (2020) 38(2): 40.e1-40.e7<\/p>\n\n\n\n<p>\u2013 Vicu\u00f1a L, Klimenkova O, Norambuena T, Mart\u00ednez FI,&nbsp;Fern\u00e1ndez MI&nbsp;et al.&nbsp;Post-Admixture Selection on Chileans Targets Haplotype Involved in Pigmentation and Immune Defense Against Pathogens. Genome Biology and Evolution (2020); doi.org\/10.1093\/gbe\/evaa140<\/p>\n\n\n\n<p>\u2013 L\u00f3pez JF,&nbsp;Fern\u00e1ndez MI, Coz LF. Arsenic exposure is associated with significant upper tract urothelial carcinoma health care needs and elevated mortality rates.&nbsp;Urol Oncol (2020) 38(7): 638.e7 \u2013 638.e13<\/p>\n\n\n\n<p>\u2013 Vicu\u00f1a L,&nbsp;Fern\u00e1ndez MI, Vial C et al.&nbsp;Adaptation to extreme environments in an admixed population from the Atacama Desert. Genome Biology and Evolution (2019) 11(9): 2468-2479<\/p>\n\n\n\n<p>\u2013 Lobo N, Shariat SF, Guo CC,&nbsp;Fern\u00e1ndez MI&nbsp;et al. What Is the Significance of Variant Histology in Urothelial Carcinoma?&nbsp;Eur Urol Focus (2020) 6(4):653-663<\/p>\n\n\n\n<p>\u2013&nbsp;Fern\u00e1ndez MI, Brausi M, Clark PE et al.&nbsp;Epidemiology, Prevention, Screening, Diagnosis and Evaluation: Update of the ICUD-SIU Joint Consultation on Bladder Cancer. World J Urol (2019) 37 (1): 3-13.<\/p>\n\n\n\n<p>\u2013 Huneeus A, Schilling A,&nbsp;Fern\u00e1ndez MI. Prevalence of Chlamydia Trachomatis, Neisseria Gonorrhoeae, and Trichomonas Vaginalis Infection in Chilean Adolescents and Young Adults. Journal of pediatric and adolescent gynecology (2018) 31 (4): 411-415<\/p>\n\n\n\n<p>\u2013&nbsp;Fern\u00e1ndez MI, Williams SB, Willis DL et al. Clinical risk stratification in patients with surgically resectable micropapillary bladder cancer. BJU Int (2017) 119 (5): 684<\/p>\n\n\n\n<p>\u2013 Willis DL,&nbsp;Fern\u00e1ndez MI, Dickstein RJ et al. Clinical Outcomes in cT1 Micropapillary Bladder Cancer. J Urol (2015); 193(4): 1129-34<\/p>\n\n\n\n<p>\u2013&nbsp;Fern\u00e1ndez MI, Gong Y, Ye Y et al.&nbsp;\u03b3-H2AX level in peripheral blood lymphocytes as a risk predictor for bladder cancer. Carcinogenesis (2013); 34(11):2543-7<\/p>\n\n\n\n<p>\u2013&nbsp;Fern\u00e1ndez MI, Parikh S, Grossman HB et al. The role of FISH and Cytology in Upper Urinary Tract Surveillance after Radical Cystectomy for Bladder Cancer. Urol Oncol (2012) 30(6); 821-4, 2012.<\/p>\n\n\n\n<p>\u2013&nbsp;Fern\u00e1ndez MI, L\u00f3pez JF, Vivaldi B, Coz F. Long-term impact of arsenic in drinking water on bladder cancer health care and mortality rates twenty years after end of exposure.&nbsp;J Urol (2012), 187: 856<\/p>\n\n\n\n<p>\u2013 Liu W, Cao Y,&nbsp;Fern\u00e1ndez MI&nbsp;et al.&nbsp;Additive antitumoral effect of interleukin-12 gene therapy and chemotherapy in the treatment of urothelial bladder cancer in vitro and in vivo. Int Urol Nephrol (2011), 43(3); 721<\/p>\n\n\n\n<p>\u2013 Bolenz C, Ikinger EM, Str\u00f6bel P, Trojan L, Steidler A,&nbsp;Fern\u00e1ndez MI&nbsp;et al. Topical Chemotherapy in human urothelial carcinoma explants: a novel translational tool for preclinical evaluation of experimental intravesical therapies.&nbsp;Eur Urol (2009) 56 (3); 504-11<\/p>\n\n\n\n<p>\u2013 Bolenz C*,&nbsp;Fern\u00e1ndez MI*, Trojan L et al.&nbsp;Lymphangiogenesis is induced in upper tract urothelial carcinoma and correlates with lymphatic tumour dissemination and poor prognosis.&nbsp;BJU Int (2009), 103 (8): 1040-1046 *equal contribution.<\/p>\n\n\n\n<p>\u2013&nbsp;Fern\u00e1ndez MI, Bolenz C, Trojan L et al.&nbsp;Prognostic implications of lymphangiogenesis in muscle-invasive transitional cell carcinoma of the bladder.&nbsp;Eur Urol (2008), 53 (3): 571-80<\/p>\n","protected":false},"excerpt":{"rendered":"<p>\u2013&nbsp;Fern\u00e1ndez MI, Valdebenito P, Delgado I et al.&nbsp;Impact of Arsenic Exposure on Clinicopathological Characteristics of Bladder Cancer: A Comparative Study between Patients from an Arsenic-Exposed Region and Non-Exposed Reference Sites.&nbsp;Urol Oncol (2020) 38(2): 40.e1-40.e7 \u2013 Vicu\u00f1a L, Klimenkova O, Norambuena T, Mart\u00ednez FI,&nbsp;Fern\u00e1ndez MI&nbsp;et al.&nbsp;Post-Admixture Selection on Chileans Targets Haplotype Involved in Pigmentation and Immune [&hellip;]<\/p>\n","protected":false},"author":42,"featured_media":0,"parent":0,"menu_order":0,"comment_status":"closed","ping_status":"closed","template":"","meta":{"footnotes":""},"class_list":["post-2662","page","type-page","status-publish","hentry"],"yoast_head":"<!-- This site is optimized with the Yoast SEO plugin v26.9 - https:\/\/yoast.com\/product\/yoast-seo-wordpress\/ -->\n<title>Publicaciones - Centro de Gen\u00e9tica y Gen\u00f3mica<\/title>\n<meta name=\"robots\" content=\"index, follow, max-snippet:-1, max-image-preview:large, max-video-preview:-1\" \/>\n<link rel=\"canonical\" href=\"https:\/\/medicina.udd.cl\/centro-genetica-genomica\/publicaciones-mario-fernandez\/\" \/>\n<meta property=\"og:locale\" content=\"es_ES\" \/>\n<meta property=\"og:type\" content=\"article\" \/>\n<meta property=\"og:title\" content=\"Publicaciones - Centro de Gen\u00e9tica y Gen\u00f3mica\" \/>\n<meta property=\"og:description\" content=\"\u2013&nbsp;Fern\u00e1ndez MI, Valdebenito P, Delgado I et al.&nbsp;Impact of Arsenic Exposure on Clinicopathological Characteristics of Bladder Cancer: A Comparative Study between Patients from an Arsenic-Exposed Region and Non-Exposed Reference Sites.&nbsp;Urol Oncol (2020) 38(2): 40.e1-40.e7 \u2013 Vicu\u00f1a L, Klimenkova O, Norambuena T, Mart\u00ednez FI,&nbsp;Fern\u00e1ndez MI&nbsp;et al.&nbsp;Post-Admixture Selection on Chileans Targets Haplotype Involved in Pigmentation and Immune [&hellip;]\" \/>\n<meta property=\"og:url\" content=\"https:\/\/medicina.udd.cl\/centro-genetica-genomica\/publicaciones-mario-fernandez\/\" \/>\n<meta property=\"og:site_name\" content=\"Centro de Gen\u00e9tica y Gen\u00f3mica\" \/>\n<meta property=\"article:modified_time\" content=\"2020-08-28T17:13:30+00:00\" \/>\n<meta name=\"twitter:label1\" content=\"Tiempo de lectura\" \/>\n\t<meta name=\"twitter:data1\" content=\"3 minutos\" \/>\n<script type=\"application\/ld+json\" class=\"yoast-schema-graph\">{\"@context\":\"https:\/\/schema.org\",\"@graph\":[{\"@type\":\"WebPage\",\"@id\":\"https:\/\/medicina.udd.cl\/centro-genetica-genomica\/publicaciones-mario-fernandez\/\",\"url\":\"https:\/\/medicina.udd.cl\/centro-genetica-genomica\/publicaciones-mario-fernandez\/\",\"name\":\"Publicaciones - Centro de Gen\u00e9tica y Gen\u00f3mica\",\"isPartOf\":{\"@id\":\"https:\/\/medicina.udd.cl\/centro-genetica-genomica\/#website\"},\"datePublished\":\"2020-08-28T17:10:34+00:00\",\"dateModified\":\"2020-08-28T17:13:30+00:00\",\"breadcrumb\":{\"@id\":\"https:\/\/medicina.udd.cl\/centro-genetica-genomica\/publicaciones-mario-fernandez\/#breadcrumb\"},\"inLanguage\":\"es\",\"potentialAction\":[{\"@type\":\"ReadAction\",\"target\":[\"https:\/\/medicina.udd.cl\/centro-genetica-genomica\/publicaciones-mario-fernandez\/\"]}]},{\"@type\":\"BreadcrumbList\",\"@id\":\"https:\/\/medicina.udd.cl\/centro-genetica-genomica\/publicaciones-mario-fernandez\/#breadcrumb\",\"itemListElement\":[{\"@type\":\"ListItem\",\"position\":1,\"name\":\"Inicio\",\"item\":\"https:\/\/medicina.udd.cl\/centro-genetica-genomica\/\"},{\"@type\":\"ListItem\",\"position\":2,\"name\":\"Publicaciones\"}]},{\"@type\":\"WebSite\",\"@id\":\"https:\/\/medicina.udd.cl\/centro-genetica-genomica\/#website\",\"url\":\"https:\/\/medicina.udd.cl\/centro-genetica-genomica\/\",\"name\":\"Centro de Gen\u00e9tica y Gen\u00f3mica\",\"description\":\"\",\"inLanguage\":\"es\"}]}<\/script>\n<!-- \/ Yoast SEO plugin. -->","yoast_head_json":{"title":"Publicaciones - Centro de Gen\u00e9tica y Gen\u00f3mica","robots":{"index":"index","follow":"follow","max-snippet":"max-snippet:-1","max-image-preview":"max-image-preview:large","max-video-preview":"max-video-preview:-1"},"canonical":"https:\/\/medicina.udd.cl\/centro-genetica-genomica\/publicaciones-mario-fernandez\/","og_locale":"es_ES","og_type":"article","og_title":"Publicaciones - Centro de Gen\u00e9tica y Gen\u00f3mica","og_description":"\u2013&nbsp;Fern\u00e1ndez MI, Valdebenito P, Delgado I et al.&nbsp;Impact of Arsenic Exposure on Clinicopathological Characteristics of Bladder Cancer: A Comparative Study between Patients from an Arsenic-Exposed Region and Non-Exposed Reference Sites.&nbsp;Urol Oncol (2020) 38(2): 40.e1-40.e7 \u2013 Vicu\u00f1a L, Klimenkova O, Norambuena T, Mart\u00ednez FI,&nbsp;Fern\u00e1ndez MI&nbsp;et al.&nbsp;Post-Admixture Selection on Chileans Targets Haplotype Involved in Pigmentation and Immune [&hellip;]","og_url":"https:\/\/medicina.udd.cl\/centro-genetica-genomica\/publicaciones-mario-fernandez\/","og_site_name":"Centro de Gen\u00e9tica y Gen\u00f3mica","article_modified_time":"2020-08-28T17:13:30+00:00","twitter_misc":{"Tiempo de lectura":"3 minutos"},"schema":{"@context":"https:\/\/schema.org","@graph":[{"@type":"WebPage","@id":"https:\/\/medicina.udd.cl\/centro-genetica-genomica\/publicaciones-mario-fernandez\/","url":"https:\/\/medicina.udd.cl\/centro-genetica-genomica\/publicaciones-mario-fernandez\/","name":"Publicaciones - Centro de Gen\u00e9tica y Gen\u00f3mica","isPartOf":{"@id":"https:\/\/medicina.udd.cl\/centro-genetica-genomica\/#website"},"datePublished":"2020-08-28T17:10:34+00:00","dateModified":"2020-08-28T17:13:30+00:00","breadcrumb":{"@id":"https:\/\/medicina.udd.cl\/centro-genetica-genomica\/publicaciones-mario-fernandez\/#breadcrumb"},"inLanguage":"es","potentialAction":[{"@type":"ReadAction","target":["https:\/\/medicina.udd.cl\/centro-genetica-genomica\/publicaciones-mario-fernandez\/"]}]},{"@type":"BreadcrumbList","@id":"https:\/\/medicina.udd.cl\/centro-genetica-genomica\/publicaciones-mario-fernandez\/#breadcrumb","itemListElement":[{"@type":"ListItem","position":1,"name":"Inicio","item":"https:\/\/medicina.udd.cl\/centro-genetica-genomica\/"},{"@type":"ListItem","position":2,"name":"Publicaciones"}]},{"@type":"WebSite","@id":"https:\/\/medicina.udd.cl\/centro-genetica-genomica\/#website","url":"https:\/\/medicina.udd.cl\/centro-genetica-genomica\/","name":"Centro de Gen\u00e9tica y Gen\u00f3mica","description":"","inLanguage":"es"}]}},"_links":{"self":[{"href":"https:\/\/medicina.udd.cl\/centro-genetica-genomica\/wp-json\/wp\/v2\/pages\/2662","targetHints":{"allow":["GET"]}}],"collection":[{"href":"https:\/\/medicina.udd.cl\/centro-genetica-genomica\/wp-json\/wp\/v2\/pages"}],"about":[{"href":"https:\/\/medicina.udd.cl\/centro-genetica-genomica\/wp-json\/wp\/v2\/types\/page"}],"author":[{"embeddable":true,"href":"https:\/\/medicina.udd.cl\/centro-genetica-genomica\/wp-json\/wp\/v2\/users\/42"}],"replies":[{"embeddable":true,"href":"https:\/\/medicina.udd.cl\/centro-genetica-genomica\/wp-json\/wp\/v2\/comments?post=2662"}],"version-history":[{"count":2,"href":"https:\/\/medicina.udd.cl\/centro-genetica-genomica\/wp-json\/wp\/v2\/pages\/2662\/revisions"}],"predecessor-version":[{"id":2664,"href":"https:\/\/medicina.udd.cl\/centro-genetica-genomica\/wp-json\/wp\/v2\/pages\/2662\/revisions\/2664"}],"wp:attachment":[{"href":"https:\/\/medicina.udd.cl\/centro-genetica-genomica\/wp-json\/wp\/v2\/media?parent=2662"}],"curies":[{"name":"wp","href":"https:\/\/api.w.org\/{rel}","templated":true}]}}