{"id":2728,"date":"2020-09-21T16:56:00","date_gmt":"2020-09-21T19:56:00","guid":{"rendered":"http:\/\/medicina.udd.cl\/centro-genetica-genomica\/?page_id=2728"},"modified":"2020-09-21T16:56:32","modified_gmt":"2020-09-21T19:56:32","slug":"publicaciones-gonzalo-encina","status":"publish","type":"page","link":"https:\/\/medicina.udd.cl\/centro-genetica-genomica\/publicaciones-gonzalo-encina\/","title":{"rendered":"Publicaciones"},"content":{"rendered":"\n<ul class=\"wp-block-list\"><li>Castro M, Moya-Beltr\u00e1n A, Covarrubias PC, Gonzalez M, Cardenas JP, Issotta F, Nu\u00f1ez H, Acu\u00f1a LG, Encina G, Holmes DS, Johnson DB, Quatrini. R,&nbsp;<a href=\"https:\/\/www.ncbi.nlm.nih.gov\/pubmed\/?term=Draft+genome+sequence+of+the+type+strain+of+the+sulfur-oxidizing+acidophile%2C+Acidithiobacillus+albertensis+(DSM+14366)\">Draft genome sequence of the type strain of the sulfur-oxidizing acidophile, Acidithiobacillus albertensis (DSM 14366)<\/a>, Stand Genomic., Sci. 12:77, 2017.<\/li><li>Quinones LA, Lavanderos MA, Cayun JP, Garcia-Martin E, Agundez JA, Caceres DD, Roco AM, Morales JE, Herrera L, Encina G, Isaza CA, Redal MA, Larovere L, Soria NW, Eslava-Schmalbach J, Castaneda-Hernandez G, Lopez-Cortes A, Magno LA, Lopez M, Chiurillo MA, Rodeiro I, Castro de Guerra D, Teran E, Estevez-Carrizo F, Lares-Assef I,&nbsp;<a href=\"https:\/\/www.ncbi.nlm.nih.gov\/pubmed\/?term=Perception+of+the+usefulness+of+drug%2Fgene+pairs+and+barriers+for+pharmacogenomics+in+Latin+America\">Perception of the usefulness of drug\/gene pairs and barriers for pharmacogenomics in Latin America<\/a>, Curr Drug Metab., 15(2):202-8, 2014.<\/li><li>Hurtado C, Encina G, Wielandt AM, Z\u00e1rate AJ, Castro M, Carrillo K, Kronberg U, L\u00f3pez-K\u00f6stner F,&nbsp;<a href=\"https:\/\/www.ncbi.nlm.nih.gov\/pubmed\/?term=KRAS+gene+somatic+mutations+in+Chilean+patients+with+colorectal+cancer\">KRAS gene somatic mutations in Chilean patients with colorectal cancer<\/a>, Rev Med Chil., 142(11):1407-14, 2014<\/li><li>Castillo K, Valenzuela V, Matus S, Nassif M, O\u00f1ate M, Fuentealba Y, Encina G, Irrazabal T, Parsons G, Court FA, Schneider BL, Armentano D, Hetz C,&nbsp;<a href=\"https:\/\/www.nature.com\/articles\/cddis2013421\">Measurement of autophagy flux in the nervous system in vivo<\/a>, Cell Death Dis., 14;4:e917, 2013.<\/li><li>Torres M, Encina G, Soto C, Hetz C,&nbsp;<a href=\"https:\/\/www.ncbi.nlm.nih.gov\/pubmed\/?term=Abnormal+calcium+homeostasis+and+protein+folding+stress+at+the+ER%3A+A+common+factor+in+familial+and+infectious+prion+disorders\">Abnormal calcium homeostasis and protein folding stress at the ER: A common factor in familial and infectious prion disorders<\/a>, Commun Integr Biol., 4(3):258-61, 2011.<\/li><li>Encina G, Ezquer F, Conget P, Israel Y,&nbsp;<a href=\"https:\/\/www.ncbi.nlm.nih.gov\/pubmed\/?term=Insulin+is+secreted+upon+glucose+stimulation+by+both+gastrointestinal+enteroendocrine+K-cells+and+L-cells+engineered+with+the+preproinsulin+gene\">Insulin is secreted upon glucose stimulation by both gastrointestinal enteroendocrine K-cells and L-cells engineered with the preproinsulin gene<\/a>. Biol Res., 44(3):301-5, 2011.<\/li><\/ul>\n","protected":false},"excerpt":{"rendered":"<p>Castro M, Moya-Beltr\u00e1n A, Covarrubias PC, Gonzalez M, Cardenas JP, Issotta F, Nu\u00f1ez H, Acu\u00f1a LG, Encina G, Holmes DS, Johnson DB, Quatrini. R,&nbsp;Draft genome sequence of the type strain of the sulfur-oxidizing acidophile, Acidithiobacillus albertensis (DSM 14366), Stand Genomic., Sci. 12:77, 2017. Quinones LA, Lavanderos MA, Cayun JP, Garcia-Martin E, Agundez JA, Caceres DD, [&hellip;]<\/p>\n","protected":false},"author":42,"featured_media":0,"parent":0,"menu_order":0,"comment_status":"closed","ping_status":"closed","template":"","meta":{"footnotes":""},"class_list":["post-2728","page","type-page","status-publish","hentry"],"yoast_head":"<!-- This site is optimized with the Yoast SEO plugin v26.9 - https:\/\/yoast.com\/product\/yoast-seo-wordpress\/ -->\n<title>Publicaciones - Centro de Gen\u00e9tica y Gen\u00f3mica<\/title>\n<meta name=\"robots\" content=\"index, follow, max-snippet:-1, max-image-preview:large, max-video-preview:-1\" \/>\n<link rel=\"canonical\" href=\"https:\/\/medicina.udd.cl\/centro-genetica-genomica\/publicaciones-gonzalo-encina\/\" \/>\n<meta property=\"og:locale\" content=\"es_ES\" \/>\n<meta property=\"og:type\" content=\"article\" \/>\n<meta property=\"og:title\" content=\"Publicaciones - Centro de Gen\u00e9tica y Gen\u00f3mica\" \/>\n<meta property=\"og:description\" content=\"Castro M, Moya-Beltr\u00e1n A, Covarrubias PC, Gonzalez M, Cardenas JP, Issotta F, Nu\u00f1ez H, Acu\u00f1a LG, Encina G, Holmes DS, Johnson DB, Quatrini. R,&nbsp;Draft genome sequence of the type strain of the sulfur-oxidizing acidophile, Acidithiobacillus albertensis (DSM 14366), Stand Genomic., Sci. 12:77, 2017. Quinones LA, Lavanderos MA, Cayun JP, Garcia-Martin E, Agundez JA, Caceres DD, [&hellip;]\" \/>\n<meta property=\"og:url\" content=\"https:\/\/medicina.udd.cl\/centro-genetica-genomica\/publicaciones-gonzalo-encina\/\" \/>\n<meta property=\"og:site_name\" content=\"Centro de Gen\u00e9tica y Gen\u00f3mica\" \/>\n<meta property=\"article:modified_time\" content=\"2020-09-21T19:56:32+00:00\" \/>\n<meta name=\"twitter:label1\" content=\"Tiempo de lectura\" \/>\n\t<meta name=\"twitter:data1\" content=\"1 minuto\" \/>\n<script type=\"application\/ld+json\" class=\"yoast-schema-graph\">{\"@context\":\"https:\/\/schema.org\",\"@graph\":[{\"@type\":\"WebPage\",\"@id\":\"https:\/\/medicina.udd.cl\/centro-genetica-genomica\/publicaciones-gonzalo-encina\/\",\"url\":\"https:\/\/medicina.udd.cl\/centro-genetica-genomica\/publicaciones-gonzalo-encina\/\",\"name\":\"Publicaciones - Centro de Gen\u00e9tica y Gen\u00f3mica\",\"isPartOf\":{\"@id\":\"https:\/\/medicina.udd.cl\/centro-genetica-genomica\/#website\"},\"datePublished\":\"2020-09-21T19:56:00+00:00\",\"dateModified\":\"2020-09-21T19:56:32+00:00\",\"breadcrumb\":{\"@id\":\"https:\/\/medicina.udd.cl\/centro-genetica-genomica\/publicaciones-gonzalo-encina\/#breadcrumb\"},\"inLanguage\":\"es\",\"potentialAction\":[{\"@type\":\"ReadAction\",\"target\":[\"https:\/\/medicina.udd.cl\/centro-genetica-genomica\/publicaciones-gonzalo-encina\/\"]}]},{\"@type\":\"BreadcrumbList\",\"@id\":\"https:\/\/medicina.udd.cl\/centro-genetica-genomica\/publicaciones-gonzalo-encina\/#breadcrumb\",\"itemListElement\":[{\"@type\":\"ListItem\",\"position\":1,\"name\":\"Inicio\",\"item\":\"https:\/\/medicina.udd.cl\/centro-genetica-genomica\/\"},{\"@type\":\"ListItem\",\"position\":2,\"name\":\"Publicaciones\"}]},{\"@type\":\"WebSite\",\"@id\":\"https:\/\/medicina.udd.cl\/centro-genetica-genomica\/#website\",\"url\":\"https:\/\/medicina.udd.cl\/centro-genetica-genomica\/\",\"name\":\"Centro de Gen\u00e9tica y Gen\u00f3mica\",\"description\":\"\",\"inLanguage\":\"es\"}]}<\/script>\n<!-- \/ Yoast SEO plugin. -->","yoast_head_json":{"title":"Publicaciones - Centro de Gen\u00e9tica y Gen\u00f3mica","robots":{"index":"index","follow":"follow","max-snippet":"max-snippet:-1","max-image-preview":"max-image-preview:large","max-video-preview":"max-video-preview:-1"},"canonical":"https:\/\/medicina.udd.cl\/centro-genetica-genomica\/publicaciones-gonzalo-encina\/","og_locale":"es_ES","og_type":"article","og_title":"Publicaciones - Centro de Gen\u00e9tica y Gen\u00f3mica","og_description":"Castro M, Moya-Beltr\u00e1n A, Covarrubias PC, Gonzalez M, Cardenas JP, Issotta F, Nu\u00f1ez H, Acu\u00f1a LG, Encina G, Holmes DS, Johnson DB, Quatrini. R,&nbsp;Draft genome sequence of the type strain of the sulfur-oxidizing acidophile, Acidithiobacillus albertensis (DSM 14366), Stand Genomic., Sci. 12:77, 2017. Quinones LA, Lavanderos MA, Cayun JP, Garcia-Martin E, Agundez JA, Caceres DD, [&hellip;]","og_url":"https:\/\/medicina.udd.cl\/centro-genetica-genomica\/publicaciones-gonzalo-encina\/","og_site_name":"Centro de Gen\u00e9tica y Gen\u00f3mica","article_modified_time":"2020-09-21T19:56:32+00:00","twitter_misc":{"Tiempo de lectura":"1 minuto"},"schema":{"@context":"https:\/\/schema.org","@graph":[{"@type":"WebPage","@id":"https:\/\/medicina.udd.cl\/centro-genetica-genomica\/publicaciones-gonzalo-encina\/","url":"https:\/\/medicina.udd.cl\/centro-genetica-genomica\/publicaciones-gonzalo-encina\/","name":"Publicaciones - Centro de Gen\u00e9tica y Gen\u00f3mica","isPartOf":{"@id":"https:\/\/medicina.udd.cl\/centro-genetica-genomica\/#website"},"datePublished":"2020-09-21T19:56:00+00:00","dateModified":"2020-09-21T19:56:32+00:00","breadcrumb":{"@id":"https:\/\/medicina.udd.cl\/centro-genetica-genomica\/publicaciones-gonzalo-encina\/#breadcrumb"},"inLanguage":"es","potentialAction":[{"@type":"ReadAction","target":["https:\/\/medicina.udd.cl\/centro-genetica-genomica\/publicaciones-gonzalo-encina\/"]}]},{"@type":"BreadcrumbList","@id":"https:\/\/medicina.udd.cl\/centro-genetica-genomica\/publicaciones-gonzalo-encina\/#breadcrumb","itemListElement":[{"@type":"ListItem","position":1,"name":"Inicio","item":"https:\/\/medicina.udd.cl\/centro-genetica-genomica\/"},{"@type":"ListItem","position":2,"name":"Publicaciones"}]},{"@type":"WebSite","@id":"https:\/\/medicina.udd.cl\/centro-genetica-genomica\/#website","url":"https:\/\/medicina.udd.cl\/centro-genetica-genomica\/","name":"Centro de Gen\u00e9tica y Gen\u00f3mica","description":"","inLanguage":"es"}]}},"_links":{"self":[{"href":"https:\/\/medicina.udd.cl\/centro-genetica-genomica\/wp-json\/wp\/v2\/pages\/2728","targetHints":{"allow":["GET"]}}],"collection":[{"href":"https:\/\/medicina.udd.cl\/centro-genetica-genomica\/wp-json\/wp\/v2\/pages"}],"about":[{"href":"https:\/\/medicina.udd.cl\/centro-genetica-genomica\/wp-json\/wp\/v2\/types\/page"}],"author":[{"embeddable":true,"href":"https:\/\/medicina.udd.cl\/centro-genetica-genomica\/wp-json\/wp\/v2\/users\/42"}],"replies":[{"embeddable":true,"href":"https:\/\/medicina.udd.cl\/centro-genetica-genomica\/wp-json\/wp\/v2\/comments?post=2728"}],"version-history":[{"count":2,"href":"https:\/\/medicina.udd.cl\/centro-genetica-genomica\/wp-json\/wp\/v2\/pages\/2728\/revisions"}],"predecessor-version":[{"id":2730,"href":"https:\/\/medicina.udd.cl\/centro-genetica-genomica\/wp-json\/wp\/v2\/pages\/2728\/revisions\/2730"}],"wp:attachment":[{"href":"https:\/\/medicina.udd.cl\/centro-genetica-genomica\/wp-json\/wp\/v2\/media?parent=2728"}],"curies":[{"name":"wp","href":"https:\/\/api.w.org\/{rel}","templated":true}]}}