{"id":2757,"date":"2020-09-21T17:40:28","date_gmt":"2020-09-21T20:40:28","guid":{"rendered":"http:\/\/medicina.udd.cl\/centro-genetica-genomica\/?page_id=2757"},"modified":"2020-09-21T17:40:29","modified_gmt":"2020-09-21T20:40:29","slug":"publicaciones-sonia-margarit","status":"publish","type":"page","link":"https:\/\/medicina.udd.cl\/centro-genetica-genomica\/publicaciones-sonia-margarit\/","title":{"rendered":"Publicaciones seleccionadas"},"content":{"rendered":"\n<ul class=\"wp-block-list\"><li>Gonzalez-Hormazabal P, Reyes JM, Blanco R, Bravo T, Carrera I, Peralta O, Gomez F, Waugh E, Margarit S, Iba\u00f1ez G, Santos JL, Jara L.&nbsp;<a href=\"http:\/\/www.ncbi.nlm.nih.gov\/pubmed\/?term=The+BARD1+Cys557Ser+variant+and+risk+of+familial+breast+cancer+in+a+South-American+population\">The BARD1 Cys557Ser variant and risk of familial breast cancer in a South-American population<\/a>. Mol Biol Rep. 2012 Aug;39(8):8091-8.<\/li><li>Margarit S. La Importancia del Consejo Gen\u00e9tico. Revista Academia No 11. Facultad de Medicina Cl\u00ednica Alemana \u2013 Universidad del Desarrollo. Oto\u00f1o 2011, Santiago-Chile.<\/li><li>Gonzalez-Hormazabal P, Gutierrez-Enriquez S, Gaete D, Reyes JM, Peralta O, Waugh E, Gomez F, Margarit S, Bravo T, Blanco R, Diez O, Jara L.<a href=\"http:\/\/www.ncbi.nlm.nih.gov\/pubmed\/?term=Spectrum+of+BRCA1%2F2+point+mutations+and+genomic+rearrangements+in+high-risk+breast%2Fovarian+cancer+Chilean+families\">Spectrum of BRCA1\/2 point mutations and genomic rearrangements in high-risk breast\/ovarian cancer Chilean families<\/a>. Breast Cancer Res Treat. 2010 Sep 22.[Epub ahead of print].<\/li><li>Jara L, Dubois K, Gaete D, de Mayo T, Ratkevicius N, Bravo T, Margarit S, Blanco R, G\u00f3mez F, Waugh E, Peralta O, Reyes JM, Ib\u00e1\u00f1ez G, Gonz\u00e1lez-Hormaz\u00e1bal P.&nbsp;<a href=\"http:\/\/www.ncbi.nlm.nih.gov\/pubmed\/?term=Variants+in+DNA+double-strand+break+repair+genes+and+risk+of+familial+breast+cancer+in+a+South+American+population\">Variants in DNA double-strand break repair genes and risk of familial breast cancer in a South American population<\/a>. Breast Cancer Res Treat. 2010 Aug;122(3):813-22. Epub 2010 Jan 7<\/li><li>Margarit S, C\u00e1ncer Hereditario de Mama. Revista Chilena de Radiolog\u00eda. Octubre 2008. Vol.14 N\u00b0 3, 135-141.<\/li><li>Margarit S, Gen\u00e9tica, Enfermer\u00eda y Consejo Gen\u00e9tico. Revista Academia No 5. Facultad de Medicina Cl\u00ednica Alemana \u2013 Universidad del Desarrollo. Oto\u00f1o 2008, Santiago-Chile.<\/li><\/ul>\n","protected":false},"excerpt":{"rendered":"<p>Gonzalez-Hormazabal P, Reyes JM, Blanco R, Bravo T, Carrera I, Peralta O, Gomez F, Waugh E, Margarit S, Iba\u00f1ez G, Santos JL, Jara L.&nbsp;The BARD1 Cys557Ser variant and risk of familial breast cancer in a South-American population. Mol Biol Rep. 2012 Aug;39(8):8091-8. Margarit S. La Importancia del Consejo Gen\u00e9tico. Revista Academia No 11. Facultad de [&hellip;]<\/p>\n","protected":false},"author":42,"featured_media":0,"parent":0,"menu_order":0,"comment_status":"closed","ping_status":"closed","template":"","meta":{"footnotes":""},"class_list":["post-2757","page","type-page","status-publish","hentry"],"yoast_head":"<!-- This site is optimized with the Yoast SEO plugin v26.9 - https:\/\/yoast.com\/product\/yoast-seo-wordpress\/ -->\n<title>Publicaciones seleccionadas - Centro de Gen\u00e9tica y Gen\u00f3mica<\/title>\n<meta name=\"robots\" content=\"index, follow, max-snippet:-1, max-image-preview:large, max-video-preview:-1\" \/>\n<link rel=\"canonical\" href=\"https:\/\/medicina.udd.cl\/centro-genetica-genomica\/publicaciones-sonia-margarit\/\" \/>\n<meta property=\"og:locale\" content=\"es_ES\" \/>\n<meta property=\"og:type\" content=\"article\" \/>\n<meta property=\"og:title\" content=\"Publicaciones seleccionadas - Centro de Gen\u00e9tica y Gen\u00f3mica\" \/>\n<meta property=\"og:description\" content=\"Gonzalez-Hormazabal P, Reyes JM, Blanco R, Bravo T, Carrera I, Peralta O, Gomez F, Waugh E, Margarit S, Iba\u00f1ez G, Santos JL, Jara L.&nbsp;The BARD1 Cys557Ser variant and risk of familial breast cancer in a South-American population. Mol Biol Rep. 2012 Aug;39(8):8091-8. Margarit S. La Importancia del Consejo Gen\u00e9tico. Revista Academia No 11. Facultad de [&hellip;]\" \/>\n<meta property=\"og:url\" content=\"https:\/\/medicina.udd.cl\/centro-genetica-genomica\/publicaciones-sonia-margarit\/\" \/>\n<meta property=\"og:site_name\" content=\"Centro de Gen\u00e9tica y Gen\u00f3mica\" \/>\n<meta property=\"article:modified_time\" content=\"2020-09-21T20:40:29+00:00\" \/>\n<meta name=\"twitter:label1\" content=\"Tiempo de lectura\" \/>\n\t<meta name=\"twitter:data1\" content=\"1 minuto\" \/>\n<script type=\"application\/ld+json\" class=\"yoast-schema-graph\">{\"@context\":\"https:\/\/schema.org\",\"@graph\":[{\"@type\":\"WebPage\",\"@id\":\"https:\/\/medicina.udd.cl\/centro-genetica-genomica\/publicaciones-sonia-margarit\/\",\"url\":\"https:\/\/medicina.udd.cl\/centro-genetica-genomica\/publicaciones-sonia-margarit\/\",\"name\":\"Publicaciones seleccionadas - Centro de Gen\u00e9tica y Gen\u00f3mica\",\"isPartOf\":{\"@id\":\"https:\/\/medicina.udd.cl\/centro-genetica-genomica\/#website\"},\"datePublished\":\"2020-09-21T20:40:28+00:00\",\"dateModified\":\"2020-09-21T20:40:29+00:00\",\"breadcrumb\":{\"@id\":\"https:\/\/medicina.udd.cl\/centro-genetica-genomica\/publicaciones-sonia-margarit\/#breadcrumb\"},\"inLanguage\":\"es\",\"potentialAction\":[{\"@type\":\"ReadAction\",\"target\":[\"https:\/\/medicina.udd.cl\/centro-genetica-genomica\/publicaciones-sonia-margarit\/\"]}]},{\"@type\":\"BreadcrumbList\",\"@id\":\"https:\/\/medicina.udd.cl\/centro-genetica-genomica\/publicaciones-sonia-margarit\/#breadcrumb\",\"itemListElement\":[{\"@type\":\"ListItem\",\"position\":1,\"name\":\"Inicio\",\"item\":\"https:\/\/medicina.udd.cl\/centro-genetica-genomica\/\"},{\"@type\":\"ListItem\",\"position\":2,\"name\":\"Publicaciones seleccionadas\"}]},{\"@type\":\"WebSite\",\"@id\":\"https:\/\/medicina.udd.cl\/centro-genetica-genomica\/#website\",\"url\":\"https:\/\/medicina.udd.cl\/centro-genetica-genomica\/\",\"name\":\"Centro de Gen\u00e9tica y Gen\u00f3mica\",\"description\":\"\",\"inLanguage\":\"es\"}]}<\/script>\n<!-- \/ Yoast SEO plugin. -->","yoast_head_json":{"title":"Publicaciones seleccionadas - Centro de Gen\u00e9tica y Gen\u00f3mica","robots":{"index":"index","follow":"follow","max-snippet":"max-snippet:-1","max-image-preview":"max-image-preview:large","max-video-preview":"max-video-preview:-1"},"canonical":"https:\/\/medicina.udd.cl\/centro-genetica-genomica\/publicaciones-sonia-margarit\/","og_locale":"es_ES","og_type":"article","og_title":"Publicaciones seleccionadas - Centro de Gen\u00e9tica y Gen\u00f3mica","og_description":"Gonzalez-Hormazabal P, Reyes JM, Blanco R, Bravo T, Carrera I, Peralta O, Gomez F, Waugh E, Margarit S, Iba\u00f1ez G, Santos JL, Jara L.&nbsp;The BARD1 Cys557Ser variant and risk of familial breast cancer in a South-American population. Mol Biol Rep. 2012 Aug;39(8):8091-8. Margarit S. La Importancia del Consejo Gen\u00e9tico. Revista Academia No 11. Facultad de [&hellip;]","og_url":"https:\/\/medicina.udd.cl\/centro-genetica-genomica\/publicaciones-sonia-margarit\/","og_site_name":"Centro de Gen\u00e9tica y Gen\u00f3mica","article_modified_time":"2020-09-21T20:40:29+00:00","twitter_misc":{"Tiempo de lectura":"1 minuto"},"schema":{"@context":"https:\/\/schema.org","@graph":[{"@type":"WebPage","@id":"https:\/\/medicina.udd.cl\/centro-genetica-genomica\/publicaciones-sonia-margarit\/","url":"https:\/\/medicina.udd.cl\/centro-genetica-genomica\/publicaciones-sonia-margarit\/","name":"Publicaciones seleccionadas - Centro de Gen\u00e9tica y Gen\u00f3mica","isPartOf":{"@id":"https:\/\/medicina.udd.cl\/centro-genetica-genomica\/#website"},"datePublished":"2020-09-21T20:40:28+00:00","dateModified":"2020-09-21T20:40:29+00:00","breadcrumb":{"@id":"https:\/\/medicina.udd.cl\/centro-genetica-genomica\/publicaciones-sonia-margarit\/#breadcrumb"},"inLanguage":"es","potentialAction":[{"@type":"ReadAction","target":["https:\/\/medicina.udd.cl\/centro-genetica-genomica\/publicaciones-sonia-margarit\/"]}]},{"@type":"BreadcrumbList","@id":"https:\/\/medicina.udd.cl\/centro-genetica-genomica\/publicaciones-sonia-margarit\/#breadcrumb","itemListElement":[{"@type":"ListItem","position":1,"name":"Inicio","item":"https:\/\/medicina.udd.cl\/centro-genetica-genomica\/"},{"@type":"ListItem","position":2,"name":"Publicaciones seleccionadas"}]},{"@type":"WebSite","@id":"https:\/\/medicina.udd.cl\/centro-genetica-genomica\/#website","url":"https:\/\/medicina.udd.cl\/centro-genetica-genomica\/","name":"Centro de Gen\u00e9tica y Gen\u00f3mica","description":"","inLanguage":"es"}]}},"_links":{"self":[{"href":"https:\/\/medicina.udd.cl\/centro-genetica-genomica\/wp-json\/wp\/v2\/pages\/2757","targetHints":{"allow":["GET"]}}],"collection":[{"href":"https:\/\/medicina.udd.cl\/centro-genetica-genomica\/wp-json\/wp\/v2\/pages"}],"about":[{"href":"https:\/\/medicina.udd.cl\/centro-genetica-genomica\/wp-json\/wp\/v2\/types\/page"}],"author":[{"embeddable":true,"href":"https:\/\/medicina.udd.cl\/centro-genetica-genomica\/wp-json\/wp\/v2\/users\/42"}],"replies":[{"embeddable":true,"href":"https:\/\/medicina.udd.cl\/centro-genetica-genomica\/wp-json\/wp\/v2\/comments?post=2757"}],"version-history":[{"count":2,"href":"https:\/\/medicina.udd.cl\/centro-genetica-genomica\/wp-json\/wp\/v2\/pages\/2757\/revisions"}],"predecessor-version":[{"id":2759,"href":"https:\/\/medicina.udd.cl\/centro-genetica-genomica\/wp-json\/wp\/v2\/pages\/2757\/revisions\/2759"}],"wp:attachment":[{"href":"https:\/\/medicina.udd.cl\/centro-genetica-genomica\/wp-json\/wp\/v2\/media?parent=2757"}],"curies":[{"name":"wp","href":"https:\/\/api.w.org\/{rel}","templated":true}]}}