{"id":340,"date":"2011-03-16T16:30:24","date_gmt":"2011-03-16T19:30:24","guid":{"rendered":"http:\/\/medicina.udd.cl\/centro-genetica-humana\/"},"modified":"2014-07-03T17:12:03","modified_gmt":"2014-07-03T21:12:03","slug":"enlaces-de-interes-general","status":"publish","type":"page","link":"https:\/\/medicina.udd.cl\/centro-genetica-genomica\/pacientes\/enlaces-de-interes-general\/","title":{"rendered":"Enlaces de inter\u00e9s general"},"content":{"rendered":"<h5><strong><a href=\"http:\/\/www.eurogentest.org\/patient\/leaflet\/patients_spanish.xhtml\">Informaci\u00f3n sobre temas de Gen\u00e9tica para pacientes y familiares &#8211; EuroGenTest<\/a><\/strong><\/h5>\n<h5><strong><a href=\"http:\/\/www.genome.gov\/sglossary.cfm\">Glosario de t\u00e9rminos gen\u00e9ticos &#8211; Instituto Nacional de Investigaci\u00f3n del Genoma Humano (NHGRI) de EEUU<\/a><\/strong><\/h5>\n","protected":false},"excerpt":{"rendered":"<p>Informaci\u00f3n relevante en espa\u00f1ol.<\/p>\n","protected":false},"author":1,"featured_media":0,"parent":28,"menu_order":2,"comment_status":"open","ping_status":"open","template":"","meta":{"footnotes":""},"class_list":["post-340","page","type-page","status-publish","hentry"],"yoast_head":"<!-- This site is optimized with the Yoast SEO plugin v26.9 - https:\/\/yoast.com\/product\/yoast-seo-wordpress\/ -->\n<title>Enlaces de Inter\u00e9s - Centro de Gen\u00e9tica y Gen\u00f3mica<\/title>\n<meta name=\"description\" content=\"Revisa los estos enlaces con informaci\u00f3n relevante en espa\u00f1ol.\" \/>\n<meta name=\"robots\" content=\"index, follow, max-snippet:-1, max-image-preview:large, max-video-preview:-1\" \/>\n<link rel=\"canonical\" href=\"https:\/\/medicina.udd.cl\/centro-genetica-genomica\/pacientes\/enlaces-de-interes-general\/\" \/>\n<meta property=\"og:locale\" content=\"es_ES\" \/>\n<meta property=\"og:type\" content=\"article\" \/>\n<meta property=\"og:title\" content=\"Enlaces de Inter\u00e9s - Centro de Gen\u00e9tica y Gen\u00f3mica\" \/>\n<meta property=\"og:description\" content=\"Revisa los estos enlaces con informaci\u00f3n relevante en espa\u00f1ol.\" \/>\n<meta property=\"og:url\" content=\"https:\/\/medicina.udd.cl\/centro-genetica-genomica\/pacientes\/enlaces-de-interes-general\/\" \/>\n<meta property=\"og:site_name\" content=\"Centro de Gen\u00e9tica y Gen\u00f3mica\" \/>\n<meta property=\"article:modified_time\" content=\"2014-07-03T21:12:03+00:00\" \/>\n<script type=\"application\/ld+json\" class=\"yoast-schema-graph\">{\"@context\":\"https:\/\/schema.org\",\"@graph\":[{\"@type\":\"WebPage\",\"@id\":\"https:\/\/medicina.udd.cl\/centro-genetica-genomica\/pacientes\/enlaces-de-interes-general\/\",\"url\":\"https:\/\/medicina.udd.cl\/centro-genetica-genomica\/pacientes\/enlaces-de-interes-general\/\",\"name\":\"Enlaces de Inter\u00e9s - Centro de Gen\u00e9tica y Gen\u00f3mica\",\"isPartOf\":{\"@id\":\"https:\/\/medicina.udd.cl\/centro-genetica-genomica\/#website\"},\"datePublished\":\"2011-03-16T19:30:24+00:00\",\"dateModified\":\"2014-07-03T21:12:03+00:00\",\"description\":\"Revisa los estos enlaces con informaci\u00f3n relevante en espa\u00f1ol.\",\"breadcrumb\":{\"@id\":\"https:\/\/medicina.udd.cl\/centro-genetica-genomica\/pacientes\/enlaces-de-interes-general\/#breadcrumb\"},\"inLanguage\":\"es\",\"potentialAction\":[{\"@type\":\"ReadAction\",\"target\":[\"https:\/\/medicina.udd.cl\/centro-genetica-genomica\/pacientes\/enlaces-de-interes-general\/\"]}]},{\"@type\":\"BreadcrumbList\",\"@id\":\"https:\/\/medicina.udd.cl\/centro-genetica-genomica\/pacientes\/enlaces-de-interes-general\/#breadcrumb\",\"itemListElement\":[{\"@type\":\"ListItem\",\"position\":1,\"name\":\"Inicio\",\"item\":\"https:\/\/medicina.udd.cl\/centro-genetica-genomica\/\"},{\"@type\":\"ListItem\",\"position\":2,\"name\":\"Pacientes\",\"item\":\"https:\/\/medicina.udd.cl\/centro-genetica-genomica\/?page_id=28\"},{\"@type\":\"ListItem\",\"position\":3,\"name\":\"Enlaces de inter\u00e9s general\"}]},{\"@type\":\"WebSite\",\"@id\":\"https:\/\/medicina.udd.cl\/centro-genetica-genomica\/#website\",\"url\":\"https:\/\/medicina.udd.cl\/centro-genetica-genomica\/\",\"name\":\"Centro de Gen\u00e9tica y Gen\u00f3mica\",\"description\":\"\",\"inLanguage\":\"es\"}]}<\/script>\n<!-- \/ Yoast SEO plugin. -->","yoast_head_json":{"title":"Enlaces de Inter\u00e9s - Centro de Gen\u00e9tica y Gen\u00f3mica","description":"Revisa los estos enlaces con informaci\u00f3n relevante en espa\u00f1ol.","robots":{"index":"index","follow":"follow","max-snippet":"max-snippet:-1","max-image-preview":"max-image-preview:large","max-video-preview":"max-video-preview:-1"},"canonical":"https:\/\/medicina.udd.cl\/centro-genetica-genomica\/pacientes\/enlaces-de-interes-general\/","og_locale":"es_ES","og_type":"article","og_title":"Enlaces de Inter\u00e9s - Centro de Gen\u00e9tica y Gen\u00f3mica","og_description":"Revisa los estos enlaces con informaci\u00f3n relevante en espa\u00f1ol.","og_url":"https:\/\/medicina.udd.cl\/centro-genetica-genomica\/pacientes\/enlaces-de-interes-general\/","og_site_name":"Centro de Gen\u00e9tica y Gen\u00f3mica","article_modified_time":"2014-07-03T21:12:03+00:00","schema":{"@context":"https:\/\/schema.org","@graph":[{"@type":"WebPage","@id":"https:\/\/medicina.udd.cl\/centro-genetica-genomica\/pacientes\/enlaces-de-interes-general\/","url":"https:\/\/medicina.udd.cl\/centro-genetica-genomica\/pacientes\/enlaces-de-interes-general\/","name":"Enlaces de Inter\u00e9s - Centro de Gen\u00e9tica y Gen\u00f3mica","isPartOf":{"@id":"https:\/\/medicina.udd.cl\/centro-genetica-genomica\/#website"},"datePublished":"2011-03-16T19:30:24+00:00","dateModified":"2014-07-03T21:12:03+00:00","description":"Revisa los estos enlaces con informaci\u00f3n relevante en espa\u00f1ol.","breadcrumb":{"@id":"https:\/\/medicina.udd.cl\/centro-genetica-genomica\/pacientes\/enlaces-de-interes-general\/#breadcrumb"},"inLanguage":"es","potentialAction":[{"@type":"ReadAction","target":["https:\/\/medicina.udd.cl\/centro-genetica-genomica\/pacientes\/enlaces-de-interes-general\/"]}]},{"@type":"BreadcrumbList","@id":"https:\/\/medicina.udd.cl\/centro-genetica-genomica\/pacientes\/enlaces-de-interes-general\/#breadcrumb","itemListElement":[{"@type":"ListItem","position":1,"name":"Inicio","item":"https:\/\/medicina.udd.cl\/centro-genetica-genomica\/"},{"@type":"ListItem","position":2,"name":"Pacientes","item":"https:\/\/medicina.udd.cl\/centro-genetica-genomica\/?page_id=28"},{"@type":"ListItem","position":3,"name":"Enlaces de inter\u00e9s general"}]},{"@type":"WebSite","@id":"https:\/\/medicina.udd.cl\/centro-genetica-genomica\/#website","url":"https:\/\/medicina.udd.cl\/centro-genetica-genomica\/","name":"Centro de Gen\u00e9tica y Gen\u00f3mica","description":"","inLanguage":"es"}]}},"_links":{"self":[{"href":"https:\/\/medicina.udd.cl\/centro-genetica-genomica\/wp-json\/wp\/v2\/pages\/340","targetHints":{"allow":["GET"]}}],"collection":[{"href":"https:\/\/medicina.udd.cl\/centro-genetica-genomica\/wp-json\/wp\/v2\/pages"}],"about":[{"href":"https:\/\/medicina.udd.cl\/centro-genetica-genomica\/wp-json\/wp\/v2\/types\/page"}],"author":[{"embeddable":true,"href":"https:\/\/medicina.udd.cl\/centro-genetica-genomica\/wp-json\/wp\/v2\/users\/1"}],"replies":[{"embeddable":true,"href":"https:\/\/medicina.udd.cl\/centro-genetica-genomica\/wp-json\/wp\/v2\/comments?post=340"}],"version-history":[{"count":12,"href":"https:\/\/medicina.udd.cl\/centro-genetica-genomica\/wp-json\/wp\/v2\/pages\/340\/revisions"}],"predecessor-version":[{"id":1285,"href":"https:\/\/medicina.udd.cl\/centro-genetica-genomica\/wp-json\/wp\/v2\/pages\/340\/revisions\/1285"}],"up":[{"embeddable":true,"href":"https:\/\/medicina.udd.cl\/centro-genetica-genomica\/wp-json\/wp\/v2\/pages\/28"}],"wp:attachment":[{"href":"https:\/\/medicina.udd.cl\/centro-genetica-genomica\/wp-json\/wp\/v2\/media?parent=340"}],"curies":[{"name":"wp","href":"https:\/\/api.w.org\/{rel}","templated":true}]}}