{"id":447,"date":"2011-10-19T16:03:42","date_gmt":"2011-10-19T19:03:42","guid":{"rendered":"http:\/\/medicina.udd.cl\/centro-genetica-humana\/"},"modified":"2017-08-29T09:10:37","modified_gmt":"2017-08-29T12:10:37","slug":"capacidades","status":"publish","type":"page","link":"https:\/\/medicina.udd.cl\/centro-genetica-genomica\/sobre-el-centro\/capacidades\/","title":{"rendered":"Capacidades"},"content":{"rendered":"<div id=\"gallery-1\" class=\"carousel slide carousel-gallery\" data-ride=\"false\" data-interval=\"false\"><div class=\"carousel-inner\" role=\"listbox\"><figure class=\"carousel-item active\"><img loading=\"lazy\" decoding=\"async\" width=\"801\" height=\"534\" src=\"https:\/\/medicina.udd.cl\/centro-genetica-genomica\/files\/2011\/10\/Laboratorio-Gen\u00e9tica-5.jpg\" class=\"attachment-landscape_952 size-landscape_952\" alt=\"\" srcset=\"https:\/\/medicina.udd.cl\/centro-genetica-genomica\/files\/2011\/10\/Laboratorio-Gen\u00e9tica-5.jpg 5616w, https:\/\/medicina.udd.cl\/centro-genetica-genomica\/files\/2011\/10\/Laboratorio-Gen\u00e9tica-5-300x200.jpg 300w, https:\/\/medicina.udd.cl\/centro-genetica-genomica\/files\/2011\/10\/Laboratorio-Gen\u00e9tica-5-768x512.jpg 768w, https:\/\/medicina.udd.cl\/centro-genetica-genomica\/files\/2011\/10\/Laboratorio-Gen\u00e9tica-5-1024x683.jpg 1024w, https:\/\/medicina.udd.cl\/centro-genetica-genomica\/files\/2011\/10\/Laboratorio-Gen\u00e9tica-5-960x640.jpg 960w\" sizes=\"auto, (max-width: 801px) 100vw, 801px\" \/><\/figure><figure class=\"carousel-item\"><img loading=\"lazy\" decoding=\"async\" width=\"801\" height=\"534\" src=\"https:\/\/medicina.udd.cl\/centro-genetica-genomica\/files\/2011\/10\/Laboratorio-Gen\u00e9tica-6.jpg\" class=\"attachment-landscape_952 size-landscape_952\" alt=\"\" srcset=\"https:\/\/medicina.udd.cl\/centro-genetica-genomica\/files\/2011\/10\/Laboratorio-Gen\u00e9tica-6.jpg 5616w, https:\/\/medicina.udd.cl\/centro-genetica-genomica\/files\/2011\/10\/Laboratorio-Gen\u00e9tica-6-300x200.jpg 300w, https:\/\/medicina.udd.cl\/centro-genetica-genomica\/files\/2011\/10\/Laboratorio-Gen\u00e9tica-6-768x512.jpg 768w, https:\/\/medicina.udd.cl\/centro-genetica-genomica\/files\/2011\/10\/Laboratorio-Gen\u00e9tica-6-1024x683.jpg 1024w, https:\/\/medicina.udd.cl\/centro-genetica-genomica\/files\/2011\/10\/Laboratorio-Gen\u00e9tica-6-960x640.jpg 960w\" sizes=\"auto, (max-width: 801px) 100vw, 801px\" \/><\/figure><figure class=\"carousel-item\"><img loading=\"lazy\" decoding=\"async\" width=\"801\" height=\"534\" src=\"https:\/\/medicina.udd.cl\/centro-genetica-genomica\/files\/2011\/10\/Laboratorio-Gen\u00e9tica-1.jpg\" class=\"attachment-landscape_952 size-landscape_952\" alt=\"\" srcset=\"https:\/\/medicina.udd.cl\/centro-genetica-genomica\/files\/2011\/10\/Laboratorio-Gen\u00e9tica-1.jpg 5616w, https:\/\/medicina.udd.cl\/centro-genetica-genomica\/files\/2011\/10\/Laboratorio-Gen\u00e9tica-1-300x200.jpg 300w, https:\/\/medicina.udd.cl\/centro-genetica-genomica\/files\/2011\/10\/Laboratorio-Gen\u00e9tica-1-768x512.jpg 768w, https:\/\/medicina.udd.cl\/centro-genetica-genomica\/files\/2011\/10\/Laboratorio-Gen\u00e9tica-1-1024x683.jpg 1024w, https:\/\/medicina.udd.cl\/centro-genetica-genomica\/files\/2011\/10\/Laboratorio-Gen\u00e9tica-1-960x640.jpg 960w\" sizes=\"auto, (max-width: 801px) 100vw, 801px\" \/><\/figure><figure class=\"carousel-item\"><img loading=\"lazy\" decoding=\"async\" width=\"801\" height=\"534\" src=\"https:\/\/medicina.udd.cl\/centro-genetica-genomica\/files\/2011\/10\/Laboratorio-Gen\u00e9tica-2.jpg\" class=\"attachment-landscape_952 size-landscape_952\" alt=\"\" srcset=\"https:\/\/medicina.udd.cl\/centro-genetica-genomica\/files\/2011\/10\/Laboratorio-Gen\u00e9tica-2.jpg 5616w, https:\/\/medicina.udd.cl\/centro-genetica-genomica\/files\/2011\/10\/Laboratorio-Gen\u00e9tica-2-300x200.jpg 300w, https:\/\/medicina.udd.cl\/centro-genetica-genomica\/files\/2011\/10\/Laboratorio-Gen\u00e9tica-2-768x512.jpg 768w, https:\/\/medicina.udd.cl\/centro-genetica-genomica\/files\/2011\/10\/Laboratorio-Gen\u00e9tica-2-1024x683.jpg 1024w, https:\/\/medicina.udd.cl\/centro-genetica-genomica\/files\/2011\/10\/Laboratorio-Gen\u00e9tica-2-960x640.jpg 960w\" sizes=\"auto, (max-width: 801px) 100vw, 801px\" \/><\/figure><figure class=\"carousel-item\"><img loading=\"lazy\" decoding=\"async\" width=\"712\" height=\"534\" src=\"https:\/\/medicina.udd.cl\/centro-genetica-genomica\/files\/2011\/10\/Secuenciador-2.jpg\" class=\"attachment-landscape_952 size-landscape_952\" alt=\"\" srcset=\"https:\/\/medicina.udd.cl\/centro-genetica-genomica\/files\/2011\/10\/Secuenciador-2.jpg 2560w, https:\/\/medicina.udd.cl\/centro-genetica-genomica\/files\/2011\/10\/Secuenciador-2-300x225.jpg 300w, https:\/\/medicina.udd.cl\/centro-genetica-genomica\/files\/2011\/10\/Secuenciador-2-768x576.jpg 768w, https:\/\/medicina.udd.cl\/centro-genetica-genomica\/files\/2011\/10\/Secuenciador-2-1024x768.jpg 1024w, https:\/\/medicina.udd.cl\/centro-genetica-genomica\/files\/2011\/10\/Secuenciador-2-960x720.jpg 960w\" sizes=\"auto, (max-width: 712px) 100vw, 712px\" \/><\/figure><figure class=\"carousel-item\"><img loading=\"lazy\" decoding=\"async\" width=\"712\" height=\"534\" src=\"https:\/\/medicina.udd.cl\/centro-genetica-genomica\/files\/2011\/10\/Secuenciador-1.jpg\" class=\"attachment-landscape_952 size-landscape_952\" alt=\"\" srcset=\"https:\/\/medicina.udd.cl\/centro-genetica-genomica\/files\/2011\/10\/Secuenciador-1.jpg 2560w, https:\/\/medicina.udd.cl\/centro-genetica-genomica\/files\/2011\/10\/Secuenciador-1-300x225.jpg 300w, https:\/\/medicina.udd.cl\/centro-genetica-genomica\/files\/2011\/10\/Secuenciador-1-768x576.jpg 768w, https:\/\/medicina.udd.cl\/centro-genetica-genomica\/files\/2011\/10\/Secuenciador-1-1024x768.jpg 1024w, https:\/\/medicina.udd.cl\/centro-genetica-genomica\/files\/2011\/10\/Secuenciador-1-960x720.jpg 960w\" sizes=\"auto, (max-width: 712px) 100vw, 712px\" \/><\/figure><figure class=\"carousel-item\"><img loading=\"lazy\" decoding=\"async\" width=\"801\" height=\"534\" src=\"https:\/\/medicina.udd.cl\/centro-genetica-genomica\/files\/2011\/10\/Laboratorio-Gen\u00e9tica-3.jpg\" class=\"attachment-landscape_952 size-landscape_952\" alt=\"\" srcset=\"https:\/\/medicina.udd.cl\/centro-genetica-genomica\/files\/2011\/10\/Laboratorio-Gen\u00e9tica-3.jpg 5616w, https:\/\/medicina.udd.cl\/centro-genetica-genomica\/files\/2011\/10\/Laboratorio-Gen\u00e9tica-3-300x200.jpg 300w, https:\/\/medicina.udd.cl\/centro-genetica-genomica\/files\/2011\/10\/Laboratorio-Gen\u00e9tica-3-768x512.jpg 768w, https:\/\/medicina.udd.cl\/centro-genetica-genomica\/files\/2011\/10\/Laboratorio-Gen\u00e9tica-3-1024x683.jpg 1024w, https:\/\/medicina.udd.cl\/centro-genetica-genomica\/files\/2011\/10\/Laboratorio-Gen\u00e9tica-3-960x640.jpg 960w\" sizes=\"auto, (max-width: 801px) 100vw, 801px\" \/><\/figure><\/div><footer class=\"carousel-footer\"><div class=\"carousel-counter\"><span class=\"carousel-counter-current\"><\/span> \/ <span class=\"carousel-counter-total\"><\/span><\/div><a class=\"carousel-control-prev\" href=\"#gallery-1\" role=\"button\" data-slide=\"prev\"><svg aria-hidden=\"true\" class=\"svg-chevron-left-dims\"><use xlink:href='https:\/\/medicina.udd.cl\/centro-genetica-genomica\/wp-content\/themes\/facultades-2018\/assets\/img\/svg\/dist\/main.svg?version=1695853099#chevron-left'><\/use><\/svg><span class=\"sr-only\">Anterior<\/span><\/a><a class=\"carousel-control-next\" href=\"#gallery-1\" role=\"button\" data-slide=\"next\"><svg aria-hidden=\"true\" class=\"svg-chevron-right-dims\"><use xlink:href='https:\/\/medicina.udd.cl\/centro-genetica-genomica\/wp-content\/themes\/facultades-2018\/assets\/img\/svg\/dist\/main.svg?version=1695853099#chevron-right'><\/use><\/svg><span class=\"sr-only\">Siguiente<\/span><\/a><\/footer><\/div>\n<h4 style=\"text-align: left;\"><strong>Gen\u00e9tica y Gen\u00f3mica<\/strong><\/h4>\n<p style=\"text-align: justify;\">El Centro de Gen\u00e9tica y Gen\u00f3mica cuenta con dos equipos de electroforesis capilar ABI310 (AppliedBiosystems), un equipo MiSeq (Illumina), un equipo de microarray (Affymetrix) y un equipo de qPCR Stratagene 3005 (Agilent). Con este equipamiento, estamos capacitados para realizar diagn\u00f3stico cl\u00ednico y estudios de investigaci\u00f3n a trav\u00e9s de las siguientes t\u00e9cnicas:<\/p>\n<ul>\n<li style=\"text-align: justify;\">An\u00e1lisis de Fragmentos (PCR fluorescente, TP-PCR, MLPA, SSP)<\/li>\n<li style=\"text-align: justify;\">Secuenciaci\u00f3n de Sanger (fragmentos hasta 800 pb)<\/li>\n<li style=\"text-align: justify;\">Secuenciaci\u00f3n masiva de paneles o genomas peque\u00f1os ( m\u00e1x salida ~10 Gb)<\/li>\n<li style=\"text-align: justify;\">Perfiles de expresi\u00f3n (GeneChip Human Transcriptome Array)<\/li>\n<li style=\"text-align: justify;\">Estudio de asociaci\u00f3n del genoma completo &#8211; GWAS (Genome-Wide Human SNP Array 6.0)<\/li>\n<li style=\"text-align: justify;\">Cariotipo molecular (Array CGH &#8211; CytoScan HD, CytoScan Optima)<\/li>\n<li style=\"text-align: justify;\">Detecci\u00f3n y\/o cuantificaci\u00f3n por qPCR<\/li>\n<\/ul>\n<h4 style=\"text-align: left;\"><strong>Bioinform\u00e1tica<\/strong><\/h4>\n<p><a href=\"http:\/\/medicina.udd.cl\/centro-genetica-genomica\/investigacion\/servicio-de-analisis-bioinformatico-sabio\/\" rel=\"attachment wp-att-1938\"><img loading=\"lazy\" decoding=\"async\" class=\"alignleft wp-image-1938\" src=\"http:\/\/medicina.udd.cl\/centro-genetica-genomica\/files\/2011\/10\/Sabio-UDD.jpg\" alt=\"Sabio UDD\" width=\"200\" height=\"49\" srcset=\"https:\/\/medicina.udd.cl\/centro-genetica-genomica\/files\/2011\/10\/Sabio-UDD.jpg 290w, https:\/\/medicina.udd.cl\/centro-genetica-genomica\/files\/2011\/10\/Sabio-UDD-286x71.jpg 286w, https:\/\/medicina.udd.cl\/centro-genetica-genomica\/files\/2011\/10\/Sabio-UDD-288x71.jpg 288w\" sizes=\"auto, (max-width: 200px) 100vw, 200px\" \/><\/a><\/p>\n<p style=\"text-align: justify;\">El Centro de Gen\u00e9tica y Gen\u00f3mica hospeda al Servicio de An\u00e1lisis Bioinform\u00e1tico de la UDD (SABio &#8211; UDD). Contamos con un servidor tipo torre y una cl\u00faster para computaci\u00f3n de alto rendimiento (FONDEQUIP EQM150093).<\/p>\n<p style=\"text-align: justify;\">Estamos encargados de gestionar el an\u00e1lisis de datos generados en el CGG y otros centros y realizamos protocolos est\u00e1ndares para:<\/p>\n<ul>\n<li>Control de calidad de data gen\u00f3mica<\/li>\n<li>Identificaci\u00f3n de variantes gen\u00e9ticas<\/li>\n<li>Anotaci\u00f3n de patogenicidad de variantes<\/li>\n<li>Determinaci\u00f3n de ancestr\u00eda global y local<\/li>\n<\/ul>\n<p>Y muchos m\u00e1s, dependiendo de las caracter\u00edsticas y preguntas biol\u00f3gicas asociadas.<\/p>\n<h5><strong><a href=\"http:\/\/medicina.udd.cl\/centro-genetica-genomica\/investigacion\/servicio-de-analisis-bioinformatico-sabio\/\">M\u00e1s informaci\u00f3n.<\/a><\/strong><\/h5>\n<h4><strong>Biolog\u00eda Molecular<\/strong><\/h4>\n<ul>\n<li>Cultivo primario y de l\u00edneas celulares<\/li>\n<li>An\u00e1lisis de expresi\u00f3n g\u00e9nica (tiempo real, arrays de expresi\u00f3n) en tumores, l\u00edneas celulares y material fijado y conservado en parafina (FFPE)<\/li>\n<li>An\u00e1lisis de biomarcadores tumorales por inmunohistoqu\u00edmica<\/li>\n<li>Western Blot<\/li>\n<li>Modulaci\u00f3n de expresi\u00f3n g\u00e9nica por RNA de interferencia e inhibidores de metilaci\u00f3n<\/li>\n<li>Clonaci\u00f3n y transfecci\u00f3n de genes de inter\u00e9s<\/li>\n<li>Ensayos de proliferaci\u00f3n y citotoxicidad<\/li>\n<\/ul>\n<p>&nbsp;<\/p>\n","protected":false},"excerpt":{"rendered":"<p>Gen\u00e9tica y Gen\u00f3mica El Centro de Gen\u00e9tica y Gen\u00f3mica cuenta con dos equipos de electroforesis capilar ABI310 (AppliedBiosystems), un equipo MiSeq (Illumina), un equipo de microarray (Affymetrix) y un equipo de qPCR Stratagene 3005 (Agilent). Con este equipamiento, estamos capacitados para realizar diagn\u00f3stico cl\u00ednico y estudios de investigaci\u00f3n a trav\u00e9s de las siguientes t\u00e9cnicas: An\u00e1lisis [&hellip;]<\/p>\n","protected":false},"author":1,"featured_media":0,"parent":7,"menu_order":2,"comment_status":"open","ping_status":"open","template":"","meta":{"footnotes":""},"class_list":["post-447","page","type-page","status-publish","hentry"],"yoast_head":"<!-- This site is optimized with the Yoast SEO plugin v26.9 - https:\/\/yoast.com\/product\/yoast-seo-wordpress\/ -->\n<title>Capacidades - Centro de Gen\u00e9tica y Gen\u00f3mica | UDD<\/title>\n<meta name=\"description\" content=\"Conoce las instalaciones del Centro de Gen\u00e9tica y Gen\u00f3mica de la Facultad de Medicina Cl\u00ednica Alemana Universidad del Desarrollo\" \/>\n<meta name=\"robots\" content=\"index, follow, max-snippet:-1, max-image-preview:large, max-video-preview:-1\" \/>\n<link rel=\"canonical\" href=\"https:\/\/medicina.udd.cl\/centro-genetica-genomica\/sobre-el-centro\/capacidades\/\" \/>\n<meta property=\"og:locale\" content=\"es_ES\" \/>\n<meta property=\"og:type\" content=\"article\" \/>\n<meta property=\"og:title\" content=\"Capacidades - Centro de Gen\u00e9tica y Gen\u00f3mica | UDD\" \/>\n<meta property=\"og:description\" content=\"Conoce las instalaciones del Centro de Gen\u00e9tica y Gen\u00f3mica de la Facultad de Medicina Cl\u00ednica Alemana Universidad del Desarrollo\" \/>\n<meta property=\"og:url\" content=\"https:\/\/medicina.udd.cl\/centro-genetica-genomica\/sobre-el-centro\/capacidades\/\" \/>\n<meta property=\"og:site_name\" content=\"Centro de Gen\u00e9tica y Gen\u00f3mica\" \/>\n<meta property=\"article:modified_time\" content=\"2017-08-29T12:10:37+00:00\" \/>\n<meta property=\"og:image\" content=\"https:\/\/medicina.udd.cl\/centro-genetica-genomica\/files\/2011\/10\/Laboratorio-Gen\u00e9tica-5.jpg\" \/>\n<meta name=\"twitter:label1\" content=\"Tiempo de lectura\" \/>\n\t<meta name=\"twitter:data1\" content=\"2 minutos\" \/>\n<script type=\"application\/ld+json\" class=\"yoast-schema-graph\">{\"@context\":\"https:\/\/schema.org\",\"@graph\":[{\"@type\":\"WebPage\",\"@id\":\"https:\/\/medicina.udd.cl\/centro-genetica-genomica\/sobre-el-centro\/capacidades\/\",\"url\":\"https:\/\/medicina.udd.cl\/centro-genetica-genomica\/sobre-el-centro\/capacidades\/\",\"name\":\"Capacidades - Centro de Gen\u00e9tica y Gen\u00f3mica | UDD\",\"isPartOf\":{\"@id\":\"https:\/\/medicina.udd.cl\/centro-genetica-genomica\/#website\"},\"primaryImageOfPage\":{\"@id\":\"https:\/\/medicina.udd.cl\/centro-genetica-genomica\/sobre-el-centro\/capacidades\/#primaryimage\"},\"image\":{\"@id\":\"https:\/\/medicina.udd.cl\/centro-genetica-genomica\/sobre-el-centro\/capacidades\/#primaryimage\"},\"thumbnailUrl\":\"http:\/\/medicina.udd.cl\/centro-genetica-genomica\/files\/2011\/10\/Sabio-UDD.jpg\",\"datePublished\":\"2011-10-19T19:03:42+00:00\",\"dateModified\":\"2017-08-29T12:10:37+00:00\",\"description\":\"Conoce las instalaciones del Centro de Gen\u00e9tica y Gen\u00f3mica de la Facultad de Medicina Cl\u00ednica Alemana Universidad del Desarrollo\",\"breadcrumb\":{\"@id\":\"https:\/\/medicina.udd.cl\/centro-genetica-genomica\/sobre-el-centro\/capacidades\/#breadcrumb\"},\"inLanguage\":\"es\",\"potentialAction\":[{\"@type\":\"ReadAction\",\"target\":[\"https:\/\/medicina.udd.cl\/centro-genetica-genomica\/sobre-el-centro\/capacidades\/\"]}]},{\"@type\":\"ImageObject\",\"inLanguage\":\"es\",\"@id\":\"https:\/\/medicina.udd.cl\/centro-genetica-genomica\/sobre-el-centro\/capacidades\/#primaryimage\",\"url\":\"http:\/\/medicina.udd.cl\/centro-genetica-genomica\/files\/2011\/10\/Sabio-UDD.jpg\",\"contentUrl\":\"http:\/\/medicina.udd.cl\/centro-genetica-genomica\/files\/2011\/10\/Sabio-UDD.jpg\"},{\"@type\":\"BreadcrumbList\",\"@id\":\"https:\/\/medicina.udd.cl\/centro-genetica-genomica\/sobre-el-centro\/capacidades\/#breadcrumb\",\"itemListElement\":[{\"@type\":\"ListItem\",\"position\":1,\"name\":\"Inicio\",\"item\":\"https:\/\/medicina.udd.cl\/centro-genetica-genomica\/\"},{\"@type\":\"ListItem\",\"position\":2,\"name\":\"Sobre el centro\",\"item\":\"https:\/\/medicina.udd.cl\/centro-genetica-genomica\/sobre-el-centro\/\"},{\"@type\":\"ListItem\",\"position\":3,\"name\":\"Capacidades\"}]},{\"@type\":\"WebSite\",\"@id\":\"https:\/\/medicina.udd.cl\/centro-genetica-genomica\/#website\",\"url\":\"https:\/\/medicina.udd.cl\/centro-genetica-genomica\/\",\"name\":\"Centro de Gen\u00e9tica y Gen\u00f3mica\",\"description\":\"\",\"inLanguage\":\"es\"}]}<\/script>\n<!-- \/ Yoast SEO plugin. -->","yoast_head_json":{"title":"Capacidades - Centro de Gen\u00e9tica y Gen\u00f3mica | UDD","description":"Conoce las instalaciones del Centro de Gen\u00e9tica y Gen\u00f3mica de la Facultad de Medicina Cl\u00ednica Alemana Universidad del Desarrollo","robots":{"index":"index","follow":"follow","max-snippet":"max-snippet:-1","max-image-preview":"max-image-preview:large","max-video-preview":"max-video-preview:-1"},"canonical":"https:\/\/medicina.udd.cl\/centro-genetica-genomica\/sobre-el-centro\/capacidades\/","og_locale":"es_ES","og_type":"article","og_title":"Capacidades - Centro de Gen\u00e9tica y Gen\u00f3mica | UDD","og_description":"Conoce las instalaciones del Centro de Gen\u00e9tica y Gen\u00f3mica de la Facultad de Medicina Cl\u00ednica Alemana Universidad del Desarrollo","og_url":"https:\/\/medicina.udd.cl\/centro-genetica-genomica\/sobre-el-centro\/capacidades\/","og_site_name":"Centro de Gen\u00e9tica y Gen\u00f3mica","article_modified_time":"2017-08-29T12:10:37+00:00","og_image":[{"url":"https:\/\/medicina.udd.cl\/centro-genetica-genomica\/files\/2011\/10\/Laboratorio-Gen\u00e9tica-5.jpg","type":"","width":"","height":""}],"twitter_misc":{"Tiempo de lectura":"2 minutos"},"schema":{"@context":"https:\/\/schema.org","@graph":[{"@type":"WebPage","@id":"https:\/\/medicina.udd.cl\/centro-genetica-genomica\/sobre-el-centro\/capacidades\/","url":"https:\/\/medicina.udd.cl\/centro-genetica-genomica\/sobre-el-centro\/capacidades\/","name":"Capacidades - Centro de Gen\u00e9tica y Gen\u00f3mica | UDD","isPartOf":{"@id":"https:\/\/medicina.udd.cl\/centro-genetica-genomica\/#website"},"primaryImageOfPage":{"@id":"https:\/\/medicina.udd.cl\/centro-genetica-genomica\/sobre-el-centro\/capacidades\/#primaryimage"},"image":{"@id":"https:\/\/medicina.udd.cl\/centro-genetica-genomica\/sobre-el-centro\/capacidades\/#primaryimage"},"thumbnailUrl":"http:\/\/medicina.udd.cl\/centro-genetica-genomica\/files\/2011\/10\/Sabio-UDD.jpg","datePublished":"2011-10-19T19:03:42+00:00","dateModified":"2017-08-29T12:10:37+00:00","description":"Conoce las instalaciones del Centro de Gen\u00e9tica y Gen\u00f3mica de la Facultad de Medicina Cl\u00ednica Alemana Universidad del Desarrollo","breadcrumb":{"@id":"https:\/\/medicina.udd.cl\/centro-genetica-genomica\/sobre-el-centro\/capacidades\/#breadcrumb"},"inLanguage":"es","potentialAction":[{"@type":"ReadAction","target":["https:\/\/medicina.udd.cl\/centro-genetica-genomica\/sobre-el-centro\/capacidades\/"]}]},{"@type":"ImageObject","inLanguage":"es","@id":"https:\/\/medicina.udd.cl\/centro-genetica-genomica\/sobre-el-centro\/capacidades\/#primaryimage","url":"http:\/\/medicina.udd.cl\/centro-genetica-genomica\/files\/2011\/10\/Sabio-UDD.jpg","contentUrl":"http:\/\/medicina.udd.cl\/centro-genetica-genomica\/files\/2011\/10\/Sabio-UDD.jpg"},{"@type":"BreadcrumbList","@id":"https:\/\/medicina.udd.cl\/centro-genetica-genomica\/sobre-el-centro\/capacidades\/#breadcrumb","itemListElement":[{"@type":"ListItem","position":1,"name":"Inicio","item":"https:\/\/medicina.udd.cl\/centro-genetica-genomica\/"},{"@type":"ListItem","position":2,"name":"Sobre el centro","item":"https:\/\/medicina.udd.cl\/centro-genetica-genomica\/sobre-el-centro\/"},{"@type":"ListItem","position":3,"name":"Capacidades"}]},{"@type":"WebSite","@id":"https:\/\/medicina.udd.cl\/centro-genetica-genomica\/#website","url":"https:\/\/medicina.udd.cl\/centro-genetica-genomica\/","name":"Centro de Gen\u00e9tica y Gen\u00f3mica","description":"","inLanguage":"es"}]}},"_links":{"self":[{"href":"https:\/\/medicina.udd.cl\/centro-genetica-genomica\/wp-json\/wp\/v2\/pages\/447","targetHints":{"allow":["GET"]}}],"collection":[{"href":"https:\/\/medicina.udd.cl\/centro-genetica-genomica\/wp-json\/wp\/v2\/pages"}],"about":[{"href":"https:\/\/medicina.udd.cl\/centro-genetica-genomica\/wp-json\/wp\/v2\/types\/page"}],"author":[{"embeddable":true,"href":"https:\/\/medicina.udd.cl\/centro-genetica-genomica\/wp-json\/wp\/v2\/users\/1"}],"replies":[{"embeddable":true,"href":"https:\/\/medicina.udd.cl\/centro-genetica-genomica\/wp-json\/wp\/v2\/comments?post=447"}],"version-history":[{"count":61,"href":"https:\/\/medicina.udd.cl\/centro-genetica-genomica\/wp-json\/wp\/v2\/pages\/447\/revisions"}],"predecessor-version":[{"id":2141,"href":"https:\/\/medicina.udd.cl\/centro-genetica-genomica\/wp-json\/wp\/v2\/pages\/447\/revisions\/2141"}],"up":[{"embeddable":true,"href":"https:\/\/medicina.udd.cl\/centro-genetica-genomica\/wp-json\/wp\/v2\/pages\/7"}],"wp:attachment":[{"href":"https:\/\/medicina.udd.cl\/centro-genetica-genomica\/wp-json\/wp\/v2\/media?parent=447"}],"curies":[{"name":"wp","href":"https:\/\/api.w.org\/{rel}","templated":true}]}}