{"id":7,"date":"2010-04-06T12:12:20","date_gmt":"2010-04-06T16:12:20","guid":{"rendered":"http:\/\/medicina.udd.cl\/centro-genetica-humana\/sobre-el-centro\/"},"modified":"2020-08-27T10:36:41","modified_gmt":"2020-08-27T14:36:41","slug":"sobre-el-centro","status":"publish","type":"page","link":"https:\/\/medicina.udd.cl\/centro-genetica-genomica\/sobre-el-centro\/","title":{"rendered":"Sobre el centro"},"content":{"rendered":"<p style=\"text-align: justify;\">El <strong>Centro de Gen\u00e9tica y Gen\u00f3mica (CGG)<\/strong> est\u00e1 compuesto por un grupo multidisciplinario de profesionales con formaci\u00f3n e inter\u00e9s en distintos \u00e1mbitos de la gen\u00e9tica y su relaci\u00f3n con la medicina.<\/p>\n<p style=\"text-align: justify;\">Los miembros del Centro realizan docencia, investigaci\u00f3n, extensi\u00f3n y servicios cl\u00ednicos, tanto de atenci\u00f3n de pacientes como de laboratorio.<\/p>\n<p style=\"text-align: justify;\"><strong>Docencia<\/strong><\/p>\n<p style=\"text-align: justify;\">Nuestro equipo participa de la formaci\u00f3n de los estudiantes de todas las carreras de pregrado de la Facultad de Medicina. En postgrado, participa en el Doctorado de Ciencias M\u00e9dicas y la beca de especializaci\u00f3n en Pediatr\u00eda.<\/p>\n<p style=\"text-align: justify;\"><strong>Investigaci\u00f3n<\/strong><\/p>\n<p style=\"text-align: justify;\">La investigaci\u00f3n en el CGG est\u00e1 enfocada en los componentes gen\u00e9ticos de enfermedades poco frecuentes. Las enfermedades poco frecuentes son aquellas que afectan a menos de 1 en 2.000 Chilenos. Estas enfermedades son mayoritariamente causadas por trastornos gen\u00e9ticos.<\/p>\n<p style=\"text-align: justify;\"><strong>Servicios cl\u00ednicos<\/strong><br \/>\nProfesionales de la salud miembros de nuestro equipo atienden pacientes en la Cl\u00ednica Alemana y el Hospital Padre Hurtado. Adem\u00e1s ofrecemos servicios de laboratorio y diagn\u00f3stico molecular a trav\u00e9s de nuestro spin-off Biosoluciones.<\/p>\n<p style=\"text-align: justify;\"><strong>Extensi\u00f3n<\/strong><\/p>\n<p style=\"text-align: justify;\">Dirigida a la comunidad tanto de profesionales de la salud como el p\u00fablico general, nuestro equipo imparte cursos, organiza simposios y asesora a organismos gubernamentales en distintos \u00e1mbitos de la gen\u00e9tica.<\/p>\n<p style=\"text-align: left;\"><span style=\"text-align: justify;\">\u00a0<\/span><\/p>\n<p><script type=\"text\/javascript\">\/\/ <![CDATA[\nvar _gaq = _gaq || []; _gaq.push(['_setAccount', 'UA-22297815-1']); _gaq.push(['_trackPageview']); (function() { var ga = document.createElement('script'); ga.type = 'text\/javascript'; ga.async = true; ga.src = ('https:' == document.location.protocol ? 'https:\/\/ssl' : 'http:\/\/www') + '.google-analytics.com\/ga.js'; var s = document.getElementsByTagName('script')[0]; s.parentNode.insertBefore(ga, s); })();<br \/>\n\/\/ ]]><\/script><\/p>\n","protected":false},"excerpt":{"rendered":"<p>El Centro de Gen\u00e9tica y Gen\u00f3mica (CGG) est\u00e1 compuesto por un grupo multidisciplinario de profesionales con formaci\u00f3n e inter\u00e9s en distintos \u00e1mbitos de la gen\u00e9tica y su relaci\u00f3n con la medicina. Los miembros del Centro realizan docencia, investigaci\u00f3n, extensi\u00f3n y servicios cl\u00ednicos, tanto de atenci\u00f3n de pacientes como de laboratorio. Docencia Nuestro equipo participa de [&hellip;]<\/p>\n","protected":false},"author":1,"featured_media":0,"parent":0,"menu_order":40,"comment_status":"open","ping_status":"open","template":"","meta":{"footnotes":""},"class_list":["post-7","page","type-page","status-publish","hentry"],"yoast_head":"<!-- This site is optimized with the Yoast SEO plugin v26.9 - https:\/\/yoast.com\/product\/yoast-seo-wordpress\/ -->\n<title>Sobre el centro - Centro de Gen\u00e9tica y Gen\u00f3mica<\/title>\n<meta name=\"robots\" content=\"index, follow, max-snippet:-1, max-image-preview:large, max-video-preview:-1\" \/>\n<link rel=\"canonical\" href=\"https:\/\/medicina.udd.cl\/centro-genetica-genomica\/sobre-el-centro\/\" \/>\n<meta property=\"og:locale\" content=\"es_ES\" \/>\n<meta property=\"og:type\" content=\"article\" \/>\n<meta property=\"og:title\" content=\"Sobre el centro - Centro de Gen\u00e9tica y Gen\u00f3mica\" \/>\n<meta property=\"og:description\" content=\"El Centro de Gen\u00e9tica y Gen\u00f3mica (CGG) est\u00e1 compuesto por un grupo multidisciplinario de profesionales con formaci\u00f3n e inter\u00e9s en distintos \u00e1mbitos de la gen\u00e9tica y su relaci\u00f3n con la medicina. Los miembros del Centro realizan docencia, investigaci\u00f3n, extensi\u00f3n y servicios cl\u00ednicos, tanto de atenci\u00f3n de pacientes como de laboratorio. Docencia Nuestro equipo participa de [&hellip;]\" \/>\n<meta property=\"og:url\" content=\"https:\/\/medicina.udd.cl\/centro-genetica-genomica\/sobre-el-centro\/\" \/>\n<meta property=\"og:site_name\" content=\"Centro de Gen\u00e9tica y Gen\u00f3mica\" \/>\n<meta property=\"article:modified_time\" content=\"2020-08-27T14:36:41+00:00\" \/>\n<meta name=\"twitter:label1\" content=\"Tiempo de lectura\" \/>\n\t<meta name=\"twitter:data1\" content=\"1 minuto\" \/>\n<script type=\"application\/ld+json\" class=\"yoast-schema-graph\">{\"@context\":\"https:\/\/schema.org\",\"@graph\":[{\"@type\":\"WebPage\",\"@id\":\"https:\/\/medicina.udd.cl\/centro-genetica-genomica\/sobre-el-centro\/\",\"url\":\"https:\/\/medicina.udd.cl\/centro-genetica-genomica\/sobre-el-centro\/\",\"name\":\"Sobre el centro - Centro de Gen\u00e9tica y Gen\u00f3mica\",\"isPartOf\":{\"@id\":\"https:\/\/medicina.udd.cl\/centro-genetica-genomica\/#website\"},\"datePublished\":\"2010-04-06T16:12:20+00:00\",\"dateModified\":\"2020-08-27T14:36:41+00:00\",\"breadcrumb\":{\"@id\":\"https:\/\/medicina.udd.cl\/centro-genetica-genomica\/sobre-el-centro\/#breadcrumb\"},\"inLanguage\":\"es\",\"potentialAction\":[{\"@type\":\"ReadAction\",\"target\":[\"https:\/\/medicina.udd.cl\/centro-genetica-genomica\/sobre-el-centro\/\"]}]},{\"@type\":\"BreadcrumbList\",\"@id\":\"https:\/\/medicina.udd.cl\/centro-genetica-genomica\/sobre-el-centro\/#breadcrumb\",\"itemListElement\":[{\"@type\":\"ListItem\",\"position\":1,\"name\":\"Inicio\",\"item\":\"https:\/\/medicina.udd.cl\/centro-genetica-genomica\/\"},{\"@type\":\"ListItem\",\"position\":2,\"name\":\"Sobre el centro\"}]},{\"@type\":\"WebSite\",\"@id\":\"https:\/\/medicina.udd.cl\/centro-genetica-genomica\/#website\",\"url\":\"https:\/\/medicina.udd.cl\/centro-genetica-genomica\/\",\"name\":\"Centro de Gen\u00e9tica y Gen\u00f3mica\",\"description\":\"\",\"inLanguage\":\"es\"}]}<\/script>\n<!-- \/ Yoast SEO plugin. -->","yoast_head_json":{"title":"Sobre el centro - Centro de Gen\u00e9tica y Gen\u00f3mica","robots":{"index":"index","follow":"follow","max-snippet":"max-snippet:-1","max-image-preview":"max-image-preview:large","max-video-preview":"max-video-preview:-1"},"canonical":"https:\/\/medicina.udd.cl\/centro-genetica-genomica\/sobre-el-centro\/","og_locale":"es_ES","og_type":"article","og_title":"Sobre el centro - Centro de Gen\u00e9tica y Gen\u00f3mica","og_description":"El Centro de Gen\u00e9tica y Gen\u00f3mica (CGG) est\u00e1 compuesto por un grupo multidisciplinario de profesionales con formaci\u00f3n e inter\u00e9s en distintos \u00e1mbitos de la gen\u00e9tica y su relaci\u00f3n con la medicina. Los miembros del Centro realizan docencia, investigaci\u00f3n, extensi\u00f3n y servicios cl\u00ednicos, tanto de atenci\u00f3n de pacientes como de laboratorio. Docencia Nuestro equipo participa de [&hellip;]","og_url":"https:\/\/medicina.udd.cl\/centro-genetica-genomica\/sobre-el-centro\/","og_site_name":"Centro de Gen\u00e9tica y Gen\u00f3mica","article_modified_time":"2020-08-27T14:36:41+00:00","twitter_misc":{"Tiempo de lectura":"1 minuto"},"schema":{"@context":"https:\/\/schema.org","@graph":[{"@type":"WebPage","@id":"https:\/\/medicina.udd.cl\/centro-genetica-genomica\/sobre-el-centro\/","url":"https:\/\/medicina.udd.cl\/centro-genetica-genomica\/sobre-el-centro\/","name":"Sobre el centro - Centro de Gen\u00e9tica y Gen\u00f3mica","isPartOf":{"@id":"https:\/\/medicina.udd.cl\/centro-genetica-genomica\/#website"},"datePublished":"2010-04-06T16:12:20+00:00","dateModified":"2020-08-27T14:36:41+00:00","breadcrumb":{"@id":"https:\/\/medicina.udd.cl\/centro-genetica-genomica\/sobre-el-centro\/#breadcrumb"},"inLanguage":"es","potentialAction":[{"@type":"ReadAction","target":["https:\/\/medicina.udd.cl\/centro-genetica-genomica\/sobre-el-centro\/"]}]},{"@type":"BreadcrumbList","@id":"https:\/\/medicina.udd.cl\/centro-genetica-genomica\/sobre-el-centro\/#breadcrumb","itemListElement":[{"@type":"ListItem","position":1,"name":"Inicio","item":"https:\/\/medicina.udd.cl\/centro-genetica-genomica\/"},{"@type":"ListItem","position":2,"name":"Sobre el centro"}]},{"@type":"WebSite","@id":"https:\/\/medicina.udd.cl\/centro-genetica-genomica\/#website","url":"https:\/\/medicina.udd.cl\/centro-genetica-genomica\/","name":"Centro de Gen\u00e9tica y Gen\u00f3mica","description":"","inLanguage":"es"}]}},"_links":{"self":[{"href":"https:\/\/medicina.udd.cl\/centro-genetica-genomica\/wp-json\/wp\/v2\/pages\/7","targetHints":{"allow":["GET"]}}],"collection":[{"href":"https:\/\/medicina.udd.cl\/centro-genetica-genomica\/wp-json\/wp\/v2\/pages"}],"about":[{"href":"https:\/\/medicina.udd.cl\/centro-genetica-genomica\/wp-json\/wp\/v2\/types\/page"}],"author":[{"embeddable":true,"href":"https:\/\/medicina.udd.cl\/centro-genetica-genomica\/wp-json\/wp\/v2\/users\/1"}],"replies":[{"embeddable":true,"href":"https:\/\/medicina.udd.cl\/centro-genetica-genomica\/wp-json\/wp\/v2\/comments?post=7"}],"version-history":[{"count":31,"href":"https:\/\/medicina.udd.cl\/centro-genetica-genomica\/wp-json\/wp\/v2\/pages\/7\/revisions"}],"predecessor-version":[{"id":2506,"href":"https:\/\/medicina.udd.cl\/centro-genetica-genomica\/wp-json\/wp\/v2\/pages\/7\/revisions\/2506"}],"wp:attachment":[{"href":"https:\/\/medicina.udd.cl\/centro-genetica-genomica\/wp-json\/wp\/v2\/media?parent=7"}],"curies":[{"name":"wp","href":"https:\/\/api.w.org\/{rel}","templated":true}]}}