{"id":1605,"date":"2015-10-08T16:23:55","date_gmt":"2015-10-08T19:23:55","guid":{"rendered":"http:\/\/medicina.udd.cl\/centro-humanidades\/?page_id=1605"},"modified":"2018-03-27T15:10:44","modified_gmt":"2018-03-27T18:10:44","slug":"mision-vision-y-objetivos","status":"publish","type":"page","link":"https:\/\/medicina.udd.cl\/centro-humanidades\/sobre-el-centro\/mision-vision-y-objetivos\/","title":{"rendered":"Misi\u00f3n, visi\u00f3n y objetivos"},"content":{"rendered":"<h4><a href=\"http:\/\/medicina.udd.cl\/centro-humanidades\/files\/2015\/10\/Centro-de-Humanidades.jpg\"><img loading=\"lazy\" decoding=\"async\" class=\"size-medium wp-image-1611 aligncenter\" src=\"http:\/\/medicina.udd.cl\/centro-humanidades\/files\/2015\/10\/Centro-de-Humanidades-300x189.jpg\" alt=\"Centro de Humanidades\" width=\"300\" height=\"189\" \/><\/a><\/h4>\n<h4 style=\"text-align: justify;\"><strong>Misi\u00f3n<\/strong><\/h4>\n<p style=\"text-align: justify;\">El Centro de Humanidades es un espacio destinado al cultivo de un di\u00e1logo interdisciplinario, abierto y permanente, entre el mundo de las humanidades y el mundo de las ciencias de la salud, bus-cando puntos de encuentro en torno a los grandes desaf\u00edos que plantea el ser humano.<\/p>\n<h4 style=\"text-align: justify;\"><strong>Visi\u00f3n<\/strong><\/h4>\n<p style=\"text-align: justify;\">El Centro de Humanidades ser\u00e1 reconocido como un referente innovador en el cultivo de una instancia de reflexi\u00f3n interdisciplinaria y culta que potencie la dimensi\u00f3n humanista en el \u00e1rea de la salud.<\/p>\n<h4 style=\"text-align: justify;\"><strong>Finalidades<\/strong><\/h4>\n<ul>\n<li style=\"text-align: justify;\">Difundir el esp\u00edritu de las humanidades al interior de la Facultad de Medicina y sus campos cl\u00ednicos y en la comunidad.<\/li>\n<li style=\"text-align: justify;\">Fomentar un espacio de pensamiento propio que estimule el di\u00e1logo entre las profesiones de la salud y otras disciplinas del saber.<\/li>\n<\/ul>\n","protected":false},"excerpt":{"rendered":"<p>Revisa la misi\u00f3n y objetivos del Centro de Humanidades.<\/p>\n","protected":false},"author":42,"featured_media":0,"parent":7,"menu_order":0,"comment_status":"open","ping_status":"open","template":"","meta":{"footnotes":""},"class_list":["post-1605","page","type-page","status-publish","hentry"],"yoast_head":"<!-- This site is optimized with the Yoast SEO plugin v26.9 - https:\/\/yoast.com\/product\/yoast-seo-wordpress\/ -->\n<title>Misi\u00f3n, visi\u00f3n y objetivos - Centro de Humanidades<\/title>\n<meta name=\"robots\" content=\"index, follow, max-snippet:-1, max-image-preview:large, max-video-preview:-1\" \/>\n<link rel=\"canonical\" href=\"https:\/\/medicina.udd.cl\/centro-humanidades\/sobre-el-centro\/mision-vision-y-objetivos\/\" \/>\n<meta property=\"og:locale\" content=\"es_ES\" \/>\n<meta property=\"og:type\" content=\"article\" \/>\n<meta property=\"og:title\" content=\"Misi\u00f3n, visi\u00f3n y objetivos - Centro de Humanidades\" \/>\n<meta property=\"og:description\" content=\"Revisa la misi\u00f3n y objetivos del Centro de Humanidades.\" \/>\n<meta property=\"og:url\" content=\"https:\/\/medicina.udd.cl\/centro-humanidades\/sobre-el-centro\/mision-vision-y-objetivos\/\" \/>\n<meta property=\"og:site_name\" content=\"Centro de Humanidades\" \/>\n<meta property=\"article:modified_time\" content=\"2018-03-27T18:10:44+00:00\" \/>\n<meta property=\"og:image\" content=\"http:\/\/medicina.udd.cl\/centro-humanidades\/files\/2015\/10\/Centro-de-Humanidades-300x189.jpg\" \/>\n<meta name=\"twitter:label1\" content=\"Tiempo de lectura\" \/>\n\t<meta name=\"twitter:data1\" content=\"1 minuto\" \/>\n<script type=\"application\/ld+json\" class=\"yoast-schema-graph\">{\"@context\":\"https:\/\/schema.org\",\"@graph\":[{\"@type\":\"WebPage\",\"@id\":\"https:\/\/medicina.udd.cl\/centro-humanidades\/sobre-el-centro\/mision-vision-y-objetivos\/\",\"url\":\"https:\/\/medicina.udd.cl\/centro-humanidades\/sobre-el-centro\/mision-vision-y-objetivos\/\",\"name\":\"Misi\u00f3n, visi\u00f3n y objetivos - Centro de Humanidades\",\"isPartOf\":{\"@id\":\"https:\/\/medicina.udd.cl\/centro-humanidades\/#website\"},\"primaryImageOfPage\":{\"@id\":\"https:\/\/medicina.udd.cl\/centro-humanidades\/sobre-el-centro\/mision-vision-y-objetivos\/#primaryimage\"},\"image\":{\"@id\":\"https:\/\/medicina.udd.cl\/centro-humanidades\/sobre-el-centro\/mision-vision-y-objetivos\/#primaryimage\"},\"thumbnailUrl\":\"http:\/\/medicina.udd.cl\/centro-humanidades\/files\/2015\/10\/Centro-de-Humanidades-300x189.jpg\",\"datePublished\":\"2015-10-08T19:23:55+00:00\",\"dateModified\":\"2018-03-27T18:10:44+00:00\",\"breadcrumb\":{\"@id\":\"https:\/\/medicina.udd.cl\/centro-humanidades\/sobre-el-centro\/mision-vision-y-objetivos\/#breadcrumb\"},\"inLanguage\":\"es\",\"potentialAction\":[{\"@type\":\"ReadAction\",\"target\":[\"https:\/\/medicina.udd.cl\/centro-humanidades\/sobre-el-centro\/mision-vision-y-objetivos\/\"]}]},{\"@type\":\"ImageObject\",\"inLanguage\":\"es\",\"@id\":\"https:\/\/medicina.udd.cl\/centro-humanidades\/sobre-el-centro\/mision-vision-y-objetivos\/#primaryimage\",\"url\":\"http:\/\/medicina.udd.cl\/centro-humanidades\/files\/2015\/10\/Centro-de-Humanidades-300x189.jpg\",\"contentUrl\":\"http:\/\/medicina.udd.cl\/centro-humanidades\/files\/2015\/10\/Centro-de-Humanidades-300x189.jpg\"},{\"@type\":\"BreadcrumbList\",\"@id\":\"https:\/\/medicina.udd.cl\/centro-humanidades\/sobre-el-centro\/mision-vision-y-objetivos\/#breadcrumb\",\"itemListElement\":[{\"@type\":\"ListItem\",\"position\":1,\"name\":\"Home\",\"item\":\"https:\/\/medicina.udd.cl\/centro-humanidades\/\"},{\"@type\":\"ListItem\",\"position\":2,\"name\":\"Sobre el centro\",\"item\":\"https:\/\/medicina.udd.cl\/centro-humanidades\/sobre-el-centro\/\"},{\"@type\":\"ListItem\",\"position\":3,\"name\":\"Misi\u00f3n, visi\u00f3n y objetivos\"}]},{\"@type\":\"WebSite\",\"@id\":\"https:\/\/medicina.udd.cl\/centro-humanidades\/#website\",\"url\":\"https:\/\/medicina.udd.cl\/centro-humanidades\/\",\"name\":\"Centro de Humanidades\",\"description\":\"Otro sitio m\u00e1s de Medicina\",\"potentialAction\":[{\"@type\":\"SearchAction\",\"target\":{\"@type\":\"EntryPoint\",\"urlTemplate\":\"https:\/\/medicina.udd.cl\/centro-humanidades\/?s={search_term_string}\"},\"query-input\":{\"@type\":\"PropertyValueSpecification\",\"valueRequired\":true,\"valueName\":\"search_term_string\"}}],\"inLanguage\":\"es\"}]}<\/script>\n<!-- \/ Yoast SEO plugin. -->","yoast_head_json":{"title":"Misi\u00f3n, visi\u00f3n y objetivos - Centro de Humanidades","robots":{"index":"index","follow":"follow","max-snippet":"max-snippet:-1","max-image-preview":"max-image-preview:large","max-video-preview":"max-video-preview:-1"},"canonical":"https:\/\/medicina.udd.cl\/centro-humanidades\/sobre-el-centro\/mision-vision-y-objetivos\/","og_locale":"es_ES","og_type":"article","og_title":"Misi\u00f3n, visi\u00f3n y objetivos - Centro de Humanidades","og_description":"Revisa la misi\u00f3n y objetivos del Centro de Humanidades.","og_url":"https:\/\/medicina.udd.cl\/centro-humanidades\/sobre-el-centro\/mision-vision-y-objetivos\/","og_site_name":"Centro de Humanidades","article_modified_time":"2018-03-27T18:10:44+00:00","og_image":[{"url":"http:\/\/medicina.udd.cl\/centro-humanidades\/files\/2015\/10\/Centro-de-Humanidades-300x189.jpg","type":"","width":"","height":""}],"twitter_misc":{"Tiempo de lectura":"1 minuto"},"schema":{"@context":"https:\/\/schema.org","@graph":[{"@type":"WebPage","@id":"https:\/\/medicina.udd.cl\/centro-humanidades\/sobre-el-centro\/mision-vision-y-objetivos\/","url":"https:\/\/medicina.udd.cl\/centro-humanidades\/sobre-el-centro\/mision-vision-y-objetivos\/","name":"Misi\u00f3n, visi\u00f3n y objetivos - Centro de Humanidades","isPartOf":{"@id":"https:\/\/medicina.udd.cl\/centro-humanidades\/#website"},"primaryImageOfPage":{"@id":"https:\/\/medicina.udd.cl\/centro-humanidades\/sobre-el-centro\/mision-vision-y-objetivos\/#primaryimage"},"image":{"@id":"https:\/\/medicina.udd.cl\/centro-humanidades\/sobre-el-centro\/mision-vision-y-objetivos\/#primaryimage"},"thumbnailUrl":"http:\/\/medicina.udd.cl\/centro-humanidades\/files\/2015\/10\/Centro-de-Humanidades-300x189.jpg","datePublished":"2015-10-08T19:23:55+00:00","dateModified":"2018-03-27T18:10:44+00:00","breadcrumb":{"@id":"https:\/\/medicina.udd.cl\/centro-humanidades\/sobre-el-centro\/mision-vision-y-objetivos\/#breadcrumb"},"inLanguage":"es","potentialAction":[{"@type":"ReadAction","target":["https:\/\/medicina.udd.cl\/centro-humanidades\/sobre-el-centro\/mision-vision-y-objetivos\/"]}]},{"@type":"ImageObject","inLanguage":"es","@id":"https:\/\/medicina.udd.cl\/centro-humanidades\/sobre-el-centro\/mision-vision-y-objetivos\/#primaryimage","url":"http:\/\/medicina.udd.cl\/centro-humanidades\/files\/2015\/10\/Centro-de-Humanidades-300x189.jpg","contentUrl":"http:\/\/medicina.udd.cl\/centro-humanidades\/files\/2015\/10\/Centro-de-Humanidades-300x189.jpg"},{"@type":"BreadcrumbList","@id":"https:\/\/medicina.udd.cl\/centro-humanidades\/sobre-el-centro\/mision-vision-y-objetivos\/#breadcrumb","itemListElement":[{"@type":"ListItem","position":1,"name":"Home","item":"https:\/\/medicina.udd.cl\/centro-humanidades\/"},{"@type":"ListItem","position":2,"name":"Sobre el centro","item":"https:\/\/medicina.udd.cl\/centro-humanidades\/sobre-el-centro\/"},{"@type":"ListItem","position":3,"name":"Misi\u00f3n, visi\u00f3n y objetivos"}]},{"@type":"WebSite","@id":"https:\/\/medicina.udd.cl\/centro-humanidades\/#website","url":"https:\/\/medicina.udd.cl\/centro-humanidades\/","name":"Centro de Humanidades","description":"Otro sitio m\u00e1s de Medicina","potentialAction":[{"@type":"SearchAction","target":{"@type":"EntryPoint","urlTemplate":"https:\/\/medicina.udd.cl\/centro-humanidades\/?s={search_term_string}"},"query-input":{"@type":"PropertyValueSpecification","valueRequired":true,"valueName":"search_term_string"}}],"inLanguage":"es"}]}},"_links":{"self":[{"href":"https:\/\/medicina.udd.cl\/centro-humanidades\/wp-json\/wp\/v2\/pages\/1605","targetHints":{"allow":["GET"]}}],"collection":[{"href":"https:\/\/medicina.udd.cl\/centro-humanidades\/wp-json\/wp\/v2\/pages"}],"about":[{"href":"https:\/\/medicina.udd.cl\/centro-humanidades\/wp-json\/wp\/v2\/types\/page"}],"author":[{"embeddable":true,"href":"https:\/\/medicina.udd.cl\/centro-humanidades\/wp-json\/wp\/v2\/users\/42"}],"replies":[{"embeddable":true,"href":"https:\/\/medicina.udd.cl\/centro-humanidades\/wp-json\/wp\/v2\/comments?post=1605"}],"version-history":[{"count":9,"href":"https:\/\/medicina.udd.cl\/centro-humanidades\/wp-json\/wp\/v2\/pages\/1605\/revisions"}],"predecessor-version":[{"id":2731,"href":"https:\/\/medicina.udd.cl\/centro-humanidades\/wp-json\/wp\/v2\/pages\/1605\/revisions\/2731"}],"up":[{"embeddable":true,"href":"https:\/\/medicina.udd.cl\/centro-humanidades\/wp-json\/wp\/v2\/pages\/7"}],"wp:attachment":[{"href":"https:\/\/medicina.udd.cl\/centro-humanidades\/wp-json\/wp\/v2\/media?parent=1605"}],"curies":[{"name":"wp","href":"https:\/\/api.w.org\/{rel}","templated":true}]}}