{"id":1678,"date":"2016-01-07T15:16:10","date_gmt":"2016-01-07T18:16:10","guid":{"rendered":"http:\/\/medicina.udd.cl\/centro-humanidades\/?page_id=1678"},"modified":"2016-07-06T16:53:25","modified_gmt":"2016-07-06T20:53:25","slug":"vi-concurso-artistico-y-literario","status":"publish","type":"page","link":"https:\/\/medicina.udd.cl\/centro-humanidades\/proyectos\/vi-concurso-artistico-y-literario\/","title":{"rendered":"VI Concurso Art\u00edstico y Literario"},"content":{"rendered":"<p><a href=\"http:\/\/medicina.udd.cl\/centro-humanidades\/files\/2016\/01\/VI-Concurso-Artistico-y-Literario.jpg\" rel=\"attachment wp-att-1681\"><img loading=\"lazy\" decoding=\"async\" class=\"size-medium wp-image-1681 alignright\" src=\"http:\/\/medicina.udd.cl\/centro-humanidades\/files\/2016\/01\/VI-Concurso-Artistico-y-Literario-189x300.jpg\" alt=\"VI Concurso Artistico y Literario\" width=\"189\" height=\"300\" \/><\/a>Los ganadores de esta nueva versi\u00f3n del Concurso Art\u00edstico y Literario son:<\/p>\n<p><strong>Poes\u00eda:<\/strong><\/p>\n<p>1\u00ba lugar \u00a0Mar\u00eda Cristina Araya. Cuarto a\u00f1o de Tecnolog\u00eda M\u00e9dica\u00a0\u00abX\u00bb<\/p>\n<p>2\u00ba lugar \u00a0Juan Alfonso Dur\u00e1n. Tercer a\u00f1o de Medicina.\u00a0Sin t\u00edtulo<\/p>\n<p>3\u00ba lugar Francisca M\u00e9ndez, Tercer a\u00f1o de Odontolog\u00eda \u00abNoche estrellada y vac\u00eda\u201d.<\/p>\n<p><strong>Cuento:<\/strong><\/p>\n<p>1\u00ba lugar. Andreas Kullak, docente de la Cl\u00ednica Alemana, \u00abEl V\u00f3rtice\u00bb<\/p>\n<p>2\u00ba lugar. Diego Hidalgo, estudiante de Medicina 3\u00b0 a\u00f1o, \u00a0\u00abLa casa del torre\u00f3n\u00bb<\/p>\n<p>3\u00ba lugar. Rosario Moya. Enfermer\u00eda \u00abLa plaza Don Juan\u00bb<\/p>\n<p>Menci\u00f3n honrosa: Juan Carlos Glasinovic \u00abCuesti\u00f3n de Piel\u201d<\/p>\n<p><strong>Pintura o Dibujo:<\/strong><\/p>\n<p>1\u00ba lugar. Sergio Majlis. Docente Cl\u00ednica Alemana.: \u201cEl puente azul\u201d<\/p>\n<p>2\u00ba lugar. \u00a0Emily Holger, estudiante de Medicina de 4\u00b0 a\u00f1o. \u201cPursuit of nothing\u201d<\/p>\n<p>3\u00ba lugar.\u00a0 Daniela Schneider, Daniela Schneider, estudiante del Doctorado de Ciencias M\u00e9dicas. \u201cDulce encuentro\u201d<\/p>\n<p><strong>Fotograf\u00eda<\/strong><\/p>\n<p>1\u00ba lugar. Luis Alberto Vargas. 5\u00ba a\u00f1o Medicina. \u201cEl loco\u201d<\/p>\n<p>2\u00ba lugar. Thomas Akel. 5\u00ba a\u00f1o Medicina. \u201cMarea Baja\u201d<\/p>\n<p>3\u00aa lugar. Equipo Estudios Sociales en Salud: \u201cHabitando la exclusi\u00f3n. Los colores del campamento La Chimba, Antofagasta\u201d<\/p>\n","protected":false},"excerpt":{"rendered":"<p>Los ganadores de esta nueva versi\u00f3n del Concurso Art\u00edstico y Literario son: Poes\u00eda: 1\u00ba lugar \u00a0Mar\u00eda Cristina Araya. Cuarto a\u00f1o de Tecnolog\u00eda M\u00e9dica\u00a0\u00abX\u00bb 2\u00ba lugar \u00a0Juan Alfonso Dur\u00e1n. Tercer a\u00f1o de Medicina.\u00a0Sin t\u00edtulo 3\u00ba lugar Francisca M\u00e9ndez, Tercer a\u00f1o de Odontolog\u00eda \u00abNoche estrellada y vac\u00eda\u201d. Cuento: 1\u00ba lugar. Andreas Kullak, docente de la Cl\u00ednica Alemana, [&hellip;]<\/p>\n","protected":false},"author":42,"featured_media":0,"parent":3,"menu_order":0,"comment_status":"open","ping_status":"open","template":"template-wide-content.php","meta":{"footnotes":""},"class_list":["post-1678","page","type-page","status-publish","hentry"],"yoast_head":"<!-- This site is optimized with the Yoast SEO plugin v26.9 - https:\/\/yoast.com\/product\/yoast-seo-wordpress\/ -->\n<title>VI Concurso Art\u00edstico y Literario - Centro de Humanidades<\/title>\n<meta name=\"robots\" content=\"index, follow, max-snippet:-1, max-image-preview:large, max-video-preview:-1\" \/>\n<link rel=\"canonical\" href=\"https:\/\/medicina.udd.cl\/centro-humanidades\/proyectos\/vi-concurso-artistico-y-literario\/\" \/>\n<meta property=\"og:locale\" content=\"es_ES\" \/>\n<meta property=\"og:type\" content=\"article\" \/>\n<meta property=\"og:title\" content=\"VI Concurso Art\u00edstico y Literario - Centro de Humanidades\" \/>\n<meta property=\"og:description\" content=\"Los ganadores de esta nueva versi\u00f3n del Concurso Art\u00edstico y Literario son: Poes\u00eda: 1\u00ba lugar \u00a0Mar\u00eda Cristina Araya. Cuarto a\u00f1o de Tecnolog\u00eda M\u00e9dica\u00a0\u00abX\u00bb 2\u00ba lugar \u00a0Juan Alfonso Dur\u00e1n. Tercer a\u00f1o de Medicina.\u00a0Sin t\u00edtulo 3\u00ba lugar Francisca M\u00e9ndez, Tercer a\u00f1o de Odontolog\u00eda \u00abNoche estrellada y vac\u00eda\u201d. Cuento: 1\u00ba lugar. Andreas Kullak, docente de la Cl\u00ednica Alemana, [&hellip;]\" \/>\n<meta property=\"og:url\" content=\"https:\/\/medicina.udd.cl\/centro-humanidades\/proyectos\/vi-concurso-artistico-y-literario\/\" \/>\n<meta property=\"og:site_name\" content=\"Centro de Humanidades\" \/>\n<meta property=\"article:modified_time\" content=\"2016-07-06T20:53:25+00:00\" \/>\n<meta property=\"og:image\" content=\"http:\/\/medicina.udd.cl\/centro-humanidades\/files\/2016\/01\/VI-Concurso-Artistico-y-Literario-189x300.jpg\" \/>\n<meta name=\"twitter:label1\" content=\"Tiempo de lectura\" \/>\n\t<meta name=\"twitter:data1\" content=\"1 minuto\" \/>\n<script type=\"application\/ld+json\" class=\"yoast-schema-graph\">{\"@context\":\"https:\/\/schema.org\",\"@graph\":[{\"@type\":\"WebPage\",\"@id\":\"https:\/\/medicina.udd.cl\/centro-humanidades\/proyectos\/vi-concurso-artistico-y-literario\/\",\"url\":\"https:\/\/medicina.udd.cl\/centro-humanidades\/proyectos\/vi-concurso-artistico-y-literario\/\",\"name\":\"VI Concurso Art\u00edstico y Literario - Centro de Humanidades\",\"isPartOf\":{\"@id\":\"https:\/\/medicina.udd.cl\/centro-humanidades\/#website\"},\"primaryImageOfPage\":{\"@id\":\"https:\/\/medicina.udd.cl\/centro-humanidades\/proyectos\/vi-concurso-artistico-y-literario\/#primaryimage\"},\"image\":{\"@id\":\"https:\/\/medicina.udd.cl\/centro-humanidades\/proyectos\/vi-concurso-artistico-y-literario\/#primaryimage\"},\"thumbnailUrl\":\"http:\/\/medicina.udd.cl\/centro-humanidades\/files\/2016\/01\/VI-Concurso-Artistico-y-Literario-189x300.jpg\",\"datePublished\":\"2016-01-07T18:16:10+00:00\",\"dateModified\":\"2016-07-06T20:53:25+00:00\",\"breadcrumb\":{\"@id\":\"https:\/\/medicina.udd.cl\/centro-humanidades\/proyectos\/vi-concurso-artistico-y-literario\/#breadcrumb\"},\"inLanguage\":\"es\",\"potentialAction\":[{\"@type\":\"ReadAction\",\"target\":[\"https:\/\/medicina.udd.cl\/centro-humanidades\/proyectos\/vi-concurso-artistico-y-literario\/\"]}]},{\"@type\":\"ImageObject\",\"inLanguage\":\"es\",\"@id\":\"https:\/\/medicina.udd.cl\/centro-humanidades\/proyectos\/vi-concurso-artistico-y-literario\/#primaryimage\",\"url\":\"http:\/\/medicina.udd.cl\/centro-humanidades\/files\/2016\/01\/VI-Concurso-Artistico-y-Literario-189x300.jpg\",\"contentUrl\":\"http:\/\/medicina.udd.cl\/centro-humanidades\/files\/2016\/01\/VI-Concurso-Artistico-y-Literario-189x300.jpg\"},{\"@type\":\"BreadcrumbList\",\"@id\":\"https:\/\/medicina.udd.cl\/centro-humanidades\/proyectos\/vi-concurso-artistico-y-literario\/#breadcrumb\",\"itemListElement\":[{\"@type\":\"ListItem\",\"position\":1,\"name\":\"Home\",\"item\":\"https:\/\/medicina.udd.cl\/centro-humanidades\/\"},{\"@type\":\"ListItem\",\"position\":2,\"name\":\"Concurso Art\u00edstico y Literario\",\"item\":\"https:\/\/medicina.udd.cl\/centro-humanidades\/proyectos\/\"},{\"@type\":\"ListItem\",\"position\":3,\"name\":\"VI Concurso Art\u00edstico y Literario\"}]},{\"@type\":\"WebSite\",\"@id\":\"https:\/\/medicina.udd.cl\/centro-humanidades\/#website\",\"url\":\"https:\/\/medicina.udd.cl\/centro-humanidades\/\",\"name\":\"Centro de Humanidades\",\"description\":\"Otro sitio m\u00e1s de Medicina\",\"potentialAction\":[{\"@type\":\"SearchAction\",\"target\":{\"@type\":\"EntryPoint\",\"urlTemplate\":\"https:\/\/medicina.udd.cl\/centro-humanidades\/?s={search_term_string}\"},\"query-input\":{\"@type\":\"PropertyValueSpecification\",\"valueRequired\":true,\"valueName\":\"search_term_string\"}}],\"inLanguage\":\"es\"}]}<\/script>\n<!-- \/ Yoast SEO plugin. -->","yoast_head_json":{"title":"VI Concurso Art\u00edstico y Literario - Centro de Humanidades","robots":{"index":"index","follow":"follow","max-snippet":"max-snippet:-1","max-image-preview":"max-image-preview:large","max-video-preview":"max-video-preview:-1"},"canonical":"https:\/\/medicina.udd.cl\/centro-humanidades\/proyectos\/vi-concurso-artistico-y-literario\/","og_locale":"es_ES","og_type":"article","og_title":"VI Concurso Art\u00edstico y Literario - Centro de Humanidades","og_description":"Los ganadores de esta nueva versi\u00f3n del Concurso Art\u00edstico y Literario son: Poes\u00eda: 1\u00ba lugar \u00a0Mar\u00eda Cristina Araya. Cuarto a\u00f1o de Tecnolog\u00eda M\u00e9dica\u00a0\u00abX\u00bb 2\u00ba lugar \u00a0Juan Alfonso Dur\u00e1n. Tercer a\u00f1o de Medicina.\u00a0Sin t\u00edtulo 3\u00ba lugar Francisca M\u00e9ndez, Tercer a\u00f1o de Odontolog\u00eda \u00abNoche estrellada y vac\u00eda\u201d. Cuento: 1\u00ba lugar. Andreas Kullak, docente de la Cl\u00ednica Alemana, [&hellip;]","og_url":"https:\/\/medicina.udd.cl\/centro-humanidades\/proyectos\/vi-concurso-artistico-y-literario\/","og_site_name":"Centro de Humanidades","article_modified_time":"2016-07-06T20:53:25+00:00","og_image":[{"url":"http:\/\/medicina.udd.cl\/centro-humanidades\/files\/2016\/01\/VI-Concurso-Artistico-y-Literario-189x300.jpg","type":"","width":"","height":""}],"twitter_misc":{"Tiempo de lectura":"1 minuto"},"schema":{"@context":"https:\/\/schema.org","@graph":[{"@type":"WebPage","@id":"https:\/\/medicina.udd.cl\/centro-humanidades\/proyectos\/vi-concurso-artistico-y-literario\/","url":"https:\/\/medicina.udd.cl\/centro-humanidades\/proyectos\/vi-concurso-artistico-y-literario\/","name":"VI Concurso Art\u00edstico y Literario - Centro de Humanidades","isPartOf":{"@id":"https:\/\/medicina.udd.cl\/centro-humanidades\/#website"},"primaryImageOfPage":{"@id":"https:\/\/medicina.udd.cl\/centro-humanidades\/proyectos\/vi-concurso-artistico-y-literario\/#primaryimage"},"image":{"@id":"https:\/\/medicina.udd.cl\/centro-humanidades\/proyectos\/vi-concurso-artistico-y-literario\/#primaryimage"},"thumbnailUrl":"http:\/\/medicina.udd.cl\/centro-humanidades\/files\/2016\/01\/VI-Concurso-Artistico-y-Literario-189x300.jpg","datePublished":"2016-01-07T18:16:10+00:00","dateModified":"2016-07-06T20:53:25+00:00","breadcrumb":{"@id":"https:\/\/medicina.udd.cl\/centro-humanidades\/proyectos\/vi-concurso-artistico-y-literario\/#breadcrumb"},"inLanguage":"es","potentialAction":[{"@type":"ReadAction","target":["https:\/\/medicina.udd.cl\/centro-humanidades\/proyectos\/vi-concurso-artistico-y-literario\/"]}]},{"@type":"ImageObject","inLanguage":"es","@id":"https:\/\/medicina.udd.cl\/centro-humanidades\/proyectos\/vi-concurso-artistico-y-literario\/#primaryimage","url":"http:\/\/medicina.udd.cl\/centro-humanidades\/files\/2016\/01\/VI-Concurso-Artistico-y-Literario-189x300.jpg","contentUrl":"http:\/\/medicina.udd.cl\/centro-humanidades\/files\/2016\/01\/VI-Concurso-Artistico-y-Literario-189x300.jpg"},{"@type":"BreadcrumbList","@id":"https:\/\/medicina.udd.cl\/centro-humanidades\/proyectos\/vi-concurso-artistico-y-literario\/#breadcrumb","itemListElement":[{"@type":"ListItem","position":1,"name":"Home","item":"https:\/\/medicina.udd.cl\/centro-humanidades\/"},{"@type":"ListItem","position":2,"name":"Concurso Art\u00edstico y Literario","item":"https:\/\/medicina.udd.cl\/centro-humanidades\/proyectos\/"},{"@type":"ListItem","position":3,"name":"VI Concurso Art\u00edstico y Literario"}]},{"@type":"WebSite","@id":"https:\/\/medicina.udd.cl\/centro-humanidades\/#website","url":"https:\/\/medicina.udd.cl\/centro-humanidades\/","name":"Centro de Humanidades","description":"Otro sitio m\u00e1s de Medicina","potentialAction":[{"@type":"SearchAction","target":{"@type":"EntryPoint","urlTemplate":"https:\/\/medicina.udd.cl\/centro-humanidades\/?s={search_term_string}"},"query-input":{"@type":"PropertyValueSpecification","valueRequired":true,"valueName":"search_term_string"}}],"inLanguage":"es"}]}},"_links":{"self":[{"href":"https:\/\/medicina.udd.cl\/centro-humanidades\/wp-json\/wp\/v2\/pages\/1678","targetHints":{"allow":["GET"]}}],"collection":[{"href":"https:\/\/medicina.udd.cl\/centro-humanidades\/wp-json\/wp\/v2\/pages"}],"about":[{"href":"https:\/\/medicina.udd.cl\/centro-humanidades\/wp-json\/wp\/v2\/types\/page"}],"author":[{"embeddable":true,"href":"https:\/\/medicina.udd.cl\/centro-humanidades\/wp-json\/wp\/v2\/users\/42"}],"replies":[{"embeddable":true,"href":"https:\/\/medicina.udd.cl\/centro-humanidades\/wp-json\/wp\/v2\/comments?post=1678"}],"version-history":[{"count":13,"href":"https:\/\/medicina.udd.cl\/centro-humanidades\/wp-json\/wp\/v2\/pages\/1678\/revisions"}],"predecessor-version":[{"id":2058,"href":"https:\/\/medicina.udd.cl\/centro-humanidades\/wp-json\/wp\/v2\/pages\/1678\/revisions\/2058"}],"up":[{"embeddable":true,"href":"https:\/\/medicina.udd.cl\/centro-humanidades\/wp-json\/wp\/v2\/pages\/3"}],"wp:attachment":[{"href":"https:\/\/medicina.udd.cl\/centro-humanidades\/wp-json\/wp\/v2\/media?parent=1678"}],"curies":[{"name":"wp","href":"https:\/\/api.w.org\/{rel}","templated":true}]}}