{"id":1714,"date":"2016-03-04T16:46:32","date_gmt":"2016-03-04T19:46:32","guid":{"rendered":"http:\/\/medicina.udd.cl\/centro-humanidades\/?page_id=1714"},"modified":"2019-03-19T15:21:51","modified_gmt":"2019-03-19T18:21:51","slug":"extension-comunidad-udd-y-campos-clinicos-2","status":"publish","type":"page","link":"https:\/\/medicina.udd.cl\/centro-humanidades\/eventos-y-actividades\/extension-comunidad-udd-y-campos-clinicos-2\/","title":{"rendered":"Extensi\u00f3n comunidad UDD y campos Cl\u00ednicos"},"content":{"rendered":"<p><a href=\"\/\/medicina.udd.cl\/centro-humanidades\/files\/2019\/03\/Afiche_coloquiosUDD_47x32cm2019-1.pdf\"><img loading=\"lazy\" decoding=\"async\" class=\"aligncenter wp-image-2906 size-medium\" src=\"\/\/medicina.udd.cl\/centro-humanidades\/files\/2019\/03\/coloquios-fb-300x300.jpg\" alt=\"\" width=\"300\" height=\"300\" srcset=\"https:\/\/medicina.udd.cl\/centro-humanidades\/files\/2019\/03\/coloquios-fb-300x300.jpg 300w, https:\/\/medicina.udd.cl\/centro-humanidades\/files\/2019\/03\/coloquios-fb-150x150.jpg 150w, https:\/\/medicina.udd.cl\/centro-humanidades\/files\/2019\/03\/coloquios-fb-768x768.jpg 768w, https:\/\/medicina.udd.cl\/centro-humanidades\/files\/2019\/03\/coloquios-fb-62x62.jpg 62w, https:\/\/medicina.udd.cl\/centro-humanidades\/files\/2019\/03\/coloquios-fb-126x126.jpg 126w, https:\/\/medicina.udd.cl\/centro-humanidades\/files\/2019\/03\/coloquios-fb.jpg 800w\" sizes=\"auto, (max-width: 300px) 100vw, 300px\" \/><\/a><\/p>\n<p><strong>Coloquios de Humanidades<\/strong><\/p>\n<p style=\"text-align: justify\">Una vez al mes, en el Hospital Padre Hurtado, poetas, m\u00fasicos, escritores, o fil\u00f3sofos dan una charla o concierto relacionado a su especialidad durante una reuni\u00f3n cl\u00ednica. Esta actividad est\u00e1 dirigida los profesionales del hospital.<\/p>\n<p style=\"text-align: justify\"><strong><a href=\"http:\/\/medicina.udd.cl\/centro-humanidades\/files\/2012\/08\/sonata-en-re-foto.jpg\" rel=\"attachment wp-att-598\"><img loading=\"lazy\" decoding=\"async\" class=\"alignright wp-image-598\" src=\"http:\/\/medicina.udd.cl\/centro-humanidades\/files\/2012\/08\/sonata-en-re-foto-198x300.jpg\" alt=\"sonata en re foto\" width=\"115\" height=\"174\" srcset=\"https:\/\/medicina.udd.cl\/centro-humanidades\/files\/2012\/08\/sonata-en-re-foto-198x300.jpg 198w, https:\/\/medicina.udd.cl\/centro-humanidades\/files\/2012\/08\/sonata-en-re-foto.jpg 409w\" sizes=\"auto, (max-width: 115px) 100vw, 115px\" \/><\/a><\/strong><\/p>\n<p style=\"text-align: justify\"><strong>Sonata en Re<\/strong><\/p>\n<p style=\"text-align: justify\">Nace como actividad despu\u00e9s del terremoto de 2010 y se realiza hasta 2015, cumpliendo con su finalidad de levantar el \u00e1nimo luego de ese desastre natural, ayudando a \u201cre- construir el esp\u00edritu\u201d de la comunidad penquista. Consist\u00eda en una conversaci\u00f3n entre Pedro Gandolfo, Armando Roa, Carla Benaglio y Pablo Vial con un invitado, en torno a t\u00f3picos de relevancia nacional.<\/p>\n<p style=\"text-align: left\"><strong>Concurso literario y art\u00edstico\u00a0<\/strong><\/p>\n<p style=\"text-align: left\">Destinado a toda la comunidad de la Facultad de Medicina, fue creado en 2011 y busca impulsar a las personas con sensibilidad art\u00edstica a presentar alg\u00fan cuento, poema, pintura o fotograf\u00eda.<\/p>\n<p style=\"text-align: justify\"><a href=\"\/\/medicina.udd.cl\/centro-humanidades\/files\/2019\/03\/concurso-fb.jpg\"><img loading=\"lazy\" decoding=\"async\" class=\"wp-image-2910 aligncenter\" src=\"\/\/medicina.udd.cl\/centro-humanidades\/files\/2019\/03\/concurso-fb-300x300.jpg\" alt=\"\" width=\"160\" height=\"160\" srcset=\"https:\/\/medicina.udd.cl\/centro-humanidades\/files\/2019\/03\/concurso-fb-300x300.jpg 300w, https:\/\/medicina.udd.cl\/centro-humanidades\/files\/2019\/03\/concurso-fb-150x150.jpg 150w, https:\/\/medicina.udd.cl\/centro-humanidades\/files\/2019\/03\/concurso-fb-768x768.jpg 768w, https:\/\/medicina.udd.cl\/centro-humanidades\/files\/2019\/03\/concurso-fb-62x62.jpg 62w, https:\/\/medicina.udd.cl\/centro-humanidades\/files\/2019\/03\/concurso-fb-126x126.jpg 126w, https:\/\/medicina.udd.cl\/centro-humanidades\/files\/2019\/03\/concurso-fb.jpg 800w\" sizes=\"auto, (max-width: 160px) 100vw, 160px\" \/><\/a><\/p>\n<p><strong>Actividades culturales con los estudiantes y la comunidad universitaria<\/strong><\/p>\n<p style=\"text-align: left\">Apertura y cierre del a\u00f1o acad\u00e9mico del Centro de Humanidades, en el anfiteatro de la Facultad, donde se invita a un personaje experto en payas, magia, m\u00fasica, que interact\u00fae con los docentes y estudiantes.<\/p>\n<p style=\"text-align: justify\"><strong>Ciclo\u00a0de Arte y Salud<\/strong><\/p>\n<p style=\"text-align: justify\"><a href=\"http:\/\/medicina.udd.cl\/centro-humanidades\/files\/2015\/10\/Arte-y-salud.jpg\" rel=\"attachment wp-att-1564\"><img loading=\"lazy\" decoding=\"async\" class=\"alignleft wp-image-1564\" src=\"http:\/\/medicina.udd.cl\/centro-humanidades\/files\/2015\/10\/Arte-y-salud-191x300.jpg\" alt=\"Arte y salud\" width=\"123\" height=\"192\" \/><\/a>Fue creado en 2013 desde un trabajo \u00ednter facultades (Facultad de Arquitectura y ArtCOO junto a la Facultad de Medicina), para potenciar el v\u00ednculo de la UDD con la comunidad a trav\u00e9s de estas entidades, fortalecer y visibilizar el Mag\u00edster de Arte Terapia que imparte ArtCOO y crear instancias de discusi\u00f3n en torno a temas de relevancia nacional, donde se encuentran las disciplinas art\u00edsticas con las cient\u00edficas. Este a\u00f1o se abordaron dos tem\u00e1ticas: la patolog\u00eda mental y el arte, a trav\u00e9s de la muestra de la artista japonesa Yayoi Kusama; el segundo tema est\u00e1 relacionado con la contingencia nacional de los numerosos desastres naturales que ha sufrido Chile en \u00faltimo tiempo, e invita a una reflexi\u00f3n sobre nuestra creatividad y capacidad de levantarnos despu\u00e9s de un desastre natural.<\/p>\n<p style=\"text-align: justify\"><strong><a href=\"http:\/\/medicina.udd.cl\/centro-humanidades\/files\/2015\/04\/Afiches-charlas-human\u00edsticas.jpg\" rel=\"attachment wp-att-1434\"><img loading=\"lazy\" decoding=\"async\" class=\"alignright wp-image-1434\" src=\"http:\/\/medicina.udd.cl\/centro-humanidades\/files\/2015\/04\/Afiches-charlas-human\u00edsticas-300x295.jpg\" alt=\"Afiches charlas human\u00edsticas\" width=\"231\" height=\"227\" srcset=\"https:\/\/medicina.udd.cl\/centro-humanidades\/files\/2015\/04\/Afiches-charlas-human\u00edsticas-300x295.jpg 300w, https:\/\/medicina.udd.cl\/centro-humanidades\/files\/2015\/04\/Afiches-charlas-human\u00edsticas-768x756.jpg 768w, https:\/\/medicina.udd.cl\/centro-humanidades\/files\/2015\/04\/Afiches-charlas-human\u00edsticas-1024x1008.jpg 1024w, https:\/\/medicina.udd.cl\/centro-humanidades\/files\/2015\/04\/Afiches-charlas-human\u00edsticas-62x62.jpg 62w, https:\/\/medicina.udd.cl\/centro-humanidades\/files\/2015\/04\/Afiches-charlas-human\u00edsticas-960x945.jpg 960w\" sizes=\"auto, (max-width: 231px) 100vw, 231px\" \/><\/a>Charlas Human\u00edsticas\u00a0<\/strong><\/p>\n<p style=\"text-align: justify\">Es un ciclo de charlas que se realiza para toda la comunidad universitaria en Las Condes, San Carlos de Apoquindo y Cl\u00ednica UDD, a cargo de poetas, literatos y fil\u00f3sofos. A partir de 2015 se plante\u00f3 un tema como hilo conductor: \u201cLa persona y la ciudad\u201d.<\/p>\n<p style=\"text-align: justify\"><strong><a href=\"http:\/\/medicina.udd.cl\/centro-humanidades\/eventos-y-actividades\/charlas-humanisticas-2015\/\">Ver las charlas del 2015<\/a><\/strong><\/p>\n<p style=\"text-align: justify\"><strong>Sonata en Do<\/strong><\/p>\n<p style=\"text-align: justify\"><a href=\"http:\/\/medicina.udd.cl\/centro-humanidades\/files\/2010\/07\/Sonata-en-DO-2014.jpg\" rel=\"attachment wp-att-1588\"><img loading=\"lazy\" decoding=\"async\" class=\"alignleft wp-image-1588\" src=\"http:\/\/medicina.udd.cl\/centro-humanidades\/files\/2010\/07\/Sonata-en-DO-2014-300x194.jpg\" alt=\"Afiche en do 2014\" width=\"225\" height=\"146\" srcset=\"https:\/\/medicina.udd.cl\/centro-humanidades\/files\/2010\/07\/Sonata-en-DO-2014-300x194.jpg 300w, https:\/\/medicina.udd.cl\/centro-humanidades\/files\/2010\/07\/Sonata-en-DO-2014-768x498.jpg 768w, https:\/\/medicina.udd.cl\/centro-humanidades\/files\/2010\/07\/Sonata-en-DO-2014-1024x664.jpg 1024w, https:\/\/medicina.udd.cl\/centro-humanidades\/files\/2010\/07\/Sonata-en-DO-2014-660x430.jpg 660w, https:\/\/medicina.udd.cl\/centro-humanidades\/files\/2010\/07\/Sonata-en-DO-2014-125x80.jpg 125w, https:\/\/medicina.udd.cl\/centro-humanidades\/files\/2010\/07\/Sonata-en-DO-2014-340x220.jpg 340w, https:\/\/medicina.udd.cl\/centro-humanidades\/files\/2010\/07\/Sonata-en-DO-2014-960x622.jpg 960w\" sizes=\"auto, (max-width: 225px) 100vw, 225px\" \/><\/a>Actividades musicales, donde se invita a grupos j\u00f3venes o int\u00e9rpretes de alg\u00fan instrumento a los diferentes campus (Hospital Padre Hurtado, Las Condes, San Carlos de Apoquindo y Cl\u00ednica UDD).<\/p>\n<p>&nbsp;<\/p>\n","protected":false},"excerpt":{"rendered":"<p>Coloquios de Humanidades Una vez al mes, en el Hospital Padre Hurtado, poetas, m\u00fasicos, escritores, o fil\u00f3sofos dan una charla o concierto relacionado a su especialidad durante una reuni\u00f3n cl\u00ednica. Esta actividad est\u00e1 dirigida los profesionales del hospital. Sonata en Re Nace como actividad despu\u00e9s del terremoto de 2010 y se realiza hasta 2015, cumpliendo [&hellip;]<\/p>\n","protected":false},"author":42,"featured_media":0,"parent":5,"menu_order":0,"comment_status":"closed","ping_status":"closed","template":"","meta":{"footnotes":""},"class_list":["post-1714","page","type-page","status-publish","hentry"],"yoast_head":"<!-- This site is optimized with the Yoast SEO plugin v26.9 - https:\/\/yoast.com\/product\/yoast-seo-wordpress\/ -->\n<title>Extensi\u00f3n comunidad UDD y campos Cl\u00ednicos - Centro de Humanidades<\/title>\n<meta name=\"robots\" content=\"index, follow, max-snippet:-1, max-image-preview:large, max-video-preview:-1\" \/>\n<link rel=\"canonical\" href=\"https:\/\/medicina.udd.cl\/centro-humanidades\/eventos-y-actividades\/extension-comunidad-udd-y-campos-clinicos-2\/\" \/>\n<meta property=\"og:locale\" content=\"es_ES\" \/>\n<meta property=\"og:type\" content=\"article\" \/>\n<meta property=\"og:title\" content=\"Extensi\u00f3n comunidad UDD y campos Cl\u00ednicos - Centro de Humanidades\" \/>\n<meta property=\"og:description\" content=\"Coloquios de Humanidades Una vez al mes, en el Hospital Padre Hurtado, poetas, m\u00fasicos, escritores, o fil\u00f3sofos dan una charla o concierto relacionado a su especialidad durante una reuni\u00f3n cl\u00ednica. Esta actividad est\u00e1 dirigida los profesionales del hospital. Sonata en Re Nace como actividad despu\u00e9s del terremoto de 2010 y se realiza hasta 2015, cumpliendo [&hellip;]\" \/>\n<meta property=\"og:url\" content=\"https:\/\/medicina.udd.cl\/centro-humanidades\/eventos-y-actividades\/extension-comunidad-udd-y-campos-clinicos-2\/\" \/>\n<meta property=\"og:site_name\" content=\"Centro de Humanidades\" \/>\n<meta property=\"article:modified_time\" content=\"2019-03-19T18:21:51+00:00\" \/>\n<meta property=\"og:image\" content=\"http:\/\/medicina.udd.cl\/centro-humanidades\/files\/2012\/08\/sonata-en-re-foto-198x300.jpg\" \/>\n<meta name=\"twitter:label1\" content=\"Tiempo de lectura\" \/>\n\t<meta name=\"twitter:data1\" content=\"2 minutos\" \/>\n<script type=\"application\/ld+json\" class=\"yoast-schema-graph\">{\"@context\":\"https:\/\/schema.org\",\"@graph\":[{\"@type\":\"WebPage\",\"@id\":\"https:\/\/medicina.udd.cl\/centro-humanidades\/eventos-y-actividades\/extension-comunidad-udd-y-campos-clinicos-2\/\",\"url\":\"https:\/\/medicina.udd.cl\/centro-humanidades\/eventos-y-actividades\/extension-comunidad-udd-y-campos-clinicos-2\/\",\"name\":\"Extensi\u00f3n comunidad UDD y campos Cl\u00ednicos - Centro de Humanidades\",\"isPartOf\":{\"@id\":\"https:\/\/medicina.udd.cl\/centro-humanidades\/#website\"},\"primaryImageOfPage\":{\"@id\":\"https:\/\/medicina.udd.cl\/centro-humanidades\/eventos-y-actividades\/extension-comunidad-udd-y-campos-clinicos-2\/#primaryimage\"},\"image\":{\"@id\":\"https:\/\/medicina.udd.cl\/centro-humanidades\/eventos-y-actividades\/extension-comunidad-udd-y-campos-clinicos-2\/#primaryimage\"},\"thumbnailUrl\":\"http:\/\/medicina.udd.cl\/centro-humanidades\/files\/2012\/08\/sonata-en-re-foto-198x300.jpg\",\"datePublished\":\"2016-03-04T19:46:32+00:00\",\"dateModified\":\"2019-03-19T18:21:51+00:00\",\"breadcrumb\":{\"@id\":\"https:\/\/medicina.udd.cl\/centro-humanidades\/eventos-y-actividades\/extension-comunidad-udd-y-campos-clinicos-2\/#breadcrumb\"},\"inLanguage\":\"es\",\"potentialAction\":[{\"@type\":\"ReadAction\",\"target\":[\"https:\/\/medicina.udd.cl\/centro-humanidades\/eventos-y-actividades\/extension-comunidad-udd-y-campos-clinicos-2\/\"]}]},{\"@type\":\"ImageObject\",\"inLanguage\":\"es\",\"@id\":\"https:\/\/medicina.udd.cl\/centro-humanidades\/eventos-y-actividades\/extension-comunidad-udd-y-campos-clinicos-2\/#primaryimage\",\"url\":\"http:\/\/medicina.udd.cl\/centro-humanidades\/files\/2012\/08\/sonata-en-re-foto-198x300.jpg\",\"contentUrl\":\"http:\/\/medicina.udd.cl\/centro-humanidades\/files\/2012\/08\/sonata-en-re-foto-198x300.jpg\"},{\"@type\":\"BreadcrumbList\",\"@id\":\"https:\/\/medicina.udd.cl\/centro-humanidades\/eventos-y-actividades\/extension-comunidad-udd-y-campos-clinicos-2\/#breadcrumb\",\"itemListElement\":[{\"@type\":\"ListItem\",\"position\":1,\"name\":\"Home\",\"item\":\"https:\/\/medicina.udd.cl\/centro-humanidades\/\"},{\"@type\":\"ListItem\",\"position\":2,\"name\":\"Actividades\",\"item\":\"https:\/\/medicina.udd.cl\/centro-humanidades\/eventos-y-actividades\/\"},{\"@type\":\"ListItem\",\"position\":3,\"name\":\"Extensi\u00f3n comunidad UDD y campos Cl\u00ednicos\"}]},{\"@type\":\"WebSite\",\"@id\":\"https:\/\/medicina.udd.cl\/centro-humanidades\/#website\",\"url\":\"https:\/\/medicina.udd.cl\/centro-humanidades\/\",\"name\":\"Centro de Humanidades\",\"description\":\"Otro sitio m\u00e1s de Medicina\",\"potentialAction\":[{\"@type\":\"SearchAction\",\"target\":{\"@type\":\"EntryPoint\",\"urlTemplate\":\"https:\/\/medicina.udd.cl\/centro-humanidades\/?s={search_term_string}\"},\"query-input\":{\"@type\":\"PropertyValueSpecification\",\"valueRequired\":true,\"valueName\":\"search_term_string\"}}],\"inLanguage\":\"es\"}]}<\/script>\n<!-- \/ Yoast SEO plugin. -->","yoast_head_json":{"title":"Extensi\u00f3n comunidad UDD y campos Cl\u00ednicos - Centro de Humanidades","robots":{"index":"index","follow":"follow","max-snippet":"max-snippet:-1","max-image-preview":"max-image-preview:large","max-video-preview":"max-video-preview:-1"},"canonical":"https:\/\/medicina.udd.cl\/centro-humanidades\/eventos-y-actividades\/extension-comunidad-udd-y-campos-clinicos-2\/","og_locale":"es_ES","og_type":"article","og_title":"Extensi\u00f3n comunidad UDD y campos Cl\u00ednicos - Centro de Humanidades","og_description":"Coloquios de Humanidades Una vez al mes, en el Hospital Padre Hurtado, poetas, m\u00fasicos, escritores, o fil\u00f3sofos dan una charla o concierto relacionado a su especialidad durante una reuni\u00f3n cl\u00ednica. Esta actividad est\u00e1 dirigida los profesionales del hospital. Sonata en Re Nace como actividad despu\u00e9s del terremoto de 2010 y se realiza hasta 2015, cumpliendo [&hellip;]","og_url":"https:\/\/medicina.udd.cl\/centro-humanidades\/eventos-y-actividades\/extension-comunidad-udd-y-campos-clinicos-2\/","og_site_name":"Centro de Humanidades","article_modified_time":"2019-03-19T18:21:51+00:00","og_image":[{"url":"http:\/\/medicina.udd.cl\/centro-humanidades\/files\/2012\/08\/sonata-en-re-foto-198x300.jpg","type":"","width":"","height":""}],"twitter_misc":{"Tiempo de lectura":"2 minutos"},"schema":{"@context":"https:\/\/schema.org","@graph":[{"@type":"WebPage","@id":"https:\/\/medicina.udd.cl\/centro-humanidades\/eventos-y-actividades\/extension-comunidad-udd-y-campos-clinicos-2\/","url":"https:\/\/medicina.udd.cl\/centro-humanidades\/eventos-y-actividades\/extension-comunidad-udd-y-campos-clinicos-2\/","name":"Extensi\u00f3n comunidad UDD y campos Cl\u00ednicos - Centro de Humanidades","isPartOf":{"@id":"https:\/\/medicina.udd.cl\/centro-humanidades\/#website"},"primaryImageOfPage":{"@id":"https:\/\/medicina.udd.cl\/centro-humanidades\/eventos-y-actividades\/extension-comunidad-udd-y-campos-clinicos-2\/#primaryimage"},"image":{"@id":"https:\/\/medicina.udd.cl\/centro-humanidades\/eventos-y-actividades\/extension-comunidad-udd-y-campos-clinicos-2\/#primaryimage"},"thumbnailUrl":"http:\/\/medicina.udd.cl\/centro-humanidades\/files\/2012\/08\/sonata-en-re-foto-198x300.jpg","datePublished":"2016-03-04T19:46:32+00:00","dateModified":"2019-03-19T18:21:51+00:00","breadcrumb":{"@id":"https:\/\/medicina.udd.cl\/centro-humanidades\/eventos-y-actividades\/extension-comunidad-udd-y-campos-clinicos-2\/#breadcrumb"},"inLanguage":"es","potentialAction":[{"@type":"ReadAction","target":["https:\/\/medicina.udd.cl\/centro-humanidades\/eventos-y-actividades\/extension-comunidad-udd-y-campos-clinicos-2\/"]}]},{"@type":"ImageObject","inLanguage":"es","@id":"https:\/\/medicina.udd.cl\/centro-humanidades\/eventos-y-actividades\/extension-comunidad-udd-y-campos-clinicos-2\/#primaryimage","url":"http:\/\/medicina.udd.cl\/centro-humanidades\/files\/2012\/08\/sonata-en-re-foto-198x300.jpg","contentUrl":"http:\/\/medicina.udd.cl\/centro-humanidades\/files\/2012\/08\/sonata-en-re-foto-198x300.jpg"},{"@type":"BreadcrumbList","@id":"https:\/\/medicina.udd.cl\/centro-humanidades\/eventos-y-actividades\/extension-comunidad-udd-y-campos-clinicos-2\/#breadcrumb","itemListElement":[{"@type":"ListItem","position":1,"name":"Home","item":"https:\/\/medicina.udd.cl\/centro-humanidades\/"},{"@type":"ListItem","position":2,"name":"Actividades","item":"https:\/\/medicina.udd.cl\/centro-humanidades\/eventos-y-actividades\/"},{"@type":"ListItem","position":3,"name":"Extensi\u00f3n comunidad UDD y campos Cl\u00ednicos"}]},{"@type":"WebSite","@id":"https:\/\/medicina.udd.cl\/centro-humanidades\/#website","url":"https:\/\/medicina.udd.cl\/centro-humanidades\/","name":"Centro de Humanidades","description":"Otro sitio m\u00e1s de Medicina","potentialAction":[{"@type":"SearchAction","target":{"@type":"EntryPoint","urlTemplate":"https:\/\/medicina.udd.cl\/centro-humanidades\/?s={search_term_string}"},"query-input":{"@type":"PropertyValueSpecification","valueRequired":true,"valueName":"search_term_string"}}],"inLanguage":"es"}]}},"_links":{"self":[{"href":"https:\/\/medicina.udd.cl\/centro-humanidades\/wp-json\/wp\/v2\/pages\/1714","targetHints":{"allow":["GET"]}}],"collection":[{"href":"https:\/\/medicina.udd.cl\/centro-humanidades\/wp-json\/wp\/v2\/pages"}],"about":[{"href":"https:\/\/medicina.udd.cl\/centro-humanidades\/wp-json\/wp\/v2\/types\/page"}],"author":[{"embeddable":true,"href":"https:\/\/medicina.udd.cl\/centro-humanidades\/wp-json\/wp\/v2\/users\/42"}],"replies":[{"embeddable":true,"href":"https:\/\/medicina.udd.cl\/centro-humanidades\/wp-json\/wp\/v2\/comments?post=1714"}],"version-history":[{"count":46,"href":"https:\/\/medicina.udd.cl\/centro-humanidades\/wp-json\/wp\/v2\/pages\/1714\/revisions"}],"predecessor-version":[{"id":2948,"href":"https:\/\/medicina.udd.cl\/centro-humanidades\/wp-json\/wp\/v2\/pages\/1714\/revisions\/2948"}],"up":[{"embeddable":true,"href":"https:\/\/medicina.udd.cl\/centro-humanidades\/wp-json\/wp\/v2\/pages\/5"}],"wp:attachment":[{"href":"https:\/\/medicina.udd.cl\/centro-humanidades\/wp-json\/wp\/v2\/media?parent=1714"}],"curies":[{"name":"wp","href":"https:\/\/api.w.org\/{rel}","templated":true}]}}