{"id":1752,"date":"2016-03-07T09:14:08","date_gmt":"2016-03-07T12:14:08","guid":{"rendered":"http:\/\/medicina.udd.cl\/centro-humanidades\/?page_id=1752"},"modified":"2019-03-28T09:03:39","modified_gmt":"2019-03-28T12:03:39","slug":"extension-comunidad-externa","status":"publish","type":"page","link":"https:\/\/medicina.udd.cl\/centro-humanidades\/eventos-y-actividades\/extension-comunidad-externa\/","title":{"rendered":"Extensi\u00f3n comunidad externa"},"content":{"rendered":"<p><strong>Cofrad\u00eda de los Lectores<\/strong><\/p>\n<p>Dirigida actualmente por el escritor Cristi\u00e1n Barros, quien todos los mi\u00e9rcoles cada 15 d\u00edas se re\u00fane con lectores aficionados, para conversar sobre alg\u00fan texto literario o situaci\u00f3n del acontecer cultural de inter\u00e9s, con la \u00fanica condici\u00f3n de llevar un libro de regalo en la primera sesi\u00f3n.<\/p>\n<p style=\"text-align: justify\">\u00a0<a href=\"\/\/medicina.udd.cl\/centro-humanidades\/files\/2019\/03\/4011_Universidad-del-Desarrollo_Afiches5-arrastrado-3.pdf\"><img loading=\"lazy\" decoding=\"async\" class=\"aligncenter wp-image-2957 size-medium\" src=\"\/\/medicina.udd.cl\/centro-humanidades\/files\/2019\/03\/Captura-203x300.png\" alt=\"\" width=\"203\" height=\"300\" srcset=\"https:\/\/medicina.udd.cl\/centro-humanidades\/files\/2019\/03\/Captura-203x300.png 203w, https:\/\/medicina.udd.cl\/centro-humanidades\/files\/2019\/03\/Captura.png 462w\" sizes=\"auto, (max-width: 203px) 100vw, 203px\" \/><\/a><\/p>\n","protected":false},"excerpt":{"rendered":"<p>Cofrad\u00eda de los Lectores Dirigida actualmente por el escritor Cristi\u00e1n Barros, quien todos los mi\u00e9rcoles cada 15 d\u00edas se re\u00fane con lectores aficionados, para conversar sobre alg\u00fan texto literario o situaci\u00f3n del acontecer cultural de inter\u00e9s, con la \u00fanica condici\u00f3n de llevar un libro de regalo en la primera sesi\u00f3n. \u00a0<\/p>\n","protected":false},"author":42,"featured_media":0,"parent":5,"menu_order":0,"comment_status":"closed","ping_status":"closed","template":"","meta":{"footnotes":""},"class_list":["post-1752","page","type-page","status-publish","hentry"],"yoast_head":"<!-- This site is optimized with the Yoast SEO plugin v26.9 - https:\/\/yoast.com\/product\/yoast-seo-wordpress\/ -->\n<title>Extensi\u00f3n comunidad externa - Centro de Humanidades<\/title>\n<meta name=\"robots\" content=\"index, follow, max-snippet:-1, max-image-preview:large, max-video-preview:-1\" \/>\n<link rel=\"canonical\" href=\"https:\/\/medicina.udd.cl\/centro-humanidades\/eventos-y-actividades\/extension-comunidad-externa\/\" \/>\n<meta property=\"og:locale\" content=\"es_ES\" \/>\n<meta property=\"og:type\" content=\"article\" \/>\n<meta property=\"og:title\" content=\"Extensi\u00f3n comunidad externa - Centro de Humanidades\" \/>\n<meta property=\"og:description\" content=\"Cofrad\u00eda de los Lectores Dirigida actualmente por el escritor Cristi\u00e1n Barros, quien todos los mi\u00e9rcoles cada 15 d\u00edas se re\u00fane con lectores aficionados, para conversar sobre alg\u00fan texto literario o situaci\u00f3n del acontecer cultural de inter\u00e9s, con la \u00fanica condici\u00f3n de llevar un libro de regalo en la primera sesi\u00f3n. \u00a0\" \/>\n<meta property=\"og:url\" content=\"https:\/\/medicina.udd.cl\/centro-humanidades\/eventos-y-actividades\/extension-comunidad-externa\/\" \/>\n<meta property=\"og:site_name\" content=\"Centro de Humanidades\" \/>\n<meta property=\"article:modified_time\" content=\"2019-03-28T12:03:39+00:00\" \/>\n<script type=\"application\/ld+json\" class=\"yoast-schema-graph\">{\"@context\":\"https:\/\/schema.org\",\"@graph\":[{\"@type\":\"WebPage\",\"@id\":\"https:\/\/medicina.udd.cl\/centro-humanidades\/eventos-y-actividades\/extension-comunidad-externa\/\",\"url\":\"https:\/\/medicina.udd.cl\/centro-humanidades\/eventos-y-actividades\/extension-comunidad-externa\/\",\"name\":\"Extensi\u00f3n comunidad externa - Centro de Humanidades\",\"isPartOf\":{\"@id\":\"https:\/\/medicina.udd.cl\/centro-humanidades\/#website\"},\"datePublished\":\"2016-03-07T12:14:08+00:00\",\"dateModified\":\"2019-03-28T12:03:39+00:00\",\"breadcrumb\":{\"@id\":\"https:\/\/medicina.udd.cl\/centro-humanidades\/eventos-y-actividades\/extension-comunidad-externa\/#breadcrumb\"},\"inLanguage\":\"es\",\"potentialAction\":[{\"@type\":\"ReadAction\",\"target\":[\"https:\/\/medicina.udd.cl\/centro-humanidades\/eventos-y-actividades\/extension-comunidad-externa\/\"]}]},{\"@type\":\"BreadcrumbList\",\"@id\":\"https:\/\/medicina.udd.cl\/centro-humanidades\/eventos-y-actividades\/extension-comunidad-externa\/#breadcrumb\",\"itemListElement\":[{\"@type\":\"ListItem\",\"position\":1,\"name\":\"Home\",\"item\":\"https:\/\/medicina.udd.cl\/centro-humanidades\/\"},{\"@type\":\"ListItem\",\"position\":2,\"name\":\"Actividades\",\"item\":\"https:\/\/medicina.udd.cl\/centro-humanidades\/eventos-y-actividades\/\"},{\"@type\":\"ListItem\",\"position\":3,\"name\":\"Extensi\u00f3n comunidad externa\"}]},{\"@type\":\"WebSite\",\"@id\":\"https:\/\/medicina.udd.cl\/centro-humanidades\/#website\",\"url\":\"https:\/\/medicina.udd.cl\/centro-humanidades\/\",\"name\":\"Centro de Humanidades\",\"description\":\"Otro sitio m\u00e1s de Medicina\",\"potentialAction\":[{\"@type\":\"SearchAction\",\"target\":{\"@type\":\"EntryPoint\",\"urlTemplate\":\"https:\/\/medicina.udd.cl\/centro-humanidades\/?s={search_term_string}\"},\"query-input\":{\"@type\":\"PropertyValueSpecification\",\"valueRequired\":true,\"valueName\":\"search_term_string\"}}],\"inLanguage\":\"es\"}]}<\/script>\n<!-- \/ Yoast SEO plugin. -->","yoast_head_json":{"title":"Extensi\u00f3n comunidad externa - Centro de Humanidades","robots":{"index":"index","follow":"follow","max-snippet":"max-snippet:-1","max-image-preview":"max-image-preview:large","max-video-preview":"max-video-preview:-1"},"canonical":"https:\/\/medicina.udd.cl\/centro-humanidades\/eventos-y-actividades\/extension-comunidad-externa\/","og_locale":"es_ES","og_type":"article","og_title":"Extensi\u00f3n comunidad externa - Centro de Humanidades","og_description":"Cofrad\u00eda de los Lectores Dirigida actualmente por el escritor Cristi\u00e1n Barros, quien todos los mi\u00e9rcoles cada 15 d\u00edas se re\u00fane con lectores aficionados, para conversar sobre alg\u00fan texto literario o situaci\u00f3n del acontecer cultural de inter\u00e9s, con la \u00fanica condici\u00f3n de llevar un libro de regalo en la primera sesi\u00f3n. \u00a0","og_url":"https:\/\/medicina.udd.cl\/centro-humanidades\/eventos-y-actividades\/extension-comunidad-externa\/","og_site_name":"Centro de Humanidades","article_modified_time":"2019-03-28T12:03:39+00:00","schema":{"@context":"https:\/\/schema.org","@graph":[{"@type":"WebPage","@id":"https:\/\/medicina.udd.cl\/centro-humanidades\/eventos-y-actividades\/extension-comunidad-externa\/","url":"https:\/\/medicina.udd.cl\/centro-humanidades\/eventos-y-actividades\/extension-comunidad-externa\/","name":"Extensi\u00f3n comunidad externa - Centro de Humanidades","isPartOf":{"@id":"https:\/\/medicina.udd.cl\/centro-humanidades\/#website"},"datePublished":"2016-03-07T12:14:08+00:00","dateModified":"2019-03-28T12:03:39+00:00","breadcrumb":{"@id":"https:\/\/medicina.udd.cl\/centro-humanidades\/eventos-y-actividades\/extension-comunidad-externa\/#breadcrumb"},"inLanguage":"es","potentialAction":[{"@type":"ReadAction","target":["https:\/\/medicina.udd.cl\/centro-humanidades\/eventos-y-actividades\/extension-comunidad-externa\/"]}]},{"@type":"BreadcrumbList","@id":"https:\/\/medicina.udd.cl\/centro-humanidades\/eventos-y-actividades\/extension-comunidad-externa\/#breadcrumb","itemListElement":[{"@type":"ListItem","position":1,"name":"Home","item":"https:\/\/medicina.udd.cl\/centro-humanidades\/"},{"@type":"ListItem","position":2,"name":"Actividades","item":"https:\/\/medicina.udd.cl\/centro-humanidades\/eventos-y-actividades\/"},{"@type":"ListItem","position":3,"name":"Extensi\u00f3n comunidad externa"}]},{"@type":"WebSite","@id":"https:\/\/medicina.udd.cl\/centro-humanidades\/#website","url":"https:\/\/medicina.udd.cl\/centro-humanidades\/","name":"Centro de Humanidades","description":"Otro sitio m\u00e1s de Medicina","potentialAction":[{"@type":"SearchAction","target":{"@type":"EntryPoint","urlTemplate":"https:\/\/medicina.udd.cl\/centro-humanidades\/?s={search_term_string}"},"query-input":{"@type":"PropertyValueSpecification","valueRequired":true,"valueName":"search_term_string"}}],"inLanguage":"es"}]}},"_links":{"self":[{"href":"https:\/\/medicina.udd.cl\/centro-humanidades\/wp-json\/wp\/v2\/pages\/1752","targetHints":{"allow":["GET"]}}],"collection":[{"href":"https:\/\/medicina.udd.cl\/centro-humanidades\/wp-json\/wp\/v2\/pages"}],"about":[{"href":"https:\/\/medicina.udd.cl\/centro-humanidades\/wp-json\/wp\/v2\/types\/page"}],"author":[{"embeddable":true,"href":"https:\/\/medicina.udd.cl\/centro-humanidades\/wp-json\/wp\/v2\/users\/42"}],"replies":[{"embeddable":true,"href":"https:\/\/medicina.udd.cl\/centro-humanidades\/wp-json\/wp\/v2\/comments?post=1752"}],"version-history":[{"count":8,"href":"https:\/\/medicina.udd.cl\/centro-humanidades\/wp-json\/wp\/v2\/pages\/1752\/revisions"}],"predecessor-version":[{"id":2958,"href":"https:\/\/medicina.udd.cl\/centro-humanidades\/wp-json\/wp\/v2\/pages\/1752\/revisions\/2958"}],"up":[{"embeddable":true,"href":"https:\/\/medicina.udd.cl\/centro-humanidades\/wp-json\/wp\/v2\/pages\/5"}],"wp:attachment":[{"href":"https:\/\/medicina.udd.cl\/centro-humanidades\/wp-json\/wp\/v2\/media?parent=1752"}],"curies":[{"name":"wp","href":"https:\/\/api.w.org\/{rel}","templated":true}]}}