{"id":1765,"date":"2016-03-07T10:12:16","date_gmt":"2016-03-07T13:12:16","guid":{"rendered":"http:\/\/medicina.udd.cl\/centro-humanidades\/?page_id=1765"},"modified":"2019-03-12T17:51:02","modified_gmt":"2019-03-12T20:51:02","slug":"la-caverna-de-la-lectura-musica-y-arte","status":"publish","type":"page","link":"https:\/\/medicina.udd.cl\/centro-humanidades\/la-caverna-de-la-lectura-musica-y-arte\/","title":{"rendered":"La Caverna de la lectura, m\u00fasica y arte"},"content":{"rendered":"<p><strong>La Caverna<\/strong>\u00a0es un espacio acogedor concebido al interior de la Facultad de Medicina para el desarrollo de algunas de las actividades del Centro de Humanidades.<\/p>\n<p>Es la sede de la Cofrad\u00eda de los Lectores, donde los amantes de la lectura se re\u00fanen los d\u00edas mi\u00e9rcoles, cada quince d\u00edas, a comentar y conversar sobre autores y libros.<\/p>\n<div class=\"gallery gallery-post\" id=\"gallery-1765-1\"><div class=\"gallery-post-feature gallery-item\"><\/div><div class=\"gallery-carousel\"><div id=\"nav-post-gallery-gallery-1765-1\" class=\"crsl-nav\"><a href=\"#\" class=\"previous icon icon-caret-left\"><\/a><a href=\"#\" class=\"next icon icon-caret-right\"><\/a><\/div><div id=\"post-gallery-gallery-1765-1\" class=\"crsl-items\" data-navigation=\"nav-post-gallery-gallery-1765-1\" data-crsl='{ \"visible\": 4, \"itemMargin\": 10 }'><div class=\"crsl-wrap\"><figure class=\"gallery-item crsl-item crsl-active\"><a href=\"https:\/\/medicina.udd.cl\/centro-humanidades\/files\/2019\/03\/la-caverna-007-660x430.jpg\" title=\"la-caverna-007\" class=\"gallery-thumb\" id=\"thumbnail-2933-0\" data-full-url=\"https:\/\/medicina.udd.cl\/centro-humanidades\/files\/2019\/03\/la-caverna-007.jpg\"><img decoding=\"async\" src=\"https:\/\/medicina.udd.cl\/centro-humanidades\/files\/2019\/03\/la-caverna-007-125x80.jpg\" class=\"full-width\" alt=\"la-caverna-007\"><\/a><\/figure><figure class=\"gallery-item crsl-item\"><a href=\"https:\/\/medicina.udd.cl\/centro-humanidades\/files\/2019\/03\/la-caverna-011-660x430.jpg\" title=\"la-caverna-011\" class=\"gallery-thumb\" id=\"thumbnail-2934-1\" data-full-url=\"https:\/\/medicina.udd.cl\/centro-humanidades\/files\/2019\/03\/la-caverna-011.jpg\"><img decoding=\"async\" src=\"https:\/\/medicina.udd.cl\/centro-humanidades\/files\/2019\/03\/la-caverna-011-125x80.jpg\" class=\"full-width\" alt=\"la-caverna-011\"><\/a><\/figure><figure class=\"gallery-item crsl-item\"><a href=\"https:\/\/medicina.udd.cl\/centro-humanidades\/files\/2019\/03\/la-caverna-016-660x430.jpg\" title=\"la-caverna-016\" class=\"gallery-thumb\" id=\"thumbnail-2935-2\" data-full-url=\"https:\/\/medicina.udd.cl\/centro-humanidades\/files\/2019\/03\/la-caverna-016.jpg\"><img decoding=\"async\" src=\"https:\/\/medicina.udd.cl\/centro-humanidades\/files\/2019\/03\/la-caverna-016-125x80.jpg\" class=\"full-width\" alt=\"la-caverna-016\"><\/a><\/figure><\/div><\/div><\/div><\/div>\n<p style=\"text-align: justify\">Algunas recomendaciones:<\/p>\n<h3 style=\"text-align: justify\">\u00bfQU\u00c9 LEER?<\/h3>\n<h4 style=\"text-align: justify\">CRIMEN Y CASTIGO<\/h4>\n<p style=\"text-align: justify\"><a href=\"http:\/\/medicina.udd.cl\/centro-humanidades\/files\/2016\/03\/crimen-y-castigo.jpg\" rel=\"attachment wp-att-2697\"><img loading=\"lazy\" decoding=\"async\" class=\"size-medium wp-image-2697 alignleft\" src=\"http:\/\/medicina.udd.cl\/centro-humanidades\/files\/2016\/03\/crimen-y-castigo-172x300.jpg\" alt=\"crimen y castigo\" width=\"172\" height=\"300\" srcset=\"https:\/\/medicina.udd.cl\/centro-humanidades\/files\/2016\/03\/crimen-y-castigo-172x300.jpg 172w, https:\/\/medicina.udd.cl\/centro-humanidades\/files\/2016\/03\/crimen-y-castigo.jpg 296w\" sizes=\"auto, (max-width: 172px) 100vw, 172px\" \/><\/a>El ruso\u00a0<strong>Fi\u00f3dor Dostoievski<\/strong>\u00a0es quiz\u00e1 el m\u00e1ximo representante de la novela en dicho pa\u00eds. Sus obras, de prestigio mundial, exceden las barreras geogr\u00e1ficas y temporales para permanecer intactas en la mente de eruditos y estudiantes del mundo entero.<\/p>\n<p style=\"text-align: justify\">La epilepsia que lo afectaba acompa\u00f1\u00f3 su vida y carrera literaria, haci\u00e9ndose presente en sus obras con determinados personajes que padec\u00edan el mismo mal.\u00a0<strong>Sus escritos exploraron la psicolog\u00eda humana de una forma que sorprendi\u00f3 a lectores y colegas<\/strong>, pero adem\u00e1s, abarc\u00f3 tem\u00e1ticas vinculadas al contexto pol\u00edtico, social y espiritual de la sociedad rusa del siglo XIX que parecen m\u00e1s propios de un libro de historia que de una novela.<\/p>\n<p style=\"text-align: justify\">Como\u00a0<strong>maestros inspiradores<\/strong>, Dostoievski \u00a0tom\u00f3 a Shakespeare, Pascal y Victor Hugo, sugiriendo as\u00ed un futuro prometedor que quedar\u00eda en evidencia con el triunfo de sus publicaciones.<\/p>\n<p style=\"text-align: justify\"><strong>Su obra m\u00e1s destacada<\/strong>, Crimen y Castigo, es sin\u00f3nimo de prestigio y majestuosidad. A trav\u00e9s de personajes cuidadosamente compuestos, Dostoievski relata la historia de un crimen desde un punto de vista distinto al que puede esperarse en una novela policial o de terror. El foco de su texto es el sentimiento de culpa, la justificaci\u00f3n o no de actos criminales por la propia consciencia, y el desvelo de saberse realizador de un crimen terrible.\u00a0<strong>Si todav\u00eda no la le\u00edste, te damos 6 motivos para leer Crimen y Castigo que seguro no podr\u00e1s dejar pasar:<\/strong><\/p>\n<ol>\n<li style=\"text-align: justify\">Es considerada por la cr\u00edtica como la obra magistral de quien en numerosas ocasiones ha suido reconocido como el m\u00e1s destacado exponente de la novela rusa, motivo suficiente para por lo menos considerar su lectura en alg\u00fan momento.<\/li>\n<li style=\"text-align: justify\">Porque por las condiciones en que fue escrita, permite comprender que para ser un gran escritor no es necesario poseer el mejor escritorio o la pluma m\u00e1s \u00e1gil, sino, una historia que contar y una mente \u00e1gil para imaginar situaciones fuera de lo com\u00fan.<\/li>\n<li style=\"text-align: justify\">Revela como pocas obras la otra cara del crimen: el castigo, pero no el castigo institucional o social, sino el de la propia mente. La conciencia, los dr\u00e1sticos giros del pensamiento y un profundo sentimiento de culpa se hacen presentes en este texto, al punto de invadir a sus lectores en una experiencia literaria atrapante y cruda.<\/li>\n<li style=\"text-align: justify\">Porque casi accidentalmente revela una de las m\u00e1ximas teor\u00edas respecto a la felicidad: esta no puede alcanzarse con planificaciones y c\u00e1lculos meticulosos, solo llegar\u00e1 con el sufrimiento necesario que precede a todo momento de gloria.<\/li>\n<li style=\"text-align: justify\">Ning\u00fan otro autor ha logrado captar la sensaci\u00f3n de p\u00e1nico del modo en que Dostoievski lo ha hecho en Crimen y Castigo. El perfil psicol\u00f3gico que hace de su personaje es sencillamente brillante.<\/li>\n<li style=\"text-align: justify\">Porque la disputa entre el bien y el mal, el deber y el querer hacer, se encuentra siempre latente en toda sociedad.<\/li>\n<\/ol>\n<p style=\"text-align: left\">(Fuente: <a href=\"http:\/\/noticias.universia.es\/cultura\/noticia\/2016\/11\/11\/1146023\/6-motivos-leer-crimen-castigo-fiodor-dostoievski.html\">http:\/\/noticias.universia.es\/cultura\/noticia\/2016\/11\/11\/1146023\/6-motivos-leer-crimen-castigo-fiodor-dostoievski.html<\/a>)<\/p>\n<h3 style=\"text-align: left\">\u00bfQu\u00e9 o\u00edr?<\/h3>\n<h4 style=\"text-align: left\">Ella Fitzgerald &#8211;\u00a0Mack the Knife- The complete Ella in Berlin<\/h4>\n<p style=\"text-align: justify\"><a href=\"http:\/\/medicina.udd.cl\/centro-humanidades\/files\/2016\/03\/Mack-the-Knife.jpg\" rel=\"attachment wp-att-2700\"><img loading=\"lazy\" decoding=\"async\" class=\"wp-image-2700 alignleft\" src=\"http:\/\/medicina.udd.cl\/centro-humanidades\/files\/2016\/03\/Mack-the-Knife-300x297.jpg\" alt=\"Mack the Knife\" width=\"250\" height=\"248\" srcset=\"https:\/\/medicina.udd.cl\/centro-humanidades\/files\/2016\/03\/Mack-the-Knife-300x297.jpg 300w, https:\/\/medicina.udd.cl\/centro-humanidades\/files\/2016\/03\/Mack-the-Knife-150x150.jpg 150w, https:\/\/medicina.udd.cl\/centro-humanidades\/files\/2016\/03\/Mack-the-Knife-62x62.jpg 62w, https:\/\/medicina.udd.cl\/centro-humanidades\/files\/2016\/03\/Mack-the-Knife-126x126.jpg 126w, https:\/\/medicina.udd.cl\/centro-humanidades\/files\/2016\/03\/Mack-the-Knife.jpg 535w\" sizes=\"auto, (max-width: 250px) 100vw, 250px\" \/><\/a><\/p>\n<p>Este disco, con el que gan\u00f3 dos Grammys en 1960, es un cl\u00e1sico, uno de los imprescindibles de la gran Ella Fitzgerald y sin duda uno de los m\u00e1s populares de su carrera. Una prueba de la enormidad de este \u00e1lbum es que fue incluido en el Grammy Hall of Fame en 1999.<\/p>\n<p>El concierto, con el inauguraba su gira europea de ese a\u00f1o, se grab\u00f3 el 13 de febrero de 1960 en el Deutschlandhalle de Berl\u00edn Oeste (\u2026).<\/p>\n<p>Hay momentos verdaderamente estelares, y baste con citar la versi\u00f3n de \u201cMack The Knife\u201d, muy famosa porque a mitad de la canci\u00f3n se le olvid\u00f3 la letra y ella improvis\u00f3 directamente su propia letra haciendo un set inolvidable; su \u201cHow high the moon\u201d, donde durante su improvisaci\u00f3n en scat cita al \u201cOrnithology\u201d de Charlie Parker; la ternura de \u201cMisty\u201d y la sensual \u201cToo Darn Hot\u201d. Y todo ello regado con un buen pu\u00f1ado de canciones firmadas por Gershwin y Porter.<\/p>\n<p>Fuente: <a href=\"http:\/\/www.distritojazz.com\/discos-jazz\/ella-fitzgerald-mack-the-knife-ella-in-berlin\">http:\/\/www.distritojazz.com\/discos-jazz\/ella-fitzgerald-mack-the-knife-ella-in-berlin\u00a0<\/a><\/p>\n<p style=\"text-align: justify\">Para fan\u00e1ticos del jazz cl\u00e1sico o para quienes no conocen este estilo musical y quieran sorprenderse con una de las voces m\u00e1s din\u00e1micas y vers\u00e1tiles del siglo XX.<\/p>\n<h4 style=\"text-align: justify\"><strong><a href=\"https:\/\/www.youtube.com\/watch?v=3IXlJyvum_E\" target=\"_blank\" rel=\"noopener\">Escuchar aqu\u00ed\u00a0<\/a><\/strong><\/h4>\n<h3 style=\"text-align: justify\">\u00bfQu\u00e9 ver?<\/h3>\n<h4><a href=\"http:\/\/medicina.udd.cl\/centro-humanidades\/files\/2016\/03\/Le-maitre-de-musique.jpg\" rel=\"attachment wp-att-2701\"><img loading=\"lazy\" decoding=\"async\" class=\"alignright wp-image-2701\" src=\"http:\/\/medicina.udd.cl\/centro-humanidades\/files\/2016\/03\/Le-maitre-de-musique-224x300.jpg\" alt=\"Le maitre de musique\" width=\"200\" height=\"268\" srcset=\"https:\/\/medicina.udd.cl\/centro-humanidades\/files\/2016\/03\/Le-maitre-de-musique-224x300.jpg 224w, https:\/\/medicina.udd.cl\/centro-humanidades\/files\/2016\/03\/Le-maitre-de-musique.jpg 410w\" sizes=\"auto, (max-width: 200px) 100vw, 200px\" \/><\/a>El Maestro de M\u00fasica<\/h4>\n<p>T\u00edtulo espa\u00f1ol: El maestro de m\u00fasica<\/p>\n<p>T\u00edtulo original: Le ma\u00eetre de Musique<\/p>\n<p>T\u00edtulo internacional: The Music Teacher<\/p>\n<p>A\u00f1o: 1988<\/p>\n<p>Director: G\u00e9rard Corbiau<\/p>\n<p>M\u00fasica original: Ronald Zollman<\/p>\n<p>Pa\u00eds: B\u00e9lgica, Francia<\/p>\n<p>Duraci\u00f3n: 100<\/p>\n<p>Premios 1988: Nominada al Oscar: Mejor pel\u00edcula de habla no inglesa<\/p>\n<p style=\"text-align: justify\">Otros datos\u00a0&#8211;\u00a0 Sinopsis: Joachim Dallayrac (Jos\u00e9 van Dam), un famoso bar\u00edtono ya mayor y enfermo, est\u00e1 en el ocaso de su carrera y decide retirarse. Antes de su alejamiento forma en la m\u00fasica a dos j\u00f3venes talentos, Sophie y Jean. Pel\u00edcula con una direcci\u00f3n fotogr\u00e1fica magistral y una acertada y fina selecci\u00f3n de m\u00fasica europea del siglo XIX.<\/p>\n<h4 style=\"text-align: justify\"><strong><a href=\"https:\/\/www.youtube.com\/watch?v=QIdTgKWueNE\" target=\"_blank\" rel=\"noopener\">Ingresar aqu\u00ed<\/a><\/strong><\/h4>\n","protected":false},"excerpt":{"rendered":"<p>La Caverna\u00a0es un espacio acogedor concebido al interior de la Facultad de Medicina para el desarrollo de algunas de las actividades del Centro de Humanidades. Es la sede de la Cofrad\u00eda de los Lectores, donde los amantes de la lectura se re\u00fanen los d\u00edas mi\u00e9rcoles, cada quince d\u00edas, a comentar y conversar sobre autores y [&hellip;]<\/p>\n","protected":false},"author":42,"featured_media":0,"parent":0,"menu_order":0,"comment_status":"closed","ping_status":"closed","template":"","meta":{"footnotes":""},"class_list":["post-1765","page","type-page","status-publish","hentry"],"yoast_head":"<!-- This site is optimized with the Yoast SEO plugin v26.9 - https:\/\/yoast.com\/product\/yoast-seo-wordpress\/ -->\n<title>La Caverna de la lectura, m\u00fasica y arte - Centro de Humanidades<\/title>\n<meta name=\"robots\" content=\"index, follow, max-snippet:-1, max-image-preview:large, max-video-preview:-1\" \/>\n<link rel=\"canonical\" href=\"https:\/\/medicina.udd.cl\/centro-humanidades\/la-caverna-de-la-lectura-musica-y-arte\/\" \/>\n<meta property=\"og:locale\" content=\"es_ES\" \/>\n<meta property=\"og:type\" content=\"article\" \/>\n<meta property=\"og:title\" content=\"La Caverna de la lectura, m\u00fasica y arte - Centro de Humanidades\" \/>\n<meta property=\"og:description\" content=\"La Caverna\u00a0es un espacio acogedor concebido al interior de la Facultad de Medicina para el desarrollo de algunas de las actividades del Centro de Humanidades. Es la sede de la Cofrad\u00eda de los Lectores, donde los amantes de la lectura se re\u00fanen los d\u00edas mi\u00e9rcoles, cada quince d\u00edas, a comentar y conversar sobre autores y [&hellip;]\" \/>\n<meta property=\"og:url\" content=\"https:\/\/medicina.udd.cl\/centro-humanidades\/la-caverna-de-la-lectura-musica-y-arte\/\" \/>\n<meta property=\"og:site_name\" content=\"Centro de Humanidades\" \/>\n<meta property=\"article:modified_time\" content=\"2019-03-12T20:51:02+00:00\" \/>\n<meta property=\"og:image\" content=\"https:\/\/medicina.udd.cl\/centro-humanidades\/files\/2019\/03\/la-caverna-007-125x80.jpg\" \/>\n<meta name=\"twitter:label1\" content=\"Tiempo de lectura\" \/>\n\t<meta name=\"twitter:data1\" content=\"5 minutos\" \/>\n<script type=\"application\/ld+json\" class=\"yoast-schema-graph\">{\"@context\":\"https:\/\/schema.org\",\"@graph\":[{\"@type\":\"WebPage\",\"@id\":\"https:\/\/medicina.udd.cl\/centro-humanidades\/la-caverna-de-la-lectura-musica-y-arte\/\",\"url\":\"https:\/\/medicina.udd.cl\/centro-humanidades\/la-caverna-de-la-lectura-musica-y-arte\/\",\"name\":\"La Caverna de la lectura, m\u00fasica y arte - Centro de Humanidades\",\"isPartOf\":{\"@id\":\"https:\/\/medicina.udd.cl\/centro-humanidades\/#website\"},\"primaryImageOfPage\":{\"@id\":\"https:\/\/medicina.udd.cl\/centro-humanidades\/la-caverna-de-la-lectura-musica-y-arte\/#primaryimage\"},\"image\":{\"@id\":\"https:\/\/medicina.udd.cl\/centro-humanidades\/la-caverna-de-la-lectura-musica-y-arte\/#primaryimage\"},\"thumbnailUrl\":\"http:\/\/medicina.udd.cl\/centro-humanidades\/files\/2016\/03\/crimen-y-castigo-172x300.jpg\",\"datePublished\":\"2016-03-07T13:12:16+00:00\",\"dateModified\":\"2019-03-12T20:51:02+00:00\",\"breadcrumb\":{\"@id\":\"https:\/\/medicina.udd.cl\/centro-humanidades\/la-caverna-de-la-lectura-musica-y-arte\/#breadcrumb\"},\"inLanguage\":\"es\",\"potentialAction\":[{\"@type\":\"ReadAction\",\"target\":[\"https:\/\/medicina.udd.cl\/centro-humanidades\/la-caverna-de-la-lectura-musica-y-arte\/\"]}]},{\"@type\":\"ImageObject\",\"inLanguage\":\"es\",\"@id\":\"https:\/\/medicina.udd.cl\/centro-humanidades\/la-caverna-de-la-lectura-musica-y-arte\/#primaryimage\",\"url\":\"http:\/\/medicina.udd.cl\/centro-humanidades\/files\/2016\/03\/crimen-y-castigo-172x300.jpg\",\"contentUrl\":\"http:\/\/medicina.udd.cl\/centro-humanidades\/files\/2016\/03\/crimen-y-castigo-172x300.jpg\"},{\"@type\":\"BreadcrumbList\",\"@id\":\"https:\/\/medicina.udd.cl\/centro-humanidades\/la-caverna-de-la-lectura-musica-y-arte\/#breadcrumb\",\"itemListElement\":[{\"@type\":\"ListItem\",\"position\":1,\"name\":\"Home\",\"item\":\"https:\/\/medicina.udd.cl\/centro-humanidades\/\"},{\"@type\":\"ListItem\",\"position\":2,\"name\":\"La Caverna de la lectura, m\u00fasica y arte\"}]},{\"@type\":\"WebSite\",\"@id\":\"https:\/\/medicina.udd.cl\/centro-humanidades\/#website\",\"url\":\"https:\/\/medicina.udd.cl\/centro-humanidades\/\",\"name\":\"Centro de Humanidades\",\"description\":\"Otro sitio m\u00e1s de Medicina\",\"potentialAction\":[{\"@type\":\"SearchAction\",\"target\":{\"@type\":\"EntryPoint\",\"urlTemplate\":\"https:\/\/medicina.udd.cl\/centro-humanidades\/?s={search_term_string}\"},\"query-input\":{\"@type\":\"PropertyValueSpecification\",\"valueRequired\":true,\"valueName\":\"search_term_string\"}}],\"inLanguage\":\"es\"}]}<\/script>\n<!-- \/ Yoast SEO plugin. -->","yoast_head_json":{"title":"La Caverna de la lectura, m\u00fasica y arte - Centro de Humanidades","robots":{"index":"index","follow":"follow","max-snippet":"max-snippet:-1","max-image-preview":"max-image-preview:large","max-video-preview":"max-video-preview:-1"},"canonical":"https:\/\/medicina.udd.cl\/centro-humanidades\/la-caverna-de-la-lectura-musica-y-arte\/","og_locale":"es_ES","og_type":"article","og_title":"La Caverna de la lectura, m\u00fasica y arte - Centro de Humanidades","og_description":"La Caverna\u00a0es un espacio acogedor concebido al interior de la Facultad de Medicina para el desarrollo de algunas de las actividades del Centro de Humanidades. Es la sede de la Cofrad\u00eda de los Lectores, donde los amantes de la lectura se re\u00fanen los d\u00edas mi\u00e9rcoles, cada quince d\u00edas, a comentar y conversar sobre autores y [&hellip;]","og_url":"https:\/\/medicina.udd.cl\/centro-humanidades\/la-caverna-de-la-lectura-musica-y-arte\/","og_site_name":"Centro de Humanidades","article_modified_time":"2019-03-12T20:51:02+00:00","og_image":[{"url":"https:\/\/medicina.udd.cl\/centro-humanidades\/files\/2019\/03\/la-caverna-007-125x80.jpg","type":"","width":"","height":""}],"twitter_misc":{"Tiempo de lectura":"5 minutos"},"schema":{"@context":"https:\/\/schema.org","@graph":[{"@type":"WebPage","@id":"https:\/\/medicina.udd.cl\/centro-humanidades\/la-caverna-de-la-lectura-musica-y-arte\/","url":"https:\/\/medicina.udd.cl\/centro-humanidades\/la-caverna-de-la-lectura-musica-y-arte\/","name":"La Caverna de la lectura, m\u00fasica y arte - Centro de Humanidades","isPartOf":{"@id":"https:\/\/medicina.udd.cl\/centro-humanidades\/#website"},"primaryImageOfPage":{"@id":"https:\/\/medicina.udd.cl\/centro-humanidades\/la-caverna-de-la-lectura-musica-y-arte\/#primaryimage"},"image":{"@id":"https:\/\/medicina.udd.cl\/centro-humanidades\/la-caverna-de-la-lectura-musica-y-arte\/#primaryimage"},"thumbnailUrl":"http:\/\/medicina.udd.cl\/centro-humanidades\/files\/2016\/03\/crimen-y-castigo-172x300.jpg","datePublished":"2016-03-07T13:12:16+00:00","dateModified":"2019-03-12T20:51:02+00:00","breadcrumb":{"@id":"https:\/\/medicina.udd.cl\/centro-humanidades\/la-caverna-de-la-lectura-musica-y-arte\/#breadcrumb"},"inLanguage":"es","potentialAction":[{"@type":"ReadAction","target":["https:\/\/medicina.udd.cl\/centro-humanidades\/la-caverna-de-la-lectura-musica-y-arte\/"]}]},{"@type":"ImageObject","inLanguage":"es","@id":"https:\/\/medicina.udd.cl\/centro-humanidades\/la-caverna-de-la-lectura-musica-y-arte\/#primaryimage","url":"http:\/\/medicina.udd.cl\/centro-humanidades\/files\/2016\/03\/crimen-y-castigo-172x300.jpg","contentUrl":"http:\/\/medicina.udd.cl\/centro-humanidades\/files\/2016\/03\/crimen-y-castigo-172x300.jpg"},{"@type":"BreadcrumbList","@id":"https:\/\/medicina.udd.cl\/centro-humanidades\/la-caverna-de-la-lectura-musica-y-arte\/#breadcrumb","itemListElement":[{"@type":"ListItem","position":1,"name":"Home","item":"https:\/\/medicina.udd.cl\/centro-humanidades\/"},{"@type":"ListItem","position":2,"name":"La Caverna de la lectura, m\u00fasica y arte"}]},{"@type":"WebSite","@id":"https:\/\/medicina.udd.cl\/centro-humanidades\/#website","url":"https:\/\/medicina.udd.cl\/centro-humanidades\/","name":"Centro de Humanidades","description":"Otro sitio m\u00e1s de Medicina","potentialAction":[{"@type":"SearchAction","target":{"@type":"EntryPoint","urlTemplate":"https:\/\/medicina.udd.cl\/centro-humanidades\/?s={search_term_string}"},"query-input":{"@type":"PropertyValueSpecification","valueRequired":true,"valueName":"search_term_string"}}],"inLanguage":"es"}]}},"_links":{"self":[{"href":"https:\/\/medicina.udd.cl\/centro-humanidades\/wp-json\/wp\/v2\/pages\/1765","targetHints":{"allow":["GET"]}}],"collection":[{"href":"https:\/\/medicina.udd.cl\/centro-humanidades\/wp-json\/wp\/v2\/pages"}],"about":[{"href":"https:\/\/medicina.udd.cl\/centro-humanidades\/wp-json\/wp\/v2\/types\/page"}],"author":[{"embeddable":true,"href":"https:\/\/medicina.udd.cl\/centro-humanidades\/wp-json\/wp\/v2\/users\/42"}],"replies":[{"embeddable":true,"href":"https:\/\/medicina.udd.cl\/centro-humanidades\/wp-json\/wp\/v2\/comments?post=1765"}],"version-history":[{"count":50,"href":"https:\/\/medicina.udd.cl\/centro-humanidades\/wp-json\/wp\/v2\/pages\/1765\/revisions"}],"predecessor-version":[{"id":2938,"href":"https:\/\/medicina.udd.cl\/centro-humanidades\/wp-json\/wp\/v2\/pages\/1765\/revisions\/2938"}],"wp:attachment":[{"href":"https:\/\/medicina.udd.cl\/centro-humanidades\/wp-json\/wp\/v2\/media?parent=1765"}],"curies":[{"name":"wp","href":"https:\/\/api.w.org\/{rel}","templated":true}]}}