{"id":2205,"date":"2017-03-13T08:46:35","date_gmt":"2017-03-13T11:46:35","guid":{"rendered":"http:\/\/medicina.udd.cl\/centro-humanidades\/?page_id=2205"},"modified":"2017-05-17T17:25:31","modified_gmt":"2017-05-17T21:25:31","slug":"vii-concurso-artistico-y-literario","status":"publish","type":"page","link":"https:\/\/medicina.udd.cl\/centro-humanidades\/proyectos\/vii-concurso-artistico-y-literario\/","title":{"rendered":"VII Concurso Art\u00edstico y Literario"},"content":{"rendered":"<p>Pueden participar estudiantes, docentes y administrativos de la Facultad de Medicina Cl\u00ednica Alemana Universidad del Desarrollo y de la UDD.<\/p>\n<p>El Centro de Humanidades, con la colaboraci\u00f3n del DAE y el Instituto de Humanidades de la UDD, inicia una nueva etapa en su Concurso Literario y Art\u00edstico donde estudiantes, docentes y administrativos de la Facultad de Medicina y UDD podr\u00e1n\u00a0participar presentando\u00a0sus trabajos en las categor\u00edas: Pintura o Dibujo, Fotograf\u00eda,\u00a0Cuento o Poes\u00eda.<\/p>\n<p>\u00a1Invitamos esta vez a otras Facultades de la UDD a participar!<\/p>\n<p><strong>Tema<\/strong><strong>: <\/strong>El territorio.<\/p>\n<p>Reglas<\/p>\n<ul>\n<li>S\u00f3lo se puede presentar 1 trabajo por cada tema.<\/li>\n<li>Los trabajos se deben <strong>entregar a hasta el 5 de junio de 2017, entre 9:00 y 13:00<\/strong> a Sandra Placencia, del Centro de Humanidades, Facultad de Medicina CAS-UDD, Las Condes. Av. Las Condes 12438.<\/li>\n<li>Entregar los trabajos con nombre, carrera y a\u00f1o, unidad o facultad. Indicar si es docente o funcionario en caso de no ser estudiante.<\/li>\n<\/ul>\n<p>Requisito para categor\u00eda Pintura, Dibujo o Fotograf\u00eda:<\/p>\n<ul>\n<li>Fotograf\u00eda: <strong>t<\/strong><strong>\u00e9<\/strong><strong>cnica libre.<\/strong> Impreso en 20 x 25 cm.<\/li>\n<li>Pintura o Dibujo:<strong>t<\/strong><strong>\u00e9<\/strong><strong>cnica libre. <\/strong>(Puede ser tambi\u00e9n con materiales distintos a los tradicionales; instalaci\u00f3n o collage) Formato de 50 x 70 cm. Agregar t\u00ed<\/li>\n<\/ul>\n<p>Requisitos para categor\u00eda Poes\u00eda o Cuento:<\/p>\n<ul>\n<li>Poes\u00eda: extensi\u00f3n libre.<\/li>\n<li>Cuento: extensi\u00f3n: de cuatro a diez planas, doble espacio, tipograf\u00eda convencional (Arial 12).<\/li>\n<\/ul>\n<p>Premios:<\/p>\n<ul>\n<li>Los mejores trabajos de cada categor\u00eda ser\u00e1n publicados en un cat\u00e1logo como parte de la Revista Academia del segundo semestre.<\/li>\n<li>Para los 3 primeros lugares: INAUGURACI\u00d3N Y EXPOSICI\u00d3N EN GALER\u00cdA \u00abESPACIO O\u00bb, Lastarria, el mi\u00e9rcoles 5 de julio de 2017, a las 19:00.<\/li>\n<li>El DAE ofrece a los tres primeros lugares de cada categor\u00eda un premio sorpresa.<\/li>\n<\/ul>\n<p>Contacto:<\/p>\n<ul>\n<li>Sandra Placencia contactocde@udd.cl<\/li>\n<li>Margarita Meledandri mmeledandris@udd.cl<\/li>\n<\/ul>\n<p><strong>Jurado:<\/strong><\/p>\n<p><u>Pintura o Dibujo y Fotograf<\/u><u>\u00ed<\/u><u>a:<\/u><\/p>\n<ul>\n<li>Juan Subercaseaux, pintor chileno, experto en la t\u00e9cnica mixta (t\u00e9mpera de huevo y \u00f3leo) del Renacimiento, aplicada a una pintura figurativa contempor\u00e1nea.<\/li>\n<li>Marcelo Ferrari. Cineasta. Director de la carrera de Cine. Sede Santiago. UDD.<\/li>\n<li>Fernando G\u00f3mez. Fot\u00f3grafo y docente de la carrera de Periodismo UDD.<\/li>\n<li>Oscar Mackenney. Vicedecano Facultad de Arquitectura UDD.<\/li>\n<\/ul>\n<p><u>Cuento o Poes<\/u><u>\u00ed<\/u><u>a:<\/u><\/p>\n<ul>\n<li>Cristi\u00e1n Barros. Abogado y Escritor. Docente UDD.<\/li>\n<li>Guido Larson. Docente del Instituto de Humanidades UDD.<\/li>\n<\/ul>\n<p>El jurado se reserva declarar desierto el concurso en cualquiera de las menciones.<\/p>\n","protected":false},"excerpt":{"rendered":"<p>Pueden participar estudiantes, docentes y administrativos de la Facultad de Medicina Cl\u00ednica Alemana Universidad del Desarrollo y de la UDD. El Centro de Humanidades, con la colaboraci\u00f3n del DAE y el Instituto de Humanidades de la UDD, inicia una nueva etapa en su Concurso Literario y Art\u00edstico donde estudiantes, docentes y administrativos de la Facultad [&hellip;]<\/p>\n","protected":false},"author":42,"featured_media":0,"parent":3,"menu_order":0,"comment_status":"closed","ping_status":"closed","template":"template-wide-content.php","meta":{"footnotes":""},"class_list":["post-2205","page","type-page","status-publish","hentry"],"yoast_head":"<!-- This site is optimized with the Yoast SEO plugin v26.9 - https:\/\/yoast.com\/product\/yoast-seo-wordpress\/ -->\n<title>VII Concurso Art\u00edstico y Literario - Centro de Humanidades<\/title>\n<meta name=\"robots\" content=\"index, follow, max-snippet:-1, max-image-preview:large, max-video-preview:-1\" \/>\n<link rel=\"canonical\" href=\"https:\/\/medicina.udd.cl\/centro-humanidades\/proyectos\/vii-concurso-artistico-y-literario\/\" \/>\n<meta property=\"og:locale\" content=\"es_ES\" \/>\n<meta property=\"og:type\" content=\"article\" \/>\n<meta property=\"og:title\" content=\"VII Concurso Art\u00edstico y Literario - Centro de Humanidades\" \/>\n<meta property=\"og:description\" content=\"Pueden participar estudiantes, docentes y administrativos de la Facultad de Medicina Cl\u00ednica Alemana Universidad del Desarrollo y de la UDD. El Centro de Humanidades, con la colaboraci\u00f3n del DAE y el Instituto de Humanidades de la UDD, inicia una nueva etapa en su Concurso Literario y Art\u00edstico donde estudiantes, docentes y administrativos de la Facultad [&hellip;]\" \/>\n<meta property=\"og:url\" content=\"https:\/\/medicina.udd.cl\/centro-humanidades\/proyectos\/vii-concurso-artistico-y-literario\/\" \/>\n<meta property=\"og:site_name\" content=\"Centro de Humanidades\" \/>\n<meta property=\"article:modified_time\" content=\"2017-05-17T21:25:31+00:00\" \/>\n<meta name=\"twitter:label1\" content=\"Tiempo de lectura\" \/>\n\t<meta name=\"twitter:data1\" content=\"2 minutos\" \/>\n<script type=\"application\/ld+json\" class=\"yoast-schema-graph\">{\"@context\":\"https:\/\/schema.org\",\"@graph\":[{\"@type\":\"WebPage\",\"@id\":\"https:\/\/medicina.udd.cl\/centro-humanidades\/proyectos\/vii-concurso-artistico-y-literario\/\",\"url\":\"https:\/\/medicina.udd.cl\/centro-humanidades\/proyectos\/vii-concurso-artistico-y-literario\/\",\"name\":\"VII Concurso Art\u00edstico y Literario - Centro de Humanidades\",\"isPartOf\":{\"@id\":\"https:\/\/medicina.udd.cl\/centro-humanidades\/#website\"},\"datePublished\":\"2017-03-13T11:46:35+00:00\",\"dateModified\":\"2017-05-17T21:25:31+00:00\",\"breadcrumb\":{\"@id\":\"https:\/\/medicina.udd.cl\/centro-humanidades\/proyectos\/vii-concurso-artistico-y-literario\/#breadcrumb\"},\"inLanguage\":\"es\",\"potentialAction\":[{\"@type\":\"ReadAction\",\"target\":[\"https:\/\/medicina.udd.cl\/centro-humanidades\/proyectos\/vii-concurso-artistico-y-literario\/\"]}]},{\"@type\":\"BreadcrumbList\",\"@id\":\"https:\/\/medicina.udd.cl\/centro-humanidades\/proyectos\/vii-concurso-artistico-y-literario\/#breadcrumb\",\"itemListElement\":[{\"@type\":\"ListItem\",\"position\":1,\"name\":\"Home\",\"item\":\"https:\/\/medicina.udd.cl\/centro-humanidades\/\"},{\"@type\":\"ListItem\",\"position\":2,\"name\":\"Concurso Art\u00edstico y Literario\",\"item\":\"https:\/\/medicina.udd.cl\/centro-humanidades\/proyectos\/\"},{\"@type\":\"ListItem\",\"position\":3,\"name\":\"VII Concurso Art\u00edstico y Literario\"}]},{\"@type\":\"WebSite\",\"@id\":\"https:\/\/medicina.udd.cl\/centro-humanidades\/#website\",\"url\":\"https:\/\/medicina.udd.cl\/centro-humanidades\/\",\"name\":\"Centro de Humanidades\",\"description\":\"Otro sitio m\u00e1s de Medicina\",\"potentialAction\":[{\"@type\":\"SearchAction\",\"target\":{\"@type\":\"EntryPoint\",\"urlTemplate\":\"https:\/\/medicina.udd.cl\/centro-humanidades\/?s={search_term_string}\"},\"query-input\":{\"@type\":\"PropertyValueSpecification\",\"valueRequired\":true,\"valueName\":\"search_term_string\"}}],\"inLanguage\":\"es\"}]}<\/script>\n<!-- \/ Yoast SEO plugin. -->","yoast_head_json":{"title":"VII Concurso Art\u00edstico y Literario - Centro de Humanidades","robots":{"index":"index","follow":"follow","max-snippet":"max-snippet:-1","max-image-preview":"max-image-preview:large","max-video-preview":"max-video-preview:-1"},"canonical":"https:\/\/medicina.udd.cl\/centro-humanidades\/proyectos\/vii-concurso-artistico-y-literario\/","og_locale":"es_ES","og_type":"article","og_title":"VII Concurso Art\u00edstico y Literario - Centro de Humanidades","og_description":"Pueden participar estudiantes, docentes y administrativos de la Facultad de Medicina Cl\u00ednica Alemana Universidad del Desarrollo y de la UDD. El Centro de Humanidades, con la colaboraci\u00f3n del DAE y el Instituto de Humanidades de la UDD, inicia una nueva etapa en su Concurso Literario y Art\u00edstico donde estudiantes, docentes y administrativos de la Facultad [&hellip;]","og_url":"https:\/\/medicina.udd.cl\/centro-humanidades\/proyectos\/vii-concurso-artistico-y-literario\/","og_site_name":"Centro de Humanidades","article_modified_time":"2017-05-17T21:25:31+00:00","twitter_misc":{"Tiempo de lectura":"2 minutos"},"schema":{"@context":"https:\/\/schema.org","@graph":[{"@type":"WebPage","@id":"https:\/\/medicina.udd.cl\/centro-humanidades\/proyectos\/vii-concurso-artistico-y-literario\/","url":"https:\/\/medicina.udd.cl\/centro-humanidades\/proyectos\/vii-concurso-artistico-y-literario\/","name":"VII Concurso Art\u00edstico y Literario - Centro de Humanidades","isPartOf":{"@id":"https:\/\/medicina.udd.cl\/centro-humanidades\/#website"},"datePublished":"2017-03-13T11:46:35+00:00","dateModified":"2017-05-17T21:25:31+00:00","breadcrumb":{"@id":"https:\/\/medicina.udd.cl\/centro-humanidades\/proyectos\/vii-concurso-artistico-y-literario\/#breadcrumb"},"inLanguage":"es","potentialAction":[{"@type":"ReadAction","target":["https:\/\/medicina.udd.cl\/centro-humanidades\/proyectos\/vii-concurso-artistico-y-literario\/"]}]},{"@type":"BreadcrumbList","@id":"https:\/\/medicina.udd.cl\/centro-humanidades\/proyectos\/vii-concurso-artistico-y-literario\/#breadcrumb","itemListElement":[{"@type":"ListItem","position":1,"name":"Home","item":"https:\/\/medicina.udd.cl\/centro-humanidades\/"},{"@type":"ListItem","position":2,"name":"Concurso Art\u00edstico y Literario","item":"https:\/\/medicina.udd.cl\/centro-humanidades\/proyectos\/"},{"@type":"ListItem","position":3,"name":"VII Concurso Art\u00edstico y Literario"}]},{"@type":"WebSite","@id":"https:\/\/medicina.udd.cl\/centro-humanidades\/#website","url":"https:\/\/medicina.udd.cl\/centro-humanidades\/","name":"Centro de Humanidades","description":"Otro sitio m\u00e1s de Medicina","potentialAction":[{"@type":"SearchAction","target":{"@type":"EntryPoint","urlTemplate":"https:\/\/medicina.udd.cl\/centro-humanidades\/?s={search_term_string}"},"query-input":{"@type":"PropertyValueSpecification","valueRequired":true,"valueName":"search_term_string"}}],"inLanguage":"es"}]}},"_links":{"self":[{"href":"https:\/\/medicina.udd.cl\/centro-humanidades\/wp-json\/wp\/v2\/pages\/2205","targetHints":{"allow":["GET"]}}],"collection":[{"href":"https:\/\/medicina.udd.cl\/centro-humanidades\/wp-json\/wp\/v2\/pages"}],"about":[{"href":"https:\/\/medicina.udd.cl\/centro-humanidades\/wp-json\/wp\/v2\/types\/page"}],"author":[{"embeddable":true,"href":"https:\/\/medicina.udd.cl\/centro-humanidades\/wp-json\/wp\/v2\/users\/42"}],"replies":[{"embeddable":true,"href":"https:\/\/medicina.udd.cl\/centro-humanidades\/wp-json\/wp\/v2\/comments?post=2205"}],"version-history":[{"count":9,"href":"https:\/\/medicina.udd.cl\/centro-humanidades\/wp-json\/wp\/v2\/pages\/2205\/revisions"}],"predecessor-version":[{"id":2345,"href":"https:\/\/medicina.udd.cl\/centro-humanidades\/wp-json\/wp\/v2\/pages\/2205\/revisions\/2345"}],"up":[{"embeddable":true,"href":"https:\/\/medicina.udd.cl\/centro-humanidades\/wp-json\/wp\/v2\/pages\/3"}],"wp:attachment":[{"href":"https:\/\/medicina.udd.cl\/centro-humanidades\/wp-json\/wp\/v2\/media?parent=2205"}],"curies":[{"name":"wp","href":"https:\/\/api.w.org\/{rel}","templated":true}]}}