{"id":2544,"date":"2018-01-15T09:48:03","date_gmt":"2018-01-15T12:48:03","guid":{"rendered":"http:\/\/medicina.udd.cl\/centro-humanidades\/?page_id=2544"},"modified":"2018-06-12T16:19:00","modified_gmt":"2018-06-12T20:19:00","slug":"viii-concurso-artistico-y-literario","status":"publish","type":"page","link":"https:\/\/medicina.udd.cl\/centro-humanidades\/proyectos\/viii-concurso-artistico-y-literario\/","title":{"rendered":"VIII Concurso Art\u00edstico y Literario"},"content":{"rendered":"<p style=\"text-align: center;\"><strong><u>BASES DEL VIII CONCURSO ART\u00cdSTICO Y LITERARIO\u00a0<\/u><\/strong><strong><u>2018<\/u><\/strong><\/p>\n<p style=\"text-align: justify;\"><a href=\"http:\/\/medicina.udd.cl\/centro-humanidades\/files\/2018\/01\/Afiche-Concurso-artistico-y-literario-2018.jpg\" rel=\"attachment wp-att-2660\"><img loading=\"lazy\" decoding=\"async\" class=\"size-medium wp-image-2660 alignright\" src=\"http:\/\/medicina.udd.cl\/centro-humanidades\/files\/2018\/01\/Afiche-Concurso-artistico-y-literario-2018-210x300.jpg\" alt=\"Afiche Concurso artistico y literario 2018\" width=\"210\" height=\"300\" srcset=\"https:\/\/medicina.udd.cl\/centro-humanidades\/files\/2018\/01\/Afiche-Concurso-artistico-y-literario-2018-210x300.jpg 210w, https:\/\/medicina.udd.cl\/centro-humanidades\/files\/2018\/01\/Afiche-Concurso-artistico-y-literario-2018-768x1096.jpg 768w, https:\/\/medicina.udd.cl\/centro-humanidades\/files\/2018\/01\/Afiche-Concurso-artistico-y-literario-2018-717x1024.jpg 717w, https:\/\/medicina.udd.cl\/centro-humanidades\/files\/2018\/01\/Afiche-Concurso-artistico-y-literario-2018-673x960.jpg 673w, https:\/\/medicina.udd.cl\/centro-humanidades\/files\/2018\/01\/Afiche-Concurso-artistico-y-literario-2018.jpg 964w\" sizes=\"auto, (max-width: 210px) 100vw, 210px\" \/><\/a>El Centro de Humanidades, con la colaboraci\u00f3n del DAE y el Instituto de Humanidades de la UDD, inicia una nueva etapa en su Concurso Literario y Art\u00edstico donde estudiantes, docentes y administrativos de la Facultad de\u00a0Medicina y UDD podr\u00e1n\u00a0participar presentando\u00a0sus trabajos en las categor\u00edas: Pintura o Dibujo, Fotograf\u00eda,\u00a0Cuento o Poes\u00eda.<\/p>\n<p>\u00a1Invitamos esta vez a otras Facultades de la UDD a participar!<\/p>\n<p><strong>Tema<\/strong><strong>: <\/strong>Mi lado B<\/p>\n<p><strong>Reglas<\/strong><\/p>\n<ul>\n<li>S\u00f3lo se puede presentar 1 trabajo por cada tema.<\/li>\n<li>Los trabajos se deben <strong>entregar a hasta el 6 de julio de 2018, entre 9:00 y 13:00<\/strong> en el Centro de Humanidades o en la Direcci\u00f3n de Comunicaciones y Extensi\u00f3n de la Facultad de Medicina CAS-UDD\u00a0(Av. Las Condes 12.438, Lo Barnechea).<\/li>\n<li>Entregar los trabajos con nombre, carrera y a\u00f1o, unidad o facultad. Indicar si es docente o funcionario en caso de no ser estudiante.<\/li>\n<\/ul>\n<p><em>Requisito para categor\u00eda Pintura, Dibujo o Fotograf\u00eda:<\/em><\/p>\n<ul>\n<li>Fotograf\u00eda: <strong>t\u00e9cnica libre.<\/strong> Impreso en papel fotogr\u00e1fico en formato 30&#215;40 cm. Agregar t\u00edtulo.<\/li>\n<li>Pintura, Dibujo o instalaci\u00f3n:\u00a0<strong>t\u00e9cnica libre. <\/strong>(Puede ser tambi\u00e9n con materiales distintos a los tradicionales; instalaci\u00f3n o collage) Formato desde 50x 70 hasta 1,50 x 50 cm. Agregar t\u00edtulo.<\/li>\n<\/ul>\n<p><em>Requisitos para categor\u00eda Poes\u00eda o Cuento:<\/em><\/p>\n<ul>\n<li>Poes\u00eda: extensi\u00f3n libre.<\/li>\n<li>Cuento: extensi\u00f3n: de cuatro a diez planas, doble espacio, tipograf\u00eda convencional (Arial 12).<\/li>\n<li>Entregar el cuento\/ poes\u00eda impreso en un sobre cerrado, con nombre completo, mail, tel\u00e9fono directo de contacto, carrera y a\u00f1o, Facultad, Direcci\u00f3n o Unidad de la UDD a la que pertenece.<\/li>\n<li>Enviar el mismo documento (cuento o poes\u00eda) en formato pdf a susanadorr@udd.cl<\/li>\n<\/ul>\n<p><strong>\u00a0Premios:<\/strong><\/p>\n<ul>\n<li>Los mejores trabajos de cada categor\u00eda ser\u00e1n publicados en un cat\u00e1logo como parte de la Revista Academia del segundo semestre.<\/li>\n<li>Para los 3 primeros lugares: INAUGURACI\u00d3N Y EXPOSICI\u00d3N EN GALER\u00cdA \u00abESPACIO O\u00bb, Lastarria, el mi\u00e9rcoles 8 de agosto de 2018, a las 19:30.<\/li>\n<\/ul>\n<p><strong>Contacto:<\/strong><\/p>\n<ul>\n<li>Sandra Placencia <a href=\"mailto:contactocde@udd.cl\">contactocde@udd.cl<\/a><\/li>\n<li>Susana D\u00f6rr <a href=\"mailto:susanadorr@udd.cl\">susanadorr@udd.cl<\/a><\/li>\n<\/ul>\n<p><strong>Jurado:<\/strong><\/p>\n<p><u>Pintura o Dibujo y Fotograf\u00eda:<\/u><\/p>\n<ul>\n<li>Arturo Duclos, pintor chileno, integrante de la vanguardista Escuela de Avanzada chilena en los a\u00f1os noventa. Partiendo de la pintura convencional, ha cultivado diversas t\u00e9cnicas de representaci\u00f3n en un trabajo orientado hacia la experimentaci\u00f3n y la b\u00fasqueda de nuevos lenguajes art\u00edsticos.<\/li>\n<li>Juan Subercaseaux, pintor chileno, experto en la t\u00e9cnica mixta (t\u00e9mpera de huevo y \u00f3leo) del Renacimiento, aplicada a una pintura figurativa contempor\u00e1nea.<\/li>\n<li>Marcelo Ferrari. Cineasta. Director de la carrera de Cine. Sede Santiago. UDD.<\/li>\n<li>Fernando G\u00f3mez. Fot\u00f3grafo y docente de la carrera de Periodismo UDD.<\/li>\n<li>Oscar Mackenney. Vicedecano Facultad de Arquitectura UDD.<\/li>\n<\/ul>\n<p><u>Cuento o Poes\u00eda:<\/u><\/p>\n<ul>\n<li>Cristi\u00e1n Barros. Abogado y Escritor. Docente UDD.<\/li>\n<\/ul>\n<p><em><strong>El jurado se reserva declarar desierto el concurso en cualquiera de las menciones.<\/strong><\/em><\/p>\n<p>&nbsp;<\/p>\n","protected":false},"excerpt":{"rendered":"<p>BASES DEL VIII CONCURSO ART\u00cdSTICO Y LITERARIO\u00a02018 El Centro de Humanidades, con la colaboraci\u00f3n del DAE y el Instituto de Humanidades de la UDD, inicia una nueva etapa en su Concurso Literario y Art\u00edstico donde estudiantes, docentes y administrativos de la Facultad de\u00a0Medicina y UDD podr\u00e1n\u00a0participar presentando\u00a0sus trabajos en las categor\u00edas: Pintura o Dibujo, Fotograf\u00eda,\u00a0Cuento [&hellip;]<\/p>\n","protected":false},"author":42,"featured_media":0,"parent":3,"menu_order":0,"comment_status":"closed","ping_status":"closed","template":"","meta":{"footnotes":""},"class_list":["post-2544","page","type-page","status-publish","hentry"],"yoast_head":"<!-- This site is optimized with the Yoast SEO plugin v26.9 - https:\/\/yoast.com\/product\/yoast-seo-wordpress\/ -->\n<title>VIII Concurso Art\u00edstico y Literario - Centro de Humanidades<\/title>\n<meta name=\"robots\" content=\"index, follow, max-snippet:-1, max-image-preview:large, max-video-preview:-1\" \/>\n<link rel=\"canonical\" href=\"https:\/\/medicina.udd.cl\/centro-humanidades\/proyectos\/viii-concurso-artistico-y-literario\/\" \/>\n<meta property=\"og:locale\" content=\"es_ES\" \/>\n<meta property=\"og:type\" content=\"article\" \/>\n<meta property=\"og:title\" content=\"VIII Concurso Art\u00edstico y Literario - Centro de Humanidades\" \/>\n<meta property=\"og:description\" content=\"BASES DEL VIII CONCURSO ART\u00cdSTICO Y LITERARIO\u00a02018 El Centro de Humanidades, con la colaboraci\u00f3n del DAE y el Instituto de Humanidades de la UDD, inicia una nueva etapa en su Concurso Literario y Art\u00edstico donde estudiantes, docentes y administrativos de la Facultad de\u00a0Medicina y UDD podr\u00e1n\u00a0participar presentando\u00a0sus trabajos en las categor\u00edas: Pintura o Dibujo, Fotograf\u00eda,\u00a0Cuento [&hellip;]\" \/>\n<meta property=\"og:url\" content=\"https:\/\/medicina.udd.cl\/centro-humanidades\/proyectos\/viii-concurso-artistico-y-literario\/\" \/>\n<meta property=\"og:site_name\" content=\"Centro de Humanidades\" \/>\n<meta property=\"article:modified_time\" content=\"2018-06-12T20:19:00+00:00\" \/>\n<meta property=\"og:image\" content=\"http:\/\/medicina.udd.cl\/centro-humanidades\/files\/2018\/01\/Afiche-Concurso-artistico-y-literario-2018-210x300.jpg\" \/>\n<meta name=\"twitter:label1\" content=\"Tiempo de lectura\" \/>\n\t<meta name=\"twitter:data1\" content=\"2 minutos\" \/>\n<script type=\"application\/ld+json\" class=\"yoast-schema-graph\">{\"@context\":\"https:\/\/schema.org\",\"@graph\":[{\"@type\":\"WebPage\",\"@id\":\"https:\/\/medicina.udd.cl\/centro-humanidades\/proyectos\/viii-concurso-artistico-y-literario\/\",\"url\":\"https:\/\/medicina.udd.cl\/centro-humanidades\/proyectos\/viii-concurso-artistico-y-literario\/\",\"name\":\"VIII Concurso Art\u00edstico y Literario - Centro de Humanidades\",\"isPartOf\":{\"@id\":\"https:\/\/medicina.udd.cl\/centro-humanidades\/#website\"},\"primaryImageOfPage\":{\"@id\":\"https:\/\/medicina.udd.cl\/centro-humanidades\/proyectos\/viii-concurso-artistico-y-literario\/#primaryimage\"},\"image\":{\"@id\":\"https:\/\/medicina.udd.cl\/centro-humanidades\/proyectos\/viii-concurso-artistico-y-literario\/#primaryimage\"},\"thumbnailUrl\":\"http:\/\/medicina.udd.cl\/centro-humanidades\/files\/2018\/01\/Afiche-Concurso-artistico-y-literario-2018-210x300.jpg\",\"datePublished\":\"2018-01-15T12:48:03+00:00\",\"dateModified\":\"2018-06-12T20:19:00+00:00\",\"breadcrumb\":{\"@id\":\"https:\/\/medicina.udd.cl\/centro-humanidades\/proyectos\/viii-concurso-artistico-y-literario\/#breadcrumb\"},\"inLanguage\":\"es\",\"potentialAction\":[{\"@type\":\"ReadAction\",\"target\":[\"https:\/\/medicina.udd.cl\/centro-humanidades\/proyectos\/viii-concurso-artistico-y-literario\/\"]}]},{\"@type\":\"ImageObject\",\"inLanguage\":\"es\",\"@id\":\"https:\/\/medicina.udd.cl\/centro-humanidades\/proyectos\/viii-concurso-artistico-y-literario\/#primaryimage\",\"url\":\"http:\/\/medicina.udd.cl\/centro-humanidades\/files\/2018\/01\/Afiche-Concurso-artistico-y-literario-2018-210x300.jpg\",\"contentUrl\":\"http:\/\/medicina.udd.cl\/centro-humanidades\/files\/2018\/01\/Afiche-Concurso-artistico-y-literario-2018-210x300.jpg\"},{\"@type\":\"BreadcrumbList\",\"@id\":\"https:\/\/medicina.udd.cl\/centro-humanidades\/proyectos\/viii-concurso-artistico-y-literario\/#breadcrumb\",\"itemListElement\":[{\"@type\":\"ListItem\",\"position\":1,\"name\":\"Home\",\"item\":\"https:\/\/medicina.udd.cl\/centro-humanidades\/\"},{\"@type\":\"ListItem\",\"position\":2,\"name\":\"Concurso Art\u00edstico y Literario\",\"item\":\"https:\/\/medicina.udd.cl\/centro-humanidades\/proyectos\/\"},{\"@type\":\"ListItem\",\"position\":3,\"name\":\"VIII Concurso Art\u00edstico y Literario\"}]},{\"@type\":\"WebSite\",\"@id\":\"https:\/\/medicina.udd.cl\/centro-humanidades\/#website\",\"url\":\"https:\/\/medicina.udd.cl\/centro-humanidades\/\",\"name\":\"Centro de Humanidades\",\"description\":\"Otro sitio m\u00e1s de Medicina\",\"potentialAction\":[{\"@type\":\"SearchAction\",\"target\":{\"@type\":\"EntryPoint\",\"urlTemplate\":\"https:\/\/medicina.udd.cl\/centro-humanidades\/?s={search_term_string}\"},\"query-input\":{\"@type\":\"PropertyValueSpecification\",\"valueRequired\":true,\"valueName\":\"search_term_string\"}}],\"inLanguage\":\"es\"}]}<\/script>\n<!-- \/ Yoast SEO plugin. -->","yoast_head_json":{"title":"VIII Concurso Art\u00edstico y Literario - Centro de Humanidades","robots":{"index":"index","follow":"follow","max-snippet":"max-snippet:-1","max-image-preview":"max-image-preview:large","max-video-preview":"max-video-preview:-1"},"canonical":"https:\/\/medicina.udd.cl\/centro-humanidades\/proyectos\/viii-concurso-artistico-y-literario\/","og_locale":"es_ES","og_type":"article","og_title":"VIII Concurso Art\u00edstico y Literario - Centro de Humanidades","og_description":"BASES DEL VIII CONCURSO ART\u00cdSTICO Y LITERARIO\u00a02018 El Centro de Humanidades, con la colaboraci\u00f3n del DAE y el Instituto de Humanidades de la UDD, inicia una nueva etapa en su Concurso Literario y Art\u00edstico donde estudiantes, docentes y administrativos de la Facultad de\u00a0Medicina y UDD podr\u00e1n\u00a0participar presentando\u00a0sus trabajos en las categor\u00edas: Pintura o Dibujo, Fotograf\u00eda,\u00a0Cuento [&hellip;]","og_url":"https:\/\/medicina.udd.cl\/centro-humanidades\/proyectos\/viii-concurso-artistico-y-literario\/","og_site_name":"Centro de Humanidades","article_modified_time":"2018-06-12T20:19:00+00:00","og_image":[{"url":"http:\/\/medicina.udd.cl\/centro-humanidades\/files\/2018\/01\/Afiche-Concurso-artistico-y-literario-2018-210x300.jpg","type":"","width":"","height":""}],"twitter_misc":{"Tiempo de lectura":"2 minutos"},"schema":{"@context":"https:\/\/schema.org","@graph":[{"@type":"WebPage","@id":"https:\/\/medicina.udd.cl\/centro-humanidades\/proyectos\/viii-concurso-artistico-y-literario\/","url":"https:\/\/medicina.udd.cl\/centro-humanidades\/proyectos\/viii-concurso-artistico-y-literario\/","name":"VIII Concurso Art\u00edstico y Literario - Centro de Humanidades","isPartOf":{"@id":"https:\/\/medicina.udd.cl\/centro-humanidades\/#website"},"primaryImageOfPage":{"@id":"https:\/\/medicina.udd.cl\/centro-humanidades\/proyectos\/viii-concurso-artistico-y-literario\/#primaryimage"},"image":{"@id":"https:\/\/medicina.udd.cl\/centro-humanidades\/proyectos\/viii-concurso-artistico-y-literario\/#primaryimage"},"thumbnailUrl":"http:\/\/medicina.udd.cl\/centro-humanidades\/files\/2018\/01\/Afiche-Concurso-artistico-y-literario-2018-210x300.jpg","datePublished":"2018-01-15T12:48:03+00:00","dateModified":"2018-06-12T20:19:00+00:00","breadcrumb":{"@id":"https:\/\/medicina.udd.cl\/centro-humanidades\/proyectos\/viii-concurso-artistico-y-literario\/#breadcrumb"},"inLanguage":"es","potentialAction":[{"@type":"ReadAction","target":["https:\/\/medicina.udd.cl\/centro-humanidades\/proyectos\/viii-concurso-artistico-y-literario\/"]}]},{"@type":"ImageObject","inLanguage":"es","@id":"https:\/\/medicina.udd.cl\/centro-humanidades\/proyectos\/viii-concurso-artistico-y-literario\/#primaryimage","url":"http:\/\/medicina.udd.cl\/centro-humanidades\/files\/2018\/01\/Afiche-Concurso-artistico-y-literario-2018-210x300.jpg","contentUrl":"http:\/\/medicina.udd.cl\/centro-humanidades\/files\/2018\/01\/Afiche-Concurso-artistico-y-literario-2018-210x300.jpg"},{"@type":"BreadcrumbList","@id":"https:\/\/medicina.udd.cl\/centro-humanidades\/proyectos\/viii-concurso-artistico-y-literario\/#breadcrumb","itemListElement":[{"@type":"ListItem","position":1,"name":"Home","item":"https:\/\/medicina.udd.cl\/centro-humanidades\/"},{"@type":"ListItem","position":2,"name":"Concurso Art\u00edstico y Literario","item":"https:\/\/medicina.udd.cl\/centro-humanidades\/proyectos\/"},{"@type":"ListItem","position":3,"name":"VIII Concurso Art\u00edstico y Literario"}]},{"@type":"WebSite","@id":"https:\/\/medicina.udd.cl\/centro-humanidades\/#website","url":"https:\/\/medicina.udd.cl\/centro-humanidades\/","name":"Centro de Humanidades","description":"Otro sitio m\u00e1s de Medicina","potentialAction":[{"@type":"SearchAction","target":{"@type":"EntryPoint","urlTemplate":"https:\/\/medicina.udd.cl\/centro-humanidades\/?s={search_term_string}"},"query-input":{"@type":"PropertyValueSpecification","valueRequired":true,"valueName":"search_term_string"}}],"inLanguage":"es"}]}},"_links":{"self":[{"href":"https:\/\/medicina.udd.cl\/centro-humanidades\/wp-json\/wp\/v2\/pages\/2544","targetHints":{"allow":["GET"]}}],"collection":[{"href":"https:\/\/medicina.udd.cl\/centro-humanidades\/wp-json\/wp\/v2\/pages"}],"about":[{"href":"https:\/\/medicina.udd.cl\/centro-humanidades\/wp-json\/wp\/v2\/types\/page"}],"author":[{"embeddable":true,"href":"https:\/\/medicina.udd.cl\/centro-humanidades\/wp-json\/wp\/v2\/users\/42"}],"replies":[{"embeddable":true,"href":"https:\/\/medicina.udd.cl\/centro-humanidades\/wp-json\/wp\/v2\/comments?post=2544"}],"version-history":[{"count":11,"href":"https:\/\/medicina.udd.cl\/centro-humanidades\/wp-json\/wp\/v2\/pages\/2544\/revisions"}],"predecessor-version":[{"id":2795,"href":"https:\/\/medicina.udd.cl\/centro-humanidades\/wp-json\/wp\/v2\/pages\/2544\/revisions\/2795"}],"up":[{"embeddable":true,"href":"https:\/\/medicina.udd.cl\/centro-humanidades\/wp-json\/wp\/v2\/pages\/3"}],"wp:attachment":[{"href":"https:\/\/medicina.udd.cl\/centro-humanidades\/wp-json\/wp\/v2\/media?parent=2544"}],"curies":[{"name":"wp","href":"https:\/\/api.w.org\/{rel}","templated":true}]}}