{"id":2960,"date":"2019-03-28T11:32:49","date_gmt":"2019-03-28T14:32:49","guid":{"rendered":"http:\/\/medicina.udd.cl\/centro-humanidades\/?page_id=2960"},"modified":"2019-03-29T15:25:00","modified_gmt":"2019-03-29T18:25:00","slug":"ix-concurso-artistico-y-literario","status":"publish","type":"page","link":"https:\/\/medicina.udd.cl\/centro-humanidades\/proyectos\/ix-concurso-artistico-y-literario\/","title":{"rendered":"IX Concurso Art\u00edstico y Literario"},"content":{"rendered":"<p><strong><u>BASES DEL IX CONCURSO ART\u00cdSTICO Y LITERARIO\u00a0 2019<\/u><\/strong><\/p>\n<p>&nbsp;<\/p>\n<p><a href=\"\/\/medicina.udd.cl\/centro-humanidades\/files\/2019\/03\/Concurso-Arti\u0301stico_PPTAS2.pdf\"><img loading=\"lazy\" decoding=\"async\" class=\"aligncenter wp-image-2963 size-medium\" src=\"\/\/medicina.udd.cl\/centro-humanidades\/files\/2019\/03\/Captura-1-227x300.png\" alt=\"\" width=\"227\" height=\"300\" srcset=\"https:\/\/medicina.udd.cl\/centro-humanidades\/files\/2019\/03\/Captura-1-227x300.png 227w, https:\/\/medicina.udd.cl\/centro-humanidades\/files\/2019\/03\/Captura-1.png 447w\" sizes=\"auto, (max-width: 227px) 100vw, 227px\" \/><\/a><\/p>\n<p>&nbsp;<\/p>\n<p>EL Centro de Humanidades de Medicina junto al Instituto de Humanidades de la Facultad de Gobierno, invitan a toda la comunidad estudiantil; alumnos de pregrado y postgrado, egresados; docentes y colaboradores de la Universidad del Desarrollo, \u00a0a participar de una nueva versi\u00f3n del concurso Art\u00edstico y Literario.<\/p>\n<p>A continuaci\u00f3n, presentamos las bases de participaci\u00f3n:<\/p>\n<p><strong><u>Bases Generales <\/u><\/strong><\/p>\n<ol>\n<li>Pueden participar de este concurso todos los estudiantes regulares de pregrado y postgrado, egresados; docentes y colaboradores UDD, sede Santiago y Concepci\u00f3n. Sin embargo, no podr\u00e1n participar docentes ni colaboradores del Centro de Humanidades como del Instituto.<\/li>\n<li>Todos los trabajos deben basarse en el tema del concurso: EL VIAJE. El desarrollo tem\u00e1tico puede hacerse de manera concreta o rescatando la esencia del tema. El jurado se atribuye la facultad de descalificar un trabajo que no se encuentre asociado al tema del concurso.<\/li>\n<li>El concurso cuenta con cinco categor\u00edas diferentes; Categor\u00eda 1: Pintura o Dibujo,<\/li>\n<\/ol>\n<p>Categor\u00eda 2: Instalaci\u00f3n o Escultura, Categor\u00eda 3: Fotograf\u00eda, Categor\u00eda 4: Cuento y Categor\u00eda 5: Poes\u00eda.<\/p>\n<ol start=\"4\">\n<li>Cada participante deber\u00e1 considerar lo siguiente:<\/li>\n<li>La participaci\u00f3n es individual (evidencia de presentar un trabajo conjunto derivar\u00e1 en la descalificaci\u00f3n del participante).<\/li>\n<li>Podr\u00e1 presentar un m\u00e1ximo de 1 trabajo por cada categor\u00eda.<\/li>\n<li>Los trabajos presentados deben ser in\u00e9ditos y de la autor\u00eda de quien est\u00e1 concursando (presentar un trabajo ajeno present\u00e1ndolo como propio implicar\u00e1 la descalificaci\u00f3n del participante).<\/li>\n<li>Los trabajos deben ser presentados de forma f\u00edsica con nombre completo, rut, tel\u00e9fono, correo electr\u00f3nico, carrera, a\u00f1o, unidad o facultad a la que pertenece. Indicar si es docente o colaborador en caso de no ser estudiante.<\/li>\n<li>Requisitos espec\u00edficos por categor\u00eda:<\/li>\n<li>Pintura o Dibujo: Las pinturas pueden ser en formato desde 50&#215;70 hasta 150cm en su lado mayor. Debe venir con el nombre de la obra, en la parte inferior derecha.<\/li>\n<li>Fotograf\u00eda: t\u00e9cnica libre. Impreso en papel fotogr\u00e1fico en formato 30&#215;40 cm como m\u00ednimo a 50 x 70 cm como m\u00e1ximo. Debe venir con el nombre de la obra, en la parte inferior derecha.<\/li>\n<li>Escultura o instalaci\u00f3n:\u00a0t\u00e9cnica libre. Las obras en esta categor\u00eda no podr\u00e1n exceder los 100 cm en su lado mayor. En caso de requerir, los autores deber\u00e1n incorporar un plinto para su exhibici\u00f3n.<\/li>\n<li>Poes\u00eda: Debe explicitarse que se concursa por categor\u00eda \u2018Poes\u00eda\u2019 en la parte superior izquierda. Debe poseer un t\u00edtulo y una extensi\u00f3n m\u00e1ximo 1.500 palabras.<\/li>\n<li>Cuento: Debe explicitarse que se concursa por categor\u00eda \u2018Cuento\u2019 en la parte superior izquierda. Debe poseer t\u00edtulo y un m\u00e1ximo de 2.500 palabras, doble espacio, tipograf\u00eda convencional (Arial 12). Debe contener t\u00edtulo.<\/li>\n<li>En el caso de la categor\u00eda de poes\u00eda o cuento, el trabajo debe ser enviado en formato pdf a <a href=\"mailto:concursoartisticoliterario@udd.cl\">concursoartisticoliterario@udd.cl<\/a> con nombre completo, rut, tel\u00e9fono, correo electr\u00f3nico, carrera y a\u00f1o, unidad o facultad. Indicar si es docente o funcionario en caso de no ser estudiante.<\/li>\n<\/ol>\n<p><em>As\u00ed como tambi\u00e9n a los alumnos que est\u00e9n en proceso de egreso, cuyo \u00faltimo cr\u00e9dito haya sido cursado el segundo semestre de 2018<\/em><\/p>\n<p><em>As\u00ed como tambi\u00e9n a los alumnos que est\u00e9n en proceso de egreso, cuyo \u00faltimo cr\u00e9dito haya sido cursado el segundo semestre de 2018<\/em><\/p>\n<p><strong><u>Etapas del proceso<\/u><\/strong><\/p>\n<ul>\n<li>El plazo m\u00e1ximo para la entrega de los trabajos <strong>es el viernes 5 de julio hasta las 13:00<\/strong> hrs en el Centro de Humanidades, Campus Las Condes o bien en las oficinas del Instituto de Humanidades, Campus RESB y Campus Ainavillo. No se recibir\u00e1n trabajos fuera de plazo.<\/li>\n<li>Habr\u00e1 un periodo de preselecci\u00f3n donde una comisi\u00f3n verificar\u00e1 que se cumplan las bases y preseleccionar\u00e1 las obras para ser evaluadas por el jurado.<\/li>\n<li>La deliberaci\u00f3n del jurado que determinar\u00e1 los primeros lugares, ser\u00e1 secreta y se revelar\u00e1 a los ganadores por el correo electr\u00f3nico oficial el d\u00eda viernes 26 de julio. Adem\u00e1s, se publicar\u00e1n los nombres de los ganadores en las redes sociales.<\/li>\n<\/ul>\n<p>El jurado estar\u00e1 conformado por los siguientes miembros:<\/p>\n<p>Categor\u00edas de Pintura o Dibujo, fotograf\u00eda e instalaci\u00f3n o escultura:<\/p>\n<ul>\n<li>Arturo Duclos, Artista Visual.<\/li>\n<li>Juan Subercaseaux,<\/li>\n<li>Marcelo Ferrari. Cineasta. Director de la carrera de Cine. Sede Santiago. UDD.<\/li>\n<li>Fernando G\u00f3mez. Fot\u00f3grafo y docente de la carrera de Periodismo UDD.<\/li>\n<li>Oscar Mackenney. Vicedecano Facultad de Arquitectura UDD.<\/li>\n<\/ul>\n<p>Categor\u00edas de Cuento y Poes\u00eda:<\/p>\n<ul>\n<li>Cristi\u00e1n Barros. Abogado y Escritor. Docente UDD.<\/li>\n<li>Guido Larson. Director del Instituto de Humanidades UDD.<\/li>\n<\/ul>\n<p>El jurado se reserva declarar desierto el concurso en cualquiera de las menciones.<\/p>\n<p><strong><u>Premios:<\/u><\/strong><\/p>\n<ol>\n<li>La premiaci\u00f3n se realizar\u00e1 el <strong>mi\u00e9rcoles 7 de agosto a las 19:30 hrs<\/strong> en Espacio O. Villavicencio 395, Santiago.<\/li>\n<li>Los tres mejores trabajos de cada categor\u00eda ser\u00e1n publicados en un cat\u00e1logo como parte de la Revista Academia del segundo semestre.<\/li>\n<li>Los tres primeros lugares de cada categor\u00eda participar\u00e1n en la inauguraci\u00f3n y exposici\u00f3n en la galer\u00eda de espacio 0.<\/li>\n<li>Los primeros lugares de cada categor\u00eda recibir\u00e1n una giftcard por $50.000 para ser usada en la feria del libro, los segundos lugares una giftcard por $30.000 y los terceros lugares de $20.000).<\/li>\n<\/ol>\n<p>Ante cualquier duda sobre las bases o como participar escribir a <a href=\"mailto:concursoartisticoliterario@udd.cl\">concursoartisticoliterario@udd.cl<\/a><\/p>\n","protected":false},"excerpt":{"rendered":"<p>BASES DEL IX CONCURSO ART\u00cdSTICO Y LITERARIO\u00a0 2019 &nbsp; &nbsp; EL Centro de Humanidades de Medicina junto al Instituto de Humanidades de la Facultad de Gobierno, invitan a toda la comunidad estudiantil; alumnos de pregrado y postgrado, egresados; docentes y colaboradores de la Universidad del Desarrollo, \u00a0a participar de una nueva versi\u00f3n del concurso Art\u00edstico [&hellip;]<\/p>\n","protected":false},"author":9192214,"featured_media":0,"parent":3,"menu_order":0,"comment_status":"closed","ping_status":"closed","template":"","meta":{"footnotes":""},"class_list":["post-2960","page","type-page","status-publish","hentry"],"yoast_head":"<!-- This site is optimized with the Yoast SEO plugin v26.9 - https:\/\/yoast.com\/product\/yoast-seo-wordpress\/ -->\n<title>IX Concurso Art\u00edstico y Literario - Centro de Humanidades<\/title>\n<meta name=\"robots\" content=\"index, follow, max-snippet:-1, max-image-preview:large, max-video-preview:-1\" \/>\n<link rel=\"canonical\" href=\"https:\/\/medicina.udd.cl\/centro-humanidades\/proyectos\/ix-concurso-artistico-y-literario\/\" \/>\n<meta property=\"og:locale\" content=\"es_ES\" \/>\n<meta property=\"og:type\" content=\"article\" \/>\n<meta property=\"og:title\" content=\"IX Concurso Art\u00edstico y Literario - Centro de Humanidades\" \/>\n<meta property=\"og:description\" content=\"BASES DEL IX CONCURSO ART\u00cdSTICO Y LITERARIO\u00a0 2019 &nbsp; &nbsp; EL Centro de Humanidades de Medicina junto al Instituto de Humanidades de la Facultad de Gobierno, invitan a toda la comunidad estudiantil; alumnos de pregrado y postgrado, egresados; docentes y colaboradores de la Universidad del Desarrollo, \u00a0a participar de una nueva versi\u00f3n del concurso Art\u00edstico [&hellip;]\" \/>\n<meta property=\"og:url\" content=\"https:\/\/medicina.udd.cl\/centro-humanidades\/proyectos\/ix-concurso-artistico-y-literario\/\" \/>\n<meta property=\"og:site_name\" content=\"Centro de Humanidades\" \/>\n<meta property=\"article:modified_time\" content=\"2019-03-29T18:25:00+00:00\" \/>\n<meta name=\"twitter:label1\" content=\"Tiempo de lectura\" \/>\n\t<meta name=\"twitter:data1\" content=\"4 minutos\" \/>\n<script type=\"application\/ld+json\" class=\"yoast-schema-graph\">{\"@context\":\"https:\/\/schema.org\",\"@graph\":[{\"@type\":\"WebPage\",\"@id\":\"https:\/\/medicina.udd.cl\/centro-humanidades\/proyectos\/ix-concurso-artistico-y-literario\/\",\"url\":\"https:\/\/medicina.udd.cl\/centro-humanidades\/proyectos\/ix-concurso-artistico-y-literario\/\",\"name\":\"IX Concurso Art\u00edstico y Literario - Centro de Humanidades\",\"isPartOf\":{\"@id\":\"https:\/\/medicina.udd.cl\/centro-humanidades\/#website\"},\"datePublished\":\"2019-03-28T14:32:49+00:00\",\"dateModified\":\"2019-03-29T18:25:00+00:00\",\"breadcrumb\":{\"@id\":\"https:\/\/medicina.udd.cl\/centro-humanidades\/proyectos\/ix-concurso-artistico-y-literario\/#breadcrumb\"},\"inLanguage\":\"es\",\"potentialAction\":[{\"@type\":\"ReadAction\",\"target\":[\"https:\/\/medicina.udd.cl\/centro-humanidades\/proyectos\/ix-concurso-artistico-y-literario\/\"]}]},{\"@type\":\"BreadcrumbList\",\"@id\":\"https:\/\/medicina.udd.cl\/centro-humanidades\/proyectos\/ix-concurso-artistico-y-literario\/#breadcrumb\",\"itemListElement\":[{\"@type\":\"ListItem\",\"position\":1,\"name\":\"Home\",\"item\":\"https:\/\/medicina.udd.cl\/centro-humanidades\/\"},{\"@type\":\"ListItem\",\"position\":2,\"name\":\"Concurso Art\u00edstico y Literario\",\"item\":\"https:\/\/medicina.udd.cl\/centro-humanidades\/proyectos\/\"},{\"@type\":\"ListItem\",\"position\":3,\"name\":\"IX Concurso Art\u00edstico y Literario\"}]},{\"@type\":\"WebSite\",\"@id\":\"https:\/\/medicina.udd.cl\/centro-humanidades\/#website\",\"url\":\"https:\/\/medicina.udd.cl\/centro-humanidades\/\",\"name\":\"Centro de Humanidades\",\"description\":\"Otro sitio m\u00e1s de Medicina\",\"potentialAction\":[{\"@type\":\"SearchAction\",\"target\":{\"@type\":\"EntryPoint\",\"urlTemplate\":\"https:\/\/medicina.udd.cl\/centro-humanidades\/?s={search_term_string}\"},\"query-input\":{\"@type\":\"PropertyValueSpecification\",\"valueRequired\":true,\"valueName\":\"search_term_string\"}}],\"inLanguage\":\"es\"}]}<\/script>\n<!-- \/ Yoast SEO plugin. -->","yoast_head_json":{"title":"IX Concurso Art\u00edstico y Literario - Centro de Humanidades","robots":{"index":"index","follow":"follow","max-snippet":"max-snippet:-1","max-image-preview":"max-image-preview:large","max-video-preview":"max-video-preview:-1"},"canonical":"https:\/\/medicina.udd.cl\/centro-humanidades\/proyectos\/ix-concurso-artistico-y-literario\/","og_locale":"es_ES","og_type":"article","og_title":"IX Concurso Art\u00edstico y Literario - Centro de Humanidades","og_description":"BASES DEL IX CONCURSO ART\u00cdSTICO Y LITERARIO\u00a0 2019 &nbsp; &nbsp; EL Centro de Humanidades de Medicina junto al Instituto de Humanidades de la Facultad de Gobierno, invitan a toda la comunidad estudiantil; alumnos de pregrado y postgrado, egresados; docentes y colaboradores de la Universidad del Desarrollo, \u00a0a participar de una nueva versi\u00f3n del concurso Art\u00edstico [&hellip;]","og_url":"https:\/\/medicina.udd.cl\/centro-humanidades\/proyectos\/ix-concurso-artistico-y-literario\/","og_site_name":"Centro de Humanidades","article_modified_time":"2019-03-29T18:25:00+00:00","twitter_misc":{"Tiempo de lectura":"4 minutos"},"schema":{"@context":"https:\/\/schema.org","@graph":[{"@type":"WebPage","@id":"https:\/\/medicina.udd.cl\/centro-humanidades\/proyectos\/ix-concurso-artistico-y-literario\/","url":"https:\/\/medicina.udd.cl\/centro-humanidades\/proyectos\/ix-concurso-artistico-y-literario\/","name":"IX Concurso Art\u00edstico y Literario - Centro de Humanidades","isPartOf":{"@id":"https:\/\/medicina.udd.cl\/centro-humanidades\/#website"},"datePublished":"2019-03-28T14:32:49+00:00","dateModified":"2019-03-29T18:25:00+00:00","breadcrumb":{"@id":"https:\/\/medicina.udd.cl\/centro-humanidades\/proyectos\/ix-concurso-artistico-y-literario\/#breadcrumb"},"inLanguage":"es","potentialAction":[{"@type":"ReadAction","target":["https:\/\/medicina.udd.cl\/centro-humanidades\/proyectos\/ix-concurso-artistico-y-literario\/"]}]},{"@type":"BreadcrumbList","@id":"https:\/\/medicina.udd.cl\/centro-humanidades\/proyectos\/ix-concurso-artistico-y-literario\/#breadcrumb","itemListElement":[{"@type":"ListItem","position":1,"name":"Home","item":"https:\/\/medicina.udd.cl\/centro-humanidades\/"},{"@type":"ListItem","position":2,"name":"Concurso Art\u00edstico y Literario","item":"https:\/\/medicina.udd.cl\/centro-humanidades\/proyectos\/"},{"@type":"ListItem","position":3,"name":"IX Concurso Art\u00edstico y Literario"}]},{"@type":"WebSite","@id":"https:\/\/medicina.udd.cl\/centro-humanidades\/#website","url":"https:\/\/medicina.udd.cl\/centro-humanidades\/","name":"Centro de Humanidades","description":"Otro sitio m\u00e1s de Medicina","potentialAction":[{"@type":"SearchAction","target":{"@type":"EntryPoint","urlTemplate":"https:\/\/medicina.udd.cl\/centro-humanidades\/?s={search_term_string}"},"query-input":{"@type":"PropertyValueSpecification","valueRequired":true,"valueName":"search_term_string"}}],"inLanguage":"es"}]}},"_links":{"self":[{"href":"https:\/\/medicina.udd.cl\/centro-humanidades\/wp-json\/wp\/v2\/pages\/2960","targetHints":{"allow":["GET"]}}],"collection":[{"href":"https:\/\/medicina.udd.cl\/centro-humanidades\/wp-json\/wp\/v2\/pages"}],"about":[{"href":"https:\/\/medicina.udd.cl\/centro-humanidades\/wp-json\/wp\/v2\/types\/page"}],"author":[{"embeddable":true,"href":"https:\/\/medicina.udd.cl\/centro-humanidades\/wp-json\/wp\/v2\/users\/9192214"}],"replies":[{"embeddable":true,"href":"https:\/\/medicina.udd.cl\/centro-humanidades\/wp-json\/wp\/v2\/comments?post=2960"}],"version-history":[{"count":7,"href":"https:\/\/medicina.udd.cl\/centro-humanidades\/wp-json\/wp\/v2\/pages\/2960\/revisions"}],"predecessor-version":[{"id":2985,"href":"https:\/\/medicina.udd.cl\/centro-humanidades\/wp-json\/wp\/v2\/pages\/2960\/revisions\/2985"}],"up":[{"embeddable":true,"href":"https:\/\/medicina.udd.cl\/centro-humanidades\/wp-json\/wp\/v2\/pages\/3"}],"wp:attachment":[{"href":"https:\/\/medicina.udd.cl\/centro-humanidades\/wp-json\/wp\/v2\/media?parent=2960"}],"curies":[{"name":"wp","href":"https:\/\/api.w.org\/{rel}","templated":true}]}}