{"id":3005,"date":"2019-04-05T09:23:05","date_gmt":"2019-04-05T12:23:05","guid":{"rendered":"http:\/\/medicina.udd.cl\/centro-humanidades\/?page_id=3005"},"modified":"2019-04-11T17:05:06","modified_gmt":"2019-04-11T20:05:06","slug":"jornada-de-sustentabilidad","status":"publish","type":"page","link":"https:\/\/medicina.udd.cl\/centro-humanidades\/jornada-de-sustentabilidad\/","title":{"rendered":"Jornada de Sustentabilidad"},"content":{"rendered":"<p><strong>EXPOSICI\u00d3N TRABAJOS GANADORES CONCURSO MEDICINA SUSTENTABLE<\/strong><\/p>\n<p>Jueves 23-05- 19, a las 19:00 horas.<\/p>\n<p>Invitados: Felipe Marchant, director de Gesti\u00f3n Ambiental, Municipalidad de La Pintana; Alex Godoy F.: Director Centro de Investigaci\u00f3n en Sustentabilidad (Cisger) Facultad de Ingenier\u00eda, UDD. Doctor Honoris Causa Universidad de Wisconsin Green-Bay.; Alexandra Petermann, vicepresidenta de Fundaci\u00f3n Huilo-Huilo. Moderador: Juan Alberto Lecaros, director del Observatorio de Bio\u00e9tica y Derecho, UDD.<\/p>\n<p>JORNADA DE SUSTENTABILIDAD<br \/>\nAula Magna, Campus Las Condes, Facultad de Medicina.<\/p>\n<p>Av. Las Condes 12438, Lo Barnechea.<\/p>\n<p>Entrega de proyectos concursantes: Jueves 16 de mayo en Centro de Humanidades o CEM.<\/p>\n<p><a href=\"https:\/\/medicina.udd.cl\/centro-humanidades\/files\/2019\/04\/08.-sustentabilidad-1-1.pdf\"><img loading=\"lazy\" decoding=\"async\" class=\"aligncenter wp-image-3017 size-medium\" src=\"https:\/\/medicina.udd.cl\/centro-humanidades\/files\/2019\/04\/Captura-1-223x300.jpg\" alt=\"\" width=\"223\" height=\"300\" srcset=\"https:\/\/medicina.udd.cl\/centro-humanidades\/files\/2019\/04\/Captura-1-223x300.jpg 223w, https:\/\/medicina.udd.cl\/centro-humanidades\/files\/2019\/04\/Captura-1.jpg 466w\" sizes=\"auto, (max-width: 223px) 100vw, 223px\" \/><\/a><\/p>\n<p>&nbsp;<\/p>\n<p><strong><a href=\"https:\/\/medicina.udd.cl\/centro-humanidades\/files\/2019\/04\/Bases-concurso-Sustentabilidad-2019-04.04-2-1.pdf\">Bases del Concurso\u00a0<\/a><\/strong><\/p>\n<p><a href=\"https:\/\/medicina.udd.cl\/centro-humanidades\/files\/2019\/04\/08.-sustentabilidad-1-1.pdf\"><div id='wufoo-z1q9gqqb0bggnd2'>\nFill out my <a href='https:\/\/udesarrollo.wufoo.com\/forms\/z1q9gqqb0bggnd2'>online form<\/a>.\n<\/div>\n<script type='text\/javascript'>var z1q9gqqb0bggnd2;(function(d, t) {\nvar s = d.createElement(t), options = {\n'userName'      : 'udesarrollo',    \n'formHash'      : 'z1q9gqqb0bggnd2',    \n'autoResize'    :  true,   \n'height'        : '518',      \n'async'         :  true,          \n'header'        : 'show',      \n'host'          : 'wufoo.com',    \n'entSource'     : 'wordpress',   \n'defaultValues' : ''     \n,'ssl'          :  1           };\ns.src = ('https:' == d.location.protocol ? 'https:\/\/' : 'http:\/\/') + 'secure.wufoo.com\/scripts\/embed\/form.js';\ns.onload = s.onreadystatechange = function() {\nvar rs = this.readyState; if (rs) if (rs != 'complete') if (rs != 'loaded') return;\ntry { z1q9gqqb0bggnd2 = new WufooForm();z1q9gqqb0bggnd2.initialize(options);z1q9gqqb0bggnd2.display(); } catch (e) {}}\nvar scr = d.getElementsByTagName(t)[0], par = scr.parentNode; par.insertBefore(s, scr);\n})(document, 'script');<\/script> <noscript> <iframe height=\"518\" allowTransparency=\"true\" sandbox=\"allow-top-navigation allow-scripts allow-popups allow-forms allow-same-origin allow-popups-to-escape-sandbox\" frameborder=\"0\" scrolling=\"no\" style=\"width:100%;border:none;\"src=\"https:\/\/udesarrollo.wufoo.com\/embed\/z1q9gqqb0bggnd2?entsource=wordpress\"><a href=\"https:\/\/udesarrollo.wufoo.com\/forms\/z1q9gqqb0bggnd2?entsource=wordpress\" rel=\"nofollow\">Fill out my Wufoo form!<\/a><\/iframe> <\/noscript><\/a><\/p>\n","protected":false},"excerpt":{"rendered":"<p>EXPOSICI\u00d3N TRABAJOS GANADORES CONCURSO MEDICINA SUSTENTABLE Jueves 23-05- 19, a las 19:00 horas. Invitados: Felipe Marchant, director de Gesti\u00f3n Ambiental, Municipalidad de La Pintana; Alex Godoy F.: Director Centro de Investigaci\u00f3n en Sustentabilidad (Cisger) Facultad de Ingenier\u00eda, UDD. Doctor Honoris Causa Universidad de Wisconsin Green-Bay.; Alexandra Petermann, vicepresidenta de Fundaci\u00f3n Huilo-Huilo. Moderador: Juan Alberto Lecaros, [&hellip;]<\/p>\n","protected":false},"author":9192214,"featured_media":0,"parent":0,"menu_order":0,"comment_status":"closed","ping_status":"closed","template":"","meta":{"footnotes":""},"class_list":["post-3005","page","type-page","status-publish","hentry"],"yoast_head":"<!-- This site is optimized with the Yoast SEO plugin v26.9 - https:\/\/yoast.com\/product\/yoast-seo-wordpress\/ -->\n<title>Jornada de Sustentabilidad - Centro de Humanidades<\/title>\n<meta name=\"robots\" content=\"index, follow, max-snippet:-1, max-image-preview:large, max-video-preview:-1\" \/>\n<link rel=\"canonical\" href=\"https:\/\/medicina.udd.cl\/centro-humanidades\/jornada-de-sustentabilidad\/\" \/>\n<meta property=\"og:locale\" content=\"es_ES\" \/>\n<meta property=\"og:type\" content=\"article\" \/>\n<meta property=\"og:title\" content=\"Jornada de Sustentabilidad - Centro de Humanidades\" \/>\n<meta property=\"og:description\" content=\"EXPOSICI\u00d3N TRABAJOS GANADORES CONCURSO MEDICINA SUSTENTABLE Jueves 23-05- 19, a las 19:00 horas. Invitados: Felipe Marchant, director de Gesti\u00f3n Ambiental, Municipalidad de La Pintana; Alex Godoy F.: Director Centro de Investigaci\u00f3n en Sustentabilidad (Cisger) Facultad de Ingenier\u00eda, UDD. Doctor Honoris Causa Universidad de Wisconsin Green-Bay.; Alexandra Petermann, vicepresidenta de Fundaci\u00f3n Huilo-Huilo. Moderador: Juan Alberto Lecaros, [&hellip;]\" \/>\n<meta property=\"og:url\" content=\"https:\/\/medicina.udd.cl\/centro-humanidades\/jornada-de-sustentabilidad\/\" \/>\n<meta property=\"og:site_name\" content=\"Centro de Humanidades\" \/>\n<meta property=\"article:modified_time\" content=\"2019-04-11T20:05:06+00:00\" \/>\n<meta property=\"og:image\" content=\"https:\/\/medicina.udd.cl\/centro-humanidades\/files\/2019\/04\/Captura-1-223x300.jpg\" \/>\n<meta name=\"twitter:label1\" content=\"Tiempo de lectura\" \/>\n\t<meta name=\"twitter:data1\" content=\"1 minuto\" \/>\n<script type=\"application\/ld+json\" class=\"yoast-schema-graph\">{\"@context\":\"https:\/\/schema.org\",\"@graph\":[{\"@type\":\"WebPage\",\"@id\":\"https:\/\/medicina.udd.cl\/centro-humanidades\/jornada-de-sustentabilidad\/\",\"url\":\"https:\/\/medicina.udd.cl\/centro-humanidades\/jornada-de-sustentabilidad\/\",\"name\":\"Jornada de Sustentabilidad - Centro de Humanidades\",\"isPartOf\":{\"@id\":\"https:\/\/medicina.udd.cl\/centro-humanidades\/#website\"},\"primaryImageOfPage\":{\"@id\":\"https:\/\/medicina.udd.cl\/centro-humanidades\/jornada-de-sustentabilidad\/#primaryimage\"},\"image\":{\"@id\":\"https:\/\/medicina.udd.cl\/centro-humanidades\/jornada-de-sustentabilidad\/#primaryimage\"},\"thumbnailUrl\":\"https:\/\/medicina.udd.cl\/centro-humanidades\/files\/2019\/04\/Captura-1-223x300.jpg\",\"datePublished\":\"2019-04-05T12:23:05+00:00\",\"dateModified\":\"2019-04-11T20:05:06+00:00\",\"breadcrumb\":{\"@id\":\"https:\/\/medicina.udd.cl\/centro-humanidades\/jornada-de-sustentabilidad\/#breadcrumb\"},\"inLanguage\":\"es\",\"potentialAction\":[{\"@type\":\"ReadAction\",\"target\":[\"https:\/\/medicina.udd.cl\/centro-humanidades\/jornada-de-sustentabilidad\/\"]}]},{\"@type\":\"ImageObject\",\"inLanguage\":\"es\",\"@id\":\"https:\/\/medicina.udd.cl\/centro-humanidades\/jornada-de-sustentabilidad\/#primaryimage\",\"url\":\"https:\/\/medicina.udd.cl\/centro-humanidades\/files\/2019\/04\/Captura-1.jpg\",\"contentUrl\":\"https:\/\/medicina.udd.cl\/centro-humanidades\/files\/2019\/04\/Captura-1.jpg\",\"width\":466,\"height\":627},{\"@type\":\"BreadcrumbList\",\"@id\":\"https:\/\/medicina.udd.cl\/centro-humanidades\/jornada-de-sustentabilidad\/#breadcrumb\",\"itemListElement\":[{\"@type\":\"ListItem\",\"position\":1,\"name\":\"Home\",\"item\":\"https:\/\/medicina.udd.cl\/centro-humanidades\/\"},{\"@type\":\"ListItem\",\"position\":2,\"name\":\"Jornada de Sustentabilidad\"}]},{\"@type\":\"WebSite\",\"@id\":\"https:\/\/medicina.udd.cl\/centro-humanidades\/#website\",\"url\":\"https:\/\/medicina.udd.cl\/centro-humanidades\/\",\"name\":\"Centro de Humanidades\",\"description\":\"Otro sitio m\u00e1s de Medicina\",\"potentialAction\":[{\"@type\":\"SearchAction\",\"target\":{\"@type\":\"EntryPoint\",\"urlTemplate\":\"https:\/\/medicina.udd.cl\/centro-humanidades\/?s={search_term_string}\"},\"query-input\":{\"@type\":\"PropertyValueSpecification\",\"valueRequired\":true,\"valueName\":\"search_term_string\"}}],\"inLanguage\":\"es\"}]}<\/script>\n<!-- \/ Yoast SEO plugin. -->","yoast_head_json":{"title":"Jornada de Sustentabilidad - Centro de Humanidades","robots":{"index":"index","follow":"follow","max-snippet":"max-snippet:-1","max-image-preview":"max-image-preview:large","max-video-preview":"max-video-preview:-1"},"canonical":"https:\/\/medicina.udd.cl\/centro-humanidades\/jornada-de-sustentabilidad\/","og_locale":"es_ES","og_type":"article","og_title":"Jornada de Sustentabilidad - Centro de Humanidades","og_description":"EXPOSICI\u00d3N TRABAJOS GANADORES CONCURSO MEDICINA SUSTENTABLE Jueves 23-05- 19, a las 19:00 horas. Invitados: Felipe Marchant, director de Gesti\u00f3n Ambiental, Municipalidad de La Pintana; Alex Godoy F.: Director Centro de Investigaci\u00f3n en Sustentabilidad (Cisger) Facultad de Ingenier\u00eda, UDD. Doctor Honoris Causa Universidad de Wisconsin Green-Bay.; Alexandra Petermann, vicepresidenta de Fundaci\u00f3n Huilo-Huilo. Moderador: Juan Alberto Lecaros, [&hellip;]","og_url":"https:\/\/medicina.udd.cl\/centro-humanidades\/jornada-de-sustentabilidad\/","og_site_name":"Centro de Humanidades","article_modified_time":"2019-04-11T20:05:06+00:00","og_image":[{"url":"https:\/\/medicina.udd.cl\/centro-humanidades\/files\/2019\/04\/Captura-1-223x300.jpg","type":"","width":"","height":""}],"twitter_misc":{"Tiempo de lectura":"1 minuto"},"schema":{"@context":"https:\/\/schema.org","@graph":[{"@type":"WebPage","@id":"https:\/\/medicina.udd.cl\/centro-humanidades\/jornada-de-sustentabilidad\/","url":"https:\/\/medicina.udd.cl\/centro-humanidades\/jornada-de-sustentabilidad\/","name":"Jornada de Sustentabilidad - Centro de Humanidades","isPartOf":{"@id":"https:\/\/medicina.udd.cl\/centro-humanidades\/#website"},"primaryImageOfPage":{"@id":"https:\/\/medicina.udd.cl\/centro-humanidades\/jornada-de-sustentabilidad\/#primaryimage"},"image":{"@id":"https:\/\/medicina.udd.cl\/centro-humanidades\/jornada-de-sustentabilidad\/#primaryimage"},"thumbnailUrl":"https:\/\/medicina.udd.cl\/centro-humanidades\/files\/2019\/04\/Captura-1-223x300.jpg","datePublished":"2019-04-05T12:23:05+00:00","dateModified":"2019-04-11T20:05:06+00:00","breadcrumb":{"@id":"https:\/\/medicina.udd.cl\/centro-humanidades\/jornada-de-sustentabilidad\/#breadcrumb"},"inLanguage":"es","potentialAction":[{"@type":"ReadAction","target":["https:\/\/medicina.udd.cl\/centro-humanidades\/jornada-de-sustentabilidad\/"]}]},{"@type":"ImageObject","inLanguage":"es","@id":"https:\/\/medicina.udd.cl\/centro-humanidades\/jornada-de-sustentabilidad\/#primaryimage","url":"https:\/\/medicina.udd.cl\/centro-humanidades\/files\/2019\/04\/Captura-1.jpg","contentUrl":"https:\/\/medicina.udd.cl\/centro-humanidades\/files\/2019\/04\/Captura-1.jpg","width":466,"height":627},{"@type":"BreadcrumbList","@id":"https:\/\/medicina.udd.cl\/centro-humanidades\/jornada-de-sustentabilidad\/#breadcrumb","itemListElement":[{"@type":"ListItem","position":1,"name":"Home","item":"https:\/\/medicina.udd.cl\/centro-humanidades\/"},{"@type":"ListItem","position":2,"name":"Jornada de Sustentabilidad"}]},{"@type":"WebSite","@id":"https:\/\/medicina.udd.cl\/centro-humanidades\/#website","url":"https:\/\/medicina.udd.cl\/centro-humanidades\/","name":"Centro de Humanidades","description":"Otro sitio m\u00e1s de Medicina","potentialAction":[{"@type":"SearchAction","target":{"@type":"EntryPoint","urlTemplate":"https:\/\/medicina.udd.cl\/centro-humanidades\/?s={search_term_string}"},"query-input":{"@type":"PropertyValueSpecification","valueRequired":true,"valueName":"search_term_string"}}],"inLanguage":"es"}]}},"_links":{"self":[{"href":"https:\/\/medicina.udd.cl\/centro-humanidades\/wp-json\/wp\/v2\/pages\/3005","targetHints":{"allow":["GET"]}}],"collection":[{"href":"https:\/\/medicina.udd.cl\/centro-humanidades\/wp-json\/wp\/v2\/pages"}],"about":[{"href":"https:\/\/medicina.udd.cl\/centro-humanidades\/wp-json\/wp\/v2\/types\/page"}],"author":[{"embeddable":true,"href":"https:\/\/medicina.udd.cl\/centro-humanidades\/wp-json\/wp\/v2\/users\/9192214"}],"replies":[{"embeddable":true,"href":"https:\/\/medicina.udd.cl\/centro-humanidades\/wp-json\/wp\/v2\/comments?post=3005"}],"version-history":[{"count":13,"href":"https:\/\/medicina.udd.cl\/centro-humanidades\/wp-json\/wp\/v2\/pages\/3005\/revisions"}],"predecessor-version":[{"id":3032,"href":"https:\/\/medicina.udd.cl\/centro-humanidades\/wp-json\/wp\/v2\/pages\/3005\/revisions\/3032"}],"wp:attachment":[{"href":"https:\/\/medicina.udd.cl\/centro-humanidades\/wp-json\/wp\/v2\/media?parent=3005"}],"curies":[{"name":"wp","href":"https:\/\/api.w.org\/{rel}","templated":true}]}}