{"id":465,"date":"2012-05-10T11:22:59","date_gmt":"2012-05-10T15:22:59","guid":{"rendered":"http:\/\/medicina.udd.cl\/centro-humanidades\/"},"modified":"2016-07-04T15:13:30","modified_gmt":"2016-07-04T19:13:30","slug":"concurso-literario-y-artistico-2011","status":"publish","type":"page","link":"https:\/\/medicina.udd.cl\/centro-humanidades\/proyectos\/concurso-literario-y-artistico-2011\/","title":{"rendered":"I Concurso Literario y Art\u00edstico"},"content":{"rendered":"<p style=\"text-align: center;\"><strong><span style=\"text-decoration: underline;\"><a href=\"http:\/\/medicina.udd.cl\/centro-humanidades\/files\/2012\/05\/Afiche-concurso-art-y-liter-2011.jpg\" rel=\"attachment wp-att-1967\"><img loading=\"lazy\" decoding=\"async\" class=\"size-medium wp-image-1967 alignright\" src=\"http:\/\/medicina.udd.cl\/centro-humanidades\/files\/2012\/05\/Afiche-concurso-art-y-liter-2011-219x300.jpg\" alt=\"Afiche concurso art y liter 2011\" width=\"219\" height=\"300\" srcset=\"https:\/\/medicina.udd.cl\/centro-humanidades\/files\/2012\/05\/Afiche-concurso-art-y-liter-2011-219x300.jpg 219w, https:\/\/medicina.udd.cl\/centro-humanidades\/files\/2012\/05\/Afiche-concurso-art-y-liter-2011.jpg 478w\" sizes=\"auto, (max-width: 219px) 100vw, 219px\" \/><\/a>Obras premiadas<\/span><\/strong><\/p>\n<p><strong>Cuento<\/strong><\/p>\n<p>1\u00b0 lugar: Juan Carlos Glasinovic, docente de Medicina, con su cuento \u201cMal de ojo\u201d<\/p>\n<p>2\u00b0 lugar: Sylvia Saavedra, docente Hospital Padre Hurtado, con su cuento \u201cAsalto\u201d<\/p>\n<p>3\u00b0 lugar: Leonardo Rubio, docente de Tecnolog\u00eda M\u00e9dica, con su cuento \u201cMesa de P\u00f3ker\u201d<\/p>\n<p><strong>Poes\u00eda<\/strong><\/p>\n<p>1\u00b0 lugar: Francisco Villal\u00f3n, estudiante de tercer a\u00f1o de Medicina, con su poema \u201cDesarraigo\u201d<\/p>\n<p>2\u00b0 lugar: Sebasti\u00e1n Fourni\u00e9s, estudiante de primer a\u00f1o de Medicina, con su poema \u201cLa cueca y la oda del huaso a la huasa\u201d<\/p>\n<p>3\u00b0 lugar: Daniel Beltr\u00e1n, estudiante de segundo a\u00f1o de Medicina, con su poema \u201cTentador\u201d<\/p>\n<p><strong>Fotograf\u00eda<\/strong><\/p>\n<p>1\u00b0 lugar: Fernando Su\u00e1rez, estudiante de tercer a\u00f1o de Medicina, con su fotograf\u00eda \u201cLa fabricante de alfombras\u201d<\/p>\n<p>2\u00b0 lugar: Carolina Montero, profesora de Morfolog\u00eda, con su fotograf\u00eda \u201cT\u00fanel de Agua\u201d<\/p>\n<p>3\u00b0 lugar: Catherine Castro, coordinadora acad\u00e9mica de Tecnolog\u00eda M\u00e9dica, con su fotograf\u00eda \u201cEl Bodeg\u00f3n Tanguero: Fumando espero\u201d<\/p>\n<p><strong>Pintura\/Dibujo<\/strong><\/p>\n<p>1\u00b0 lugar: Yasna Becerra, directora de Enfermer\u00eda de Concepci\u00f3n, con su dibujo \u201cConsuelo\u201d<\/p>\n<p>2\u00b0 lugar: Mar\u00eda Ignacia Bravo, ex alumna de Medicina, con su dibujo \u201cTraducci\u00f3n Celular\u201d<\/p>\n<p>3\u00b0 lugar: Jessica Mart\u00ednez, integrante del Instituto de Ciencias, con su pintura \u201cEn verde\u201d<\/p>\n<p><strong>Galer\u00eda de obras<\/strong><\/p>\n<div class=\"gallery gallery-post\" id=\"gallery-465-1\"><div class=\"gallery-post-feature gallery-item\"><\/div><div class=\"gallery-carousel\"><div id=\"nav-post-gallery-gallery-465-1\" class=\"crsl-nav\"><a href=\"#\" class=\"previous icon icon-caret-left\"><\/a><a href=\"#\" class=\"next icon icon-caret-right\"><\/a><\/div><div id=\"post-gallery-gallery-465-1\" class=\"crsl-items\" data-navigation=\"nav-post-gallery-gallery-465-1\" data-crsl='{ \"visible\": 4, \"itemMargin\": 10 }'><div class=\"crsl-wrap\"><figure class=\"gallery-item crsl-item crsl-active\"><a href=\"https:\/\/medicina.udd.cl\/centro-humanidades\/files\/2012\/05\/1er-lugarConsuelo-1-617x430.jpg\" title=\"1er lugarConsuelo\" class=\"gallery-thumb\" id=\"thumbnail-2025-0\" data-full-url=\"https:\/\/medicina.udd.cl\/centro-humanidades\/files\/2012\/05\/1er-lugarConsuelo-1.jpg\"><img decoding=\"async\" src=\"https:\/\/medicina.udd.cl\/centro-humanidades\/files\/2012\/05\/1er-lugarConsuelo-1-125x80.jpg\" class=\"full-width\" alt=\"1er lugarConsuelo\"><\/a><\/figure><figure class=\"gallery-item crsl-item\"><a href=\"https:\/\/medicina.udd.cl\/centro-humanidades\/files\/2012\/05\/1er-lugarLa-fabricante-de-alfombras-1-450x430.jpg\" title=\"1er lugarLa fabricante de alfombras\" class=\"gallery-thumb\" id=\"thumbnail-2026-1\" data-full-url=\"https:\/\/medicina.udd.cl\/centro-humanidades\/files\/2012\/05\/1er-lugarLa-fabricante-de-alfombras-1.jpg\"><img decoding=\"async\" src=\"https:\/\/medicina.udd.cl\/centro-humanidades\/files\/2012\/05\/1er-lugarLa-fabricante-de-alfombras-1-125x80.jpg\" class=\"full-width\" alt=\"1er lugarLa fabricante de alfombras\"><\/a><\/figure><figure class=\"gallery-item crsl-item\"><a href=\"https:\/\/medicina.udd.cl\/centro-humanidades\/files\/2012\/05\/2-lugarT\u00fanel-de-Agua-1-600x430.jpg\" title=\"2 lugarT\u00fanel de Agua\" class=\"gallery-thumb\" id=\"thumbnail-2027-2\" data-full-url=\"https:\/\/medicina.udd.cl\/centro-humanidades\/files\/2012\/05\/2-lugarT\u00fanel-de-Agua-1.jpg\"><img decoding=\"async\" src=\"https:\/\/medicina.udd.cl\/centro-humanidades\/files\/2012\/05\/2-lugarT\u00fanel-de-Agua-1-125x80.jpg\" class=\"full-width\" alt=\"2 lugarT\u00fanel de Agua\"><\/a><\/figure><figure class=\"gallery-item crsl-item\"><a href=\"https:\/\/medicina.udd.cl\/centro-humanidades\/files\/2012\/05\/2erl-lugarTraducci\u00f3n-Celular-1-660x430.jpg\" title=\"2erl lugarTraducci\u00f3n Celular\" class=\"gallery-thumb\" id=\"thumbnail-2028-3\" data-full-url=\"https:\/\/medicina.udd.cl\/centro-humanidades\/files\/2012\/05\/2erl-lugarTraducci\u00f3n-Celular-1.jpg\"><img decoding=\"async\" src=\"https:\/\/medicina.udd.cl\/centro-humanidades\/files\/2012\/05\/2erl-lugarTraducci\u00f3n-Celular-1-125x80.jpg\" class=\"full-width\" alt=\"2erl lugarTraducci\u00f3n Celular\"><\/a><\/figure><figure class=\"gallery-item crsl-item\"><a href=\"https:\/\/medicina.udd.cl\/centro-humanidades\/files\/2012\/05\/3-lugarEn-verde-1-450x430.jpg\" title=\"3 lugarEn verde\" class=\"gallery-thumb\" id=\"thumbnail-2029-4\" data-full-url=\"https:\/\/medicina.udd.cl\/centro-humanidades\/files\/2012\/05\/3-lugarEn-verde-1.jpg\"><img decoding=\"async\" src=\"https:\/\/medicina.udd.cl\/centro-humanidades\/files\/2012\/05\/3-lugarEn-verde-1-125x80.jpg\" class=\"full-width\" alt=\"3 lugarEn verde\"><\/a><\/figure><figure class=\"gallery-item crsl-item\"><a href=\"https:\/\/medicina.udd.cl\/centro-humanidades\/files\/2012\/05\/3er-lugarBodeg\u00f3n-tanguero-fumando-espero-1-660x430.jpg\" title=\"3er lugarBodeg\u00f3n tanguero, fumando espero\" class=\"gallery-thumb\" id=\"thumbnail-2030-5\" data-full-url=\"https:\/\/medicina.udd.cl\/centro-humanidades\/files\/2012\/05\/3er-lugarBodeg\u00f3n-tanguero-fumando-espero-1.jpg\"><img decoding=\"async\" src=\"https:\/\/medicina.udd.cl\/centro-humanidades\/files\/2012\/05\/3er-lugarBodeg\u00f3n-tanguero-fumando-espero-1-125x80.jpg\" class=\"full-width\" alt=\"3er lugarBodeg\u00f3n tanguero, fumando espero\"><\/a><\/figure><\/div><\/div><\/div><\/div>\n<p>&nbsp;<\/p>\n","protected":false},"excerpt":{"rendered":"<p>Revisa las obras ganadoras de esta primera versi\u00f3n<\/p>\n","protected":false},"author":9192214,"featured_media":0,"parent":3,"menu_order":0,"comment_status":"open","ping_status":"open","template":"template-wide-content.php","meta":{"footnotes":""},"class_list":["post-465","page","type-page","status-publish","hentry"],"yoast_head":"<!-- This site is optimized with the Yoast SEO plugin v26.9 - https:\/\/yoast.com\/product\/yoast-seo-wordpress\/ -->\n<title>I Concurso Literario y Art\u00edstico - Centro de Humanidades<\/title>\n<meta name=\"robots\" content=\"index, follow, max-snippet:-1, max-image-preview:large, max-video-preview:-1\" \/>\n<link rel=\"canonical\" href=\"https:\/\/medicina.udd.cl\/centro-humanidades\/proyectos\/concurso-literario-y-artistico-2011\/\" \/>\n<meta property=\"og:locale\" content=\"es_ES\" \/>\n<meta property=\"og:type\" content=\"article\" \/>\n<meta property=\"og:title\" content=\"I Concurso Literario y Art\u00edstico - Centro de Humanidades\" \/>\n<meta property=\"og:description\" content=\"Revisa las obras ganadoras de esta primera versi\u00f3n\" \/>\n<meta property=\"og:url\" content=\"https:\/\/medicina.udd.cl\/centro-humanidades\/proyectos\/concurso-literario-y-artistico-2011\/\" \/>\n<meta property=\"og:site_name\" content=\"Centro de Humanidades\" \/>\n<meta property=\"article:modified_time\" content=\"2016-07-04T19:13:30+00:00\" \/>\n<meta property=\"og:image\" content=\"https:\/\/medicina.udd.cl\/centro-humanidades\/files\/2012\/05\/1er-lugarConsuelo-1-125x80.jpg\" \/>\n<meta name=\"twitter:label1\" content=\"Tiempo de lectura\" \/>\n\t<meta name=\"twitter:data1\" content=\"1 minuto\" \/>\n<script type=\"application\/ld+json\" class=\"yoast-schema-graph\">{\"@context\":\"https:\/\/schema.org\",\"@graph\":[{\"@type\":\"WebPage\",\"@id\":\"https:\/\/medicina.udd.cl\/centro-humanidades\/proyectos\/concurso-literario-y-artistico-2011\/\",\"url\":\"https:\/\/medicina.udd.cl\/centro-humanidades\/proyectos\/concurso-literario-y-artistico-2011\/\",\"name\":\"I Concurso Literario y Art\u00edstico - Centro de Humanidades\",\"isPartOf\":{\"@id\":\"https:\/\/medicina.udd.cl\/centro-humanidades\/#website\"},\"primaryImageOfPage\":{\"@id\":\"https:\/\/medicina.udd.cl\/centro-humanidades\/proyectos\/concurso-literario-y-artistico-2011\/#primaryimage\"},\"image\":{\"@id\":\"https:\/\/medicina.udd.cl\/centro-humanidades\/proyectos\/concurso-literario-y-artistico-2011\/#primaryimage\"},\"thumbnailUrl\":\"http:\/\/medicina.udd.cl\/centro-humanidades\/files\/2012\/05\/Afiche-concurso-art-y-liter-2011-219x300.jpg\",\"datePublished\":\"2012-05-10T15:22:59+00:00\",\"dateModified\":\"2016-07-04T19:13:30+00:00\",\"breadcrumb\":{\"@id\":\"https:\/\/medicina.udd.cl\/centro-humanidades\/proyectos\/concurso-literario-y-artistico-2011\/#breadcrumb\"},\"inLanguage\":\"es\",\"potentialAction\":[{\"@type\":\"ReadAction\",\"target\":[\"https:\/\/medicina.udd.cl\/centro-humanidades\/proyectos\/concurso-literario-y-artistico-2011\/\"]}]},{\"@type\":\"ImageObject\",\"inLanguage\":\"es\",\"@id\":\"https:\/\/medicina.udd.cl\/centro-humanidades\/proyectos\/concurso-literario-y-artistico-2011\/#primaryimage\",\"url\":\"http:\/\/medicina.udd.cl\/centro-humanidades\/files\/2012\/05\/Afiche-concurso-art-y-liter-2011-219x300.jpg\",\"contentUrl\":\"http:\/\/medicina.udd.cl\/centro-humanidades\/files\/2012\/05\/Afiche-concurso-art-y-liter-2011-219x300.jpg\"},{\"@type\":\"BreadcrumbList\",\"@id\":\"https:\/\/medicina.udd.cl\/centro-humanidades\/proyectos\/concurso-literario-y-artistico-2011\/#breadcrumb\",\"itemListElement\":[{\"@type\":\"ListItem\",\"position\":1,\"name\":\"Home\",\"item\":\"https:\/\/medicina.udd.cl\/centro-humanidades\/\"},{\"@type\":\"ListItem\",\"position\":2,\"name\":\"Concurso Art\u00edstico y Literario\",\"item\":\"https:\/\/medicina.udd.cl\/centro-humanidades\/proyectos\/\"},{\"@type\":\"ListItem\",\"position\":3,\"name\":\"I Concurso Literario y Art\u00edstico\"}]},{\"@type\":\"WebSite\",\"@id\":\"https:\/\/medicina.udd.cl\/centro-humanidades\/#website\",\"url\":\"https:\/\/medicina.udd.cl\/centro-humanidades\/\",\"name\":\"Centro de Humanidades\",\"description\":\"Otro sitio m\u00e1s de Medicina\",\"potentialAction\":[{\"@type\":\"SearchAction\",\"target\":{\"@type\":\"EntryPoint\",\"urlTemplate\":\"https:\/\/medicina.udd.cl\/centro-humanidades\/?s={search_term_string}\"},\"query-input\":{\"@type\":\"PropertyValueSpecification\",\"valueRequired\":true,\"valueName\":\"search_term_string\"}}],\"inLanguage\":\"es\"}]}<\/script>\n<!-- \/ Yoast SEO plugin. -->","yoast_head_json":{"title":"I Concurso Literario y Art\u00edstico - Centro de Humanidades","robots":{"index":"index","follow":"follow","max-snippet":"max-snippet:-1","max-image-preview":"max-image-preview:large","max-video-preview":"max-video-preview:-1"},"canonical":"https:\/\/medicina.udd.cl\/centro-humanidades\/proyectos\/concurso-literario-y-artistico-2011\/","og_locale":"es_ES","og_type":"article","og_title":"I Concurso Literario y Art\u00edstico - Centro de Humanidades","og_description":"Revisa las obras ganadoras de esta primera versi\u00f3n","og_url":"https:\/\/medicina.udd.cl\/centro-humanidades\/proyectos\/concurso-literario-y-artistico-2011\/","og_site_name":"Centro de Humanidades","article_modified_time":"2016-07-04T19:13:30+00:00","og_image":[{"url":"https:\/\/medicina.udd.cl\/centro-humanidades\/files\/2012\/05\/1er-lugarConsuelo-1-125x80.jpg","type":"","width":"","height":""}],"twitter_misc":{"Tiempo de lectura":"1 minuto"},"schema":{"@context":"https:\/\/schema.org","@graph":[{"@type":"WebPage","@id":"https:\/\/medicina.udd.cl\/centro-humanidades\/proyectos\/concurso-literario-y-artistico-2011\/","url":"https:\/\/medicina.udd.cl\/centro-humanidades\/proyectos\/concurso-literario-y-artistico-2011\/","name":"I Concurso Literario y Art\u00edstico - Centro de Humanidades","isPartOf":{"@id":"https:\/\/medicina.udd.cl\/centro-humanidades\/#website"},"primaryImageOfPage":{"@id":"https:\/\/medicina.udd.cl\/centro-humanidades\/proyectos\/concurso-literario-y-artistico-2011\/#primaryimage"},"image":{"@id":"https:\/\/medicina.udd.cl\/centro-humanidades\/proyectos\/concurso-literario-y-artistico-2011\/#primaryimage"},"thumbnailUrl":"http:\/\/medicina.udd.cl\/centro-humanidades\/files\/2012\/05\/Afiche-concurso-art-y-liter-2011-219x300.jpg","datePublished":"2012-05-10T15:22:59+00:00","dateModified":"2016-07-04T19:13:30+00:00","breadcrumb":{"@id":"https:\/\/medicina.udd.cl\/centro-humanidades\/proyectos\/concurso-literario-y-artistico-2011\/#breadcrumb"},"inLanguage":"es","potentialAction":[{"@type":"ReadAction","target":["https:\/\/medicina.udd.cl\/centro-humanidades\/proyectos\/concurso-literario-y-artistico-2011\/"]}]},{"@type":"ImageObject","inLanguage":"es","@id":"https:\/\/medicina.udd.cl\/centro-humanidades\/proyectos\/concurso-literario-y-artistico-2011\/#primaryimage","url":"http:\/\/medicina.udd.cl\/centro-humanidades\/files\/2012\/05\/Afiche-concurso-art-y-liter-2011-219x300.jpg","contentUrl":"http:\/\/medicina.udd.cl\/centro-humanidades\/files\/2012\/05\/Afiche-concurso-art-y-liter-2011-219x300.jpg"},{"@type":"BreadcrumbList","@id":"https:\/\/medicina.udd.cl\/centro-humanidades\/proyectos\/concurso-literario-y-artistico-2011\/#breadcrumb","itemListElement":[{"@type":"ListItem","position":1,"name":"Home","item":"https:\/\/medicina.udd.cl\/centro-humanidades\/"},{"@type":"ListItem","position":2,"name":"Concurso Art\u00edstico y Literario","item":"https:\/\/medicina.udd.cl\/centro-humanidades\/proyectos\/"},{"@type":"ListItem","position":3,"name":"I Concurso Literario y Art\u00edstico"}]},{"@type":"WebSite","@id":"https:\/\/medicina.udd.cl\/centro-humanidades\/#website","url":"https:\/\/medicina.udd.cl\/centro-humanidades\/","name":"Centro de Humanidades","description":"Otro sitio m\u00e1s de Medicina","potentialAction":[{"@type":"SearchAction","target":{"@type":"EntryPoint","urlTemplate":"https:\/\/medicina.udd.cl\/centro-humanidades\/?s={search_term_string}"},"query-input":{"@type":"PropertyValueSpecification","valueRequired":true,"valueName":"search_term_string"}}],"inLanguage":"es"}]}},"_links":{"self":[{"href":"https:\/\/medicina.udd.cl\/centro-humanidades\/wp-json\/wp\/v2\/pages\/465","targetHints":{"allow":["GET"]}}],"collection":[{"href":"https:\/\/medicina.udd.cl\/centro-humanidades\/wp-json\/wp\/v2\/pages"}],"about":[{"href":"https:\/\/medicina.udd.cl\/centro-humanidades\/wp-json\/wp\/v2\/types\/page"}],"author":[{"embeddable":true,"href":"https:\/\/medicina.udd.cl\/centro-humanidades\/wp-json\/wp\/v2\/users\/9192214"}],"replies":[{"embeddable":true,"href":"https:\/\/medicina.udd.cl\/centro-humanidades\/wp-json\/wp\/v2\/comments?post=465"}],"version-history":[{"count":37,"href":"https:\/\/medicina.udd.cl\/centro-humanidades\/wp-json\/wp\/v2\/pages\/465\/revisions"}],"predecessor-version":[{"id":2031,"href":"https:\/\/medicina.udd.cl\/centro-humanidades\/wp-json\/wp\/v2\/pages\/465\/revisions\/2031"}],"up":[{"embeddable":true,"href":"https:\/\/medicina.udd.cl\/centro-humanidades\/wp-json\/wp\/v2\/pages\/3"}],"wp:attachment":[{"href":"https:\/\/medicina.udd.cl\/centro-humanidades\/wp-json\/wp\/v2\/media?parent=465"}],"curies":[{"name":"wp","href":"https:\/\/api.w.org\/{rel}","templated":true}]}}