{"id":68,"date":"2010-07-21T12:52:56","date_gmt":"2010-07-21T16:52:56","guid":{"rendered":"http:\/\/medicina.udd.cl\/centro-humanidades\/eventos-y-actividades\/actividades-con-alumnos\/"},"modified":"2010-08-11T15:44:42","modified_gmt":"2010-08-11T19:44:42","slug":"actividades-con-alumnos","status":"publish","type":"page","link":"https:\/\/medicina.udd.cl\/centro-humanidades\/eventos-y-actividades\/actividades-con-alumnos\/","title":{"rendered":"Alumnos"},"content":{"rendered":"<p style=\"text-align: justify\">El curso estar\u00e1 a cargo de Cristi\u00e1n Warnken y Armando Roa de la Facultad de Educaci\u00f3n y Humanidades y se denomina: <strong>El Hospital de la Transfiguraci\u00f3n.<\/strong><\/p>\n<p style=\"text-align: justify\">Su\u00a0objetivo es buscar puntos de di\u00e1logo entre las ciencias m\u00e9dicas y la literatura, intentando cruces entre autores de \u00e9pocas y nacionalidades diversas que han abordado temas de relevancia para la medicina, particularmente de \u00edndole antropol\u00f3gica, incluyendo el sentido de la vida y el significado de la muerte. Al mismo tiempo, se pretende destacar la relaci\u00f3n entre la palabra y el cuidado de la palabra por parte de los poetas con el cuidado del m\u00e9dico hacia el paciente.<\/p>\n<p>\u00a0El curso estar\u00e1 dividido en dos grandes bloques:<\/p>\n<p>I.- <strong>De la literatura, la medicina y el aprender a morir<br \/>\n<\/strong>Profesor: Cristi\u00e1n Warnken<\/p>\n<p>II.- <strong>La palabra como cuerpo: del oficio del poeta y del oficio del m\u00e9dico<br \/>\n<\/strong>Profesor: Armando Roa<\/p>\n<div class=\"gallery gallery-post\" id=\"gallery-68-1\"><div class=\"gallery-post-feature gallery-item\"><\/div><div class=\"gallery-carousel\"><div id=\"nav-post-gallery-gallery-68-1\" class=\"crsl-nav\"><a href=\"#\" class=\"previous icon icon-caret-left\"><\/a><a href=\"#\" class=\"next icon icon-caret-right\"><\/a><\/div><div id=\"post-gallery-gallery-68-1\" class=\"crsl-items\" data-navigation=\"nav-post-gallery-gallery-68-1\" data-crsl='{ \"visible\": 4, \"itemMargin\": 10 }'><div class=\"crsl-wrap\"><figure class=\"gallery-item crsl-item crsl-active\"><a href=\"https:\/\/medicina.udd.cl\/centro-humanidades\/files\/2010\/07\/clase-1-038-660x430.jpg\" title=\"Primera clase\" class=\"gallery-thumb\" id=\"thumbnail-148-0\" data-full-url=\"https:\/\/medicina.udd.cl\/centro-humanidades\/files\/2010\/07\/clase-1-038.jpg\"><img decoding=\"async\" src=\"https:\/\/medicina.udd.cl\/centro-humanidades\/files\/2010\/07\/clase-1-038-125x80.jpg\" class=\"full-width\" alt=\"Primera clase\"><\/a><\/figure><figure class=\"gallery-item crsl-item\"><a href=\"https:\/\/medicina.udd.cl\/centro-humanidades\/files\/2010\/07\/clase-1-015-660x430.jpg\" title=\"Cristi\u00e1n Warnken\" class=\"gallery-thumb\" id=\"thumbnail-147-1\" data-full-url=\"https:\/\/medicina.udd.cl\/centro-humanidades\/files\/2010\/07\/clase-1-015.jpg\"><img decoding=\"async\" src=\"https:\/\/medicina.udd.cl\/centro-humanidades\/files\/2010\/07\/clase-1-015-125x80.jpg\" class=\"full-width\" alt=\"Cristi\u00e1n Warnken\"><\/a><\/figure><figure class=\"gallery-item crsl-item\"><a href=\"https:\/\/medicina.udd.cl\/centro-humanidades\/files\/2010\/07\/clase-1-006-660x430.jpg\" title=\"Primera clase\" class=\"gallery-thumb\" id=\"thumbnail-146-2\" data-full-url=\"https:\/\/medicina.udd.cl\/centro-humanidades\/files\/2010\/07\/clase-1-006.jpg\"><img decoding=\"async\" src=\"https:\/\/medicina.udd.cl\/centro-humanidades\/files\/2010\/07\/clase-1-006-125x80.jpg\" class=\"full-width\" alt=\"Primera clase\"><\/a><\/figure><\/div><\/div><\/div><\/div>\n","protected":false},"excerpt":{"rendered":"<p>El curso \u00abEl Hospital de la Transfiguraci\u00f3n\u00bb est\u00e1 destinados a los alumnos de primer a\u00f1o de Medicina.<\/p>\n","protected":false},"author":1,"featured_media":0,"parent":5,"menu_order":0,"comment_status":"open","ping_status":"open","template":"","meta":{"footnotes":""},"class_list":["post-68","page","type-page","status-publish","hentry"],"yoast_head":"<!-- This site is optimized with the Yoast SEO plugin v26.9 - https:\/\/yoast.com\/product\/yoast-seo-wordpress\/ -->\n<title>Alumnos - Centro de Humanidades<\/title>\n<meta name=\"robots\" content=\"index, follow, max-snippet:-1, max-image-preview:large, max-video-preview:-1\" \/>\n<link rel=\"canonical\" href=\"https:\/\/medicina.udd.cl\/centro-humanidades\/eventos-y-actividades\/actividades-con-alumnos\/\" \/>\n<meta property=\"og:locale\" content=\"es_ES\" \/>\n<meta property=\"og:type\" content=\"article\" \/>\n<meta property=\"og:title\" content=\"Alumnos - Centro de Humanidades\" \/>\n<meta property=\"og:description\" content=\"El curso &quot;El Hospital de la Transfiguraci\u00f3n&quot; est\u00e1 destinados a los alumnos de primer a\u00f1o de Medicina.\" \/>\n<meta property=\"og:url\" content=\"https:\/\/medicina.udd.cl\/centro-humanidades\/eventos-y-actividades\/actividades-con-alumnos\/\" \/>\n<meta property=\"og:site_name\" content=\"Centro de Humanidades\" \/>\n<meta property=\"article:modified_time\" content=\"2010-08-11T19:44:42+00:00\" \/>\n<meta property=\"og:image\" content=\"https:\/\/medicina.udd.cl\/centro-humanidades\/files\/2010\/07\/clase-1-038-125x80.jpg\" \/>\n<meta name=\"twitter:label1\" content=\"Tiempo de lectura\" \/>\n\t<meta name=\"twitter:data1\" content=\"1 minuto\" \/>\n<script type=\"application\/ld+json\" class=\"yoast-schema-graph\">{\"@context\":\"https:\/\/schema.org\",\"@graph\":[{\"@type\":\"WebPage\",\"@id\":\"https:\/\/medicina.udd.cl\/centro-humanidades\/eventos-y-actividades\/actividades-con-alumnos\/\",\"url\":\"https:\/\/medicina.udd.cl\/centro-humanidades\/eventos-y-actividades\/actividades-con-alumnos\/\",\"name\":\"Alumnos - Centro de Humanidades\",\"isPartOf\":{\"@id\":\"https:\/\/medicina.udd.cl\/centro-humanidades\/#website\"},\"datePublished\":\"2010-07-21T16:52:56+00:00\",\"dateModified\":\"2010-08-11T19:44:42+00:00\",\"breadcrumb\":{\"@id\":\"https:\/\/medicina.udd.cl\/centro-humanidades\/eventos-y-actividades\/actividades-con-alumnos\/#breadcrumb\"},\"inLanguage\":\"es\",\"potentialAction\":[{\"@type\":\"ReadAction\",\"target\":[\"https:\/\/medicina.udd.cl\/centro-humanidades\/eventos-y-actividades\/actividades-con-alumnos\/\"]}]},{\"@type\":\"BreadcrumbList\",\"@id\":\"https:\/\/medicina.udd.cl\/centro-humanidades\/eventos-y-actividades\/actividades-con-alumnos\/#breadcrumb\",\"itemListElement\":[{\"@type\":\"ListItem\",\"position\":1,\"name\":\"Home\",\"item\":\"https:\/\/medicina.udd.cl\/centro-humanidades\/\"},{\"@type\":\"ListItem\",\"position\":2,\"name\":\"Actividades\",\"item\":\"https:\/\/medicina.udd.cl\/centro-humanidades\/eventos-y-actividades\/\"},{\"@type\":\"ListItem\",\"position\":3,\"name\":\"Alumnos\"}]},{\"@type\":\"WebSite\",\"@id\":\"https:\/\/medicina.udd.cl\/centro-humanidades\/#website\",\"url\":\"https:\/\/medicina.udd.cl\/centro-humanidades\/\",\"name\":\"Centro de Humanidades\",\"description\":\"Otro sitio m\u00e1s de Medicina\",\"potentialAction\":[{\"@type\":\"SearchAction\",\"target\":{\"@type\":\"EntryPoint\",\"urlTemplate\":\"https:\/\/medicina.udd.cl\/centro-humanidades\/?s={search_term_string}\"},\"query-input\":{\"@type\":\"PropertyValueSpecification\",\"valueRequired\":true,\"valueName\":\"search_term_string\"}}],\"inLanguage\":\"es\"}]}<\/script>\n<!-- \/ Yoast SEO plugin. -->","yoast_head_json":{"title":"Alumnos - Centro de Humanidades","robots":{"index":"index","follow":"follow","max-snippet":"max-snippet:-1","max-image-preview":"max-image-preview:large","max-video-preview":"max-video-preview:-1"},"canonical":"https:\/\/medicina.udd.cl\/centro-humanidades\/eventos-y-actividades\/actividades-con-alumnos\/","og_locale":"es_ES","og_type":"article","og_title":"Alumnos - Centro de Humanidades","og_description":"El curso \"El Hospital de la Transfiguraci\u00f3n\" est\u00e1 destinados a los alumnos de primer a\u00f1o de Medicina.","og_url":"https:\/\/medicina.udd.cl\/centro-humanidades\/eventos-y-actividades\/actividades-con-alumnos\/","og_site_name":"Centro de Humanidades","article_modified_time":"2010-08-11T19:44:42+00:00","og_image":[{"url":"https:\/\/medicina.udd.cl\/centro-humanidades\/files\/2010\/07\/clase-1-038-125x80.jpg","type":"","width":"","height":""}],"twitter_misc":{"Tiempo de lectura":"1 minuto"},"schema":{"@context":"https:\/\/schema.org","@graph":[{"@type":"WebPage","@id":"https:\/\/medicina.udd.cl\/centro-humanidades\/eventos-y-actividades\/actividades-con-alumnos\/","url":"https:\/\/medicina.udd.cl\/centro-humanidades\/eventos-y-actividades\/actividades-con-alumnos\/","name":"Alumnos - Centro de Humanidades","isPartOf":{"@id":"https:\/\/medicina.udd.cl\/centro-humanidades\/#website"},"datePublished":"2010-07-21T16:52:56+00:00","dateModified":"2010-08-11T19:44:42+00:00","breadcrumb":{"@id":"https:\/\/medicina.udd.cl\/centro-humanidades\/eventos-y-actividades\/actividades-con-alumnos\/#breadcrumb"},"inLanguage":"es","potentialAction":[{"@type":"ReadAction","target":["https:\/\/medicina.udd.cl\/centro-humanidades\/eventos-y-actividades\/actividades-con-alumnos\/"]}]},{"@type":"BreadcrumbList","@id":"https:\/\/medicina.udd.cl\/centro-humanidades\/eventos-y-actividades\/actividades-con-alumnos\/#breadcrumb","itemListElement":[{"@type":"ListItem","position":1,"name":"Home","item":"https:\/\/medicina.udd.cl\/centro-humanidades\/"},{"@type":"ListItem","position":2,"name":"Actividades","item":"https:\/\/medicina.udd.cl\/centro-humanidades\/eventos-y-actividades\/"},{"@type":"ListItem","position":3,"name":"Alumnos"}]},{"@type":"WebSite","@id":"https:\/\/medicina.udd.cl\/centro-humanidades\/#website","url":"https:\/\/medicina.udd.cl\/centro-humanidades\/","name":"Centro de Humanidades","description":"Otro sitio m\u00e1s de Medicina","potentialAction":[{"@type":"SearchAction","target":{"@type":"EntryPoint","urlTemplate":"https:\/\/medicina.udd.cl\/centro-humanidades\/?s={search_term_string}"},"query-input":{"@type":"PropertyValueSpecification","valueRequired":true,"valueName":"search_term_string"}}],"inLanguage":"es"}]}},"_links":{"self":[{"href":"https:\/\/medicina.udd.cl\/centro-humanidades\/wp-json\/wp\/v2\/pages\/68","targetHints":{"allow":["GET"]}}],"collection":[{"href":"https:\/\/medicina.udd.cl\/centro-humanidades\/wp-json\/wp\/v2\/pages"}],"about":[{"href":"https:\/\/medicina.udd.cl\/centro-humanidades\/wp-json\/wp\/v2\/types\/page"}],"author":[{"embeddable":true,"href":"https:\/\/medicina.udd.cl\/centro-humanidades\/wp-json\/wp\/v2\/users\/1"}],"replies":[{"embeddable":true,"href":"https:\/\/medicina.udd.cl\/centro-humanidades\/wp-json\/wp\/v2\/comments?post=68"}],"version-history":[{"count":4,"href":"https:\/\/medicina.udd.cl\/centro-humanidades\/wp-json\/wp\/v2\/pages\/68\/revisions"}],"predecessor-version":[{"id":149,"href":"https:\/\/medicina.udd.cl\/centro-humanidades\/wp-json\/wp\/v2\/pages\/68\/revisions\/149"}],"up":[{"embeddable":true,"href":"https:\/\/medicina.udd.cl\/centro-humanidades\/wp-json\/wp\/v2\/pages\/5"}],"wp:attachment":[{"href":"https:\/\/medicina.udd.cl\/centro-humanidades\/wp-json\/wp\/v2\/media?parent=68"}],"curies":[{"name":"wp","href":"https:\/\/api.w.org\/{rel}","templated":true}]}}