{"id":9,"date":"2010-07-21T09:32:23","date_gmt":"2010-07-21T13:32:23","guid":{"rendered":"http:\/\/medicina.udd.cl\/centro-humanidades\/sobre-el-centro\/equipo\/"},"modified":"2016-05-05T15:44:18","modified_gmt":"2016-05-05T18:44:18","slug":"colaboradores","status":"publish","type":"page","link":"https:\/\/medicina.udd.cl\/centro-humanidades\/sobre-el-centro\/colaboradores\/","title":{"rendered":"Colaboradores"},"content":{"rendered":"<div class=\"widget widget-teachers-staff\"><header class=\"widget-header\"><h3 class=\"widget-title\"><a href=\"#conoce-a-nuestros-colaboradores\" class=\"toggle slideToggle\">Conoce a nuestros colaboradores <i class=\"icon icon-caret-down\"><\/i><\/a><\/h3><\/header><div id=\"conoce-a-nuestros-colaboradores\" class=\"widget-content people-list\"><div class=\"vcard\"><div class=\"object-thumbnail-s object-thumbnail-left\"><img loading=\"lazy\" decoding=\"async\" width=\"300\" height=\"300\" src=\"https:\/\/medicina.udd.cl\/centro-humanidades\/files\/2013\/07\/Doctor-Vial-300x300.jpg\" class=\"thumbnail wp-post-image\" alt=\"\" srcset=\"https:\/\/medicina.udd.cl\/centro-humanidades\/files\/2013\/07\/Doctor-Vial-300x300.jpg 300w, https:\/\/medicina.udd.cl\/centro-humanidades\/files\/2013\/07\/Doctor-Vial-150x150.jpg 150w, https:\/\/medicina.udd.cl\/centro-humanidades\/files\/2013\/07\/Doctor-Vial-768x769.jpg 768w, https:\/\/medicina.udd.cl\/centro-humanidades\/files\/2013\/07\/Doctor-Vial-1024x1024.jpg 1024w, https:\/\/medicina.udd.cl\/centro-humanidades\/files\/2013\/07\/Doctor-Vial-62x62.jpg 62w, https:\/\/medicina.udd.cl\/centro-humanidades\/files\/2013\/07\/Doctor-Vial-960x960.jpg 960w, https:\/\/medicina.udd.cl\/centro-humanidades\/files\/2013\/07\/Doctor-Vial-126x126.jpg 126w\" sizes=\"auto, (max-width: 300px) 100vw, 300px\" \/><div class=\"wrap-content\"><p class=\"vcard-occupation\"><span class=\"category\">Director Instituto de Ciencias e Innovaci\u00f3n en Medicina UDD<\/span><\/p><p class=\"vcard-name\"><strong class=\"fn\"><a href=\"https:\/\/medicina.udd.cl\/centro-humanidades\/persona\/pablo-vial\/\">Pablo Vial<\/a><\/strong><\/p><\/div><\/div><\/div><div class=\"vcard\"><div class=\"object-thumbnail-s object-thumbnail-left\"><img loading=\"lazy\" decoding=\"async\" width=\"300\" height=\"300\" src=\"https:\/\/medicina.udd.cl\/centro-humanidades\/files\/2016\/04\/60.-Dr-Hoppe-300x300.jpg\" class=\"thumbnail wp-post-image\" alt=\"\" srcset=\"https:\/\/medicina.udd.cl\/centro-humanidades\/files\/2016\/04\/60.-Dr-Hoppe-300x300.jpg 300w, https:\/\/medicina.udd.cl\/centro-humanidades\/files\/2016\/04\/60.-Dr-Hoppe-150x150.jpg 150w, https:\/\/medicina.udd.cl\/centro-humanidades\/files\/2016\/04\/60.-Dr-Hoppe-62x62.jpg 62w, https:\/\/medicina.udd.cl\/centro-humanidades\/files\/2016\/04\/60.-Dr-Hoppe-126x126.jpg 126w\" sizes=\"auto, (max-width: 300px) 100vw, 300px\" \/><div class=\"wrap-content\"><p class=\"vcard-occupation\"><span class=\"category\">Director Corporaci\u00f3n Chileno Alemana - Docente de Medicina<\/span><\/p><p class=\"vcard-name\"><strong class=\"fn\"><a href=\"https:\/\/medicina.udd.cl\/centro-humanidades\/persona\/arnold-hoppe\/\">Arnold  Hoppe<\/a><\/strong><\/p><\/div><\/div><\/div><div class=\"vcard\"><div class=\"object-thumbnail-s object-thumbnail-left\"><img loading=\"lazy\" decoding=\"async\" width=\"300\" height=\"300\" src=\"https:\/\/medicina.udd.cl\/centro-humanidades\/files\/2018\/03\/4.-A.-de-Marinis-300x300.jpg\" class=\"thumbnail wp-post-image\" alt=\"\" srcset=\"https:\/\/medicina.udd.cl\/centro-humanidades\/files\/2018\/03\/4.-A.-de-Marinis-300x300.jpg 300w, https:\/\/medicina.udd.cl\/centro-humanidades\/files\/2018\/03\/4.-A.-de-Marinis-150x150.jpg 150w, https:\/\/medicina.udd.cl\/centro-humanidades\/files\/2018\/03\/4.-A.-de-Marinis-62x62.jpg 62w, https:\/\/medicina.udd.cl\/centro-humanidades\/files\/2018\/03\/4.-A.-de-Marinis-450x450.jpg 450w, https:\/\/medicina.udd.cl\/centro-humanidades\/files\/2018\/03\/4.-A.-de-Marinis-126x126.jpg 126w\" sizes=\"auto, (max-width: 300px) 100vw, 300px\" \/><div class=\"wrap-content\"><p class=\"vcard-occupation\"><span class=\"category\">Docente de Medicina CAS-UDD<\/span><\/p><p class=\"vcard-name\"><strong class=\"fn\"><a href=\"https:\/\/medicina.udd.cl\/centro-humanidades\/persona\/alejandro-de-marinis\/\">Alejandro  De Marinis<\/a><\/strong><\/p><\/div><\/div><\/div><div class=\"vcard\"><div class=\"object-thumbnail-s object-thumbnail-left\"><img loading=\"lazy\" decoding=\"async\" width=\"300\" height=\"300\" src=\"https:\/\/medicina.udd.cl\/centro-humanidades\/files\/2013\/07\/Carla-Benaglio-300x300.jpg\" class=\"thumbnail wp-post-image\" alt=\"\" srcset=\"https:\/\/medicina.udd.cl\/centro-humanidades\/files\/2013\/07\/Carla-Benaglio-300x300.jpg 300w, https:\/\/medicina.udd.cl\/centro-humanidades\/files\/2013\/07\/Carla-Benaglio-150x150.jpg 150w, https:\/\/medicina.udd.cl\/centro-humanidades\/files\/2013\/07\/Carla-Benaglio-768x769.jpg 768w, https:\/\/medicina.udd.cl\/centro-humanidades\/files\/2013\/07\/Carla-Benaglio-1024x1024.jpg 1024w, https:\/\/medicina.udd.cl\/centro-humanidades\/files\/2013\/07\/Carla-Benaglio-62x62.jpg 62w, https:\/\/medicina.udd.cl\/centro-humanidades\/files\/2013\/07\/Carla-Benaglio-960x960.jpg 960w, https:\/\/medicina.udd.cl\/centro-humanidades\/files\/2013\/07\/Carla-Benaglio-126x126.jpg 126w\" sizes=\"auto, (max-width: 300px) 100vw, 300px\" \/><div class=\"wrap-content\"><p class=\"vcard-occupation\"><span class=\"category\">Vicedecano de Desarrollo - Facultad de Medicina CAS-UDD<\/span><\/p><p class=\"vcard-name\"><strong class=\"fn\"><a href=\"https:\/\/medicina.udd.cl\/centro-humanidades\/persona\/carla-benaglio\/\">Carla Benaglio<\/a><\/strong><\/p><\/div><\/div><\/div><div class=\"vcard\"><div class=\"object-thumbnail-s object-thumbnail-left\"><img loading=\"lazy\" decoding=\"async\" width=\"300\" height=\"300\" src=\"https:\/\/medicina.udd.cl\/centro-humanidades\/files\/2014\/01\/Alejandra-Rubio-300x300.jpg\" class=\"thumbnail wp-post-image\" alt=\"\" srcset=\"https:\/\/medicina.udd.cl\/centro-humanidades\/files\/2014\/01\/Alejandra-Rubio-300x300.jpg 300w, https:\/\/medicina.udd.cl\/centro-humanidades\/files\/2014\/01\/Alejandra-Rubio-150x150.jpg 150w, https:\/\/medicina.udd.cl\/centro-humanidades\/files\/2014\/01\/Alejandra-Rubio-62x62.jpg 62w, https:\/\/medicina.udd.cl\/centro-humanidades\/files\/2014\/01\/Alejandra-Rubio-126x126.jpg 126w\" sizes=\"auto, (max-width: 300px) 100vw, 300px\" \/><div class=\"wrap-content\"><p class=\"vcard-occupation\"><span class=\"category\">Directora Programa Pacientes Entrenados - Facultad de Medicina CAS-UDD<\/span><\/p><p class=\"vcard-name\"><strong class=\"fn\"><a href=\"https:\/\/medicina.udd.cl\/centro-humanidades\/persona\/alejandra-rubio\/\">Alejandra Rubio<\/a><\/strong><\/p><\/div><\/div><\/div><div class=\"vcard\"><div class=\"object-thumbnail-s object-thumbnail-left\"><img loading=\"lazy\" decoding=\"async\" width=\"300\" height=\"300\" src=\"https:\/\/medicina.udd.cl\/centro-humanidades\/files\/2014\/01\/Marianne-Stein-300x300.jpg\" class=\"thumbnail wp-post-image\" alt=\"\" srcset=\"https:\/\/medicina.udd.cl\/centro-humanidades\/files\/2014\/01\/Marianne-Stein-300x300.jpg 300w, https:\/\/medicina.udd.cl\/centro-humanidades\/files\/2014\/01\/Marianne-Stein-150x150.jpg 150w, https:\/\/medicina.udd.cl\/centro-humanidades\/files\/2014\/01\/Marianne-Stein-768x768.jpg 768w, https:\/\/medicina.udd.cl\/centro-humanidades\/files\/2014\/01\/Marianne-Stein-1024x1024.jpg 1024w, https:\/\/medicina.udd.cl\/centro-humanidades\/files\/2014\/01\/Marianne-Stein-62x62.jpg 62w, https:\/\/medicina.udd.cl\/centro-humanidades\/files\/2014\/01\/Marianne-Stein-960x960.jpg 960w, https:\/\/medicina.udd.cl\/centro-humanidades\/files\/2014\/01\/Marianne-Stein-126x126.jpg 126w\" sizes=\"auto, (max-width: 300px) 100vw, 300px\" \/><div class=\"wrap-content\"><p class=\"vcard-occupation\"><span class=\"category\">Subdirectora de Extensi\u00f3n - Direcci\u00f3n de Educaci\u00f3n Continua y Extensi\u00f3n UDD<\/span><\/p><p class=\"vcard-name\"><strong class=\"fn\"><a href=\"https:\/\/medicina.udd.cl\/centro-humanidades\/persona\/marianne-stein\/\">Marianne  Stein<\/a><\/strong><\/p><\/div><\/div><\/div><div class=\"vcard\"><div class=\"object-thumbnail-s object-thumbnail-left\"><img loading=\"lazy\" decoding=\"async\" width=\"300\" height=\"300\" src=\"https:\/\/medicina.udd.cl\/centro-humanidades\/files\/2016\/03\/Pablo-Allard-2-300x300.jpg\" class=\"thumbnail wp-post-image\" alt=\"\" srcset=\"https:\/\/medicina.udd.cl\/centro-humanidades\/files\/2016\/03\/Pablo-Allard-2-300x300.jpg 300w, https:\/\/medicina.udd.cl\/centro-humanidades\/files\/2016\/03\/Pablo-Allard-2-150x150.jpg 150w, https:\/\/medicina.udd.cl\/centro-humanidades\/files\/2016\/03\/Pablo-Allard-2-62x62.jpg 62w, https:\/\/medicina.udd.cl\/centro-humanidades\/files\/2016\/03\/Pablo-Allard-2-126x126.jpg 126w\" sizes=\"auto, (max-width: 300px) 100vw, 300px\" \/><div class=\"wrap-content\"><p class=\"vcard-occupation\"><span class=\"category\">Decano Facultad de Arquitectura y Arte UDD<\/span><\/p><p class=\"vcard-name\"><strong class=\"fn\"><a href=\"https:\/\/medicina.udd.cl\/centro-humanidades\/persona\/pablo-allard\/\">Pablo Allard<\/a><\/strong><\/p><\/div><\/div><\/div><div class=\"vcard\"><div class=\"object-thumbnail-s object-thumbnail-left\"><img loading=\"lazy\" decoding=\"async\" width=\"300\" height=\"300\" src=\"https:\/\/medicina.udd.cl\/centro-humanidades\/files\/2014\/04\/Claudia-Sponton-copia-300x300.jpg\" class=\"thumbnail wp-post-image\" alt=\"\" srcset=\"https:\/\/medicina.udd.cl\/centro-humanidades\/files\/2014\/04\/Claudia-Sponton-copia-300x300.jpg 300w, https:\/\/medicina.udd.cl\/centro-humanidades\/files\/2014\/04\/Claudia-Sponton-copia-150x150.jpg 150w, https:\/\/medicina.udd.cl\/centro-humanidades\/files\/2014\/04\/Claudia-Sponton-copia-62x62.jpg 62w, https:\/\/medicina.udd.cl\/centro-humanidades\/files\/2014\/04\/Claudia-Sponton-copia-126x126.jpg 126w\" sizes=\"auto, (max-width: 300px) 100vw, 300px\" \/><div class=\"wrap-content\"><p class=\"vcard-occupation\"><span class=\"category\">Colaboradora<\/span><\/p><p class=\"vcard-name\"><strong class=\"fn\"><a href=\"https:\/\/medicina.udd.cl\/centro-humanidades\/persona\/claudia-sponton\/\">Claudia Sponton<\/a><\/strong><\/p><\/div><\/div><\/div><div class=\"vcard\"><div class=\"object-thumbnail-s object-thumbnail-left\"><img loading=\"lazy\" decoding=\"async\" width=\"220\" height=\"260\" src=\"https:\/\/medicina.udd.cl\/centro-humanidades\/files\/2016\/03\/Daniela-Gloger.jpg\" class=\"thumbnail wp-post-image\" alt=\"\" \/><div class=\"wrap-content\"><p class=\"vcard-occupation\"><span class=\"category\">Directora Mag\u00edster Mag\u00edster Arte Terapia ArtCoo, Facultad de Arquitectura y Artes UDD<\/span><\/p><p class=\"vcard-name\"><strong class=\"fn\"><a href=\"https:\/\/medicina.udd.cl\/centro-humanidades\/persona\/daniela-gloger\/\">Daniela Gloger<\/a><\/strong><\/p><\/div><\/div><\/div><div class=\"vcard\"><div class=\"object-thumbnail-s object-thumbnail-left\"><img loading=\"lazy\" decoding=\"async\" width=\"220\" height=\"260\" src=\"https:\/\/medicina.udd.cl\/centro-humanidades\/files\/2016\/03\/Eduardo-Torres.jpg\" class=\"thumbnail wp-post-image\" alt=\"\" \/><div class=\"wrap-content\"><p class=\"vcard-occupation\"><span class=\"category\">Director Mag\u00edster Mag\u00edster Arte Terapia ArtCoo, Facultad de Arquitectura y Artes UDD<\/span><\/p><p class=\"vcard-name\"><strong class=\"fn\"><a href=\"https:\/\/medicina.udd.cl\/centro-humanidades\/persona\/eduardo-torres\/\">Eduardo Torres<\/a><\/strong><\/p><\/div><\/div><\/div><div class=\"vcard\"><div class=\"object-thumbnail-s object-thumbnail-left\"><img loading=\"lazy\" decoding=\"async\" width=\"300\" height=\"300\" src=\"https:\/\/medicina.udd.cl\/centro-humanidades\/files\/2016\/08\/Javiera-Ca\u00f1as-300x300.jpg\" class=\"thumbnail wp-post-image\" alt=\"\" srcset=\"https:\/\/medicina.udd.cl\/centro-humanidades\/files\/2016\/08\/Javiera-Ca\u00f1as-300x300.jpg 300w, https:\/\/medicina.udd.cl\/centro-humanidades\/files\/2016\/08\/Javiera-Ca\u00f1as-150x150.jpg 150w, https:\/\/medicina.udd.cl\/centro-humanidades\/files\/2016\/08\/Javiera-Ca\u00f1as-62x62.jpg 62w, https:\/\/medicina.udd.cl\/centro-humanidades\/files\/2016\/08\/Javiera-Ca\u00f1as-126x126.jpg 126w\" sizes=\"auto, (max-width: 300px) 100vw, 300px\" \/><div class=\"wrap-content\"><p class=\"vcard-occupation\"><span class=\"category\">Estudiante de Enfermer\u00eda - Facultad de Medicina CAS-UDD<\/span><\/p><p class=\"vcard-name\"><strong class=\"fn\"><a href=\"https:\/\/medicina.udd.cl\/centro-humanidades\/persona\/javiera-canas\/\">Javiera Ca\u00f1as<\/a><\/strong><\/p><\/div><\/div><\/div><div class=\"vcard\"><div class=\"object-thumbnail-s object-thumbnail-left\"><img loading=\"lazy\" decoding=\"async\" width=\"300\" height=\"300\" src=\"https:\/\/medicina.udd.cl\/centro-humanidades\/files\/2018\/03\/Pedro-Gandolfo-copia-300x300.jpg\" class=\"thumbnail wp-post-image\" alt=\"\" srcset=\"https:\/\/medicina.udd.cl\/centro-humanidades\/files\/2018\/03\/Pedro-Gandolfo-copia-300x300.jpg 300w, https:\/\/medicina.udd.cl\/centro-humanidades\/files\/2018\/03\/Pedro-Gandolfo-copia-150x150.jpg 150w, https:\/\/medicina.udd.cl\/centro-humanidades\/files\/2018\/03\/Pedro-Gandolfo-copia-62x62.jpg 62w, https:\/\/medicina.udd.cl\/centro-humanidades\/files\/2018\/03\/Pedro-Gandolfo-copia-126x126.jpg 126w\" sizes=\"auto, (max-width: 300px) 100vw, 300px\" \/><div class=\"wrap-content\"><p class=\"vcard-occupation\"><span class=\"category\">Colaborador<\/span><\/p><p class=\"vcard-name\"><strong class=\"fn\"><a href=\"https:\/\/medicina.udd.cl\/centro-humanidades\/persona\/pedro-gandolfo\/\">Pedro Gandolfo<\/a><\/strong><\/p><\/div><\/div><\/div><div class=\"vcard\"><div class=\"object-thumbnail-s object-thumbnail-left\"><img loading=\"lazy\" decoding=\"async\" width=\"300\" height=\"300\" src=\"https:\/\/medicina.udd.cl\/centro-humanidades\/files\/2018\/03\/Cristobal-Holsapfel-300x300.jpg\" class=\"thumbnail wp-post-image\" alt=\"\" srcset=\"https:\/\/medicina.udd.cl\/centro-humanidades\/files\/2018\/03\/Cristobal-Holsapfel-300x300.jpg 300w, https:\/\/medicina.udd.cl\/centro-humanidades\/files\/2018\/03\/Cristobal-Holsapfel-150x150.jpg 150w, https:\/\/medicina.udd.cl\/centro-humanidades\/files\/2018\/03\/Cristobal-Holsapfel-62x62.jpg 62w, https:\/\/medicina.udd.cl\/centro-humanidades\/files\/2018\/03\/Cristobal-Holsapfel-126x126.jpg 126w\" sizes=\"auto, (max-width: 300px) 100vw, 300px\" \/><div class=\"wrap-content\"><p class=\"vcard-occupation\"><span class=\"category\">Colaborador<\/span><\/p><p class=\"vcard-name\"><strong class=\"fn\"><a href=\"https:\/\/medicina.udd.cl\/centro-humanidades\/persona\/cristobal-holzapfel\/\">Crist\u00f3bal Holzapfel<\/a><\/strong><\/p><\/div><\/div><\/div><div class=\"vcard\"><div class=\"object-thumbnail-s object-thumbnail-left\"><img loading=\"lazy\" decoding=\"async\" width=\"300\" height=\"300\" src=\"https:\/\/medicina.udd.cl\/centro-humanidades\/files\/2016\/05\/Laura-Menatti-copia-300x300.jpg\" class=\"thumbnail wp-post-image\" alt=\"\" srcset=\"https:\/\/medicina.udd.cl\/centro-humanidades\/files\/2016\/05\/Laura-Menatti-copia-300x300.jpg 300w, https:\/\/medicina.udd.cl\/centro-humanidades\/files\/2016\/05\/Laura-Menatti-copia-150x150.jpg 150w, https:\/\/medicina.udd.cl\/centro-humanidades\/files\/2016\/05\/Laura-Menatti-copia-62x62.jpg 62w, https:\/\/medicina.udd.cl\/centro-humanidades\/files\/2016\/05\/Laura-Menatti-copia-126x126.jpg 126w\" sizes=\"auto, (max-width: 300px) 100vw, 300px\" \/><div class=\"wrap-content\"><p class=\"vcard-occupation\"><span class=\"category\">Colaboradora<\/span><\/p><p class=\"vcard-name\"><strong class=\"fn\"><a href=\"https:\/\/medicina.udd.cl\/centro-humanidades\/persona\/laura-menatti\/\">Laura Menatti<\/a><\/strong><\/p><\/div><\/div><\/div><\/div><!--cierra-contenido-shortcode--><\/div>\n","protected":false},"excerpt":{"rendered":"<p>Conoce a quienes colaboran con nuestro Centro.<\/p>\n","protected":false},"author":1,"featured_media":0,"parent":7,"menu_order":4,"comment_status":"open","ping_status":"open","template":"template-wide-content.php","meta":{"footnotes":""},"class_list":["post-9","page","type-page","status-publish","hentry"],"yoast_head":"<!-- This site is optimized with the Yoast SEO plugin v26.9 - https:\/\/yoast.com\/product\/yoast-seo-wordpress\/ -->\n<title>Colaboradores del Centro de Humanidades | UDD<\/title>\n<meta name=\"description\" content=\"Conoce a los integrantes del Centro de Humanidades de la Facultad de Medicina Cl\u00ednica Alemana Universidad del Desarrollo.\" \/>\n<meta name=\"robots\" content=\"index, follow, max-snippet:-1, max-image-preview:large, max-video-preview:-1\" \/>\n<link rel=\"canonical\" href=\"https:\/\/medicina.udd.cl\/centro-humanidades\/sobre-el-centro\/colaboradores\/\" \/>\n<meta property=\"og:locale\" content=\"es_ES\" \/>\n<meta property=\"og:type\" content=\"article\" \/>\n<meta property=\"og:title\" content=\"Colaboradores del Centro de Humanidades | UDD\" \/>\n<meta property=\"og:description\" content=\"Conoce a los integrantes del Centro de Humanidades de la Facultad de Medicina Cl\u00ednica Alemana Universidad del Desarrollo.\" \/>\n<meta property=\"og:url\" content=\"https:\/\/medicina.udd.cl\/centro-humanidades\/sobre-el-centro\/colaboradores\/\" \/>\n<meta property=\"og:site_name\" content=\"Centro de Humanidades\" \/>\n<meta property=\"article:modified_time\" content=\"2016-05-05T18:44:18+00:00\" \/>\n<script type=\"application\/ld+json\" class=\"yoast-schema-graph\">{\"@context\":\"https:\/\/schema.org\",\"@graph\":[{\"@type\":\"WebPage\",\"@id\":\"https:\/\/medicina.udd.cl\/centro-humanidades\/sobre-el-centro\/colaboradores\/\",\"url\":\"https:\/\/medicina.udd.cl\/centro-humanidades\/sobre-el-centro\/colaboradores\/\",\"name\":\"Colaboradores del Centro de Humanidades | UDD\",\"isPartOf\":{\"@id\":\"https:\/\/medicina.udd.cl\/centro-humanidades\/#website\"},\"datePublished\":\"2010-07-21T13:32:23+00:00\",\"dateModified\":\"2016-05-05T18:44:18+00:00\",\"description\":\"Conoce a los integrantes del Centro de Humanidades de la Facultad de Medicina Cl\u00ednica Alemana Universidad del Desarrollo.\",\"breadcrumb\":{\"@id\":\"https:\/\/medicina.udd.cl\/centro-humanidades\/sobre-el-centro\/colaboradores\/#breadcrumb\"},\"inLanguage\":\"es\",\"potentialAction\":[{\"@type\":\"ReadAction\",\"target\":[\"https:\/\/medicina.udd.cl\/centro-humanidades\/sobre-el-centro\/colaboradores\/\"]}]},{\"@type\":\"BreadcrumbList\",\"@id\":\"https:\/\/medicina.udd.cl\/centro-humanidades\/sobre-el-centro\/colaboradores\/#breadcrumb\",\"itemListElement\":[{\"@type\":\"ListItem\",\"position\":1,\"name\":\"Home\",\"item\":\"https:\/\/medicina.udd.cl\/centro-humanidades\/\"},{\"@type\":\"ListItem\",\"position\":2,\"name\":\"Sobre el centro\",\"item\":\"https:\/\/medicina.udd.cl\/centro-humanidades\/sobre-el-centro\/\"},{\"@type\":\"ListItem\",\"position\":3,\"name\":\"Colaboradores\"}]},{\"@type\":\"WebSite\",\"@id\":\"https:\/\/medicina.udd.cl\/centro-humanidades\/#website\",\"url\":\"https:\/\/medicina.udd.cl\/centro-humanidades\/\",\"name\":\"Centro de Humanidades\",\"description\":\"Otro sitio m\u00e1s de Medicina\",\"potentialAction\":[{\"@type\":\"SearchAction\",\"target\":{\"@type\":\"EntryPoint\",\"urlTemplate\":\"https:\/\/medicina.udd.cl\/centro-humanidades\/?s={search_term_string}\"},\"query-input\":{\"@type\":\"PropertyValueSpecification\",\"valueRequired\":true,\"valueName\":\"search_term_string\"}}],\"inLanguage\":\"es\"}]}<\/script>\n<!-- \/ Yoast SEO plugin. -->","yoast_head_json":{"title":"Colaboradores del Centro de Humanidades | UDD","description":"Conoce a los integrantes del Centro de Humanidades de la Facultad de Medicina Cl\u00ednica Alemana Universidad del Desarrollo.","robots":{"index":"index","follow":"follow","max-snippet":"max-snippet:-1","max-image-preview":"max-image-preview:large","max-video-preview":"max-video-preview:-1"},"canonical":"https:\/\/medicina.udd.cl\/centro-humanidades\/sobre-el-centro\/colaboradores\/","og_locale":"es_ES","og_type":"article","og_title":"Colaboradores del Centro de Humanidades | UDD","og_description":"Conoce a los integrantes del Centro de Humanidades de la Facultad de Medicina Cl\u00ednica Alemana Universidad del Desarrollo.","og_url":"https:\/\/medicina.udd.cl\/centro-humanidades\/sobre-el-centro\/colaboradores\/","og_site_name":"Centro de Humanidades","article_modified_time":"2016-05-05T18:44:18+00:00","schema":{"@context":"https:\/\/schema.org","@graph":[{"@type":"WebPage","@id":"https:\/\/medicina.udd.cl\/centro-humanidades\/sobre-el-centro\/colaboradores\/","url":"https:\/\/medicina.udd.cl\/centro-humanidades\/sobre-el-centro\/colaboradores\/","name":"Colaboradores del Centro de Humanidades | UDD","isPartOf":{"@id":"https:\/\/medicina.udd.cl\/centro-humanidades\/#website"},"datePublished":"2010-07-21T13:32:23+00:00","dateModified":"2016-05-05T18:44:18+00:00","description":"Conoce a los integrantes del Centro de Humanidades de la Facultad de Medicina Cl\u00ednica Alemana Universidad del Desarrollo.","breadcrumb":{"@id":"https:\/\/medicina.udd.cl\/centro-humanidades\/sobre-el-centro\/colaboradores\/#breadcrumb"},"inLanguage":"es","potentialAction":[{"@type":"ReadAction","target":["https:\/\/medicina.udd.cl\/centro-humanidades\/sobre-el-centro\/colaboradores\/"]}]},{"@type":"BreadcrumbList","@id":"https:\/\/medicina.udd.cl\/centro-humanidades\/sobre-el-centro\/colaboradores\/#breadcrumb","itemListElement":[{"@type":"ListItem","position":1,"name":"Home","item":"https:\/\/medicina.udd.cl\/centro-humanidades\/"},{"@type":"ListItem","position":2,"name":"Sobre el centro","item":"https:\/\/medicina.udd.cl\/centro-humanidades\/sobre-el-centro\/"},{"@type":"ListItem","position":3,"name":"Colaboradores"}]},{"@type":"WebSite","@id":"https:\/\/medicina.udd.cl\/centro-humanidades\/#website","url":"https:\/\/medicina.udd.cl\/centro-humanidades\/","name":"Centro de Humanidades","description":"Otro sitio m\u00e1s de Medicina","potentialAction":[{"@type":"SearchAction","target":{"@type":"EntryPoint","urlTemplate":"https:\/\/medicina.udd.cl\/centro-humanidades\/?s={search_term_string}"},"query-input":{"@type":"PropertyValueSpecification","valueRequired":true,"valueName":"search_term_string"}}],"inLanguage":"es"}]}},"_links":{"self":[{"href":"https:\/\/medicina.udd.cl\/centro-humanidades\/wp-json\/wp\/v2\/pages\/9","targetHints":{"allow":["GET"]}}],"collection":[{"href":"https:\/\/medicina.udd.cl\/centro-humanidades\/wp-json\/wp\/v2\/pages"}],"about":[{"href":"https:\/\/medicina.udd.cl\/centro-humanidades\/wp-json\/wp\/v2\/types\/page"}],"author":[{"embeddable":true,"href":"https:\/\/medicina.udd.cl\/centro-humanidades\/wp-json\/wp\/v2\/users\/1"}],"replies":[{"embeddable":true,"href":"https:\/\/medicina.udd.cl\/centro-humanidades\/wp-json\/wp\/v2\/comments?post=9"}],"version-history":[{"count":14,"href":"https:\/\/medicina.udd.cl\/centro-humanidades\/wp-json\/wp\/v2\/pages\/9\/revisions"}],"predecessor-version":[{"id":1933,"href":"https:\/\/medicina.udd.cl\/centro-humanidades\/wp-json\/wp\/v2\/pages\/9\/revisions\/1933"}],"up":[{"embeddable":true,"href":"https:\/\/medicina.udd.cl\/centro-humanidades\/wp-json\/wp\/v2\/pages\/7"}],"wp:attachment":[{"href":"https:\/\/medicina.udd.cl\/centro-humanidades\/wp-json\/wp\/v2\/media?parent=9"}],"curies":[{"name":"wp","href":"https:\/\/api.w.org\/{rel}","templated":true}]}}