{"id":103,"date":"2010-06-11T10:38:31","date_gmt":"2010-06-11T14:38:31","guid":{"rendered":"http:\/\/medicina.udd.cl\/instituto-ciencias\/servicios\/centros-de-estudios-pre-clinicos\/"},"modified":"2014-06-23T17:29:41","modified_gmt":"2014-06-23T21:29:41","slug":"centro-de-estudios-pre-clinicos","status":"publish","type":"page","link":"https:\/\/medicina.udd.cl\/centro-medicina-regenerativa\/servicios\/centro-de-estudios-pre-clinicos\/","title":{"rendered":"Centro de estudios pre-cl\u00ednicos"},"content":{"rendered":"<p style=\"text-align: justify;\">La infraestructura y los recursos humanos del Centro de Medicina Regenerativa de la Facultad de Medicina Cl\u00ednica Alemana Universidad del Desarrollo junto con las fortalezas del BIAS nos permiten dise\u00f1ar y realizar estudios pre-cl\u00ednicos para determinar:<\/p>\n<ul>\n<li>\n<div style=\"text-align: justify;\">Biodisponibilidad [absorci\u00f3n, distribuci\u00f3n, metabolismo, excreci\u00f3n]<\/div>\n<\/li>\n<li>\n<div style=\"text-align: justify;\">Irritabilidad biol\u00f3gica [irritaci\u00f3n, corrosividad de tejidos]<\/div>\n<\/li>\n<li>\n<div style=\"text-align: justify;\">Toxicidad [de dosis \u00fanica, de dosis repetida, de sobredosis, sobre capacidad reproductiva, teratogenicidad, mutagenicidad, carcinogenicidad]<\/div>\n<\/li>\n<li>\n<div style=\"text-align: justify;\">Efecto terap\u00e9utico [diabetes mellitus tipo 1, diabetes mellitus tipo 2, s\u00edndrome metab\u00f3lica, hepatitis no alcoh\u00f3licas, alcoholismo, osteoartritis, distres respiratorio]<\/div>\n<\/li>\n<\/ul>\n","protected":false},"excerpt":{"rendered":"<p>La infraestructura y los recursos humanos del Centro de Medicina Regenerativa de la Facultad de Medicina Cl\u00ednica Alemana Universidad del Desarrollo junto con las fortalezas del BIAS nos permiten dise\u00f1ar y realizar estudios pre-cl\u00ednicos para determinar: Biodisponibilidad [absorci\u00f3n, distribuci\u00f3n, metabolismo, excreci\u00f3n] Irritabilidad biol\u00f3gica [irritaci\u00f3n, corrosividad de tejidos] Toxicidad [de dosis \u00fanica, de dosis repetida, de [&hellip;]<\/p>\n","protected":false},"author":1,"featured_media":0,"parent":97,"menu_order":1,"comment_status":"open","ping_status":"open","template":"","meta":{"footnotes":""},"class_list":["post-103","page","type-page","status-publish","hentry"],"yoast_head":"<!-- This site is optimized with the Yoast SEO plugin v26.9 - https:\/\/yoast.com\/product\/yoast-seo-wordpress\/ -->\n<title>Centro de estudios pre-cl\u00ednicos - Centro de Medicina Regenerativa<\/title>\n<meta name=\"robots\" content=\"index, follow, max-snippet:-1, max-image-preview:large, max-video-preview:-1\" \/>\n<link rel=\"canonical\" href=\"https:\/\/medicina.udd.cl\/centro-medicina-regenerativa\/servicios\/centro-de-estudios-pre-clinicos\/\" \/>\n<meta property=\"og:locale\" content=\"es_ES\" \/>\n<meta property=\"og:type\" content=\"article\" \/>\n<meta property=\"og:title\" content=\"Centro de estudios pre-cl\u00ednicos - Centro de Medicina Regenerativa\" \/>\n<meta property=\"og:description\" content=\"La infraestructura y los recursos humanos del Centro de Medicina Regenerativa de la Facultad de Medicina Cl\u00ednica Alemana Universidad del Desarrollo junto con las fortalezas del BIAS nos permiten dise\u00f1ar y realizar estudios pre-cl\u00ednicos para determinar: Biodisponibilidad [absorci\u00f3n, distribuci\u00f3n, metabolismo, excreci\u00f3n] Irritabilidad biol\u00f3gica [irritaci\u00f3n, corrosividad de tejidos] Toxicidad [de dosis \u00fanica, de dosis repetida, de [&hellip;]\" \/>\n<meta property=\"og:url\" content=\"https:\/\/medicina.udd.cl\/centro-medicina-regenerativa\/servicios\/centro-de-estudios-pre-clinicos\/\" \/>\n<meta property=\"og:site_name\" content=\"Centro de Medicina Regenerativa\" \/>\n<meta property=\"article:modified_time\" content=\"2014-06-23T21:29:41+00:00\" \/>\n<script type=\"application\/ld+json\" class=\"yoast-schema-graph\">{\"@context\":\"https:\/\/schema.org\",\"@graph\":[{\"@type\":\"WebPage\",\"@id\":\"https:\/\/medicina.udd.cl\/centro-medicina-regenerativa\/servicios\/centro-de-estudios-pre-clinicos\/\",\"url\":\"https:\/\/medicina.udd.cl\/centro-medicina-regenerativa\/servicios\/centro-de-estudios-pre-clinicos\/\",\"name\":\"Centro de estudios pre-cl\u00ednicos - Centro de Medicina Regenerativa\",\"isPartOf\":{\"@id\":\"https:\/\/medicina.udd.cl\/centro-medicina-regenerativa\/#website\"},\"datePublished\":\"2010-06-11T14:38:31+00:00\",\"dateModified\":\"2014-06-23T21:29:41+00:00\",\"breadcrumb\":{\"@id\":\"https:\/\/medicina.udd.cl\/centro-medicina-regenerativa\/servicios\/centro-de-estudios-pre-clinicos\/#breadcrumb\"},\"inLanguage\":\"es\",\"potentialAction\":[{\"@type\":\"ReadAction\",\"target\":[\"https:\/\/medicina.udd.cl\/centro-medicina-regenerativa\/servicios\/centro-de-estudios-pre-clinicos\/\"]}]},{\"@type\":\"BreadcrumbList\",\"@id\":\"https:\/\/medicina.udd.cl\/centro-medicina-regenerativa\/servicios\/centro-de-estudios-pre-clinicos\/#breadcrumb\",\"itemListElement\":[{\"@type\":\"ListItem\",\"position\":1,\"name\":\"Inicio\",\"item\":\"https:\/\/medicina.udd.cl\/centro-medicina-regenerativa\/\"},{\"@type\":\"ListItem\",\"position\":2,\"name\":\"Servicios\",\"item\":\"https:\/\/medicina.udd.cl\/centro-medicina-regenerativa\/servicios\/\"},{\"@type\":\"ListItem\",\"position\":3,\"name\":\"Centro de estudios pre-cl\u00ednicos\"}]},{\"@type\":\"WebSite\",\"@id\":\"https:\/\/medicina.udd.cl\/centro-medicina-regenerativa\/#website\",\"url\":\"https:\/\/medicina.udd.cl\/centro-medicina-regenerativa\/\",\"name\":\"Centro de Medicina Regenerativa\",\"description\":\"\",\"inLanguage\":\"es\"}]}<\/script>\n<!-- \/ Yoast SEO plugin. -->","yoast_head_json":{"title":"Centro de estudios pre-cl\u00ednicos - Centro de Medicina Regenerativa","robots":{"index":"index","follow":"follow","max-snippet":"max-snippet:-1","max-image-preview":"max-image-preview:large","max-video-preview":"max-video-preview:-1"},"canonical":"https:\/\/medicina.udd.cl\/centro-medicina-regenerativa\/servicios\/centro-de-estudios-pre-clinicos\/","og_locale":"es_ES","og_type":"article","og_title":"Centro de estudios pre-cl\u00ednicos - Centro de Medicina Regenerativa","og_description":"La infraestructura y los recursos humanos del Centro de Medicina Regenerativa de la Facultad de Medicina Cl\u00ednica Alemana Universidad del Desarrollo junto con las fortalezas del BIAS nos permiten dise\u00f1ar y realizar estudios pre-cl\u00ednicos para determinar: Biodisponibilidad [absorci\u00f3n, distribuci\u00f3n, metabolismo, excreci\u00f3n] Irritabilidad biol\u00f3gica [irritaci\u00f3n, corrosividad de tejidos] Toxicidad [de dosis \u00fanica, de dosis repetida, de [&hellip;]","og_url":"https:\/\/medicina.udd.cl\/centro-medicina-regenerativa\/servicios\/centro-de-estudios-pre-clinicos\/","og_site_name":"Centro de Medicina Regenerativa","article_modified_time":"2014-06-23T21:29:41+00:00","schema":{"@context":"https:\/\/schema.org","@graph":[{"@type":"WebPage","@id":"https:\/\/medicina.udd.cl\/centro-medicina-regenerativa\/servicios\/centro-de-estudios-pre-clinicos\/","url":"https:\/\/medicina.udd.cl\/centro-medicina-regenerativa\/servicios\/centro-de-estudios-pre-clinicos\/","name":"Centro de estudios pre-cl\u00ednicos - Centro de Medicina Regenerativa","isPartOf":{"@id":"https:\/\/medicina.udd.cl\/centro-medicina-regenerativa\/#website"},"datePublished":"2010-06-11T14:38:31+00:00","dateModified":"2014-06-23T21:29:41+00:00","breadcrumb":{"@id":"https:\/\/medicina.udd.cl\/centro-medicina-regenerativa\/servicios\/centro-de-estudios-pre-clinicos\/#breadcrumb"},"inLanguage":"es","potentialAction":[{"@type":"ReadAction","target":["https:\/\/medicina.udd.cl\/centro-medicina-regenerativa\/servicios\/centro-de-estudios-pre-clinicos\/"]}]},{"@type":"BreadcrumbList","@id":"https:\/\/medicina.udd.cl\/centro-medicina-regenerativa\/servicios\/centro-de-estudios-pre-clinicos\/#breadcrumb","itemListElement":[{"@type":"ListItem","position":1,"name":"Inicio","item":"https:\/\/medicina.udd.cl\/centro-medicina-regenerativa\/"},{"@type":"ListItem","position":2,"name":"Servicios","item":"https:\/\/medicina.udd.cl\/centro-medicina-regenerativa\/servicios\/"},{"@type":"ListItem","position":3,"name":"Centro de estudios pre-cl\u00ednicos"}]},{"@type":"WebSite","@id":"https:\/\/medicina.udd.cl\/centro-medicina-regenerativa\/#website","url":"https:\/\/medicina.udd.cl\/centro-medicina-regenerativa\/","name":"Centro de Medicina Regenerativa","description":"","inLanguage":"es"}]}},"_links":{"self":[{"href":"https:\/\/medicina.udd.cl\/centro-medicina-regenerativa\/wp-json\/wp\/v2\/pages\/103","targetHints":{"allow":["GET"]}}],"collection":[{"href":"https:\/\/medicina.udd.cl\/centro-medicina-regenerativa\/wp-json\/wp\/v2\/pages"}],"about":[{"href":"https:\/\/medicina.udd.cl\/centro-medicina-regenerativa\/wp-json\/wp\/v2\/types\/page"}],"author":[{"embeddable":true,"href":"https:\/\/medicina.udd.cl\/centro-medicina-regenerativa\/wp-json\/wp\/v2\/users\/1"}],"replies":[{"embeddable":true,"href":"https:\/\/medicina.udd.cl\/centro-medicina-regenerativa\/wp-json\/wp\/v2\/comments?post=103"}],"version-history":[{"count":8,"href":"https:\/\/medicina.udd.cl\/centro-medicina-regenerativa\/wp-json\/wp\/v2\/pages\/103\/revisions"}],"predecessor-version":[{"id":1771,"href":"https:\/\/medicina.udd.cl\/centro-medicina-regenerativa\/wp-json\/wp\/v2\/pages\/103\/revisions\/1771"}],"up":[{"embeddable":true,"href":"https:\/\/medicina.udd.cl\/centro-medicina-regenerativa\/wp-json\/wp\/v2\/pages\/97"}],"wp:attachment":[{"href":"https:\/\/medicina.udd.cl\/centro-medicina-regenerativa\/wp-json\/wp\/v2\/media?parent=103"}],"curies":[{"name":"wp","href":"https:\/\/api.w.org\/{rel}","templated":true}]}}