{"id":104,"date":"2010-06-11T10:44:04","date_gmt":"2010-06-11T14:44:04","guid":{"rendered":"http:\/\/medicina.udd.cl\/instituto-ciencias\/centro-de-estudios-clinicos-fase-i\/"},"modified":"2014-06-23T17:31:16","modified_gmt":"2014-06-23T21:31:16","slug":"centro-de-estudios-clinicos-fase-i","status":"publish","type":"page","link":"https:\/\/medicina.udd.cl\/centro-medicina-regenerativa\/servicios\/centro-de-estudios-clinicos-fase-i\/","title":{"rendered":"Centro de estudios cl\u00ednicos fase I"},"content":{"rendered":"<p style=\"text-align: justify;\">En los estudios cl\u00ednicos fase I, el \u00e9nfasis est\u00e1 puesto en la bioseguridad de la intervenci\u00f3n terap\u00e9utica a evaluar. En el caso particular de los f\u00e1rmacos, tambi\u00e9n son clave los datos farmacocin\u00e9ticas y farmacodin\u00e1micos. Por ello, los estudios se realizan en voluntarios sanos pero en centros de salud que cuenten con los recursos t\u00e9cnicos y humanos para enfrentar eventualidades.<\/p>\n<p style=\"text-align: justify;\">Dado los convenios docente-asistencial existentes entre la Facultad de Medicina Cl\u00ednica Alemana Universidad del Desarrollo con Cl\u00ednica Alemana y el Hospital Padre Hurtado, el Centro de Medicina Regenerativa tiene la capacidad de articular y realizar estudios cl\u00ednicos fase I que cumplan con los est\u00e1ndares internacionales.<\/p>\n","protected":false},"excerpt":{"rendered":"<p>En los estudios cl\u00ednicos fase I, el \u00e9nfasis est\u00e1 puesto en la bioseguridad de la intervenci\u00f3n terap\u00e9utica a evaluar. En el caso particular de los f\u00e1rmacos, tambi\u00e9n son clave los datos farmacocin\u00e9ticas y farmacodin\u00e1micos. Por ello, los estudios se realizan en voluntarios sanos pero en centros de salud que cuenten con los recursos t\u00e9cnicos y [&hellip;]<\/p>\n","protected":false},"author":1,"featured_media":0,"parent":97,"menu_order":2,"comment_status":"open","ping_status":"open","template":"","meta":{"footnotes":""},"class_list":["post-104","page","type-page","status-publish","hentry"],"yoast_head":"<!-- This site is optimized with the Yoast SEO plugin v26.9 - https:\/\/yoast.com\/product\/yoast-seo-wordpress\/ -->\n<title>Centro de estudios cl\u00ednicos fase I - Centro de Medicina Regenerativa<\/title>\n<meta name=\"robots\" content=\"index, follow, max-snippet:-1, max-image-preview:large, max-video-preview:-1\" \/>\n<link rel=\"canonical\" href=\"https:\/\/medicina.udd.cl\/centro-medicina-regenerativa\/servicios\/centro-de-estudios-clinicos-fase-i\/\" \/>\n<meta property=\"og:locale\" content=\"es_ES\" \/>\n<meta property=\"og:type\" content=\"article\" \/>\n<meta property=\"og:title\" content=\"Centro de estudios cl\u00ednicos fase I - Centro de Medicina Regenerativa\" \/>\n<meta property=\"og:description\" content=\"En los estudios cl\u00ednicos fase I, el \u00e9nfasis est\u00e1 puesto en la bioseguridad de la intervenci\u00f3n terap\u00e9utica a evaluar. En el caso particular de los f\u00e1rmacos, tambi\u00e9n son clave los datos farmacocin\u00e9ticas y farmacodin\u00e1micos. Por ello, los estudios se realizan en voluntarios sanos pero en centros de salud que cuenten con los recursos t\u00e9cnicos y [&hellip;]\" \/>\n<meta property=\"og:url\" content=\"https:\/\/medicina.udd.cl\/centro-medicina-regenerativa\/servicios\/centro-de-estudios-clinicos-fase-i\/\" \/>\n<meta property=\"og:site_name\" content=\"Centro de Medicina Regenerativa\" \/>\n<meta property=\"article:modified_time\" content=\"2014-06-23T21:31:16+00:00\" \/>\n<meta name=\"twitter:label1\" content=\"Tiempo de lectura\" \/>\n\t<meta name=\"twitter:data1\" content=\"1 minuto\" \/>\n<script type=\"application\/ld+json\" class=\"yoast-schema-graph\">{\"@context\":\"https:\/\/schema.org\",\"@graph\":[{\"@type\":\"WebPage\",\"@id\":\"https:\/\/medicina.udd.cl\/centro-medicina-regenerativa\/servicios\/centro-de-estudios-clinicos-fase-i\/\",\"url\":\"https:\/\/medicina.udd.cl\/centro-medicina-regenerativa\/servicios\/centro-de-estudios-clinicos-fase-i\/\",\"name\":\"Centro de estudios cl\u00ednicos fase I - Centro de Medicina Regenerativa\",\"isPartOf\":{\"@id\":\"https:\/\/medicina.udd.cl\/centro-medicina-regenerativa\/#website\"},\"datePublished\":\"2010-06-11T14:44:04+00:00\",\"dateModified\":\"2014-06-23T21:31:16+00:00\",\"breadcrumb\":{\"@id\":\"https:\/\/medicina.udd.cl\/centro-medicina-regenerativa\/servicios\/centro-de-estudios-clinicos-fase-i\/#breadcrumb\"},\"inLanguage\":\"es\",\"potentialAction\":[{\"@type\":\"ReadAction\",\"target\":[\"https:\/\/medicina.udd.cl\/centro-medicina-regenerativa\/servicios\/centro-de-estudios-clinicos-fase-i\/\"]}]},{\"@type\":\"BreadcrumbList\",\"@id\":\"https:\/\/medicina.udd.cl\/centro-medicina-regenerativa\/servicios\/centro-de-estudios-clinicos-fase-i\/#breadcrumb\",\"itemListElement\":[{\"@type\":\"ListItem\",\"position\":1,\"name\":\"Inicio\",\"item\":\"https:\/\/medicina.udd.cl\/centro-medicina-regenerativa\/\"},{\"@type\":\"ListItem\",\"position\":2,\"name\":\"Servicios\",\"item\":\"https:\/\/medicina.udd.cl\/centro-medicina-regenerativa\/servicios\/\"},{\"@type\":\"ListItem\",\"position\":3,\"name\":\"Centro de estudios cl\u00ednicos fase I\"}]},{\"@type\":\"WebSite\",\"@id\":\"https:\/\/medicina.udd.cl\/centro-medicina-regenerativa\/#website\",\"url\":\"https:\/\/medicina.udd.cl\/centro-medicina-regenerativa\/\",\"name\":\"Centro de Medicina Regenerativa\",\"description\":\"\",\"inLanguage\":\"es\"}]}<\/script>\n<!-- \/ Yoast SEO plugin. -->","yoast_head_json":{"title":"Centro de estudios cl\u00ednicos fase I - Centro de Medicina Regenerativa","robots":{"index":"index","follow":"follow","max-snippet":"max-snippet:-1","max-image-preview":"max-image-preview:large","max-video-preview":"max-video-preview:-1"},"canonical":"https:\/\/medicina.udd.cl\/centro-medicina-regenerativa\/servicios\/centro-de-estudios-clinicos-fase-i\/","og_locale":"es_ES","og_type":"article","og_title":"Centro de estudios cl\u00ednicos fase I - Centro de Medicina Regenerativa","og_description":"En los estudios cl\u00ednicos fase I, el \u00e9nfasis est\u00e1 puesto en la bioseguridad de la intervenci\u00f3n terap\u00e9utica a evaluar. En el caso particular de los f\u00e1rmacos, tambi\u00e9n son clave los datos farmacocin\u00e9ticas y farmacodin\u00e1micos. Por ello, los estudios se realizan en voluntarios sanos pero en centros de salud que cuenten con los recursos t\u00e9cnicos y [&hellip;]","og_url":"https:\/\/medicina.udd.cl\/centro-medicina-regenerativa\/servicios\/centro-de-estudios-clinicos-fase-i\/","og_site_name":"Centro de Medicina Regenerativa","article_modified_time":"2014-06-23T21:31:16+00:00","twitter_misc":{"Tiempo de lectura":"1 minuto"},"schema":{"@context":"https:\/\/schema.org","@graph":[{"@type":"WebPage","@id":"https:\/\/medicina.udd.cl\/centro-medicina-regenerativa\/servicios\/centro-de-estudios-clinicos-fase-i\/","url":"https:\/\/medicina.udd.cl\/centro-medicina-regenerativa\/servicios\/centro-de-estudios-clinicos-fase-i\/","name":"Centro de estudios cl\u00ednicos fase I - Centro de Medicina Regenerativa","isPartOf":{"@id":"https:\/\/medicina.udd.cl\/centro-medicina-regenerativa\/#website"},"datePublished":"2010-06-11T14:44:04+00:00","dateModified":"2014-06-23T21:31:16+00:00","breadcrumb":{"@id":"https:\/\/medicina.udd.cl\/centro-medicina-regenerativa\/servicios\/centro-de-estudios-clinicos-fase-i\/#breadcrumb"},"inLanguage":"es","potentialAction":[{"@type":"ReadAction","target":["https:\/\/medicina.udd.cl\/centro-medicina-regenerativa\/servicios\/centro-de-estudios-clinicos-fase-i\/"]}]},{"@type":"BreadcrumbList","@id":"https:\/\/medicina.udd.cl\/centro-medicina-regenerativa\/servicios\/centro-de-estudios-clinicos-fase-i\/#breadcrumb","itemListElement":[{"@type":"ListItem","position":1,"name":"Inicio","item":"https:\/\/medicina.udd.cl\/centro-medicina-regenerativa\/"},{"@type":"ListItem","position":2,"name":"Servicios","item":"https:\/\/medicina.udd.cl\/centro-medicina-regenerativa\/servicios\/"},{"@type":"ListItem","position":3,"name":"Centro de estudios cl\u00ednicos fase I"}]},{"@type":"WebSite","@id":"https:\/\/medicina.udd.cl\/centro-medicina-regenerativa\/#website","url":"https:\/\/medicina.udd.cl\/centro-medicina-regenerativa\/","name":"Centro de Medicina Regenerativa","description":"","inLanguage":"es"}]}},"_links":{"self":[{"href":"https:\/\/medicina.udd.cl\/centro-medicina-regenerativa\/wp-json\/wp\/v2\/pages\/104","targetHints":{"allow":["GET"]}}],"collection":[{"href":"https:\/\/medicina.udd.cl\/centro-medicina-regenerativa\/wp-json\/wp\/v2\/pages"}],"about":[{"href":"https:\/\/medicina.udd.cl\/centro-medicina-regenerativa\/wp-json\/wp\/v2\/types\/page"}],"author":[{"embeddable":true,"href":"https:\/\/medicina.udd.cl\/centro-medicina-regenerativa\/wp-json\/wp\/v2\/users\/1"}],"replies":[{"embeddable":true,"href":"https:\/\/medicina.udd.cl\/centro-medicina-regenerativa\/wp-json\/wp\/v2\/comments?post=104"}],"version-history":[{"count":11,"href":"https:\/\/medicina.udd.cl\/centro-medicina-regenerativa\/wp-json\/wp\/v2\/pages\/104\/revisions"}],"predecessor-version":[{"id":1117,"href":"https:\/\/medicina.udd.cl\/centro-medicina-regenerativa\/wp-json\/wp\/v2\/pages\/104\/revisions\/1117"}],"up":[{"embeddable":true,"href":"https:\/\/medicina.udd.cl\/centro-medicina-regenerativa\/wp-json\/wp\/v2\/pages\/97"}],"wp:attachment":[{"href":"https:\/\/medicina.udd.cl\/centro-medicina-regenerativa\/wp-json\/wp\/v2\/media?parent=104"}],"curies":[{"name":"wp","href":"https:\/\/api.w.org\/{rel}","templated":true}]}}