{"id":117,"date":"2010-06-11T11:04:15","date_gmt":"2010-06-11T15:04:15","guid":{"rendered":"http:\/\/medicina.udd.cl\/instituto-ciencias\/que-hacemos\/proyectos-de-investigacion\/"},"modified":"2021-04-14T11:01:25","modified_gmt":"2021-04-14T15:01:25","slug":"proyectos-de-investigacion","status":"publish","type":"page","link":"https:\/\/medicina.udd.cl\/centro-medicina-regenerativa\/que-hacemos\/proyectos-de-investigacion\/","title":{"rendered":"Proyectos de Investigaci\u00f3n"},"content":{"rendered":"\n<figure class=\"wp-block-table aligncenter is-style-regular\"><table class=\"has-fixed-layout\"><tbody><tr><td><strong>Investigador responsable<\/strong>   <\/td><td>\n  <strong>Nombre del proyecto<\/strong>\n  <\/td><td>\n  <strong>Per\u00edodo<\/strong>\n  <\/td><td>\n  <strong>Instituci\u00f3n financiera<\/strong>\n  <\/td><\/tr><tr><td>Fernando Ezquer   <\/td><td>Treating the whole   not the hole: Administration of acellular derivative from mesenchymal stem   cells subjected to a preconditioning stimulus reverts diabetic neuropathy and   prevents diabetic foot ulcers in an animal model of type 2 diabetes mellitu.   <\/td><td>\n  2017 &#8211; 2019\n  <\/td><td>Fondecyt Regular   2017    <\/td><\/tr><tr><td>Jessica Mart\u00ednez \/   Iris Delgado COI   <\/td><td>\n  Escalamiento a la\n  fase comercial de un producto natural (HO21), para el control del Loque\n  Americana en abejas mel\u00edferas.\n  <\/td><td>\n  2017- 2019\n  <\/td><td>Fondef V Concurso de   Investigaci\u00f3n Tecnol\u00f3gica, Programa Idea en dos Etapas    <\/td><\/tr><tr><td>\n  Jessica Mart\u00ednez\n  <\/td><td>\n  Api Network for\n  honey bee health\n  <\/td><td>\n  2018 &#8211; 2020\n  <\/td><td>Redes de Apoyo a la   Formaci\u00f3n de Internacionales entre Centros de Investigaci\u00f3n, Concurso 2018    <\/td><\/tr><tr><td>\n  Christina Schuh\n  <\/td><td>\n  Conicyt Fondecyt de\n  Iniciacion #11180406: Analysis of Antimicrobial and Pro regenerative\n  Properties of Exosomes Derived from Apis mellifera Royal Jelly\n  <\/td><td>\n  2018 &#8211; 2020\n  <\/td><td>Fondecyt de   Iniciaci\u00f3n 2018    <\/td><\/tr><tr><td>\n  Jessica Mart\u00ednez\n  <\/td><td>\n  Producto\n  farmac\u00e9utico para uso en Apis mel\u00edfera, en base a extracto vegetal, para el\n  control de la infecci\u00f3n causada por el pat\u00f3geno de distribuci\u00f3n mundial\n  Nosema ceranae\n  <\/td><td>\n  2019-2022\n  <\/td><td>FIA (Fundaci\u00f3n para la Innovaci\u00f3n Agraria-convocatoria nacional proyectos de innovaci\u00f3n 2018)   <\/td><\/tr><tr><td>\n  Marcelo Ezquer\n  <\/td><td>\n  Acute on chronic\n  liver failure: reversion by systemic administration of 3D spheroids-derived\n  mesenchymal stem cells\n  <\/td><td>\n  2020\n  <\/td><td>Fondecyt Regular 2020    <\/td><\/tr><tr><td>\n  Fernando Ezquer\n  <\/td><td>\n  Opioid addiction and\n  associated cognitive damage: Inhibition by intranasal mesenchymal stem cell\n  secretome administration\n  <\/td><td>\n  2020\n  <\/td><td>Fondecyt Regular 2020    <\/td><\/tr><tr><td>\n  Cristian De Gregorio\n  <\/td><td>\n  Combined secretomes\n  from mesenchymal stem cells and keratinocytes has regenerative effects over\n  skin woulnds in two animal models of Epidermolysis Bullosa\n  <\/td><td>\n  2020\n  <\/td><td>Post Doctorado 2020    <\/td><\/tr><tr><td>\n  Yedy Israel (U. de\n  Chile) \/ Fernando Ezquer (Co)\n  <\/td><td>\n  \u00abThe Oxidative\n  stress-neuroinflammation Synergy: Role in the perpetuation of alcohol intake\n  and therapeutic avenues\u00bb\n  <\/td><td>\n  2018-2022\n  <\/td><td>Fondecyt regular, proyecto asociado    <\/td><\/tr><tr><td>\n  Fernando Ezquer\/\n  Paola Morales (U. de Chile)\n  <\/td><td>\n  Mesenchymal stem\n  cells-secretome provides protection in neonatal hypoxiareoxygenation.\n  Mechanisms and translational studies\n  <\/td><td>\n  2019 &#8211; 2022\n  <\/td><td>Fondecyt regular, proyecto asociado    <\/td><\/tr><tr><td>\n  Jessica Mart\u00ednez \/\n  Edward Fuentes (U. de Chile)\n  <\/td><td>\n  Chemical markers of\n  the immune and metabolic status of Apis mellifera at the colony level\n  evidenced in honey. A bioanalytical perspective to the current apicultural\n  challenges\n  <\/td><td>\n  2019 &#8211; 2022\n  <\/td><td>Fondecyt regular, proyecto asociado    <\/td><\/tr><\/tbody><\/table><\/figure>\n","protected":false},"excerpt":{"rendered":"<p>Conoce los proyectos de investigaci\u00f3n vigentes de los investigadores del Centro de Medicina Regenerativa.<\/p>\n","protected":false},"author":1,"featured_media":0,"parent":114,"menu_order":0,"comment_status":"open","ping_status":"open","template":"","meta":{"footnotes":""},"class_list":["post-117","page","type-page","status-publish","hentry"],"yoast_head":"<!-- This site is optimized with the Yoast SEO plugin v26.9 - https:\/\/yoast.com\/product\/yoast-seo-wordpress\/ -->\n<title>Proyectos de Investigaci\u00f3n - Centro de Medicina Regenerativa<\/title>\n<meta name=\"robots\" content=\"index, follow, max-snippet:-1, max-image-preview:large, max-video-preview:-1\" \/>\n<link rel=\"canonical\" href=\"https:\/\/medicina.udd.cl\/centro-medicina-regenerativa\/que-hacemos\/proyectos-de-investigacion\/\" \/>\n<meta property=\"og:locale\" content=\"es_ES\" \/>\n<meta property=\"og:type\" content=\"article\" \/>\n<meta property=\"og:title\" content=\"Proyectos de Investigaci\u00f3n - Centro de Medicina Regenerativa\" \/>\n<meta property=\"og:description\" content=\"Conoce los proyectos de investigaci\u00f3n vigentes de los investigadores del Centro de Medicina Regenerativa.\" \/>\n<meta property=\"og:url\" content=\"https:\/\/medicina.udd.cl\/centro-medicina-regenerativa\/que-hacemos\/proyectos-de-investigacion\/\" \/>\n<meta property=\"og:site_name\" content=\"Centro de Medicina Regenerativa\" \/>\n<meta property=\"article:modified_time\" content=\"2021-04-14T15:01:25+00:00\" \/>\n<meta name=\"twitter:label1\" content=\"Tiempo de lectura\" \/>\n\t<meta name=\"twitter:data1\" content=\"2 minutos\" \/>\n<script type=\"application\/ld+json\" class=\"yoast-schema-graph\">{\"@context\":\"https:\/\/schema.org\",\"@graph\":[{\"@type\":\"WebPage\",\"@id\":\"https:\/\/medicina.udd.cl\/centro-medicina-regenerativa\/que-hacemos\/proyectos-de-investigacion\/\",\"url\":\"https:\/\/medicina.udd.cl\/centro-medicina-regenerativa\/que-hacemos\/proyectos-de-investigacion\/\",\"name\":\"Proyectos de Investigaci\u00f3n - Centro de Medicina Regenerativa\",\"isPartOf\":{\"@id\":\"https:\/\/medicina.udd.cl\/centro-medicina-regenerativa\/#website\"},\"datePublished\":\"2010-06-11T15:04:15+00:00\",\"dateModified\":\"2021-04-14T15:01:25+00:00\",\"breadcrumb\":{\"@id\":\"https:\/\/medicina.udd.cl\/centro-medicina-regenerativa\/que-hacemos\/proyectos-de-investigacion\/#breadcrumb\"},\"inLanguage\":\"es\",\"potentialAction\":[{\"@type\":\"ReadAction\",\"target\":[\"https:\/\/medicina.udd.cl\/centro-medicina-regenerativa\/que-hacemos\/proyectos-de-investigacion\/\"]}]},{\"@type\":\"BreadcrumbList\",\"@id\":\"https:\/\/medicina.udd.cl\/centro-medicina-regenerativa\/que-hacemos\/proyectos-de-investigacion\/#breadcrumb\",\"itemListElement\":[{\"@type\":\"ListItem\",\"position\":1,\"name\":\"Inicio\",\"item\":\"https:\/\/medicina.udd.cl\/centro-medicina-regenerativa\/\"},{\"@type\":\"ListItem\",\"position\":2,\"name\":\"Qu\u00e9 hacemos\",\"item\":\"https:\/\/medicina.udd.cl\/centro-medicina-regenerativa\/que-hacemos\/\"},{\"@type\":\"ListItem\",\"position\":3,\"name\":\"Proyectos de Investigaci\u00f3n\"}]},{\"@type\":\"WebSite\",\"@id\":\"https:\/\/medicina.udd.cl\/centro-medicina-regenerativa\/#website\",\"url\":\"https:\/\/medicina.udd.cl\/centro-medicina-regenerativa\/\",\"name\":\"Centro de Medicina Regenerativa\",\"description\":\"\",\"inLanguage\":\"es\"}]}<\/script>\n<!-- \/ Yoast SEO plugin. -->","yoast_head_json":{"title":"Proyectos de Investigaci\u00f3n - Centro de Medicina Regenerativa","robots":{"index":"index","follow":"follow","max-snippet":"max-snippet:-1","max-image-preview":"max-image-preview:large","max-video-preview":"max-video-preview:-1"},"canonical":"https:\/\/medicina.udd.cl\/centro-medicina-regenerativa\/que-hacemos\/proyectos-de-investigacion\/","og_locale":"es_ES","og_type":"article","og_title":"Proyectos de Investigaci\u00f3n - Centro de Medicina Regenerativa","og_description":"Conoce los proyectos de investigaci\u00f3n vigentes de los investigadores del Centro de Medicina Regenerativa.","og_url":"https:\/\/medicina.udd.cl\/centro-medicina-regenerativa\/que-hacemos\/proyectos-de-investigacion\/","og_site_name":"Centro de Medicina Regenerativa","article_modified_time":"2021-04-14T15:01:25+00:00","twitter_misc":{"Tiempo de lectura":"2 minutos"},"schema":{"@context":"https:\/\/schema.org","@graph":[{"@type":"WebPage","@id":"https:\/\/medicina.udd.cl\/centro-medicina-regenerativa\/que-hacemos\/proyectos-de-investigacion\/","url":"https:\/\/medicina.udd.cl\/centro-medicina-regenerativa\/que-hacemos\/proyectos-de-investigacion\/","name":"Proyectos de Investigaci\u00f3n - Centro de Medicina Regenerativa","isPartOf":{"@id":"https:\/\/medicina.udd.cl\/centro-medicina-regenerativa\/#website"},"datePublished":"2010-06-11T15:04:15+00:00","dateModified":"2021-04-14T15:01:25+00:00","breadcrumb":{"@id":"https:\/\/medicina.udd.cl\/centro-medicina-regenerativa\/que-hacemos\/proyectos-de-investigacion\/#breadcrumb"},"inLanguage":"es","potentialAction":[{"@type":"ReadAction","target":["https:\/\/medicina.udd.cl\/centro-medicina-regenerativa\/que-hacemos\/proyectos-de-investigacion\/"]}]},{"@type":"BreadcrumbList","@id":"https:\/\/medicina.udd.cl\/centro-medicina-regenerativa\/que-hacemos\/proyectos-de-investigacion\/#breadcrumb","itemListElement":[{"@type":"ListItem","position":1,"name":"Inicio","item":"https:\/\/medicina.udd.cl\/centro-medicina-regenerativa\/"},{"@type":"ListItem","position":2,"name":"Qu\u00e9 hacemos","item":"https:\/\/medicina.udd.cl\/centro-medicina-regenerativa\/que-hacemos\/"},{"@type":"ListItem","position":3,"name":"Proyectos de Investigaci\u00f3n"}]},{"@type":"WebSite","@id":"https:\/\/medicina.udd.cl\/centro-medicina-regenerativa\/#website","url":"https:\/\/medicina.udd.cl\/centro-medicina-regenerativa\/","name":"Centro de Medicina Regenerativa","description":"","inLanguage":"es"}]}},"_links":{"self":[{"href":"https:\/\/medicina.udd.cl\/centro-medicina-regenerativa\/wp-json\/wp\/v2\/pages\/117","targetHints":{"allow":["GET"]}}],"collection":[{"href":"https:\/\/medicina.udd.cl\/centro-medicina-regenerativa\/wp-json\/wp\/v2\/pages"}],"about":[{"href":"https:\/\/medicina.udd.cl\/centro-medicina-regenerativa\/wp-json\/wp\/v2\/types\/page"}],"author":[{"embeddable":true,"href":"https:\/\/medicina.udd.cl\/centro-medicina-regenerativa\/wp-json\/wp\/v2\/users\/1"}],"replies":[{"embeddable":true,"href":"https:\/\/medicina.udd.cl\/centro-medicina-regenerativa\/wp-json\/wp\/v2\/comments?post=117"}],"version-history":[{"count":50,"href":"https:\/\/medicina.udd.cl\/centro-medicina-regenerativa\/wp-json\/wp\/v2\/pages\/117\/revisions"}],"predecessor-version":[{"id":3092,"href":"https:\/\/medicina.udd.cl\/centro-medicina-regenerativa\/wp-json\/wp\/v2\/pages\/117\/revisions\/3092"}],"up":[{"embeddable":true,"href":"https:\/\/medicina.udd.cl\/centro-medicina-regenerativa\/wp-json\/wp\/v2\/pages\/114"}],"wp:attachment":[{"href":"https:\/\/medicina.udd.cl\/centro-medicina-regenerativa\/wp-json\/wp\/v2\/media?parent=117"}],"curies":[{"name":"wp","href":"https:\/\/api.w.org\/{rel}","templated":true}]}}