{"id":1316,"date":"2013-11-14T12:56:24","date_gmt":"2013-11-14T15:56:24","guid":{"rendered":"http:\/\/medicina.udd.cl\/instituto-ciencias\/?page_id=1316"},"modified":"2014-04-07T14:17:03","modified_gmt":"2014-04-07T18:17:03","slug":"unidad-analitica","status":"publish","type":"page","link":"https:\/\/medicina.udd.cl\/centro-medicina-regenerativa\/unidad-analitica\/","title":{"rendered":"Unidad Anal\u00edtica"},"content":{"rendered":"<p>Esta unidad tiene a cargo el desarrollo, validaci\u00f3n y aplicaci\u00f3n de m\u00e9todos para el an\u00e1lisis cuantitativo de drogas en fluidos biol\u00f3gicos seg\u00fan normas de regulaci\u00f3n nacionales (ANAMED) e internacionales (FDA).<\/p>\n<p>Est\u00e1 constituida en los laboratorios del Instituto de Ciencias de la Facultad de Medicina Cl\u00ednica Alemana Universidad del Desarrollo y cuenta con recursos humanos y tecnol\u00f3gicos exclusivo para el desempe\u00f1o de las actividades CEBE.<\/p>\n<p style=\"text-align: center;\"><strong>M\u00e9todos validados<\/strong><\/p>\n<p style=\"text-align: center;\"><a href=\"http:\/\/medicina.udd.cl\/centro-medicina-regenerativa\/files\/2013\/11\/Unidad-Anal\u00edtica.jpg\"><img loading=\"lazy\" decoding=\"async\" class=\"alignnone size-medium wp-image-1377\" alt=\"Unidad Anal\u00edtica\" src=\"http:\/\/medicina.udd.cl\/centro-medicina-regenerativa\/files\/2013\/11\/Unidad-Anal\u00edtica-300x295.jpg\" width=\"300\" height=\"295\" srcset=\"https:\/\/medicina.udd.cl\/centro-medicina-regenerativa\/files\/2013\/11\/Unidad-Anal\u00edtica-300x295.jpg 300w, https:\/\/medicina.udd.cl\/centro-medicina-regenerativa\/files\/2013\/11\/Unidad-Anal\u00edtica-62x62.jpg 62w, https:\/\/medicina.udd.cl\/centro-medicina-regenerativa\/files\/2013\/11\/Unidad-Anal\u00edtica.jpg 376w\" sizes=\"auto, (max-width: 300px) 100vw, 300px\" \/><\/a><\/p>\n<div id=\"gallery-1\" class=\"carousel slide carousel-gallery\" data-ride=\"false\" data-interval=\"false\"><div class=\"carousel-inner\" role=\"listbox\"><figure class=\"carousel-item active\"><img loading=\"lazy\" decoding=\"async\" width=\"600\" height=\"450\" src=\"https:\/\/medicina.udd.cl\/centro-medicina-regenerativa\/files\/2013\/11\/Sole-Concentrador1.jpg\" class=\"attachment-landscape_952 size-landscape_952 lazyload\" alt=\"\" sizes=\"auto, (max-width: 600px) 100vw, 600px\" data-src=\"https:\/\/medicina.udd.cl\/centro-medicina-regenerativa\/files\/2013\/11\/Sole-Concentrador1.jpg\" data-srcset=\"https:\/\/medicina.udd.cl\/centro-medicina-regenerativa\/files\/2013\/11\/Sole-Concentrador1.jpg 600w, https:\/\/medicina.udd.cl\/centro-medicina-regenerativa\/files\/2013\/11\/Sole-Concentrador1-300x225.jpg 300w\" \/><\/figure><figure class=\"carousel-item\"><img loading=\"lazy\" decoding=\"async\" width=\"600\" height=\"450\" src=\"https:\/\/medicina.udd.cl\/centro-medicina-regenerativa\/files\/2013\/11\/HPLC-y-Belen2.jpg\" class=\"attachment-landscape_952 size-landscape_952 lazyload\" alt=\"\" sizes=\"auto, (max-width: 600px) 100vw, 600px\" data-src=\"https:\/\/medicina.udd.cl\/centro-medicina-regenerativa\/files\/2013\/11\/HPLC-y-Belen2.jpg\" data-srcset=\"https:\/\/medicina.udd.cl\/centro-medicina-regenerativa\/files\/2013\/11\/HPLC-y-Belen2.jpg 600w, https:\/\/medicina.udd.cl\/centro-medicina-regenerativa\/files\/2013\/11\/HPLC-y-Belen2-300x225.jpg 300w\" \/><\/figure><\/div><footer class=\"carousel-footer\"><div class=\"carousel-counter\"><span class=\"carousel-counter-current\"><\/span> \/ <span class=\"carousel-counter-total\"><\/span><\/div><a class=\"carousel-control-prev\" href=\"#gallery-1\" role=\"button\" data-slide=\"prev\"><svg aria-hidden=\"true\" class=\"svg-chevron-left-dims\"><use xlink:href='https:\/\/medicina.udd.cl\/centro-medicina-regenerativa\/wp-content\/themes\/facultades-2018\/assets\/img\/svg\/dist\/main.svg?version=1695853099#chevron-left'><\/use><\/svg><span class=\"sr-only\">Anterior<\/span><\/a><a class=\"carousel-control-next\" href=\"#gallery-1\" role=\"button\" data-slide=\"next\"><svg aria-hidden=\"true\" class=\"svg-chevron-right-dims\"><use xlink:href='https:\/\/medicina.udd.cl\/centro-medicina-regenerativa\/wp-content\/themes\/facultades-2018\/assets\/img\/svg\/dist\/main.svg?version=1695853099#chevron-right'><\/use><\/svg><span class=\"sr-only\">Siguiente<\/span><\/a><\/footer><\/div>\n<p>&nbsp;<\/p>\n","protected":false},"excerpt":{"rendered":"<p>Esta unidad tiene a cargo el desarrollo, validaci\u00f3n y aplicaci\u00f3n de m\u00e9todos para el an\u00e1lisis cuantitativo de drogas en fluidos biol\u00f3gicos seg\u00fan normas de regulaci\u00f3n nacionales (ANAMED) e internacionales (FDA). Est\u00e1 constituida en los laboratorios del Instituto de Ciencias de la Facultad de Medicina Cl\u00ednica Alemana Universidad del Desarrollo y cuenta con recursos humanos y [&hellip;]<\/p>\n","protected":false},"author":42,"featured_media":0,"parent":0,"menu_order":0,"comment_status":"open","ping_status":"open","template":"","meta":{"footnotes":""},"class_list":["post-1316","page","type-page","status-publish","hentry"],"yoast_head":"<!-- This site is optimized with the Yoast SEO plugin v26.9 - https:\/\/yoast.com\/product\/yoast-seo-wordpress\/ -->\n<title>Unidad Anal\u00edtica - Centro de Medicina Regenerativa<\/title>\n<meta name=\"robots\" content=\"index, follow, max-snippet:-1, max-image-preview:large, max-video-preview:-1\" \/>\n<link rel=\"canonical\" href=\"https:\/\/medicina.udd.cl\/centro-medicina-regenerativa\/unidad-analitica\/\" \/>\n<meta property=\"og:locale\" content=\"es_ES\" \/>\n<meta property=\"og:type\" content=\"article\" \/>\n<meta property=\"og:title\" content=\"Unidad Anal\u00edtica - Centro de Medicina Regenerativa\" \/>\n<meta property=\"og:description\" content=\"Esta unidad tiene a cargo el desarrollo, validaci\u00f3n y aplicaci\u00f3n de m\u00e9todos para el an\u00e1lisis cuantitativo de drogas en fluidos biol\u00f3gicos seg\u00fan normas de regulaci\u00f3n nacionales (ANAMED) e internacionales (FDA). Est\u00e1 constituida en los laboratorios del Instituto de Ciencias de la Facultad de Medicina Cl\u00ednica Alemana Universidad del Desarrollo y cuenta con recursos humanos y [&hellip;]\" \/>\n<meta property=\"og:url\" content=\"https:\/\/medicina.udd.cl\/centro-medicina-regenerativa\/unidad-analitica\/\" \/>\n<meta property=\"og:site_name\" content=\"Centro de Medicina Regenerativa\" \/>\n<meta property=\"article:modified_time\" content=\"2014-04-07T18:17:03+00:00\" \/>\n<meta property=\"og:image\" content=\"https:\/\/medicina.udd.cl\/centro-medicina-regenerativa\/files\/2013\/11\/Sole-Concentrador1.jpg\" \/>\n<script type=\"application\/ld+json\" class=\"yoast-schema-graph\">{\"@context\":\"https:\/\/schema.org\",\"@graph\":[{\"@type\":\"WebPage\",\"@id\":\"https:\/\/medicina.udd.cl\/centro-medicina-regenerativa\/unidad-analitica\/\",\"url\":\"https:\/\/medicina.udd.cl\/centro-medicina-regenerativa\/unidad-analitica\/\",\"name\":\"Unidad Anal\u00edtica - Centro de Medicina Regenerativa\",\"isPartOf\":{\"@id\":\"https:\/\/medicina.udd.cl\/centro-medicina-regenerativa\/#website\"},\"datePublished\":\"2013-11-14T15:56:24+00:00\",\"dateModified\":\"2014-04-07T18:17:03+00:00\",\"breadcrumb\":{\"@id\":\"https:\/\/medicina.udd.cl\/centro-medicina-regenerativa\/unidad-analitica\/#breadcrumb\"},\"inLanguage\":\"es\",\"potentialAction\":[{\"@type\":\"ReadAction\",\"target\":[\"https:\/\/medicina.udd.cl\/centro-medicina-regenerativa\/unidad-analitica\/\"]}]},{\"@type\":\"BreadcrumbList\",\"@id\":\"https:\/\/medicina.udd.cl\/centro-medicina-regenerativa\/unidad-analitica\/#breadcrumb\",\"itemListElement\":[{\"@type\":\"ListItem\",\"position\":1,\"name\":\"Inicio\",\"item\":\"https:\/\/medicina.udd.cl\/centro-medicina-regenerativa\/\"},{\"@type\":\"ListItem\",\"position\":2,\"name\":\"Unidad Anal\u00edtica\"}]},{\"@type\":\"WebSite\",\"@id\":\"https:\/\/medicina.udd.cl\/centro-medicina-regenerativa\/#website\",\"url\":\"https:\/\/medicina.udd.cl\/centro-medicina-regenerativa\/\",\"name\":\"Centro de Medicina Regenerativa\",\"description\":\"\",\"inLanguage\":\"es\"}]}<\/script>\n<!-- \/ Yoast SEO plugin. -->","yoast_head_json":{"title":"Unidad Anal\u00edtica - Centro de Medicina Regenerativa","robots":{"index":"index","follow":"follow","max-snippet":"max-snippet:-1","max-image-preview":"max-image-preview:large","max-video-preview":"max-video-preview:-1"},"canonical":"https:\/\/medicina.udd.cl\/centro-medicina-regenerativa\/unidad-analitica\/","og_locale":"es_ES","og_type":"article","og_title":"Unidad Anal\u00edtica - Centro de Medicina Regenerativa","og_description":"Esta unidad tiene a cargo el desarrollo, validaci\u00f3n y aplicaci\u00f3n de m\u00e9todos para el an\u00e1lisis cuantitativo de drogas en fluidos biol\u00f3gicos seg\u00fan normas de regulaci\u00f3n nacionales (ANAMED) e internacionales (FDA). Est\u00e1 constituida en los laboratorios del Instituto de Ciencias de la Facultad de Medicina Cl\u00ednica Alemana Universidad del Desarrollo y cuenta con recursos humanos y [&hellip;]","og_url":"https:\/\/medicina.udd.cl\/centro-medicina-regenerativa\/unidad-analitica\/","og_site_name":"Centro de Medicina Regenerativa","article_modified_time":"2014-04-07T18:17:03+00:00","og_image":[{"url":"https:\/\/medicina.udd.cl\/centro-medicina-regenerativa\/files\/2013\/11\/Sole-Concentrador1.jpg","type":"","width":"","height":""}],"schema":{"@context":"https:\/\/schema.org","@graph":[{"@type":"WebPage","@id":"https:\/\/medicina.udd.cl\/centro-medicina-regenerativa\/unidad-analitica\/","url":"https:\/\/medicina.udd.cl\/centro-medicina-regenerativa\/unidad-analitica\/","name":"Unidad Anal\u00edtica - Centro de Medicina Regenerativa","isPartOf":{"@id":"https:\/\/medicina.udd.cl\/centro-medicina-regenerativa\/#website"},"datePublished":"2013-11-14T15:56:24+00:00","dateModified":"2014-04-07T18:17:03+00:00","breadcrumb":{"@id":"https:\/\/medicina.udd.cl\/centro-medicina-regenerativa\/unidad-analitica\/#breadcrumb"},"inLanguage":"es","potentialAction":[{"@type":"ReadAction","target":["https:\/\/medicina.udd.cl\/centro-medicina-regenerativa\/unidad-analitica\/"]}]},{"@type":"BreadcrumbList","@id":"https:\/\/medicina.udd.cl\/centro-medicina-regenerativa\/unidad-analitica\/#breadcrumb","itemListElement":[{"@type":"ListItem","position":1,"name":"Inicio","item":"https:\/\/medicina.udd.cl\/centro-medicina-regenerativa\/"},{"@type":"ListItem","position":2,"name":"Unidad Anal\u00edtica"}]},{"@type":"WebSite","@id":"https:\/\/medicina.udd.cl\/centro-medicina-regenerativa\/#website","url":"https:\/\/medicina.udd.cl\/centro-medicina-regenerativa\/","name":"Centro de Medicina Regenerativa","description":"","inLanguage":"es"}]}},"_links":{"self":[{"href":"https:\/\/medicina.udd.cl\/centro-medicina-regenerativa\/wp-json\/wp\/v2\/pages\/1316","targetHints":{"allow":["GET"]}}],"collection":[{"href":"https:\/\/medicina.udd.cl\/centro-medicina-regenerativa\/wp-json\/wp\/v2\/pages"}],"about":[{"href":"https:\/\/medicina.udd.cl\/centro-medicina-regenerativa\/wp-json\/wp\/v2\/types\/page"}],"author":[{"embeddable":true,"href":"https:\/\/medicina.udd.cl\/centro-medicina-regenerativa\/wp-json\/wp\/v2\/users\/42"}],"replies":[{"embeddable":true,"href":"https:\/\/medicina.udd.cl\/centro-medicina-regenerativa\/wp-json\/wp\/v2\/comments?post=1316"}],"version-history":[{"count":13,"href":"https:\/\/medicina.udd.cl\/centro-medicina-regenerativa\/wp-json\/wp\/v2\/pages\/1316\/revisions"}],"predecessor-version":[{"id":1325,"href":"https:\/\/medicina.udd.cl\/centro-medicina-regenerativa\/wp-json\/wp\/v2\/pages\/1316\/revisions\/1325"}],"wp:attachment":[{"href":"https:\/\/medicina.udd.cl\/centro-medicina-regenerativa\/wp-json\/wp\/v2\/media?parent=1316"}],"curies":[{"name":"wp","href":"https:\/\/api.w.org\/{rel}","templated":true}]}}