{"id":1343,"date":"2013-11-14T16:23:14","date_gmt":"2013-11-14T19:23:14","guid":{"rendered":"http:\/\/medicina.udd.cl\/instituto-ciencias\/?page_id=1343"},"modified":"2013-11-21T10:54:57","modified_gmt":"2013-11-21T13:54:57","slug":"unidad-clinica","status":"publish","type":"page","link":"https:\/\/medicina.udd.cl\/centro-medicina-regenerativa\/unidad-clinica\/","title":{"rendered":"Unidad Cl\u00ednica"},"content":{"rendered":"<p>EL CEBE desarrolla la Etapa Cl\u00ednica de sus estudios en el Hospital Padre Alberto Hurtado; centro asistencial ministerial acreditado por la Superintendencia de Salud del gobierno de Chile.<\/p>\n<p>Sus recursos humanos y de infraestructura, su experiencia y trayectoria m\u00e9dico-asistencial y su vinculaci\u00f3n docente con la Facultad de Medicina Cl\u00ednica Alemana Universidad del Desarrollo desde el a\u00f1o 2001, brindan al CEBE una s\u00f3lida plataforma de desarrollo en los aspectos del quehacer cient\u00edfico-cl\u00ednico de sus estudios de investigaci\u00f3n.<\/p>\n<div id=\"gallery-1\" class=\"carousel slide carousel-gallery\" data-ride=\"false\" data-interval=\"false\"><div class=\"carousel-inner\" role=\"listbox\"><figure class=\"carousel-item active\"><img loading=\"lazy\" decoding=\"async\" width=\"675\" height=\"450\" src=\"https:\/\/medicina.udd.cl\/centro-medicina-regenerativa\/files\/2013\/11\/hospital-HPH.jpg\" class=\"attachment-landscape_952 size-landscape_952 lazyload\" alt=\"\" sizes=\"auto, (max-width: 675px) 100vw, 675px\" data-src=\"https:\/\/medicina.udd.cl\/centro-medicina-regenerativa\/files\/2013\/11\/hospital-HPH.jpg\" data-srcset=\"https:\/\/medicina.udd.cl\/centro-medicina-regenerativa\/files\/2013\/11\/hospital-HPH.jpg 675w, https:\/\/medicina.udd.cl\/centro-medicina-regenerativa\/files\/2013\/11\/hospital-HPH-300x200.jpg 300w\" \/><\/figure><figure class=\"carousel-item\"><img loading=\"lazy\" decoding=\"async\" width=\"600\" height=\"450\" src=\"https:\/\/medicina.udd.cl\/centro-medicina-regenerativa\/files\/2013\/11\/Unidad-Cl\u00ednica-1.jpg\" class=\"attachment-landscape_952 size-landscape_952 lazyload\" alt=\"\" sizes=\"auto, (max-width: 600px) 100vw, 600px\" data-src=\"https:\/\/medicina.udd.cl\/centro-medicina-regenerativa\/files\/2013\/11\/Unidad-Cl\u00ednica-1.jpg\" data-srcset=\"https:\/\/medicina.udd.cl\/centro-medicina-regenerativa\/files\/2013\/11\/Unidad-Cl\u00ednica-1.jpg 600w, https:\/\/medicina.udd.cl\/centro-medicina-regenerativa\/files\/2013\/11\/Unidad-Cl\u00ednica-1-300x225.jpg 300w\" \/><\/figure><figure class=\"carousel-item\"><img loading=\"lazy\" decoding=\"async\" width=\"600\" height=\"450\" src=\"https:\/\/medicina.udd.cl\/centro-medicina-regenerativa\/files\/2013\/11\/Unidad-Cl\u00ednica.jpg\" class=\"attachment-landscape_952 size-landscape_952 lazyload\" alt=\"\" sizes=\"auto, (max-width: 600px) 100vw, 600px\" data-src=\"https:\/\/medicina.udd.cl\/centro-medicina-regenerativa\/files\/2013\/11\/Unidad-Cl\u00ednica.jpg\" data-srcset=\"https:\/\/medicina.udd.cl\/centro-medicina-regenerativa\/files\/2013\/11\/Unidad-Cl\u00ednica.jpg 600w, https:\/\/medicina.udd.cl\/centro-medicina-regenerativa\/files\/2013\/11\/Unidad-Cl\u00ednica-300x225.jpg 300w\" \/><\/figure><figure class=\"carousel-item\"><img loading=\"lazy\" decoding=\"async\" width=\"489\" height=\"450\" src=\"https:\/\/medicina.udd.cl\/centro-medicina-regenerativa\/files\/2013\/11\/Unidad-Cl\u00ednica-2.jpg\" class=\"attachment-landscape_952 size-landscape_952 lazyload\" alt=\"\" sizes=\"auto, (max-width: 489px) 100vw, 489px\" data-src=\"https:\/\/medicina.udd.cl\/centro-medicina-regenerativa\/files\/2013\/11\/Unidad-Cl\u00ednica-2.jpg\" data-srcset=\"https:\/\/medicina.udd.cl\/centro-medicina-regenerativa\/files\/2013\/11\/Unidad-Cl\u00ednica-2.jpg 489w, https:\/\/medicina.udd.cl\/centro-medicina-regenerativa\/files\/2013\/11\/Unidad-Cl\u00ednica-2-300x276.jpg 300w\" \/><\/figure><figure class=\"carousel-item\"><img loading=\"lazy\" decoding=\"async\" width=\"401\" height=\"534\" src=\"https:\/\/medicina.udd.cl\/centro-medicina-regenerativa\/files\/2013\/11\/Unidad-Cl\u00ednica-3.jpg\" class=\"attachment-landscape_952 size-landscape_952 lazyload\" alt=\"\" sizes=\"auto, (max-width: 401px) 100vw, 401px\" data-src=\"https:\/\/medicina.udd.cl\/centro-medicina-regenerativa\/files\/2013\/11\/Unidad-Cl\u00ednica-3.jpg\" data-srcset=\"https:\/\/medicina.udd.cl\/centro-medicina-regenerativa\/files\/2013\/11\/Unidad-Cl\u00ednica-3.jpg 450w, https:\/\/medicina.udd.cl\/centro-medicina-regenerativa\/files\/2013\/11\/Unidad-Cl\u00ednica-3-225x300.jpg 225w\" \/><\/figure><figure class=\"carousel-item\"><img loading=\"lazy\" decoding=\"async\" width=\"539\" height=\"450\" src=\"https:\/\/medicina.udd.cl\/centro-medicina-regenerativa\/files\/2013\/11\/sala-HPH.jpg\" class=\"attachment-landscape_952 size-landscape_952 lazyload\" alt=\"\" sizes=\"auto, (max-width: 539px) 100vw, 539px\" data-src=\"https:\/\/medicina.udd.cl\/centro-medicina-regenerativa\/files\/2013\/11\/sala-HPH.jpg\" data-srcset=\"https:\/\/medicina.udd.cl\/centro-medicina-regenerativa\/files\/2013\/11\/sala-HPH.jpg 539w, https:\/\/medicina.udd.cl\/centro-medicina-regenerativa\/files\/2013\/11\/sala-HPH-300x250.jpg 300w\" \/><\/figure><\/div><footer class=\"carousel-footer\"><div class=\"carousel-counter\"><span class=\"carousel-counter-current\"><\/span> \/ <span class=\"carousel-counter-total\"><\/span><\/div><a class=\"carousel-control-prev\" href=\"#gallery-1\" role=\"button\" data-slide=\"prev\"><svg aria-hidden=\"true\" class=\"svg-chevron-left-dims\"><use xlink:href='https:\/\/medicina.udd.cl\/centro-medicina-regenerativa\/wp-content\/themes\/facultades-2018\/assets\/img\/svg\/dist\/main.svg?version=1695853099#chevron-left'><\/use><\/svg><span class=\"sr-only\">Anterior<\/span><\/a><a class=\"carousel-control-next\" href=\"#gallery-1\" role=\"button\" data-slide=\"next\"><svg aria-hidden=\"true\" class=\"svg-chevron-right-dims\"><use xlink:href='https:\/\/medicina.udd.cl\/centro-medicina-regenerativa\/wp-content\/themes\/facultades-2018\/assets\/img\/svg\/dist\/main.svg?version=1695853099#chevron-right'><\/use><\/svg><span class=\"sr-only\">Siguiente<\/span><\/a><\/footer><\/div>\n","protected":false},"excerpt":{"rendered":"<p>EL CEBE desarrolla la Etapa Cl\u00ednica de sus estudios en el Hospital Padre Alberto Hurtado; centro asistencial ministerial acreditado por la Superintendencia de Salud del gobierno de Chile. Sus recursos humanos y de infraestructura, su experiencia y trayectoria m\u00e9dico-asistencial y su vinculaci\u00f3n docente con la Facultad de Medicina Cl\u00ednica Alemana Universidad del Desarrollo desde el [&hellip;]<\/p>\n","protected":false},"author":42,"featured_media":0,"parent":0,"menu_order":0,"comment_status":"open","ping_status":"open","template":"","meta":{"footnotes":""},"class_list":["post-1343","page","type-page","status-publish","hentry"],"yoast_head":"<!-- This site is optimized with the Yoast SEO plugin v26.9 - https:\/\/yoast.com\/product\/yoast-seo-wordpress\/ -->\n<title>Unidad Cl\u00ednica - Centro de Medicina Regenerativa<\/title>\n<meta name=\"robots\" content=\"index, follow, max-snippet:-1, max-image-preview:large, max-video-preview:-1\" \/>\n<link rel=\"canonical\" href=\"https:\/\/medicina.udd.cl\/centro-medicina-regenerativa\/unidad-clinica\/\" \/>\n<meta property=\"og:locale\" content=\"es_ES\" \/>\n<meta property=\"og:type\" content=\"article\" \/>\n<meta property=\"og:title\" content=\"Unidad Cl\u00ednica - Centro de Medicina Regenerativa\" \/>\n<meta property=\"og:description\" content=\"EL CEBE desarrolla la Etapa Cl\u00ednica de sus estudios en el Hospital Padre Alberto Hurtado; centro asistencial ministerial acreditado por la Superintendencia de Salud del gobierno de Chile. Sus recursos humanos y de infraestructura, su experiencia y trayectoria m\u00e9dico-asistencial y su vinculaci\u00f3n docente con la Facultad de Medicina Cl\u00ednica Alemana Universidad del Desarrollo desde el [&hellip;]\" \/>\n<meta property=\"og:url\" content=\"https:\/\/medicina.udd.cl\/centro-medicina-regenerativa\/unidad-clinica\/\" \/>\n<meta property=\"og:site_name\" content=\"Centro de Medicina Regenerativa\" \/>\n<meta property=\"article:modified_time\" content=\"2013-11-21T13:54:57+00:00\" \/>\n<meta property=\"og:image\" content=\"https:\/\/medicina.udd.cl\/centro-medicina-regenerativa\/files\/2013\/11\/hospital-HPH.jpg\" \/>\n<script type=\"application\/ld+json\" class=\"yoast-schema-graph\">{\"@context\":\"https:\/\/schema.org\",\"@graph\":[{\"@type\":\"WebPage\",\"@id\":\"https:\/\/medicina.udd.cl\/centro-medicina-regenerativa\/unidad-clinica\/\",\"url\":\"https:\/\/medicina.udd.cl\/centro-medicina-regenerativa\/unidad-clinica\/\",\"name\":\"Unidad Cl\u00ednica - Centro de Medicina Regenerativa\",\"isPartOf\":{\"@id\":\"https:\/\/medicina.udd.cl\/centro-medicina-regenerativa\/#website\"},\"datePublished\":\"2013-11-14T19:23:14+00:00\",\"dateModified\":\"2013-11-21T13:54:57+00:00\",\"breadcrumb\":{\"@id\":\"https:\/\/medicina.udd.cl\/centro-medicina-regenerativa\/unidad-clinica\/#breadcrumb\"},\"inLanguage\":\"es\",\"potentialAction\":[{\"@type\":\"ReadAction\",\"target\":[\"https:\/\/medicina.udd.cl\/centro-medicina-regenerativa\/unidad-clinica\/\"]}]},{\"@type\":\"BreadcrumbList\",\"@id\":\"https:\/\/medicina.udd.cl\/centro-medicina-regenerativa\/unidad-clinica\/#breadcrumb\",\"itemListElement\":[{\"@type\":\"ListItem\",\"position\":1,\"name\":\"Inicio\",\"item\":\"https:\/\/medicina.udd.cl\/centro-medicina-regenerativa\/\"},{\"@type\":\"ListItem\",\"position\":2,\"name\":\"Unidad Cl\u00ednica\"}]},{\"@type\":\"WebSite\",\"@id\":\"https:\/\/medicina.udd.cl\/centro-medicina-regenerativa\/#website\",\"url\":\"https:\/\/medicina.udd.cl\/centro-medicina-regenerativa\/\",\"name\":\"Centro de Medicina Regenerativa\",\"description\":\"\",\"inLanguage\":\"es\"}]}<\/script>\n<!-- \/ Yoast SEO plugin. -->","yoast_head_json":{"title":"Unidad Cl\u00ednica - Centro de Medicina Regenerativa","robots":{"index":"index","follow":"follow","max-snippet":"max-snippet:-1","max-image-preview":"max-image-preview:large","max-video-preview":"max-video-preview:-1"},"canonical":"https:\/\/medicina.udd.cl\/centro-medicina-regenerativa\/unidad-clinica\/","og_locale":"es_ES","og_type":"article","og_title":"Unidad Cl\u00ednica - Centro de Medicina Regenerativa","og_description":"EL CEBE desarrolla la Etapa Cl\u00ednica de sus estudios en el Hospital Padre Alberto Hurtado; centro asistencial ministerial acreditado por la Superintendencia de Salud del gobierno de Chile. Sus recursos humanos y de infraestructura, su experiencia y trayectoria m\u00e9dico-asistencial y su vinculaci\u00f3n docente con la Facultad de Medicina Cl\u00ednica Alemana Universidad del Desarrollo desde el [&hellip;]","og_url":"https:\/\/medicina.udd.cl\/centro-medicina-regenerativa\/unidad-clinica\/","og_site_name":"Centro de Medicina Regenerativa","article_modified_time":"2013-11-21T13:54:57+00:00","og_image":[{"url":"https:\/\/medicina.udd.cl\/centro-medicina-regenerativa\/files\/2013\/11\/hospital-HPH.jpg","type":"","width":"","height":""}],"schema":{"@context":"https:\/\/schema.org","@graph":[{"@type":"WebPage","@id":"https:\/\/medicina.udd.cl\/centro-medicina-regenerativa\/unidad-clinica\/","url":"https:\/\/medicina.udd.cl\/centro-medicina-regenerativa\/unidad-clinica\/","name":"Unidad Cl\u00ednica - Centro de Medicina Regenerativa","isPartOf":{"@id":"https:\/\/medicina.udd.cl\/centro-medicina-regenerativa\/#website"},"datePublished":"2013-11-14T19:23:14+00:00","dateModified":"2013-11-21T13:54:57+00:00","breadcrumb":{"@id":"https:\/\/medicina.udd.cl\/centro-medicina-regenerativa\/unidad-clinica\/#breadcrumb"},"inLanguage":"es","potentialAction":[{"@type":"ReadAction","target":["https:\/\/medicina.udd.cl\/centro-medicina-regenerativa\/unidad-clinica\/"]}]},{"@type":"BreadcrumbList","@id":"https:\/\/medicina.udd.cl\/centro-medicina-regenerativa\/unidad-clinica\/#breadcrumb","itemListElement":[{"@type":"ListItem","position":1,"name":"Inicio","item":"https:\/\/medicina.udd.cl\/centro-medicina-regenerativa\/"},{"@type":"ListItem","position":2,"name":"Unidad Cl\u00ednica"}]},{"@type":"WebSite","@id":"https:\/\/medicina.udd.cl\/centro-medicina-regenerativa\/#website","url":"https:\/\/medicina.udd.cl\/centro-medicina-regenerativa\/","name":"Centro de Medicina Regenerativa","description":"","inLanguage":"es"}]}},"_links":{"self":[{"href":"https:\/\/medicina.udd.cl\/centro-medicina-regenerativa\/wp-json\/wp\/v2\/pages\/1343","targetHints":{"allow":["GET"]}}],"collection":[{"href":"https:\/\/medicina.udd.cl\/centro-medicina-regenerativa\/wp-json\/wp\/v2\/pages"}],"about":[{"href":"https:\/\/medicina.udd.cl\/centro-medicina-regenerativa\/wp-json\/wp\/v2\/types\/page"}],"author":[{"embeddable":true,"href":"https:\/\/medicina.udd.cl\/centro-medicina-regenerativa\/wp-json\/wp\/v2\/users\/42"}],"replies":[{"embeddable":true,"href":"https:\/\/medicina.udd.cl\/centro-medicina-regenerativa\/wp-json\/wp\/v2\/comments?post=1343"}],"version-history":[{"count":4,"href":"https:\/\/medicina.udd.cl\/centro-medicina-regenerativa\/wp-json\/wp\/v2\/pages\/1343\/revisions"}],"predecessor-version":[{"id":1353,"href":"https:\/\/medicina.udd.cl\/centro-medicina-regenerativa\/wp-json\/wp\/v2\/pages\/1343\/revisions\/1353"}],"wp:attachment":[{"href":"https:\/\/medicina.udd.cl\/centro-medicina-regenerativa\/wp-json\/wp\/v2\/media?parent=1343"}],"curies":[{"name":"wp","href":"https:\/\/api.w.org\/{rel}","templated":true}]}}