{"id":189,"date":"2010-07-12T11:31:02","date_gmt":"2010-07-12T15:31:02","guid":{"rendered":"http:\/\/medicina.udd.cl\/instituto-ciencias\/diabetes-la-epidemia-del-nuevo-milenio\/"},"modified":"2010-08-18T17:52:48","modified_gmt":"2010-08-18T21:52:48","slug":"diabetes-la-epidemia-del-nuevo-milenio","status":"publish","type":"page","link":"https:\/\/medicina.udd.cl\/centro-medicina-regenerativa\/diabetes-la-epidemia-del-nuevo-milenio\/","title":{"rendered":"Diabetes: La epidemia del nuevo milenio"},"content":{"rendered":"<p>Por: Dr. Marcelo Ezquer<br \/>\n13 de septiembre de 2006<\/p>\n<p style=\"text-align: justify\">El pr\u00f3ximo 14 de noviembre se conmemora el d\u00eda mundial de la diabetes, creado en 1991 como un medio para aumentar la concientizaci\u00f3n global sobre la diabetes, y dirigir la atenci\u00f3n hacia las causas, s\u00edntomas, complicaciones y tratamientos de esta grave enfermedad que se encuentra en marcado aumento en todo el mundo.<\/p>\n<p style=\"text-align: justify\">La diabetes se clasifica en 2 tipos principales:<\/p>\n<p style=\"text-align: justify\">Tipo I: ocurre cuando el p\u00e1ncreas no produce insulina o lo hace en niveles muy bajos, esta hormona es necesaria para la incorporaci\u00f3n de glucosa en las c\u00e9lulas (y convertir los alimentos en energ\u00eda); por lo que las personas con este tipo de diabetes necesitan administrarse insulina regularmente. Esta enfermedad generalmente se desarrolla en personas j\u00f3venes, menores de 25 a\u00f1os.<\/p>\n<p style=\"text-align: justify\">Tipo II: representa el 90% de los casos de diabetes, y se caracteriza por el desarrollo de una marcada resistencia a la insulina, acompa\u00f1ada de una insuficiente producci\u00f3n de insulina.<\/p>\n<p style=\"text-align: justify\">Otra forma de diabetes, es la que se conoce como diabetes gestacional; algunas mujeres embarazadas desarrollan esta enfermedad que se caracterizan por la resistencia que el cuerpo presenta a la insulina. Aunque esta diabetes generalmente desaparece despu\u00e9s de dar a luz, la mitad de las mujeres que han tenido este tipo de diabetes desarrollar\u00e1n diabetes tipo II en los a\u00f1os siguientes.<\/p>\n<p style=\"text-align: justify\">La diabetes tipo II ha alcanzado proporciones epid\u00e9micas en muchas naciones en v\u00edas de desarrollo y en la mayor\u00eda de las naciones desarrolladas; los c\u00e1lculos m\u00e1s conservadores pronostican que para el a\u00f1o 2025, 333 millones de personas se ver\u00e1n afectadas por esta enfermedad; si bien se prev\u00e9 que el aumento tenga lugar en todas las naciones, los pa\u00edses en v\u00edas de desarrollo ser\u00e1n los mas afectados; lo que convierte a esta enfermedad en una de las principales amenazas para la salud humana en el siglo XXI.<\/p>\n<p style=\"text-align: justify\">Hasta hace poco tiempo se consideraba la diabetes tipo II como una enfermedad exclusiva de la madurez; sin embargo, su aparici\u00f3n es cada ves m\u00e1s frecuente entre personas de 20-30 a\u00f1os, y lo que es peor a\u00fan, la epidemia tiene una nueva caracter\u00edstica: la preocupante aparici\u00f3n de diabetes tipo II en ni\u00f1os y adolescentes. Este desarrollo precoz de la diabetes constituye un grave problema de salud p\u00fablica ya que adelanta la aparici\u00f3n de la amplia gama de complicaciones micro y\/o macrovasculares asociadas a la enfermedad entre las que se incluyen la ceguera, falla renal, amputaci\u00f3n de miembros inferiores y muerte por enfermedades cardiovasculares.<\/p>\n<p style=\"text-align: justify\">En el mundo, anualmente se invierten millones de d\u00f3lares en investigaci\u00f3n, destinados tanto a mejorar la calidad de vida de los pacientes (estudios de las complicaciones asociadas a la diabetes), como a encontrar la cura para la enfermedad; en la actualidad las alternativas m\u00e1s prometedoras son el transplante de islotes, la terapia g\u00e9nica, y la formaci\u00f3n o regeneraci\u00f3n de c\u00e9lulas beta.<\/p>\n<p style=\"text-align: justify\">En nuestra Universidad, en el Instituto de Ciencias de la Facultad de Medicina se estudia la aplicaci\u00f3n de la medicina regenerativa, basada en el uso de c\u00e9lulas troncales adultas, para el tratamiento definitivo de la diabetes y sus complicaciones.<\/p>\n<p style=\"text-align: justify\">Por otra parte, se ha demostrado que un estilo de vida sedentario (asociado a la obesidad y falta de ejercicio) y la diabetes tipo II est\u00e1n estrechamente vinculados por lo que el riesgo de desarrollar esta enfermedad se puede reducir dram\u00e1ticamente mediante modificaciones en el estilo de vida, independientemente del componente gen\u00e9tico.<\/p>\n<p style=\"text-align: justify\">En este sentido, en Chile, en los \u00faltimos a\u00f1os se ha triplicado el n\u00famero de ni\u00f1os con obesidad infantil, casi el 30% de los ni\u00f1os en edad escolar son obesos y, por lo tanto, tienen 10 veces m\u00e1s probabilidades de desarrollar esta enfermedad y sus complicaciones; el problema no s\u00f3lo es consecuencia de una alimentaci\u00f3n inadecuada, sino que, en gran medida, de la escasa actividad f\u00edsica que se realiza diariamente. Esta es una tendencia mundial, especialmente en pa\u00edses desarrollados como EEUU.<\/p>\n<p style=\"text-align: justify\">Por lo tanto la mejor estrategia (y con mejor relaci\u00f3n costo\/beneficio) para frenar la diabetes tipo II consiste en realizar campa\u00f1as de educaci\u00f3n masivas que desarrollen h\u00e1bitos saludables en una etapa temprana; especialmente destinadas a modificar el estilo de vida y las situaciones socio ambientales de riesgo como obesidad, sedentarismo y consumo de medicamentos diabetog\u00e9nicos (corticoides etc.); as\u00ed como una correcta educaci\u00f3n de los pacientes ya afectados para lograr un control metab\u00f3lico \u00f3ptimo, con el fin de prevenir o retardar la aparici\u00f3n de complicaciones.<\/p>\n","protected":false},"excerpt":{"rendered":"<p>El pr\u00f3ximo 14 de noviembre se conmemora el d\u00eda mundial de la diabetes, creado en 1991 como un medio para aumentar la concientizaci\u00f3n global sobre la diabetes, y dirigir la atenci\u00f3n hacia las causas, s\u00edntomas, complicaciones y tratamientos de esta grave enfermedad que se encuentra en marcado aumento en todo el mundo.<\/p>\n","protected":false},"author":1,"featured_media":0,"parent":0,"menu_order":0,"comment_status":"open","ping_status":"open","template":"","meta":{"footnotes":""},"class_list":["post-189","page","type-page","status-publish","hentry"],"yoast_head":"<!-- This site is optimized with the Yoast SEO plugin v26.9 - https:\/\/yoast.com\/product\/yoast-seo-wordpress\/ -->\n<title>Diabetes: La epidemia del nuevo milenio - Centro de Medicina Regenerativa<\/title>\n<meta name=\"robots\" content=\"index, follow, max-snippet:-1, max-image-preview:large, max-video-preview:-1\" \/>\n<link rel=\"canonical\" href=\"https:\/\/medicina.udd.cl\/centro-medicina-regenerativa\/diabetes-la-epidemia-del-nuevo-milenio\/\" \/>\n<meta property=\"og:locale\" content=\"es_ES\" \/>\n<meta property=\"og:type\" content=\"article\" \/>\n<meta property=\"og:title\" content=\"Diabetes: La epidemia del nuevo milenio - Centro de Medicina Regenerativa\" \/>\n<meta property=\"og:description\" content=\"El pr\u00f3ximo 14 de noviembre se conmemora el d\u00eda mundial de la diabetes, creado en 1991 como un medio para aumentar la concientizaci\u00f3n global sobre la diabetes, y dirigir la atenci\u00f3n hacia las causas, s\u00edntomas, complicaciones y tratamientos de esta grave enfermedad que se encuentra en marcado aumento en todo el mundo.\" \/>\n<meta property=\"og:url\" content=\"https:\/\/medicina.udd.cl\/centro-medicina-regenerativa\/diabetes-la-epidemia-del-nuevo-milenio\/\" \/>\n<meta property=\"og:site_name\" content=\"Centro de Medicina Regenerativa\" \/>\n<meta property=\"article:modified_time\" content=\"2010-08-18T21:52:48+00:00\" \/>\n<meta name=\"twitter:label1\" content=\"Tiempo de lectura\" \/>\n\t<meta name=\"twitter:data1\" content=\"4 minutos\" \/>\n<script type=\"application\/ld+json\" class=\"yoast-schema-graph\">{\"@context\":\"https:\/\/schema.org\",\"@graph\":[{\"@type\":\"WebPage\",\"@id\":\"https:\/\/medicina.udd.cl\/centro-medicina-regenerativa\/diabetes-la-epidemia-del-nuevo-milenio\/\",\"url\":\"https:\/\/medicina.udd.cl\/centro-medicina-regenerativa\/diabetes-la-epidemia-del-nuevo-milenio\/\",\"name\":\"Diabetes: La epidemia del nuevo milenio - Centro de Medicina Regenerativa\",\"isPartOf\":{\"@id\":\"https:\/\/medicina.udd.cl\/centro-medicina-regenerativa\/#website\"},\"datePublished\":\"2010-07-12T15:31:02+00:00\",\"dateModified\":\"2010-08-18T21:52:48+00:00\",\"breadcrumb\":{\"@id\":\"https:\/\/medicina.udd.cl\/centro-medicina-regenerativa\/diabetes-la-epidemia-del-nuevo-milenio\/#breadcrumb\"},\"inLanguage\":\"es\",\"potentialAction\":[{\"@type\":\"ReadAction\",\"target\":[\"https:\/\/medicina.udd.cl\/centro-medicina-regenerativa\/diabetes-la-epidemia-del-nuevo-milenio\/\"]}]},{\"@type\":\"BreadcrumbList\",\"@id\":\"https:\/\/medicina.udd.cl\/centro-medicina-regenerativa\/diabetes-la-epidemia-del-nuevo-milenio\/#breadcrumb\",\"itemListElement\":[{\"@type\":\"ListItem\",\"position\":1,\"name\":\"Inicio\",\"item\":\"https:\/\/medicina.udd.cl\/centro-medicina-regenerativa\/\"},{\"@type\":\"ListItem\",\"position\":2,\"name\":\"Diabetes: La epidemia del nuevo milenio\"}]},{\"@type\":\"WebSite\",\"@id\":\"https:\/\/medicina.udd.cl\/centro-medicina-regenerativa\/#website\",\"url\":\"https:\/\/medicina.udd.cl\/centro-medicina-regenerativa\/\",\"name\":\"Centro de Medicina Regenerativa\",\"description\":\"\",\"inLanguage\":\"es\"}]}<\/script>\n<!-- \/ Yoast SEO plugin. -->","yoast_head_json":{"title":"Diabetes: La epidemia del nuevo milenio - Centro de Medicina Regenerativa","robots":{"index":"index","follow":"follow","max-snippet":"max-snippet:-1","max-image-preview":"max-image-preview:large","max-video-preview":"max-video-preview:-1"},"canonical":"https:\/\/medicina.udd.cl\/centro-medicina-regenerativa\/diabetes-la-epidemia-del-nuevo-milenio\/","og_locale":"es_ES","og_type":"article","og_title":"Diabetes: La epidemia del nuevo milenio - Centro de Medicina Regenerativa","og_description":"El pr\u00f3ximo 14 de noviembre se conmemora el d\u00eda mundial de la diabetes, creado en 1991 como un medio para aumentar la concientizaci\u00f3n global sobre la diabetes, y dirigir la atenci\u00f3n hacia las causas, s\u00edntomas, complicaciones y tratamientos de esta grave enfermedad que se encuentra en marcado aumento en todo el mundo.","og_url":"https:\/\/medicina.udd.cl\/centro-medicina-regenerativa\/diabetes-la-epidemia-del-nuevo-milenio\/","og_site_name":"Centro de Medicina Regenerativa","article_modified_time":"2010-08-18T21:52:48+00:00","twitter_misc":{"Tiempo de lectura":"4 minutos"},"schema":{"@context":"https:\/\/schema.org","@graph":[{"@type":"WebPage","@id":"https:\/\/medicina.udd.cl\/centro-medicina-regenerativa\/diabetes-la-epidemia-del-nuevo-milenio\/","url":"https:\/\/medicina.udd.cl\/centro-medicina-regenerativa\/diabetes-la-epidemia-del-nuevo-milenio\/","name":"Diabetes: La epidemia del nuevo milenio - Centro de Medicina Regenerativa","isPartOf":{"@id":"https:\/\/medicina.udd.cl\/centro-medicina-regenerativa\/#website"},"datePublished":"2010-07-12T15:31:02+00:00","dateModified":"2010-08-18T21:52:48+00:00","breadcrumb":{"@id":"https:\/\/medicina.udd.cl\/centro-medicina-regenerativa\/diabetes-la-epidemia-del-nuevo-milenio\/#breadcrumb"},"inLanguage":"es","potentialAction":[{"@type":"ReadAction","target":["https:\/\/medicina.udd.cl\/centro-medicina-regenerativa\/diabetes-la-epidemia-del-nuevo-milenio\/"]}]},{"@type":"BreadcrumbList","@id":"https:\/\/medicina.udd.cl\/centro-medicina-regenerativa\/diabetes-la-epidemia-del-nuevo-milenio\/#breadcrumb","itemListElement":[{"@type":"ListItem","position":1,"name":"Inicio","item":"https:\/\/medicina.udd.cl\/centro-medicina-regenerativa\/"},{"@type":"ListItem","position":2,"name":"Diabetes: La epidemia del nuevo milenio"}]},{"@type":"WebSite","@id":"https:\/\/medicina.udd.cl\/centro-medicina-regenerativa\/#website","url":"https:\/\/medicina.udd.cl\/centro-medicina-regenerativa\/","name":"Centro de Medicina Regenerativa","description":"","inLanguage":"es"}]}},"_links":{"self":[{"href":"https:\/\/medicina.udd.cl\/centro-medicina-regenerativa\/wp-json\/wp\/v2\/pages\/189","targetHints":{"allow":["GET"]}}],"collection":[{"href":"https:\/\/medicina.udd.cl\/centro-medicina-regenerativa\/wp-json\/wp\/v2\/pages"}],"about":[{"href":"https:\/\/medicina.udd.cl\/centro-medicina-regenerativa\/wp-json\/wp\/v2\/types\/page"}],"author":[{"embeddable":true,"href":"https:\/\/medicina.udd.cl\/centro-medicina-regenerativa\/wp-json\/wp\/v2\/users\/1"}],"replies":[{"embeddable":true,"href":"https:\/\/medicina.udd.cl\/centro-medicina-regenerativa\/wp-json\/wp\/v2\/comments?post=189"}],"version-history":[{"count":2,"href":"https:\/\/medicina.udd.cl\/centro-medicina-regenerativa\/wp-json\/wp\/v2\/pages\/189\/revisions"}],"predecessor-version":[{"id":250,"href":"https:\/\/medicina.udd.cl\/centro-medicina-regenerativa\/wp-json\/wp\/v2\/pages\/189\/revisions\/250"}],"wp:attachment":[{"href":"https:\/\/medicina.udd.cl\/centro-medicina-regenerativa\/wp-json\/wp\/v2\/media?parent=189"}],"curies":[{"name":"wp","href":"https:\/\/api.w.org\/{rel}","templated":true}]}}