{"id":191,"date":"2010-07-12T11:37:58","date_gmt":"2010-07-12T15:37:58","guid":{"rendered":"http:\/\/medicina.udd.cl\/instituto-ciencias\/tratamiento-del-parkinson-%c2%bfuna-mejor-terapia-o-un-mejor-diagnostico\/"},"modified":"2010-07-12T11:37:58","modified_gmt":"2010-07-12T15:37:58","slug":"tratamiento-del-parkinson-%c2%bfuna-mejor-terapia-o-un-mejor-diagnostico","status":"publish","type":"page","link":"https:\/\/medicina.udd.cl\/centro-medicina-regenerativa\/tratamiento-del-parkinson-%c2%bfuna-mejor-terapia-o-un-mejor-diagnostico\/","title":{"rendered":"Tratamiento del Parkinson: \u00bfuna mejor terapia o un mejor diagn\u00f3stico?"},"content":{"rendered":"<p>Por: Dr. Francisco Javier Rubio<br \/>\n20 de\u00a0marzo 2007<\/p>\n<p style=\"text-align: justify\">Normalmente, un temblor de manos lo asociamos con s\u00edntomas de Parkinson. Sin embargo, este diagn\u00f3stico simple que est\u00e1 errado. Los s\u00edntomas parkinsonianos iniciales son la rigidez muscular y la dificultad en los movimientos. Los temblores aparecen mucho m\u00e1s tarde, y a consecuencia de un largo tratamiento farmacol\u00f3gico se ven aumentados. Si miramos a un nivel celular, la enfermedad de Parkinson es una enfermedad cr\u00f3nica y progresiva que est\u00e1 causada por la muerte de unas neuronas localizadas en una parte espec\u00edfica del cerebro, la sustancia negra (SN); en la SN se encuentran las neuronas dopamin\u00e9rgicas, que emiten proyecciones hacia el estriado, donde liberan dopamina (DA). Ambas regiones regulan la se\u00f1al que sale del cerebro para realizar cualquier movimiento voluntario. De un total en el cerebro de 100.000 millones de neuronas, apenas la muerte de un 0,0002% (200.000 neuronas) puede provocar los s\u00edntomas de la enfermedad.<\/p>\n<p style=\"text-align: justify\">La terapia farmacol\u00f3gica trata de compensar el defecto de DA en el estriado administrando L-dopa, el precursor directo de la DA. Aunque inicialmente funciona muy bien desapareciendo o disminuyendo los s\u00edntomas, a mediano plazo la L-dopa disminuye la rigidez muscular, tambi\u00e9n provoca la aparici\u00f3n de movimientos involuntarios y desordenados que empeoran con el tiempo. En esta enfermedad existe una amplia investigaci\u00f3n en conseguir reemplazar la DA perdida mediante trasplante de c\u00e9lulas (terapia celular). \u00bfPor qu\u00e9 el Parkinson es una enfermedad indicada para ser tratada mediante un trasplante celular? Debido a que la regi\u00f3n del cerebro afectada est\u00e1 muy bien definida, es posible inyectar c\u00e9lulas localmente en el estriado o en la SN. Sin embargo, trasplantar c\u00e9lulas no es como trasplantar un \u00f3rgano completo. Las c\u00e9lulas individuales deben establecer conexiones, en el caso de las neuronas, con las c\u00e9lulas adecuadas. En este sentido, las llamadas \u201cc\u00e9lulas madre adultas\u201d como las que provienen de la m\u00e9dula \u00f3sea pueden tener una ventaja debido a su funci\u00f3n reparadora en respuesta a un da\u00f1o, pudiendo as\u00ed generar c\u00e9lulas espec\u00edficas que est\u00e1n muriendo, como las neuronas dopamin\u00e9rgicas en un cerebro de un enfermo de Parkinson.<\/p>\n<p style=\"text-align: justify\">Dado que la enfermedad de Parkinson se diagnostica cl\u00ednicamente, y sabiendo que con solo un 20% de neuronas dopamin\u00e9rgicas vivas un individuo puede no tener ning\u00fan s\u00edntoma aparente, existe un \u201cper\u00edodo fantasma\u201d en la enfermedad en el que las neuronas siguen muriendo, sin que el futuro paciente sea consciente de ello. Adem\u00e1s al no existir un test estandarizado para el diagn\u00f3stico, el 25% de los pacientes tratados como enfermos de Parkinson, en realidad tienen otra patolog\u00eda. Por lo tanto, un diagn\u00f3stico certero y temprano (antes de la aparici\u00f3n de las deficiencias motoras), ser\u00eda un gran complemento para una terapia efectiva (farmacol\u00f3gica o celular). Actualmente se pueden detectar en modelos animales de la enfermedad de Parkinson p\u00e9rdida de neuronas dopamin\u00e9rgicas in vivo mediante an\u00e1lisis de im\u00e1genes por resonancia magn\u00e9tica. Pero, pensando en aplicar esto a la poblaci\u00f3n en general \u00bfqui\u00e9n estar\u00eda indicado para hacerse este tipo de ex\u00e1men si a\u00fan no presenta s\u00edntomas? Aunque hay numerosas causas que podr\u00edan producir la muerte de las neuronas de la SN, el envejecimiento es uno de los factores m\u00e1s importantes. Lo ideal pudiera ser el que a partir de los 65 a\u00f1os, edad en la que aumenta su incidencia a m\u00e1s de 1%, una persona pudiera realizarse 1 vez al a\u00f1o este tipo de examen, al igual que se hace un examen para ver los niveles de colesterol o de az\u00facar en la sangre. De esta manera, la administraci\u00f3n de L-dopa o el trasplante de c\u00e9lulas en ese periodo asintom\u00e1tico podr\u00eda evitar la aparci\u00f3n de los s\u00edntomas, o si no, alargar la aparici\u00f3n de estos.<\/p>\n","protected":false},"excerpt":{"rendered":"<p>Por: Dr. Francisco Javier Rubio 20 de\u00a0marzo 2007 Normalmente, un temblor de manos lo asociamos con s\u00edntomas de Parkinson. Sin embargo, este diagn\u00f3stico simple que est\u00e1 errado. Los s\u00edntomas parkinsonianos iniciales son la rigidez muscular y la dificultad en los movimientos. Los temblores aparecen mucho m\u00e1s tarde, y a consecuencia de un largo tratamiento farmacol\u00f3gico [&hellip;]<\/p>\n","protected":false},"author":1,"featured_media":0,"parent":0,"menu_order":0,"comment_status":"open","ping_status":"open","template":"","meta":{"footnotes":""},"class_list":["post-191","page","type-page","status-publish","hentry"],"yoast_head":"<!-- This site is optimized with the Yoast SEO plugin v26.9 - https:\/\/yoast.com\/product\/yoast-seo-wordpress\/ -->\n<title>Tratamiento del Parkinson: \u00bfuna mejor terapia o un mejor diagn\u00f3stico? - Centro de Medicina Regenerativa<\/title>\n<meta name=\"robots\" content=\"index, follow, max-snippet:-1, max-image-preview:large, max-video-preview:-1\" \/>\n<link rel=\"canonical\" href=\"https:\/\/medicina.udd.cl\/centro-medicina-regenerativa\/tratamiento-del-parkinson-\u00bfuna-mejor-terapia-o-un-mejor-diagnostico\/\" \/>\n<meta property=\"og:locale\" content=\"es_ES\" \/>\n<meta property=\"og:type\" content=\"article\" \/>\n<meta property=\"og:title\" content=\"Tratamiento del Parkinson: \u00bfuna mejor terapia o un mejor diagn\u00f3stico? - Centro de Medicina Regenerativa\" \/>\n<meta property=\"og:description\" content=\"Por: Dr. Francisco Javier Rubio 20 de\u00a0marzo 2007 Normalmente, un temblor de manos lo asociamos con s\u00edntomas de Parkinson. Sin embargo, este diagn\u00f3stico simple que est\u00e1 errado. Los s\u00edntomas parkinsonianos iniciales son la rigidez muscular y la dificultad en los movimientos. Los temblores aparecen mucho m\u00e1s tarde, y a consecuencia de un largo tratamiento farmacol\u00f3gico [&hellip;]\" \/>\n<meta property=\"og:url\" content=\"https:\/\/medicina.udd.cl\/centro-medicina-regenerativa\/tratamiento-del-parkinson-\u00bfuna-mejor-terapia-o-un-mejor-diagnostico\/\" \/>\n<meta property=\"og:site_name\" content=\"Centro de Medicina Regenerativa\" \/>\n<meta name=\"twitter:label1\" content=\"Tiempo de lectura\" \/>\n\t<meta name=\"twitter:data1\" content=\"3 minutos\" \/>\n<script type=\"application\/ld+json\" class=\"yoast-schema-graph\">{\"@context\":\"https:\/\/schema.org\",\"@graph\":[{\"@type\":\"WebPage\",\"@id\":\"https:\/\/medicina.udd.cl\/centro-medicina-regenerativa\/tratamiento-del-parkinson-%c2%bfuna-mejor-terapia-o-un-mejor-diagnostico\/\",\"url\":\"https:\/\/medicina.udd.cl\/centro-medicina-regenerativa\/tratamiento-del-parkinson-%c2%bfuna-mejor-terapia-o-un-mejor-diagnostico\/\",\"name\":\"Tratamiento del Parkinson: \u00bfuna mejor terapia o un mejor diagn\u00f3stico? - Centro de Medicina Regenerativa\",\"isPartOf\":{\"@id\":\"https:\/\/medicina.udd.cl\/centro-medicina-regenerativa\/#website\"},\"datePublished\":\"2010-07-12T15:37:58+00:00\",\"breadcrumb\":{\"@id\":\"https:\/\/medicina.udd.cl\/centro-medicina-regenerativa\/tratamiento-del-parkinson-%c2%bfuna-mejor-terapia-o-un-mejor-diagnostico\/#breadcrumb\"},\"inLanguage\":\"es\",\"potentialAction\":[{\"@type\":\"ReadAction\",\"target\":[\"https:\/\/medicina.udd.cl\/centro-medicina-regenerativa\/tratamiento-del-parkinson-%c2%bfuna-mejor-terapia-o-un-mejor-diagnostico\/\"]}]},{\"@type\":\"BreadcrumbList\",\"@id\":\"https:\/\/medicina.udd.cl\/centro-medicina-regenerativa\/tratamiento-del-parkinson-%c2%bfuna-mejor-terapia-o-un-mejor-diagnostico\/#breadcrumb\",\"itemListElement\":[{\"@type\":\"ListItem\",\"position\":1,\"name\":\"Inicio\",\"item\":\"https:\/\/medicina.udd.cl\/centro-medicina-regenerativa\/\"},{\"@type\":\"ListItem\",\"position\":2,\"name\":\"Tratamiento del Parkinson: \u00bfuna mejor terapia o un mejor diagn\u00f3stico?\"}]},{\"@type\":\"WebSite\",\"@id\":\"https:\/\/medicina.udd.cl\/centro-medicina-regenerativa\/#website\",\"url\":\"https:\/\/medicina.udd.cl\/centro-medicina-regenerativa\/\",\"name\":\"Centro de Medicina Regenerativa\",\"description\":\"\",\"inLanguage\":\"es\"}]}<\/script>\n<!-- \/ Yoast SEO plugin. -->","yoast_head_json":{"title":"Tratamiento del Parkinson: \u00bfuna mejor terapia o un mejor diagn\u00f3stico? - Centro de Medicina Regenerativa","robots":{"index":"index","follow":"follow","max-snippet":"max-snippet:-1","max-image-preview":"max-image-preview:large","max-video-preview":"max-video-preview:-1"},"canonical":"https:\/\/medicina.udd.cl\/centro-medicina-regenerativa\/tratamiento-del-parkinson-\u00bfuna-mejor-terapia-o-un-mejor-diagnostico\/","og_locale":"es_ES","og_type":"article","og_title":"Tratamiento del Parkinson: \u00bfuna mejor terapia o un mejor diagn\u00f3stico? - Centro de Medicina Regenerativa","og_description":"Por: Dr. Francisco Javier Rubio 20 de\u00a0marzo 2007 Normalmente, un temblor de manos lo asociamos con s\u00edntomas de Parkinson. Sin embargo, este diagn\u00f3stico simple que est\u00e1 errado. Los s\u00edntomas parkinsonianos iniciales son la rigidez muscular y la dificultad en los movimientos. Los temblores aparecen mucho m\u00e1s tarde, y a consecuencia de un largo tratamiento farmacol\u00f3gico [&hellip;]","og_url":"https:\/\/medicina.udd.cl\/centro-medicina-regenerativa\/tratamiento-del-parkinson-\u00bfuna-mejor-terapia-o-un-mejor-diagnostico\/","og_site_name":"Centro de Medicina Regenerativa","twitter_misc":{"Tiempo de lectura":"3 minutos"},"schema":{"@context":"https:\/\/schema.org","@graph":[{"@type":"WebPage","@id":"https:\/\/medicina.udd.cl\/centro-medicina-regenerativa\/tratamiento-del-parkinson-%c2%bfuna-mejor-terapia-o-un-mejor-diagnostico\/","url":"https:\/\/medicina.udd.cl\/centro-medicina-regenerativa\/tratamiento-del-parkinson-%c2%bfuna-mejor-terapia-o-un-mejor-diagnostico\/","name":"Tratamiento del Parkinson: \u00bfuna mejor terapia o un mejor diagn\u00f3stico? - Centro de Medicina Regenerativa","isPartOf":{"@id":"https:\/\/medicina.udd.cl\/centro-medicina-regenerativa\/#website"},"datePublished":"2010-07-12T15:37:58+00:00","breadcrumb":{"@id":"https:\/\/medicina.udd.cl\/centro-medicina-regenerativa\/tratamiento-del-parkinson-%c2%bfuna-mejor-terapia-o-un-mejor-diagnostico\/#breadcrumb"},"inLanguage":"es","potentialAction":[{"@type":"ReadAction","target":["https:\/\/medicina.udd.cl\/centro-medicina-regenerativa\/tratamiento-del-parkinson-%c2%bfuna-mejor-terapia-o-un-mejor-diagnostico\/"]}]},{"@type":"BreadcrumbList","@id":"https:\/\/medicina.udd.cl\/centro-medicina-regenerativa\/tratamiento-del-parkinson-%c2%bfuna-mejor-terapia-o-un-mejor-diagnostico\/#breadcrumb","itemListElement":[{"@type":"ListItem","position":1,"name":"Inicio","item":"https:\/\/medicina.udd.cl\/centro-medicina-regenerativa\/"},{"@type":"ListItem","position":2,"name":"Tratamiento del Parkinson: \u00bfuna mejor terapia o un mejor diagn\u00f3stico?"}]},{"@type":"WebSite","@id":"https:\/\/medicina.udd.cl\/centro-medicina-regenerativa\/#website","url":"https:\/\/medicina.udd.cl\/centro-medicina-regenerativa\/","name":"Centro de Medicina Regenerativa","description":"","inLanguage":"es"}]}},"_links":{"self":[{"href":"https:\/\/medicina.udd.cl\/centro-medicina-regenerativa\/wp-json\/wp\/v2\/pages\/191","targetHints":{"allow":["GET"]}}],"collection":[{"href":"https:\/\/medicina.udd.cl\/centro-medicina-regenerativa\/wp-json\/wp\/v2\/pages"}],"about":[{"href":"https:\/\/medicina.udd.cl\/centro-medicina-regenerativa\/wp-json\/wp\/v2\/types\/page"}],"author":[{"embeddable":true,"href":"https:\/\/medicina.udd.cl\/centro-medicina-regenerativa\/wp-json\/wp\/v2\/users\/1"}],"replies":[{"embeddable":true,"href":"https:\/\/medicina.udd.cl\/centro-medicina-regenerativa\/wp-json\/wp\/v2\/comments?post=191"}],"version-history":[{"count":0,"href":"https:\/\/medicina.udd.cl\/centro-medicina-regenerativa\/wp-json\/wp\/v2\/pages\/191\/revisions"}],"wp:attachment":[{"href":"https:\/\/medicina.udd.cl\/centro-medicina-regenerativa\/wp-json\/wp\/v2\/media?parent=191"}],"curies":[{"name":"wp","href":"https:\/\/api.w.org\/{rel}","templated":true}]}}