{"id":2053,"date":"2014-10-21T13:20:29","date_gmt":"2014-10-21T16:20:29","guid":{"rendered":"http:\/\/medicina.udd.cl\/centro-medicina-regenerativa\/?page_id=2053"},"modified":"2022-02-24T16:44:58","modified_gmt":"2022-02-24T19:44:58","slug":"investigacion","status":"publish","type":"page","link":"https:\/\/medicina.udd.cl\/centro-medicina-regenerativa\/que-hacemos\/investigacion\/","title":{"rendered":"Investigaci\u00f3n"},"content":{"rendered":"<section class=\"wp-block-udd-featured-link wp-block-udd-featured-link--align-right\">\n\t<div class=\"container\">\n\t\t<div class=\"featured-link\">\n\t\t\t\t\t\t<div class=\"featured-link__media\">\n\t\t\t<a href=\"\" data-url=\"\">\n\t\t\t\t\t<img loading=\"lazy\" decoding=\"async\" width=\"680\" height=\"382\" src=\"https:\/\/medicina.udd.cl\/centro-medicina-regenerativa\/files\/2022\/02\/Captura-de-pantalla-2022-02-24-a-las-16.24.01-1-680x382.png\" class=\"featured-link__media-image lazyload\" alt=\"\" sizes=\"auto, (max-width: 680px) 100vw, 680px\" data-src=\"https:\/\/medicina.udd.cl\/centro-medicina-regenerativa\/files\/2022\/02\/Captura-de-pantalla-2022-02-24-a-las-16.24.01-1-680x382.png\" data-srcset=\"https:\/\/medicina.udd.cl\/centro-medicina-regenerativa\/files\/2022\/02\/Captura-de-pantalla-2022-02-24-a-las-16.24.01-1-680x382.png 680w, https:\/\/medicina.udd.cl\/centro-medicina-regenerativa\/files\/2022\/02\/Captura-de-pantalla-2022-02-24-a-las-16.24.01-1-1920x1080.png 1920w, https:\/\/medicina.udd.cl\/centro-medicina-regenerativa\/files\/2022\/02\/Captura-de-pantalla-2022-02-24-a-las-16.24.01-1-1366x768.png 1366w, https:\/\/medicina.udd.cl\/centro-medicina-regenerativa\/files\/2022\/02\/Captura-de-pantalla-2022-02-24-a-las-16.24.01-1-952x534.png 952w\" \/>\t\t\t\t<\/a>\n\t\t\t<\/div>\n\t\t\t\t\t\t<div class=\"featured-link__content\">\n\t\t\t\t\t\t\t\t\t\t\t\t\t\t\t\t\t\t\t\t<p style=\"font-size:22px\">Los profesionales del Centro de Medicina Regenerativa han centrado sus l\u00edneas de investigaci\u00f3n en desarrollar terapias para enfermedades de alto impacto social. \u00c9stas pueden ser condiciones degenerativas por causas gen\u00e9ticas, por factores ambientales e incluso por accidentes laborales o producto de lesiones deportivas.<\/p>\n\t\t\t\t\t\t\t\t\t\t\t<\/div>\n\t\t<\/div>\n\t<\/div>\n<\/section>\n\n\n<!-- WP Block: UDD - Cards Alternate -->\n<section class=\"wp-block-udd-cards\" style=\"--udd-blocks-has-columns-number: 3\">\n\t<div class=\"container\">\n\t\t\t\t\t<header class=\"header__innerblock block__header\">\n\t\t\t<h2 class=\"block__title\">principales \u00e1reas de trabajo <\/h2>\n\t\n\t\n\t<\/header>\n\t\t\t\t<div class=\"block__content\">\n\t\t\t<div class=\"cards\">\n\t\t\t\t\t\t\t\t\t\t\t\t\t\t\t\t\t<div class=\"card-wrapper\">\n\t\t\t\t\t\t<div class=\"card\">\n\t\t\t\t\t\t\t<h3 class=\"card__title\">Medicina Regenerativa<\/h3>\n\t\t\t\t\t\t\t\t\t\t\t\t\t\t<div class=\"card__description\">\n\t\t\t\t\t\t\t\t<p>Desarrollo de estrategias terap\u00e9uticas a nivel pre-cl\u00ednico\/cl\u00ednico basadas principalmente en el uso de c\u00e9lulas madre mesenquim\u00e1ticas o sus derivados, para el tratamiento de diversas patolog\u00edas, como adicciones, diabetes mellitus y sus complicaciones; alteraciones hep\u00e1ticas y epidermolisis bullosa. Participaci\u00f3n activa en el desarrollo de normativas nacionales que regulen el uso cl\u00ednico de las c\u00e9lulas madre.<\/p>\n\t\t\t\t\t\t\t<\/div>\n\t\t\t\t\t\t\t\t\t\t\t\t\t<\/div>\n\t\t\t\t\t<\/div>\n\t\t\t\t\t\t\t\t\t\t\t\t\t\t\t\t\t\t\t\t\t<div class=\"card-wrapper\">\n\t\t\t\t\t\t<div class=\"card\">\n\t\t\t\t\t\t\t<h3 class=\"card__title\">Desarrollos Biotecnol\u00f3gicos<\/h3>\n\t\t\t\t\t\t\t\t\t\t\t\t\t\t<div class=\"card__description\">\n\t\t\t\t\t\t\t\t<p>desarrollar y ofrecer productos que permitan resolver necesidades actuales de la sociedad en \u00e1reas de la salud o industria: biof\u00e1rmaco para el tratamiento del alcoholismo; marcador temprano del desarrollo de carcinoma oral; sistema de administraci\u00f3n d\u00e9rmica para el tratamiento de heridas complejas; composici\u00f3n biocida para el control de plagas que afectan a la abeja mel\u00edfera; utilizaci\u00f3n de dispositivos de cobre como agente acaricida.<\/p>\n\t\t\t\t\t\t\t<\/div>\n\t\t\t\t\t\t\t\t\t\t\t\t\t<\/div>\n\t\t\t\t\t<\/div>\n\t\t\t\t\t\t\t\t\t\t\t\t\t\t\t\t\t\t\t\t\t<div class=\"card-wrapper\">\n\t\t\t\t\t\t<div class=\"card\">\n\t\t\t\t\t\t\t<h3 class=\"card__title\">Plataforma para la producci\u00f3n de C\u00e9lulas Pluripotentes Inducidas (iPS)<\/h3>\n\t\t\t\t\t\t\t\t\t\t\t\t\t\t<div class=\"card__description\">\n\t\t\t\t\t\t\t\t<p>primera plataforma nacional para la producci\u00f3n de iPS utilizadas en el modelado de enfermedades y la evaluaci\u00f3n de f\u00e1rmacos.<\/p>\n\t\t\t\t\t\t\t<\/div>\n\t\t\t\t\t\t\t\t\t\t\t\t\t<\/div>\n\t\t\t\t\t<\/div>\n\t\t\t\t\t\t\t\t\t\t<\/div>\n\t\t<\/div>\n\t<\/div>\n<\/section>\n\n\n\n<p><\/p>\n","protected":false},"excerpt":{"rendered":"","protected":false},"author":42,"featured_media":0,"parent":114,"menu_order":0,"comment_status":"open","ping_status":"open","template":"","meta":{"footnotes":""},"class_list":["post-2053","page","type-page","status-publish","hentry"],"yoast_head":"<!-- This site is optimized with the Yoast SEO plugin v26.9 - https:\/\/yoast.com\/product\/yoast-seo-wordpress\/ -->\n<title>Investigaci\u00f3n - Centro de Medicina Regenerativa<\/title>\n<meta name=\"robots\" content=\"index, follow, max-snippet:-1, max-image-preview:large, max-video-preview:-1\" \/>\n<link rel=\"canonical\" href=\"https:\/\/medicina.udd.cl\/centro-medicina-regenerativa\/que-hacemos\/investigacion\/\" \/>\n<meta property=\"og:locale\" content=\"es_ES\" \/>\n<meta property=\"og:type\" content=\"article\" \/>\n<meta property=\"og:title\" content=\"Investigaci\u00f3n - Centro de Medicina Regenerativa\" \/>\n<meta property=\"og:url\" content=\"https:\/\/medicina.udd.cl\/centro-medicina-regenerativa\/que-hacemos\/investigacion\/\" \/>\n<meta property=\"og:site_name\" content=\"Centro de Medicina Regenerativa\" \/>\n<meta property=\"article:modified_time\" content=\"2022-02-24T19:44:58+00:00\" \/>\n<script type=\"application\/ld+json\" class=\"yoast-schema-graph\">{\"@context\":\"https:\/\/schema.org\",\"@graph\":[{\"@type\":\"WebPage\",\"@id\":\"https:\/\/medicina.udd.cl\/centro-medicina-regenerativa\/que-hacemos\/investigacion\/\",\"url\":\"https:\/\/medicina.udd.cl\/centro-medicina-regenerativa\/que-hacemos\/investigacion\/\",\"name\":\"Investigaci\u00f3n - Centro de Medicina Regenerativa\",\"isPartOf\":{\"@id\":\"https:\/\/medicina.udd.cl\/centro-medicina-regenerativa\/#website\"},\"datePublished\":\"2014-10-21T16:20:29+00:00\",\"dateModified\":\"2022-02-24T19:44:58+00:00\",\"breadcrumb\":{\"@id\":\"https:\/\/medicina.udd.cl\/centro-medicina-regenerativa\/que-hacemos\/investigacion\/#breadcrumb\"},\"inLanguage\":\"es\",\"potentialAction\":[{\"@type\":\"ReadAction\",\"target\":[\"https:\/\/medicina.udd.cl\/centro-medicina-regenerativa\/que-hacemos\/investigacion\/\"]}]},{\"@type\":\"BreadcrumbList\",\"@id\":\"https:\/\/medicina.udd.cl\/centro-medicina-regenerativa\/que-hacemos\/investigacion\/#breadcrumb\",\"itemListElement\":[{\"@type\":\"ListItem\",\"position\":1,\"name\":\"Inicio\",\"item\":\"https:\/\/medicina.udd.cl\/centro-medicina-regenerativa\/\"},{\"@type\":\"ListItem\",\"position\":2,\"name\":\"Qu\u00e9 hacemos\",\"item\":\"https:\/\/medicina.udd.cl\/centro-medicina-regenerativa\/que-hacemos\/\"},{\"@type\":\"ListItem\",\"position\":3,\"name\":\"Investigaci\u00f3n\"}]},{\"@type\":\"WebSite\",\"@id\":\"https:\/\/medicina.udd.cl\/centro-medicina-regenerativa\/#website\",\"url\":\"https:\/\/medicina.udd.cl\/centro-medicina-regenerativa\/\",\"name\":\"Centro de Medicina Regenerativa\",\"description\":\"\",\"inLanguage\":\"es\"}]}<\/script>\n<!-- \/ Yoast SEO plugin. -->","yoast_head_json":{"title":"Investigaci\u00f3n - Centro de Medicina Regenerativa","robots":{"index":"index","follow":"follow","max-snippet":"max-snippet:-1","max-image-preview":"max-image-preview:large","max-video-preview":"max-video-preview:-1"},"canonical":"https:\/\/medicina.udd.cl\/centro-medicina-regenerativa\/que-hacemos\/investigacion\/","og_locale":"es_ES","og_type":"article","og_title":"Investigaci\u00f3n - Centro de Medicina Regenerativa","og_url":"https:\/\/medicina.udd.cl\/centro-medicina-regenerativa\/que-hacemos\/investigacion\/","og_site_name":"Centro de Medicina Regenerativa","article_modified_time":"2022-02-24T19:44:58+00:00","schema":{"@context":"https:\/\/schema.org","@graph":[{"@type":"WebPage","@id":"https:\/\/medicina.udd.cl\/centro-medicina-regenerativa\/que-hacemos\/investigacion\/","url":"https:\/\/medicina.udd.cl\/centro-medicina-regenerativa\/que-hacemos\/investigacion\/","name":"Investigaci\u00f3n - Centro de Medicina Regenerativa","isPartOf":{"@id":"https:\/\/medicina.udd.cl\/centro-medicina-regenerativa\/#website"},"datePublished":"2014-10-21T16:20:29+00:00","dateModified":"2022-02-24T19:44:58+00:00","breadcrumb":{"@id":"https:\/\/medicina.udd.cl\/centro-medicina-regenerativa\/que-hacemos\/investigacion\/#breadcrumb"},"inLanguage":"es","potentialAction":[{"@type":"ReadAction","target":["https:\/\/medicina.udd.cl\/centro-medicina-regenerativa\/que-hacemos\/investigacion\/"]}]},{"@type":"BreadcrumbList","@id":"https:\/\/medicina.udd.cl\/centro-medicina-regenerativa\/que-hacemos\/investigacion\/#breadcrumb","itemListElement":[{"@type":"ListItem","position":1,"name":"Inicio","item":"https:\/\/medicina.udd.cl\/centro-medicina-regenerativa\/"},{"@type":"ListItem","position":2,"name":"Qu\u00e9 hacemos","item":"https:\/\/medicina.udd.cl\/centro-medicina-regenerativa\/que-hacemos\/"},{"@type":"ListItem","position":3,"name":"Investigaci\u00f3n"}]},{"@type":"WebSite","@id":"https:\/\/medicina.udd.cl\/centro-medicina-regenerativa\/#website","url":"https:\/\/medicina.udd.cl\/centro-medicina-regenerativa\/","name":"Centro de Medicina Regenerativa","description":"","inLanguage":"es"}]}},"_links":{"self":[{"href":"https:\/\/medicina.udd.cl\/centro-medicina-regenerativa\/wp-json\/wp\/v2\/pages\/2053","targetHints":{"allow":["GET"]}}],"collection":[{"href":"https:\/\/medicina.udd.cl\/centro-medicina-regenerativa\/wp-json\/wp\/v2\/pages"}],"about":[{"href":"https:\/\/medicina.udd.cl\/centro-medicina-regenerativa\/wp-json\/wp\/v2\/types\/page"}],"author":[{"embeddable":true,"href":"https:\/\/medicina.udd.cl\/centro-medicina-regenerativa\/wp-json\/wp\/v2\/users\/42"}],"replies":[{"embeddable":true,"href":"https:\/\/medicina.udd.cl\/centro-medicina-regenerativa\/wp-json\/wp\/v2\/comments?post=2053"}],"version-history":[{"count":40,"href":"https:\/\/medicina.udd.cl\/centro-medicina-regenerativa\/wp-json\/wp\/v2\/pages\/2053\/revisions"}],"predecessor-version":[{"id":3202,"href":"https:\/\/medicina.udd.cl\/centro-medicina-regenerativa\/wp-json\/wp\/v2\/pages\/2053\/revisions\/3202"}],"up":[{"embeddable":true,"href":"https:\/\/medicina.udd.cl\/centro-medicina-regenerativa\/wp-json\/wp\/v2\/pages\/114"}],"wp:attachment":[{"href":"https:\/\/medicina.udd.cl\/centro-medicina-regenerativa\/wp-json\/wp\/v2\/media?parent=2053"}],"curies":[{"name":"wp","href":"https:\/\/api.w.org\/{rel}","templated":true}]}}